{"id":4462,"date":"2023-01-24T17:27:42","date_gmt":"2023-01-24T16:27:42","guid":{"rendered":"https:\/\/crocjeux.com\/?post_type=product&#038;p=4462"},"modified":"2023-01-31T15:12:15","modified_gmt":"2023-01-31T14:12:15","slug":"codenames-quebec","status":"publish","type":"product","link":"https:\/\/crocjeux.com\/index.php\/produit\/codenames-quebec\/","title":{"rendered":"Codenames Qu\u00e9bec"},"content":{"rendered":"<h2>Codenames, un jeu d&rsquo;ambiance et d&rsquo;espionnage, oui, mais au Qu\u00e9bec !<\/h2>\n<div>Codenames Quebec\u00a0 est un jeu d\u2019association d\u2019id\u00e9es pour 2 \u00e0 8 joueurs (voire plus !) dans lequel, r\u00e9partis en deux \u00e9quipes, vous incarnez soit un ma\u00eetre-espion, soit un agent en mission. Pour retrouver sous quel nom de code se cachent vos informateurs, \u00e9coutez bien les indices donn\u00e9s par les deux Ma\u00eetres-Espions et prenez garde \u00e0 ne pas contacter un informateur ennemi, ou pire\u2026 le redoutable assassin !<\/div>\n<div><\/div>\n<div>Les deux Ma\u00eetres-Espions connaissent l\u2019identit\u00e9 des 25 Informateurs sur la table, mais leurs Agents, eux, ne voient que leur Nom de Code. Les \u00e9quipes rivalisent d\u2019ing\u00e9niosit\u00e9 pour \u00eatre les premiers \u00e0 prendre contact avec tous leurs Informateurs. Pour cela, les Ma\u00eetres-Espions donnent un et un seul mot d\u2019indice pouvant d\u00e9signer plusieurs Noms de Code sur la table. Leurs Agents essayent, d\u00e8s lors, de deviner les Noms de Code de leur couleur et d\u2019\u00e9viter ceux de l\u2019autre \u00e9quipe. Et par dessus tout, tout le monde veut \u00e9viter l\u2019Assassin !<\/div>\n<div><\/div>\n<div>La premi\u00e8re \u00e9quipe qui identifie tous ses Informateurs gagne la partie.<\/div>\n<div>\n<h2><\/h2>\n<h2>Codenames Quebec : encore plus d&rsquo;associations d&rsquo;id\u00e9es ?<\/h2>\n<div><\/div>\n<div>Selon que vous connaissiez plus ou moins bien les particularit\u00e9s du fran\u00e7ais parl\u00e9 au Quebec, les associations d&rsquo;id\u00e9es peuvent devenir de plus en plus dr\u00f4les, complexes, \u00e0 tiroirs, \u00e0 double ou triple sens. En tout cas, ce seront des des fous rires garantis !<\/div>\n<div><\/div>\n<div>Dans Codenames, les joueurs devront rester sur leurs gardes \u00e0 chaque minute de la partie. Les faux-pas sont fr\u00e9quents et chaque erreur peut \u00eatre fatale aux \u00e9quipes. L&rsquo;int\u00e9r\u00eat du jeu repose sur le sens multiple des mots. Les ma\u00eetres-espions devront bien choisir leurs indices et veiller \u00e0 ne pas prendre trop de risques avec l&rsquo;assassin;<\/div>\n<div><\/div>\n<div>Et pour corser encore davantage la mission, les participants devront jouer sous la pression d&rsquo;un sablier. Pour gagner, les agents devront donc r\u00e9fl\u00e9chir vite et bien. Sacr\u00e9 challenge !<\/div>\n<\/div>\n","protected":false},"excerpt":{"rendered":"<p>Codenames Quebec est un jeu d\u2019association d\u2019id\u00e9es pour 2 \u00e0 8 joueurs dans lequel, r\u00e9partis en deux \u00e9quipes, vous incarnez soit un ma\u00eetre-espion, soit un agent en mission. Pour retrouver sous quel nom de code se cachent vos informateurs, \u00e9coutez bien les indices donn\u00e9s par les deux Ma\u00eetres-Espions et prenez garde \u00e0 ne pas contacter un informateur ennemi, ou pire\u2026 le redoutable assassin !<\/p>\n","protected":false},"featured_media":4464,"comment_status":"open","ping_status":"closed","template":"","meta":{"colormag_page_container_layout":"default_layout","colormag_page_sidebar_layout":"default_layout"},"product_brand":[],"product_cat":[40,36,29,37],"product_tag":[],"class_list":{"0":"post-4462","1":"product","2":"type-product","3":"status-publish","4":"has-post-thumbnail","6":"product_cat-jeux-dambiance","7":"product_cat-jeux-familiaux","8":"product_cat-jeux-2-joueurs","9":"product_cat-ne-ratez-pas","11":"first","12":"instock","13":"taxable","14":"shipping-taxable","15":"purchasable","16":"product-type-simple"},"yoast_head":"<!-- This site is optimized with the Yoast SEO plugin v27.3 - https:\/\/yoast.com\/product\/yoast-seo-wordpress\/ -->\n<title>Codenames Qu\u00e9bec - Croc Jeux<\/title>\n<meta name=\"robots\" content=\"index, follow, max-snippet:-1, max-image-preview:large, max-video-preview:-1\" \/>\n<link rel=\"canonical\" href=\"https:\/\/crocjeux.com\/index.php\/produit\/codenames-quebec\/\" \/>\n<meta property=\"og:locale\" content=\"fr_FR\" \/>\n<meta property=\"og:type\" content=\"article\" \/>\n<meta property=\"og:title\" content=\"Codenames Qu\u00e9bec - Croc Jeux\" \/>\n<meta property=\"og:description\" content=\"Codenames Quebec est un jeu d\u2019association d\u2019id\u00e9es pour 2 \u00e0 8 joueurs dans lequel, r\u00e9partis en deux \u00e9quipes, vous incarnez soit un ma\u00eetre-espion, soit un agent en mission. Pour retrouver sous quel nom de code se cachent vos informateurs, \u00e9coutez bien les indices donn\u00e9s par les deux Ma\u00eetres-Espions et prenez garde \u00e0 ne pas contacter un informateur ennemi, ou pire\u2026 le redoutable assassin !\" \/>\n<meta property=\"og:url\" content=\"https:\/\/crocjeux.com\/index.php\/produit\/codenames-quebec\/\" \/>\n<meta property=\"og:site_name\" content=\"Croc Jeux\" \/>\n<meta property=\"article:modified_time\" content=\"2023-01-31T14:12:15+00:00\" \/>\n<meta property=\"og:image\" content=\"https:\/\/crocjeux.com\/wp-content\/uploads\/2023\/01\/codenames-quebec-p-image-81413-grande.jpg\" \/>\n\t<meta property=\"og:image:width\" content=\"1078\" \/>\n\t<meta property=\"og:image:height\" content=\"1128\" \/>\n\t<meta property=\"og:image:type\" content=\"image\/jpeg\" \/>\n<meta name=\"twitter:card\" content=\"summary_large_image\" \/>\n<meta name=\"twitter:label1\" content=\"Dur\u00e9e de lecture estim\u00e9e\" \/>\n\t<meta name=\"twitter:data1\" content=\"2 minutes\" \/>\n<script type=\"application\/ld+json\" class=\"yoast-schema-graph\">{\"@context\":\"https:\\\/\\\/schema.org\",\"@graph\":[{\"@type\":\"WebPage\",\"@id\":\"https:\\\/\\\/crocjeux.com\\\/index.php\\\/produit\\\/codenames-quebec\\\/\",\"url\":\"https:\\\/\\\/crocjeux.com\\\/index.php\\\/produit\\\/codenames-quebec\\\/\",\"name\":\"Codenames Qu\u00e9bec - Croc Jeux\",\"isPartOf\":{\"@id\":\"https:\\\/\\\/crocjeux.com\\\/#website\"},\"primaryImageOfPage\":{\"@id\":\"https:\\\/\\\/crocjeux.com\\\/index.php\\\/produit\\\/codenames-quebec\\\/#primaryimage\"},\"image\":{\"@id\":\"https:\\\/\\\/crocjeux.com\\\/index.php\\\/produit\\\/codenames-quebec\\\/#primaryimage\"},\"thumbnailUrl\":\"https:\\\/\\\/crocjeux.com\\\/wp-content\\\/uploads\\\/2023\\\/01\\\/codenames-quebec-p-image-81413-grande.jpg\",\"datePublished\":\"2023-01-24T16:27:42+00:00\",\"dateModified\":\"2023-01-31T14:12:15+00:00\",\"breadcrumb\":{\"@id\":\"https:\\\/\\\/crocjeux.com\\\/index.php\\\/produit\\\/codenames-quebec\\\/#breadcrumb\"},\"inLanguage\":\"fr-FR\",\"potentialAction\":[{\"@type\":\"ReadAction\",\"target\":[\"https:\\\/\\\/crocjeux.com\\\/index.php\\\/produit\\\/codenames-quebec\\\/\"]}]},{\"@type\":\"ImageObject\",\"inLanguage\":\"fr-FR\",\"@id\":\"https:\\\/\\\/crocjeux.com\\\/index.php\\\/produit\\\/codenames-quebec\\\/#primaryimage\",\"url\":\"https:\\\/\\\/crocjeux.com\\\/wp-content\\\/uploads\\\/2023\\\/01\\\/codenames-quebec-p-image-81413-grande.jpg\",\"contentUrl\":\"https:\\\/\\\/crocjeux.com\\\/wp-content\\\/uploads\\\/2023\\\/01\\\/codenames-quebec-p-image-81413-grande.jpg\",\"width\":1078,\"height\":1128,\"caption\":\"CREATOR: gd-jpeg v1.0 (using IJG JPEG v80), quality = 99\"},{\"@type\":\"BreadcrumbList\",\"@id\":\"https:\\\/\\\/crocjeux.com\\\/index.php\\\/produit\\\/codenames-quebec\\\/#breadcrumb\",\"itemListElement\":[{\"@type\":\"ListItem\",\"position\":1,\"name\":\"Accueil\",\"item\":\"https:\\\/\\\/crocjeux.com\\\/\"},{\"@type\":\"ListItem\",\"position\":2,\"name\":\"Boutique\",\"item\":\"https:\\\/\\\/crocjeux.com\\\/\"},{\"@type\":\"ListItem\",\"position\":3,\"name\":\"Codenames Qu\u00e9bec\"}]},{\"@type\":\"WebSite\",\"@id\":\"https:\\\/\\\/crocjeux.com\\\/#website\",\"url\":\"https:\\\/\\\/crocjeux.com\\\/\",\"name\":\"Croc Jeux\",\"description\":\"Bienvenue chez Croc Jeux!\",\"publisher\":{\"@id\":\"https:\\\/\\\/crocjeux.com\\\/#organization\"},\"potentialAction\":[{\"@type\":\"SearchAction\",\"target\":{\"@type\":\"EntryPoint\",\"urlTemplate\":\"https:\\\/\\\/crocjeux.com\\\/?s={search_term_string}\"},\"query-input\":{\"@type\":\"PropertyValueSpecification\",\"valueRequired\":true,\"valueName\":\"search_term_string\"}}],\"inLanguage\":\"fr-FR\"},{\"@type\":\"Organization\",\"@id\":\"https:\\\/\\\/crocjeux.com\\\/#organization\",\"name\":\"Croc Jeux\",\"url\":\"https:\\\/\\\/crocjeux.com\\\/\",\"logo\":{\"@type\":\"ImageObject\",\"inLanguage\":\"fr-FR\",\"@id\":\"https:\\\/\\\/crocjeux.com\\\/#\\\/schema\\\/logo\\\/image\\\/\",\"url\":\"https:\\\/\\\/crocjeux.com\\\/wp-content\\\/uploads\\\/2022\\\/01\\\/cropped-logo-croc-etape-1-e1644574034239.jpg\",\"contentUrl\":\"https:\\\/\\\/crocjeux.com\\\/wp-content\\\/uploads\\\/2022\\\/01\\\/cropped-logo-croc-etape-1-e1644574034239.jpg\",\"width\":1224,\"height\":314,\"caption\":\"Croc Jeux\"},\"image\":{\"@id\":\"https:\\\/\\\/crocjeux.com\\\/#\\\/schema\\\/logo\\\/image\\\/\"}}]}<\/script>\n<!-- \/ Yoast SEO plugin. -->","yoast_head_json":{"title":"Codenames Qu\u00e9bec - Croc Jeux","robots":{"index":"index","follow":"follow","max-snippet":"max-snippet:-1","max-image-preview":"max-image-preview:large","max-video-preview":"max-video-preview:-1"},"canonical":"https:\/\/crocjeux.com\/index.php\/produit\/codenames-quebec\/","og_locale":"fr_FR","og_type":"article","og_title":"Codenames Qu\u00e9bec - Croc Jeux","og_description":"Codenames Quebec est un jeu d\u2019association d\u2019id\u00e9es pour 2 \u00e0 8 joueurs dans lequel, r\u00e9partis en deux \u00e9quipes, vous incarnez soit un ma\u00eetre-espion, soit un agent en mission. Pour retrouver sous quel nom de code se cachent vos informateurs, \u00e9coutez bien les indices donn\u00e9s par les deux Ma\u00eetres-Espions et prenez garde \u00e0 ne pas contacter un informateur ennemi, ou pire\u2026 le redoutable assassin !","og_url":"https:\/\/crocjeux.com\/index.php\/produit\/codenames-quebec\/","og_site_name":"Croc Jeux","article_modified_time":"2023-01-31T14:12:15+00:00","og_image":[{"width":1078,"height":1128,"url":"https:\/\/crocjeux.com\/wp-content\/uploads\/2023\/01\/codenames-quebec-p-image-81413-grande.jpg","type":"image\/jpeg"}],"twitter_card":"summary_large_image","twitter_misc":{"Dur\u00e9e de lecture estim\u00e9e":"2 minutes"},"schema":{"@context":"https:\/\/schema.org","@graph":[{"@type":"WebPage","@id":"https:\/\/crocjeux.com\/index.php\/produit\/codenames-quebec\/","url":"https:\/\/crocjeux.com\/index.php\/produit\/codenames-quebec\/","name":"Codenames Qu\u00e9bec - Croc Jeux","isPartOf":{"@id":"https:\/\/crocjeux.com\/#website"},"primaryImageOfPage":{"@id":"https:\/\/crocjeux.com\/index.php\/produit\/codenames-quebec\/#primaryimage"},"image":{"@id":"https:\/\/crocjeux.com\/index.php\/produit\/codenames-quebec\/#primaryimage"},"thumbnailUrl":"https:\/\/crocjeux.com\/wp-content\/uploads\/2023\/01\/codenames-quebec-p-image-81413-grande.jpg","datePublished":"2023-01-24T16:27:42+00:00","dateModified":"2023-01-31T14:12:15+00:00","breadcrumb":{"@id":"https:\/\/crocjeux.com\/index.php\/produit\/codenames-quebec\/#breadcrumb"},"inLanguage":"fr-FR","potentialAction":[{"@type":"ReadAction","target":["https:\/\/crocjeux.com\/index.php\/produit\/codenames-quebec\/"]}]},{"@type":"ImageObject","inLanguage":"fr-FR","@id":"https:\/\/crocjeux.com\/index.php\/produit\/codenames-quebec\/#primaryimage","url":"https:\/\/crocjeux.com\/wp-content\/uploads\/2023\/01\/codenames-quebec-p-image-81413-grande.jpg","contentUrl":"https:\/\/crocjeux.com\/wp-content\/uploads\/2023\/01\/codenames-quebec-p-image-81413-grande.jpg","width":1078,"height":1128,"caption":"CREATOR: gd-jpeg v1.0 (using IJG JPEG v80), quality = 99"},{"@type":"BreadcrumbList","@id":"https:\/\/crocjeux.com\/index.php\/produit\/codenames-quebec\/#breadcrumb","itemListElement":[{"@type":"ListItem","position":1,"name":"Accueil","item":"https:\/\/crocjeux.com\/"},{"@type":"ListItem","position":2,"name":"Boutique","item":"https:\/\/crocjeux.com\/"},{"@type":"ListItem","position":3,"name":"Codenames Qu\u00e9bec"}]},{"@type":"WebSite","@id":"https:\/\/crocjeux.com\/#website","url":"https:\/\/crocjeux.com\/","name":"Croc Jeux","description":"Bienvenue chez Croc Jeux!","publisher":{"@id":"https:\/\/crocjeux.com\/#organization"},"potentialAction":[{"@type":"SearchAction","target":{"@type":"EntryPoint","urlTemplate":"https:\/\/crocjeux.com\/?s={search_term_string}"},"query-input":{"@type":"PropertyValueSpecification","valueRequired":true,"valueName":"search_term_string"}}],"inLanguage":"fr-FR"},{"@type":"Organization","@id":"https:\/\/crocjeux.com\/#organization","name":"Croc Jeux","url":"https:\/\/crocjeux.com\/","logo":{"@type":"ImageObject","inLanguage":"fr-FR","@id":"https:\/\/crocjeux.com\/#\/schema\/logo\/image\/","url":"https:\/\/crocjeux.com\/wp-content\/uploads\/2022\/01\/cropped-logo-croc-etape-1-e1644574034239.jpg","contentUrl":"https:\/\/crocjeux.com\/wp-content\/uploads\/2022\/01\/cropped-logo-croc-etape-1-e1644574034239.jpg","width":1224,"height":314,"caption":"Croc Jeux"},"image":{"@id":"https:\/\/crocjeux.com\/#\/schema\/logo\/image\/"}}]}},"_links":{"self":[{"href":"https:\/\/crocjeux.com\/index.php\/wp-json\/wp\/v2\/product\/4462","targetHints":{"allow":["GET"]}}],"collection":[{"href":"https:\/\/crocjeux.com\/index.php\/wp-json\/wp\/v2\/product"}],"about":[{"href":"https:\/\/crocjeux.com\/index.php\/wp-json\/wp\/v2\/types\/product"}],"replies":[{"embeddable":true,"href":"https:\/\/crocjeux.com\/index.php\/wp-json\/wp\/v2\/comments?post=4462"}],"wp:featuredmedia":[{"embeddable":true,"href":"https:\/\/crocjeux.com\/index.php\/wp-json\/wp\/v2\/media\/4464"}],"wp:attachment":[{"href":"https:\/\/crocjeux.com\/index.php\/wp-json\/wp\/v2\/media?parent=4462"}],"wp:term":[{"taxonomy":"product_brand","embeddable":true,"href":"https:\/\/crocjeux.com\/index.php\/wp-json\/wp\/v2\/product_brand?post=4462"},{"taxonomy":"product_cat","embeddable":true,"href":"https:\/\/crocjeux.com\/index.php\/wp-json\/wp\/v2\/product_cat?post=4462"},{"taxonomy":"product_tag","embeddable":true,"href":"https:\/\/crocjeux.com\/index.php\/wp-json\/wp\/v2\/product_tag?post=4462"}],"curies":[{"name":"wp","href":"https:\/\/api.w.org\/{rel}","templated":true}]}}