{"id":4483,"date":"2023-01-31T16:10:48","date_gmt":"2023-01-31T15:10:48","guid":{"rendered":"https:\/\/crocjeux.com\/?post_type=product&#038;p=4483"},"modified":"2023-08-07T15:25:18","modified_gmt":"2023-08-07T14:25:18","slug":"unstable-unicorns-nsfw","status":"publish","type":"product","link":"https:\/\/crocjeux.com\/index.php\/produit\/unstable-unicorns-nsfw\/","title":{"rendered":"Unstable Unicorns NSFW"},"content":{"rendered":"<p>Unstable Unicorns est un jeu de cartes strat\u00e9gique qui se d\u00e9roule sur plusieurs tours et met en sc\u00e8ne vos deux pas\u00adsions : les licornes et la destruction. Le premier joueur dont l\u2019\u00c9curie rassemble 7 Licornes l\u2019emporte\u2009!<\/p>\n<p>Mais cette \u00e9dition sp\u00e9ciale NSFW (Not Sage For Work, \u00e9quivalent de \u00ab\u2009contenu explicite\u2009\u00bb) est r\u00e9serv\u00e9e aux adultes \u00e2g\u00e9s de 18 ans et plus. Dans cette version, les licornes ne sont pas oniriques et merveilleuses, mais des cr\u00e9atures toutes plus perverses et d\u00e9lur\u00e9es les unes que les autres\u2009!<\/p>\n<p>De la vanillacorne \u00e0 la sadomasocorne, en passant par la hentaicorne, tout un monde hilarant et d\u00e9lirant vous attend.<br \/>\nLes r\u00e8gles restent similaires, mais l\u2019ambiance autour de la table sera beaucoup plus chaude\u2009!<\/p>\n","protected":false},"excerpt":{"rendered":"<p>Cette \u00e9dition sp\u00e9ciale NSFW (Not Sage For Work, \u00e9quivalent de \u00ab\u2009contenu explicite\u2009\u00bb) est r\u00e9serv\u00e9e aux adultes \u00e2g\u00e9s de 18 ans et plus. Dans cette version, les licornes ne sont pas oniriques et merveilleuses, mais des cr\u00e9atures toutes plus perverses et d\u00e9lur\u00e9es les unes que les autres\u2009!<\/p>\n","protected":false},"featured_media":4484,"comment_status":"open","ping_status":"closed","template":"","meta":{"colormag_page_container_layout":"default_layout","colormag_page_sidebar_layout":"default_layout"},"product_brand":[],"product_cat":[40],"product_tag":[],"class_list":{"0":"post-4483","1":"product","2":"type-product","3":"status-publish","4":"has-post-thumbnail","6":"product_cat-jeux-dambiance","8":"first","9":"instock","10":"taxable","11":"shipping-taxable","12":"purchasable","13":"product-type-simple"},"yoast_head":"<!-- This site is optimized with the Yoast SEO plugin v27.1.1 - https:\/\/yoast.com\/product\/yoast-seo-wordpress\/ -->\n<title>Unstable Unicorns NSFW - Croc Jeux<\/title>\n<meta name=\"description\" content=\"Cette \u00e9dition sp\u00e9ciale NSFW (Not Sage For Work, \u00e9quivalent de \u00ab\u2009contenu explicite\u2009\u00bb) est r\u00e9serv\u00e9e aux adultes \u00e2g\u00e9s de 18 ans et plus. Dans cette version, les licornes ne sont pas oniriques et merveilleuses, mais des cr\u00e9atures toutes plus perverses et d\u00e9lur\u00e9es les unes que les autres\u2009!\" \/>\n<meta name=\"robots\" content=\"index, follow, max-snippet:-1, max-image-preview:large, max-video-preview:-1\" \/>\n<link rel=\"canonical\" href=\"https:\/\/crocjeux.com\/index.php\/produit\/unstable-unicorns-nsfw\/\" \/>\n<meta property=\"og:locale\" content=\"fr_FR\" \/>\n<meta property=\"og:type\" content=\"article\" \/>\n<meta property=\"og:title\" content=\"Unstable Unicorns NSFW - Croc Jeux\" \/>\n<meta property=\"og:description\" content=\"Cette \u00e9dition sp\u00e9ciale NSFW (Not Sage For Work, \u00e9quivalent de \u00ab\u2009contenu explicite\u2009\u00bb) est r\u00e9serv\u00e9e aux adultes \u00e2g\u00e9s de 18 ans et plus. Dans cette version, les licornes ne sont pas oniriques et merveilleuses, mais des cr\u00e9atures toutes plus perverses et d\u00e9lur\u00e9es les unes que les autres\u2009!\" \/>\n<meta property=\"og:url\" content=\"https:\/\/crocjeux.com\/index.php\/produit\/unstable-unicorns-nsfw\/\" \/>\n<meta property=\"og:site_name\" content=\"Croc Jeux\" \/>\n<meta property=\"article:modified_time\" content=\"2023-08-07T14:25:18+00:00\" \/>\n<meta property=\"og:image\" content=\"https:\/\/crocjeux.com\/wp-content\/uploads\/2023\/01\/unstable-unicorn.jpg\" \/>\n\t<meta property=\"og:image:width\" content=\"1000\" \/>\n\t<meta property=\"og:image:height\" content=\"1000\" \/>\n\t<meta property=\"og:image:type\" content=\"image\/jpeg\" \/>\n<meta name=\"twitter:card\" content=\"summary_large_image\" \/>\n<meta name=\"twitter:label1\" content=\"Dur\u00e9e de lecture estim\u00e9e\" \/>\n\t<meta name=\"twitter:data1\" content=\"1 minute\" \/>\n<script type=\"application\/ld+json\" class=\"yoast-schema-graph\">{\"@context\":\"https:\/\/schema.org\",\"@graph\":[{\"@type\":\"WebPage\",\"@id\":\"https:\/\/crocjeux.com\/index.php\/produit\/unstable-unicorns-nsfw\/\",\"url\":\"https:\/\/crocjeux.com\/index.php\/produit\/unstable-unicorns-nsfw\/\",\"name\":\"Unstable Unicorns NSFW - Croc Jeux\",\"isPartOf\":{\"@id\":\"https:\/\/crocjeux.com\/#website\"},\"primaryImageOfPage\":{\"@id\":\"https:\/\/crocjeux.com\/index.php\/produit\/unstable-unicorns-nsfw\/#primaryimage\"},\"image\":{\"@id\":\"https:\/\/crocjeux.com\/index.php\/produit\/unstable-unicorns-nsfw\/#primaryimage\"},\"thumbnailUrl\":\"https:\/\/crocjeux.com\/wp-content\/uploads\/2023\/01\/unstable-unicorn.jpg\",\"datePublished\":\"2023-01-31T15:10:48+00:00\",\"dateModified\":\"2023-08-07T14:25:18+00:00\",\"description\":\"Cette \u00e9dition sp\u00e9ciale NSFW (Not Sage For Work, \u00e9quivalent de \u00ab\u2009contenu explicite\u2009\u00bb) est r\u00e9serv\u00e9e aux adultes \u00e2g\u00e9s de 18 ans et plus. Dans cette version, les licornes ne sont pas oniriques et merveilleuses, mais des cr\u00e9atures toutes plus perverses et d\u00e9lur\u00e9es les unes que les autres\u2009!\",\"breadcrumb\":{\"@id\":\"https:\/\/crocjeux.com\/index.php\/produit\/unstable-unicorns-nsfw\/#breadcrumb\"},\"inLanguage\":\"fr-FR\",\"potentialAction\":[{\"@type\":\"ReadAction\",\"target\":[\"https:\/\/crocjeux.com\/index.php\/produit\/unstable-unicorns-nsfw\/\"]}]},{\"@type\":\"ImageObject\",\"inLanguage\":\"fr-FR\",\"@id\":\"https:\/\/crocjeux.com\/index.php\/produit\/unstable-unicorns-nsfw\/#primaryimage\",\"url\":\"https:\/\/crocjeux.com\/wp-content\/uploads\/2023\/01\/unstable-unicorn.jpg\",\"contentUrl\":\"https:\/\/crocjeux.com\/wp-content\/uploads\/2023\/01\/unstable-unicorn.jpg\",\"width\":1000,\"height\":1000},{\"@type\":\"BreadcrumbList\",\"@id\":\"https:\/\/crocjeux.com\/index.php\/produit\/unstable-unicorns-nsfw\/#breadcrumb\",\"itemListElement\":[{\"@type\":\"ListItem\",\"position\":1,\"name\":\"Accueil\",\"item\":\"https:\/\/crocjeux.com\/\"},{\"@type\":\"ListItem\",\"position\":2,\"name\":\"Boutique\",\"item\":\"https:\/\/crocjeux.com\/\"},{\"@type\":\"ListItem\",\"position\":3,\"name\":\"Unstable Unicorns NSFW\"}]},{\"@type\":\"WebSite\",\"@id\":\"https:\/\/crocjeux.com\/#website\",\"url\":\"https:\/\/crocjeux.com\/\",\"name\":\"Croc Jeux\",\"description\":\"Bienvenue chez Croc Jeux!\",\"publisher\":{\"@id\":\"https:\/\/crocjeux.com\/#organization\"},\"potentialAction\":[{\"@type\":\"SearchAction\",\"target\":{\"@type\":\"EntryPoint\",\"urlTemplate\":\"https:\/\/crocjeux.com\/?s={search_term_string}\"},\"query-input\":{\"@type\":\"PropertyValueSpecification\",\"valueRequired\":true,\"valueName\":\"search_term_string\"}}],\"inLanguage\":\"fr-FR\"},{\"@type\":\"Organization\",\"@id\":\"https:\/\/crocjeux.com\/#organization\",\"name\":\"Croc Jeux\",\"url\":\"https:\/\/crocjeux.com\/\",\"logo\":{\"@type\":\"ImageObject\",\"inLanguage\":\"fr-FR\",\"@id\":\"https:\/\/crocjeux.com\/#\/schema\/logo\/image\/\",\"url\":\"https:\/\/crocjeux.com\/wp-content\/uploads\/2022\/01\/cropped-logo-croc-etape-1-e1644574034239.jpg\",\"contentUrl\":\"https:\/\/crocjeux.com\/wp-content\/uploads\/2022\/01\/cropped-logo-croc-etape-1-e1644574034239.jpg\",\"width\":1224,\"height\":314,\"caption\":\"Croc Jeux\"},\"image\":{\"@id\":\"https:\/\/crocjeux.com\/#\/schema\/logo\/image\/\"}}]}<\/script>\n<!-- \/ Yoast SEO plugin. -->","yoast_head_json":{"title":"Unstable Unicorns NSFW - Croc Jeux","description":"Cette \u00e9dition sp\u00e9ciale NSFW (Not Sage For Work, \u00e9quivalent de \u00ab\u2009contenu explicite\u2009\u00bb) est r\u00e9serv\u00e9e aux adultes \u00e2g\u00e9s de 18 ans et plus. Dans cette version, les licornes ne sont pas oniriques et merveilleuses, mais des cr\u00e9atures toutes plus perverses et d\u00e9lur\u00e9es les unes que les autres\u2009!","robots":{"index":"index","follow":"follow","max-snippet":"max-snippet:-1","max-image-preview":"max-image-preview:large","max-video-preview":"max-video-preview:-1"},"canonical":"https:\/\/crocjeux.com\/index.php\/produit\/unstable-unicorns-nsfw\/","og_locale":"fr_FR","og_type":"article","og_title":"Unstable Unicorns NSFW - Croc Jeux","og_description":"Cette \u00e9dition sp\u00e9ciale NSFW (Not Sage For Work, \u00e9quivalent de \u00ab\u2009contenu explicite\u2009\u00bb) est r\u00e9serv\u00e9e aux adultes \u00e2g\u00e9s de 18 ans et plus. Dans cette version, les licornes ne sont pas oniriques et merveilleuses, mais des cr\u00e9atures toutes plus perverses et d\u00e9lur\u00e9es les unes que les autres\u2009!","og_url":"https:\/\/crocjeux.com\/index.php\/produit\/unstable-unicorns-nsfw\/","og_site_name":"Croc Jeux","article_modified_time":"2023-08-07T14:25:18+00:00","og_image":[{"width":1000,"height":1000,"url":"https:\/\/crocjeux.com\/wp-content\/uploads\/2023\/01\/unstable-unicorn.jpg","type":"image\/jpeg"}],"twitter_card":"summary_large_image","twitter_misc":{"Dur\u00e9e de lecture estim\u00e9e":"1 minute"},"schema":{"@context":"https:\/\/schema.org","@graph":[{"@type":"WebPage","@id":"https:\/\/crocjeux.com\/index.php\/produit\/unstable-unicorns-nsfw\/","url":"https:\/\/crocjeux.com\/index.php\/produit\/unstable-unicorns-nsfw\/","name":"Unstable Unicorns NSFW - Croc Jeux","isPartOf":{"@id":"https:\/\/crocjeux.com\/#website"},"primaryImageOfPage":{"@id":"https:\/\/crocjeux.com\/index.php\/produit\/unstable-unicorns-nsfw\/#primaryimage"},"image":{"@id":"https:\/\/crocjeux.com\/index.php\/produit\/unstable-unicorns-nsfw\/#primaryimage"},"thumbnailUrl":"https:\/\/crocjeux.com\/wp-content\/uploads\/2023\/01\/unstable-unicorn.jpg","datePublished":"2023-01-31T15:10:48+00:00","dateModified":"2023-08-07T14:25:18+00:00","description":"Cette \u00e9dition sp\u00e9ciale NSFW (Not Sage For Work, \u00e9quivalent de \u00ab\u2009contenu explicite\u2009\u00bb) est r\u00e9serv\u00e9e aux adultes \u00e2g\u00e9s de 18 ans et plus. Dans cette version, les licornes ne sont pas oniriques et merveilleuses, mais des cr\u00e9atures toutes plus perverses et d\u00e9lur\u00e9es les unes que les autres\u2009!","breadcrumb":{"@id":"https:\/\/crocjeux.com\/index.php\/produit\/unstable-unicorns-nsfw\/#breadcrumb"},"inLanguage":"fr-FR","potentialAction":[{"@type":"ReadAction","target":["https:\/\/crocjeux.com\/index.php\/produit\/unstable-unicorns-nsfw\/"]}]},{"@type":"ImageObject","inLanguage":"fr-FR","@id":"https:\/\/crocjeux.com\/index.php\/produit\/unstable-unicorns-nsfw\/#primaryimage","url":"https:\/\/crocjeux.com\/wp-content\/uploads\/2023\/01\/unstable-unicorn.jpg","contentUrl":"https:\/\/crocjeux.com\/wp-content\/uploads\/2023\/01\/unstable-unicorn.jpg","width":1000,"height":1000},{"@type":"BreadcrumbList","@id":"https:\/\/crocjeux.com\/index.php\/produit\/unstable-unicorns-nsfw\/#breadcrumb","itemListElement":[{"@type":"ListItem","position":1,"name":"Accueil","item":"https:\/\/crocjeux.com\/"},{"@type":"ListItem","position":2,"name":"Boutique","item":"https:\/\/crocjeux.com\/"},{"@type":"ListItem","position":3,"name":"Unstable Unicorns NSFW"}]},{"@type":"WebSite","@id":"https:\/\/crocjeux.com\/#website","url":"https:\/\/crocjeux.com\/","name":"Croc Jeux","description":"Bienvenue chez Croc Jeux!","publisher":{"@id":"https:\/\/crocjeux.com\/#organization"},"potentialAction":[{"@type":"SearchAction","target":{"@type":"EntryPoint","urlTemplate":"https:\/\/crocjeux.com\/?s={search_term_string}"},"query-input":{"@type":"PropertyValueSpecification","valueRequired":true,"valueName":"search_term_string"}}],"inLanguage":"fr-FR"},{"@type":"Organization","@id":"https:\/\/crocjeux.com\/#organization","name":"Croc Jeux","url":"https:\/\/crocjeux.com\/","logo":{"@type":"ImageObject","inLanguage":"fr-FR","@id":"https:\/\/crocjeux.com\/#\/schema\/logo\/image\/","url":"https:\/\/crocjeux.com\/wp-content\/uploads\/2022\/01\/cropped-logo-croc-etape-1-e1644574034239.jpg","contentUrl":"https:\/\/crocjeux.com\/wp-content\/uploads\/2022\/01\/cropped-logo-croc-etape-1-e1644574034239.jpg","width":1224,"height":314,"caption":"Croc Jeux"},"image":{"@id":"https:\/\/crocjeux.com\/#\/schema\/logo\/image\/"}}]}},"_links":{"self":[{"href":"https:\/\/crocjeux.com\/index.php\/wp-json\/wp\/v2\/product\/4483","targetHints":{"allow":["GET"]}}],"collection":[{"href":"https:\/\/crocjeux.com\/index.php\/wp-json\/wp\/v2\/product"}],"about":[{"href":"https:\/\/crocjeux.com\/index.php\/wp-json\/wp\/v2\/types\/product"}],"replies":[{"embeddable":true,"href":"https:\/\/crocjeux.com\/index.php\/wp-json\/wp\/v2\/comments?post=4483"}],"wp:featuredmedia":[{"embeddable":true,"href":"https:\/\/crocjeux.com\/index.php\/wp-json\/wp\/v2\/media\/4484"}],"wp:attachment":[{"href":"https:\/\/crocjeux.com\/index.php\/wp-json\/wp\/v2\/media?parent=4483"}],"wp:term":[{"taxonomy":"product_brand","embeddable":true,"href":"https:\/\/crocjeux.com\/index.php\/wp-json\/wp\/v2\/product_brand?post=4483"},{"taxonomy":"product_cat","embeddable":true,"href":"https:\/\/crocjeux.com\/index.php\/wp-json\/wp\/v2\/product_cat?post=4483"},{"taxonomy":"product_tag","embeddable":true,"href":"https:\/\/crocjeux.com\/index.php\/wp-json\/wp\/v2\/product_tag?post=4483"}],"curies":[{"name":"wp","href":"https:\/\/api.w.org\/{rel}","templated":true}]}}