{"id":4486,"date":"2023-01-31T16:35:14","date_gmt":"2023-01-31T15:35:14","guid":{"rendered":"https:\/\/crocjeux.com\/?post_type=product&#038;p=4486"},"modified":"2023-01-31T16:35:15","modified_gmt":"2023-01-31T15:35:15","slug":"happy-little-dinosaurs","status":"publish","type":"product","link":"https:\/\/crocjeux.com\/index.php\/produit\/happy-little-dinosaurs\/","title":{"rendered":"Happy Little Dinosaurs"},"content":{"rendered":"<p>Dans Happy Little Dinosaurs, vous incarnez un Dinosaure sur lequel la vie s\u2019acharne encore et encore. Vous essaierez d\u2019\u00e9viter les Catastrophes naturelles, pr\u00e9datrices et \u00e9motionnelles tout en esquivant les M\u00e9t\u00e9orites\u2009; et comme dans la r\u00e9alit\u00e9, vous risquez bien d\u2019\u00e9chouer. Le premier Dinosaure \u00e0 atteindre 50 points (ou le dernier survivant) remporte la partie\u2009!<\/p>\n<p>Jouez les bonnes cartes Ressource au bon moment pour \u00e9viter les pr\u00e9dateurs, les m\u00e9t\u00e9orites ou les \u00e9motions trop fortes. Les cartes catastrophe ne sont pas que n\u00e9gatives, chaque round, avancez votre Dinomeeple de 1 case par carte situ\u00e9e dans votre Zone de Catastrophes. Mais si vous r\u00e9cup\u00e9rez 3 cartes D\u00e9sastre du m\u00eame type ou 3 types de cartes D\u00e9sastre diff\u00e9rents, vous \u00eates \u00e9limin\u00e9\u2009! Si vous \u00eates le dernier survivant ou \u00eates le plus avanc\u00e9 sur la piste, c\u2019est gagn\u00e9\u2009!<\/p>\n<p>Un jeu identifiable entre mille par ses graphismes color\u00e9s et dr\u00f4les de Ramy Badie.<\/p>\n","protected":false},"excerpt":{"rendered":"<p>Dans Happy Little Dinosaurs, vous incarnez un Dinosaure sur lequel la vie s\u2019acharne encore et encore. Vous essaierez d\u2019\u00e9viter les Catastrophes naturelles, pr\u00e9datrices et \u00e9motionnelles tout en esquivant les M\u00e9t\u00e9orites\u2009; et comme dans la r\u00e9alit\u00e9, vous risquez bien d\u2019\u00e9chouer<\/p>\n","protected":false},"featured_media":4487,"comment_status":"open","ping_status":"closed","template":"","meta":{"colormag_page_container_layout":"default_layout","colormag_page_sidebar_layout":"default_layout"},"product_brand":[],"product_cat":[40],"product_tag":[],"class_list":{"0":"post-4486","1":"product","2":"type-product","3":"status-publish","4":"has-post-thumbnail","6":"product_cat-jeux-dambiance","8":"first","9":"instock","10":"taxable","11":"shipping-taxable","12":"purchasable","13":"product-type-simple"},"yoast_head":"<!-- This site is optimized with the Yoast SEO plugin v27.3 - https:\/\/yoast.com\/product\/yoast-seo-wordpress\/ -->\n<title>Happy Little Dinosaurs - Croc Jeux<\/title>\n<meta name=\"description\" content=\"Dans Happy Little Dinosaurs, vous incarnez un Dinosaure sur lequel la vie s\u2019acharne encore et encore. Vous essaierez d\u2019\u00e9viter les Catastrophes naturelles, pr\u00e9datrices et \u00e9motionnelles tout en esquivant les M\u00e9t\u00e9orites\u2009; et comme dans la r\u00e9alit\u00e9, vous risquez bien d\u2019\u00e9chouer\" \/>\n<meta name=\"robots\" content=\"index, follow, max-snippet:-1, max-image-preview:large, max-video-preview:-1\" \/>\n<link rel=\"canonical\" href=\"https:\/\/crocjeux.com\/index.php\/produit\/happy-little-dinosaurs\/\" \/>\n<meta property=\"og:locale\" content=\"fr_FR\" \/>\n<meta property=\"og:type\" content=\"article\" \/>\n<meta property=\"og:title\" content=\"Happy Little Dinosaurs - Croc Jeux\" \/>\n<meta property=\"og:description\" content=\"Dans Happy Little Dinosaurs, vous incarnez un Dinosaure sur lequel la vie s\u2019acharne encore et encore. Vous essaierez d\u2019\u00e9viter les Catastrophes naturelles, pr\u00e9datrices et \u00e9motionnelles tout en esquivant les M\u00e9t\u00e9orites\u2009; et comme dans la r\u00e9alit\u00e9, vous risquez bien d\u2019\u00e9chouer\" \/>\n<meta property=\"og:url\" content=\"https:\/\/crocjeux.com\/index.php\/produit\/happy-little-dinosaurs\/\" \/>\n<meta property=\"og:site_name\" content=\"Croc Jeux\" \/>\n<meta property=\"article:modified_time\" content=\"2023-01-31T15:35:15+00:00\" \/>\n<meta property=\"og:image\" content=\"https:\/\/crocjeux.com\/wp-content\/uploads\/2023\/01\/happy-little-dinosaurs.webp\" \/>\n\t<meta property=\"og:image:width\" content=\"506\" \/>\n\t<meta property=\"og:image:height\" content=\"651\" \/>\n\t<meta property=\"og:image:type\" content=\"image\/webp\" \/>\n<meta name=\"twitter:card\" content=\"summary_large_image\" \/>\n<meta name=\"twitter:label1\" content=\"Dur\u00e9e de lecture estim\u00e9e\" \/>\n\t<meta name=\"twitter:data1\" content=\"1 minute\" \/>\n<script type=\"application\/ld+json\" class=\"yoast-schema-graph\">{\"@context\":\"https:\\\/\\\/schema.org\",\"@graph\":[{\"@type\":\"WebPage\",\"@id\":\"https:\\\/\\\/crocjeux.com\\\/index.php\\\/produit\\\/happy-little-dinosaurs\\\/\",\"url\":\"https:\\\/\\\/crocjeux.com\\\/index.php\\\/produit\\\/happy-little-dinosaurs\\\/\",\"name\":\"Happy Little Dinosaurs - Croc Jeux\",\"isPartOf\":{\"@id\":\"https:\\\/\\\/crocjeux.com\\\/#website\"},\"primaryImageOfPage\":{\"@id\":\"https:\\\/\\\/crocjeux.com\\\/index.php\\\/produit\\\/happy-little-dinosaurs\\\/#primaryimage\"},\"image\":{\"@id\":\"https:\\\/\\\/crocjeux.com\\\/index.php\\\/produit\\\/happy-little-dinosaurs\\\/#primaryimage\"},\"thumbnailUrl\":\"https:\\\/\\\/crocjeux.com\\\/wp-content\\\/uploads\\\/2023\\\/01\\\/happy-little-dinosaurs.webp\",\"datePublished\":\"2023-01-31T15:35:14+00:00\",\"dateModified\":\"2023-01-31T15:35:15+00:00\",\"description\":\"Dans Happy Little Dinosaurs, vous incarnez un Dinosaure sur lequel la vie s\u2019acharne encore et encore. Vous essaierez d\u2019\u00e9viter les Catastrophes naturelles, pr\u00e9datrices et \u00e9motionnelles tout en esquivant les M\u00e9t\u00e9orites\u2009; et comme dans la r\u00e9alit\u00e9, vous risquez bien d\u2019\u00e9chouer\",\"breadcrumb\":{\"@id\":\"https:\\\/\\\/crocjeux.com\\\/index.php\\\/produit\\\/happy-little-dinosaurs\\\/#breadcrumb\"},\"inLanguage\":\"fr-FR\",\"potentialAction\":[{\"@type\":\"ReadAction\",\"target\":[\"https:\\\/\\\/crocjeux.com\\\/index.php\\\/produit\\\/happy-little-dinosaurs\\\/\"]}]},{\"@type\":\"ImageObject\",\"inLanguage\":\"fr-FR\",\"@id\":\"https:\\\/\\\/crocjeux.com\\\/index.php\\\/produit\\\/happy-little-dinosaurs\\\/#primaryimage\",\"url\":\"https:\\\/\\\/crocjeux.com\\\/wp-content\\\/uploads\\\/2023\\\/01\\\/happy-little-dinosaurs.webp\",\"contentUrl\":\"https:\\\/\\\/crocjeux.com\\\/wp-content\\\/uploads\\\/2023\\\/01\\\/happy-little-dinosaurs.webp\",\"width\":506,\"height\":651},{\"@type\":\"BreadcrumbList\",\"@id\":\"https:\\\/\\\/crocjeux.com\\\/index.php\\\/produit\\\/happy-little-dinosaurs\\\/#breadcrumb\",\"itemListElement\":[{\"@type\":\"ListItem\",\"position\":1,\"name\":\"Accueil\",\"item\":\"https:\\\/\\\/crocjeux.com\\\/\"},{\"@type\":\"ListItem\",\"position\":2,\"name\":\"Boutique\",\"item\":\"https:\\\/\\\/crocjeux.com\\\/\"},{\"@type\":\"ListItem\",\"position\":3,\"name\":\"Happy Little Dinosaurs\"}]},{\"@type\":\"WebSite\",\"@id\":\"https:\\\/\\\/crocjeux.com\\\/#website\",\"url\":\"https:\\\/\\\/crocjeux.com\\\/\",\"name\":\"Croc Jeux\",\"description\":\"Bienvenue chez Croc Jeux!\",\"publisher\":{\"@id\":\"https:\\\/\\\/crocjeux.com\\\/#organization\"},\"potentialAction\":[{\"@type\":\"SearchAction\",\"target\":{\"@type\":\"EntryPoint\",\"urlTemplate\":\"https:\\\/\\\/crocjeux.com\\\/?s={search_term_string}\"},\"query-input\":{\"@type\":\"PropertyValueSpecification\",\"valueRequired\":true,\"valueName\":\"search_term_string\"}}],\"inLanguage\":\"fr-FR\"},{\"@type\":\"Organization\",\"@id\":\"https:\\\/\\\/crocjeux.com\\\/#organization\",\"name\":\"Croc Jeux\",\"url\":\"https:\\\/\\\/crocjeux.com\\\/\",\"logo\":{\"@type\":\"ImageObject\",\"inLanguage\":\"fr-FR\",\"@id\":\"https:\\\/\\\/crocjeux.com\\\/#\\\/schema\\\/logo\\\/image\\\/\",\"url\":\"https:\\\/\\\/crocjeux.com\\\/wp-content\\\/uploads\\\/2022\\\/01\\\/cropped-logo-croc-etape-1-e1644574034239.jpg\",\"contentUrl\":\"https:\\\/\\\/crocjeux.com\\\/wp-content\\\/uploads\\\/2022\\\/01\\\/cropped-logo-croc-etape-1-e1644574034239.jpg\",\"width\":1224,\"height\":314,\"caption\":\"Croc Jeux\"},\"image\":{\"@id\":\"https:\\\/\\\/crocjeux.com\\\/#\\\/schema\\\/logo\\\/image\\\/\"}}]}<\/script>\n<!-- \/ Yoast SEO plugin. -->","yoast_head_json":{"title":"Happy Little Dinosaurs - Croc Jeux","description":"Dans Happy Little Dinosaurs, vous incarnez un Dinosaure sur lequel la vie s\u2019acharne encore et encore. Vous essaierez d\u2019\u00e9viter les Catastrophes naturelles, pr\u00e9datrices et \u00e9motionnelles tout en esquivant les M\u00e9t\u00e9orites\u2009; et comme dans la r\u00e9alit\u00e9, vous risquez bien d\u2019\u00e9chouer","robots":{"index":"index","follow":"follow","max-snippet":"max-snippet:-1","max-image-preview":"max-image-preview:large","max-video-preview":"max-video-preview:-1"},"canonical":"https:\/\/crocjeux.com\/index.php\/produit\/happy-little-dinosaurs\/","og_locale":"fr_FR","og_type":"article","og_title":"Happy Little Dinosaurs - Croc Jeux","og_description":"Dans Happy Little Dinosaurs, vous incarnez un Dinosaure sur lequel la vie s\u2019acharne encore et encore. Vous essaierez d\u2019\u00e9viter les Catastrophes naturelles, pr\u00e9datrices et \u00e9motionnelles tout en esquivant les M\u00e9t\u00e9orites\u2009; et comme dans la r\u00e9alit\u00e9, vous risquez bien d\u2019\u00e9chouer","og_url":"https:\/\/crocjeux.com\/index.php\/produit\/happy-little-dinosaurs\/","og_site_name":"Croc Jeux","article_modified_time":"2023-01-31T15:35:15+00:00","og_image":[{"width":506,"height":651,"url":"https:\/\/crocjeux.com\/wp-content\/uploads\/2023\/01\/happy-little-dinosaurs.webp","type":"image\/webp"}],"twitter_card":"summary_large_image","twitter_misc":{"Dur\u00e9e de lecture estim\u00e9e":"1 minute"},"schema":{"@context":"https:\/\/schema.org","@graph":[{"@type":"WebPage","@id":"https:\/\/crocjeux.com\/index.php\/produit\/happy-little-dinosaurs\/","url":"https:\/\/crocjeux.com\/index.php\/produit\/happy-little-dinosaurs\/","name":"Happy Little Dinosaurs - Croc Jeux","isPartOf":{"@id":"https:\/\/crocjeux.com\/#website"},"primaryImageOfPage":{"@id":"https:\/\/crocjeux.com\/index.php\/produit\/happy-little-dinosaurs\/#primaryimage"},"image":{"@id":"https:\/\/crocjeux.com\/index.php\/produit\/happy-little-dinosaurs\/#primaryimage"},"thumbnailUrl":"https:\/\/crocjeux.com\/wp-content\/uploads\/2023\/01\/happy-little-dinosaurs.webp","datePublished":"2023-01-31T15:35:14+00:00","dateModified":"2023-01-31T15:35:15+00:00","description":"Dans Happy Little Dinosaurs, vous incarnez un Dinosaure sur lequel la vie s\u2019acharne encore et encore. Vous essaierez d\u2019\u00e9viter les Catastrophes naturelles, pr\u00e9datrices et \u00e9motionnelles tout en esquivant les M\u00e9t\u00e9orites\u2009; et comme dans la r\u00e9alit\u00e9, vous risquez bien d\u2019\u00e9chouer","breadcrumb":{"@id":"https:\/\/crocjeux.com\/index.php\/produit\/happy-little-dinosaurs\/#breadcrumb"},"inLanguage":"fr-FR","potentialAction":[{"@type":"ReadAction","target":["https:\/\/crocjeux.com\/index.php\/produit\/happy-little-dinosaurs\/"]}]},{"@type":"ImageObject","inLanguage":"fr-FR","@id":"https:\/\/crocjeux.com\/index.php\/produit\/happy-little-dinosaurs\/#primaryimage","url":"https:\/\/crocjeux.com\/wp-content\/uploads\/2023\/01\/happy-little-dinosaurs.webp","contentUrl":"https:\/\/crocjeux.com\/wp-content\/uploads\/2023\/01\/happy-little-dinosaurs.webp","width":506,"height":651},{"@type":"BreadcrumbList","@id":"https:\/\/crocjeux.com\/index.php\/produit\/happy-little-dinosaurs\/#breadcrumb","itemListElement":[{"@type":"ListItem","position":1,"name":"Accueil","item":"https:\/\/crocjeux.com\/"},{"@type":"ListItem","position":2,"name":"Boutique","item":"https:\/\/crocjeux.com\/"},{"@type":"ListItem","position":3,"name":"Happy Little Dinosaurs"}]},{"@type":"WebSite","@id":"https:\/\/crocjeux.com\/#website","url":"https:\/\/crocjeux.com\/","name":"Croc Jeux","description":"Bienvenue chez Croc Jeux!","publisher":{"@id":"https:\/\/crocjeux.com\/#organization"},"potentialAction":[{"@type":"SearchAction","target":{"@type":"EntryPoint","urlTemplate":"https:\/\/crocjeux.com\/?s={search_term_string}"},"query-input":{"@type":"PropertyValueSpecification","valueRequired":true,"valueName":"search_term_string"}}],"inLanguage":"fr-FR"},{"@type":"Organization","@id":"https:\/\/crocjeux.com\/#organization","name":"Croc Jeux","url":"https:\/\/crocjeux.com\/","logo":{"@type":"ImageObject","inLanguage":"fr-FR","@id":"https:\/\/crocjeux.com\/#\/schema\/logo\/image\/","url":"https:\/\/crocjeux.com\/wp-content\/uploads\/2022\/01\/cropped-logo-croc-etape-1-e1644574034239.jpg","contentUrl":"https:\/\/crocjeux.com\/wp-content\/uploads\/2022\/01\/cropped-logo-croc-etape-1-e1644574034239.jpg","width":1224,"height":314,"caption":"Croc Jeux"},"image":{"@id":"https:\/\/crocjeux.com\/#\/schema\/logo\/image\/"}}]}},"_links":{"self":[{"href":"https:\/\/crocjeux.com\/index.php\/wp-json\/wp\/v2\/product\/4486","targetHints":{"allow":["GET"]}}],"collection":[{"href":"https:\/\/crocjeux.com\/index.php\/wp-json\/wp\/v2\/product"}],"about":[{"href":"https:\/\/crocjeux.com\/index.php\/wp-json\/wp\/v2\/types\/product"}],"replies":[{"embeddable":true,"href":"https:\/\/crocjeux.com\/index.php\/wp-json\/wp\/v2\/comments?post=4486"}],"wp:featuredmedia":[{"embeddable":true,"href":"https:\/\/crocjeux.com\/index.php\/wp-json\/wp\/v2\/media\/4487"}],"wp:attachment":[{"href":"https:\/\/crocjeux.com\/index.php\/wp-json\/wp\/v2\/media?parent=4486"}],"wp:term":[{"taxonomy":"product_brand","embeddable":true,"href":"https:\/\/crocjeux.com\/index.php\/wp-json\/wp\/v2\/product_brand?post=4486"},{"taxonomy":"product_cat","embeddable":true,"href":"https:\/\/crocjeux.com\/index.php\/wp-json\/wp\/v2\/product_cat?post=4486"},{"taxonomy":"product_tag","embeddable":true,"href":"https:\/\/crocjeux.com\/index.php\/wp-json\/wp\/v2\/product_tag?post=4486"}],"curies":[{"name":"wp","href":"https:\/\/api.w.org\/{rel}","templated":true}]}}