{"id":4496,"date":"2023-01-31T17:42:09","date_gmt":"2023-01-31T16:42:09","guid":{"rendered":"https:\/\/crocjeux.com\/?post_type=product&#038;p=4496"},"modified":"2023-02-02T11:24:33","modified_gmt":"2023-02-02T10:24:33","slug":"dodo","status":"publish","type":"product","link":"https:\/\/crocjeux.com\/index.php\/produit\/dodo\/","title":{"rendered":"Dodo"},"content":{"rendered":"<div>\n<h2>C\u2019est presque l\u2019heure du grand rituel annuel de l\u2019\u0152uf de Dodo, sacr\u00e9 pour la tribu !<\/h2>\n<\/div>\n<div>Comme chacun le sait, le\u00a0<b>Dodo\u00a0<\/b>est un oiseau tr\u00e8s maladroit, et il n\u2019est pas rare qu\u2019il fasse malencontreusement tomber son \u0152uf du nid. L\u2019\u0152uf glisse, roule, d\u00e9vale la montagne escarp\u00e9e\u2026 et vous imaginez la suite ! Voil\u00e0 pourquoi les Hagulaminapitopasi surveillent tr\u00e8s attentivement l\u2019\u0152uf de Dodo et construisent \u00e0 la h\u00e2te de nombreuses passerelles pour le faire descendre de la montagne en toute s\u00e9curit\u00e9.<\/div>\n<div><\/div>\n<div>Votre objectif : construire toutes les passerelles et le bateau \u00e0 temps pour r\u00e9cup\u00e9rer l&rsquo;\u0153uf de Dodo. Ainsi, l\u2019\u0152uf pourra glisser tranquillement jusqu\u2019au bateau et pour gagner la partie, tous ensemble ! Vous commencez au sommet de la montagne. Quand l\u2019\u0152uf se met \u00e0 bouger, c\u2019est parti ! Construisez d\u2019abord la passerelle num\u00e9ro 1. D\u00e8s que vous avez fini, passez \u00e0 la deuxi\u00e8me, puis \u00e0 la troisi\u00e8me, et ainsi de suite jusqu\u2019\u00e0 la construction de la sixi\u00e8me passerelle et du bateau.<\/div>\n<div><\/div>\n<div>\u2022 Lancez le d\u00e9 et allez chercher les mat\u00e9riaux pour construire vos passerelles !<\/div>\n<div>\u2022 Trouvez les bon mat\u00e9riaux pour vous d\u00e9p\u00eachez de suivre l&rsquo;\u0153uf dans sa folle descente en construisant les passerelles une par une !<\/div>\n<div>\u2022 Passez ensuite le d\u00e9 au joueur suivant pour venir en aide \u00e0 la tribu tous ensemble.<\/div>\n<div>\n<h3>Une superbe mise en sc\u00e8ne<\/h3>\n<\/div>\n<div>Ce qui marque avant tout dans Dodo c&rsquo;est sa mise en sc\u00e8ne, le jeu est magnifiquement illustr\u00e9 et \u00e7a se voit, cette superbe montagne pos\u00e9e devant nous contextualise bien notre voyage dans ces \u00eeles paradisiaques ! Mais ce qui fait honneur au jeu, c&rsquo;est le conflit entre ce sentiment d&rsquo;urgence \u00e0 devoir construire nos plateformes le plus vite possible pour aider l&rsquo;\u0153uf \u00e0 ne pas se casser et justement cet \u0153uf qui descend \u00e0 une vitesse al\u00e9atoire et parfois m\u00eame assez lentement, c&rsquo;est \u00e7a la magie de cet \u0153uf, il est impr\u00e9visible.<\/div>\n<div><\/div>\n<div>C&rsquo;est tout cet ensemble d&rsquo;\u00e9l\u00e9ments qui cr\u00e9ent l&rsquo;urgence et la tension qui fait vibrer la table, cette fr\u00e9n\u00e9sie hypnotique de l&rsquo;\u0153uf qui captive les joueurs et qui donne envie de relancer une partie, pourquoi pas dans un mode de difficult\u00e9 plus difficile ! Alors venez les aider \u00e0 accomplir le rituel : coop\u00e9rez tous ensemble et sauvez l&rsquo;\u0153uf de Dodo !<\/div>\n","protected":false},"excerpt":{"rendered":"<p>Dodo est un jeu de m\u00e9moire coop\u00e9ratif, dans lequel vous devrez sauver l&rsquo;Oeuf de Dodo en construisant des passerelles jusqu&rsquo;au bateau o\u00f9 il sera en s\u00e9curit\u00e9.<\/p>\n","protected":false},"featured_media":4497,"comment_status":"open","ping_status":"closed","template":"","meta":{"colormag_page_container_layout":"default_layout","colormag_page_sidebar_layout":"default_layout"},"product_brand":[],"product_cat":[33,29],"product_tag":[],"class_list":{"0":"post-4496","1":"product","2":"type-product","3":"status-publish","4":"has-post-thumbnail","6":"product_cat-jeux-enfants","7":"product_cat-jeux-2-joueurs","9":"first","10":"instock","11":"taxable","12":"shipping-taxable","13":"purchasable","14":"product-type-simple"},"yoast_head":"<!-- This site is optimized with the Yoast SEO plugin v27.1.1 - https:\/\/yoast.com\/product\/yoast-seo-wordpress\/ -->\n<title>Dodo - Croc Jeux<\/title>\n<meta name=\"description\" content=\"Dodo est un jeu de m\u00e9moire coop\u00e9ratif, dans lequel vous devrez sauver l&#039;Oeuf de Dodo en construisant des passerelles jusqu&#039;au bateau o\u00f9 il sera en s\u00e9curit\u00e9.\" \/>\n<meta name=\"robots\" content=\"index, follow, max-snippet:-1, max-image-preview:large, max-video-preview:-1\" \/>\n<link rel=\"canonical\" href=\"https:\/\/crocjeux.com\/index.php\/produit\/dodo\/\" \/>\n<meta property=\"og:locale\" content=\"fr_FR\" \/>\n<meta property=\"og:type\" content=\"article\" \/>\n<meta property=\"og:title\" content=\"Dodo - Croc Jeux\" \/>\n<meta property=\"og:description\" content=\"Dodo est un jeu de m\u00e9moire coop\u00e9ratif, dans lequel vous devrez sauver l&#039;Oeuf de Dodo en construisant des passerelles jusqu&#039;au bateau o\u00f9 il sera en s\u00e9curit\u00e9.\" \/>\n<meta property=\"og:url\" content=\"https:\/\/crocjeux.com\/index.php\/produit\/dodo\/\" \/>\n<meta property=\"og:site_name\" content=\"Croc Jeux\" \/>\n<meta property=\"article:modified_time\" content=\"2023-02-02T10:24:33+00:00\" \/>\n<meta property=\"og:image\" content=\"https:\/\/crocjeux.com\/wp-content\/uploads\/2023\/01\/dodo.webp\" \/>\n\t<meta property=\"og:image:width\" content=\"372\" \/>\n\t<meta property=\"og:image:height\" content=\"372\" \/>\n\t<meta property=\"og:image:type\" content=\"image\/webp\" \/>\n<meta name=\"twitter:card\" content=\"summary_large_image\" \/>\n<meta name=\"twitter:label1\" content=\"Dur\u00e9e de lecture estim\u00e9e\" \/>\n\t<meta name=\"twitter:data1\" content=\"2 minutes\" \/>\n<script type=\"application\/ld+json\" class=\"yoast-schema-graph\">{\"@context\":\"https:\/\/schema.org\",\"@graph\":[{\"@type\":\"WebPage\",\"@id\":\"https:\/\/crocjeux.com\/index.php\/produit\/dodo\/\",\"url\":\"https:\/\/crocjeux.com\/index.php\/produit\/dodo\/\",\"name\":\"Dodo - Croc Jeux\",\"isPartOf\":{\"@id\":\"https:\/\/crocjeux.com\/#website\"},\"primaryImageOfPage\":{\"@id\":\"https:\/\/crocjeux.com\/index.php\/produit\/dodo\/#primaryimage\"},\"image\":{\"@id\":\"https:\/\/crocjeux.com\/index.php\/produit\/dodo\/#primaryimage\"},\"thumbnailUrl\":\"https:\/\/crocjeux.com\/wp-content\/uploads\/2023\/01\/dodo.webp\",\"datePublished\":\"2023-01-31T16:42:09+00:00\",\"dateModified\":\"2023-02-02T10:24:33+00:00\",\"description\":\"Dodo est un jeu de m\u00e9moire coop\u00e9ratif, dans lequel vous devrez sauver l'Oeuf de Dodo en construisant des passerelles jusqu'au bateau o\u00f9 il sera en s\u00e9curit\u00e9.\",\"breadcrumb\":{\"@id\":\"https:\/\/crocjeux.com\/index.php\/produit\/dodo\/#breadcrumb\"},\"inLanguage\":\"fr-FR\",\"potentialAction\":[{\"@type\":\"ReadAction\",\"target\":[\"https:\/\/crocjeux.com\/index.php\/produit\/dodo\/\"]}]},{\"@type\":\"ImageObject\",\"inLanguage\":\"fr-FR\",\"@id\":\"https:\/\/crocjeux.com\/index.php\/produit\/dodo\/#primaryimage\",\"url\":\"https:\/\/crocjeux.com\/wp-content\/uploads\/2023\/01\/dodo.webp\",\"contentUrl\":\"https:\/\/crocjeux.com\/wp-content\/uploads\/2023\/01\/dodo.webp\",\"width\":372,\"height\":372},{\"@type\":\"BreadcrumbList\",\"@id\":\"https:\/\/crocjeux.com\/index.php\/produit\/dodo\/#breadcrumb\",\"itemListElement\":[{\"@type\":\"ListItem\",\"position\":1,\"name\":\"Accueil\",\"item\":\"https:\/\/crocjeux.com\/\"},{\"@type\":\"ListItem\",\"position\":2,\"name\":\"Boutique\",\"item\":\"https:\/\/crocjeux.com\/\"},{\"@type\":\"ListItem\",\"position\":3,\"name\":\"Dodo\"}]},{\"@type\":\"WebSite\",\"@id\":\"https:\/\/crocjeux.com\/#website\",\"url\":\"https:\/\/crocjeux.com\/\",\"name\":\"Croc Jeux\",\"description\":\"Bienvenue chez Croc Jeux!\",\"publisher\":{\"@id\":\"https:\/\/crocjeux.com\/#organization\"},\"potentialAction\":[{\"@type\":\"SearchAction\",\"target\":{\"@type\":\"EntryPoint\",\"urlTemplate\":\"https:\/\/crocjeux.com\/?s={search_term_string}\"},\"query-input\":{\"@type\":\"PropertyValueSpecification\",\"valueRequired\":true,\"valueName\":\"search_term_string\"}}],\"inLanguage\":\"fr-FR\"},{\"@type\":\"Organization\",\"@id\":\"https:\/\/crocjeux.com\/#organization\",\"name\":\"Croc Jeux\",\"url\":\"https:\/\/crocjeux.com\/\",\"logo\":{\"@type\":\"ImageObject\",\"inLanguage\":\"fr-FR\",\"@id\":\"https:\/\/crocjeux.com\/#\/schema\/logo\/image\/\",\"url\":\"https:\/\/crocjeux.com\/wp-content\/uploads\/2022\/01\/cropped-logo-croc-etape-1-e1644574034239.jpg\",\"contentUrl\":\"https:\/\/crocjeux.com\/wp-content\/uploads\/2022\/01\/cropped-logo-croc-etape-1-e1644574034239.jpg\",\"width\":1224,\"height\":314,\"caption\":\"Croc Jeux\"},\"image\":{\"@id\":\"https:\/\/crocjeux.com\/#\/schema\/logo\/image\/\"}}]}<\/script>\n<!-- \/ Yoast SEO plugin. -->","yoast_head_json":{"title":"Dodo - Croc Jeux","description":"Dodo est un jeu de m\u00e9moire coop\u00e9ratif, dans lequel vous devrez sauver l'Oeuf de Dodo en construisant des passerelles jusqu'au bateau o\u00f9 il sera en s\u00e9curit\u00e9.","robots":{"index":"index","follow":"follow","max-snippet":"max-snippet:-1","max-image-preview":"max-image-preview:large","max-video-preview":"max-video-preview:-1"},"canonical":"https:\/\/crocjeux.com\/index.php\/produit\/dodo\/","og_locale":"fr_FR","og_type":"article","og_title":"Dodo - Croc Jeux","og_description":"Dodo est un jeu de m\u00e9moire coop\u00e9ratif, dans lequel vous devrez sauver l'Oeuf de Dodo en construisant des passerelles jusqu'au bateau o\u00f9 il sera en s\u00e9curit\u00e9.","og_url":"https:\/\/crocjeux.com\/index.php\/produit\/dodo\/","og_site_name":"Croc Jeux","article_modified_time":"2023-02-02T10:24:33+00:00","og_image":[{"width":372,"height":372,"url":"https:\/\/crocjeux.com\/wp-content\/uploads\/2023\/01\/dodo.webp","type":"image\/webp"}],"twitter_card":"summary_large_image","twitter_misc":{"Dur\u00e9e de lecture estim\u00e9e":"2 minutes"},"schema":{"@context":"https:\/\/schema.org","@graph":[{"@type":"WebPage","@id":"https:\/\/crocjeux.com\/index.php\/produit\/dodo\/","url":"https:\/\/crocjeux.com\/index.php\/produit\/dodo\/","name":"Dodo - Croc Jeux","isPartOf":{"@id":"https:\/\/crocjeux.com\/#website"},"primaryImageOfPage":{"@id":"https:\/\/crocjeux.com\/index.php\/produit\/dodo\/#primaryimage"},"image":{"@id":"https:\/\/crocjeux.com\/index.php\/produit\/dodo\/#primaryimage"},"thumbnailUrl":"https:\/\/crocjeux.com\/wp-content\/uploads\/2023\/01\/dodo.webp","datePublished":"2023-01-31T16:42:09+00:00","dateModified":"2023-02-02T10:24:33+00:00","description":"Dodo est un jeu de m\u00e9moire coop\u00e9ratif, dans lequel vous devrez sauver l'Oeuf de Dodo en construisant des passerelles jusqu'au bateau o\u00f9 il sera en s\u00e9curit\u00e9.","breadcrumb":{"@id":"https:\/\/crocjeux.com\/index.php\/produit\/dodo\/#breadcrumb"},"inLanguage":"fr-FR","potentialAction":[{"@type":"ReadAction","target":["https:\/\/crocjeux.com\/index.php\/produit\/dodo\/"]}]},{"@type":"ImageObject","inLanguage":"fr-FR","@id":"https:\/\/crocjeux.com\/index.php\/produit\/dodo\/#primaryimage","url":"https:\/\/crocjeux.com\/wp-content\/uploads\/2023\/01\/dodo.webp","contentUrl":"https:\/\/crocjeux.com\/wp-content\/uploads\/2023\/01\/dodo.webp","width":372,"height":372},{"@type":"BreadcrumbList","@id":"https:\/\/crocjeux.com\/index.php\/produit\/dodo\/#breadcrumb","itemListElement":[{"@type":"ListItem","position":1,"name":"Accueil","item":"https:\/\/crocjeux.com\/"},{"@type":"ListItem","position":2,"name":"Boutique","item":"https:\/\/crocjeux.com\/"},{"@type":"ListItem","position":3,"name":"Dodo"}]},{"@type":"WebSite","@id":"https:\/\/crocjeux.com\/#website","url":"https:\/\/crocjeux.com\/","name":"Croc Jeux","description":"Bienvenue chez Croc Jeux!","publisher":{"@id":"https:\/\/crocjeux.com\/#organization"},"potentialAction":[{"@type":"SearchAction","target":{"@type":"EntryPoint","urlTemplate":"https:\/\/crocjeux.com\/?s={search_term_string}"},"query-input":{"@type":"PropertyValueSpecification","valueRequired":true,"valueName":"search_term_string"}}],"inLanguage":"fr-FR"},{"@type":"Organization","@id":"https:\/\/crocjeux.com\/#organization","name":"Croc Jeux","url":"https:\/\/crocjeux.com\/","logo":{"@type":"ImageObject","inLanguage":"fr-FR","@id":"https:\/\/crocjeux.com\/#\/schema\/logo\/image\/","url":"https:\/\/crocjeux.com\/wp-content\/uploads\/2022\/01\/cropped-logo-croc-etape-1-e1644574034239.jpg","contentUrl":"https:\/\/crocjeux.com\/wp-content\/uploads\/2022\/01\/cropped-logo-croc-etape-1-e1644574034239.jpg","width":1224,"height":314,"caption":"Croc Jeux"},"image":{"@id":"https:\/\/crocjeux.com\/#\/schema\/logo\/image\/"}}]}},"_links":{"self":[{"href":"https:\/\/crocjeux.com\/index.php\/wp-json\/wp\/v2\/product\/4496","targetHints":{"allow":["GET"]}}],"collection":[{"href":"https:\/\/crocjeux.com\/index.php\/wp-json\/wp\/v2\/product"}],"about":[{"href":"https:\/\/crocjeux.com\/index.php\/wp-json\/wp\/v2\/types\/product"}],"replies":[{"embeddable":true,"href":"https:\/\/crocjeux.com\/index.php\/wp-json\/wp\/v2\/comments?post=4496"}],"wp:featuredmedia":[{"embeddable":true,"href":"https:\/\/crocjeux.com\/index.php\/wp-json\/wp\/v2\/media\/4497"}],"wp:attachment":[{"href":"https:\/\/crocjeux.com\/index.php\/wp-json\/wp\/v2\/media?parent=4496"}],"wp:term":[{"taxonomy":"product_brand","embeddable":true,"href":"https:\/\/crocjeux.com\/index.php\/wp-json\/wp\/v2\/product_brand?post=4496"},{"taxonomy":"product_cat","embeddable":true,"href":"https:\/\/crocjeux.com\/index.php\/wp-json\/wp\/v2\/product_cat?post=4496"},{"taxonomy":"product_tag","embeddable":true,"href":"https:\/\/crocjeux.com\/index.php\/wp-json\/wp\/v2\/product_tag?post=4496"}],"curies":[{"name":"wp","href":"https:\/\/api.w.org\/{rel}","templated":true}]}}