{"id":4511,"date":"2023-01-31T18:41:33","date_gmt":"2023-01-31T17:41:33","guid":{"rendered":"https:\/\/crocjeux.com\/?post_type=product&#038;p=4511"},"modified":"2024-07-29T12:14:40","modified_gmt":"2024-07-29T11:14:40","slug":"ark-nova","status":"publish","type":"product","link":"https:\/\/crocjeux.com\/index.php\/produit\/ark-nova\/","title":{"rendered":"Ark Nova"},"content":{"rendered":"<div>\n<h2>Un jeu de draft et de collection<\/h2>\n<p>Dans\u00a0Ark Nova, vous planifiez et construisez un zoo moderne, g\u00e9r\u00e9 de mani\u00e8re scientifique. Vous cr\u00e9ez des enclos, h\u00e9bergez des animaux et soutenez des projets de protection des esp\u00e8ces dans le monde entier afin de construire le zoo le plus performant. Des sp\u00e9cialistes et des constructions sp\u00e9ciales vous aideront \u00e0 atteindre cet objectif.<\/p>\n<h2>Pr\u00e9parez et d\u00e9veloppez un zoo moderne \u00e0 vis\u00e9e scientifique<\/h2>\n<\/div>\n<div>Pour diriger l\u2019\u00e9tablissement le plus efficace, vous construisez des enclos pour abriter vos animaux et soutenez des projets de conservation pour assurer la pr\u00e9servation des diff\u00e9rentes esp\u00e8ces.<\/div>\n<div><\/div>\n<div>Des sp\u00e9cialistes et des b\u00e2timents uniques vous apportent une aide pr\u00e9cieuse. Ark Nova s\u2019articule autour de 255 cartes d\u2019animaux, de sp\u00e9cialistes, d\u2019enclos uniques et de projets de conservation, chacune disposant de capacit\u00e9s sp\u00e9cifiques.<\/div>\n<div><\/div>\n<div>Utilisez ces cartes pour augmenter l\u2019attrait et la r\u00e9putation scientifique de votre zoo et pour gagner des points de conservation. Vos cartes Action vous permettent de pr\u00e9parer et ex\u00e9cuter vos plans \u00e0 plus ou moins long terme.<\/div>\n","protected":false},"excerpt":{"rendered":"<p>Ark Nova est un jeu de draft et de collection dans lequel les joueurs ont pour objectif de concevoir un zoo moderne pour g\u00e9rer un parc prosp\u00e8re et soutenir les projets de conservation du monde animal.<\/p>\n","protected":false},"featured_media":4512,"comment_status":"open","ping_status":"closed","template":"","meta":{"colormag_page_container_layout":"default_layout","colormag_page_sidebar_layout":"default_layout"},"product_brand":[],"product_cat":[30,36,37],"product_tag":[],"class_list":{"0":"post-4511","1":"product","2":"type-product","3":"status-publish","4":"has-post-thumbnail","6":"product_cat-jeux-collaboratifs","7":"product_cat-jeux-familiaux","8":"product_cat-ne-ratez-pas","10":"first","11":"instock","12":"taxable","13":"shipping-taxable","14":"purchasable","15":"product-type-simple"},"yoast_head":"<!-- This site is optimized with the Yoast SEO plugin v27.4 - https:\/\/yoast.com\/product\/yoast-seo-wordpress\/ -->\n<title>Ark Nova - Croc Jeux<\/title>\n<meta name=\"description\" content=\"Ark Nova est un jeu de draft et de collection dans lequel les joueurs ont pour objectif de concevoir un zoo moderne pour g\u00e9rer un parc prosp\u00e8re et soutenir les projets de conservation du monde animal.\" \/>\n<meta name=\"robots\" content=\"index, follow, max-snippet:-1, max-image-preview:large, max-video-preview:-1\" \/>\n<link rel=\"canonical\" href=\"https:\/\/crocjeux.com\/index.php\/produit\/ark-nova\/\" \/>\n<meta property=\"og:locale\" content=\"fr_FR\" \/>\n<meta property=\"og:type\" content=\"article\" \/>\n<meta property=\"og:title\" content=\"Ark Nova - Croc Jeux\" \/>\n<meta property=\"og:description\" content=\"Ark Nova est un jeu de draft et de collection dans lequel les joueurs ont pour objectif de concevoir un zoo moderne pour g\u00e9rer un parc prosp\u00e8re et soutenir les projets de conservation du monde animal.\" \/>\n<meta property=\"og:url\" content=\"https:\/\/crocjeux.com\/index.php\/produit\/ark-nova\/\" \/>\n<meta property=\"og:site_name\" content=\"Croc Jeux\" \/>\n<meta property=\"article:modified_time\" content=\"2024-07-29T11:14:40+00:00\" \/>\n<meta property=\"og:image\" content=\"https:\/\/crocjeux.com\/wp-content\/uploads\/2023\/01\/ark-nova.webp\" \/>\n\t<meta property=\"og:image:width\" content=\"372\" \/>\n\t<meta property=\"og:image:height\" content=\"372\" \/>\n\t<meta property=\"og:image:type\" content=\"image\/webp\" \/>\n<meta name=\"twitter:card\" content=\"summary_large_image\" \/>\n<meta name=\"twitter:label1\" content=\"Dur\u00e9e de lecture estim\u00e9e\" \/>\n\t<meta name=\"twitter:data1\" content=\"1 minute\" \/>\n<script type=\"application\/ld+json\" class=\"yoast-schema-graph\">{\"@context\":\"https:\\\/\\\/schema.org\",\"@graph\":[{\"@type\":\"WebPage\",\"@id\":\"https:\\\/\\\/crocjeux.com\\\/index.php\\\/produit\\\/ark-nova\\\/\",\"url\":\"https:\\\/\\\/crocjeux.com\\\/index.php\\\/produit\\\/ark-nova\\\/\",\"name\":\"Ark Nova - Croc Jeux\",\"isPartOf\":{\"@id\":\"https:\\\/\\\/crocjeux.com\\\/#website\"},\"primaryImageOfPage\":{\"@id\":\"https:\\\/\\\/crocjeux.com\\\/index.php\\\/produit\\\/ark-nova\\\/#primaryimage\"},\"image\":{\"@id\":\"https:\\\/\\\/crocjeux.com\\\/index.php\\\/produit\\\/ark-nova\\\/#primaryimage\"},\"thumbnailUrl\":\"https:\\\/\\\/crocjeux.com\\\/wp-content\\\/uploads\\\/2023\\\/01\\\/ark-nova.webp\",\"datePublished\":\"2023-01-31T17:41:33+00:00\",\"dateModified\":\"2024-07-29T11:14:40+00:00\",\"description\":\"Ark Nova est un jeu de draft et de collection dans lequel les joueurs ont pour objectif de concevoir un zoo moderne pour g\u00e9rer un parc prosp\u00e8re et soutenir les projets de conservation du monde animal.\",\"breadcrumb\":{\"@id\":\"https:\\\/\\\/crocjeux.com\\\/index.php\\\/produit\\\/ark-nova\\\/#breadcrumb\"},\"inLanguage\":\"fr-FR\",\"potentialAction\":[{\"@type\":\"ReadAction\",\"target\":[\"https:\\\/\\\/crocjeux.com\\\/index.php\\\/produit\\\/ark-nova\\\/\"]}]},{\"@type\":\"ImageObject\",\"inLanguage\":\"fr-FR\",\"@id\":\"https:\\\/\\\/crocjeux.com\\\/index.php\\\/produit\\\/ark-nova\\\/#primaryimage\",\"url\":\"https:\\\/\\\/crocjeux.com\\\/wp-content\\\/uploads\\\/2023\\\/01\\\/ark-nova.webp\",\"contentUrl\":\"https:\\\/\\\/crocjeux.com\\\/wp-content\\\/uploads\\\/2023\\\/01\\\/ark-nova.webp\",\"width\":372,\"height\":372},{\"@type\":\"BreadcrumbList\",\"@id\":\"https:\\\/\\\/crocjeux.com\\\/index.php\\\/produit\\\/ark-nova\\\/#breadcrumb\",\"itemListElement\":[{\"@type\":\"ListItem\",\"position\":1,\"name\":\"Accueil\",\"item\":\"https:\\\/\\\/crocjeux.com\\\/\"},{\"@type\":\"ListItem\",\"position\":2,\"name\":\"Boutique\",\"item\":\"https:\\\/\\\/crocjeux.com\\\/\"},{\"@type\":\"ListItem\",\"position\":3,\"name\":\"Ark Nova\"}]},{\"@type\":\"WebSite\",\"@id\":\"https:\\\/\\\/crocjeux.com\\\/#website\",\"url\":\"https:\\\/\\\/crocjeux.com\\\/\",\"name\":\"Croc Jeux\",\"description\":\"Bienvenue chez Croc Jeux!\",\"publisher\":{\"@id\":\"https:\\\/\\\/crocjeux.com\\\/#organization\"},\"potentialAction\":[{\"@type\":\"SearchAction\",\"target\":{\"@type\":\"EntryPoint\",\"urlTemplate\":\"https:\\\/\\\/crocjeux.com\\\/?s={search_term_string}\"},\"query-input\":{\"@type\":\"PropertyValueSpecification\",\"valueRequired\":true,\"valueName\":\"search_term_string\"}}],\"inLanguage\":\"fr-FR\"},{\"@type\":\"Organization\",\"@id\":\"https:\\\/\\\/crocjeux.com\\\/#organization\",\"name\":\"Croc Jeux\",\"url\":\"https:\\\/\\\/crocjeux.com\\\/\",\"logo\":{\"@type\":\"ImageObject\",\"inLanguage\":\"fr-FR\",\"@id\":\"https:\\\/\\\/crocjeux.com\\\/#\\\/schema\\\/logo\\\/image\\\/\",\"url\":\"https:\\\/\\\/crocjeux.com\\\/wp-content\\\/uploads\\\/2022\\\/01\\\/cropped-logo-croc-etape-1-e1644574034239.jpg\",\"contentUrl\":\"https:\\\/\\\/crocjeux.com\\\/wp-content\\\/uploads\\\/2022\\\/01\\\/cropped-logo-croc-etape-1-e1644574034239.jpg\",\"width\":1224,\"height\":314,\"caption\":\"Croc Jeux\"},\"image\":{\"@id\":\"https:\\\/\\\/crocjeux.com\\\/#\\\/schema\\\/logo\\\/image\\\/\"}}]}<\/script>\n<!-- \/ Yoast SEO plugin. -->","yoast_head_json":{"title":"Ark Nova - Croc Jeux","description":"Ark Nova est un jeu de draft et de collection dans lequel les joueurs ont pour objectif de concevoir un zoo moderne pour g\u00e9rer un parc prosp\u00e8re et soutenir les projets de conservation du monde animal.","robots":{"index":"index","follow":"follow","max-snippet":"max-snippet:-1","max-image-preview":"max-image-preview:large","max-video-preview":"max-video-preview:-1"},"canonical":"https:\/\/crocjeux.com\/index.php\/produit\/ark-nova\/","og_locale":"fr_FR","og_type":"article","og_title":"Ark Nova - Croc Jeux","og_description":"Ark Nova est un jeu de draft et de collection dans lequel les joueurs ont pour objectif de concevoir un zoo moderne pour g\u00e9rer un parc prosp\u00e8re et soutenir les projets de conservation du monde animal.","og_url":"https:\/\/crocjeux.com\/index.php\/produit\/ark-nova\/","og_site_name":"Croc Jeux","article_modified_time":"2024-07-29T11:14:40+00:00","og_image":[{"width":372,"height":372,"url":"https:\/\/crocjeux.com\/wp-content\/uploads\/2023\/01\/ark-nova.webp","type":"image\/webp"}],"twitter_card":"summary_large_image","twitter_misc":{"Dur\u00e9e de lecture estim\u00e9e":"1 minute"},"schema":{"@context":"https:\/\/schema.org","@graph":[{"@type":"WebPage","@id":"https:\/\/crocjeux.com\/index.php\/produit\/ark-nova\/","url":"https:\/\/crocjeux.com\/index.php\/produit\/ark-nova\/","name":"Ark Nova - Croc Jeux","isPartOf":{"@id":"https:\/\/crocjeux.com\/#website"},"primaryImageOfPage":{"@id":"https:\/\/crocjeux.com\/index.php\/produit\/ark-nova\/#primaryimage"},"image":{"@id":"https:\/\/crocjeux.com\/index.php\/produit\/ark-nova\/#primaryimage"},"thumbnailUrl":"https:\/\/crocjeux.com\/wp-content\/uploads\/2023\/01\/ark-nova.webp","datePublished":"2023-01-31T17:41:33+00:00","dateModified":"2024-07-29T11:14:40+00:00","description":"Ark Nova est un jeu de draft et de collection dans lequel les joueurs ont pour objectif de concevoir un zoo moderne pour g\u00e9rer un parc prosp\u00e8re et soutenir les projets de conservation du monde animal.","breadcrumb":{"@id":"https:\/\/crocjeux.com\/index.php\/produit\/ark-nova\/#breadcrumb"},"inLanguage":"fr-FR","potentialAction":[{"@type":"ReadAction","target":["https:\/\/crocjeux.com\/index.php\/produit\/ark-nova\/"]}]},{"@type":"ImageObject","inLanguage":"fr-FR","@id":"https:\/\/crocjeux.com\/index.php\/produit\/ark-nova\/#primaryimage","url":"https:\/\/crocjeux.com\/wp-content\/uploads\/2023\/01\/ark-nova.webp","contentUrl":"https:\/\/crocjeux.com\/wp-content\/uploads\/2023\/01\/ark-nova.webp","width":372,"height":372},{"@type":"BreadcrumbList","@id":"https:\/\/crocjeux.com\/index.php\/produit\/ark-nova\/#breadcrumb","itemListElement":[{"@type":"ListItem","position":1,"name":"Accueil","item":"https:\/\/crocjeux.com\/"},{"@type":"ListItem","position":2,"name":"Boutique","item":"https:\/\/crocjeux.com\/"},{"@type":"ListItem","position":3,"name":"Ark Nova"}]},{"@type":"WebSite","@id":"https:\/\/crocjeux.com\/#website","url":"https:\/\/crocjeux.com\/","name":"Croc Jeux","description":"Bienvenue chez Croc Jeux!","publisher":{"@id":"https:\/\/crocjeux.com\/#organization"},"potentialAction":[{"@type":"SearchAction","target":{"@type":"EntryPoint","urlTemplate":"https:\/\/crocjeux.com\/?s={search_term_string}"},"query-input":{"@type":"PropertyValueSpecification","valueRequired":true,"valueName":"search_term_string"}}],"inLanguage":"fr-FR"},{"@type":"Organization","@id":"https:\/\/crocjeux.com\/#organization","name":"Croc Jeux","url":"https:\/\/crocjeux.com\/","logo":{"@type":"ImageObject","inLanguage":"fr-FR","@id":"https:\/\/crocjeux.com\/#\/schema\/logo\/image\/","url":"https:\/\/crocjeux.com\/wp-content\/uploads\/2022\/01\/cropped-logo-croc-etape-1-e1644574034239.jpg","contentUrl":"https:\/\/crocjeux.com\/wp-content\/uploads\/2022\/01\/cropped-logo-croc-etape-1-e1644574034239.jpg","width":1224,"height":314,"caption":"Croc Jeux"},"image":{"@id":"https:\/\/crocjeux.com\/#\/schema\/logo\/image\/"}}]}},"_links":{"self":[{"href":"https:\/\/crocjeux.com\/index.php\/wp-json\/wp\/v2\/product\/4511","targetHints":{"allow":["GET"]}}],"collection":[{"href":"https:\/\/crocjeux.com\/index.php\/wp-json\/wp\/v2\/product"}],"about":[{"href":"https:\/\/crocjeux.com\/index.php\/wp-json\/wp\/v2\/types\/product"}],"replies":[{"embeddable":true,"href":"https:\/\/crocjeux.com\/index.php\/wp-json\/wp\/v2\/comments?post=4511"}],"wp:featuredmedia":[{"embeddable":true,"href":"https:\/\/crocjeux.com\/index.php\/wp-json\/wp\/v2\/media\/4512"}],"wp:attachment":[{"href":"https:\/\/crocjeux.com\/index.php\/wp-json\/wp\/v2\/media?parent=4511"}],"wp:term":[{"taxonomy":"product_brand","embeddable":true,"href":"https:\/\/crocjeux.com\/index.php\/wp-json\/wp\/v2\/product_brand?post=4511"},{"taxonomy":"product_cat","embeddable":true,"href":"https:\/\/crocjeux.com\/index.php\/wp-json\/wp\/v2\/product_cat?post=4511"},{"taxonomy":"product_tag","embeddable":true,"href":"https:\/\/crocjeux.com\/index.php\/wp-json\/wp\/v2\/product_tag?post=4511"}],"curies":[{"name":"wp","href":"https:\/\/api.w.org\/{rel}","templated":true}]}}