{"id":4517,"date":"2023-01-31T19:05:12","date_gmt":"2023-01-31T18:05:12","guid":{"rendered":"https:\/\/crocjeux.com\/?post_type=product&#038;p=4517"},"modified":"2024-07-29T11:01:08","modified_gmt":"2024-07-29T10:01:08","slug":"savanah-park","status":"publish","type":"product","link":"https:\/\/crocjeux.com\/index.php\/produit\/savanah-park\/","title":{"rendered":"Savanah Park"},"content":{"rendered":"<h2>C&rsquo;est l&rsquo;histoire de la vie !<\/h2>\n<div>\n<p>Au c\u0153ur de l&rsquo;Afrique se trouve un paradis d&rsquo;une beaut\u00e9 incomparable. Ces \u00e9tendues sans fin abritent les plus grands animaux terrestres du continent et offrent au visiteur des vues \u00e0 couper le souffle. Vous \u00eates des rangers, chacun dirigeant son propre parc animalier dans cette magnifique partie du monde.<\/p>\n<div><\/div>\n<div>Aidez vos animaux \u00e0 se rassembler avec d&rsquo;autres de leur esp\u00e8ce dans les plus grands troupeaux possibles en les d\u00e9pla\u00e7ant vers de nouveaux espaces. Prot\u00e9gez les pr\u00e9cieux points d&rsquo;eau qui augmentent la valeur de votre parc et le prot\u00e8gent contre les feux de brousse. Plus il y a d&rsquo;arbres ombrag\u00e9s et d&rsquo;herbe luxuriante dans votre parc, mieux c&rsquo;est. Une fois que tous les animaux ont \u00e9t\u00e9 d\u00e9plac\u00e9s, le jeu se termine par un tour de pointage. Le ranger qui a le plus de points gagne.<\/div>\n<div><\/div>\n<div>Savannah Park est un magnifique puzzle interactif dont le dessin est sign\u00e9 Annika Heller. D\u00e9velopp\u00e9 par le c\u00e9l\u00e8bre duo de concepteurs de jeux Wolfgang Kramer et Michael Kiesling, il combine des r\u00e8gles simples avec une exp\u00e9rience divertissante et familiale et contient \u00e9galement une variante des r\u00e8gles pour jouer en solo. Les variantes offrent de nouveaux d\u00e9fis et une plus grande profondeur dans le jeu pour les plus exp\u00e9riment\u00e9s !<\/div>\n<\/div>\n","protected":false},"excerpt":{"rendered":"<p>Aidez les animaux \u00e0 former le plus grands troupeaux possible en les d\u00e9pla\u00e7ant intelligemment dans votre r\u00e9serve naturelle.<\/p>\n","protected":false},"featured_media":4518,"comment_status":"open","ping_status":"closed","template":"","meta":{"colormag_page_container_layout":"default_layout","colormag_page_sidebar_layout":"default_layout"},"product_brand":[],"product_cat":[18,44],"product_tag":[],"class_list":{"0":"post-4517","1":"product","2":"type-product","3":"status-publish","4":"has-post-thumbnail","6":"product_cat-jeux-de-strategie","7":"product_cat-jeux-solo","9":"first","10":"instock","11":"taxable","12":"shipping-taxable","13":"purchasable","14":"product-type-simple"},"yoast_head":"<!-- This site is optimized with the Yoast SEO plugin v27.4 - https:\/\/yoast.com\/product\/yoast-seo-wordpress\/ -->\n<title>Savanah Park - Croc Jeux<\/title>\n<meta name=\"description\" content=\"Aidez les animaux \u00e0 former le plus grands troupeaux possible en les d\u00e9pla\u00e7ant intelligemment dans votre r\u00e9serve naturelle.\" \/>\n<meta name=\"robots\" content=\"index, follow, max-snippet:-1, max-image-preview:large, max-video-preview:-1\" \/>\n<link rel=\"canonical\" href=\"https:\/\/crocjeux.com\/index.php\/produit\/savanah-park\/\" \/>\n<meta property=\"og:locale\" content=\"fr_FR\" \/>\n<meta property=\"og:type\" content=\"article\" \/>\n<meta property=\"og:title\" content=\"Savanah Park - Croc Jeux\" \/>\n<meta property=\"og:description\" content=\"Aidez les animaux \u00e0 former le plus grands troupeaux possible en les d\u00e9pla\u00e7ant intelligemment dans votre r\u00e9serve naturelle.\" \/>\n<meta property=\"og:url\" content=\"https:\/\/crocjeux.com\/index.php\/produit\/savanah-park\/\" \/>\n<meta property=\"og:site_name\" content=\"Croc Jeux\" \/>\n<meta property=\"article:modified_time\" content=\"2024-07-29T10:01:08+00:00\" \/>\n<meta property=\"og:image\" content=\"https:\/\/crocjeux.com\/wp-content\/uploads\/2023\/01\/savannah-park.jpg\" \/>\n\t<meta property=\"og:image:width\" content=\"372\" \/>\n\t<meta property=\"og:image:height\" content=\"372\" \/>\n\t<meta property=\"og:image:type\" content=\"image\/jpeg\" \/>\n<meta name=\"twitter:card\" content=\"summary_large_image\" \/>\n<meta name=\"twitter:label1\" content=\"Dur\u00e9e de lecture estim\u00e9e\" \/>\n\t<meta name=\"twitter:data1\" content=\"2 minutes\" \/>\n<script type=\"application\/ld+json\" class=\"yoast-schema-graph\">{\"@context\":\"https:\\\/\\\/schema.org\",\"@graph\":[{\"@type\":\"WebPage\",\"@id\":\"https:\\\/\\\/crocjeux.com\\\/index.php\\\/produit\\\/savanah-park\\\/\",\"url\":\"https:\\\/\\\/crocjeux.com\\\/index.php\\\/produit\\\/savanah-park\\\/\",\"name\":\"Savanah Park - Croc Jeux\",\"isPartOf\":{\"@id\":\"https:\\\/\\\/crocjeux.com\\\/#website\"},\"primaryImageOfPage\":{\"@id\":\"https:\\\/\\\/crocjeux.com\\\/index.php\\\/produit\\\/savanah-park\\\/#primaryimage\"},\"image\":{\"@id\":\"https:\\\/\\\/crocjeux.com\\\/index.php\\\/produit\\\/savanah-park\\\/#primaryimage\"},\"thumbnailUrl\":\"https:\\\/\\\/crocjeux.com\\\/wp-content\\\/uploads\\\/2023\\\/01\\\/savannah-park.jpg\",\"datePublished\":\"2023-01-31T18:05:12+00:00\",\"dateModified\":\"2024-07-29T10:01:08+00:00\",\"description\":\"Aidez les animaux \u00e0 former le plus grands troupeaux possible en les d\u00e9pla\u00e7ant intelligemment dans votre r\u00e9serve naturelle.\",\"breadcrumb\":{\"@id\":\"https:\\\/\\\/crocjeux.com\\\/index.php\\\/produit\\\/savanah-park\\\/#breadcrumb\"},\"inLanguage\":\"fr-FR\",\"potentialAction\":[{\"@type\":\"ReadAction\",\"target\":[\"https:\\\/\\\/crocjeux.com\\\/index.php\\\/produit\\\/savanah-park\\\/\"]}]},{\"@type\":\"ImageObject\",\"inLanguage\":\"fr-FR\",\"@id\":\"https:\\\/\\\/crocjeux.com\\\/index.php\\\/produit\\\/savanah-park\\\/#primaryimage\",\"url\":\"https:\\\/\\\/crocjeux.com\\\/wp-content\\\/uploads\\\/2023\\\/01\\\/savannah-park.jpg\",\"contentUrl\":\"https:\\\/\\\/crocjeux.com\\\/wp-content\\\/uploads\\\/2023\\\/01\\\/savannah-park.jpg\",\"width\":372,\"height\":372},{\"@type\":\"BreadcrumbList\",\"@id\":\"https:\\\/\\\/crocjeux.com\\\/index.php\\\/produit\\\/savanah-park\\\/#breadcrumb\",\"itemListElement\":[{\"@type\":\"ListItem\",\"position\":1,\"name\":\"Accueil\",\"item\":\"https:\\\/\\\/crocjeux.com\\\/\"},{\"@type\":\"ListItem\",\"position\":2,\"name\":\"Boutique\",\"item\":\"https:\\\/\\\/crocjeux.com\\\/\"},{\"@type\":\"ListItem\",\"position\":3,\"name\":\"Savanah Park\"}]},{\"@type\":\"WebSite\",\"@id\":\"https:\\\/\\\/crocjeux.com\\\/#website\",\"url\":\"https:\\\/\\\/crocjeux.com\\\/\",\"name\":\"Croc Jeux\",\"description\":\"Bienvenue chez Croc Jeux!\",\"publisher\":{\"@id\":\"https:\\\/\\\/crocjeux.com\\\/#organization\"},\"potentialAction\":[{\"@type\":\"SearchAction\",\"target\":{\"@type\":\"EntryPoint\",\"urlTemplate\":\"https:\\\/\\\/crocjeux.com\\\/?s={search_term_string}\"},\"query-input\":{\"@type\":\"PropertyValueSpecification\",\"valueRequired\":true,\"valueName\":\"search_term_string\"}}],\"inLanguage\":\"fr-FR\"},{\"@type\":\"Organization\",\"@id\":\"https:\\\/\\\/crocjeux.com\\\/#organization\",\"name\":\"Croc Jeux\",\"url\":\"https:\\\/\\\/crocjeux.com\\\/\",\"logo\":{\"@type\":\"ImageObject\",\"inLanguage\":\"fr-FR\",\"@id\":\"https:\\\/\\\/crocjeux.com\\\/#\\\/schema\\\/logo\\\/image\\\/\",\"url\":\"https:\\\/\\\/crocjeux.com\\\/wp-content\\\/uploads\\\/2022\\\/01\\\/cropped-logo-croc-etape-1-e1644574034239.jpg\",\"contentUrl\":\"https:\\\/\\\/crocjeux.com\\\/wp-content\\\/uploads\\\/2022\\\/01\\\/cropped-logo-croc-etape-1-e1644574034239.jpg\",\"width\":1224,\"height\":314,\"caption\":\"Croc Jeux\"},\"image\":{\"@id\":\"https:\\\/\\\/crocjeux.com\\\/#\\\/schema\\\/logo\\\/image\\\/\"}}]}<\/script>\n<!-- \/ Yoast SEO plugin. -->","yoast_head_json":{"title":"Savanah Park - Croc Jeux","description":"Aidez les animaux \u00e0 former le plus grands troupeaux possible en les d\u00e9pla\u00e7ant intelligemment dans votre r\u00e9serve naturelle.","robots":{"index":"index","follow":"follow","max-snippet":"max-snippet:-1","max-image-preview":"max-image-preview:large","max-video-preview":"max-video-preview:-1"},"canonical":"https:\/\/crocjeux.com\/index.php\/produit\/savanah-park\/","og_locale":"fr_FR","og_type":"article","og_title":"Savanah Park - Croc Jeux","og_description":"Aidez les animaux \u00e0 former le plus grands troupeaux possible en les d\u00e9pla\u00e7ant intelligemment dans votre r\u00e9serve naturelle.","og_url":"https:\/\/crocjeux.com\/index.php\/produit\/savanah-park\/","og_site_name":"Croc Jeux","article_modified_time":"2024-07-29T10:01:08+00:00","og_image":[{"width":372,"height":372,"url":"https:\/\/crocjeux.com\/wp-content\/uploads\/2023\/01\/savannah-park.jpg","type":"image\/jpeg"}],"twitter_card":"summary_large_image","twitter_misc":{"Dur\u00e9e de lecture estim\u00e9e":"2 minutes"},"schema":{"@context":"https:\/\/schema.org","@graph":[{"@type":"WebPage","@id":"https:\/\/crocjeux.com\/index.php\/produit\/savanah-park\/","url":"https:\/\/crocjeux.com\/index.php\/produit\/savanah-park\/","name":"Savanah Park - Croc Jeux","isPartOf":{"@id":"https:\/\/crocjeux.com\/#website"},"primaryImageOfPage":{"@id":"https:\/\/crocjeux.com\/index.php\/produit\/savanah-park\/#primaryimage"},"image":{"@id":"https:\/\/crocjeux.com\/index.php\/produit\/savanah-park\/#primaryimage"},"thumbnailUrl":"https:\/\/crocjeux.com\/wp-content\/uploads\/2023\/01\/savannah-park.jpg","datePublished":"2023-01-31T18:05:12+00:00","dateModified":"2024-07-29T10:01:08+00:00","description":"Aidez les animaux \u00e0 former le plus grands troupeaux possible en les d\u00e9pla\u00e7ant intelligemment dans votre r\u00e9serve naturelle.","breadcrumb":{"@id":"https:\/\/crocjeux.com\/index.php\/produit\/savanah-park\/#breadcrumb"},"inLanguage":"fr-FR","potentialAction":[{"@type":"ReadAction","target":["https:\/\/crocjeux.com\/index.php\/produit\/savanah-park\/"]}]},{"@type":"ImageObject","inLanguage":"fr-FR","@id":"https:\/\/crocjeux.com\/index.php\/produit\/savanah-park\/#primaryimage","url":"https:\/\/crocjeux.com\/wp-content\/uploads\/2023\/01\/savannah-park.jpg","contentUrl":"https:\/\/crocjeux.com\/wp-content\/uploads\/2023\/01\/savannah-park.jpg","width":372,"height":372},{"@type":"BreadcrumbList","@id":"https:\/\/crocjeux.com\/index.php\/produit\/savanah-park\/#breadcrumb","itemListElement":[{"@type":"ListItem","position":1,"name":"Accueil","item":"https:\/\/crocjeux.com\/"},{"@type":"ListItem","position":2,"name":"Boutique","item":"https:\/\/crocjeux.com\/"},{"@type":"ListItem","position":3,"name":"Savanah Park"}]},{"@type":"WebSite","@id":"https:\/\/crocjeux.com\/#website","url":"https:\/\/crocjeux.com\/","name":"Croc Jeux","description":"Bienvenue chez Croc Jeux!","publisher":{"@id":"https:\/\/crocjeux.com\/#organization"},"potentialAction":[{"@type":"SearchAction","target":{"@type":"EntryPoint","urlTemplate":"https:\/\/crocjeux.com\/?s={search_term_string}"},"query-input":{"@type":"PropertyValueSpecification","valueRequired":true,"valueName":"search_term_string"}}],"inLanguage":"fr-FR"},{"@type":"Organization","@id":"https:\/\/crocjeux.com\/#organization","name":"Croc Jeux","url":"https:\/\/crocjeux.com\/","logo":{"@type":"ImageObject","inLanguage":"fr-FR","@id":"https:\/\/crocjeux.com\/#\/schema\/logo\/image\/","url":"https:\/\/crocjeux.com\/wp-content\/uploads\/2022\/01\/cropped-logo-croc-etape-1-e1644574034239.jpg","contentUrl":"https:\/\/crocjeux.com\/wp-content\/uploads\/2022\/01\/cropped-logo-croc-etape-1-e1644574034239.jpg","width":1224,"height":314,"caption":"Croc Jeux"},"image":{"@id":"https:\/\/crocjeux.com\/#\/schema\/logo\/image\/"}}]}},"_links":{"self":[{"href":"https:\/\/crocjeux.com\/index.php\/wp-json\/wp\/v2\/product\/4517","targetHints":{"allow":["GET"]}}],"collection":[{"href":"https:\/\/crocjeux.com\/index.php\/wp-json\/wp\/v2\/product"}],"about":[{"href":"https:\/\/crocjeux.com\/index.php\/wp-json\/wp\/v2\/types\/product"}],"replies":[{"embeddable":true,"href":"https:\/\/crocjeux.com\/index.php\/wp-json\/wp\/v2\/comments?post=4517"}],"wp:featuredmedia":[{"embeddable":true,"href":"https:\/\/crocjeux.com\/index.php\/wp-json\/wp\/v2\/media\/4518"}],"wp:attachment":[{"href":"https:\/\/crocjeux.com\/index.php\/wp-json\/wp\/v2\/media?parent=4517"}],"wp:term":[{"taxonomy":"product_brand","embeddable":true,"href":"https:\/\/crocjeux.com\/index.php\/wp-json\/wp\/v2\/product_brand?post=4517"},{"taxonomy":"product_cat","embeddable":true,"href":"https:\/\/crocjeux.com\/index.php\/wp-json\/wp\/v2\/product_cat?post=4517"},{"taxonomy":"product_tag","embeddable":true,"href":"https:\/\/crocjeux.com\/index.php\/wp-json\/wp\/v2\/product_tag?post=4517"}],"curies":[{"name":"wp","href":"https:\/\/api.w.org\/{rel}","templated":true}]}}