{"id":4519,"date":"2023-01-31T19:12:43","date_gmt":"2023-01-31T18:12:43","guid":{"rendered":"https:\/\/crocjeux.com\/?post_type=product&#038;p=4519"},"modified":"2023-01-31T19:12:43","modified_gmt":"2023-01-31T18:12:43","slug":"mysterium-kids-le-tresor-du-capitaine-bouh","status":"publish","type":"product","link":"https:\/\/crocjeux.com\/index.php\/produit\/mysterium-kids-le-tresor-du-capitaine-bouh\/","title":{"rendered":"Mysterium Kids: Le tr\u00e9sor du Capitaine Bouh"},"content":{"rendered":"<div>\n<h2>Retrouverez-vous le tr\u00e9sor du Capitaine Bouh ?<\/h2>\n<\/div>\n<div>Courageusement, vous d\u00e9cidez de passer la nuit dans un vieux manoir \u00e0 l&rsquo;ext\u00e9rieur de la ville. Selon la l\u00e9gende, il renferme un fabuleux tr\u00e9sor ! Alors que vous vous endormez, le fant\u00f4me du capitaine Bouh appara\u00eet pour vous aider \u00e0 trouver son tr\u00e9sor.<\/div>\n<div><\/div>\n<div>Comme tout fant\u00f4me qui se respecte, il ne peut pas parler, mais il peut faire du bruit pour vous indiquer dans quelles pi\u00e8ces chercher !<\/div>\n<div><\/div>\n<div>A tour de r\u00f4le, incarnez le capitaine ou les chercheurs du tr\u00e9sor et tenter de comprendre, gr\u00e2ce \u00e0 des sons effectu\u00e9s avec un tambourin, quelle carte illustr\u00e9e correspond \u00e0 l&#8217;emplacement du tr\u00e9sor !<\/div>\n","protected":false},"excerpt":{"rendered":"<p>Mysterium Kids : Le Tr\u00e9sor du Capitaine Bouh est un jeu coop\u00e9ratif pour enfants. Il revisite les jeux d&rsquo;enqu\u00eates tout en d\u00e9veloppant la cr\u00e9ativit\u00e9 et la concentration chez les enfants.<\/p>\n","protected":false},"featured_media":4520,"comment_status":"open","ping_status":"closed","template":"","meta":{"colormag_page_container_layout":"default_layout","colormag_page_sidebar_layout":"default_layout"},"product_brand":[],"product_cat":[30,33],"product_tag":[],"class_list":{"0":"post-4519","1":"product","2":"type-product","3":"status-publish","4":"has-post-thumbnail","6":"product_cat-jeux-collaboratifs","7":"product_cat-jeux-enfants","9":"first","10":"instock","11":"taxable","12":"shipping-taxable","13":"purchasable","14":"product-type-simple"},"yoast_head":"<!-- This site is optimized with the Yoast SEO plugin v27.3 - https:\/\/yoast.com\/product\/yoast-seo-wordpress\/ -->\n<title>Mysterium Kids: Le tr\u00e9sor du Capitaine Bouh - Croc Jeux<\/title>\n<meta name=\"description\" content=\"Mysterium Kids : Le Tr\u00e9sor du Capitaine Bouh est un jeu coop\u00e9ratif pour enfants. Il revisite les jeux d&#039;enqu\u00eates tout en d\u00e9veloppant la cr\u00e9ativit\u00e9 et la concentration chez les enfants.\" \/>\n<meta name=\"robots\" content=\"index, follow, max-snippet:-1, max-image-preview:large, max-video-preview:-1\" \/>\n<link rel=\"canonical\" href=\"https:\/\/crocjeux.com\/index.php\/produit\/mysterium-kids-le-tresor-du-capitaine-bouh\/\" \/>\n<meta property=\"og:locale\" content=\"fr_FR\" \/>\n<meta property=\"og:type\" content=\"article\" \/>\n<meta property=\"og:title\" content=\"Mysterium Kids: Le tr\u00e9sor du Capitaine Bouh - Croc Jeux\" \/>\n<meta property=\"og:description\" content=\"Mysterium Kids : Le Tr\u00e9sor du Capitaine Bouh est un jeu coop\u00e9ratif pour enfants. Il revisite les jeux d&#039;enqu\u00eates tout en d\u00e9veloppant la cr\u00e9ativit\u00e9 et la concentration chez les enfants.\" \/>\n<meta property=\"og:url\" content=\"https:\/\/crocjeux.com\/index.php\/produit\/mysterium-kids-le-tresor-du-capitaine-bouh\/\" \/>\n<meta property=\"og:site_name\" content=\"Croc Jeux\" \/>\n<meta property=\"og:image\" content=\"https:\/\/crocjeux.com\/wp-content\/uploads\/2023\/01\/mysterium-kids-le-tresor-du-capitaine-bouh.webp\" \/>\n\t<meta property=\"og:image:width\" content=\"372\" \/>\n\t<meta property=\"og:image:height\" content=\"372\" \/>\n\t<meta property=\"og:image:type\" content=\"image\/webp\" \/>\n<meta name=\"twitter:card\" content=\"summary_large_image\" \/>\n<meta name=\"twitter:label1\" content=\"Dur\u00e9e de lecture estim\u00e9e\" \/>\n\t<meta name=\"twitter:data1\" content=\"1 minute\" \/>\n<script type=\"application\/ld+json\" class=\"yoast-schema-graph\">{\"@context\":\"https:\\\/\\\/schema.org\",\"@graph\":[{\"@type\":\"WebPage\",\"@id\":\"https:\\\/\\\/crocjeux.com\\\/index.php\\\/produit\\\/mysterium-kids-le-tresor-du-capitaine-bouh\\\/\",\"url\":\"https:\\\/\\\/crocjeux.com\\\/index.php\\\/produit\\\/mysterium-kids-le-tresor-du-capitaine-bouh\\\/\",\"name\":\"Mysterium Kids: Le tr\u00e9sor du Capitaine Bouh - Croc Jeux\",\"isPartOf\":{\"@id\":\"https:\\\/\\\/crocjeux.com\\\/#website\"},\"primaryImageOfPage\":{\"@id\":\"https:\\\/\\\/crocjeux.com\\\/index.php\\\/produit\\\/mysterium-kids-le-tresor-du-capitaine-bouh\\\/#primaryimage\"},\"image\":{\"@id\":\"https:\\\/\\\/crocjeux.com\\\/index.php\\\/produit\\\/mysterium-kids-le-tresor-du-capitaine-bouh\\\/#primaryimage\"},\"thumbnailUrl\":\"https:\\\/\\\/crocjeux.com\\\/wp-content\\\/uploads\\\/2023\\\/01\\\/mysterium-kids-le-tresor-du-capitaine-bouh.webp\",\"datePublished\":\"2023-01-31T18:12:43+00:00\",\"description\":\"Mysterium Kids : Le Tr\u00e9sor du Capitaine Bouh est un jeu coop\u00e9ratif pour enfants. Il revisite les jeux d'enqu\u00eates tout en d\u00e9veloppant la cr\u00e9ativit\u00e9 et la concentration chez les enfants.\",\"breadcrumb\":{\"@id\":\"https:\\\/\\\/crocjeux.com\\\/index.php\\\/produit\\\/mysterium-kids-le-tresor-du-capitaine-bouh\\\/#breadcrumb\"},\"inLanguage\":\"fr-FR\",\"potentialAction\":[{\"@type\":\"ReadAction\",\"target\":[\"https:\\\/\\\/crocjeux.com\\\/index.php\\\/produit\\\/mysterium-kids-le-tresor-du-capitaine-bouh\\\/\"]}]},{\"@type\":\"ImageObject\",\"inLanguage\":\"fr-FR\",\"@id\":\"https:\\\/\\\/crocjeux.com\\\/index.php\\\/produit\\\/mysterium-kids-le-tresor-du-capitaine-bouh\\\/#primaryimage\",\"url\":\"https:\\\/\\\/crocjeux.com\\\/wp-content\\\/uploads\\\/2023\\\/01\\\/mysterium-kids-le-tresor-du-capitaine-bouh.webp\",\"contentUrl\":\"https:\\\/\\\/crocjeux.com\\\/wp-content\\\/uploads\\\/2023\\\/01\\\/mysterium-kids-le-tresor-du-capitaine-bouh.webp\",\"width\":372,\"height\":372},{\"@type\":\"BreadcrumbList\",\"@id\":\"https:\\\/\\\/crocjeux.com\\\/index.php\\\/produit\\\/mysterium-kids-le-tresor-du-capitaine-bouh\\\/#breadcrumb\",\"itemListElement\":[{\"@type\":\"ListItem\",\"position\":1,\"name\":\"Accueil\",\"item\":\"https:\\\/\\\/crocjeux.com\\\/\"},{\"@type\":\"ListItem\",\"position\":2,\"name\":\"Boutique\",\"item\":\"https:\\\/\\\/crocjeux.com\\\/\"},{\"@type\":\"ListItem\",\"position\":3,\"name\":\"Mysterium Kids: Le tr\u00e9sor du Capitaine Bouh\"}]},{\"@type\":\"WebSite\",\"@id\":\"https:\\\/\\\/crocjeux.com\\\/#website\",\"url\":\"https:\\\/\\\/crocjeux.com\\\/\",\"name\":\"Croc Jeux\",\"description\":\"Bienvenue chez Croc Jeux!\",\"publisher\":{\"@id\":\"https:\\\/\\\/crocjeux.com\\\/#organization\"},\"potentialAction\":[{\"@type\":\"SearchAction\",\"target\":{\"@type\":\"EntryPoint\",\"urlTemplate\":\"https:\\\/\\\/crocjeux.com\\\/?s={search_term_string}\"},\"query-input\":{\"@type\":\"PropertyValueSpecification\",\"valueRequired\":true,\"valueName\":\"search_term_string\"}}],\"inLanguage\":\"fr-FR\"},{\"@type\":\"Organization\",\"@id\":\"https:\\\/\\\/crocjeux.com\\\/#organization\",\"name\":\"Croc Jeux\",\"url\":\"https:\\\/\\\/crocjeux.com\\\/\",\"logo\":{\"@type\":\"ImageObject\",\"inLanguage\":\"fr-FR\",\"@id\":\"https:\\\/\\\/crocjeux.com\\\/#\\\/schema\\\/logo\\\/image\\\/\",\"url\":\"https:\\\/\\\/crocjeux.com\\\/wp-content\\\/uploads\\\/2022\\\/01\\\/cropped-logo-croc-etape-1-e1644574034239.jpg\",\"contentUrl\":\"https:\\\/\\\/crocjeux.com\\\/wp-content\\\/uploads\\\/2022\\\/01\\\/cropped-logo-croc-etape-1-e1644574034239.jpg\",\"width\":1224,\"height\":314,\"caption\":\"Croc Jeux\"},\"image\":{\"@id\":\"https:\\\/\\\/crocjeux.com\\\/#\\\/schema\\\/logo\\\/image\\\/\"}}]}<\/script>\n<!-- \/ Yoast SEO plugin. -->","yoast_head_json":{"title":"Mysterium Kids: Le tr\u00e9sor du Capitaine Bouh - Croc Jeux","description":"Mysterium Kids : Le Tr\u00e9sor du Capitaine Bouh est un jeu coop\u00e9ratif pour enfants. Il revisite les jeux d'enqu\u00eates tout en d\u00e9veloppant la cr\u00e9ativit\u00e9 et la concentration chez les enfants.","robots":{"index":"index","follow":"follow","max-snippet":"max-snippet:-1","max-image-preview":"max-image-preview:large","max-video-preview":"max-video-preview:-1"},"canonical":"https:\/\/crocjeux.com\/index.php\/produit\/mysterium-kids-le-tresor-du-capitaine-bouh\/","og_locale":"fr_FR","og_type":"article","og_title":"Mysterium Kids: Le tr\u00e9sor du Capitaine Bouh - Croc Jeux","og_description":"Mysterium Kids : Le Tr\u00e9sor du Capitaine Bouh est un jeu coop\u00e9ratif pour enfants. Il revisite les jeux d'enqu\u00eates tout en d\u00e9veloppant la cr\u00e9ativit\u00e9 et la concentration chez les enfants.","og_url":"https:\/\/crocjeux.com\/index.php\/produit\/mysterium-kids-le-tresor-du-capitaine-bouh\/","og_site_name":"Croc Jeux","og_image":[{"width":372,"height":372,"url":"https:\/\/crocjeux.com\/wp-content\/uploads\/2023\/01\/mysterium-kids-le-tresor-du-capitaine-bouh.webp","type":"image\/webp"}],"twitter_card":"summary_large_image","twitter_misc":{"Dur\u00e9e de lecture estim\u00e9e":"1 minute"},"schema":{"@context":"https:\/\/schema.org","@graph":[{"@type":"WebPage","@id":"https:\/\/crocjeux.com\/index.php\/produit\/mysterium-kids-le-tresor-du-capitaine-bouh\/","url":"https:\/\/crocjeux.com\/index.php\/produit\/mysterium-kids-le-tresor-du-capitaine-bouh\/","name":"Mysterium Kids: Le tr\u00e9sor du Capitaine Bouh - Croc Jeux","isPartOf":{"@id":"https:\/\/crocjeux.com\/#website"},"primaryImageOfPage":{"@id":"https:\/\/crocjeux.com\/index.php\/produit\/mysterium-kids-le-tresor-du-capitaine-bouh\/#primaryimage"},"image":{"@id":"https:\/\/crocjeux.com\/index.php\/produit\/mysterium-kids-le-tresor-du-capitaine-bouh\/#primaryimage"},"thumbnailUrl":"https:\/\/crocjeux.com\/wp-content\/uploads\/2023\/01\/mysterium-kids-le-tresor-du-capitaine-bouh.webp","datePublished":"2023-01-31T18:12:43+00:00","description":"Mysterium Kids : Le Tr\u00e9sor du Capitaine Bouh est un jeu coop\u00e9ratif pour enfants. Il revisite les jeux d'enqu\u00eates tout en d\u00e9veloppant la cr\u00e9ativit\u00e9 et la concentration chez les enfants.","breadcrumb":{"@id":"https:\/\/crocjeux.com\/index.php\/produit\/mysterium-kids-le-tresor-du-capitaine-bouh\/#breadcrumb"},"inLanguage":"fr-FR","potentialAction":[{"@type":"ReadAction","target":["https:\/\/crocjeux.com\/index.php\/produit\/mysterium-kids-le-tresor-du-capitaine-bouh\/"]}]},{"@type":"ImageObject","inLanguage":"fr-FR","@id":"https:\/\/crocjeux.com\/index.php\/produit\/mysterium-kids-le-tresor-du-capitaine-bouh\/#primaryimage","url":"https:\/\/crocjeux.com\/wp-content\/uploads\/2023\/01\/mysterium-kids-le-tresor-du-capitaine-bouh.webp","contentUrl":"https:\/\/crocjeux.com\/wp-content\/uploads\/2023\/01\/mysterium-kids-le-tresor-du-capitaine-bouh.webp","width":372,"height":372},{"@type":"BreadcrumbList","@id":"https:\/\/crocjeux.com\/index.php\/produit\/mysterium-kids-le-tresor-du-capitaine-bouh\/#breadcrumb","itemListElement":[{"@type":"ListItem","position":1,"name":"Accueil","item":"https:\/\/crocjeux.com\/"},{"@type":"ListItem","position":2,"name":"Boutique","item":"https:\/\/crocjeux.com\/"},{"@type":"ListItem","position":3,"name":"Mysterium Kids: Le tr\u00e9sor du Capitaine Bouh"}]},{"@type":"WebSite","@id":"https:\/\/crocjeux.com\/#website","url":"https:\/\/crocjeux.com\/","name":"Croc Jeux","description":"Bienvenue chez Croc Jeux!","publisher":{"@id":"https:\/\/crocjeux.com\/#organization"},"potentialAction":[{"@type":"SearchAction","target":{"@type":"EntryPoint","urlTemplate":"https:\/\/crocjeux.com\/?s={search_term_string}"},"query-input":{"@type":"PropertyValueSpecification","valueRequired":true,"valueName":"search_term_string"}}],"inLanguage":"fr-FR"},{"@type":"Organization","@id":"https:\/\/crocjeux.com\/#organization","name":"Croc Jeux","url":"https:\/\/crocjeux.com\/","logo":{"@type":"ImageObject","inLanguage":"fr-FR","@id":"https:\/\/crocjeux.com\/#\/schema\/logo\/image\/","url":"https:\/\/crocjeux.com\/wp-content\/uploads\/2022\/01\/cropped-logo-croc-etape-1-e1644574034239.jpg","contentUrl":"https:\/\/crocjeux.com\/wp-content\/uploads\/2022\/01\/cropped-logo-croc-etape-1-e1644574034239.jpg","width":1224,"height":314,"caption":"Croc Jeux"},"image":{"@id":"https:\/\/crocjeux.com\/#\/schema\/logo\/image\/"}}]}},"_links":{"self":[{"href":"https:\/\/crocjeux.com\/index.php\/wp-json\/wp\/v2\/product\/4519","targetHints":{"allow":["GET"]}}],"collection":[{"href":"https:\/\/crocjeux.com\/index.php\/wp-json\/wp\/v2\/product"}],"about":[{"href":"https:\/\/crocjeux.com\/index.php\/wp-json\/wp\/v2\/types\/product"}],"replies":[{"embeddable":true,"href":"https:\/\/crocjeux.com\/index.php\/wp-json\/wp\/v2\/comments?post=4519"}],"wp:featuredmedia":[{"embeddable":true,"href":"https:\/\/crocjeux.com\/index.php\/wp-json\/wp\/v2\/media\/4520"}],"wp:attachment":[{"href":"https:\/\/crocjeux.com\/index.php\/wp-json\/wp\/v2\/media?parent=4519"}],"wp:term":[{"taxonomy":"product_brand","embeddable":true,"href":"https:\/\/crocjeux.com\/index.php\/wp-json\/wp\/v2\/product_brand?post=4519"},{"taxonomy":"product_cat","embeddable":true,"href":"https:\/\/crocjeux.com\/index.php\/wp-json\/wp\/v2\/product_cat?post=4519"},{"taxonomy":"product_tag","embeddable":true,"href":"https:\/\/crocjeux.com\/index.php\/wp-json\/wp\/v2\/product_tag?post=4519"}],"curies":[{"name":"wp","href":"https:\/\/api.w.org\/{rel}","templated":true}]}}