{"id":4521,"date":"2023-01-31T19:23:32","date_gmt":"2023-01-31T18:23:32","guid":{"rendered":"https:\/\/crocjeux.com\/?post_type=product&#038;p=4521"},"modified":"2024-07-31T12:13:05","modified_gmt":"2024-07-31T11:13:05","slug":"clefs-magiques","status":"publish","type":"product","link":"https:\/\/crocjeux.com\/index.php\/produit\/clefs-magiques\/","title":{"rendered":"Clefs magiques"},"content":{"rendered":"<h2>En route pour la For\u00eat des Clefs, \u00e0 la recherche du tr\u00e9sor perdu !<\/h2>\n<p>Dans un univers merveilleux, r\u00e9coltez les bonnes clefs qui vous permettront d&rsquo;ouvrir le coffre aux tr\u00e9sors,. Ce sont elles qui vous permettront de remporter le nombre de cristaux requis et gagner la partie!<\/p>\n<div><\/div>\n<p>Parcours la for\u00eat et r\u00e9cup\u00e8re des clefs pour ouvrir le coffre et gagner des cristaux. Attention, certaines clefs ne fonctionnent pas ! Auras-tu le courage de t&rsquo;aventurer jusqu&rsquo;au bout du sentier pour atteindre la l\u00e9gendaire clef dor\u00e9e? Clefs Magiques est un jeu de stop ou encore o\u00f9 les enfants devront trouver la bonne clef qui ouvre un fabuleux coffre aux tr\u00e9sors.<\/p>\n<div><\/div>\n<div>\n<div>A ton tour de jeu lance simultan\u00e9ment les 3 d\u00e9s et mets de c\u00f4t\u00e9 ceux portant le symbole lune. Choisis un des d\u00e9s restants et avance le pion du nombre de case(s) indiqu\u00e9 par ce d\u00e9.<\/div>\n<div>Apr\u00e8s avoir d\u00e9plac\u00e9 le pion, choisis une de ces options :<\/div>\n<div>\n<ul>\n<li>Lance les d\u00e9s et d\u00e9place-toi \u00e0 nouveau de la m\u00eame mani\u00e8re (tant qu&rsquo;il te reste au moins un d\u00e9 disponible, tu peux r\u00e9p\u00e9ter cette \u00e9tape).<\/li>\n<li>Si tu choisis de ne plus te d\u00e9placer, prends la clef qui se trouve sur la case o\u00f9 tu te trouves. Ensuite, tente d&rsquo;ouvrir le coffre au tr\u00e9sor !<\/li>\n<\/ul>\n<\/div>\n<div>Le coffre s&rsquo;ouvre ! Prends un certain nombre de cristaux, selon la couleur de la clef. Accroche la clef utilis\u00e9e \u00e0 une tour du ch\u00e2teau. Ferme le coffre au tr\u00e9sor et remets-le en place.<\/div>\n<div>Le coffre au tr\u00e9sor ne s&rsquo;ouvre pas. Remets le coffre en place et garde la fausse clef devant toi.<\/div>\n<div>D\u00e8s qu&rsquo;un joueur obtient le nombre de cristaux requis, le jeu se termine et ce joueur gagne.<\/div>\n<\/div>\n","protected":false},"excerpt":{"rendered":"<p>Dans Clefs Magiques, plongez dans un univers merveilleux et r\u00e9coltez les bonnes clefs qui vous permettront d&rsquo;ouvrir le coffre aux tr\u00e9sors et de remporter le nombre de cristaux requis pour gagner la partie !<\/p>\n","protected":false},"featured_media":4522,"comment_status":"open","ping_status":"closed","template":"","meta":{"colormag_page_container_layout":"default_layout","colormag_page_sidebar_layout":"default_layout"},"product_brand":[],"product_cat":[36],"product_tag":[],"class_list":{"0":"post-4521","1":"product","2":"type-product","3":"status-publish","4":"has-post-thumbnail","6":"product_cat-jeux-familiaux","8":"first","9":"instock","10":"taxable","11":"shipping-taxable","12":"purchasable","13":"product-type-simple"},"yoast_head":"<!-- This site is optimized with the Yoast SEO plugin v27.4 - https:\/\/yoast.com\/product\/yoast-seo-wordpress\/ -->\n<title>Clefs magiques - Croc Jeux<\/title>\n<meta name=\"description\" content=\"Dans Clefs Magiques, plongez dans un univers merveilleux et r\u00e9coltez les bonnes clefs qui vous permettront d&#039;ouvrir le coffre aux tr\u00e9sors et de remporter le nombre de cristaux requis pour gagner la partie !\" \/>\n<meta name=\"robots\" content=\"index, follow, max-snippet:-1, max-image-preview:large, max-video-preview:-1\" \/>\n<link rel=\"canonical\" href=\"https:\/\/crocjeux.com\/index.php\/produit\/clefs-magiques\/\" \/>\n<meta property=\"og:locale\" content=\"fr_FR\" \/>\n<meta property=\"og:type\" content=\"article\" \/>\n<meta property=\"og:title\" content=\"Clefs magiques - Croc Jeux\" \/>\n<meta property=\"og:description\" content=\"Dans Clefs Magiques, plongez dans un univers merveilleux et r\u00e9coltez les bonnes clefs qui vous permettront d&#039;ouvrir le coffre aux tr\u00e9sors et de remporter le nombre de cristaux requis pour gagner la partie !\" \/>\n<meta property=\"og:url\" content=\"https:\/\/crocjeux.com\/index.php\/produit\/clefs-magiques\/\" \/>\n<meta property=\"og:site_name\" content=\"Croc Jeux\" \/>\n<meta property=\"article:modified_time\" content=\"2024-07-31T11:13:05+00:00\" \/>\n<meta property=\"og:image\" content=\"https:\/\/crocjeux.com\/wp-content\/uploads\/2023\/01\/clefs-magiques-happy-baobab.webp\" \/>\n\t<meta property=\"og:image:width\" content=\"800\" \/>\n\t<meta property=\"og:image:height\" content=\"800\" \/>\n\t<meta property=\"og:image:type\" content=\"image\/webp\" \/>\n<meta name=\"twitter:card\" content=\"summary_large_image\" \/>\n<meta name=\"twitter:label1\" content=\"Dur\u00e9e de lecture estim\u00e9e\" \/>\n\t<meta name=\"twitter:data1\" content=\"2 minutes\" \/>\n<script type=\"application\/ld+json\" class=\"yoast-schema-graph\">{\"@context\":\"https:\\\/\\\/schema.org\",\"@graph\":[{\"@type\":\"WebPage\",\"@id\":\"https:\\\/\\\/crocjeux.com\\\/index.php\\\/produit\\\/clefs-magiques\\\/\",\"url\":\"https:\\\/\\\/crocjeux.com\\\/index.php\\\/produit\\\/clefs-magiques\\\/\",\"name\":\"Clefs magiques - Croc Jeux\",\"isPartOf\":{\"@id\":\"https:\\\/\\\/crocjeux.com\\\/#website\"},\"primaryImageOfPage\":{\"@id\":\"https:\\\/\\\/crocjeux.com\\\/index.php\\\/produit\\\/clefs-magiques\\\/#primaryimage\"},\"image\":{\"@id\":\"https:\\\/\\\/crocjeux.com\\\/index.php\\\/produit\\\/clefs-magiques\\\/#primaryimage\"},\"thumbnailUrl\":\"https:\\\/\\\/crocjeux.com\\\/wp-content\\\/uploads\\\/2023\\\/01\\\/clefs-magiques-happy-baobab.webp\",\"datePublished\":\"2023-01-31T18:23:32+00:00\",\"dateModified\":\"2024-07-31T11:13:05+00:00\",\"description\":\"Dans Clefs Magiques, plongez dans un univers merveilleux et r\u00e9coltez les bonnes clefs qui vous permettront d'ouvrir le coffre aux tr\u00e9sors et de remporter le nombre de cristaux requis pour gagner la partie !\",\"breadcrumb\":{\"@id\":\"https:\\\/\\\/crocjeux.com\\\/index.php\\\/produit\\\/clefs-magiques\\\/#breadcrumb\"},\"inLanguage\":\"fr-FR\",\"potentialAction\":[{\"@type\":\"ReadAction\",\"target\":[\"https:\\\/\\\/crocjeux.com\\\/index.php\\\/produit\\\/clefs-magiques\\\/\"]}]},{\"@type\":\"ImageObject\",\"inLanguage\":\"fr-FR\",\"@id\":\"https:\\\/\\\/crocjeux.com\\\/index.php\\\/produit\\\/clefs-magiques\\\/#primaryimage\",\"url\":\"https:\\\/\\\/crocjeux.com\\\/wp-content\\\/uploads\\\/2023\\\/01\\\/clefs-magiques-happy-baobab.webp\",\"contentUrl\":\"https:\\\/\\\/crocjeux.com\\\/wp-content\\\/uploads\\\/2023\\\/01\\\/clefs-magiques-happy-baobab.webp\",\"width\":800,\"height\":800},{\"@type\":\"BreadcrumbList\",\"@id\":\"https:\\\/\\\/crocjeux.com\\\/index.php\\\/produit\\\/clefs-magiques\\\/#breadcrumb\",\"itemListElement\":[{\"@type\":\"ListItem\",\"position\":1,\"name\":\"Accueil\",\"item\":\"https:\\\/\\\/crocjeux.com\\\/\"},{\"@type\":\"ListItem\",\"position\":2,\"name\":\"Boutique\",\"item\":\"https:\\\/\\\/crocjeux.com\\\/\"},{\"@type\":\"ListItem\",\"position\":3,\"name\":\"Clefs magiques\"}]},{\"@type\":\"WebSite\",\"@id\":\"https:\\\/\\\/crocjeux.com\\\/#website\",\"url\":\"https:\\\/\\\/crocjeux.com\\\/\",\"name\":\"Croc Jeux\",\"description\":\"Bienvenue chez Croc Jeux!\",\"publisher\":{\"@id\":\"https:\\\/\\\/crocjeux.com\\\/#organization\"},\"potentialAction\":[{\"@type\":\"SearchAction\",\"target\":{\"@type\":\"EntryPoint\",\"urlTemplate\":\"https:\\\/\\\/crocjeux.com\\\/?s={search_term_string}\"},\"query-input\":{\"@type\":\"PropertyValueSpecification\",\"valueRequired\":true,\"valueName\":\"search_term_string\"}}],\"inLanguage\":\"fr-FR\"},{\"@type\":\"Organization\",\"@id\":\"https:\\\/\\\/crocjeux.com\\\/#organization\",\"name\":\"Croc Jeux\",\"url\":\"https:\\\/\\\/crocjeux.com\\\/\",\"logo\":{\"@type\":\"ImageObject\",\"inLanguage\":\"fr-FR\",\"@id\":\"https:\\\/\\\/crocjeux.com\\\/#\\\/schema\\\/logo\\\/image\\\/\",\"url\":\"https:\\\/\\\/crocjeux.com\\\/wp-content\\\/uploads\\\/2022\\\/01\\\/cropped-logo-croc-etape-1-e1644574034239.jpg\",\"contentUrl\":\"https:\\\/\\\/crocjeux.com\\\/wp-content\\\/uploads\\\/2022\\\/01\\\/cropped-logo-croc-etape-1-e1644574034239.jpg\",\"width\":1224,\"height\":314,\"caption\":\"Croc Jeux\"},\"image\":{\"@id\":\"https:\\\/\\\/crocjeux.com\\\/#\\\/schema\\\/logo\\\/image\\\/\"}}]}<\/script>\n<!-- \/ Yoast SEO plugin. -->","yoast_head_json":{"title":"Clefs magiques - Croc Jeux","description":"Dans Clefs Magiques, plongez dans un univers merveilleux et r\u00e9coltez les bonnes clefs qui vous permettront d'ouvrir le coffre aux tr\u00e9sors et de remporter le nombre de cristaux requis pour gagner la partie !","robots":{"index":"index","follow":"follow","max-snippet":"max-snippet:-1","max-image-preview":"max-image-preview:large","max-video-preview":"max-video-preview:-1"},"canonical":"https:\/\/crocjeux.com\/index.php\/produit\/clefs-magiques\/","og_locale":"fr_FR","og_type":"article","og_title":"Clefs magiques - Croc Jeux","og_description":"Dans Clefs Magiques, plongez dans un univers merveilleux et r\u00e9coltez les bonnes clefs qui vous permettront d'ouvrir le coffre aux tr\u00e9sors et de remporter le nombre de cristaux requis pour gagner la partie !","og_url":"https:\/\/crocjeux.com\/index.php\/produit\/clefs-magiques\/","og_site_name":"Croc Jeux","article_modified_time":"2024-07-31T11:13:05+00:00","og_image":[{"width":800,"height":800,"url":"https:\/\/crocjeux.com\/wp-content\/uploads\/2023\/01\/clefs-magiques-happy-baobab.webp","type":"image\/webp"}],"twitter_card":"summary_large_image","twitter_misc":{"Dur\u00e9e de lecture estim\u00e9e":"2 minutes"},"schema":{"@context":"https:\/\/schema.org","@graph":[{"@type":"WebPage","@id":"https:\/\/crocjeux.com\/index.php\/produit\/clefs-magiques\/","url":"https:\/\/crocjeux.com\/index.php\/produit\/clefs-magiques\/","name":"Clefs magiques - Croc Jeux","isPartOf":{"@id":"https:\/\/crocjeux.com\/#website"},"primaryImageOfPage":{"@id":"https:\/\/crocjeux.com\/index.php\/produit\/clefs-magiques\/#primaryimage"},"image":{"@id":"https:\/\/crocjeux.com\/index.php\/produit\/clefs-magiques\/#primaryimage"},"thumbnailUrl":"https:\/\/crocjeux.com\/wp-content\/uploads\/2023\/01\/clefs-magiques-happy-baobab.webp","datePublished":"2023-01-31T18:23:32+00:00","dateModified":"2024-07-31T11:13:05+00:00","description":"Dans Clefs Magiques, plongez dans un univers merveilleux et r\u00e9coltez les bonnes clefs qui vous permettront d'ouvrir le coffre aux tr\u00e9sors et de remporter le nombre de cristaux requis pour gagner la partie !","breadcrumb":{"@id":"https:\/\/crocjeux.com\/index.php\/produit\/clefs-magiques\/#breadcrumb"},"inLanguage":"fr-FR","potentialAction":[{"@type":"ReadAction","target":["https:\/\/crocjeux.com\/index.php\/produit\/clefs-magiques\/"]}]},{"@type":"ImageObject","inLanguage":"fr-FR","@id":"https:\/\/crocjeux.com\/index.php\/produit\/clefs-magiques\/#primaryimage","url":"https:\/\/crocjeux.com\/wp-content\/uploads\/2023\/01\/clefs-magiques-happy-baobab.webp","contentUrl":"https:\/\/crocjeux.com\/wp-content\/uploads\/2023\/01\/clefs-magiques-happy-baobab.webp","width":800,"height":800},{"@type":"BreadcrumbList","@id":"https:\/\/crocjeux.com\/index.php\/produit\/clefs-magiques\/#breadcrumb","itemListElement":[{"@type":"ListItem","position":1,"name":"Accueil","item":"https:\/\/crocjeux.com\/"},{"@type":"ListItem","position":2,"name":"Boutique","item":"https:\/\/crocjeux.com\/"},{"@type":"ListItem","position":3,"name":"Clefs magiques"}]},{"@type":"WebSite","@id":"https:\/\/crocjeux.com\/#website","url":"https:\/\/crocjeux.com\/","name":"Croc Jeux","description":"Bienvenue chez Croc Jeux!","publisher":{"@id":"https:\/\/crocjeux.com\/#organization"},"potentialAction":[{"@type":"SearchAction","target":{"@type":"EntryPoint","urlTemplate":"https:\/\/crocjeux.com\/?s={search_term_string}"},"query-input":{"@type":"PropertyValueSpecification","valueRequired":true,"valueName":"search_term_string"}}],"inLanguage":"fr-FR"},{"@type":"Organization","@id":"https:\/\/crocjeux.com\/#organization","name":"Croc Jeux","url":"https:\/\/crocjeux.com\/","logo":{"@type":"ImageObject","inLanguage":"fr-FR","@id":"https:\/\/crocjeux.com\/#\/schema\/logo\/image\/","url":"https:\/\/crocjeux.com\/wp-content\/uploads\/2022\/01\/cropped-logo-croc-etape-1-e1644574034239.jpg","contentUrl":"https:\/\/crocjeux.com\/wp-content\/uploads\/2022\/01\/cropped-logo-croc-etape-1-e1644574034239.jpg","width":1224,"height":314,"caption":"Croc Jeux"},"image":{"@id":"https:\/\/crocjeux.com\/#\/schema\/logo\/image\/"}}]}},"_links":{"self":[{"href":"https:\/\/crocjeux.com\/index.php\/wp-json\/wp\/v2\/product\/4521","targetHints":{"allow":["GET"]}}],"collection":[{"href":"https:\/\/crocjeux.com\/index.php\/wp-json\/wp\/v2\/product"}],"about":[{"href":"https:\/\/crocjeux.com\/index.php\/wp-json\/wp\/v2\/types\/product"}],"replies":[{"embeddable":true,"href":"https:\/\/crocjeux.com\/index.php\/wp-json\/wp\/v2\/comments?post=4521"}],"wp:featuredmedia":[{"embeddable":true,"href":"https:\/\/crocjeux.com\/index.php\/wp-json\/wp\/v2\/media\/4522"}],"wp:attachment":[{"href":"https:\/\/crocjeux.com\/index.php\/wp-json\/wp\/v2\/media?parent=4521"}],"wp:term":[{"taxonomy":"product_brand","embeddable":true,"href":"https:\/\/crocjeux.com\/index.php\/wp-json\/wp\/v2\/product_brand?post=4521"},{"taxonomy":"product_cat","embeddable":true,"href":"https:\/\/crocjeux.com\/index.php\/wp-json\/wp\/v2\/product_cat?post=4521"},{"taxonomy":"product_tag","embeddable":true,"href":"https:\/\/crocjeux.com\/index.php\/wp-json\/wp\/v2\/product_tag?post=4521"}],"curies":[{"name":"wp","href":"https:\/\/api.w.org\/{rel}","templated":true}]}}