{"id":4534,"date":"2023-02-01T11:11:49","date_gmt":"2023-02-01T10:11:49","guid":{"rendered":"https:\/\/crocjeux.com\/?post_type=product&#038;p=4534"},"modified":"2023-02-02T11:10:33","modified_gmt":"2023-02-02T10:10:33","slug":"taco-verso-bouc-cheese-pizza","status":"publish","type":"product","link":"https:\/\/crocjeux.com\/index.php\/produit\/taco-verso-bouc-cheese-pizza\/","title":{"rendered":"Taco Verso Bouc Cheese Pizza"},"content":{"rendered":"<p>Taco Chat Bouc Cheese Pizza de retour dans cette version renversante!<br \/>\nTaco Chat Bouc Cheese Pizza ! Gardez bien cette suite loufoque de 5 mots en t\u00eate. D\u00e8s qu\u2019une carte r\u00e9v\u00e9l\u00e9e correspond au mot annonc\u00e9, tapez sur la pile centrale avec le bon c\u00f4t\u00e9 de votre main. Le dernier la ramasse enti\u00e8rement ! Soyez observateurs et vifs pour vous d\u00e9barrasser de toutes vos cartes !<\/p>\n<p>La moindre erreur vous rapportera des cartes en p\u00e9nalit\u00e9 : ni feinte, ni approximation ne sont autoris\u00e9es dans ce jeu de d\u00e9fausse compl\u00e8tement fr\u00e9n\u00e9tique et farfelu.<br \/>\nAnnonce ton mot en r\u00e9v\u00e9lant ta carte<br \/>\nTape sur le tas avec le bon c\u00f4t\u00e9 de ta main quand le mot correspond \u00e0 la carte<br \/>\nRamasse les cartes si tu es le dernier \u00e0 taper ou si tu te trompes<br \/>\nArriveras-tu \u00e0 te d\u00e9barrasser de toutes tes cartes et \u00e0 taper en premier pour l\u2019emporter ?<\/p>\n","protected":false},"excerpt":{"rendered":"<p>Taco Chat Bouc Cheese Pizza est de retour dans cette nouvelle version totalement originale. Dans ce jeu de d\u00e9fausse, soyez observateurs et vifs pour vous d\u00e9barrasser de toutes vos cartes en premier !<\/p>\n","protected":false},"featured_media":4536,"comment_status":"open","ping_status":"closed","template":"","meta":{"colormag_page_container_layout":"default_layout","colormag_page_sidebar_layout":"default_layout"},"product_brand":[],"product_cat":[40],"product_tag":[],"class_list":{"0":"post-4534","1":"product","2":"type-product","3":"status-publish","4":"has-post-thumbnail","6":"product_cat-jeux-dambiance","8":"first","9":"instock","10":"taxable","11":"shipping-taxable","12":"purchasable","13":"product-type-simple"},"yoast_head":"<!-- This site is optimized with the Yoast SEO plugin v27.3 - https:\/\/yoast.com\/product\/yoast-seo-wordpress\/ -->\n<title>Taco Verso Bouc Cheese Pizza - Croc Jeux<\/title>\n<meta name=\"description\" content=\"Taco Chat Bouc Cheese Pizza est de retour dans cette nouvelle version totalement originale. Dans ce jeu de d\u00e9fausse, soyez observateurs et vifs pour vous d\u00e9barrasser de toutes vos cartes en premier !\" \/>\n<meta name=\"robots\" content=\"index, follow, max-snippet:-1, max-image-preview:large, max-video-preview:-1\" \/>\n<link rel=\"canonical\" href=\"https:\/\/crocjeux.com\/index.php\/produit\/taco-verso-bouc-cheese-pizza\/\" \/>\n<meta property=\"og:locale\" content=\"fr_FR\" \/>\n<meta property=\"og:type\" content=\"article\" \/>\n<meta property=\"og:title\" content=\"Taco Verso Bouc Cheese Pizza - Croc Jeux\" \/>\n<meta property=\"og:description\" content=\"Taco Chat Bouc Cheese Pizza est de retour dans cette nouvelle version totalement originale. Dans ce jeu de d\u00e9fausse, soyez observateurs et vifs pour vous d\u00e9barrasser de toutes vos cartes en premier !\" \/>\n<meta property=\"og:url\" content=\"https:\/\/crocjeux.com\/index.php\/produit\/taco-verso-bouc-cheese-pizza\/\" \/>\n<meta property=\"og:site_name\" content=\"Croc Jeux\" \/>\n<meta property=\"article:modified_time\" content=\"2023-02-02T10:10:33+00:00\" \/>\n<meta property=\"og:image\" content=\"https:\/\/crocjeux.com\/wp-content\/uploads\/2023\/02\/taco-verso-bouc-cheese-pizza-1.jpg\" \/>\n\t<meta property=\"og:image:width\" content=\"372\" \/>\n\t<meta property=\"og:image:height\" content=\"372\" \/>\n\t<meta property=\"og:image:type\" content=\"image\/jpeg\" \/>\n<meta name=\"twitter:card\" content=\"summary_large_image\" \/>\n<meta name=\"twitter:label1\" content=\"Dur\u00e9e de lecture estim\u00e9e\" \/>\n\t<meta name=\"twitter:data1\" content=\"1 minute\" \/>\n<script type=\"application\/ld+json\" class=\"yoast-schema-graph\">{\"@context\":\"https:\\\/\\\/schema.org\",\"@graph\":[{\"@type\":\"WebPage\",\"@id\":\"https:\\\/\\\/crocjeux.com\\\/index.php\\\/produit\\\/taco-verso-bouc-cheese-pizza\\\/\",\"url\":\"https:\\\/\\\/crocjeux.com\\\/index.php\\\/produit\\\/taco-verso-bouc-cheese-pizza\\\/\",\"name\":\"Taco Verso Bouc Cheese Pizza - Croc Jeux\",\"isPartOf\":{\"@id\":\"https:\\\/\\\/crocjeux.com\\\/#website\"},\"primaryImageOfPage\":{\"@id\":\"https:\\\/\\\/crocjeux.com\\\/index.php\\\/produit\\\/taco-verso-bouc-cheese-pizza\\\/#primaryimage\"},\"image\":{\"@id\":\"https:\\\/\\\/crocjeux.com\\\/index.php\\\/produit\\\/taco-verso-bouc-cheese-pizza\\\/#primaryimage\"},\"thumbnailUrl\":\"https:\\\/\\\/crocjeux.com\\\/wp-content\\\/uploads\\\/2023\\\/02\\\/taco-verso-bouc-cheese-pizza-1.jpg\",\"datePublished\":\"2023-02-01T10:11:49+00:00\",\"dateModified\":\"2023-02-02T10:10:33+00:00\",\"description\":\"Taco Chat Bouc Cheese Pizza est de retour dans cette nouvelle version totalement originale. Dans ce jeu de d\u00e9fausse, soyez observateurs et vifs pour vous d\u00e9barrasser de toutes vos cartes en premier !\",\"breadcrumb\":{\"@id\":\"https:\\\/\\\/crocjeux.com\\\/index.php\\\/produit\\\/taco-verso-bouc-cheese-pizza\\\/#breadcrumb\"},\"inLanguage\":\"fr-FR\",\"potentialAction\":[{\"@type\":\"ReadAction\",\"target\":[\"https:\\\/\\\/crocjeux.com\\\/index.php\\\/produit\\\/taco-verso-bouc-cheese-pizza\\\/\"]}]},{\"@type\":\"ImageObject\",\"inLanguage\":\"fr-FR\",\"@id\":\"https:\\\/\\\/crocjeux.com\\\/index.php\\\/produit\\\/taco-verso-bouc-cheese-pizza\\\/#primaryimage\",\"url\":\"https:\\\/\\\/crocjeux.com\\\/wp-content\\\/uploads\\\/2023\\\/02\\\/taco-verso-bouc-cheese-pizza-1.jpg\",\"contentUrl\":\"https:\\\/\\\/crocjeux.com\\\/wp-content\\\/uploads\\\/2023\\\/02\\\/taco-verso-bouc-cheese-pizza-1.jpg\",\"width\":372,\"height\":372},{\"@type\":\"BreadcrumbList\",\"@id\":\"https:\\\/\\\/crocjeux.com\\\/index.php\\\/produit\\\/taco-verso-bouc-cheese-pizza\\\/#breadcrumb\",\"itemListElement\":[{\"@type\":\"ListItem\",\"position\":1,\"name\":\"Accueil\",\"item\":\"https:\\\/\\\/crocjeux.com\\\/\"},{\"@type\":\"ListItem\",\"position\":2,\"name\":\"Boutique\",\"item\":\"https:\\\/\\\/crocjeux.com\\\/\"},{\"@type\":\"ListItem\",\"position\":3,\"name\":\"Taco Verso Bouc Cheese Pizza\"}]},{\"@type\":\"WebSite\",\"@id\":\"https:\\\/\\\/crocjeux.com\\\/#website\",\"url\":\"https:\\\/\\\/crocjeux.com\\\/\",\"name\":\"Croc Jeux\",\"description\":\"Bienvenue chez Croc Jeux!\",\"publisher\":{\"@id\":\"https:\\\/\\\/crocjeux.com\\\/#organization\"},\"potentialAction\":[{\"@type\":\"SearchAction\",\"target\":{\"@type\":\"EntryPoint\",\"urlTemplate\":\"https:\\\/\\\/crocjeux.com\\\/?s={search_term_string}\"},\"query-input\":{\"@type\":\"PropertyValueSpecification\",\"valueRequired\":true,\"valueName\":\"search_term_string\"}}],\"inLanguage\":\"fr-FR\"},{\"@type\":\"Organization\",\"@id\":\"https:\\\/\\\/crocjeux.com\\\/#organization\",\"name\":\"Croc Jeux\",\"url\":\"https:\\\/\\\/crocjeux.com\\\/\",\"logo\":{\"@type\":\"ImageObject\",\"inLanguage\":\"fr-FR\",\"@id\":\"https:\\\/\\\/crocjeux.com\\\/#\\\/schema\\\/logo\\\/image\\\/\",\"url\":\"https:\\\/\\\/crocjeux.com\\\/wp-content\\\/uploads\\\/2022\\\/01\\\/cropped-logo-croc-etape-1-e1644574034239.jpg\",\"contentUrl\":\"https:\\\/\\\/crocjeux.com\\\/wp-content\\\/uploads\\\/2022\\\/01\\\/cropped-logo-croc-etape-1-e1644574034239.jpg\",\"width\":1224,\"height\":314,\"caption\":\"Croc Jeux\"},\"image\":{\"@id\":\"https:\\\/\\\/crocjeux.com\\\/#\\\/schema\\\/logo\\\/image\\\/\"}}]}<\/script>\n<!-- \/ Yoast SEO plugin. -->","yoast_head_json":{"title":"Taco Verso Bouc Cheese Pizza - Croc Jeux","description":"Taco Chat Bouc Cheese Pizza est de retour dans cette nouvelle version totalement originale. Dans ce jeu de d\u00e9fausse, soyez observateurs et vifs pour vous d\u00e9barrasser de toutes vos cartes en premier !","robots":{"index":"index","follow":"follow","max-snippet":"max-snippet:-1","max-image-preview":"max-image-preview:large","max-video-preview":"max-video-preview:-1"},"canonical":"https:\/\/crocjeux.com\/index.php\/produit\/taco-verso-bouc-cheese-pizza\/","og_locale":"fr_FR","og_type":"article","og_title":"Taco Verso Bouc Cheese Pizza - Croc Jeux","og_description":"Taco Chat Bouc Cheese Pizza est de retour dans cette nouvelle version totalement originale. Dans ce jeu de d\u00e9fausse, soyez observateurs et vifs pour vous d\u00e9barrasser de toutes vos cartes en premier !","og_url":"https:\/\/crocjeux.com\/index.php\/produit\/taco-verso-bouc-cheese-pizza\/","og_site_name":"Croc Jeux","article_modified_time":"2023-02-02T10:10:33+00:00","og_image":[{"width":372,"height":372,"url":"https:\/\/crocjeux.com\/wp-content\/uploads\/2023\/02\/taco-verso-bouc-cheese-pizza-1.jpg","type":"image\/jpeg"}],"twitter_card":"summary_large_image","twitter_misc":{"Dur\u00e9e de lecture estim\u00e9e":"1 minute"},"schema":{"@context":"https:\/\/schema.org","@graph":[{"@type":"WebPage","@id":"https:\/\/crocjeux.com\/index.php\/produit\/taco-verso-bouc-cheese-pizza\/","url":"https:\/\/crocjeux.com\/index.php\/produit\/taco-verso-bouc-cheese-pizza\/","name":"Taco Verso Bouc Cheese Pizza - Croc Jeux","isPartOf":{"@id":"https:\/\/crocjeux.com\/#website"},"primaryImageOfPage":{"@id":"https:\/\/crocjeux.com\/index.php\/produit\/taco-verso-bouc-cheese-pizza\/#primaryimage"},"image":{"@id":"https:\/\/crocjeux.com\/index.php\/produit\/taco-verso-bouc-cheese-pizza\/#primaryimage"},"thumbnailUrl":"https:\/\/crocjeux.com\/wp-content\/uploads\/2023\/02\/taco-verso-bouc-cheese-pizza-1.jpg","datePublished":"2023-02-01T10:11:49+00:00","dateModified":"2023-02-02T10:10:33+00:00","description":"Taco Chat Bouc Cheese Pizza est de retour dans cette nouvelle version totalement originale. Dans ce jeu de d\u00e9fausse, soyez observateurs et vifs pour vous d\u00e9barrasser de toutes vos cartes en premier !","breadcrumb":{"@id":"https:\/\/crocjeux.com\/index.php\/produit\/taco-verso-bouc-cheese-pizza\/#breadcrumb"},"inLanguage":"fr-FR","potentialAction":[{"@type":"ReadAction","target":["https:\/\/crocjeux.com\/index.php\/produit\/taco-verso-bouc-cheese-pizza\/"]}]},{"@type":"ImageObject","inLanguage":"fr-FR","@id":"https:\/\/crocjeux.com\/index.php\/produit\/taco-verso-bouc-cheese-pizza\/#primaryimage","url":"https:\/\/crocjeux.com\/wp-content\/uploads\/2023\/02\/taco-verso-bouc-cheese-pizza-1.jpg","contentUrl":"https:\/\/crocjeux.com\/wp-content\/uploads\/2023\/02\/taco-verso-bouc-cheese-pizza-1.jpg","width":372,"height":372},{"@type":"BreadcrumbList","@id":"https:\/\/crocjeux.com\/index.php\/produit\/taco-verso-bouc-cheese-pizza\/#breadcrumb","itemListElement":[{"@type":"ListItem","position":1,"name":"Accueil","item":"https:\/\/crocjeux.com\/"},{"@type":"ListItem","position":2,"name":"Boutique","item":"https:\/\/crocjeux.com\/"},{"@type":"ListItem","position":3,"name":"Taco Verso Bouc Cheese Pizza"}]},{"@type":"WebSite","@id":"https:\/\/crocjeux.com\/#website","url":"https:\/\/crocjeux.com\/","name":"Croc Jeux","description":"Bienvenue chez Croc Jeux!","publisher":{"@id":"https:\/\/crocjeux.com\/#organization"},"potentialAction":[{"@type":"SearchAction","target":{"@type":"EntryPoint","urlTemplate":"https:\/\/crocjeux.com\/?s={search_term_string}"},"query-input":{"@type":"PropertyValueSpecification","valueRequired":true,"valueName":"search_term_string"}}],"inLanguage":"fr-FR"},{"@type":"Organization","@id":"https:\/\/crocjeux.com\/#organization","name":"Croc Jeux","url":"https:\/\/crocjeux.com\/","logo":{"@type":"ImageObject","inLanguage":"fr-FR","@id":"https:\/\/crocjeux.com\/#\/schema\/logo\/image\/","url":"https:\/\/crocjeux.com\/wp-content\/uploads\/2022\/01\/cropped-logo-croc-etape-1-e1644574034239.jpg","contentUrl":"https:\/\/crocjeux.com\/wp-content\/uploads\/2022\/01\/cropped-logo-croc-etape-1-e1644574034239.jpg","width":1224,"height":314,"caption":"Croc Jeux"},"image":{"@id":"https:\/\/crocjeux.com\/#\/schema\/logo\/image\/"}}]}},"_links":{"self":[{"href":"https:\/\/crocjeux.com\/index.php\/wp-json\/wp\/v2\/product\/4534","targetHints":{"allow":["GET"]}}],"collection":[{"href":"https:\/\/crocjeux.com\/index.php\/wp-json\/wp\/v2\/product"}],"about":[{"href":"https:\/\/crocjeux.com\/index.php\/wp-json\/wp\/v2\/types\/product"}],"replies":[{"embeddable":true,"href":"https:\/\/crocjeux.com\/index.php\/wp-json\/wp\/v2\/comments?post=4534"}],"wp:featuredmedia":[{"embeddable":true,"href":"https:\/\/crocjeux.com\/index.php\/wp-json\/wp\/v2\/media\/4536"}],"wp:attachment":[{"href":"https:\/\/crocjeux.com\/index.php\/wp-json\/wp\/v2\/media?parent=4534"}],"wp:term":[{"taxonomy":"product_brand","embeddable":true,"href":"https:\/\/crocjeux.com\/index.php\/wp-json\/wp\/v2\/product_brand?post=4534"},{"taxonomy":"product_cat","embeddable":true,"href":"https:\/\/crocjeux.com\/index.php\/wp-json\/wp\/v2\/product_cat?post=4534"},{"taxonomy":"product_tag","embeddable":true,"href":"https:\/\/crocjeux.com\/index.php\/wp-json\/wp\/v2\/product_tag?post=4534"}],"curies":[{"name":"wp","href":"https:\/\/api.w.org\/{rel}","templated":true}]}}