{"id":4543,"date":"2023-02-01T14:26:51","date_gmt":"2023-02-01T13:26:51","guid":{"rendered":"https:\/\/crocjeux.com\/?post_type=product&#038;p=4543"},"modified":"2026-02-02T12:57:45","modified_gmt":"2026-02-02T11:57:45","slug":"five-tribes-les-djinns-de-naqala","status":"publish","type":"product","link":"https:\/\/crocjeux.com\/index.php\/produit\/five-tribes-les-djinns-de-naqala\/","title":{"rendered":"Five Tribes: Les djinns de naqala"},"content":{"rendered":"<p style=\"text-align: center;\">En traversant le pays des 1001 nuits, votre caravane arrive au l\u00e9gendaire sultanat de Naqala. Le vieux sultan vient de mourir et le contr\u00f4le de Naqala est \u00e0 saisir ! Les oracles ont pr\u00e9dit des \u00e9trangers qui man\u0153uvreraient les cinq tribus pour gagner de l&rsquo;influence sur la l\u00e9gendaire cit\u00e9-\u00c9tat. Veux-tu accomplir la proph\u00e9tie ? Invoquez les vieux Djinns et mettez les tribus en position au bon moment, et le Sultanat peut devenir le v\u00f4tre !<\/p>\n<p style=\"text-align: center;\">Five Tribes s&rsquo;appuie sur une longue tradition de jeux de style allemand qui mettent en vedette des meeples en bois. Ici, dans une tournure unique sur le genre d\u00e9sormais standard du \u00ab\u00a0placement ouvrier\u00a0\u00bb, le jeu commence avec les pions d\u00e9j\u00e0 en place &#8211; et les joueurs doivent les man\u0153uvrer intelligemment sur les villages, les march\u00e9s, les oasis et les lieux sacr\u00e9s qui composent Naqala. Comment, quand et o\u00f9 vous placez ces cinq tribus d&rsquo;Assassins, d&rsquo;A\u00een\u00e9s, de b\u00e2tisseurs, de marchands et de Vizirs d\u00e9terminent votre victoire ou votre \u00e9chec.<\/p>\n<p style=\"text-align: center;\">Les r\u00e8gles sont simples et faciles \u00e0 apprendre. Mais l&rsquo;\u00e9laboration d&rsquo;une strat\u00e9gie gagnante n\u00e9cessitera une approche plus calcul\u00e9e que d&rsquo;habitude. Vous devez examiner attentivement quels mouvements peuvent vous permettre d&rsquo;obtenir de bons r\u00e9sultats et d\u00e9savantager vos adversaires. Vous devez soupeser de nombreux chemins diff\u00e9rents vers la victoire, y compris l&rsquo;invocation de puissants Djinns qui peuvent aider votre cause alors que vous tentez de contr\u00f4ler ce sultanat l\u00e9gendaire.<\/p>\n","protected":false},"excerpt":{"rendered":"<p>Dans Five Tribes, votre caravane traverse le pays des 1001 nuits et arrive au l\u00e9gendaire sultanat de Naqala. Le vieux sultan vient de mourir et le contr\u00f4le de Naqala est \u00e0 saisir !<\/p>\n","protected":false},"featured_media":4545,"comment_status":"open","ping_status":"closed","template":"","meta":{"colormag_page_container_layout":"default_layout","colormag_page_sidebar_layout":"default_layout"},"product_brand":[],"product_cat":[18],"product_tag":[],"class_list":{"0":"post-4543","1":"product","2":"type-product","3":"status-publish","4":"has-post-thumbnail","6":"product_cat-jeux-de-strategie","8":"first","9":"outofstock","10":"taxable","11":"shipping-taxable","12":"purchasable","13":"product-type-simple"},"yoast_head":"<!-- This site is optimized with the Yoast SEO plugin v27.1.1 - https:\/\/yoast.com\/product\/yoast-seo-wordpress\/ -->\n<title>Five Tribes: Les djinns de naqala - Croc Jeux<\/title>\n<meta name=\"description\" content=\"Dans Five Tribes, votre caravane traverse le pays des 1001 nuits et arrive au l\u00e9gendaire sultanat de Naqala. Le vieux sultan vient de mourir et le contr\u00f4le de Naqala est \u00e0 saisir !\" \/>\n<meta name=\"robots\" content=\"index, follow, max-snippet:-1, max-image-preview:large, max-video-preview:-1\" \/>\n<link rel=\"canonical\" href=\"https:\/\/crocjeux.com\/index.php\/produit\/five-tribes-les-djinns-de-naqala\/\" \/>\n<meta property=\"og:locale\" content=\"fr_FR\" \/>\n<meta property=\"og:type\" content=\"article\" \/>\n<meta property=\"og:title\" content=\"Five Tribes: Les djinns de naqala - Croc Jeux\" \/>\n<meta property=\"og:description\" content=\"Dans Five Tribes, votre caravane traverse le pays des 1001 nuits et arrive au l\u00e9gendaire sultanat de Naqala. Le vieux sultan vient de mourir et le contr\u00f4le de Naqala est \u00e0 saisir !\" \/>\n<meta property=\"og:url\" content=\"https:\/\/crocjeux.com\/index.php\/produit\/five-tribes-les-djinns-de-naqala\/\" \/>\n<meta property=\"og:site_name\" content=\"Croc Jeux\" \/>\n<meta property=\"article:modified_time\" content=\"2026-02-02T11:57:45+00:00\" \/>\n<meta property=\"og:image\" content=\"https:\/\/crocjeux.com\/wp-content\/uploads\/2023\/02\/OIP-2.jpg\" \/>\n\t<meta property=\"og:image:width\" content=\"264\" \/>\n\t<meta property=\"og:image:height\" content=\"270\" \/>\n\t<meta property=\"og:image:type\" content=\"image\/jpeg\" \/>\n<meta name=\"twitter:card\" content=\"summary_large_image\" \/>\n<meta name=\"twitter:label1\" content=\"Dur\u00e9e de lecture estim\u00e9e\" \/>\n\t<meta name=\"twitter:data1\" content=\"2 minutes\" \/>\n<script type=\"application\/ld+json\" class=\"yoast-schema-graph\">{\"@context\":\"https:\/\/schema.org\",\"@graph\":[{\"@type\":\"WebPage\",\"@id\":\"https:\/\/crocjeux.com\/index.php\/produit\/five-tribes-les-djinns-de-naqala\/\",\"url\":\"https:\/\/crocjeux.com\/index.php\/produit\/five-tribes-les-djinns-de-naqala\/\",\"name\":\"Five Tribes: Les djinns de naqala - Croc Jeux\",\"isPartOf\":{\"@id\":\"https:\/\/crocjeux.com\/#website\"},\"primaryImageOfPage\":{\"@id\":\"https:\/\/crocjeux.com\/index.php\/produit\/five-tribes-les-djinns-de-naqala\/#primaryimage\"},\"image\":{\"@id\":\"https:\/\/crocjeux.com\/index.php\/produit\/five-tribes-les-djinns-de-naqala\/#primaryimage\"},\"thumbnailUrl\":\"https:\/\/crocjeux.com\/wp-content\/uploads\/2023\/02\/OIP-2.jpg\",\"datePublished\":\"2023-02-01T13:26:51+00:00\",\"dateModified\":\"2026-02-02T11:57:45+00:00\",\"description\":\"Dans Five Tribes, votre caravane traverse le pays des 1001 nuits et arrive au l\u00e9gendaire sultanat de Naqala. Le vieux sultan vient de mourir et le contr\u00f4le de Naqala est \u00e0 saisir !\",\"breadcrumb\":{\"@id\":\"https:\/\/crocjeux.com\/index.php\/produit\/five-tribes-les-djinns-de-naqala\/#breadcrumb\"},\"inLanguage\":\"fr-FR\",\"potentialAction\":[{\"@type\":\"ReadAction\",\"target\":[\"https:\/\/crocjeux.com\/index.php\/produit\/five-tribes-les-djinns-de-naqala\/\"]}]},{\"@type\":\"ImageObject\",\"inLanguage\":\"fr-FR\",\"@id\":\"https:\/\/crocjeux.com\/index.php\/produit\/five-tribes-les-djinns-de-naqala\/#primaryimage\",\"url\":\"https:\/\/crocjeux.com\/wp-content\/uploads\/2023\/02\/OIP-2.jpg\",\"contentUrl\":\"https:\/\/crocjeux.com\/wp-content\/uploads\/2023\/02\/OIP-2.jpg\",\"width\":264,\"height\":270},{\"@type\":\"BreadcrumbList\",\"@id\":\"https:\/\/crocjeux.com\/index.php\/produit\/five-tribes-les-djinns-de-naqala\/#breadcrumb\",\"itemListElement\":[{\"@type\":\"ListItem\",\"position\":1,\"name\":\"Accueil\",\"item\":\"https:\/\/crocjeux.com\/\"},{\"@type\":\"ListItem\",\"position\":2,\"name\":\"Boutique\",\"item\":\"https:\/\/crocjeux.com\/\"},{\"@type\":\"ListItem\",\"position\":3,\"name\":\"Five Tribes: Les djinns de naqala\"}]},{\"@type\":\"WebSite\",\"@id\":\"https:\/\/crocjeux.com\/#website\",\"url\":\"https:\/\/crocjeux.com\/\",\"name\":\"Croc Jeux\",\"description\":\"Bienvenue chez Croc Jeux!\",\"publisher\":{\"@id\":\"https:\/\/crocjeux.com\/#organization\"},\"potentialAction\":[{\"@type\":\"SearchAction\",\"target\":{\"@type\":\"EntryPoint\",\"urlTemplate\":\"https:\/\/crocjeux.com\/?s={search_term_string}\"},\"query-input\":{\"@type\":\"PropertyValueSpecification\",\"valueRequired\":true,\"valueName\":\"search_term_string\"}}],\"inLanguage\":\"fr-FR\"},{\"@type\":\"Organization\",\"@id\":\"https:\/\/crocjeux.com\/#organization\",\"name\":\"Croc Jeux\",\"url\":\"https:\/\/crocjeux.com\/\",\"logo\":{\"@type\":\"ImageObject\",\"inLanguage\":\"fr-FR\",\"@id\":\"https:\/\/crocjeux.com\/#\/schema\/logo\/image\/\",\"url\":\"https:\/\/crocjeux.com\/wp-content\/uploads\/2022\/01\/cropped-logo-croc-etape-1-e1644574034239.jpg\",\"contentUrl\":\"https:\/\/crocjeux.com\/wp-content\/uploads\/2022\/01\/cropped-logo-croc-etape-1-e1644574034239.jpg\",\"width\":1224,\"height\":314,\"caption\":\"Croc Jeux\"},\"image\":{\"@id\":\"https:\/\/crocjeux.com\/#\/schema\/logo\/image\/\"}}]}<\/script>\n<!-- \/ Yoast SEO plugin. -->","yoast_head_json":{"title":"Five Tribes: Les djinns de naqala - Croc Jeux","description":"Dans Five Tribes, votre caravane traverse le pays des 1001 nuits et arrive au l\u00e9gendaire sultanat de Naqala. Le vieux sultan vient de mourir et le contr\u00f4le de Naqala est \u00e0 saisir !","robots":{"index":"index","follow":"follow","max-snippet":"max-snippet:-1","max-image-preview":"max-image-preview:large","max-video-preview":"max-video-preview:-1"},"canonical":"https:\/\/crocjeux.com\/index.php\/produit\/five-tribes-les-djinns-de-naqala\/","og_locale":"fr_FR","og_type":"article","og_title":"Five Tribes: Les djinns de naqala - Croc Jeux","og_description":"Dans Five Tribes, votre caravane traverse le pays des 1001 nuits et arrive au l\u00e9gendaire sultanat de Naqala. Le vieux sultan vient de mourir et le contr\u00f4le de Naqala est \u00e0 saisir !","og_url":"https:\/\/crocjeux.com\/index.php\/produit\/five-tribes-les-djinns-de-naqala\/","og_site_name":"Croc Jeux","article_modified_time":"2026-02-02T11:57:45+00:00","og_image":[{"width":264,"height":270,"url":"https:\/\/crocjeux.com\/wp-content\/uploads\/2023\/02\/OIP-2.jpg","type":"image\/jpeg"}],"twitter_card":"summary_large_image","twitter_misc":{"Dur\u00e9e de lecture estim\u00e9e":"2 minutes"},"schema":{"@context":"https:\/\/schema.org","@graph":[{"@type":"WebPage","@id":"https:\/\/crocjeux.com\/index.php\/produit\/five-tribes-les-djinns-de-naqala\/","url":"https:\/\/crocjeux.com\/index.php\/produit\/five-tribes-les-djinns-de-naqala\/","name":"Five Tribes: Les djinns de naqala - Croc Jeux","isPartOf":{"@id":"https:\/\/crocjeux.com\/#website"},"primaryImageOfPage":{"@id":"https:\/\/crocjeux.com\/index.php\/produit\/five-tribes-les-djinns-de-naqala\/#primaryimage"},"image":{"@id":"https:\/\/crocjeux.com\/index.php\/produit\/five-tribes-les-djinns-de-naqala\/#primaryimage"},"thumbnailUrl":"https:\/\/crocjeux.com\/wp-content\/uploads\/2023\/02\/OIP-2.jpg","datePublished":"2023-02-01T13:26:51+00:00","dateModified":"2026-02-02T11:57:45+00:00","description":"Dans Five Tribes, votre caravane traverse le pays des 1001 nuits et arrive au l\u00e9gendaire sultanat de Naqala. Le vieux sultan vient de mourir et le contr\u00f4le de Naqala est \u00e0 saisir !","breadcrumb":{"@id":"https:\/\/crocjeux.com\/index.php\/produit\/five-tribes-les-djinns-de-naqala\/#breadcrumb"},"inLanguage":"fr-FR","potentialAction":[{"@type":"ReadAction","target":["https:\/\/crocjeux.com\/index.php\/produit\/five-tribes-les-djinns-de-naqala\/"]}]},{"@type":"ImageObject","inLanguage":"fr-FR","@id":"https:\/\/crocjeux.com\/index.php\/produit\/five-tribes-les-djinns-de-naqala\/#primaryimage","url":"https:\/\/crocjeux.com\/wp-content\/uploads\/2023\/02\/OIP-2.jpg","contentUrl":"https:\/\/crocjeux.com\/wp-content\/uploads\/2023\/02\/OIP-2.jpg","width":264,"height":270},{"@type":"BreadcrumbList","@id":"https:\/\/crocjeux.com\/index.php\/produit\/five-tribes-les-djinns-de-naqala\/#breadcrumb","itemListElement":[{"@type":"ListItem","position":1,"name":"Accueil","item":"https:\/\/crocjeux.com\/"},{"@type":"ListItem","position":2,"name":"Boutique","item":"https:\/\/crocjeux.com\/"},{"@type":"ListItem","position":3,"name":"Five Tribes: Les djinns de naqala"}]},{"@type":"WebSite","@id":"https:\/\/crocjeux.com\/#website","url":"https:\/\/crocjeux.com\/","name":"Croc Jeux","description":"Bienvenue chez Croc Jeux!","publisher":{"@id":"https:\/\/crocjeux.com\/#organization"},"potentialAction":[{"@type":"SearchAction","target":{"@type":"EntryPoint","urlTemplate":"https:\/\/crocjeux.com\/?s={search_term_string}"},"query-input":{"@type":"PropertyValueSpecification","valueRequired":true,"valueName":"search_term_string"}}],"inLanguage":"fr-FR"},{"@type":"Organization","@id":"https:\/\/crocjeux.com\/#organization","name":"Croc Jeux","url":"https:\/\/crocjeux.com\/","logo":{"@type":"ImageObject","inLanguage":"fr-FR","@id":"https:\/\/crocjeux.com\/#\/schema\/logo\/image\/","url":"https:\/\/crocjeux.com\/wp-content\/uploads\/2022\/01\/cropped-logo-croc-etape-1-e1644574034239.jpg","contentUrl":"https:\/\/crocjeux.com\/wp-content\/uploads\/2022\/01\/cropped-logo-croc-etape-1-e1644574034239.jpg","width":1224,"height":314,"caption":"Croc Jeux"},"image":{"@id":"https:\/\/crocjeux.com\/#\/schema\/logo\/image\/"}}]}},"_links":{"self":[{"href":"https:\/\/crocjeux.com\/index.php\/wp-json\/wp\/v2\/product\/4543","targetHints":{"allow":["GET"]}}],"collection":[{"href":"https:\/\/crocjeux.com\/index.php\/wp-json\/wp\/v2\/product"}],"about":[{"href":"https:\/\/crocjeux.com\/index.php\/wp-json\/wp\/v2\/types\/product"}],"replies":[{"embeddable":true,"href":"https:\/\/crocjeux.com\/index.php\/wp-json\/wp\/v2\/comments?post=4543"}],"wp:featuredmedia":[{"embeddable":true,"href":"https:\/\/crocjeux.com\/index.php\/wp-json\/wp\/v2\/media\/4545"}],"wp:attachment":[{"href":"https:\/\/crocjeux.com\/index.php\/wp-json\/wp\/v2\/media?parent=4543"}],"wp:term":[{"taxonomy":"product_brand","embeddable":true,"href":"https:\/\/crocjeux.com\/index.php\/wp-json\/wp\/v2\/product_brand?post=4543"},{"taxonomy":"product_cat","embeddable":true,"href":"https:\/\/crocjeux.com\/index.php\/wp-json\/wp\/v2\/product_cat?post=4543"},{"taxonomy":"product_tag","embeddable":true,"href":"https:\/\/crocjeux.com\/index.php\/wp-json\/wp\/v2\/product_tag?post=4543"}],"curies":[{"name":"wp","href":"https:\/\/api.w.org\/{rel}","templated":true}]}}