{"id":4557,"date":"2023-02-01T15:05:34","date_gmt":"2023-02-01T14:05:34","guid":{"rendered":"https:\/\/crocjeux.com\/?post_type=product&#038;p=4557"},"modified":"2024-07-31T12:17:59","modified_gmt":"2024-07-31T11:17:59","slug":"living-forest","status":"publish","type":"product","link":"https:\/\/crocjeux.com\/index.php\/produit\/living-forest\/","title":{"rendered":"Living Forest"},"content":{"rendered":"<div class=\"border-bottom pb-2 mb-4\">\n<h2>Sauvez l&rsquo;Arbre sacr\u00e9 des flammes d&rsquo;Onibi !<\/h2>\n<p>Dans\u00a0Living Forest, vous incarnez un Esprit de la nature d\u00e9sign\u00e9 pour sauver la for\u00eat et son Arbre sacr\u00e9 des flammes d\u2019Onibi. Mais pour r\u00e9ussir cette lourde mission, vous ne serez pas seul. Les Animaux gardiens se sont r\u00e9unis autour du Cercle des Esprits o\u00f9 vous progressez, et vous apportent une aide pr\u00e9cieuse.<\/p>\n<h2>Comment remplir votre mission ?<\/h2>\n<p>Il y a trois mani\u00e8res de r\u00e9ussir cette t\u00e2che :<\/p>\n<ul>\n<li>En plantant 12 Arbres protecteurs diff\u00e9rents<\/li>\n<li>En r\u00e9coltant 12 Fleurs sacr\u00e9es pour r\u00e9veiller Sanki le grand Gardien de la For\u00eat<\/li>\n<li>En \u00e9teignant 12 Feux pour repousser d\u00e9finitivement Onibi<\/li>\n<\/ul>\n<\/div>\n<h2>D\u00e9roulement d&rsquo;une partie<\/h2>\n<div>14 cartes Animal Gardien composent votre \u00e9quipe de d\u00e9part. Un Animal vous apporte, avec plus ou moins de force, un ou plusieurs \u00e9l\u00e9ments\u00a0: de la lumi\u00e8re pour attirer de nouveaux animaux, des pousses pour planter des arbres protecteurs, de l\u2019eau pour \u00e9teindre les flammes incessantes d\u2019Onibi, de la sagesse pour avancer sur le Cercle des Esprits et des fleurs sacr\u00e9es pour r\u00e9veiller Sanki.<\/div>\n<div><\/div>\n<div>\u00c0 chaque tour vous r\u00e9v\u00e9lez une \u00e0 une vos cartes Animal Gardien en essayant d\u2019obtenir la meilleure combinaison d\u2019\u00e9l\u00e9ments possible pour r\u00e9aliser vos deux actions. Attention, si trois Animaux solitaires sont jou\u00e9s, vous ne pourrez en r\u00e9aliser qu\u2019une.<\/div>\n<div><\/div>\n<div>\u00c0 la fin du tour, vous r\u00e9cup\u00e9rez autant de cartes Varans de Feu qu\u2019il y a d\u2019incendies non \u00e9teints. Ces cartes ont le m\u00eame effet que les cartes Animal Gardien soltaire sauf qu\u2019elles ne vous apportent aucun bienfait en contrepartie.<\/div>\n<h2>Un jeu r\u00e9compens\u00e9 \u00e0 Cannes<\/h2>\n<div>Lors de l&rsquo;\u00e9dition 2022 du Festival International des Jeux de Cannes, Living Forest a obtenu l&rsquo;As d&rsquo;Or du Jeu de l&rsquo;Ann\u00e9e dans la cat\u00e9gorie \u00ab\u00a0Initi\u00e9\u00a0\u00bb.<\/div>\n","protected":false},"excerpt":{"rendered":"<p>Dans Living Forest, quatre esprits de la nature ont \u00e9t\u00e9 d\u00e9sign\u00e9s pour sauver l\u2019arbre sacr\u00e9 en proie aux flammes d\u00e9vastatrices d\u2019Onibi. Tour \u00e0 tour, remplissez votre mission en choisissant de replanter des arbres protecteurs, de repousser les flammes ou de r\u00e9veiller Sanki, le Gardien de la for\u00eat.<\/p>\n","protected":false},"featured_media":4558,"comment_status":"open","ping_status":"closed","template":"","meta":{"colormag_page_container_layout":"default_layout","colormag_page_sidebar_layout":"default_layout"},"product_brand":[],"product_cat":[30,36],"product_tag":[],"class_list":{"0":"post-4557","1":"product","2":"type-product","3":"status-publish","4":"has-post-thumbnail","6":"product_cat-jeux-collaboratifs","7":"product_cat-jeux-familiaux","9":"first","10":"instock","11":"taxable","12":"shipping-taxable","13":"purchasable","14":"product-type-simple"},"yoast_head":"<!-- This site is optimized with the Yoast SEO plugin v27.4 - https:\/\/yoast.com\/product\/yoast-seo-wordpress\/ -->\n<title>Living Forest - Croc Jeux<\/title>\n<meta name=\"description\" content=\"Dans Living Forest, quatre esprits de la nature ont \u00e9t\u00e9 d\u00e9sign\u00e9s pour sauver l\u2019arbre sacr\u00e9 en proie aux flammes d\u00e9vastatrices d\u2019Onibi. Tour \u00e0 tour, remplissez votre mission en choisissant de replanter des arbres protecteurs, de repousser les flammes ou de r\u00e9veiller Sanki, le Gardien de la for\u00eat.\" \/>\n<meta name=\"robots\" content=\"index, follow, max-snippet:-1, max-image-preview:large, max-video-preview:-1\" \/>\n<link rel=\"canonical\" href=\"https:\/\/crocjeux.com\/index.php\/produit\/living-forest\/\" \/>\n<meta property=\"og:locale\" content=\"fr_FR\" \/>\n<meta property=\"og:type\" content=\"article\" \/>\n<meta property=\"og:title\" content=\"Living Forest - Croc Jeux\" \/>\n<meta property=\"og:description\" content=\"Dans Living Forest, quatre esprits de la nature ont \u00e9t\u00e9 d\u00e9sign\u00e9s pour sauver l\u2019arbre sacr\u00e9 en proie aux flammes d\u00e9vastatrices d\u2019Onibi. Tour \u00e0 tour, remplissez votre mission en choisissant de replanter des arbres protecteurs, de repousser les flammes ou de r\u00e9veiller Sanki, le Gardien de la for\u00eat.\" \/>\n<meta property=\"og:url\" content=\"https:\/\/crocjeux.com\/index.php\/produit\/living-forest\/\" \/>\n<meta property=\"og:site_name\" content=\"Croc Jeux\" \/>\n<meta property=\"article:modified_time\" content=\"2024-07-31T11:17:59+00:00\" \/>\n<meta property=\"og:image\" content=\"https:\/\/crocjeux.com\/wp-content\/uploads\/2023\/02\/living-forest.jpg\" \/>\n\t<meta property=\"og:image:width\" content=\"372\" \/>\n\t<meta property=\"og:image:height\" content=\"372\" \/>\n\t<meta property=\"og:image:type\" content=\"image\/jpeg\" \/>\n<meta name=\"twitter:card\" content=\"summary_large_image\" \/>\n<meta name=\"twitter:label1\" content=\"Dur\u00e9e de lecture estim\u00e9e\" \/>\n\t<meta name=\"twitter:data1\" content=\"2 minutes\" \/>\n<script type=\"application\/ld+json\" class=\"yoast-schema-graph\">{\"@context\":\"https:\\\/\\\/schema.org\",\"@graph\":[{\"@type\":\"WebPage\",\"@id\":\"https:\\\/\\\/crocjeux.com\\\/index.php\\\/produit\\\/living-forest\\\/\",\"url\":\"https:\\\/\\\/crocjeux.com\\\/index.php\\\/produit\\\/living-forest\\\/\",\"name\":\"Living Forest - Croc Jeux\",\"isPartOf\":{\"@id\":\"https:\\\/\\\/crocjeux.com\\\/#website\"},\"primaryImageOfPage\":{\"@id\":\"https:\\\/\\\/crocjeux.com\\\/index.php\\\/produit\\\/living-forest\\\/#primaryimage\"},\"image\":{\"@id\":\"https:\\\/\\\/crocjeux.com\\\/index.php\\\/produit\\\/living-forest\\\/#primaryimage\"},\"thumbnailUrl\":\"https:\\\/\\\/crocjeux.com\\\/wp-content\\\/uploads\\\/2023\\\/02\\\/living-forest.jpg\",\"datePublished\":\"2023-02-01T14:05:34+00:00\",\"dateModified\":\"2024-07-31T11:17:59+00:00\",\"description\":\"Dans Living Forest, quatre esprits de la nature ont \u00e9t\u00e9 d\u00e9sign\u00e9s pour sauver l\u2019arbre sacr\u00e9 en proie aux flammes d\u00e9vastatrices d\u2019Onibi. Tour \u00e0 tour, remplissez votre mission en choisissant de replanter des arbres protecteurs, de repousser les flammes ou de r\u00e9veiller Sanki, le Gardien de la for\u00eat.\",\"breadcrumb\":{\"@id\":\"https:\\\/\\\/crocjeux.com\\\/index.php\\\/produit\\\/living-forest\\\/#breadcrumb\"},\"inLanguage\":\"fr-FR\",\"potentialAction\":[{\"@type\":\"ReadAction\",\"target\":[\"https:\\\/\\\/crocjeux.com\\\/index.php\\\/produit\\\/living-forest\\\/\"]}]},{\"@type\":\"ImageObject\",\"inLanguage\":\"fr-FR\",\"@id\":\"https:\\\/\\\/crocjeux.com\\\/index.php\\\/produit\\\/living-forest\\\/#primaryimage\",\"url\":\"https:\\\/\\\/crocjeux.com\\\/wp-content\\\/uploads\\\/2023\\\/02\\\/living-forest.jpg\",\"contentUrl\":\"https:\\\/\\\/crocjeux.com\\\/wp-content\\\/uploads\\\/2023\\\/02\\\/living-forest.jpg\",\"width\":372,\"height\":372},{\"@type\":\"BreadcrumbList\",\"@id\":\"https:\\\/\\\/crocjeux.com\\\/index.php\\\/produit\\\/living-forest\\\/#breadcrumb\",\"itemListElement\":[{\"@type\":\"ListItem\",\"position\":1,\"name\":\"Accueil\",\"item\":\"https:\\\/\\\/crocjeux.com\\\/\"},{\"@type\":\"ListItem\",\"position\":2,\"name\":\"Boutique\",\"item\":\"https:\\\/\\\/crocjeux.com\\\/\"},{\"@type\":\"ListItem\",\"position\":3,\"name\":\"Living Forest\"}]},{\"@type\":\"WebSite\",\"@id\":\"https:\\\/\\\/crocjeux.com\\\/#website\",\"url\":\"https:\\\/\\\/crocjeux.com\\\/\",\"name\":\"Croc Jeux\",\"description\":\"Bienvenue chez Croc Jeux!\",\"publisher\":{\"@id\":\"https:\\\/\\\/crocjeux.com\\\/#organization\"},\"potentialAction\":[{\"@type\":\"SearchAction\",\"target\":{\"@type\":\"EntryPoint\",\"urlTemplate\":\"https:\\\/\\\/crocjeux.com\\\/?s={search_term_string}\"},\"query-input\":{\"@type\":\"PropertyValueSpecification\",\"valueRequired\":true,\"valueName\":\"search_term_string\"}}],\"inLanguage\":\"fr-FR\"},{\"@type\":\"Organization\",\"@id\":\"https:\\\/\\\/crocjeux.com\\\/#organization\",\"name\":\"Croc Jeux\",\"url\":\"https:\\\/\\\/crocjeux.com\\\/\",\"logo\":{\"@type\":\"ImageObject\",\"inLanguage\":\"fr-FR\",\"@id\":\"https:\\\/\\\/crocjeux.com\\\/#\\\/schema\\\/logo\\\/image\\\/\",\"url\":\"https:\\\/\\\/crocjeux.com\\\/wp-content\\\/uploads\\\/2022\\\/01\\\/cropped-logo-croc-etape-1-e1644574034239.jpg\",\"contentUrl\":\"https:\\\/\\\/crocjeux.com\\\/wp-content\\\/uploads\\\/2022\\\/01\\\/cropped-logo-croc-etape-1-e1644574034239.jpg\",\"width\":1224,\"height\":314,\"caption\":\"Croc Jeux\"},\"image\":{\"@id\":\"https:\\\/\\\/crocjeux.com\\\/#\\\/schema\\\/logo\\\/image\\\/\"}}]}<\/script>\n<!-- \/ Yoast SEO plugin. -->","yoast_head_json":{"title":"Living Forest - Croc Jeux","description":"Dans Living Forest, quatre esprits de la nature ont \u00e9t\u00e9 d\u00e9sign\u00e9s pour sauver l\u2019arbre sacr\u00e9 en proie aux flammes d\u00e9vastatrices d\u2019Onibi. Tour \u00e0 tour, remplissez votre mission en choisissant de replanter des arbres protecteurs, de repousser les flammes ou de r\u00e9veiller Sanki, le Gardien de la for\u00eat.","robots":{"index":"index","follow":"follow","max-snippet":"max-snippet:-1","max-image-preview":"max-image-preview:large","max-video-preview":"max-video-preview:-1"},"canonical":"https:\/\/crocjeux.com\/index.php\/produit\/living-forest\/","og_locale":"fr_FR","og_type":"article","og_title":"Living Forest - Croc Jeux","og_description":"Dans Living Forest, quatre esprits de la nature ont \u00e9t\u00e9 d\u00e9sign\u00e9s pour sauver l\u2019arbre sacr\u00e9 en proie aux flammes d\u00e9vastatrices d\u2019Onibi. Tour \u00e0 tour, remplissez votre mission en choisissant de replanter des arbres protecteurs, de repousser les flammes ou de r\u00e9veiller Sanki, le Gardien de la for\u00eat.","og_url":"https:\/\/crocjeux.com\/index.php\/produit\/living-forest\/","og_site_name":"Croc Jeux","article_modified_time":"2024-07-31T11:17:59+00:00","og_image":[{"width":372,"height":372,"url":"https:\/\/crocjeux.com\/wp-content\/uploads\/2023\/02\/living-forest.jpg","type":"image\/jpeg"}],"twitter_card":"summary_large_image","twitter_misc":{"Dur\u00e9e de lecture estim\u00e9e":"2 minutes"},"schema":{"@context":"https:\/\/schema.org","@graph":[{"@type":"WebPage","@id":"https:\/\/crocjeux.com\/index.php\/produit\/living-forest\/","url":"https:\/\/crocjeux.com\/index.php\/produit\/living-forest\/","name":"Living Forest - Croc Jeux","isPartOf":{"@id":"https:\/\/crocjeux.com\/#website"},"primaryImageOfPage":{"@id":"https:\/\/crocjeux.com\/index.php\/produit\/living-forest\/#primaryimage"},"image":{"@id":"https:\/\/crocjeux.com\/index.php\/produit\/living-forest\/#primaryimage"},"thumbnailUrl":"https:\/\/crocjeux.com\/wp-content\/uploads\/2023\/02\/living-forest.jpg","datePublished":"2023-02-01T14:05:34+00:00","dateModified":"2024-07-31T11:17:59+00:00","description":"Dans Living Forest, quatre esprits de la nature ont \u00e9t\u00e9 d\u00e9sign\u00e9s pour sauver l\u2019arbre sacr\u00e9 en proie aux flammes d\u00e9vastatrices d\u2019Onibi. Tour \u00e0 tour, remplissez votre mission en choisissant de replanter des arbres protecteurs, de repousser les flammes ou de r\u00e9veiller Sanki, le Gardien de la for\u00eat.","breadcrumb":{"@id":"https:\/\/crocjeux.com\/index.php\/produit\/living-forest\/#breadcrumb"},"inLanguage":"fr-FR","potentialAction":[{"@type":"ReadAction","target":["https:\/\/crocjeux.com\/index.php\/produit\/living-forest\/"]}]},{"@type":"ImageObject","inLanguage":"fr-FR","@id":"https:\/\/crocjeux.com\/index.php\/produit\/living-forest\/#primaryimage","url":"https:\/\/crocjeux.com\/wp-content\/uploads\/2023\/02\/living-forest.jpg","contentUrl":"https:\/\/crocjeux.com\/wp-content\/uploads\/2023\/02\/living-forest.jpg","width":372,"height":372},{"@type":"BreadcrumbList","@id":"https:\/\/crocjeux.com\/index.php\/produit\/living-forest\/#breadcrumb","itemListElement":[{"@type":"ListItem","position":1,"name":"Accueil","item":"https:\/\/crocjeux.com\/"},{"@type":"ListItem","position":2,"name":"Boutique","item":"https:\/\/crocjeux.com\/"},{"@type":"ListItem","position":3,"name":"Living Forest"}]},{"@type":"WebSite","@id":"https:\/\/crocjeux.com\/#website","url":"https:\/\/crocjeux.com\/","name":"Croc Jeux","description":"Bienvenue chez Croc Jeux!","publisher":{"@id":"https:\/\/crocjeux.com\/#organization"},"potentialAction":[{"@type":"SearchAction","target":{"@type":"EntryPoint","urlTemplate":"https:\/\/crocjeux.com\/?s={search_term_string}"},"query-input":{"@type":"PropertyValueSpecification","valueRequired":true,"valueName":"search_term_string"}}],"inLanguage":"fr-FR"},{"@type":"Organization","@id":"https:\/\/crocjeux.com\/#organization","name":"Croc Jeux","url":"https:\/\/crocjeux.com\/","logo":{"@type":"ImageObject","inLanguage":"fr-FR","@id":"https:\/\/crocjeux.com\/#\/schema\/logo\/image\/","url":"https:\/\/crocjeux.com\/wp-content\/uploads\/2022\/01\/cropped-logo-croc-etape-1-e1644574034239.jpg","contentUrl":"https:\/\/crocjeux.com\/wp-content\/uploads\/2022\/01\/cropped-logo-croc-etape-1-e1644574034239.jpg","width":1224,"height":314,"caption":"Croc Jeux"},"image":{"@id":"https:\/\/crocjeux.com\/#\/schema\/logo\/image\/"}}]}},"_links":{"self":[{"href":"https:\/\/crocjeux.com\/index.php\/wp-json\/wp\/v2\/product\/4557","targetHints":{"allow":["GET"]}}],"collection":[{"href":"https:\/\/crocjeux.com\/index.php\/wp-json\/wp\/v2\/product"}],"about":[{"href":"https:\/\/crocjeux.com\/index.php\/wp-json\/wp\/v2\/types\/product"}],"replies":[{"embeddable":true,"href":"https:\/\/crocjeux.com\/index.php\/wp-json\/wp\/v2\/comments?post=4557"}],"wp:featuredmedia":[{"embeddable":true,"href":"https:\/\/crocjeux.com\/index.php\/wp-json\/wp\/v2\/media\/4558"}],"wp:attachment":[{"href":"https:\/\/crocjeux.com\/index.php\/wp-json\/wp\/v2\/media?parent=4557"}],"wp:term":[{"taxonomy":"product_brand","embeddable":true,"href":"https:\/\/crocjeux.com\/index.php\/wp-json\/wp\/v2\/product_brand?post=4557"},{"taxonomy":"product_cat","embeddable":true,"href":"https:\/\/crocjeux.com\/index.php\/wp-json\/wp\/v2\/product_cat?post=4557"},{"taxonomy":"product_tag","embeddable":true,"href":"https:\/\/crocjeux.com\/index.php\/wp-json\/wp\/v2\/product_tag?post=4557"}],"curies":[{"name":"wp","href":"https:\/\/api.w.org\/{rel}","templated":true}]}}