{"id":4569,"date":"2023-02-01T15:48:38","date_gmt":"2023-02-01T14:48:38","guid":{"rendered":"https:\/\/crocjeux.com\/?post_type=product&#038;p=4569"},"modified":"2023-02-01T15:59:18","modified_gmt":"2023-02-01T14:59:18","slug":"les-aventuriers-du-train-le-train-fantome","status":"publish","type":"product","link":"https:\/\/crocjeux.com\/index.php\/produit\/les-aventuriers-du-train-le-train-fantome\/","title":{"rendered":"Les aventuriers du train: Le train fant\u00f4me"},"content":{"rendered":"<section id=\"tab-description\" class=\"page-product-box r-tabs-panel r-tabs-state-active\">\n<div class=\"rte\">\n<h2>Les Aventuriers du Rail : Mon premier voyage, une adaptation pour les enfants<\/h2>\n<div>Avec Les Aventuriers du Rail : Mon premier voyage, l&rsquo;auteur du jeu, Alan R. Moon d\u00e9cline sa s\u00e9rie \u00e0 succ\u00e8s en version enfant.<\/div>\n<div>Avec des parties rapides, cette nouvelle mouture, facile d&rsquo;apprentissage, est id\u00e9ale pour initier les enfants aux jeux de plateau en g\u00e9n\u00e9ral et \u00e0 la m\u00e9canique de la saga des Aventuriers du Rail en particulier.<\/div>\n<div>De plus, les illustrations color\u00e9es du plateau, dont les enfants sont si sensibles, facilitent la prise en main.<\/div>\n<h2>Les Aventuriers du Rail : Mon premier voyage, un jeu \u00e0 partager en famille<\/h2>\n<div>Le jeu a \u00e9t\u00e9 con\u00e7u pour les enfants mais \u00e9galement pour les parents qui souhaitent vivre un moment privil\u00e9gi\u00e9 avec leurs chers bambins. Les parties sont de courte dur\u00e9e, ce qui favorise le nombre de parties et un apprentissage acc\u00e9l\u00e9r\u00e9 des r\u00e8gles et des strat\u00e9gies possibles. Le jeu promet des parties qui oscillent entre 10 et 30 minutes, selon l&rsquo;aide des parents, et peut m\u00eame convenir \u00e0 des enfants de 4 ou 5 ans s&rsquo;ils sont un peu accompagn\u00e9s.<\/div>\n<h2>Facile \u00e0 apprendre et rapide \u00e0 jouer, Les Aventuriers du Rail : Mon Premier Voyage &#8211; Le Train Fant\u00f4me est le moyen id\u00e9al de d\u00e9couvrir en douceur la s\u00e9rie des Aventuriers du Rail.<\/h2>\n<p>Dans cette version fantastique du classique Les Aventuriers du Rail : Mon Premier Voyage, parents et enfants collectent des cartes Parade et placent leur chariots hant\u00e9s sur le plateau pour relier les diff\u00e9rents emplacements de cette bien \u00e9trange petite ville. \u00ab Toc toc ! Des bonbons ou un sort ! \u00bb<\/p>\n<\/div>\n<\/section>\n<div id=\"ukoopubliclist-product_lists\" class=\"block collapse-smartphone-tablet\">\n<p class=\"title_block\">Ce jeu appara\u00eet dans les Tops Jeux de nos joueurs<\/p>\n<\/div>\n","protected":false},"excerpt":{"rendered":"<p>Avec les Aventuriers du Rail : Le Train Fant\u00f4me, faites vivre \u00e0 vos enfants leur premi\u00e8re aventure ferroviaire !<\/p>\n","protected":false},"featured_media":4570,"comment_status":"open","ping_status":"closed","template":"","meta":{"colormag_page_container_layout":"default_layout","colormag_page_sidebar_layout":"default_layout"},"product_brand":[],"product_cat":[33,91,92],"product_tag":[],"class_list":{"0":"post-4569","1":"product","2":"type-product","3":"status-publish","4":"has-post-thumbnail","6":"product_cat-jeux-enfants","7":"product_cat-aventuriers-du-rail-jeux-strategie","8":"product_cat-aventuriers-du-rail-jeux-familliaux","10":"first","11":"instock","12":"taxable","13":"shipping-taxable","14":"purchasable","15":"product-type-simple"},"yoast_head":"<!-- This site is optimized with the Yoast SEO plugin v27.3 - https:\/\/yoast.com\/product\/yoast-seo-wordpress\/ -->\n<title>Les aventuriers du train: Le train fant\u00f4me - Croc Jeux<\/title>\n<meta name=\"description\" content=\"Avec les Aventuriers du Rail : Le Train Fant\u00f4me, faites vivre \u00e0 vos enfants leur premi\u00e8re aventure ferroviaire !\" \/>\n<meta name=\"robots\" content=\"index, follow, max-snippet:-1, max-image-preview:large, max-video-preview:-1\" \/>\n<link rel=\"canonical\" href=\"https:\/\/crocjeux.com\/index.php\/produit\/les-aventuriers-du-train-le-train-fantome\/\" \/>\n<meta property=\"og:locale\" content=\"fr_FR\" \/>\n<meta property=\"og:type\" content=\"article\" \/>\n<meta property=\"og:title\" content=\"Les aventuriers du train: Le train fant\u00f4me - Croc Jeux\" \/>\n<meta property=\"og:description\" content=\"Avec les Aventuriers du Rail : Le Train Fant\u00f4me, faites vivre \u00e0 vos enfants leur premi\u00e8re aventure ferroviaire !\" \/>\n<meta property=\"og:url\" content=\"https:\/\/crocjeux.com\/index.php\/produit\/les-aventuriers-du-train-le-train-fantome\/\" \/>\n<meta property=\"og:site_name\" content=\"Croc Jeux\" \/>\n<meta property=\"article:modified_time\" content=\"2023-02-01T14:59:18+00:00\" \/>\n<meta property=\"og:image\" content=\"https:\/\/crocjeux.com\/wp-content\/uploads\/2023\/02\/OIP-7.jpg\" \/>\n\t<meta property=\"og:image:width\" content=\"270\" \/>\n\t<meta property=\"og:image:height\" content=\"276\" \/>\n\t<meta property=\"og:image:type\" content=\"image\/jpeg\" \/>\n<meta name=\"twitter:card\" content=\"summary_large_image\" \/>\n<meta name=\"twitter:label1\" content=\"Dur\u00e9e de lecture estim\u00e9e\" \/>\n\t<meta name=\"twitter:data1\" content=\"2 minutes\" \/>\n<script type=\"application\/ld+json\" class=\"yoast-schema-graph\">{\"@context\":\"https:\\\/\\\/schema.org\",\"@graph\":[{\"@type\":\"WebPage\",\"@id\":\"https:\\\/\\\/crocjeux.com\\\/index.php\\\/produit\\\/les-aventuriers-du-train-le-train-fantome\\\/\",\"url\":\"https:\\\/\\\/crocjeux.com\\\/index.php\\\/produit\\\/les-aventuriers-du-train-le-train-fantome\\\/\",\"name\":\"Les aventuriers du train: Le train fant\u00f4me - Croc Jeux\",\"isPartOf\":{\"@id\":\"https:\\\/\\\/crocjeux.com\\\/#website\"},\"primaryImageOfPage\":{\"@id\":\"https:\\\/\\\/crocjeux.com\\\/index.php\\\/produit\\\/les-aventuriers-du-train-le-train-fantome\\\/#primaryimage\"},\"image\":{\"@id\":\"https:\\\/\\\/crocjeux.com\\\/index.php\\\/produit\\\/les-aventuriers-du-train-le-train-fantome\\\/#primaryimage\"},\"thumbnailUrl\":\"https:\\\/\\\/crocjeux.com\\\/wp-content\\\/uploads\\\/2023\\\/02\\\/OIP-7.jpg\",\"datePublished\":\"2023-02-01T14:48:38+00:00\",\"dateModified\":\"2023-02-01T14:59:18+00:00\",\"description\":\"Avec les Aventuriers du Rail : Le Train Fant\u00f4me, faites vivre \u00e0 vos enfants leur premi\u00e8re aventure ferroviaire !\",\"breadcrumb\":{\"@id\":\"https:\\\/\\\/crocjeux.com\\\/index.php\\\/produit\\\/les-aventuriers-du-train-le-train-fantome\\\/#breadcrumb\"},\"inLanguage\":\"fr-FR\",\"potentialAction\":[{\"@type\":\"ReadAction\",\"target\":[\"https:\\\/\\\/crocjeux.com\\\/index.php\\\/produit\\\/les-aventuriers-du-train-le-train-fantome\\\/\"]}]},{\"@type\":\"ImageObject\",\"inLanguage\":\"fr-FR\",\"@id\":\"https:\\\/\\\/crocjeux.com\\\/index.php\\\/produit\\\/les-aventuriers-du-train-le-train-fantome\\\/#primaryimage\",\"url\":\"https:\\\/\\\/crocjeux.com\\\/wp-content\\\/uploads\\\/2023\\\/02\\\/OIP-7.jpg\",\"contentUrl\":\"https:\\\/\\\/crocjeux.com\\\/wp-content\\\/uploads\\\/2023\\\/02\\\/OIP-7.jpg\",\"width\":270,\"height\":276},{\"@type\":\"BreadcrumbList\",\"@id\":\"https:\\\/\\\/crocjeux.com\\\/index.php\\\/produit\\\/les-aventuriers-du-train-le-train-fantome\\\/#breadcrumb\",\"itemListElement\":[{\"@type\":\"ListItem\",\"position\":1,\"name\":\"Accueil\",\"item\":\"https:\\\/\\\/crocjeux.com\\\/\"},{\"@type\":\"ListItem\",\"position\":2,\"name\":\"Boutique\",\"item\":\"https:\\\/\\\/crocjeux.com\\\/\"},{\"@type\":\"ListItem\",\"position\":3,\"name\":\"Les aventuriers du train: Le train fant\u00f4me\"}]},{\"@type\":\"WebSite\",\"@id\":\"https:\\\/\\\/crocjeux.com\\\/#website\",\"url\":\"https:\\\/\\\/crocjeux.com\\\/\",\"name\":\"Croc Jeux\",\"description\":\"Bienvenue chez Croc Jeux!\",\"publisher\":{\"@id\":\"https:\\\/\\\/crocjeux.com\\\/#organization\"},\"potentialAction\":[{\"@type\":\"SearchAction\",\"target\":{\"@type\":\"EntryPoint\",\"urlTemplate\":\"https:\\\/\\\/crocjeux.com\\\/?s={search_term_string}\"},\"query-input\":{\"@type\":\"PropertyValueSpecification\",\"valueRequired\":true,\"valueName\":\"search_term_string\"}}],\"inLanguage\":\"fr-FR\"},{\"@type\":\"Organization\",\"@id\":\"https:\\\/\\\/crocjeux.com\\\/#organization\",\"name\":\"Croc Jeux\",\"url\":\"https:\\\/\\\/crocjeux.com\\\/\",\"logo\":{\"@type\":\"ImageObject\",\"inLanguage\":\"fr-FR\",\"@id\":\"https:\\\/\\\/crocjeux.com\\\/#\\\/schema\\\/logo\\\/image\\\/\",\"url\":\"https:\\\/\\\/crocjeux.com\\\/wp-content\\\/uploads\\\/2022\\\/01\\\/cropped-logo-croc-etape-1-e1644574034239.jpg\",\"contentUrl\":\"https:\\\/\\\/crocjeux.com\\\/wp-content\\\/uploads\\\/2022\\\/01\\\/cropped-logo-croc-etape-1-e1644574034239.jpg\",\"width\":1224,\"height\":314,\"caption\":\"Croc Jeux\"},\"image\":{\"@id\":\"https:\\\/\\\/crocjeux.com\\\/#\\\/schema\\\/logo\\\/image\\\/\"}}]}<\/script>\n<!-- \/ Yoast SEO plugin. -->","yoast_head_json":{"title":"Les aventuriers du train: Le train fant\u00f4me - Croc Jeux","description":"Avec les Aventuriers du Rail : Le Train Fant\u00f4me, faites vivre \u00e0 vos enfants leur premi\u00e8re aventure ferroviaire !","robots":{"index":"index","follow":"follow","max-snippet":"max-snippet:-1","max-image-preview":"max-image-preview:large","max-video-preview":"max-video-preview:-1"},"canonical":"https:\/\/crocjeux.com\/index.php\/produit\/les-aventuriers-du-train-le-train-fantome\/","og_locale":"fr_FR","og_type":"article","og_title":"Les aventuriers du train: Le train fant\u00f4me - Croc Jeux","og_description":"Avec les Aventuriers du Rail : Le Train Fant\u00f4me, faites vivre \u00e0 vos enfants leur premi\u00e8re aventure ferroviaire !","og_url":"https:\/\/crocjeux.com\/index.php\/produit\/les-aventuriers-du-train-le-train-fantome\/","og_site_name":"Croc Jeux","article_modified_time":"2023-02-01T14:59:18+00:00","og_image":[{"width":270,"height":276,"url":"https:\/\/crocjeux.com\/wp-content\/uploads\/2023\/02\/OIP-7.jpg","type":"image\/jpeg"}],"twitter_card":"summary_large_image","twitter_misc":{"Dur\u00e9e de lecture estim\u00e9e":"2 minutes"},"schema":{"@context":"https:\/\/schema.org","@graph":[{"@type":"WebPage","@id":"https:\/\/crocjeux.com\/index.php\/produit\/les-aventuriers-du-train-le-train-fantome\/","url":"https:\/\/crocjeux.com\/index.php\/produit\/les-aventuriers-du-train-le-train-fantome\/","name":"Les aventuriers du train: Le train fant\u00f4me - Croc Jeux","isPartOf":{"@id":"https:\/\/crocjeux.com\/#website"},"primaryImageOfPage":{"@id":"https:\/\/crocjeux.com\/index.php\/produit\/les-aventuriers-du-train-le-train-fantome\/#primaryimage"},"image":{"@id":"https:\/\/crocjeux.com\/index.php\/produit\/les-aventuriers-du-train-le-train-fantome\/#primaryimage"},"thumbnailUrl":"https:\/\/crocjeux.com\/wp-content\/uploads\/2023\/02\/OIP-7.jpg","datePublished":"2023-02-01T14:48:38+00:00","dateModified":"2023-02-01T14:59:18+00:00","description":"Avec les Aventuriers du Rail : Le Train Fant\u00f4me, faites vivre \u00e0 vos enfants leur premi\u00e8re aventure ferroviaire !","breadcrumb":{"@id":"https:\/\/crocjeux.com\/index.php\/produit\/les-aventuriers-du-train-le-train-fantome\/#breadcrumb"},"inLanguage":"fr-FR","potentialAction":[{"@type":"ReadAction","target":["https:\/\/crocjeux.com\/index.php\/produit\/les-aventuriers-du-train-le-train-fantome\/"]}]},{"@type":"ImageObject","inLanguage":"fr-FR","@id":"https:\/\/crocjeux.com\/index.php\/produit\/les-aventuriers-du-train-le-train-fantome\/#primaryimage","url":"https:\/\/crocjeux.com\/wp-content\/uploads\/2023\/02\/OIP-7.jpg","contentUrl":"https:\/\/crocjeux.com\/wp-content\/uploads\/2023\/02\/OIP-7.jpg","width":270,"height":276},{"@type":"BreadcrumbList","@id":"https:\/\/crocjeux.com\/index.php\/produit\/les-aventuriers-du-train-le-train-fantome\/#breadcrumb","itemListElement":[{"@type":"ListItem","position":1,"name":"Accueil","item":"https:\/\/crocjeux.com\/"},{"@type":"ListItem","position":2,"name":"Boutique","item":"https:\/\/crocjeux.com\/"},{"@type":"ListItem","position":3,"name":"Les aventuriers du train: Le train fant\u00f4me"}]},{"@type":"WebSite","@id":"https:\/\/crocjeux.com\/#website","url":"https:\/\/crocjeux.com\/","name":"Croc Jeux","description":"Bienvenue chez Croc Jeux!","publisher":{"@id":"https:\/\/crocjeux.com\/#organization"},"potentialAction":[{"@type":"SearchAction","target":{"@type":"EntryPoint","urlTemplate":"https:\/\/crocjeux.com\/?s={search_term_string}"},"query-input":{"@type":"PropertyValueSpecification","valueRequired":true,"valueName":"search_term_string"}}],"inLanguage":"fr-FR"},{"@type":"Organization","@id":"https:\/\/crocjeux.com\/#organization","name":"Croc Jeux","url":"https:\/\/crocjeux.com\/","logo":{"@type":"ImageObject","inLanguage":"fr-FR","@id":"https:\/\/crocjeux.com\/#\/schema\/logo\/image\/","url":"https:\/\/crocjeux.com\/wp-content\/uploads\/2022\/01\/cropped-logo-croc-etape-1-e1644574034239.jpg","contentUrl":"https:\/\/crocjeux.com\/wp-content\/uploads\/2022\/01\/cropped-logo-croc-etape-1-e1644574034239.jpg","width":1224,"height":314,"caption":"Croc Jeux"},"image":{"@id":"https:\/\/crocjeux.com\/#\/schema\/logo\/image\/"}}]}},"_links":{"self":[{"href":"https:\/\/crocjeux.com\/index.php\/wp-json\/wp\/v2\/product\/4569","targetHints":{"allow":["GET"]}}],"collection":[{"href":"https:\/\/crocjeux.com\/index.php\/wp-json\/wp\/v2\/product"}],"about":[{"href":"https:\/\/crocjeux.com\/index.php\/wp-json\/wp\/v2\/types\/product"}],"replies":[{"embeddable":true,"href":"https:\/\/crocjeux.com\/index.php\/wp-json\/wp\/v2\/comments?post=4569"}],"wp:featuredmedia":[{"embeddable":true,"href":"https:\/\/crocjeux.com\/index.php\/wp-json\/wp\/v2\/media\/4570"}],"wp:attachment":[{"href":"https:\/\/crocjeux.com\/index.php\/wp-json\/wp\/v2\/media?parent=4569"}],"wp:term":[{"taxonomy":"product_brand","embeddable":true,"href":"https:\/\/crocjeux.com\/index.php\/wp-json\/wp\/v2\/product_brand?post=4569"},{"taxonomy":"product_cat","embeddable":true,"href":"https:\/\/crocjeux.com\/index.php\/wp-json\/wp\/v2\/product_cat?post=4569"},{"taxonomy":"product_tag","embeddable":true,"href":"https:\/\/crocjeux.com\/index.php\/wp-json\/wp\/v2\/product_tag?post=4569"}],"curies":[{"name":"wp","href":"https:\/\/api.w.org\/{rel}","templated":true}]}}