{"id":4571,"date":"2023-02-01T15:55:54","date_gmt":"2023-02-01T14:55:54","guid":{"rendered":"https:\/\/crocjeux.com\/?post_type=product&#038;p=4571"},"modified":"2023-02-01T15:57:53","modified_gmt":"2023-02-01T14:57:53","slug":"les-aventuriers-du-rail-mon-premier-voyage","status":"publish","type":"product","link":"https:\/\/crocjeux.com\/index.php\/produit\/les-aventuriers-du-rail-mon-premier-voyage\/","title":{"rendered":"Les Aventuriers du Rail: Mon premier voyage"},"content":{"rendered":"<h2>Les Aventuriers du Rail : Mon premier voyage, une adaptation pour les enfants<\/h2>\n<div>Avec Les Aventuriers du Rail : Mon premier voyage, l&rsquo;auteur du jeu, Alan R. Moon d\u00e9cline sa s\u00e9rie \u00e0 succ\u00e8s en version enfant.<\/div>\n<div>Avec des parties rapides, cette nouvelle mouture, facile d&rsquo;apprentissage, est id\u00e9ale pour initier les enfants aux jeux de plateau en g\u00e9n\u00e9ral et \u00e0 la m\u00e9canique de la saga des Aventuriers du Rail en particulier.<\/div>\n<div>De plus, les illustrations color\u00e9es du plateau, dont les enfants sont si sensibles, facilitent la prise en main.<\/div>\n<div><\/div>\n<h2>Les Aventuriers du Rail : Mon premier voyage, un jeu \u00e0 partager en famille<\/h2>\n<div>Le jeu a \u00e9t\u00e9 con\u00e7u pour les enfants mais \u00e9galement pour les parents qui souhaitent vivre un moment privil\u00e9gi\u00e9 avec leurs chers bambins. Les parties sont de courte dur\u00e9e, ce qui favorise le nombre de parties et un apprentissage acc\u00e9l\u00e9r\u00e9 des r\u00e8gles et des strat\u00e9gies possibles. Le jeu promet des parties qui oscillent entre 10 et 30 minutes, selon l&rsquo;aide des parents, et peut m\u00eame convenir \u00e0 les enfants de 4 ou 5 ans s&rsquo;ils sont un peu accompagn\u00e9s.<\/div>\n<div><\/div>\n<h2>Les Aventuriers du Rail : Mon premier voyage, une m\u00e9canique simplifi\u00e9e<\/h2>\n<div>Le jeu reprend les \u00e9l\u00e9ments qui ont fait le succ\u00e8s de la s\u00e9rie, mais les adapte pour les rendre accessibles aux plus jeunes. L&rsquo;objectif final du jeu reste inchang\u00e9 : visiter le plus de villes en Europe afin de construire le plus \u00e9tendu des r\u00e9seaux ferroviaires.<\/div>\n<div>Pour gagner les enfants devront collecter des cartes Wagon, prendre des routes et relier les villes list\u00e9es sur leurs cartes Destination.<\/div>\n<div><\/div>\n<h2>Les Aventuriers du Rail : Mon premier voyage, dites \u00ab TICKET ! \u00bb<\/h2>\n<div>Le jeu comprend une r\u00e8gle amusante propre \u00e0 cette version. Lorsque les voyageurs en herbe compl\u00e8tent un trajet, ils ont le droit d&rsquo;abattre leurs cartes en criant \u00ab TICKET !\u00bb. L&rsquo;effet est garanti !<\/div>\n<div><\/div>\n","protected":false},"excerpt":{"rendered":"<p>Avec Les Aventuriers du Rail &#8211; Mon premier voyage, faites vivre \u00e0 vos enfants leur premi\u00e8re aventure ferroviaire ! De Madrid \u00e0 Stockholm ou Moscou, laissez vos petits anges prendre leur envol et partir \u00e0 la d\u00e9couverte des grandes capitales europ\u00e9ennes sans quitter leur chambre.<\/p>\n","protected":false},"featured_media":4572,"comment_status":"open","ping_status":"closed","template":"","meta":{"colormag_page_container_layout":"default_layout","colormag_page_sidebar_layout":"default_layout"},"product_brand":[],"product_cat":[33,67,92],"product_tag":[],"class_list":{"0":"post-4571","1":"product","2":"type-product","3":"status-publish","4":"has-post-thumbnail","6":"product_cat-jeux-enfants","7":"product_cat-aventuriers-du-rail-ne-ratez-pas","8":"product_cat-aventuriers-du-rail-jeux-familliaux","10":"first","11":"instock","12":"taxable","13":"shipping-taxable","14":"purchasable","15":"product-type-simple"},"yoast_head":"<!-- This site is optimized with the Yoast SEO plugin v27.4 - https:\/\/yoast.com\/product\/yoast-seo-wordpress\/ -->\n<title>Les Aventuriers du Rail: Mon premier voyage - Croc Jeux<\/title>\n<meta name=\"description\" content=\"Avec Les Aventuriers du Rail - Mon premier voyage, faites vivre \u00e0 vos enfants leur premi\u00e8re aventure ferroviaire ! De Madrid \u00e0 Stockholm ou Moscou, laissez vos petits anges prendre leur envol et partir \u00e0 la d\u00e9couverte des grandes capitales europ\u00e9ennes sans quitter leur chambre.\" \/>\n<meta name=\"robots\" content=\"index, follow, max-snippet:-1, max-image-preview:large, max-video-preview:-1\" \/>\n<link rel=\"canonical\" href=\"https:\/\/crocjeux.com\/index.php\/produit\/les-aventuriers-du-rail-mon-premier-voyage\/\" \/>\n<meta property=\"og:locale\" content=\"fr_FR\" \/>\n<meta property=\"og:type\" content=\"article\" \/>\n<meta property=\"og:title\" content=\"Les Aventuriers du Rail: Mon premier voyage - Croc Jeux\" \/>\n<meta property=\"og:description\" content=\"Avec Les Aventuriers du Rail - Mon premier voyage, faites vivre \u00e0 vos enfants leur premi\u00e8re aventure ferroviaire ! De Madrid \u00e0 Stockholm ou Moscou, laissez vos petits anges prendre leur envol et partir \u00e0 la d\u00e9couverte des grandes capitales europ\u00e9ennes sans quitter leur chambre.\" \/>\n<meta property=\"og:url\" content=\"https:\/\/crocjeux.com\/index.php\/produit\/les-aventuriers-du-rail-mon-premier-voyage\/\" \/>\n<meta property=\"og:site_name\" content=\"Croc Jeux\" \/>\n<meta property=\"article:modified_time\" content=\"2023-02-01T14:57:53+00:00\" \/>\n<meta property=\"og:image\" content=\"https:\/\/crocjeux.com\/wp-content\/uploads\/2023\/02\/les-aventuriers-du-rail-europe-mon-premier-voyage.webp\" \/>\n\t<meta property=\"og:image:width\" content=\"372\" \/>\n\t<meta property=\"og:image:height\" content=\"372\" \/>\n\t<meta property=\"og:image:type\" content=\"image\/webp\" \/>\n<meta name=\"twitter:card\" content=\"summary_large_image\" \/>\n<meta name=\"twitter:label1\" content=\"Dur\u00e9e de lecture estim\u00e9e\" \/>\n\t<meta name=\"twitter:data1\" content=\"2 minutes\" \/>\n<script type=\"application\/ld+json\" class=\"yoast-schema-graph\">{\"@context\":\"https:\\\/\\\/schema.org\",\"@graph\":[{\"@type\":\"WebPage\",\"@id\":\"https:\\\/\\\/crocjeux.com\\\/index.php\\\/produit\\\/les-aventuriers-du-rail-mon-premier-voyage\\\/\",\"url\":\"https:\\\/\\\/crocjeux.com\\\/index.php\\\/produit\\\/les-aventuriers-du-rail-mon-premier-voyage\\\/\",\"name\":\"Les Aventuriers du Rail: Mon premier voyage - Croc Jeux\",\"isPartOf\":{\"@id\":\"https:\\\/\\\/crocjeux.com\\\/#website\"},\"primaryImageOfPage\":{\"@id\":\"https:\\\/\\\/crocjeux.com\\\/index.php\\\/produit\\\/les-aventuriers-du-rail-mon-premier-voyage\\\/#primaryimage\"},\"image\":{\"@id\":\"https:\\\/\\\/crocjeux.com\\\/index.php\\\/produit\\\/les-aventuriers-du-rail-mon-premier-voyage\\\/#primaryimage\"},\"thumbnailUrl\":\"https:\\\/\\\/crocjeux.com\\\/wp-content\\\/uploads\\\/2023\\\/02\\\/les-aventuriers-du-rail-europe-mon-premier-voyage.webp\",\"datePublished\":\"2023-02-01T14:55:54+00:00\",\"dateModified\":\"2023-02-01T14:57:53+00:00\",\"description\":\"Avec Les Aventuriers du Rail - Mon premier voyage, faites vivre \u00e0 vos enfants leur premi\u00e8re aventure ferroviaire ! De Madrid \u00e0 Stockholm ou Moscou, laissez vos petits anges prendre leur envol et partir \u00e0 la d\u00e9couverte des grandes capitales europ\u00e9ennes sans quitter leur chambre.\",\"breadcrumb\":{\"@id\":\"https:\\\/\\\/crocjeux.com\\\/index.php\\\/produit\\\/les-aventuriers-du-rail-mon-premier-voyage\\\/#breadcrumb\"},\"inLanguage\":\"fr-FR\",\"potentialAction\":[{\"@type\":\"ReadAction\",\"target\":[\"https:\\\/\\\/crocjeux.com\\\/index.php\\\/produit\\\/les-aventuriers-du-rail-mon-premier-voyage\\\/\"]}]},{\"@type\":\"ImageObject\",\"inLanguage\":\"fr-FR\",\"@id\":\"https:\\\/\\\/crocjeux.com\\\/index.php\\\/produit\\\/les-aventuriers-du-rail-mon-premier-voyage\\\/#primaryimage\",\"url\":\"https:\\\/\\\/crocjeux.com\\\/wp-content\\\/uploads\\\/2023\\\/02\\\/les-aventuriers-du-rail-europe-mon-premier-voyage.webp\",\"contentUrl\":\"https:\\\/\\\/crocjeux.com\\\/wp-content\\\/uploads\\\/2023\\\/02\\\/les-aventuriers-du-rail-europe-mon-premier-voyage.webp\",\"width\":372,\"height\":372},{\"@type\":\"BreadcrumbList\",\"@id\":\"https:\\\/\\\/crocjeux.com\\\/index.php\\\/produit\\\/les-aventuriers-du-rail-mon-premier-voyage\\\/#breadcrumb\",\"itemListElement\":[{\"@type\":\"ListItem\",\"position\":1,\"name\":\"Accueil\",\"item\":\"https:\\\/\\\/crocjeux.com\\\/\"},{\"@type\":\"ListItem\",\"position\":2,\"name\":\"Boutique\",\"item\":\"https:\\\/\\\/crocjeux.com\\\/\"},{\"@type\":\"ListItem\",\"position\":3,\"name\":\"Les Aventuriers du Rail: Mon premier voyage\"}]},{\"@type\":\"WebSite\",\"@id\":\"https:\\\/\\\/crocjeux.com\\\/#website\",\"url\":\"https:\\\/\\\/crocjeux.com\\\/\",\"name\":\"Croc Jeux\",\"description\":\"Bienvenue chez Croc Jeux!\",\"publisher\":{\"@id\":\"https:\\\/\\\/crocjeux.com\\\/#organization\"},\"potentialAction\":[{\"@type\":\"SearchAction\",\"target\":{\"@type\":\"EntryPoint\",\"urlTemplate\":\"https:\\\/\\\/crocjeux.com\\\/?s={search_term_string}\"},\"query-input\":{\"@type\":\"PropertyValueSpecification\",\"valueRequired\":true,\"valueName\":\"search_term_string\"}}],\"inLanguage\":\"fr-FR\"},{\"@type\":\"Organization\",\"@id\":\"https:\\\/\\\/crocjeux.com\\\/#organization\",\"name\":\"Croc Jeux\",\"url\":\"https:\\\/\\\/crocjeux.com\\\/\",\"logo\":{\"@type\":\"ImageObject\",\"inLanguage\":\"fr-FR\",\"@id\":\"https:\\\/\\\/crocjeux.com\\\/#\\\/schema\\\/logo\\\/image\\\/\",\"url\":\"https:\\\/\\\/crocjeux.com\\\/wp-content\\\/uploads\\\/2022\\\/01\\\/cropped-logo-croc-etape-1-e1644574034239.jpg\",\"contentUrl\":\"https:\\\/\\\/crocjeux.com\\\/wp-content\\\/uploads\\\/2022\\\/01\\\/cropped-logo-croc-etape-1-e1644574034239.jpg\",\"width\":1224,\"height\":314,\"caption\":\"Croc Jeux\"},\"image\":{\"@id\":\"https:\\\/\\\/crocjeux.com\\\/#\\\/schema\\\/logo\\\/image\\\/\"}}]}<\/script>\n<!-- \/ Yoast SEO plugin. -->","yoast_head_json":{"title":"Les Aventuriers du Rail: Mon premier voyage - Croc Jeux","description":"Avec Les Aventuriers du Rail - Mon premier voyage, faites vivre \u00e0 vos enfants leur premi\u00e8re aventure ferroviaire ! De Madrid \u00e0 Stockholm ou Moscou, laissez vos petits anges prendre leur envol et partir \u00e0 la d\u00e9couverte des grandes capitales europ\u00e9ennes sans quitter leur chambre.","robots":{"index":"index","follow":"follow","max-snippet":"max-snippet:-1","max-image-preview":"max-image-preview:large","max-video-preview":"max-video-preview:-1"},"canonical":"https:\/\/crocjeux.com\/index.php\/produit\/les-aventuriers-du-rail-mon-premier-voyage\/","og_locale":"fr_FR","og_type":"article","og_title":"Les Aventuriers du Rail: Mon premier voyage - Croc Jeux","og_description":"Avec Les Aventuriers du Rail - Mon premier voyage, faites vivre \u00e0 vos enfants leur premi\u00e8re aventure ferroviaire ! De Madrid \u00e0 Stockholm ou Moscou, laissez vos petits anges prendre leur envol et partir \u00e0 la d\u00e9couverte des grandes capitales europ\u00e9ennes sans quitter leur chambre.","og_url":"https:\/\/crocjeux.com\/index.php\/produit\/les-aventuriers-du-rail-mon-premier-voyage\/","og_site_name":"Croc Jeux","article_modified_time":"2023-02-01T14:57:53+00:00","og_image":[{"width":372,"height":372,"url":"https:\/\/crocjeux.com\/wp-content\/uploads\/2023\/02\/les-aventuriers-du-rail-europe-mon-premier-voyage.webp","type":"image\/webp"}],"twitter_card":"summary_large_image","twitter_misc":{"Dur\u00e9e de lecture estim\u00e9e":"2 minutes"},"schema":{"@context":"https:\/\/schema.org","@graph":[{"@type":"WebPage","@id":"https:\/\/crocjeux.com\/index.php\/produit\/les-aventuriers-du-rail-mon-premier-voyage\/","url":"https:\/\/crocjeux.com\/index.php\/produit\/les-aventuriers-du-rail-mon-premier-voyage\/","name":"Les Aventuriers du Rail: Mon premier voyage - Croc Jeux","isPartOf":{"@id":"https:\/\/crocjeux.com\/#website"},"primaryImageOfPage":{"@id":"https:\/\/crocjeux.com\/index.php\/produit\/les-aventuriers-du-rail-mon-premier-voyage\/#primaryimage"},"image":{"@id":"https:\/\/crocjeux.com\/index.php\/produit\/les-aventuriers-du-rail-mon-premier-voyage\/#primaryimage"},"thumbnailUrl":"https:\/\/crocjeux.com\/wp-content\/uploads\/2023\/02\/les-aventuriers-du-rail-europe-mon-premier-voyage.webp","datePublished":"2023-02-01T14:55:54+00:00","dateModified":"2023-02-01T14:57:53+00:00","description":"Avec Les Aventuriers du Rail - Mon premier voyage, faites vivre \u00e0 vos enfants leur premi\u00e8re aventure ferroviaire ! De Madrid \u00e0 Stockholm ou Moscou, laissez vos petits anges prendre leur envol et partir \u00e0 la d\u00e9couverte des grandes capitales europ\u00e9ennes sans quitter leur chambre.","breadcrumb":{"@id":"https:\/\/crocjeux.com\/index.php\/produit\/les-aventuriers-du-rail-mon-premier-voyage\/#breadcrumb"},"inLanguage":"fr-FR","potentialAction":[{"@type":"ReadAction","target":["https:\/\/crocjeux.com\/index.php\/produit\/les-aventuriers-du-rail-mon-premier-voyage\/"]}]},{"@type":"ImageObject","inLanguage":"fr-FR","@id":"https:\/\/crocjeux.com\/index.php\/produit\/les-aventuriers-du-rail-mon-premier-voyage\/#primaryimage","url":"https:\/\/crocjeux.com\/wp-content\/uploads\/2023\/02\/les-aventuriers-du-rail-europe-mon-premier-voyage.webp","contentUrl":"https:\/\/crocjeux.com\/wp-content\/uploads\/2023\/02\/les-aventuriers-du-rail-europe-mon-premier-voyage.webp","width":372,"height":372},{"@type":"BreadcrumbList","@id":"https:\/\/crocjeux.com\/index.php\/produit\/les-aventuriers-du-rail-mon-premier-voyage\/#breadcrumb","itemListElement":[{"@type":"ListItem","position":1,"name":"Accueil","item":"https:\/\/crocjeux.com\/"},{"@type":"ListItem","position":2,"name":"Boutique","item":"https:\/\/crocjeux.com\/"},{"@type":"ListItem","position":3,"name":"Les Aventuriers du Rail: Mon premier voyage"}]},{"@type":"WebSite","@id":"https:\/\/crocjeux.com\/#website","url":"https:\/\/crocjeux.com\/","name":"Croc Jeux","description":"Bienvenue chez Croc Jeux!","publisher":{"@id":"https:\/\/crocjeux.com\/#organization"},"potentialAction":[{"@type":"SearchAction","target":{"@type":"EntryPoint","urlTemplate":"https:\/\/crocjeux.com\/?s={search_term_string}"},"query-input":{"@type":"PropertyValueSpecification","valueRequired":true,"valueName":"search_term_string"}}],"inLanguage":"fr-FR"},{"@type":"Organization","@id":"https:\/\/crocjeux.com\/#organization","name":"Croc Jeux","url":"https:\/\/crocjeux.com\/","logo":{"@type":"ImageObject","inLanguage":"fr-FR","@id":"https:\/\/crocjeux.com\/#\/schema\/logo\/image\/","url":"https:\/\/crocjeux.com\/wp-content\/uploads\/2022\/01\/cropped-logo-croc-etape-1-e1644574034239.jpg","contentUrl":"https:\/\/crocjeux.com\/wp-content\/uploads\/2022\/01\/cropped-logo-croc-etape-1-e1644574034239.jpg","width":1224,"height":314,"caption":"Croc Jeux"},"image":{"@id":"https:\/\/crocjeux.com\/#\/schema\/logo\/image\/"}}]}},"_links":{"self":[{"href":"https:\/\/crocjeux.com\/index.php\/wp-json\/wp\/v2\/product\/4571","targetHints":{"allow":["GET"]}}],"collection":[{"href":"https:\/\/crocjeux.com\/index.php\/wp-json\/wp\/v2\/product"}],"about":[{"href":"https:\/\/crocjeux.com\/index.php\/wp-json\/wp\/v2\/types\/product"}],"replies":[{"embeddable":true,"href":"https:\/\/crocjeux.com\/index.php\/wp-json\/wp\/v2\/comments?post=4571"}],"wp:featuredmedia":[{"embeddable":true,"href":"https:\/\/crocjeux.com\/index.php\/wp-json\/wp\/v2\/media\/4572"}],"wp:attachment":[{"href":"https:\/\/crocjeux.com\/index.php\/wp-json\/wp\/v2\/media?parent=4571"}],"wp:term":[{"taxonomy":"product_brand","embeddable":true,"href":"https:\/\/crocjeux.com\/index.php\/wp-json\/wp\/v2\/product_brand?post=4571"},{"taxonomy":"product_cat","embeddable":true,"href":"https:\/\/crocjeux.com\/index.php\/wp-json\/wp\/v2\/product_cat?post=4571"},{"taxonomy":"product_tag","embeddable":true,"href":"https:\/\/crocjeux.com\/index.php\/wp-json\/wp\/v2\/product_tag?post=4571"}],"curies":[{"name":"wp","href":"https:\/\/api.w.org\/{rel}","templated":true}]}}