{"id":4574,"date":"2023-02-01T16:04:20","date_gmt":"2023-02-01T15:04:20","guid":{"rendered":"https:\/\/crocjeux.com\/?post_type=product&#038;p=4574"},"modified":"2023-02-09T17:18:23","modified_gmt":"2023-02-09T16:18:23","slug":"le-stella","status":"publish","type":"product","link":"https:\/\/crocjeux.com\/index.php\/produit\/le-stella\/","title":{"rendered":"Stella"},"content":{"rendered":"<p>La comp\u00e9tition bat son plein parmi les chasseurs d\u2019\u00e9toiles ! Ils parcourent les cieux dans l\u2019espoir de rapporter de la lumi\u00e8re dans leur monde. Montez r\u00e9cup\u00e9rer la lumi\u00e8re des \u00e9toiles en faisant des \u00e9tincelles avec les autres joueurs ! Mais ne vous \u00e9loignez pas du groupe en voulant \u00eatre trop gourmand, au risque de vous perdre dans l\u2019obscurit\u00e9.<\/p>\n<h2>Stella : un nouveau jeu dans l&rsquo;univers de Dixit<\/h2>\n<div>\n<p>Stella est un jeu comp\u00e9titif d\u2019interpr\u00e9tation d\u2019images qui explore une nouvelle approche de l\u2019univers Dixit. \u00c0 partir d\u2019un mot, trouvez des associations entre ce dernier et des cartes Dixit r\u00e9v\u00e9l\u00e9es aux yeux de tous. Pour marquer des points, choisissez les m\u00eames images que vos adversaires : plus vous en avez, mieux c\u2019est. Il vous faudra prendre des risques pour l\u2019emporter, mais ne tentez pas de monter trop haut dans les \u00e9toiles car plus lourde sera la chute !<\/p>\n<p>\u00c0 la fin du quatri\u00e8me tour, le joueur avec le plus de points est d\u00e9sign\u00e9 vainqueur. Prenez des risques calcul\u00e9s, mais attention \u00e0 la chute !<\/p>\n<h2>Stella : une nouvelle mani\u00e8re de jouer \u00e0 Dixit<\/h2>\n<p>Les cartes de Stella sont 100% compatibles avec celles de Dixit vous pouvez donc utiliser les cartes de Stella pour Dixit et vice-versa. Stella est une version plus accessible que Dixit avec une notion de prise de risque et de stop ou encore.<\/p>\n<\/div>\n","protected":false},"excerpt":{"rendered":"<p>Stella est un jeu de comp\u00e9tition dans l&rsquo;univers du c\u00e9l\u00e8bre jeu aux illustrations oniriques : Dixit. Il s&rsquo;agit d&rsquo;un jeu autonome.<\/p>\n","protected":false},"featured_media":4575,"comment_status":"open","ping_status":"closed","template":"","meta":{"colormag_page_container_layout":"default_layout","colormag_page_sidebar_layout":"default_layout"},"product_brand":[],"product_cat":[107],"product_tag":[],"class_list":{"0":"post-4574","1":"product","2":"type-product","3":"status-publish","4":"has-post-thumbnail","6":"product_cat-dixit-jeux-familliaux","8":"first","9":"instock","10":"taxable","11":"shipping-taxable","12":"purchasable","13":"product-type-simple"},"yoast_head":"<!-- This site is optimized with the Yoast SEO plugin v27.3 - https:\/\/yoast.com\/product\/yoast-seo-wordpress\/ -->\n<title>Stella - Croc Jeux<\/title>\n<meta name=\"description\" content=\"Stella est un jeu de comp\u00e9tition dans l&#039;univers du c\u00e9l\u00e8bre jeu aux illustrations oniriques : Dixit. Il s&#039;agit d&#039;un jeu autonome.\" \/>\n<meta name=\"robots\" content=\"index, follow, max-snippet:-1, max-image-preview:large, max-video-preview:-1\" \/>\n<link rel=\"canonical\" href=\"https:\/\/crocjeux.com\/index.php\/produit\/le-stella\/\" \/>\n<meta property=\"og:locale\" content=\"fr_FR\" \/>\n<meta property=\"og:type\" content=\"article\" \/>\n<meta property=\"og:title\" content=\"Stella - Croc Jeux\" \/>\n<meta property=\"og:description\" content=\"Stella est un jeu de comp\u00e9tition dans l&#039;univers du c\u00e9l\u00e8bre jeu aux illustrations oniriques : Dixit. Il s&#039;agit d&#039;un jeu autonome.\" \/>\n<meta property=\"og:url\" content=\"https:\/\/crocjeux.com\/index.php\/produit\/le-stella\/\" \/>\n<meta property=\"og:site_name\" content=\"Croc Jeux\" \/>\n<meta property=\"article:modified_time\" content=\"2023-02-09T16:18:23+00:00\" \/>\n<meta property=\"og:image\" content=\"https:\/\/crocjeux.com\/wp-content\/uploads\/2023\/02\/stella.webp\" \/>\n\t<meta property=\"og:image:width\" content=\"372\" \/>\n\t<meta property=\"og:image:height\" content=\"372\" \/>\n\t<meta property=\"og:image:type\" content=\"image\/webp\" \/>\n<meta name=\"twitter:card\" content=\"summary_large_image\" \/>\n<meta name=\"twitter:label1\" content=\"Dur\u00e9e de lecture estim\u00e9e\" \/>\n\t<meta name=\"twitter:data1\" content=\"2 minutes\" \/>\n<script type=\"application\/ld+json\" class=\"yoast-schema-graph\">{\"@context\":\"https:\\\/\\\/schema.org\",\"@graph\":[{\"@type\":\"WebPage\",\"@id\":\"https:\\\/\\\/crocjeux.com\\\/index.php\\\/produit\\\/le-stella\\\/\",\"url\":\"https:\\\/\\\/crocjeux.com\\\/index.php\\\/produit\\\/le-stella\\\/\",\"name\":\"Stella - Croc Jeux\",\"isPartOf\":{\"@id\":\"https:\\\/\\\/crocjeux.com\\\/#website\"},\"primaryImageOfPage\":{\"@id\":\"https:\\\/\\\/crocjeux.com\\\/index.php\\\/produit\\\/le-stella\\\/#primaryimage\"},\"image\":{\"@id\":\"https:\\\/\\\/crocjeux.com\\\/index.php\\\/produit\\\/le-stella\\\/#primaryimage\"},\"thumbnailUrl\":\"https:\\\/\\\/crocjeux.com\\\/wp-content\\\/uploads\\\/2023\\\/02\\\/stella.webp\",\"datePublished\":\"2023-02-01T15:04:20+00:00\",\"dateModified\":\"2023-02-09T16:18:23+00:00\",\"description\":\"Stella est un jeu de comp\u00e9tition dans l'univers du c\u00e9l\u00e8bre jeu aux illustrations oniriques : Dixit. Il s'agit d'un jeu autonome.\",\"breadcrumb\":{\"@id\":\"https:\\\/\\\/crocjeux.com\\\/index.php\\\/produit\\\/le-stella\\\/#breadcrumb\"},\"inLanguage\":\"fr-FR\",\"potentialAction\":[{\"@type\":\"ReadAction\",\"target\":[\"https:\\\/\\\/crocjeux.com\\\/index.php\\\/produit\\\/le-stella\\\/\"]}]},{\"@type\":\"ImageObject\",\"inLanguage\":\"fr-FR\",\"@id\":\"https:\\\/\\\/crocjeux.com\\\/index.php\\\/produit\\\/le-stella\\\/#primaryimage\",\"url\":\"https:\\\/\\\/crocjeux.com\\\/wp-content\\\/uploads\\\/2023\\\/02\\\/stella.webp\",\"contentUrl\":\"https:\\\/\\\/crocjeux.com\\\/wp-content\\\/uploads\\\/2023\\\/02\\\/stella.webp\",\"width\":372,\"height\":372},{\"@type\":\"BreadcrumbList\",\"@id\":\"https:\\\/\\\/crocjeux.com\\\/index.php\\\/produit\\\/le-stella\\\/#breadcrumb\",\"itemListElement\":[{\"@type\":\"ListItem\",\"position\":1,\"name\":\"Accueil\",\"item\":\"https:\\\/\\\/crocjeux.com\\\/\"},{\"@type\":\"ListItem\",\"position\":2,\"name\":\"Boutique\",\"item\":\"https:\\\/\\\/crocjeux.com\\\/\"},{\"@type\":\"ListItem\",\"position\":3,\"name\":\"Stella\"}]},{\"@type\":\"WebSite\",\"@id\":\"https:\\\/\\\/crocjeux.com\\\/#website\",\"url\":\"https:\\\/\\\/crocjeux.com\\\/\",\"name\":\"Croc Jeux\",\"description\":\"Bienvenue chez Croc Jeux!\",\"publisher\":{\"@id\":\"https:\\\/\\\/crocjeux.com\\\/#organization\"},\"potentialAction\":[{\"@type\":\"SearchAction\",\"target\":{\"@type\":\"EntryPoint\",\"urlTemplate\":\"https:\\\/\\\/crocjeux.com\\\/?s={search_term_string}\"},\"query-input\":{\"@type\":\"PropertyValueSpecification\",\"valueRequired\":true,\"valueName\":\"search_term_string\"}}],\"inLanguage\":\"fr-FR\"},{\"@type\":\"Organization\",\"@id\":\"https:\\\/\\\/crocjeux.com\\\/#organization\",\"name\":\"Croc Jeux\",\"url\":\"https:\\\/\\\/crocjeux.com\\\/\",\"logo\":{\"@type\":\"ImageObject\",\"inLanguage\":\"fr-FR\",\"@id\":\"https:\\\/\\\/crocjeux.com\\\/#\\\/schema\\\/logo\\\/image\\\/\",\"url\":\"https:\\\/\\\/crocjeux.com\\\/wp-content\\\/uploads\\\/2022\\\/01\\\/cropped-logo-croc-etape-1-e1644574034239.jpg\",\"contentUrl\":\"https:\\\/\\\/crocjeux.com\\\/wp-content\\\/uploads\\\/2022\\\/01\\\/cropped-logo-croc-etape-1-e1644574034239.jpg\",\"width\":1224,\"height\":314,\"caption\":\"Croc Jeux\"},\"image\":{\"@id\":\"https:\\\/\\\/crocjeux.com\\\/#\\\/schema\\\/logo\\\/image\\\/\"}}]}<\/script>\n<!-- \/ Yoast SEO plugin. -->","yoast_head_json":{"title":"Stella - Croc Jeux","description":"Stella est un jeu de comp\u00e9tition dans l'univers du c\u00e9l\u00e8bre jeu aux illustrations oniriques : Dixit. Il s'agit d'un jeu autonome.","robots":{"index":"index","follow":"follow","max-snippet":"max-snippet:-1","max-image-preview":"max-image-preview:large","max-video-preview":"max-video-preview:-1"},"canonical":"https:\/\/crocjeux.com\/index.php\/produit\/le-stella\/","og_locale":"fr_FR","og_type":"article","og_title":"Stella - Croc Jeux","og_description":"Stella est un jeu de comp\u00e9tition dans l'univers du c\u00e9l\u00e8bre jeu aux illustrations oniriques : Dixit. Il s'agit d'un jeu autonome.","og_url":"https:\/\/crocjeux.com\/index.php\/produit\/le-stella\/","og_site_name":"Croc Jeux","article_modified_time":"2023-02-09T16:18:23+00:00","og_image":[{"width":372,"height":372,"url":"https:\/\/crocjeux.com\/wp-content\/uploads\/2023\/02\/stella.webp","type":"image\/webp"}],"twitter_card":"summary_large_image","twitter_misc":{"Dur\u00e9e de lecture estim\u00e9e":"2 minutes"},"schema":{"@context":"https:\/\/schema.org","@graph":[{"@type":"WebPage","@id":"https:\/\/crocjeux.com\/index.php\/produit\/le-stella\/","url":"https:\/\/crocjeux.com\/index.php\/produit\/le-stella\/","name":"Stella - Croc Jeux","isPartOf":{"@id":"https:\/\/crocjeux.com\/#website"},"primaryImageOfPage":{"@id":"https:\/\/crocjeux.com\/index.php\/produit\/le-stella\/#primaryimage"},"image":{"@id":"https:\/\/crocjeux.com\/index.php\/produit\/le-stella\/#primaryimage"},"thumbnailUrl":"https:\/\/crocjeux.com\/wp-content\/uploads\/2023\/02\/stella.webp","datePublished":"2023-02-01T15:04:20+00:00","dateModified":"2023-02-09T16:18:23+00:00","description":"Stella est un jeu de comp\u00e9tition dans l'univers du c\u00e9l\u00e8bre jeu aux illustrations oniriques : Dixit. Il s'agit d'un jeu autonome.","breadcrumb":{"@id":"https:\/\/crocjeux.com\/index.php\/produit\/le-stella\/#breadcrumb"},"inLanguage":"fr-FR","potentialAction":[{"@type":"ReadAction","target":["https:\/\/crocjeux.com\/index.php\/produit\/le-stella\/"]}]},{"@type":"ImageObject","inLanguage":"fr-FR","@id":"https:\/\/crocjeux.com\/index.php\/produit\/le-stella\/#primaryimage","url":"https:\/\/crocjeux.com\/wp-content\/uploads\/2023\/02\/stella.webp","contentUrl":"https:\/\/crocjeux.com\/wp-content\/uploads\/2023\/02\/stella.webp","width":372,"height":372},{"@type":"BreadcrumbList","@id":"https:\/\/crocjeux.com\/index.php\/produit\/le-stella\/#breadcrumb","itemListElement":[{"@type":"ListItem","position":1,"name":"Accueil","item":"https:\/\/crocjeux.com\/"},{"@type":"ListItem","position":2,"name":"Boutique","item":"https:\/\/crocjeux.com\/"},{"@type":"ListItem","position":3,"name":"Stella"}]},{"@type":"WebSite","@id":"https:\/\/crocjeux.com\/#website","url":"https:\/\/crocjeux.com\/","name":"Croc Jeux","description":"Bienvenue chez Croc Jeux!","publisher":{"@id":"https:\/\/crocjeux.com\/#organization"},"potentialAction":[{"@type":"SearchAction","target":{"@type":"EntryPoint","urlTemplate":"https:\/\/crocjeux.com\/?s={search_term_string}"},"query-input":{"@type":"PropertyValueSpecification","valueRequired":true,"valueName":"search_term_string"}}],"inLanguage":"fr-FR"},{"@type":"Organization","@id":"https:\/\/crocjeux.com\/#organization","name":"Croc Jeux","url":"https:\/\/crocjeux.com\/","logo":{"@type":"ImageObject","inLanguage":"fr-FR","@id":"https:\/\/crocjeux.com\/#\/schema\/logo\/image\/","url":"https:\/\/crocjeux.com\/wp-content\/uploads\/2022\/01\/cropped-logo-croc-etape-1-e1644574034239.jpg","contentUrl":"https:\/\/crocjeux.com\/wp-content\/uploads\/2022\/01\/cropped-logo-croc-etape-1-e1644574034239.jpg","width":1224,"height":314,"caption":"Croc Jeux"},"image":{"@id":"https:\/\/crocjeux.com\/#\/schema\/logo\/image\/"}}]}},"_links":{"self":[{"href":"https:\/\/crocjeux.com\/index.php\/wp-json\/wp\/v2\/product\/4574","targetHints":{"allow":["GET"]}}],"collection":[{"href":"https:\/\/crocjeux.com\/index.php\/wp-json\/wp\/v2\/product"}],"about":[{"href":"https:\/\/crocjeux.com\/index.php\/wp-json\/wp\/v2\/types\/product"}],"replies":[{"embeddable":true,"href":"https:\/\/crocjeux.com\/index.php\/wp-json\/wp\/v2\/comments?post=4574"}],"wp:featuredmedia":[{"embeddable":true,"href":"https:\/\/crocjeux.com\/index.php\/wp-json\/wp\/v2\/media\/4575"}],"wp:attachment":[{"href":"https:\/\/crocjeux.com\/index.php\/wp-json\/wp\/v2\/media?parent=4574"}],"wp:term":[{"taxonomy":"product_brand","embeddable":true,"href":"https:\/\/crocjeux.com\/index.php\/wp-json\/wp\/v2\/product_brand?post=4574"},{"taxonomy":"product_cat","embeddable":true,"href":"https:\/\/crocjeux.com\/index.php\/wp-json\/wp\/v2\/product_cat?post=4574"},{"taxonomy":"product_tag","embeddable":true,"href":"https:\/\/crocjeux.com\/index.php\/wp-json\/wp\/v2\/product_tag?post=4574"}],"curies":[{"name":"wp","href":"https:\/\/api.w.org\/{rel}","templated":true}]}}