{"id":4576,"date":"2023-02-01T16:14:41","date_gmt":"2023-02-01T15:14:41","guid":{"rendered":"https:\/\/crocjeux.com\/?post_type=product&#038;p=4576"},"modified":"2026-03-20T13:08:20","modified_gmt":"2026-03-20T12:08:20","slug":"res-arcana","status":"publish","type":"product","link":"https:\/\/crocjeux.com\/index.php\/produit\/res-arcana\/","title":{"rendered":"Res Arcana"},"content":{"rendered":"<h2>Devenez le Roi des Arcanes !<\/h2>\n<div>Dans\u00a0Res Arcana, des mages s&rsquo;affrontent pour d\u00e9crocher le titre de Roi des Arcanes. Pour y parvenir, il faudra poss\u00e9der des lieux de puissance et d&rsquo;antiques monuments.<\/div>\n<div><\/div>\n<div>Commencez la partie avec une essence de chaque type, 3 artefacts en main et un objet magique. Puis au cours d\u2019une manche de jeu, collectez des essences et effectuez une action par tour jusqu&rsquo;\u00e0 ce que tout le monde ait jou\u00e9. Le joueur avec le plus grand nombre de points de victoire, remporte la partie.<\/div>\n<div><\/div>\n<div>Res Arcana est un jeu simple et \u00e9l\u00e9gant, bas\u00e9 sur l\u2019optimisation du paquet de cartes Artefact et l\u2019utilisation judicieuse des essences magiques. Il propose un gameplay novateur et passionnant qui offre une multitude de strat\u00e9gies et une forte rejouabilit\u00e9.<\/div>\n<h2>Bienvenue \u00e0 Res Arcana !<\/h2>\n<div>Une partie de d\u00e9roule en plusieurs manches (g\u00e9n\u00e9ralement en 4 et 6 manches) qui se compose chacune de plusieurs \u00e9tapes :<\/div>\n<div>\n<ol>\n<li>Collecter des essences\u00a0: Les joueurs collectent simultan\u00e9ment des essences en fonction des capacit\u00e9s de collecte dont disposent leurs \u00e9l\u00e9ments de jeu.<\/li>\n<li>Effectuer des actions\u00a0: Chaque joueur doit effectuer 1 action. Le tour de jeu continue jusqu&rsquo;\u00e0 ce que tous les joueurs aient pass\u00e9. Un joueur qui passe ne peut plus effectuer d\u2019action lors de cette manche.<\/li>\n<li>Effectuer un contr\u00f4le de victoire\u00a0: Quand tous les joueurs ont pass\u00e9, un contr\u00f4le de victoire est effectu\u00e9 pour voir si au moins un joueur a atteint ou d\u00e9pass\u00e9 10 points en cumulant les points pr\u00e9sents sur ses artefacts, monuments, lieux de puissance et la tuile Premier joueur. Si un joueur y parvient, la partie s&rsquo;ach\u00e8ve. Le joueur avec le plus de points est d\u00e9clar\u00e9 vainqueur et devient le Roi des Arcanes.<\/li>\n<\/ol>\n<h2>Les variantes du jeu<\/h2>\n<\/div>\n<div>Pour plus de jouabilit\u00e9, Res Arcana int\u00e8gre deux modes de jeu suppl\u00e9mentaires :<\/div>\n<div>\n<ul>\n<li>Draft\u00a0(2 \u00e0 4 joueurs) : modifie la mise en place du jeu avec les r\u00e8gles de base<\/li>\n<li>Mini tournoi\u00a0(2 joueurs) : ajoute une phase de draft durant un tournoi en 2 ou 3 parties<\/li>\n<\/ul>\n<\/div>\n","protected":false},"excerpt":{"rendered":"<div id=\"short_description_block\">\n<div id=\"short_description_content\" class=\"rte align_justify hide-smartphone\">Dans Res Arcana, incarnez un mage et utilisez vos essences arcaniques pour cr\u00e9er d&rsquo;\u00e9tranges artefacts. Activez leurs pouvoirs, d\u00e9cuplez votre puissance et prenez le contr\u00f4le de dragons.<\/div>\n<\/div>\n","protected":false},"featured_media":4577,"comment_status":"open","ping_status":"closed","template":"","meta":{"colormag_page_container_layout":"default_layout","colormag_page_sidebar_layout":"default_layout"},"product_brand":[],"product_cat":[18],"product_tag":[],"class_list":{"0":"post-4576","1":"product","2":"type-product","3":"status-publish","4":"has-post-thumbnail","6":"product_cat-jeux-de-strategie","8":"first","9":"instock","10":"taxable","11":"shipping-taxable","12":"purchasable","13":"product-type-simple"},"yoast_head":"<!-- This site is optimized with the Yoast SEO plugin v27.4 - https:\/\/yoast.com\/product\/yoast-seo-wordpress\/ -->\n<title>Res Arcana - Croc Jeux<\/title>\n<meta name=\"description\" content=\"Dans Res Arcana, incarnez un mage et utilisez vos essences arcaniques pour cr\u00e9er d&#039;\u00e9tranges artefacts. Activez leurs pouvoirs, d\u00e9cuplez votre puissance et prenez le contr\u00f4le de dragons.\" \/>\n<meta name=\"robots\" content=\"index, follow, max-snippet:-1, max-image-preview:large, max-video-preview:-1\" \/>\n<link rel=\"canonical\" href=\"https:\/\/crocjeux.com\/index.php\/produit\/res-arcana\/\" \/>\n<meta property=\"og:locale\" content=\"fr_FR\" \/>\n<meta property=\"og:type\" content=\"article\" \/>\n<meta property=\"og:title\" content=\"Res Arcana - Croc Jeux\" \/>\n<meta property=\"og:description\" content=\"Dans Res Arcana, incarnez un mage et utilisez vos essences arcaniques pour cr\u00e9er d&#039;\u00e9tranges artefacts. Activez leurs pouvoirs, d\u00e9cuplez votre puissance et prenez le contr\u00f4le de dragons.\" \/>\n<meta property=\"og:url\" content=\"https:\/\/crocjeux.com\/index.php\/produit\/res-arcana\/\" \/>\n<meta property=\"og:site_name\" content=\"Croc Jeux\" \/>\n<meta property=\"article:modified_time\" content=\"2026-03-20T12:08:20+00:00\" \/>\n<meta property=\"og:image\" content=\"https:\/\/crocjeux.com\/wp-content\/uploads\/2023\/02\/OIP-8.jpg\" \/>\n\t<meta property=\"og:image:width\" content=\"285\" \/>\n\t<meta property=\"og:image:height\" content=\"285\" \/>\n\t<meta property=\"og:image:type\" content=\"image\/jpeg\" \/>\n<meta name=\"twitter:card\" content=\"summary_large_image\" \/>\n<meta name=\"twitter:label1\" content=\"Dur\u00e9e de lecture estim\u00e9e\" \/>\n\t<meta name=\"twitter:data1\" content=\"2 minutes\" \/>\n<script type=\"application\/ld+json\" class=\"yoast-schema-graph\">{\"@context\":\"https:\\\/\\\/schema.org\",\"@graph\":[{\"@type\":\"WebPage\",\"@id\":\"https:\\\/\\\/crocjeux.com\\\/index.php\\\/produit\\\/res-arcana\\\/\",\"url\":\"https:\\\/\\\/crocjeux.com\\\/index.php\\\/produit\\\/res-arcana\\\/\",\"name\":\"Res Arcana - Croc Jeux\",\"isPartOf\":{\"@id\":\"https:\\\/\\\/crocjeux.com\\\/#website\"},\"primaryImageOfPage\":{\"@id\":\"https:\\\/\\\/crocjeux.com\\\/index.php\\\/produit\\\/res-arcana\\\/#primaryimage\"},\"image\":{\"@id\":\"https:\\\/\\\/crocjeux.com\\\/index.php\\\/produit\\\/res-arcana\\\/#primaryimage\"},\"thumbnailUrl\":\"https:\\\/\\\/crocjeux.com\\\/wp-content\\\/uploads\\\/2023\\\/02\\\/OIP-8.jpg\",\"datePublished\":\"2023-02-01T15:14:41+00:00\",\"dateModified\":\"2026-03-20T12:08:20+00:00\",\"description\":\"Dans Res Arcana, incarnez un mage et utilisez vos essences arcaniques pour cr\u00e9er d'\u00e9tranges artefacts. Activez leurs pouvoirs, d\u00e9cuplez votre puissance et prenez le contr\u00f4le de dragons.\",\"breadcrumb\":{\"@id\":\"https:\\\/\\\/crocjeux.com\\\/index.php\\\/produit\\\/res-arcana\\\/#breadcrumb\"},\"inLanguage\":\"fr-FR\",\"potentialAction\":[{\"@type\":\"ReadAction\",\"target\":[\"https:\\\/\\\/crocjeux.com\\\/index.php\\\/produit\\\/res-arcana\\\/\"]}]},{\"@type\":\"ImageObject\",\"inLanguage\":\"fr-FR\",\"@id\":\"https:\\\/\\\/crocjeux.com\\\/index.php\\\/produit\\\/res-arcana\\\/#primaryimage\",\"url\":\"https:\\\/\\\/crocjeux.com\\\/wp-content\\\/uploads\\\/2023\\\/02\\\/OIP-8.jpg\",\"contentUrl\":\"https:\\\/\\\/crocjeux.com\\\/wp-content\\\/uploads\\\/2023\\\/02\\\/OIP-8.jpg\",\"width\":285,\"height\":285},{\"@type\":\"BreadcrumbList\",\"@id\":\"https:\\\/\\\/crocjeux.com\\\/index.php\\\/produit\\\/res-arcana\\\/#breadcrumb\",\"itemListElement\":[{\"@type\":\"ListItem\",\"position\":1,\"name\":\"Accueil\",\"item\":\"https:\\\/\\\/crocjeux.com\\\/\"},{\"@type\":\"ListItem\",\"position\":2,\"name\":\"Boutique\",\"item\":\"https:\\\/\\\/crocjeux.com\\\/\"},{\"@type\":\"ListItem\",\"position\":3,\"name\":\"Res Arcana\"}]},{\"@type\":\"WebSite\",\"@id\":\"https:\\\/\\\/crocjeux.com\\\/#website\",\"url\":\"https:\\\/\\\/crocjeux.com\\\/\",\"name\":\"Croc Jeux\",\"description\":\"Bienvenue chez Croc Jeux!\",\"publisher\":{\"@id\":\"https:\\\/\\\/crocjeux.com\\\/#organization\"},\"potentialAction\":[{\"@type\":\"SearchAction\",\"target\":{\"@type\":\"EntryPoint\",\"urlTemplate\":\"https:\\\/\\\/crocjeux.com\\\/?s={search_term_string}\"},\"query-input\":{\"@type\":\"PropertyValueSpecification\",\"valueRequired\":true,\"valueName\":\"search_term_string\"}}],\"inLanguage\":\"fr-FR\"},{\"@type\":\"Organization\",\"@id\":\"https:\\\/\\\/crocjeux.com\\\/#organization\",\"name\":\"Croc Jeux\",\"url\":\"https:\\\/\\\/crocjeux.com\\\/\",\"logo\":{\"@type\":\"ImageObject\",\"inLanguage\":\"fr-FR\",\"@id\":\"https:\\\/\\\/crocjeux.com\\\/#\\\/schema\\\/logo\\\/image\\\/\",\"url\":\"https:\\\/\\\/crocjeux.com\\\/wp-content\\\/uploads\\\/2022\\\/01\\\/cropped-logo-croc-etape-1-e1644574034239.jpg\",\"contentUrl\":\"https:\\\/\\\/crocjeux.com\\\/wp-content\\\/uploads\\\/2022\\\/01\\\/cropped-logo-croc-etape-1-e1644574034239.jpg\",\"width\":1224,\"height\":314,\"caption\":\"Croc Jeux\"},\"image\":{\"@id\":\"https:\\\/\\\/crocjeux.com\\\/#\\\/schema\\\/logo\\\/image\\\/\"}}]}<\/script>\n<!-- \/ Yoast SEO plugin. -->","yoast_head_json":{"title":"Res Arcana - Croc Jeux","description":"Dans Res Arcana, incarnez un mage et utilisez vos essences arcaniques pour cr\u00e9er d'\u00e9tranges artefacts. Activez leurs pouvoirs, d\u00e9cuplez votre puissance et prenez le contr\u00f4le de dragons.","robots":{"index":"index","follow":"follow","max-snippet":"max-snippet:-1","max-image-preview":"max-image-preview:large","max-video-preview":"max-video-preview:-1"},"canonical":"https:\/\/crocjeux.com\/index.php\/produit\/res-arcana\/","og_locale":"fr_FR","og_type":"article","og_title":"Res Arcana - Croc Jeux","og_description":"Dans Res Arcana, incarnez un mage et utilisez vos essences arcaniques pour cr\u00e9er d'\u00e9tranges artefacts. Activez leurs pouvoirs, d\u00e9cuplez votre puissance et prenez le contr\u00f4le de dragons.","og_url":"https:\/\/crocjeux.com\/index.php\/produit\/res-arcana\/","og_site_name":"Croc Jeux","article_modified_time":"2026-03-20T12:08:20+00:00","og_image":[{"width":285,"height":285,"url":"https:\/\/crocjeux.com\/wp-content\/uploads\/2023\/02\/OIP-8.jpg","type":"image\/jpeg"}],"twitter_card":"summary_large_image","twitter_misc":{"Dur\u00e9e de lecture estim\u00e9e":"2 minutes"},"schema":{"@context":"https:\/\/schema.org","@graph":[{"@type":"WebPage","@id":"https:\/\/crocjeux.com\/index.php\/produit\/res-arcana\/","url":"https:\/\/crocjeux.com\/index.php\/produit\/res-arcana\/","name":"Res Arcana - Croc Jeux","isPartOf":{"@id":"https:\/\/crocjeux.com\/#website"},"primaryImageOfPage":{"@id":"https:\/\/crocjeux.com\/index.php\/produit\/res-arcana\/#primaryimage"},"image":{"@id":"https:\/\/crocjeux.com\/index.php\/produit\/res-arcana\/#primaryimage"},"thumbnailUrl":"https:\/\/crocjeux.com\/wp-content\/uploads\/2023\/02\/OIP-8.jpg","datePublished":"2023-02-01T15:14:41+00:00","dateModified":"2026-03-20T12:08:20+00:00","description":"Dans Res Arcana, incarnez un mage et utilisez vos essences arcaniques pour cr\u00e9er d'\u00e9tranges artefacts. Activez leurs pouvoirs, d\u00e9cuplez votre puissance et prenez le contr\u00f4le de dragons.","breadcrumb":{"@id":"https:\/\/crocjeux.com\/index.php\/produit\/res-arcana\/#breadcrumb"},"inLanguage":"fr-FR","potentialAction":[{"@type":"ReadAction","target":["https:\/\/crocjeux.com\/index.php\/produit\/res-arcana\/"]}]},{"@type":"ImageObject","inLanguage":"fr-FR","@id":"https:\/\/crocjeux.com\/index.php\/produit\/res-arcana\/#primaryimage","url":"https:\/\/crocjeux.com\/wp-content\/uploads\/2023\/02\/OIP-8.jpg","contentUrl":"https:\/\/crocjeux.com\/wp-content\/uploads\/2023\/02\/OIP-8.jpg","width":285,"height":285},{"@type":"BreadcrumbList","@id":"https:\/\/crocjeux.com\/index.php\/produit\/res-arcana\/#breadcrumb","itemListElement":[{"@type":"ListItem","position":1,"name":"Accueil","item":"https:\/\/crocjeux.com\/"},{"@type":"ListItem","position":2,"name":"Boutique","item":"https:\/\/crocjeux.com\/"},{"@type":"ListItem","position":3,"name":"Res Arcana"}]},{"@type":"WebSite","@id":"https:\/\/crocjeux.com\/#website","url":"https:\/\/crocjeux.com\/","name":"Croc Jeux","description":"Bienvenue chez Croc Jeux!","publisher":{"@id":"https:\/\/crocjeux.com\/#organization"},"potentialAction":[{"@type":"SearchAction","target":{"@type":"EntryPoint","urlTemplate":"https:\/\/crocjeux.com\/?s={search_term_string}"},"query-input":{"@type":"PropertyValueSpecification","valueRequired":true,"valueName":"search_term_string"}}],"inLanguage":"fr-FR"},{"@type":"Organization","@id":"https:\/\/crocjeux.com\/#organization","name":"Croc Jeux","url":"https:\/\/crocjeux.com\/","logo":{"@type":"ImageObject","inLanguage":"fr-FR","@id":"https:\/\/crocjeux.com\/#\/schema\/logo\/image\/","url":"https:\/\/crocjeux.com\/wp-content\/uploads\/2022\/01\/cropped-logo-croc-etape-1-e1644574034239.jpg","contentUrl":"https:\/\/crocjeux.com\/wp-content\/uploads\/2022\/01\/cropped-logo-croc-etape-1-e1644574034239.jpg","width":1224,"height":314,"caption":"Croc Jeux"},"image":{"@id":"https:\/\/crocjeux.com\/#\/schema\/logo\/image\/"}}]}},"_links":{"self":[{"href":"https:\/\/crocjeux.com\/index.php\/wp-json\/wp\/v2\/product\/4576","targetHints":{"allow":["GET"]}}],"collection":[{"href":"https:\/\/crocjeux.com\/index.php\/wp-json\/wp\/v2\/product"}],"about":[{"href":"https:\/\/crocjeux.com\/index.php\/wp-json\/wp\/v2\/types\/product"}],"replies":[{"embeddable":true,"href":"https:\/\/crocjeux.com\/index.php\/wp-json\/wp\/v2\/comments?post=4576"}],"wp:featuredmedia":[{"embeddable":true,"href":"https:\/\/crocjeux.com\/index.php\/wp-json\/wp\/v2\/media\/4577"}],"wp:attachment":[{"href":"https:\/\/crocjeux.com\/index.php\/wp-json\/wp\/v2\/media?parent=4576"}],"wp:term":[{"taxonomy":"product_brand","embeddable":true,"href":"https:\/\/crocjeux.com\/index.php\/wp-json\/wp\/v2\/product_brand?post=4576"},{"taxonomy":"product_cat","embeddable":true,"href":"https:\/\/crocjeux.com\/index.php\/wp-json\/wp\/v2\/product_cat?post=4576"},{"taxonomy":"product_tag","embeddable":true,"href":"https:\/\/crocjeux.com\/index.php\/wp-json\/wp\/v2\/product_tag?post=4576"}],"curies":[{"name":"wp","href":"https:\/\/api.w.org\/{rel}","templated":true}]}}