{"id":4582,"date":"2023-02-02T08:05:32","date_gmt":"2023-02-02T07:05:32","guid":{"rendered":"https:\/\/crocjeux.com\/?post_type=product&#038;p=4582"},"modified":"2023-02-11T18:40:38","modified_gmt":"2023-02-11T17:40:38","slug":"century-edition-golem","status":"publish","type":"product","link":"https:\/\/crocjeux.com\/index.php\/produit\/century-edition-golem\/","title":{"rendered":"Century \u00e9dition Golem"},"content":{"rendered":"<p>Century &#8211; \u00c9dition Golem est une \u00e9dition limit\u00e9 de Century &#8211; la Route des \u00c9pices, d\u00e9clin\u00e9e sous un autre th\u00e8me et un autre design.<\/p>\n<div><\/div>\n<div>\n<div>Des si\u00e8cles se sont \u00e9coul\u00e9s depuis l&rsquo;arriv\u00e9e des premiers humains dans le monde de Caravania. Les l\u00e9gendes ont \u00e9t\u00e9 transmises d&rsquo;une g\u00e9n\u00e9ration \u00e0 l&rsquo;autre, expliquant le myst\u00e8re le plus exotiques et rare de Caravania : les cristaux d&rsquo;\u00e2me.<br \/>\nLa l\u00e9gende raconte que les \u00e2mes des premiers habitants de la plan\u00e8te \u00e9taient si pures qu&rsquo;apr\u00e8s leurs morts, elles \u00e9taient conserv\u00e9es sous forme de cristaux fascinants et puissants.\u00a0 En tenant simplement un cristal d&rsquo;\u00e2me, on pouvait sentir l&rsquo;essence de la vie rayonner au plus profond de soi-m\u00eame.\u00a0 Peu de temps apr\u00e8s la d\u00e9couverte du pouvoir des cristaux d&rsquo;\u00e2me, les humains s&rsquo;en servirent pour construire et activer d&rsquo;impressionnants golems. Apr\u00e8s plusieurs si\u00e8cles, ces \u00e2mes pures sont capables d&rsquo;insuffler \u00e0 nouveau la vie.<\/div>\n<div><\/div>\n<\/div>\n<div>Dans cette \u00e9dition Golem, les\u00a0\u00a0les joueurs incarnent des chefs de caravanes qui parcourent la fameuse route du Golem pour d\u00e9livrer les cristaux aux confins du monde de Caravania.<\/div>\n","protected":false},"excerpt":{"rendered":"<p>Century &#8211; \u00c9dition Golem est une \u00e9dition limit\u00e9e de Century &#8211; la Route des \u00c9pices, d\u00e9clin\u00e9e sous un autre th\u00e8me et un autre design. Les joueurs parcourent la fameuse route du Golem pour d\u00e9livrer les cristaux aux confins du monde de Caravania.<\/p>\n","protected":false},"featured_media":4583,"comment_status":"open","ping_status":"closed","template":"","meta":{"colormag_page_container_layout":"default_layout","colormag_page_sidebar_layout":"default_layout"},"product_brand":[],"product_cat":[18,29],"product_tag":[],"class_list":{"0":"post-4582","1":"product","2":"type-product","3":"status-publish","4":"has-post-thumbnail","6":"product_cat-jeux-de-strategie","7":"product_cat-jeux-2-joueurs","9":"first","10":"instock","11":"taxable","12":"shipping-taxable","13":"purchasable","14":"product-type-simple"},"yoast_head":"<!-- This site is optimized with the Yoast SEO plugin v27.3 - https:\/\/yoast.com\/product\/yoast-seo-wordpress\/ -->\n<title>Century \u00e9dition Golem - Croc Jeux<\/title>\n<meta name=\"description\" content=\"Century - \u00c9dition Golem est une \u00e9dition limit\u00e9e de Century - la Route des \u00c9pices, d\u00e9clin\u00e9e sous un autre th\u00e8me et un autre design. Les joueurs parcourent la fameuse route du Golem pour d\u00e9livrer les cristaux aux confins du monde de Caravania.\" \/>\n<meta name=\"robots\" content=\"index, follow, max-snippet:-1, max-image-preview:large, max-video-preview:-1\" \/>\n<link rel=\"canonical\" href=\"https:\/\/crocjeux.com\/index.php\/produit\/century-edition-golem\/\" \/>\n<meta property=\"og:locale\" content=\"fr_FR\" \/>\n<meta property=\"og:type\" content=\"article\" \/>\n<meta property=\"og:title\" content=\"Century \u00e9dition Golem - Croc Jeux\" \/>\n<meta property=\"og:description\" content=\"Century - \u00c9dition Golem est une \u00e9dition limit\u00e9e de Century - la Route des \u00c9pices, d\u00e9clin\u00e9e sous un autre th\u00e8me et un autre design. Les joueurs parcourent la fameuse route du Golem pour d\u00e9livrer les cristaux aux confins du monde de Caravania.\" \/>\n<meta property=\"og:url\" content=\"https:\/\/crocjeux.com\/index.php\/produit\/century-edition-golem\/\" \/>\n<meta property=\"og:site_name\" content=\"Croc Jeux\" \/>\n<meta property=\"article:modified_time\" content=\"2023-02-11T17:40:38+00:00\" \/>\n<meta property=\"og:image\" content=\"https:\/\/crocjeux.com\/wp-content\/uploads\/2023\/02\/century-edition-golem.webp\" \/>\n\t<meta property=\"og:image:width\" content=\"372\" \/>\n\t<meta property=\"og:image:height\" content=\"372\" \/>\n\t<meta property=\"og:image:type\" content=\"image\/webp\" \/>\n<meta name=\"twitter:card\" content=\"summary_large_image\" \/>\n<meta name=\"twitter:label1\" content=\"Dur\u00e9e de lecture estim\u00e9e\" \/>\n\t<meta name=\"twitter:data1\" content=\"1 minute\" \/>\n<script type=\"application\/ld+json\" class=\"yoast-schema-graph\">{\"@context\":\"https:\\\/\\\/schema.org\",\"@graph\":[{\"@type\":\"WebPage\",\"@id\":\"https:\\\/\\\/crocjeux.com\\\/index.php\\\/produit\\\/century-edition-golem\\\/\",\"url\":\"https:\\\/\\\/crocjeux.com\\\/index.php\\\/produit\\\/century-edition-golem\\\/\",\"name\":\"Century \u00e9dition Golem - Croc Jeux\",\"isPartOf\":{\"@id\":\"https:\\\/\\\/crocjeux.com\\\/#website\"},\"primaryImageOfPage\":{\"@id\":\"https:\\\/\\\/crocjeux.com\\\/index.php\\\/produit\\\/century-edition-golem\\\/#primaryimage\"},\"image\":{\"@id\":\"https:\\\/\\\/crocjeux.com\\\/index.php\\\/produit\\\/century-edition-golem\\\/#primaryimage\"},\"thumbnailUrl\":\"https:\\\/\\\/crocjeux.com\\\/wp-content\\\/uploads\\\/2023\\\/02\\\/century-edition-golem.webp\",\"datePublished\":\"2023-02-02T07:05:32+00:00\",\"dateModified\":\"2023-02-11T17:40:38+00:00\",\"description\":\"Century - \u00c9dition Golem est une \u00e9dition limit\u00e9e de Century - la Route des \u00c9pices, d\u00e9clin\u00e9e sous un autre th\u00e8me et un autre design. Les joueurs parcourent la fameuse route du Golem pour d\u00e9livrer les cristaux aux confins du monde de Caravania.\",\"breadcrumb\":{\"@id\":\"https:\\\/\\\/crocjeux.com\\\/index.php\\\/produit\\\/century-edition-golem\\\/#breadcrumb\"},\"inLanguage\":\"fr-FR\",\"potentialAction\":[{\"@type\":\"ReadAction\",\"target\":[\"https:\\\/\\\/crocjeux.com\\\/index.php\\\/produit\\\/century-edition-golem\\\/\"]}]},{\"@type\":\"ImageObject\",\"inLanguage\":\"fr-FR\",\"@id\":\"https:\\\/\\\/crocjeux.com\\\/index.php\\\/produit\\\/century-edition-golem\\\/#primaryimage\",\"url\":\"https:\\\/\\\/crocjeux.com\\\/wp-content\\\/uploads\\\/2023\\\/02\\\/century-edition-golem.webp\",\"contentUrl\":\"https:\\\/\\\/crocjeux.com\\\/wp-content\\\/uploads\\\/2023\\\/02\\\/century-edition-golem.webp\",\"width\":372,\"height\":372},{\"@type\":\"BreadcrumbList\",\"@id\":\"https:\\\/\\\/crocjeux.com\\\/index.php\\\/produit\\\/century-edition-golem\\\/#breadcrumb\",\"itemListElement\":[{\"@type\":\"ListItem\",\"position\":1,\"name\":\"Accueil\",\"item\":\"https:\\\/\\\/crocjeux.com\\\/\"},{\"@type\":\"ListItem\",\"position\":2,\"name\":\"Boutique\",\"item\":\"https:\\\/\\\/crocjeux.com\\\/\"},{\"@type\":\"ListItem\",\"position\":3,\"name\":\"Century \u00e9dition Golem\"}]},{\"@type\":\"WebSite\",\"@id\":\"https:\\\/\\\/crocjeux.com\\\/#website\",\"url\":\"https:\\\/\\\/crocjeux.com\\\/\",\"name\":\"Croc Jeux\",\"description\":\"Bienvenue chez Croc Jeux!\",\"publisher\":{\"@id\":\"https:\\\/\\\/crocjeux.com\\\/#organization\"},\"potentialAction\":[{\"@type\":\"SearchAction\",\"target\":{\"@type\":\"EntryPoint\",\"urlTemplate\":\"https:\\\/\\\/crocjeux.com\\\/?s={search_term_string}\"},\"query-input\":{\"@type\":\"PropertyValueSpecification\",\"valueRequired\":true,\"valueName\":\"search_term_string\"}}],\"inLanguage\":\"fr-FR\"},{\"@type\":\"Organization\",\"@id\":\"https:\\\/\\\/crocjeux.com\\\/#organization\",\"name\":\"Croc Jeux\",\"url\":\"https:\\\/\\\/crocjeux.com\\\/\",\"logo\":{\"@type\":\"ImageObject\",\"inLanguage\":\"fr-FR\",\"@id\":\"https:\\\/\\\/crocjeux.com\\\/#\\\/schema\\\/logo\\\/image\\\/\",\"url\":\"https:\\\/\\\/crocjeux.com\\\/wp-content\\\/uploads\\\/2022\\\/01\\\/cropped-logo-croc-etape-1-e1644574034239.jpg\",\"contentUrl\":\"https:\\\/\\\/crocjeux.com\\\/wp-content\\\/uploads\\\/2022\\\/01\\\/cropped-logo-croc-etape-1-e1644574034239.jpg\",\"width\":1224,\"height\":314,\"caption\":\"Croc Jeux\"},\"image\":{\"@id\":\"https:\\\/\\\/crocjeux.com\\\/#\\\/schema\\\/logo\\\/image\\\/\"}}]}<\/script>\n<!-- \/ Yoast SEO plugin. -->","yoast_head_json":{"title":"Century \u00e9dition Golem - Croc Jeux","description":"Century - \u00c9dition Golem est une \u00e9dition limit\u00e9e de Century - la Route des \u00c9pices, d\u00e9clin\u00e9e sous un autre th\u00e8me et un autre design. Les joueurs parcourent la fameuse route du Golem pour d\u00e9livrer les cristaux aux confins du monde de Caravania.","robots":{"index":"index","follow":"follow","max-snippet":"max-snippet:-1","max-image-preview":"max-image-preview:large","max-video-preview":"max-video-preview:-1"},"canonical":"https:\/\/crocjeux.com\/index.php\/produit\/century-edition-golem\/","og_locale":"fr_FR","og_type":"article","og_title":"Century \u00e9dition Golem - Croc Jeux","og_description":"Century - \u00c9dition Golem est une \u00e9dition limit\u00e9e de Century - la Route des \u00c9pices, d\u00e9clin\u00e9e sous un autre th\u00e8me et un autre design. Les joueurs parcourent la fameuse route du Golem pour d\u00e9livrer les cristaux aux confins du monde de Caravania.","og_url":"https:\/\/crocjeux.com\/index.php\/produit\/century-edition-golem\/","og_site_name":"Croc Jeux","article_modified_time":"2023-02-11T17:40:38+00:00","og_image":[{"width":372,"height":372,"url":"https:\/\/crocjeux.com\/wp-content\/uploads\/2023\/02\/century-edition-golem.webp","type":"image\/webp"}],"twitter_card":"summary_large_image","twitter_misc":{"Dur\u00e9e de lecture estim\u00e9e":"1 minute"},"schema":{"@context":"https:\/\/schema.org","@graph":[{"@type":"WebPage","@id":"https:\/\/crocjeux.com\/index.php\/produit\/century-edition-golem\/","url":"https:\/\/crocjeux.com\/index.php\/produit\/century-edition-golem\/","name":"Century \u00e9dition Golem - Croc Jeux","isPartOf":{"@id":"https:\/\/crocjeux.com\/#website"},"primaryImageOfPage":{"@id":"https:\/\/crocjeux.com\/index.php\/produit\/century-edition-golem\/#primaryimage"},"image":{"@id":"https:\/\/crocjeux.com\/index.php\/produit\/century-edition-golem\/#primaryimage"},"thumbnailUrl":"https:\/\/crocjeux.com\/wp-content\/uploads\/2023\/02\/century-edition-golem.webp","datePublished":"2023-02-02T07:05:32+00:00","dateModified":"2023-02-11T17:40:38+00:00","description":"Century - \u00c9dition Golem est une \u00e9dition limit\u00e9e de Century - la Route des \u00c9pices, d\u00e9clin\u00e9e sous un autre th\u00e8me et un autre design. Les joueurs parcourent la fameuse route du Golem pour d\u00e9livrer les cristaux aux confins du monde de Caravania.","breadcrumb":{"@id":"https:\/\/crocjeux.com\/index.php\/produit\/century-edition-golem\/#breadcrumb"},"inLanguage":"fr-FR","potentialAction":[{"@type":"ReadAction","target":["https:\/\/crocjeux.com\/index.php\/produit\/century-edition-golem\/"]}]},{"@type":"ImageObject","inLanguage":"fr-FR","@id":"https:\/\/crocjeux.com\/index.php\/produit\/century-edition-golem\/#primaryimage","url":"https:\/\/crocjeux.com\/wp-content\/uploads\/2023\/02\/century-edition-golem.webp","contentUrl":"https:\/\/crocjeux.com\/wp-content\/uploads\/2023\/02\/century-edition-golem.webp","width":372,"height":372},{"@type":"BreadcrumbList","@id":"https:\/\/crocjeux.com\/index.php\/produit\/century-edition-golem\/#breadcrumb","itemListElement":[{"@type":"ListItem","position":1,"name":"Accueil","item":"https:\/\/crocjeux.com\/"},{"@type":"ListItem","position":2,"name":"Boutique","item":"https:\/\/crocjeux.com\/"},{"@type":"ListItem","position":3,"name":"Century \u00e9dition Golem"}]},{"@type":"WebSite","@id":"https:\/\/crocjeux.com\/#website","url":"https:\/\/crocjeux.com\/","name":"Croc Jeux","description":"Bienvenue chez Croc Jeux!","publisher":{"@id":"https:\/\/crocjeux.com\/#organization"},"potentialAction":[{"@type":"SearchAction","target":{"@type":"EntryPoint","urlTemplate":"https:\/\/crocjeux.com\/?s={search_term_string}"},"query-input":{"@type":"PropertyValueSpecification","valueRequired":true,"valueName":"search_term_string"}}],"inLanguage":"fr-FR"},{"@type":"Organization","@id":"https:\/\/crocjeux.com\/#organization","name":"Croc Jeux","url":"https:\/\/crocjeux.com\/","logo":{"@type":"ImageObject","inLanguage":"fr-FR","@id":"https:\/\/crocjeux.com\/#\/schema\/logo\/image\/","url":"https:\/\/crocjeux.com\/wp-content\/uploads\/2022\/01\/cropped-logo-croc-etape-1-e1644574034239.jpg","contentUrl":"https:\/\/crocjeux.com\/wp-content\/uploads\/2022\/01\/cropped-logo-croc-etape-1-e1644574034239.jpg","width":1224,"height":314,"caption":"Croc Jeux"},"image":{"@id":"https:\/\/crocjeux.com\/#\/schema\/logo\/image\/"}}]}},"_links":{"self":[{"href":"https:\/\/crocjeux.com\/index.php\/wp-json\/wp\/v2\/product\/4582","targetHints":{"allow":["GET"]}}],"collection":[{"href":"https:\/\/crocjeux.com\/index.php\/wp-json\/wp\/v2\/product"}],"about":[{"href":"https:\/\/crocjeux.com\/index.php\/wp-json\/wp\/v2\/types\/product"}],"replies":[{"embeddable":true,"href":"https:\/\/crocjeux.com\/index.php\/wp-json\/wp\/v2\/comments?post=4582"}],"wp:featuredmedia":[{"embeddable":true,"href":"https:\/\/crocjeux.com\/index.php\/wp-json\/wp\/v2\/media\/4583"}],"wp:attachment":[{"href":"https:\/\/crocjeux.com\/index.php\/wp-json\/wp\/v2\/media?parent=4582"}],"wp:term":[{"taxonomy":"product_brand","embeddable":true,"href":"https:\/\/crocjeux.com\/index.php\/wp-json\/wp\/v2\/product_brand?post=4582"},{"taxonomy":"product_cat","embeddable":true,"href":"https:\/\/crocjeux.com\/index.php\/wp-json\/wp\/v2\/product_cat?post=4582"},{"taxonomy":"product_tag","embeddable":true,"href":"https:\/\/crocjeux.com\/index.php\/wp-json\/wp\/v2\/product_tag?post=4582"}],"curies":[{"name":"wp","href":"https:\/\/api.w.org\/{rel}","templated":true}]}}