{"id":4586,"date":"2023-02-02T10:24:09","date_gmt":"2023-02-02T09:24:09","guid":{"rendered":"https:\/\/crocjeux.com\/?post_type=product&#038;p=4586"},"modified":"2023-02-11T18:43:23","modified_gmt":"2023-02-11T17:43:23","slug":"century-edition-golem-montagnes-orientales","status":"publish","type":"product","link":"https:\/\/crocjeux.com\/index.php\/produit\/century-edition-golem-montagnes-orientales\/","title":{"rendered":"Century &#8211; \u00e9dition Golem: Montagnes orientales"},"content":{"rendered":"<section id=\"tab-description\" class=\"page-product-box r-tabs-panel r-tabs-state-active\">\n<div class=\"rte\">\n<h2>Les joueurs iront explorer les montagnes de Carvania et la Vall\u00e9e des \u00c2mes\u2026 qu\u2019y trouverez-vous ?<\/h2>\n<div>les joueurs reprennent leur r\u00f4le de marchands de cristaux et explorent les cha\u00eenes de montagnes de Carvania et les vall\u00e9es associ\u00e9es en cherchant \u00e0 \u00e9tablir un r\u00e9seau commercial.<\/div>\n<div><\/div>\n<div>Pr\u00e9parez-vous pour l\u2019aventure, car vous partirez explorer les contr\u00e9es lointaines de Carvania et y d\u00e9couvrirez des golems de formes encore jamais vues!<\/div>\n<div>Comme tous les titres de la grande famille des Century, vous pouvez aussi m\u00e9langer ce Century Golem avec les autres titres de la s\u00e9rie Golem, pour un potentiel de 7 exp\u00e9riences uniques!<\/div>\n<\/div>\n<\/section>\n<div id=\"ukoopubliclist-product_lists\" class=\"block collapse-smartphone-tablet\">\n<p class=\"title_block\">Ce jeu appara\u00eet dans les Tops Jeux de nos joueurs<\/p>\n<\/div>\n","protected":false},"excerpt":{"rendered":"<p>Century : Golem Montagnes Orientales est la suite du jeu \u00e0 grand succ\u00e8s Century : \u00c9dition Golem, dans laquelle les joueurs iront explorer les montagnes de Carvania et la Vall\u00e9e des \u00c2mes.<\/p>\n","protected":false},"featured_media":4587,"comment_status":"open","ping_status":"closed","template":"","meta":{"colormag_page_container_layout":"default_layout","colormag_page_sidebar_layout":"default_layout"},"product_brand":[],"product_cat":[18,29],"product_tag":[],"class_list":{"0":"post-4586","1":"product","2":"type-product","3":"status-publish","4":"has-post-thumbnail","6":"product_cat-jeux-de-strategie","7":"product_cat-jeux-2-joueurs","9":"first","10":"instock","11":"taxable","12":"shipping-taxable","13":"purchasable","14":"product-type-simple"},"yoast_head":"<!-- This site is optimized with the Yoast SEO plugin v27.1.1 - https:\/\/yoast.com\/product\/yoast-seo-wordpress\/ -->\n<title>Century - \u00e9dition Golem: Montagnes orientales - Croc Jeux<\/title>\n<meta name=\"description\" content=\"Century : Golem Montagnes Orientales est la suite du jeu \u00e0 grand succ\u00e8s Century : \u00c9dition Golem, dans laquelle les joueurs iront explorer les montagnes de Carvania et la Vall\u00e9e des \u00c2mes.\" \/>\n<meta name=\"robots\" content=\"index, follow, max-snippet:-1, max-image-preview:large, max-video-preview:-1\" \/>\n<link rel=\"canonical\" href=\"https:\/\/crocjeux.com\/index.php\/produit\/century-edition-golem-montagnes-orientales\/\" \/>\n<meta property=\"og:locale\" content=\"fr_FR\" \/>\n<meta property=\"og:type\" content=\"article\" \/>\n<meta property=\"og:title\" content=\"Century - \u00e9dition Golem: Montagnes orientales - Croc Jeux\" \/>\n<meta property=\"og:description\" content=\"Century : Golem Montagnes Orientales est la suite du jeu \u00e0 grand succ\u00e8s Century : \u00c9dition Golem, dans laquelle les joueurs iront explorer les montagnes de Carvania et la Vall\u00e9e des \u00c2mes.\" \/>\n<meta property=\"og:url\" content=\"https:\/\/crocjeux.com\/index.php\/produit\/century-edition-golem-montagnes-orientales\/\" \/>\n<meta property=\"og:site_name\" content=\"Croc Jeux\" \/>\n<meta property=\"article:modified_time\" content=\"2023-02-11T17:43:23+00:00\" \/>\n<meta property=\"og:image\" content=\"https:\/\/crocjeux.com\/wp-content\/uploads\/2023\/02\/OIP-9.jpg\" \/>\n\t<meta property=\"og:image:width\" content=\"273\" \/>\n\t<meta property=\"og:image:height\" content=\"273\" \/>\n\t<meta property=\"og:image:type\" content=\"image\/jpeg\" \/>\n<meta name=\"twitter:card\" content=\"summary_large_image\" \/>\n<meta name=\"twitter:label1\" content=\"Dur\u00e9e de lecture estim\u00e9e\" \/>\n\t<meta name=\"twitter:data1\" content=\"1 minute\" \/>\n<script type=\"application\/ld+json\" class=\"yoast-schema-graph\">{\"@context\":\"https:\/\/schema.org\",\"@graph\":[{\"@type\":\"WebPage\",\"@id\":\"https:\/\/crocjeux.com\/index.php\/produit\/century-edition-golem-montagnes-orientales\/\",\"url\":\"https:\/\/crocjeux.com\/index.php\/produit\/century-edition-golem-montagnes-orientales\/\",\"name\":\"Century - \u00e9dition Golem: Montagnes orientales - Croc Jeux\",\"isPartOf\":{\"@id\":\"https:\/\/crocjeux.com\/#website\"},\"primaryImageOfPage\":{\"@id\":\"https:\/\/crocjeux.com\/index.php\/produit\/century-edition-golem-montagnes-orientales\/#primaryimage\"},\"image\":{\"@id\":\"https:\/\/crocjeux.com\/index.php\/produit\/century-edition-golem-montagnes-orientales\/#primaryimage\"},\"thumbnailUrl\":\"https:\/\/crocjeux.com\/wp-content\/uploads\/2023\/02\/OIP-9.jpg\",\"datePublished\":\"2023-02-02T09:24:09+00:00\",\"dateModified\":\"2023-02-11T17:43:23+00:00\",\"description\":\"Century : Golem Montagnes Orientales est la suite du jeu \u00e0 grand succ\u00e8s Century : \u00c9dition Golem, dans laquelle les joueurs iront explorer les montagnes de Carvania et la Vall\u00e9e des \u00c2mes.\",\"breadcrumb\":{\"@id\":\"https:\/\/crocjeux.com\/index.php\/produit\/century-edition-golem-montagnes-orientales\/#breadcrumb\"},\"inLanguage\":\"fr-FR\",\"potentialAction\":[{\"@type\":\"ReadAction\",\"target\":[\"https:\/\/crocjeux.com\/index.php\/produit\/century-edition-golem-montagnes-orientales\/\"]}]},{\"@type\":\"ImageObject\",\"inLanguage\":\"fr-FR\",\"@id\":\"https:\/\/crocjeux.com\/index.php\/produit\/century-edition-golem-montagnes-orientales\/#primaryimage\",\"url\":\"https:\/\/crocjeux.com\/wp-content\/uploads\/2023\/02\/OIP-9.jpg\",\"contentUrl\":\"https:\/\/crocjeux.com\/wp-content\/uploads\/2023\/02\/OIP-9.jpg\",\"width\":273,\"height\":273},{\"@type\":\"BreadcrumbList\",\"@id\":\"https:\/\/crocjeux.com\/index.php\/produit\/century-edition-golem-montagnes-orientales\/#breadcrumb\",\"itemListElement\":[{\"@type\":\"ListItem\",\"position\":1,\"name\":\"Accueil\",\"item\":\"https:\/\/crocjeux.com\/\"},{\"@type\":\"ListItem\",\"position\":2,\"name\":\"Boutique\",\"item\":\"https:\/\/crocjeux.com\/\"},{\"@type\":\"ListItem\",\"position\":3,\"name\":\"Century &#8211; \u00e9dition Golem: Montagnes orientales\"}]},{\"@type\":\"WebSite\",\"@id\":\"https:\/\/crocjeux.com\/#website\",\"url\":\"https:\/\/crocjeux.com\/\",\"name\":\"Croc Jeux\",\"description\":\"Bienvenue chez Croc Jeux!\",\"publisher\":{\"@id\":\"https:\/\/crocjeux.com\/#organization\"},\"potentialAction\":[{\"@type\":\"SearchAction\",\"target\":{\"@type\":\"EntryPoint\",\"urlTemplate\":\"https:\/\/crocjeux.com\/?s={search_term_string}\"},\"query-input\":{\"@type\":\"PropertyValueSpecification\",\"valueRequired\":true,\"valueName\":\"search_term_string\"}}],\"inLanguage\":\"fr-FR\"},{\"@type\":\"Organization\",\"@id\":\"https:\/\/crocjeux.com\/#organization\",\"name\":\"Croc Jeux\",\"url\":\"https:\/\/crocjeux.com\/\",\"logo\":{\"@type\":\"ImageObject\",\"inLanguage\":\"fr-FR\",\"@id\":\"https:\/\/crocjeux.com\/#\/schema\/logo\/image\/\",\"url\":\"https:\/\/crocjeux.com\/wp-content\/uploads\/2022\/01\/cropped-logo-croc-etape-1-e1644574034239.jpg\",\"contentUrl\":\"https:\/\/crocjeux.com\/wp-content\/uploads\/2022\/01\/cropped-logo-croc-etape-1-e1644574034239.jpg\",\"width\":1224,\"height\":314,\"caption\":\"Croc Jeux\"},\"image\":{\"@id\":\"https:\/\/crocjeux.com\/#\/schema\/logo\/image\/\"}}]}<\/script>\n<!-- \/ Yoast SEO plugin. -->","yoast_head_json":{"title":"Century - \u00e9dition Golem: Montagnes orientales - Croc Jeux","description":"Century : Golem Montagnes Orientales est la suite du jeu \u00e0 grand succ\u00e8s Century : \u00c9dition Golem, dans laquelle les joueurs iront explorer les montagnes de Carvania et la Vall\u00e9e des \u00c2mes.","robots":{"index":"index","follow":"follow","max-snippet":"max-snippet:-1","max-image-preview":"max-image-preview:large","max-video-preview":"max-video-preview:-1"},"canonical":"https:\/\/crocjeux.com\/index.php\/produit\/century-edition-golem-montagnes-orientales\/","og_locale":"fr_FR","og_type":"article","og_title":"Century - \u00e9dition Golem: Montagnes orientales - Croc Jeux","og_description":"Century : Golem Montagnes Orientales est la suite du jeu \u00e0 grand succ\u00e8s Century : \u00c9dition Golem, dans laquelle les joueurs iront explorer les montagnes de Carvania et la Vall\u00e9e des \u00c2mes.","og_url":"https:\/\/crocjeux.com\/index.php\/produit\/century-edition-golem-montagnes-orientales\/","og_site_name":"Croc Jeux","article_modified_time":"2023-02-11T17:43:23+00:00","og_image":[{"width":273,"height":273,"url":"https:\/\/crocjeux.com\/wp-content\/uploads\/2023\/02\/OIP-9.jpg","type":"image\/jpeg"}],"twitter_card":"summary_large_image","twitter_misc":{"Dur\u00e9e de lecture estim\u00e9e":"1 minute"},"schema":{"@context":"https:\/\/schema.org","@graph":[{"@type":"WebPage","@id":"https:\/\/crocjeux.com\/index.php\/produit\/century-edition-golem-montagnes-orientales\/","url":"https:\/\/crocjeux.com\/index.php\/produit\/century-edition-golem-montagnes-orientales\/","name":"Century - \u00e9dition Golem: Montagnes orientales - Croc Jeux","isPartOf":{"@id":"https:\/\/crocjeux.com\/#website"},"primaryImageOfPage":{"@id":"https:\/\/crocjeux.com\/index.php\/produit\/century-edition-golem-montagnes-orientales\/#primaryimage"},"image":{"@id":"https:\/\/crocjeux.com\/index.php\/produit\/century-edition-golem-montagnes-orientales\/#primaryimage"},"thumbnailUrl":"https:\/\/crocjeux.com\/wp-content\/uploads\/2023\/02\/OIP-9.jpg","datePublished":"2023-02-02T09:24:09+00:00","dateModified":"2023-02-11T17:43:23+00:00","description":"Century : Golem Montagnes Orientales est la suite du jeu \u00e0 grand succ\u00e8s Century : \u00c9dition Golem, dans laquelle les joueurs iront explorer les montagnes de Carvania et la Vall\u00e9e des \u00c2mes.","breadcrumb":{"@id":"https:\/\/crocjeux.com\/index.php\/produit\/century-edition-golem-montagnes-orientales\/#breadcrumb"},"inLanguage":"fr-FR","potentialAction":[{"@type":"ReadAction","target":["https:\/\/crocjeux.com\/index.php\/produit\/century-edition-golem-montagnes-orientales\/"]}]},{"@type":"ImageObject","inLanguage":"fr-FR","@id":"https:\/\/crocjeux.com\/index.php\/produit\/century-edition-golem-montagnes-orientales\/#primaryimage","url":"https:\/\/crocjeux.com\/wp-content\/uploads\/2023\/02\/OIP-9.jpg","contentUrl":"https:\/\/crocjeux.com\/wp-content\/uploads\/2023\/02\/OIP-9.jpg","width":273,"height":273},{"@type":"BreadcrumbList","@id":"https:\/\/crocjeux.com\/index.php\/produit\/century-edition-golem-montagnes-orientales\/#breadcrumb","itemListElement":[{"@type":"ListItem","position":1,"name":"Accueil","item":"https:\/\/crocjeux.com\/"},{"@type":"ListItem","position":2,"name":"Boutique","item":"https:\/\/crocjeux.com\/"},{"@type":"ListItem","position":3,"name":"Century &#8211; \u00e9dition Golem: Montagnes orientales"}]},{"@type":"WebSite","@id":"https:\/\/crocjeux.com\/#website","url":"https:\/\/crocjeux.com\/","name":"Croc Jeux","description":"Bienvenue chez Croc Jeux!","publisher":{"@id":"https:\/\/crocjeux.com\/#organization"},"potentialAction":[{"@type":"SearchAction","target":{"@type":"EntryPoint","urlTemplate":"https:\/\/crocjeux.com\/?s={search_term_string}"},"query-input":{"@type":"PropertyValueSpecification","valueRequired":true,"valueName":"search_term_string"}}],"inLanguage":"fr-FR"},{"@type":"Organization","@id":"https:\/\/crocjeux.com\/#organization","name":"Croc Jeux","url":"https:\/\/crocjeux.com\/","logo":{"@type":"ImageObject","inLanguage":"fr-FR","@id":"https:\/\/crocjeux.com\/#\/schema\/logo\/image\/","url":"https:\/\/crocjeux.com\/wp-content\/uploads\/2022\/01\/cropped-logo-croc-etape-1-e1644574034239.jpg","contentUrl":"https:\/\/crocjeux.com\/wp-content\/uploads\/2022\/01\/cropped-logo-croc-etape-1-e1644574034239.jpg","width":1224,"height":314,"caption":"Croc Jeux"},"image":{"@id":"https:\/\/crocjeux.com\/#\/schema\/logo\/image\/"}}]}},"_links":{"self":[{"href":"https:\/\/crocjeux.com\/index.php\/wp-json\/wp\/v2\/product\/4586","targetHints":{"allow":["GET"]}}],"collection":[{"href":"https:\/\/crocjeux.com\/index.php\/wp-json\/wp\/v2\/product"}],"about":[{"href":"https:\/\/crocjeux.com\/index.php\/wp-json\/wp\/v2\/types\/product"}],"replies":[{"embeddable":true,"href":"https:\/\/crocjeux.com\/index.php\/wp-json\/wp\/v2\/comments?post=4586"}],"wp:featuredmedia":[{"embeddable":true,"href":"https:\/\/crocjeux.com\/index.php\/wp-json\/wp\/v2\/media\/4587"}],"wp:attachment":[{"href":"https:\/\/crocjeux.com\/index.php\/wp-json\/wp\/v2\/media?parent=4586"}],"wp:term":[{"taxonomy":"product_brand","embeddable":true,"href":"https:\/\/crocjeux.com\/index.php\/wp-json\/wp\/v2\/product_brand?post=4586"},{"taxonomy":"product_cat","embeddable":true,"href":"https:\/\/crocjeux.com\/index.php\/wp-json\/wp\/v2\/product_cat?post=4586"},{"taxonomy":"product_tag","embeddable":true,"href":"https:\/\/crocjeux.com\/index.php\/wp-json\/wp\/v2\/product_tag?post=4586"}],"curies":[{"name":"wp","href":"https:\/\/api.w.org\/{rel}","templated":true}]}}