{"id":4588,"date":"2023-02-02T10:33:55","date_gmt":"2023-02-02T09:33:55","guid":{"rendered":"https:\/\/crocjeux.com\/?post_type=product&#038;p=4588"},"modified":"2023-02-02T10:33:56","modified_gmt":"2023-02-02T09:33:56","slug":"micromacro-crime-city-trick-town","status":"publish","type":"product","link":"https:\/\/crocjeux.com\/index.php\/produit\/micromacro-crime-city-trick-town\/","title":{"rendered":"MicroMacro: Crime city trick Town"},"content":{"rendered":"<h2>Encore plus d&rsquo;enqu\u00eates pour Micro Macro !<\/h2>\n<p>Les criminels ont encore frapp\u00e9, ce nouvel opus d\u00e9voile la partie Sud Est de Crime City. Encore plus d&rsquo;enqu\u00eates et de criminels \u00e0 d\u00e9voiler !<\/p>\n<div><\/div>\n<p>Tricks Town\u00a0est le troisi\u00e8me volet de la s\u00e9rie MicroMacro. Venez y d\u00e9couvrir une nouvelle partie de la ville, avec ses 16 enqu\u00eates in\u00e9dites et plus cors\u00e9es \u00e0 mener. Ce jeu est ind\u00e9pendant des premiers volets : il n\u2018est pas n\u00e9cessaire de poss\u00e9der ou d\u2018avoir jou\u00e9 aux \u00e9pisodes pr\u00e9c\u00e9dents pour vous lancer dans ces nouvelles affaires !<\/p>\n<h3>MicroMacro est un jeu coop\u00e9ratif<\/h3>\n<div>Un \u0153il aff\u00fbt\u00e9 et un sens de la d\u00e9duction aiguis\u00e9 seront vos meilleurs atouts pour coincer les criminels les plus retors ! Les joueurs incarnent des d\u00e9tectives qui devront r\u00e9soudre des affaires criminelles en observant le plan de la ville. Ils choisissent une enqu\u00eate et retournent la premi\u00e8re carte qui d\u00e9taille l&rsquo;affaire. Prenez ensuite la carte suivante et r\u00e9pondez \u00e0 la question indiqu\u00e9e. Pour v\u00e9rifier votre affirmation retournez la carte, la r\u00e9ponse est au dos ! Continuez de r\u00e9pondre aux questions afin de r\u00e9soudre l&rsquo;enqu\u00eate.<\/div>\n","protected":false},"excerpt":{"rendered":"<p>Tricks Town est le troisi\u00e8me volet de la s\u00e9rie MicroMacro &#8211; Crime City et renferme 16 nouvelles enqu\u00eates pour un challenge encore plus cors\u00e9 !<\/p>\n","protected":false},"featured_media":4589,"comment_status":"open","ping_status":"closed","template":"","meta":{"colormag_page_container_layout":"default_layout","colormag_page_sidebar_layout":"default_layout"},"product_brand":[],"product_cat":[45,30],"product_tag":[],"class_list":{"0":"post-4588","1":"product","2":"type-product","3":"status-publish","4":"has-post-thumbnail","6":"product_cat-escape-room-escape-enquete","7":"product_cat-jeux-collaboratifs","9":"first","10":"instock","11":"taxable","12":"shipping-taxable","13":"purchasable","14":"product-type-simple"},"yoast_head":"<!-- This site is optimized with the Yoast SEO plugin v27.4 - https:\/\/yoast.com\/product\/yoast-seo-wordpress\/ -->\n<title>MicroMacro: Crime city trick Town - Croc Jeux<\/title>\n<meta name=\"description\" content=\"Tricks Town est le troisi\u00e8me volet de la s\u00e9rie MicroMacro - Crime City et renferme 16 nouvelles enqu\u00eates pour un challenge encore plus cors\u00e9 !\" \/>\n<meta name=\"robots\" content=\"index, follow, max-snippet:-1, max-image-preview:large, max-video-preview:-1\" \/>\n<link rel=\"canonical\" href=\"https:\/\/crocjeux.com\/index.php\/produit\/micromacro-crime-city-trick-town\/\" \/>\n<meta property=\"og:locale\" content=\"fr_FR\" \/>\n<meta property=\"og:type\" content=\"article\" \/>\n<meta property=\"og:title\" content=\"MicroMacro: Crime city trick Town - Croc Jeux\" \/>\n<meta property=\"og:description\" content=\"Tricks Town est le troisi\u00e8me volet de la s\u00e9rie MicroMacro - Crime City et renferme 16 nouvelles enqu\u00eates pour un challenge encore plus cors\u00e9 !\" \/>\n<meta property=\"og:url\" content=\"https:\/\/crocjeux.com\/index.php\/produit\/micromacro-crime-city-trick-town\/\" \/>\n<meta property=\"og:site_name\" content=\"Croc Jeux\" \/>\n<meta property=\"article:modified_time\" content=\"2023-02-02T09:33:56+00:00\" \/>\n<meta property=\"og:image\" content=\"https:\/\/crocjeux.com\/wp-content\/uploads\/2023\/02\/micromacro-crime-city-tricks-town.jpg\" \/>\n\t<meta property=\"og:image:width\" content=\"372\" \/>\n\t<meta property=\"og:image:height\" content=\"372\" \/>\n\t<meta property=\"og:image:type\" content=\"image\/jpeg\" \/>\n<meta name=\"twitter:card\" content=\"summary_large_image\" \/>\n<meta name=\"twitter:label1\" content=\"Dur\u00e9e de lecture estim\u00e9e\" \/>\n\t<meta name=\"twitter:data1\" content=\"1 minute\" \/>\n<script type=\"application\/ld+json\" class=\"yoast-schema-graph\">{\"@context\":\"https:\\\/\\\/schema.org\",\"@graph\":[{\"@type\":\"WebPage\",\"@id\":\"https:\\\/\\\/crocjeux.com\\\/index.php\\\/produit\\\/micromacro-crime-city-trick-town\\\/\",\"url\":\"https:\\\/\\\/crocjeux.com\\\/index.php\\\/produit\\\/micromacro-crime-city-trick-town\\\/\",\"name\":\"MicroMacro: Crime city trick Town - Croc Jeux\",\"isPartOf\":{\"@id\":\"https:\\\/\\\/crocjeux.com\\\/#website\"},\"primaryImageOfPage\":{\"@id\":\"https:\\\/\\\/crocjeux.com\\\/index.php\\\/produit\\\/micromacro-crime-city-trick-town\\\/#primaryimage\"},\"image\":{\"@id\":\"https:\\\/\\\/crocjeux.com\\\/index.php\\\/produit\\\/micromacro-crime-city-trick-town\\\/#primaryimage\"},\"thumbnailUrl\":\"https:\\\/\\\/crocjeux.com\\\/wp-content\\\/uploads\\\/2023\\\/02\\\/micromacro-crime-city-tricks-town.jpg\",\"datePublished\":\"2023-02-02T09:33:55+00:00\",\"dateModified\":\"2023-02-02T09:33:56+00:00\",\"description\":\"Tricks Town est le troisi\u00e8me volet de la s\u00e9rie MicroMacro - Crime City et renferme 16 nouvelles enqu\u00eates pour un challenge encore plus cors\u00e9 !\",\"breadcrumb\":{\"@id\":\"https:\\\/\\\/crocjeux.com\\\/index.php\\\/produit\\\/micromacro-crime-city-trick-town\\\/#breadcrumb\"},\"inLanguage\":\"fr-FR\",\"potentialAction\":[{\"@type\":\"ReadAction\",\"target\":[\"https:\\\/\\\/crocjeux.com\\\/index.php\\\/produit\\\/micromacro-crime-city-trick-town\\\/\"]}]},{\"@type\":\"ImageObject\",\"inLanguage\":\"fr-FR\",\"@id\":\"https:\\\/\\\/crocjeux.com\\\/index.php\\\/produit\\\/micromacro-crime-city-trick-town\\\/#primaryimage\",\"url\":\"https:\\\/\\\/crocjeux.com\\\/wp-content\\\/uploads\\\/2023\\\/02\\\/micromacro-crime-city-tricks-town.jpg\",\"contentUrl\":\"https:\\\/\\\/crocjeux.com\\\/wp-content\\\/uploads\\\/2023\\\/02\\\/micromacro-crime-city-tricks-town.jpg\",\"width\":372,\"height\":372},{\"@type\":\"BreadcrumbList\",\"@id\":\"https:\\\/\\\/crocjeux.com\\\/index.php\\\/produit\\\/micromacro-crime-city-trick-town\\\/#breadcrumb\",\"itemListElement\":[{\"@type\":\"ListItem\",\"position\":1,\"name\":\"Accueil\",\"item\":\"https:\\\/\\\/crocjeux.com\\\/\"},{\"@type\":\"ListItem\",\"position\":2,\"name\":\"Boutique\",\"item\":\"https:\\\/\\\/crocjeux.com\\\/\"},{\"@type\":\"ListItem\",\"position\":3,\"name\":\"MicroMacro: Crime city trick Town\"}]},{\"@type\":\"WebSite\",\"@id\":\"https:\\\/\\\/crocjeux.com\\\/#website\",\"url\":\"https:\\\/\\\/crocjeux.com\\\/\",\"name\":\"Croc Jeux\",\"description\":\"Bienvenue chez Croc Jeux!\",\"publisher\":{\"@id\":\"https:\\\/\\\/crocjeux.com\\\/#organization\"},\"potentialAction\":[{\"@type\":\"SearchAction\",\"target\":{\"@type\":\"EntryPoint\",\"urlTemplate\":\"https:\\\/\\\/crocjeux.com\\\/?s={search_term_string}\"},\"query-input\":{\"@type\":\"PropertyValueSpecification\",\"valueRequired\":true,\"valueName\":\"search_term_string\"}}],\"inLanguage\":\"fr-FR\"},{\"@type\":\"Organization\",\"@id\":\"https:\\\/\\\/crocjeux.com\\\/#organization\",\"name\":\"Croc Jeux\",\"url\":\"https:\\\/\\\/crocjeux.com\\\/\",\"logo\":{\"@type\":\"ImageObject\",\"inLanguage\":\"fr-FR\",\"@id\":\"https:\\\/\\\/crocjeux.com\\\/#\\\/schema\\\/logo\\\/image\\\/\",\"url\":\"https:\\\/\\\/crocjeux.com\\\/wp-content\\\/uploads\\\/2022\\\/01\\\/cropped-logo-croc-etape-1-e1644574034239.jpg\",\"contentUrl\":\"https:\\\/\\\/crocjeux.com\\\/wp-content\\\/uploads\\\/2022\\\/01\\\/cropped-logo-croc-etape-1-e1644574034239.jpg\",\"width\":1224,\"height\":314,\"caption\":\"Croc Jeux\"},\"image\":{\"@id\":\"https:\\\/\\\/crocjeux.com\\\/#\\\/schema\\\/logo\\\/image\\\/\"}}]}<\/script>\n<!-- \/ Yoast SEO plugin. -->","yoast_head_json":{"title":"MicroMacro: Crime city trick Town - Croc Jeux","description":"Tricks Town est le troisi\u00e8me volet de la s\u00e9rie MicroMacro - Crime City et renferme 16 nouvelles enqu\u00eates pour un challenge encore plus cors\u00e9 !","robots":{"index":"index","follow":"follow","max-snippet":"max-snippet:-1","max-image-preview":"max-image-preview:large","max-video-preview":"max-video-preview:-1"},"canonical":"https:\/\/crocjeux.com\/index.php\/produit\/micromacro-crime-city-trick-town\/","og_locale":"fr_FR","og_type":"article","og_title":"MicroMacro: Crime city trick Town - Croc Jeux","og_description":"Tricks Town est le troisi\u00e8me volet de la s\u00e9rie MicroMacro - Crime City et renferme 16 nouvelles enqu\u00eates pour un challenge encore plus cors\u00e9 !","og_url":"https:\/\/crocjeux.com\/index.php\/produit\/micromacro-crime-city-trick-town\/","og_site_name":"Croc Jeux","article_modified_time":"2023-02-02T09:33:56+00:00","og_image":[{"width":372,"height":372,"url":"https:\/\/crocjeux.com\/wp-content\/uploads\/2023\/02\/micromacro-crime-city-tricks-town.jpg","type":"image\/jpeg"}],"twitter_card":"summary_large_image","twitter_misc":{"Dur\u00e9e de lecture estim\u00e9e":"1 minute"},"schema":{"@context":"https:\/\/schema.org","@graph":[{"@type":"WebPage","@id":"https:\/\/crocjeux.com\/index.php\/produit\/micromacro-crime-city-trick-town\/","url":"https:\/\/crocjeux.com\/index.php\/produit\/micromacro-crime-city-trick-town\/","name":"MicroMacro: Crime city trick Town - Croc Jeux","isPartOf":{"@id":"https:\/\/crocjeux.com\/#website"},"primaryImageOfPage":{"@id":"https:\/\/crocjeux.com\/index.php\/produit\/micromacro-crime-city-trick-town\/#primaryimage"},"image":{"@id":"https:\/\/crocjeux.com\/index.php\/produit\/micromacro-crime-city-trick-town\/#primaryimage"},"thumbnailUrl":"https:\/\/crocjeux.com\/wp-content\/uploads\/2023\/02\/micromacro-crime-city-tricks-town.jpg","datePublished":"2023-02-02T09:33:55+00:00","dateModified":"2023-02-02T09:33:56+00:00","description":"Tricks Town est le troisi\u00e8me volet de la s\u00e9rie MicroMacro - Crime City et renferme 16 nouvelles enqu\u00eates pour un challenge encore plus cors\u00e9 !","breadcrumb":{"@id":"https:\/\/crocjeux.com\/index.php\/produit\/micromacro-crime-city-trick-town\/#breadcrumb"},"inLanguage":"fr-FR","potentialAction":[{"@type":"ReadAction","target":["https:\/\/crocjeux.com\/index.php\/produit\/micromacro-crime-city-trick-town\/"]}]},{"@type":"ImageObject","inLanguage":"fr-FR","@id":"https:\/\/crocjeux.com\/index.php\/produit\/micromacro-crime-city-trick-town\/#primaryimage","url":"https:\/\/crocjeux.com\/wp-content\/uploads\/2023\/02\/micromacro-crime-city-tricks-town.jpg","contentUrl":"https:\/\/crocjeux.com\/wp-content\/uploads\/2023\/02\/micromacro-crime-city-tricks-town.jpg","width":372,"height":372},{"@type":"BreadcrumbList","@id":"https:\/\/crocjeux.com\/index.php\/produit\/micromacro-crime-city-trick-town\/#breadcrumb","itemListElement":[{"@type":"ListItem","position":1,"name":"Accueil","item":"https:\/\/crocjeux.com\/"},{"@type":"ListItem","position":2,"name":"Boutique","item":"https:\/\/crocjeux.com\/"},{"@type":"ListItem","position":3,"name":"MicroMacro: Crime city trick Town"}]},{"@type":"WebSite","@id":"https:\/\/crocjeux.com\/#website","url":"https:\/\/crocjeux.com\/","name":"Croc Jeux","description":"Bienvenue chez Croc Jeux!","publisher":{"@id":"https:\/\/crocjeux.com\/#organization"},"potentialAction":[{"@type":"SearchAction","target":{"@type":"EntryPoint","urlTemplate":"https:\/\/crocjeux.com\/?s={search_term_string}"},"query-input":{"@type":"PropertyValueSpecification","valueRequired":true,"valueName":"search_term_string"}}],"inLanguage":"fr-FR"},{"@type":"Organization","@id":"https:\/\/crocjeux.com\/#organization","name":"Croc Jeux","url":"https:\/\/crocjeux.com\/","logo":{"@type":"ImageObject","inLanguage":"fr-FR","@id":"https:\/\/crocjeux.com\/#\/schema\/logo\/image\/","url":"https:\/\/crocjeux.com\/wp-content\/uploads\/2022\/01\/cropped-logo-croc-etape-1-e1644574034239.jpg","contentUrl":"https:\/\/crocjeux.com\/wp-content\/uploads\/2022\/01\/cropped-logo-croc-etape-1-e1644574034239.jpg","width":1224,"height":314,"caption":"Croc Jeux"},"image":{"@id":"https:\/\/crocjeux.com\/#\/schema\/logo\/image\/"}}]}},"_links":{"self":[{"href":"https:\/\/crocjeux.com\/index.php\/wp-json\/wp\/v2\/product\/4588","targetHints":{"allow":["GET"]}}],"collection":[{"href":"https:\/\/crocjeux.com\/index.php\/wp-json\/wp\/v2\/product"}],"about":[{"href":"https:\/\/crocjeux.com\/index.php\/wp-json\/wp\/v2\/types\/product"}],"replies":[{"embeddable":true,"href":"https:\/\/crocjeux.com\/index.php\/wp-json\/wp\/v2\/comments?post=4588"}],"wp:featuredmedia":[{"embeddable":true,"href":"https:\/\/crocjeux.com\/index.php\/wp-json\/wp\/v2\/media\/4589"}],"wp:attachment":[{"href":"https:\/\/crocjeux.com\/index.php\/wp-json\/wp\/v2\/media?parent=4588"}],"wp:term":[{"taxonomy":"product_brand","embeddable":true,"href":"https:\/\/crocjeux.com\/index.php\/wp-json\/wp\/v2\/product_brand?post=4588"},{"taxonomy":"product_cat","embeddable":true,"href":"https:\/\/crocjeux.com\/index.php\/wp-json\/wp\/v2\/product_cat?post=4588"},{"taxonomy":"product_tag","embeddable":true,"href":"https:\/\/crocjeux.com\/index.php\/wp-json\/wp\/v2\/product_tag?post=4588"}],"curies":[{"name":"wp","href":"https:\/\/api.w.org\/{rel}","templated":true}]}}