{"id":4608,"date":"2023-02-02T14:47:11","date_gmt":"2023-02-02T13:47:11","guid":{"rendered":"https:\/\/crocjeux.com\/?post_type=product&#038;p=4608"},"modified":"2023-02-02T14:51:13","modified_gmt":"2023-02-02T13:51:13","slug":"les-aventuriers-du-rail-extension-europa-1912","status":"publish","type":"product","link":"https:\/\/crocjeux.com\/index.php\/produit\/les-aventuriers-du-rail-extension-europa-1912\/","title":{"rendered":"Les Aventuriers du Rail &#8211; Extension Europa 1912"},"content":{"rendered":"<h2>1912, une extension pour Les Aventuriers du Rail<\/h2>\n<p>Red\u00e9couvrez l\u2019univers des Aventuriers du Rail Europe sous un autre jour avec cette extension qui vous propose de nouvelles cartes Destination et des variantes, ainsi que de nouveaux \u00e9l\u00e9ments de jeu : les Entrep\u00f4ts et les D\u00e9p\u00f4ts !<\/p>\n<h2>Contenu de l&rsquo;extension<\/h2>\n<p>L\u2019extension Les Aventuriers du Rail : Europe 1912 contient 101 cartes Destination : les 46 cartes d\u2019origine, plus 55 nouvelles qui permettent de jouer avec 3 variantes sur le plateau Europe : Europe \u2013 version \u00e9tendue, qui m\u00e9lange les 46 cartes Destination originales avec 19 nouvelles ; Big Cities Europe, qui se joue avec des cartes Destination menant uniquement \u00e0 neuf grandes villes d\u2019Europe ; et M\u00e9ga Jeu Europe, jou\u00e9 avec l\u2019int\u00e9gralit\u00e9 des cartes Destination (anciennes + nouvelles).<\/p>\n<h2>Les Entrep\u00f4ts et les D\u00e9p\u00f4ts<\/h2>\n<p>L\u2019extension introduit aussi la nouvelle r\u00e8gle des Entrep\u00f4ts &amp; D\u00e9p\u00f4ts, deux \u00e9l\u00e9ments de jeu qui renouvellent les strat\u00e9gies et tactiques de jeu \u00e9labor\u00e9es \u00e0 ce jour, et compatibles avec toutes les versions des Aventuriers du Rail ! En d\u00e9but de partie, chaque joueur pose un D\u00e9p\u00f4t sur la ville de son choix. Par la suite, lorsqu\u2019un joueur choisit de piocher de nouvelles cartes Wagon, il doit d\u2019abord en piocher une et la placer dans l\u2019Entrep\u00f4t de son choix (chaque joueur poss\u00e8de un Entrep\u00f4t). Lorsqu\u2019un joueur prend possession d\u2019une route qui m\u00e8ne \u00e0 un D\u00e9p\u00f4t, il peut prendre toutes les cartes qui se trouvent dans l\u2019Entrep\u00f4t du joueur \u00e0 qui appartient le D\u00e9p\u00f4t ! Il faudra donc judicieusement placer vos D\u00e9p\u00f4ts et alimenter suffisamment les Entrep\u00f4ts des diff\u00e9rents joueurs pour remporter la victoire\u2026<\/p>\n<p>Les Entrep\u00f4ts et D\u00e9p\u00f4ts sont compatibles avec toute version des Aventuriers du Rail. Les nouvelles cartes Destination ne peuvent \u00eatre utilis\u00e9es qu\u2019avec le plateau Europe.<\/p>\n","protected":false},"excerpt":{"rendered":"<p>Avec l&rsquo;extension 1912, red\u00e9couvrez l&rsquo;univers des Aventuriers du Rail Europe sous un autre jour. 1912 vous propose de nouvelles cartes Destination et des variantes, ainsi que de nouveaux \u00e9l\u00e9ments de jeu : les Entrep\u00f4ts et les D\u00e9p\u00f4ts !<\/p>\n","protected":false},"featured_media":4609,"comment_status":"open","ping_status":"closed","template":"","meta":{"colormag_page_container_layout":"default_layout","colormag_page_sidebar_layout":"default_layout"},"product_brand":[],"product_cat":[69,91,92],"product_tag":[],"class_list":{"0":"post-4608","1":"product","2":"type-product","3":"status-publish","4":"has-post-thumbnail","6":"product_cat-aventuriers-du-rail-jouez-a-deux","7":"product_cat-aventuriers-du-rail-jeux-strategie","8":"product_cat-aventuriers-du-rail-jeux-familliaux","10":"first","11":"instock","12":"taxable","13":"shipping-taxable","14":"purchasable","15":"product-type-simple"},"yoast_head":"<!-- This site is optimized with the Yoast SEO plugin v27.4 - https:\/\/yoast.com\/product\/yoast-seo-wordpress\/ -->\n<title>Les Aventuriers du Rail - Extension Europa 1912 - Croc Jeux<\/title>\n<meta name=\"description\" content=\"Avec l&#039;extension 1912, red\u00e9couvrez l&#039;univers des Aventuriers du Rail Europe sous un autre jour. 1912 vous propose de nouvelles cartes Destination et des variantes, ainsi que de nouveaux \u00e9l\u00e9ments de jeu : les Entrep\u00f4ts et les D\u00e9p\u00f4ts !\" \/>\n<meta name=\"robots\" content=\"index, follow, max-snippet:-1, max-image-preview:large, max-video-preview:-1\" \/>\n<link rel=\"canonical\" href=\"https:\/\/crocjeux.com\/index.php\/produit\/les-aventuriers-du-rail-extension-europa-1912\/\" \/>\n<meta property=\"og:locale\" content=\"fr_FR\" \/>\n<meta property=\"og:type\" content=\"article\" \/>\n<meta property=\"og:title\" content=\"Les Aventuriers du Rail - Extension Europa 1912 - Croc Jeux\" \/>\n<meta property=\"og:description\" content=\"Avec l&#039;extension 1912, red\u00e9couvrez l&#039;univers des Aventuriers du Rail Europe sous un autre jour. 1912 vous propose de nouvelles cartes Destination et des variantes, ainsi que de nouveaux \u00e9l\u00e9ments de jeu : les Entrep\u00f4ts et les D\u00e9p\u00f4ts !\" \/>\n<meta property=\"og:url\" content=\"https:\/\/crocjeux.com\/index.php\/produit\/les-aventuriers-du-rail-extension-europa-1912\/\" \/>\n<meta property=\"og:site_name\" content=\"Croc Jeux\" \/>\n<meta property=\"article:modified_time\" content=\"2023-02-02T13:51:13+00:00\" \/>\n<meta property=\"og:image\" content=\"https:\/\/crocjeux.com\/wp-content\/uploads\/2023\/02\/aventuriers-du-rail-extension-1912-les.webp\" \/>\n\t<meta property=\"og:image:width\" content=\"372\" \/>\n\t<meta property=\"og:image:height\" content=\"372\" \/>\n\t<meta property=\"og:image:type\" content=\"image\/webp\" \/>\n<meta name=\"twitter:card\" content=\"summary_large_image\" \/>\n<meta name=\"twitter:label1\" content=\"Dur\u00e9e de lecture estim\u00e9e\" \/>\n\t<meta name=\"twitter:data1\" content=\"2 minutes\" \/>\n<script type=\"application\/ld+json\" class=\"yoast-schema-graph\">{\"@context\":\"https:\\\/\\\/schema.org\",\"@graph\":[{\"@type\":\"WebPage\",\"@id\":\"https:\\\/\\\/crocjeux.com\\\/index.php\\\/produit\\\/les-aventuriers-du-rail-extension-europa-1912\\\/\",\"url\":\"https:\\\/\\\/crocjeux.com\\\/index.php\\\/produit\\\/les-aventuriers-du-rail-extension-europa-1912\\\/\",\"name\":\"Les Aventuriers du Rail - Extension Europa 1912 - Croc Jeux\",\"isPartOf\":{\"@id\":\"https:\\\/\\\/crocjeux.com\\\/#website\"},\"primaryImageOfPage\":{\"@id\":\"https:\\\/\\\/crocjeux.com\\\/index.php\\\/produit\\\/les-aventuriers-du-rail-extension-europa-1912\\\/#primaryimage\"},\"image\":{\"@id\":\"https:\\\/\\\/crocjeux.com\\\/index.php\\\/produit\\\/les-aventuriers-du-rail-extension-europa-1912\\\/#primaryimage\"},\"thumbnailUrl\":\"https:\\\/\\\/crocjeux.com\\\/wp-content\\\/uploads\\\/2023\\\/02\\\/aventuriers-du-rail-extension-1912-les.webp\",\"datePublished\":\"2023-02-02T13:47:11+00:00\",\"dateModified\":\"2023-02-02T13:51:13+00:00\",\"description\":\"Avec l'extension 1912, red\u00e9couvrez l'univers des Aventuriers du Rail Europe sous un autre jour. 1912 vous propose de nouvelles cartes Destination et des variantes, ainsi que de nouveaux \u00e9l\u00e9ments de jeu : les Entrep\u00f4ts et les D\u00e9p\u00f4ts !\",\"breadcrumb\":{\"@id\":\"https:\\\/\\\/crocjeux.com\\\/index.php\\\/produit\\\/les-aventuriers-du-rail-extension-europa-1912\\\/#breadcrumb\"},\"inLanguage\":\"fr-FR\",\"potentialAction\":[{\"@type\":\"ReadAction\",\"target\":[\"https:\\\/\\\/crocjeux.com\\\/index.php\\\/produit\\\/les-aventuriers-du-rail-extension-europa-1912\\\/\"]}]},{\"@type\":\"ImageObject\",\"inLanguage\":\"fr-FR\",\"@id\":\"https:\\\/\\\/crocjeux.com\\\/index.php\\\/produit\\\/les-aventuriers-du-rail-extension-europa-1912\\\/#primaryimage\",\"url\":\"https:\\\/\\\/crocjeux.com\\\/wp-content\\\/uploads\\\/2023\\\/02\\\/aventuriers-du-rail-extension-1912-les.webp\",\"contentUrl\":\"https:\\\/\\\/crocjeux.com\\\/wp-content\\\/uploads\\\/2023\\\/02\\\/aventuriers-du-rail-extension-1912-les.webp\",\"width\":372,\"height\":372},{\"@type\":\"BreadcrumbList\",\"@id\":\"https:\\\/\\\/crocjeux.com\\\/index.php\\\/produit\\\/les-aventuriers-du-rail-extension-europa-1912\\\/#breadcrumb\",\"itemListElement\":[{\"@type\":\"ListItem\",\"position\":1,\"name\":\"Accueil\",\"item\":\"https:\\\/\\\/crocjeux.com\\\/\"},{\"@type\":\"ListItem\",\"position\":2,\"name\":\"Boutique\",\"item\":\"https:\\\/\\\/crocjeux.com\\\/\"},{\"@type\":\"ListItem\",\"position\":3,\"name\":\"Les Aventuriers du Rail &#8211; Extension Europa 1912\"}]},{\"@type\":\"WebSite\",\"@id\":\"https:\\\/\\\/crocjeux.com\\\/#website\",\"url\":\"https:\\\/\\\/crocjeux.com\\\/\",\"name\":\"Croc Jeux\",\"description\":\"Bienvenue chez Croc Jeux!\",\"publisher\":{\"@id\":\"https:\\\/\\\/crocjeux.com\\\/#organization\"},\"potentialAction\":[{\"@type\":\"SearchAction\",\"target\":{\"@type\":\"EntryPoint\",\"urlTemplate\":\"https:\\\/\\\/crocjeux.com\\\/?s={search_term_string}\"},\"query-input\":{\"@type\":\"PropertyValueSpecification\",\"valueRequired\":true,\"valueName\":\"search_term_string\"}}],\"inLanguage\":\"fr-FR\"},{\"@type\":\"Organization\",\"@id\":\"https:\\\/\\\/crocjeux.com\\\/#organization\",\"name\":\"Croc Jeux\",\"url\":\"https:\\\/\\\/crocjeux.com\\\/\",\"logo\":{\"@type\":\"ImageObject\",\"inLanguage\":\"fr-FR\",\"@id\":\"https:\\\/\\\/crocjeux.com\\\/#\\\/schema\\\/logo\\\/image\\\/\",\"url\":\"https:\\\/\\\/crocjeux.com\\\/wp-content\\\/uploads\\\/2022\\\/01\\\/cropped-logo-croc-etape-1-e1644574034239.jpg\",\"contentUrl\":\"https:\\\/\\\/crocjeux.com\\\/wp-content\\\/uploads\\\/2022\\\/01\\\/cropped-logo-croc-etape-1-e1644574034239.jpg\",\"width\":1224,\"height\":314,\"caption\":\"Croc Jeux\"},\"image\":{\"@id\":\"https:\\\/\\\/crocjeux.com\\\/#\\\/schema\\\/logo\\\/image\\\/\"}}]}<\/script>\n<!-- \/ Yoast SEO plugin. -->","yoast_head_json":{"title":"Les Aventuriers du Rail - Extension Europa 1912 - Croc Jeux","description":"Avec l'extension 1912, red\u00e9couvrez l'univers des Aventuriers du Rail Europe sous un autre jour. 1912 vous propose de nouvelles cartes Destination et des variantes, ainsi que de nouveaux \u00e9l\u00e9ments de jeu : les Entrep\u00f4ts et les D\u00e9p\u00f4ts !","robots":{"index":"index","follow":"follow","max-snippet":"max-snippet:-1","max-image-preview":"max-image-preview:large","max-video-preview":"max-video-preview:-1"},"canonical":"https:\/\/crocjeux.com\/index.php\/produit\/les-aventuriers-du-rail-extension-europa-1912\/","og_locale":"fr_FR","og_type":"article","og_title":"Les Aventuriers du Rail - Extension Europa 1912 - Croc Jeux","og_description":"Avec l'extension 1912, red\u00e9couvrez l'univers des Aventuriers du Rail Europe sous un autre jour. 1912 vous propose de nouvelles cartes Destination et des variantes, ainsi que de nouveaux \u00e9l\u00e9ments de jeu : les Entrep\u00f4ts et les D\u00e9p\u00f4ts !","og_url":"https:\/\/crocjeux.com\/index.php\/produit\/les-aventuriers-du-rail-extension-europa-1912\/","og_site_name":"Croc Jeux","article_modified_time":"2023-02-02T13:51:13+00:00","og_image":[{"width":372,"height":372,"url":"https:\/\/crocjeux.com\/wp-content\/uploads\/2023\/02\/aventuriers-du-rail-extension-1912-les.webp","type":"image\/webp"}],"twitter_card":"summary_large_image","twitter_misc":{"Dur\u00e9e de lecture estim\u00e9e":"2 minutes"},"schema":{"@context":"https:\/\/schema.org","@graph":[{"@type":"WebPage","@id":"https:\/\/crocjeux.com\/index.php\/produit\/les-aventuriers-du-rail-extension-europa-1912\/","url":"https:\/\/crocjeux.com\/index.php\/produit\/les-aventuriers-du-rail-extension-europa-1912\/","name":"Les Aventuriers du Rail - Extension Europa 1912 - Croc Jeux","isPartOf":{"@id":"https:\/\/crocjeux.com\/#website"},"primaryImageOfPage":{"@id":"https:\/\/crocjeux.com\/index.php\/produit\/les-aventuriers-du-rail-extension-europa-1912\/#primaryimage"},"image":{"@id":"https:\/\/crocjeux.com\/index.php\/produit\/les-aventuriers-du-rail-extension-europa-1912\/#primaryimage"},"thumbnailUrl":"https:\/\/crocjeux.com\/wp-content\/uploads\/2023\/02\/aventuriers-du-rail-extension-1912-les.webp","datePublished":"2023-02-02T13:47:11+00:00","dateModified":"2023-02-02T13:51:13+00:00","description":"Avec l'extension 1912, red\u00e9couvrez l'univers des Aventuriers du Rail Europe sous un autre jour. 1912 vous propose de nouvelles cartes Destination et des variantes, ainsi que de nouveaux \u00e9l\u00e9ments de jeu : les Entrep\u00f4ts et les D\u00e9p\u00f4ts !","breadcrumb":{"@id":"https:\/\/crocjeux.com\/index.php\/produit\/les-aventuriers-du-rail-extension-europa-1912\/#breadcrumb"},"inLanguage":"fr-FR","potentialAction":[{"@type":"ReadAction","target":["https:\/\/crocjeux.com\/index.php\/produit\/les-aventuriers-du-rail-extension-europa-1912\/"]}]},{"@type":"ImageObject","inLanguage":"fr-FR","@id":"https:\/\/crocjeux.com\/index.php\/produit\/les-aventuriers-du-rail-extension-europa-1912\/#primaryimage","url":"https:\/\/crocjeux.com\/wp-content\/uploads\/2023\/02\/aventuriers-du-rail-extension-1912-les.webp","contentUrl":"https:\/\/crocjeux.com\/wp-content\/uploads\/2023\/02\/aventuriers-du-rail-extension-1912-les.webp","width":372,"height":372},{"@type":"BreadcrumbList","@id":"https:\/\/crocjeux.com\/index.php\/produit\/les-aventuriers-du-rail-extension-europa-1912\/#breadcrumb","itemListElement":[{"@type":"ListItem","position":1,"name":"Accueil","item":"https:\/\/crocjeux.com\/"},{"@type":"ListItem","position":2,"name":"Boutique","item":"https:\/\/crocjeux.com\/"},{"@type":"ListItem","position":3,"name":"Les Aventuriers du Rail &#8211; Extension Europa 1912"}]},{"@type":"WebSite","@id":"https:\/\/crocjeux.com\/#website","url":"https:\/\/crocjeux.com\/","name":"Croc Jeux","description":"Bienvenue chez Croc Jeux!","publisher":{"@id":"https:\/\/crocjeux.com\/#organization"},"potentialAction":[{"@type":"SearchAction","target":{"@type":"EntryPoint","urlTemplate":"https:\/\/crocjeux.com\/?s={search_term_string}"},"query-input":{"@type":"PropertyValueSpecification","valueRequired":true,"valueName":"search_term_string"}}],"inLanguage":"fr-FR"},{"@type":"Organization","@id":"https:\/\/crocjeux.com\/#organization","name":"Croc Jeux","url":"https:\/\/crocjeux.com\/","logo":{"@type":"ImageObject","inLanguage":"fr-FR","@id":"https:\/\/crocjeux.com\/#\/schema\/logo\/image\/","url":"https:\/\/crocjeux.com\/wp-content\/uploads\/2022\/01\/cropped-logo-croc-etape-1-e1644574034239.jpg","contentUrl":"https:\/\/crocjeux.com\/wp-content\/uploads\/2022\/01\/cropped-logo-croc-etape-1-e1644574034239.jpg","width":1224,"height":314,"caption":"Croc Jeux"},"image":{"@id":"https:\/\/crocjeux.com\/#\/schema\/logo\/image\/"}}]}},"_links":{"self":[{"href":"https:\/\/crocjeux.com\/index.php\/wp-json\/wp\/v2\/product\/4608","targetHints":{"allow":["GET"]}}],"collection":[{"href":"https:\/\/crocjeux.com\/index.php\/wp-json\/wp\/v2\/product"}],"about":[{"href":"https:\/\/crocjeux.com\/index.php\/wp-json\/wp\/v2\/types\/product"}],"replies":[{"embeddable":true,"href":"https:\/\/crocjeux.com\/index.php\/wp-json\/wp\/v2\/comments?post=4608"}],"wp:featuredmedia":[{"embeddable":true,"href":"https:\/\/crocjeux.com\/index.php\/wp-json\/wp\/v2\/media\/4609"}],"wp:attachment":[{"href":"https:\/\/crocjeux.com\/index.php\/wp-json\/wp\/v2\/media?parent=4608"}],"wp:term":[{"taxonomy":"product_brand","embeddable":true,"href":"https:\/\/crocjeux.com\/index.php\/wp-json\/wp\/v2\/product_brand?post=4608"},{"taxonomy":"product_cat","embeddable":true,"href":"https:\/\/crocjeux.com\/index.php\/wp-json\/wp\/v2\/product_cat?post=4608"},{"taxonomy":"product_tag","embeddable":true,"href":"https:\/\/crocjeux.com\/index.php\/wp-json\/wp\/v2\/product_tag?post=4608"}],"curies":[{"name":"wp","href":"https:\/\/api.w.org\/{rel}","templated":true}]}}