{"id":4642,"date":"2023-02-03T10:58:57","date_gmt":"2023-02-03T09:58:57","guid":{"rendered":"https:\/\/crocjeux.com\/?post_type=product&#038;p=4642"},"modified":"2023-02-03T10:59:12","modified_gmt":"2023-02-03T09:59:12","slug":"colt-express-convoyeurs-train-blinde","status":"publish","type":"product","link":"https:\/\/crocjeux.com\/index.php\/produit\/colt-express-convoyeurs-train-blinde\/","title":{"rendered":"Colt Express: Convoyeurs &#038; Train Blind\u00e9"},"content":{"rendered":"<p>Quand le train de Colt Express croise celui de l\u2019Union Pacific qui transporte de pr\u00e9cieux documents top secrets, nos c\u00e9l\u00e8bres bandits n\u2019h\u00e9sitent pas une seconde\u2026 Ils sautent d\u2019un train \u00e0 l\u2019autre et jouent en \u00e9quipe pour tenter de les d\u00e9rober. Mais attention, les shotguns rodent et la Gatling sur le toit ne laisse rien pr\u00e9sager de bon<\/p>\n<h2>Cette extension de Colt Express apporte son lot de nouveaut\u00e9s !<\/h2>\n<div>Un deuxi\u00e8me train 3D avec des wagons sp\u00e9ciaux, 2 nouveaux bandits leurs nouveaux pouvoirs, un double mode par \u00e9quipe avec ou sans trahison, et un Bandit IA pour vous permettre de jouer m\u00eame lorsque vous \u00eates en nombre impair. Mais surtout, elle apporte une super dose de fun ! Rire assur\u00e9.<\/div>\n<h3>Le jeu en \u00e9quipe<\/h3>\n<p>Dans\u00a0Colt Express : Convoyeurs &amp; Train blind\u00e9, deux modes par \u00e9quipe sont possibles, un premier o\u00f9 tous les bandits de l\u2019\u00e9quipe la plus riche remportent et un deuxi\u00e8me o\u00f9 vous pouvez choisir de trahir votre \u00e9quipe avec une carte derni\u00e8re manche surprise !<\/p>\n<h3>Le nouvelle action Coup de pouce<\/h3>\n<p>Maintenant que vous avez des co\u00e9quipiers, vous allez surement avoir envie de les aider \u00e0 un moment donn\u00e9. C\u2019est \u00e0 ce moment-l\u00e0 que vous jouerez la carte Coup de pouce. Choisissez une des actions de base (d\u00e9placement, changement d\u2019\u00e9tage, tir, coup de poing ou braquage) et offrez-la \u00e0 votre Bandit pr\u00e9f\u00e9r\u00e9 qui d\u00e9cide de la r\u00e9aliser \u2013 ou pas \u2013 de la mani\u00e8re qu\u2019il veut !<\/p>\n<h3>Trois nouveaux bandits<\/h3>\n<div>\n<ul>\n<li>Twinzz: Lors d\u2019un tour de tunnel vous devez jouer deux cartes face visible \u00e0 la place d\u2019une face cach\u00e9e.<\/li>\n<li>Misty: Les cartes Blessure de votre main sont consid\u00e9r\u00e9es comme des cartes Coups de poing.<\/li>\n<li>Il Professore: Ce personnage n\u2019est pas un Bandit comme les autres, c\u2019est un automate qui sera g\u00e9r\u00e9 par l\u2019un des joueurs. Il vient pr\u00eater main forte \u00e0 l\u2019\u00e9quipe en sous-effectif.<\/li>\n<\/ul>\n<\/div>\n<p>Le but reste bien sur le m\u00eame : devenir le plus riche du Far West !<\/p>\n","protected":false},"excerpt":{"rendered":"<p>Convoyeurs &amp; Train blind\u00e9 est une extension pour le jeu Col Express.<\/p>\n","protected":false},"featured_media":4643,"comment_status":"open","ping_status":"closed","template":"","meta":{"colormag_page_container_layout":"default_layout","colormag_page_sidebar_layout":"default_layout"},"product_brand":[],"product_cat":[71,87,88,18,36],"product_tag":[],"class_list":{"0":"post-4642","1":"product","2":"type-product","3":"status-publish","4":"has-post-thumbnail","6":"product_cat-colt-express-jeux-a-deux","7":"product_cat-colt-express-jeux-familliaux","8":"product_cat-colt-express-jeux-strategie","9":"product_cat-jeux-de-strategie","10":"product_cat-jeux-familiaux","12":"first","13":"instock","14":"taxable","15":"shipping-taxable","16":"purchasable","17":"product-type-simple"},"yoast_head":"<!-- This site is optimized with the Yoast SEO plugin v27.3 - https:\/\/yoast.com\/product\/yoast-seo-wordpress\/ -->\n<title>Colt Express: Convoyeurs &amp; Train Blind\u00e9 - Croc Jeux<\/title>\n<meta name=\"description\" content=\"Convoyeurs &amp; Train blind\u00e9 est une extension pour le jeu Col Express.\" \/>\n<meta name=\"robots\" content=\"index, follow, max-snippet:-1, max-image-preview:large, max-video-preview:-1\" \/>\n<link rel=\"canonical\" href=\"https:\/\/crocjeux.com\/index.php\/produit\/colt-express-convoyeurs-train-blinde\/\" \/>\n<meta property=\"og:locale\" content=\"fr_FR\" \/>\n<meta property=\"og:type\" content=\"article\" \/>\n<meta property=\"og:title\" content=\"Colt Express: Convoyeurs &amp; Train Blind\u00e9 - Croc Jeux\" \/>\n<meta property=\"og:description\" content=\"Convoyeurs &amp; Train blind\u00e9 est une extension pour le jeu Col Express.\" \/>\n<meta property=\"og:url\" content=\"https:\/\/crocjeux.com\/index.php\/produit\/colt-express-convoyeurs-train-blinde\/\" \/>\n<meta property=\"og:site_name\" content=\"Croc Jeux\" \/>\n<meta property=\"article:modified_time\" content=\"2023-02-03T09:59:12+00:00\" \/>\n<meta property=\"og:image\" content=\"https:\/\/crocjeux.com\/wp-content\/uploads\/2023\/02\/colt-express-convoyeurs-train-blinde.webp\" \/>\n\t<meta property=\"og:image:width\" content=\"372\" \/>\n\t<meta property=\"og:image:height\" content=\"372\" \/>\n\t<meta property=\"og:image:type\" content=\"image\/webp\" \/>\n<meta name=\"twitter:card\" content=\"summary_large_image\" \/>\n<meta name=\"twitter:label1\" content=\"Dur\u00e9e de lecture estim\u00e9e\" \/>\n\t<meta name=\"twitter:data1\" content=\"2 minutes\" \/>\n<script type=\"application\/ld+json\" class=\"yoast-schema-graph\">{\"@context\":\"https:\\\/\\\/schema.org\",\"@graph\":[{\"@type\":\"WebPage\",\"@id\":\"https:\\\/\\\/crocjeux.com\\\/index.php\\\/produit\\\/colt-express-convoyeurs-train-blinde\\\/\",\"url\":\"https:\\\/\\\/crocjeux.com\\\/index.php\\\/produit\\\/colt-express-convoyeurs-train-blinde\\\/\",\"name\":\"Colt Express: Convoyeurs & Train Blind\u00e9 - Croc Jeux\",\"isPartOf\":{\"@id\":\"https:\\\/\\\/crocjeux.com\\\/#website\"},\"primaryImageOfPage\":{\"@id\":\"https:\\\/\\\/crocjeux.com\\\/index.php\\\/produit\\\/colt-express-convoyeurs-train-blinde\\\/#primaryimage\"},\"image\":{\"@id\":\"https:\\\/\\\/crocjeux.com\\\/index.php\\\/produit\\\/colt-express-convoyeurs-train-blinde\\\/#primaryimage\"},\"thumbnailUrl\":\"https:\\\/\\\/crocjeux.com\\\/wp-content\\\/uploads\\\/2023\\\/02\\\/colt-express-convoyeurs-train-blinde.webp\",\"datePublished\":\"2023-02-03T09:58:57+00:00\",\"dateModified\":\"2023-02-03T09:59:12+00:00\",\"description\":\"Convoyeurs & Train blind\u00e9 est une extension pour le jeu Col Express.\",\"breadcrumb\":{\"@id\":\"https:\\\/\\\/crocjeux.com\\\/index.php\\\/produit\\\/colt-express-convoyeurs-train-blinde\\\/#breadcrumb\"},\"inLanguage\":\"fr-FR\",\"potentialAction\":[{\"@type\":\"ReadAction\",\"target\":[\"https:\\\/\\\/crocjeux.com\\\/index.php\\\/produit\\\/colt-express-convoyeurs-train-blinde\\\/\"]}]},{\"@type\":\"ImageObject\",\"inLanguage\":\"fr-FR\",\"@id\":\"https:\\\/\\\/crocjeux.com\\\/index.php\\\/produit\\\/colt-express-convoyeurs-train-blinde\\\/#primaryimage\",\"url\":\"https:\\\/\\\/crocjeux.com\\\/wp-content\\\/uploads\\\/2023\\\/02\\\/colt-express-convoyeurs-train-blinde.webp\",\"contentUrl\":\"https:\\\/\\\/crocjeux.com\\\/wp-content\\\/uploads\\\/2023\\\/02\\\/colt-express-convoyeurs-train-blinde.webp\",\"width\":372,\"height\":372},{\"@type\":\"BreadcrumbList\",\"@id\":\"https:\\\/\\\/crocjeux.com\\\/index.php\\\/produit\\\/colt-express-convoyeurs-train-blinde\\\/#breadcrumb\",\"itemListElement\":[{\"@type\":\"ListItem\",\"position\":1,\"name\":\"Accueil\",\"item\":\"https:\\\/\\\/crocjeux.com\\\/\"},{\"@type\":\"ListItem\",\"position\":2,\"name\":\"Boutique\",\"item\":\"https:\\\/\\\/crocjeux.com\\\/\"},{\"@type\":\"ListItem\",\"position\":3,\"name\":\"Colt Express: Convoyeurs &#038; Train Blind\u00e9\"}]},{\"@type\":\"WebSite\",\"@id\":\"https:\\\/\\\/crocjeux.com\\\/#website\",\"url\":\"https:\\\/\\\/crocjeux.com\\\/\",\"name\":\"Croc Jeux\",\"description\":\"Bienvenue chez Croc Jeux!\",\"publisher\":{\"@id\":\"https:\\\/\\\/crocjeux.com\\\/#organization\"},\"potentialAction\":[{\"@type\":\"SearchAction\",\"target\":{\"@type\":\"EntryPoint\",\"urlTemplate\":\"https:\\\/\\\/crocjeux.com\\\/?s={search_term_string}\"},\"query-input\":{\"@type\":\"PropertyValueSpecification\",\"valueRequired\":true,\"valueName\":\"search_term_string\"}}],\"inLanguage\":\"fr-FR\"},{\"@type\":\"Organization\",\"@id\":\"https:\\\/\\\/crocjeux.com\\\/#organization\",\"name\":\"Croc Jeux\",\"url\":\"https:\\\/\\\/crocjeux.com\\\/\",\"logo\":{\"@type\":\"ImageObject\",\"inLanguage\":\"fr-FR\",\"@id\":\"https:\\\/\\\/crocjeux.com\\\/#\\\/schema\\\/logo\\\/image\\\/\",\"url\":\"https:\\\/\\\/crocjeux.com\\\/wp-content\\\/uploads\\\/2022\\\/01\\\/cropped-logo-croc-etape-1-e1644574034239.jpg\",\"contentUrl\":\"https:\\\/\\\/crocjeux.com\\\/wp-content\\\/uploads\\\/2022\\\/01\\\/cropped-logo-croc-etape-1-e1644574034239.jpg\",\"width\":1224,\"height\":314,\"caption\":\"Croc Jeux\"},\"image\":{\"@id\":\"https:\\\/\\\/crocjeux.com\\\/#\\\/schema\\\/logo\\\/image\\\/\"}}]}<\/script>\n<!-- \/ Yoast SEO plugin. -->","yoast_head_json":{"title":"Colt Express: Convoyeurs & Train Blind\u00e9 - Croc Jeux","description":"Convoyeurs & Train blind\u00e9 est une extension pour le jeu Col Express.","robots":{"index":"index","follow":"follow","max-snippet":"max-snippet:-1","max-image-preview":"max-image-preview:large","max-video-preview":"max-video-preview:-1"},"canonical":"https:\/\/crocjeux.com\/index.php\/produit\/colt-express-convoyeurs-train-blinde\/","og_locale":"fr_FR","og_type":"article","og_title":"Colt Express: Convoyeurs & Train Blind\u00e9 - Croc Jeux","og_description":"Convoyeurs & Train blind\u00e9 est une extension pour le jeu Col Express.","og_url":"https:\/\/crocjeux.com\/index.php\/produit\/colt-express-convoyeurs-train-blinde\/","og_site_name":"Croc Jeux","article_modified_time":"2023-02-03T09:59:12+00:00","og_image":[{"width":372,"height":372,"url":"https:\/\/crocjeux.com\/wp-content\/uploads\/2023\/02\/colt-express-convoyeurs-train-blinde.webp","type":"image\/webp"}],"twitter_card":"summary_large_image","twitter_misc":{"Dur\u00e9e de lecture estim\u00e9e":"2 minutes"},"schema":{"@context":"https:\/\/schema.org","@graph":[{"@type":"WebPage","@id":"https:\/\/crocjeux.com\/index.php\/produit\/colt-express-convoyeurs-train-blinde\/","url":"https:\/\/crocjeux.com\/index.php\/produit\/colt-express-convoyeurs-train-blinde\/","name":"Colt Express: Convoyeurs & Train Blind\u00e9 - Croc Jeux","isPartOf":{"@id":"https:\/\/crocjeux.com\/#website"},"primaryImageOfPage":{"@id":"https:\/\/crocjeux.com\/index.php\/produit\/colt-express-convoyeurs-train-blinde\/#primaryimage"},"image":{"@id":"https:\/\/crocjeux.com\/index.php\/produit\/colt-express-convoyeurs-train-blinde\/#primaryimage"},"thumbnailUrl":"https:\/\/crocjeux.com\/wp-content\/uploads\/2023\/02\/colt-express-convoyeurs-train-blinde.webp","datePublished":"2023-02-03T09:58:57+00:00","dateModified":"2023-02-03T09:59:12+00:00","description":"Convoyeurs & Train blind\u00e9 est une extension pour le jeu Col Express.","breadcrumb":{"@id":"https:\/\/crocjeux.com\/index.php\/produit\/colt-express-convoyeurs-train-blinde\/#breadcrumb"},"inLanguage":"fr-FR","potentialAction":[{"@type":"ReadAction","target":["https:\/\/crocjeux.com\/index.php\/produit\/colt-express-convoyeurs-train-blinde\/"]}]},{"@type":"ImageObject","inLanguage":"fr-FR","@id":"https:\/\/crocjeux.com\/index.php\/produit\/colt-express-convoyeurs-train-blinde\/#primaryimage","url":"https:\/\/crocjeux.com\/wp-content\/uploads\/2023\/02\/colt-express-convoyeurs-train-blinde.webp","contentUrl":"https:\/\/crocjeux.com\/wp-content\/uploads\/2023\/02\/colt-express-convoyeurs-train-blinde.webp","width":372,"height":372},{"@type":"BreadcrumbList","@id":"https:\/\/crocjeux.com\/index.php\/produit\/colt-express-convoyeurs-train-blinde\/#breadcrumb","itemListElement":[{"@type":"ListItem","position":1,"name":"Accueil","item":"https:\/\/crocjeux.com\/"},{"@type":"ListItem","position":2,"name":"Boutique","item":"https:\/\/crocjeux.com\/"},{"@type":"ListItem","position":3,"name":"Colt Express: Convoyeurs &#038; Train Blind\u00e9"}]},{"@type":"WebSite","@id":"https:\/\/crocjeux.com\/#website","url":"https:\/\/crocjeux.com\/","name":"Croc Jeux","description":"Bienvenue chez Croc Jeux!","publisher":{"@id":"https:\/\/crocjeux.com\/#organization"},"potentialAction":[{"@type":"SearchAction","target":{"@type":"EntryPoint","urlTemplate":"https:\/\/crocjeux.com\/?s={search_term_string}"},"query-input":{"@type":"PropertyValueSpecification","valueRequired":true,"valueName":"search_term_string"}}],"inLanguage":"fr-FR"},{"@type":"Organization","@id":"https:\/\/crocjeux.com\/#organization","name":"Croc Jeux","url":"https:\/\/crocjeux.com\/","logo":{"@type":"ImageObject","inLanguage":"fr-FR","@id":"https:\/\/crocjeux.com\/#\/schema\/logo\/image\/","url":"https:\/\/crocjeux.com\/wp-content\/uploads\/2022\/01\/cropped-logo-croc-etape-1-e1644574034239.jpg","contentUrl":"https:\/\/crocjeux.com\/wp-content\/uploads\/2022\/01\/cropped-logo-croc-etape-1-e1644574034239.jpg","width":1224,"height":314,"caption":"Croc Jeux"},"image":{"@id":"https:\/\/crocjeux.com\/#\/schema\/logo\/image\/"}}]}},"_links":{"self":[{"href":"https:\/\/crocjeux.com\/index.php\/wp-json\/wp\/v2\/product\/4642","targetHints":{"allow":["GET"]}}],"collection":[{"href":"https:\/\/crocjeux.com\/index.php\/wp-json\/wp\/v2\/product"}],"about":[{"href":"https:\/\/crocjeux.com\/index.php\/wp-json\/wp\/v2\/types\/product"}],"replies":[{"embeddable":true,"href":"https:\/\/crocjeux.com\/index.php\/wp-json\/wp\/v2\/comments?post=4642"}],"wp:featuredmedia":[{"embeddable":true,"href":"https:\/\/crocjeux.com\/index.php\/wp-json\/wp\/v2\/media\/4643"}],"wp:attachment":[{"href":"https:\/\/crocjeux.com\/index.php\/wp-json\/wp\/v2\/media?parent=4642"}],"wp:term":[{"taxonomy":"product_brand","embeddable":true,"href":"https:\/\/crocjeux.com\/index.php\/wp-json\/wp\/v2\/product_brand?post=4642"},{"taxonomy":"product_cat","embeddable":true,"href":"https:\/\/crocjeux.com\/index.php\/wp-json\/wp\/v2\/product_cat?post=4642"},{"taxonomy":"product_tag","embeddable":true,"href":"https:\/\/crocjeux.com\/index.php\/wp-json\/wp\/v2\/product_tag?post=4642"}],"curies":[{"name":"wp","href":"https:\/\/api.w.org\/{rel}","templated":true}]}}