{"id":4661,"date":"2023-02-07T12:18:47","date_gmt":"2023-02-07T11:18:47","guid":{"rendered":"https:\/\/crocjeux.com\/?post_type=product&#038;p=4661"},"modified":"2023-02-07T12:18:49","modified_gmt":"2023-02-07T11:18:49","slug":"pla-ty-pus","status":"publish","type":"product","link":"https:\/\/crocjeux.com\/index.php\/produit\/pla-ty-pus\/","title":{"rendered":"Pla Ty Pus"},"content":{"rendered":"<p>Acide ? Dangereuse ? \u00c9nervante ? Une vendeuse de voitures ! Comestible ? Rapide ? Souple ? Captain America ou une autruche ? Dans Platypus, les joueurs coop\u00e8rent pour \u00e9liminer progressivement les mauvais mots, afin de trouver et d&rsquo;identifier le Platypus gr\u00e2ce \u00e0 leurs cartes Adjectif. Entre d\u00e9finitions tr\u00e8s personnelles et cartes en main limit\u00e9es, il faudra parfois avoir de l\u2019intuition et m\u00eame de l\u2019imagination !<br \/>\nUn jeu de d\u00e9duction hilarant !<br \/>\nComment on joue? 8 noms communs ou propres \u2013 les cartes Platypus \u2013 sont dispos\u00e9es face visible devant l\u2019ensemble des joueurs. Les Guides connaissent la carte \u00e0 faire deviner aux Explorateurs. Pour cela, ils donnent des indices sous forme de cartes Adjectifs qui d\u00e9finissent le mieux pour eux le Platypus. Ces indices sont choisis dans leur main de 4 cartes. \u00c0 chaque nouvel indice, les Explorateurs \u00e9liminent 1 ou 2 noms qui ne correspondent pas \u00e0 la d\u00e9finition donn\u00e9e. Le but est de trouver le Platypus en laissant visible la carte correspondante au nom cible. <\/p>\n<p>Une partie peut prendre fin de deux mani\u00e8res : lorsque l\u2019\u00e9quipe obtient son 4\u00e8me Succ\u00e8s &#8211; Dans ce cas, les joueurs ont battu le jeu &#8211; ou lorsque l\u2019\u00e9quipe \u00e9limine le Platypus<\/p>\n","protected":false},"excerpt":{"rendered":"<p>Acide? Dangereuse? \u00c9nervante? Une vendeuse de voitures ! Comestible? Rapide? Souple? Captain America ou une autruche? Dans Platypus, les joueurs coop\u00e8rent pour \u00e9liminer progressivement les mauvais mots, afin de trouver et d&rsquo;identifier le Platypus gr\u00e2ce \u00e0 leurs cartes Adjectif.<\/p>\n","protected":false},"featured_media":4662,"comment_status":"open","ping_status":"closed","template":"","meta":{"colormag_page_container_layout":"default_layout","colormag_page_sidebar_layout":"default_layout"},"product_brand":[],"product_cat":[40],"product_tag":[],"class_list":{"0":"post-4661","1":"product","2":"type-product","3":"status-publish","4":"has-post-thumbnail","6":"product_cat-jeux-dambiance","8":"first","9":"instock","10":"taxable","11":"shipping-taxable","12":"purchasable","13":"product-type-simple"},"yoast_head":"<!-- This site is optimized with the Yoast SEO plugin v27.4 - https:\/\/yoast.com\/product\/yoast-seo-wordpress\/ -->\n<title>Pla Ty Pus - Croc Jeux<\/title>\n<meta name=\"description\" content=\"Acide? Dangereuse? \u00c9nervante? Une vendeuse de voitures ! Comestible? Rapide? Souple? Captain America ou une autruche? Dans Platypus, les joueurs coop\u00e8rent pour \u00e9liminer progressivement les mauvais mots, afin de trouver et d&#039;identifier le Platypus gr\u00e2ce \u00e0 leurs cartes Adjectif.\" \/>\n<meta name=\"robots\" content=\"index, follow, max-snippet:-1, max-image-preview:large, max-video-preview:-1\" \/>\n<link rel=\"canonical\" href=\"https:\/\/crocjeux.com\/index.php\/produit\/pla-ty-pus\/\" \/>\n<meta property=\"og:locale\" content=\"fr_FR\" \/>\n<meta property=\"og:type\" content=\"article\" \/>\n<meta property=\"og:title\" content=\"Pla Ty Pus - Croc Jeux\" \/>\n<meta property=\"og:description\" content=\"Acide? Dangereuse? \u00c9nervante? Une vendeuse de voitures ! Comestible? Rapide? Souple? Captain America ou une autruche? Dans Platypus, les joueurs coop\u00e8rent pour \u00e9liminer progressivement les mauvais mots, afin de trouver et d&#039;identifier le Platypus gr\u00e2ce \u00e0 leurs cartes Adjectif.\" \/>\n<meta property=\"og:url\" content=\"https:\/\/crocjeux.com\/index.php\/produit\/pla-ty-pus\/\" \/>\n<meta property=\"og:site_name\" content=\"Croc Jeux\" \/>\n<meta property=\"article:modified_time\" content=\"2023-02-07T11:18:49+00:00\" \/>\n<meta property=\"og:image\" content=\"https:\/\/crocjeux.com\/wp-content\/uploads\/2023\/02\/platypus.webp\" \/>\n\t<meta property=\"og:image:width\" content=\"372\" \/>\n\t<meta property=\"og:image:height\" content=\"372\" \/>\n\t<meta property=\"og:image:type\" content=\"image\/webp\" \/>\n<meta name=\"twitter:card\" content=\"summary_large_image\" \/>\n<script type=\"application\/ld+json\" class=\"yoast-schema-graph\">{\"@context\":\"https:\\\/\\\/schema.org\",\"@graph\":[{\"@type\":\"WebPage\",\"@id\":\"https:\\\/\\\/crocjeux.com\\\/index.php\\\/produit\\\/pla-ty-pus\\\/\",\"url\":\"https:\\\/\\\/crocjeux.com\\\/index.php\\\/produit\\\/pla-ty-pus\\\/\",\"name\":\"Pla Ty Pus - Croc Jeux\",\"isPartOf\":{\"@id\":\"https:\\\/\\\/crocjeux.com\\\/#website\"},\"primaryImageOfPage\":{\"@id\":\"https:\\\/\\\/crocjeux.com\\\/index.php\\\/produit\\\/pla-ty-pus\\\/#primaryimage\"},\"image\":{\"@id\":\"https:\\\/\\\/crocjeux.com\\\/index.php\\\/produit\\\/pla-ty-pus\\\/#primaryimage\"},\"thumbnailUrl\":\"https:\\\/\\\/crocjeux.com\\\/wp-content\\\/uploads\\\/2023\\\/02\\\/platypus.webp\",\"datePublished\":\"2023-02-07T11:18:47+00:00\",\"dateModified\":\"2023-02-07T11:18:49+00:00\",\"description\":\"Acide? Dangereuse? \u00c9nervante? Une vendeuse de voitures ! Comestible? Rapide? Souple? Captain America ou une autruche? Dans Platypus, les joueurs coop\u00e8rent pour \u00e9liminer progressivement les mauvais mots, afin de trouver et d'identifier le Platypus gr\u00e2ce \u00e0 leurs cartes Adjectif.\",\"breadcrumb\":{\"@id\":\"https:\\\/\\\/crocjeux.com\\\/index.php\\\/produit\\\/pla-ty-pus\\\/#breadcrumb\"},\"inLanguage\":\"fr-FR\",\"potentialAction\":[{\"@type\":\"ReadAction\",\"target\":[\"https:\\\/\\\/crocjeux.com\\\/index.php\\\/produit\\\/pla-ty-pus\\\/\"]}]},{\"@type\":\"ImageObject\",\"inLanguage\":\"fr-FR\",\"@id\":\"https:\\\/\\\/crocjeux.com\\\/index.php\\\/produit\\\/pla-ty-pus\\\/#primaryimage\",\"url\":\"https:\\\/\\\/crocjeux.com\\\/wp-content\\\/uploads\\\/2023\\\/02\\\/platypus.webp\",\"contentUrl\":\"https:\\\/\\\/crocjeux.com\\\/wp-content\\\/uploads\\\/2023\\\/02\\\/platypus.webp\",\"width\":372,\"height\":372},{\"@type\":\"BreadcrumbList\",\"@id\":\"https:\\\/\\\/crocjeux.com\\\/index.php\\\/produit\\\/pla-ty-pus\\\/#breadcrumb\",\"itemListElement\":[{\"@type\":\"ListItem\",\"position\":1,\"name\":\"Accueil\",\"item\":\"https:\\\/\\\/crocjeux.com\\\/\"},{\"@type\":\"ListItem\",\"position\":2,\"name\":\"Boutique\",\"item\":\"https:\\\/\\\/crocjeux.com\\\/\"},{\"@type\":\"ListItem\",\"position\":3,\"name\":\"Pla Ty Pus\"}]},{\"@type\":\"WebSite\",\"@id\":\"https:\\\/\\\/crocjeux.com\\\/#website\",\"url\":\"https:\\\/\\\/crocjeux.com\\\/\",\"name\":\"Croc Jeux\",\"description\":\"Bienvenue chez Croc Jeux!\",\"publisher\":{\"@id\":\"https:\\\/\\\/crocjeux.com\\\/#organization\"},\"potentialAction\":[{\"@type\":\"SearchAction\",\"target\":{\"@type\":\"EntryPoint\",\"urlTemplate\":\"https:\\\/\\\/crocjeux.com\\\/?s={search_term_string}\"},\"query-input\":{\"@type\":\"PropertyValueSpecification\",\"valueRequired\":true,\"valueName\":\"search_term_string\"}}],\"inLanguage\":\"fr-FR\"},{\"@type\":\"Organization\",\"@id\":\"https:\\\/\\\/crocjeux.com\\\/#organization\",\"name\":\"Croc Jeux\",\"url\":\"https:\\\/\\\/crocjeux.com\\\/\",\"logo\":{\"@type\":\"ImageObject\",\"inLanguage\":\"fr-FR\",\"@id\":\"https:\\\/\\\/crocjeux.com\\\/#\\\/schema\\\/logo\\\/image\\\/\",\"url\":\"https:\\\/\\\/crocjeux.com\\\/wp-content\\\/uploads\\\/2022\\\/01\\\/cropped-logo-croc-etape-1-e1644574034239.jpg\",\"contentUrl\":\"https:\\\/\\\/crocjeux.com\\\/wp-content\\\/uploads\\\/2022\\\/01\\\/cropped-logo-croc-etape-1-e1644574034239.jpg\",\"width\":1224,\"height\":314,\"caption\":\"Croc Jeux\"},\"image\":{\"@id\":\"https:\\\/\\\/crocjeux.com\\\/#\\\/schema\\\/logo\\\/image\\\/\"}}]}<\/script>\n<!-- \/ Yoast SEO plugin. -->","yoast_head_json":{"title":"Pla Ty Pus - Croc Jeux","description":"Acide? Dangereuse? \u00c9nervante? Une vendeuse de voitures ! Comestible? Rapide? Souple? Captain America ou une autruche? Dans Platypus, les joueurs coop\u00e8rent pour \u00e9liminer progressivement les mauvais mots, afin de trouver et d'identifier le Platypus gr\u00e2ce \u00e0 leurs cartes Adjectif.","robots":{"index":"index","follow":"follow","max-snippet":"max-snippet:-1","max-image-preview":"max-image-preview:large","max-video-preview":"max-video-preview:-1"},"canonical":"https:\/\/crocjeux.com\/index.php\/produit\/pla-ty-pus\/","og_locale":"fr_FR","og_type":"article","og_title":"Pla Ty Pus - Croc Jeux","og_description":"Acide? Dangereuse? \u00c9nervante? Une vendeuse de voitures ! Comestible? Rapide? Souple? Captain America ou une autruche? Dans Platypus, les joueurs coop\u00e8rent pour \u00e9liminer progressivement les mauvais mots, afin de trouver et d'identifier le Platypus gr\u00e2ce \u00e0 leurs cartes Adjectif.","og_url":"https:\/\/crocjeux.com\/index.php\/produit\/pla-ty-pus\/","og_site_name":"Croc Jeux","article_modified_time":"2023-02-07T11:18:49+00:00","og_image":[{"width":372,"height":372,"url":"https:\/\/crocjeux.com\/wp-content\/uploads\/2023\/02\/platypus.webp","type":"image\/webp"}],"twitter_card":"summary_large_image","schema":{"@context":"https:\/\/schema.org","@graph":[{"@type":"WebPage","@id":"https:\/\/crocjeux.com\/index.php\/produit\/pla-ty-pus\/","url":"https:\/\/crocjeux.com\/index.php\/produit\/pla-ty-pus\/","name":"Pla Ty Pus - Croc Jeux","isPartOf":{"@id":"https:\/\/crocjeux.com\/#website"},"primaryImageOfPage":{"@id":"https:\/\/crocjeux.com\/index.php\/produit\/pla-ty-pus\/#primaryimage"},"image":{"@id":"https:\/\/crocjeux.com\/index.php\/produit\/pla-ty-pus\/#primaryimage"},"thumbnailUrl":"https:\/\/crocjeux.com\/wp-content\/uploads\/2023\/02\/platypus.webp","datePublished":"2023-02-07T11:18:47+00:00","dateModified":"2023-02-07T11:18:49+00:00","description":"Acide? Dangereuse? \u00c9nervante? Une vendeuse de voitures ! Comestible? Rapide? Souple? Captain America ou une autruche? Dans Platypus, les joueurs coop\u00e8rent pour \u00e9liminer progressivement les mauvais mots, afin de trouver et d'identifier le Platypus gr\u00e2ce \u00e0 leurs cartes Adjectif.","breadcrumb":{"@id":"https:\/\/crocjeux.com\/index.php\/produit\/pla-ty-pus\/#breadcrumb"},"inLanguage":"fr-FR","potentialAction":[{"@type":"ReadAction","target":["https:\/\/crocjeux.com\/index.php\/produit\/pla-ty-pus\/"]}]},{"@type":"ImageObject","inLanguage":"fr-FR","@id":"https:\/\/crocjeux.com\/index.php\/produit\/pla-ty-pus\/#primaryimage","url":"https:\/\/crocjeux.com\/wp-content\/uploads\/2023\/02\/platypus.webp","contentUrl":"https:\/\/crocjeux.com\/wp-content\/uploads\/2023\/02\/platypus.webp","width":372,"height":372},{"@type":"BreadcrumbList","@id":"https:\/\/crocjeux.com\/index.php\/produit\/pla-ty-pus\/#breadcrumb","itemListElement":[{"@type":"ListItem","position":1,"name":"Accueil","item":"https:\/\/crocjeux.com\/"},{"@type":"ListItem","position":2,"name":"Boutique","item":"https:\/\/crocjeux.com\/"},{"@type":"ListItem","position":3,"name":"Pla Ty Pus"}]},{"@type":"WebSite","@id":"https:\/\/crocjeux.com\/#website","url":"https:\/\/crocjeux.com\/","name":"Croc Jeux","description":"Bienvenue chez Croc Jeux!","publisher":{"@id":"https:\/\/crocjeux.com\/#organization"},"potentialAction":[{"@type":"SearchAction","target":{"@type":"EntryPoint","urlTemplate":"https:\/\/crocjeux.com\/?s={search_term_string}"},"query-input":{"@type":"PropertyValueSpecification","valueRequired":true,"valueName":"search_term_string"}}],"inLanguage":"fr-FR"},{"@type":"Organization","@id":"https:\/\/crocjeux.com\/#organization","name":"Croc Jeux","url":"https:\/\/crocjeux.com\/","logo":{"@type":"ImageObject","inLanguage":"fr-FR","@id":"https:\/\/crocjeux.com\/#\/schema\/logo\/image\/","url":"https:\/\/crocjeux.com\/wp-content\/uploads\/2022\/01\/cropped-logo-croc-etape-1-e1644574034239.jpg","contentUrl":"https:\/\/crocjeux.com\/wp-content\/uploads\/2022\/01\/cropped-logo-croc-etape-1-e1644574034239.jpg","width":1224,"height":314,"caption":"Croc Jeux"},"image":{"@id":"https:\/\/crocjeux.com\/#\/schema\/logo\/image\/"}}]}},"_links":{"self":[{"href":"https:\/\/crocjeux.com\/index.php\/wp-json\/wp\/v2\/product\/4661","targetHints":{"allow":["GET"]}}],"collection":[{"href":"https:\/\/crocjeux.com\/index.php\/wp-json\/wp\/v2\/product"}],"about":[{"href":"https:\/\/crocjeux.com\/index.php\/wp-json\/wp\/v2\/types\/product"}],"replies":[{"embeddable":true,"href":"https:\/\/crocjeux.com\/index.php\/wp-json\/wp\/v2\/comments?post=4661"}],"wp:featuredmedia":[{"embeddable":true,"href":"https:\/\/crocjeux.com\/index.php\/wp-json\/wp\/v2\/media\/4662"}],"wp:attachment":[{"href":"https:\/\/crocjeux.com\/index.php\/wp-json\/wp\/v2\/media?parent=4661"}],"wp:term":[{"taxonomy":"product_brand","embeddable":true,"href":"https:\/\/crocjeux.com\/index.php\/wp-json\/wp\/v2\/product_brand?post=4661"},{"taxonomy":"product_cat","embeddable":true,"href":"https:\/\/crocjeux.com\/index.php\/wp-json\/wp\/v2\/product_cat?post=4661"},{"taxonomy":"product_tag","embeddable":true,"href":"https:\/\/crocjeux.com\/index.php\/wp-json\/wp\/v2\/product_tag?post=4661"}],"curies":[{"name":"wp","href":"https:\/\/api.w.org\/{rel}","templated":true}]}}