{"id":4668,"date":"2023-02-07T15:02:14","date_gmt":"2023-02-07T14:02:14","guid":{"rendered":"https:\/\/crocjeux.com\/?post_type=product&#038;p=4668"},"modified":"2025-01-23T12:44:23","modified_gmt":"2025-01-23T11:44:23","slug":"glamdring-epee-de-gandalf","status":"publish","type":"product","link":"https:\/\/crocjeux.com\/index.php\/produit\/glamdring-epee-de-gandalf\/","title":{"rendered":"Glamdring &#8211; Ep\u00e9e de Gandalf"},"content":{"rendered":"<p>Glamring est l&rsquo;\u00e9p\u00e9e soeur d&rsquo;Orcrist trouv\u00e9e par Gandalf et la compagnie des nains dans un repaire de Troll. Tout comme Dard, elle s&rsquo;illumine l\u00e9g\u00e8rement quand des orques sont \u00e0 proximit\u00e9.<br \/>\nDes runes sont grav\u00e9es sur la garde de l&rsquo;\u00e9p\u00e9e.<\/p>\n","protected":false},"excerpt":{"rendered":"<p>Taille r\u00e9el 119cm. Lame en acier inoxydable.<\/p>\n<p>Livr\u00e9 avec son support mural en m\u00e9tal.<\/p>\n","protected":false},"featured_media":4669,"comment_status":"open","ping_status":"closed","template":"","meta":{"colormag_page_container_layout":"default_layout","colormag_page_sidebar_layout":"default_layout"},"product_brand":[],"product_cat":[129,136],"product_tag":[],"class_list":{"0":"post-4668","1":"product","2":"type-product","3":"status-publish","4":"has-post-thumbnail","6":"product_cat-letape-des-sorciers","7":"product_cat-repliques-decorations-harry-potter","9":"first","10":"instock","11":"taxable","12":"shipping-taxable","13":"purchasable","14":"product-type-simple"},"yoast_head":"<!-- This site is optimized with the Yoast SEO plugin v27.4 - https:\/\/yoast.com\/product\/yoast-seo-wordpress\/ -->\n<title>Glamdring - Ep\u00e9e de Gandalf - Croc Jeux<\/title>\n<meta name=\"description\" content=\"Glamring est l&#039;\u00e9p\u00e9e soeur d&#039;Orcrist trouv\u00e9e par Gandalf et la compagnie des nains dans un repaire de Troll. Tout comme Dard, elle s&#039;illumine l\u00e9g\u00e8rement quand des orques sont \u00e0 proximit\u00e9.Des runes sont grav\u00e9es sur la garde de l&#039;\u00e9p\u00e9e.\" \/>\n<meta name=\"robots\" content=\"index, follow, max-snippet:-1, max-image-preview:large, max-video-preview:-1\" \/>\n<link rel=\"canonical\" href=\"https:\/\/crocjeux.com\/index.php\/produit\/glamdring-epee-de-gandalf\/\" \/>\n<meta property=\"og:locale\" content=\"fr_FR\" \/>\n<meta property=\"og:type\" content=\"article\" \/>\n<meta property=\"og:title\" content=\"Glamdring - Ep\u00e9e de Gandalf - Croc Jeux\" \/>\n<meta property=\"og:description\" content=\"Glamring est l&#039;\u00e9p\u00e9e soeur d&#039;Orcrist trouv\u00e9e par Gandalf et la compagnie des nains dans un repaire de Troll. Tout comme Dard, elle s&#039;illumine l\u00e9g\u00e8rement quand des orques sont \u00e0 proximit\u00e9.Des runes sont grav\u00e9es sur la garde de l&#039;\u00e9p\u00e9e.\" \/>\n<meta property=\"og:url\" content=\"https:\/\/crocjeux.com\/index.php\/produit\/glamdring-epee-de-gandalf\/\" \/>\n<meta property=\"og:site_name\" content=\"Croc Jeux\" \/>\n<meta property=\"article:modified_time\" content=\"2025-01-23T11:44:23+00:00\" \/>\n<meta property=\"og:image\" content=\"https:\/\/crocjeux.com\/wp-content\/uploads\/2023\/02\/NN1245_600.jpg\" \/>\n\t<meta property=\"og:image:width\" content=\"600\" \/>\n\t<meta property=\"og:image:height\" content=\"414\" \/>\n\t<meta property=\"og:image:type\" content=\"image\/jpeg\" \/>\n<meta name=\"twitter:card\" content=\"summary_large_image\" \/>\n<meta name=\"twitter:label1\" content=\"Dur\u00e9e de lecture estim\u00e9e\" \/>\n\t<meta name=\"twitter:data1\" content=\"1 minute\" \/>\n<script type=\"application\/ld+json\" class=\"yoast-schema-graph\">{\"@context\":\"https:\\\/\\\/schema.org\",\"@graph\":[{\"@type\":\"WebPage\",\"@id\":\"https:\\\/\\\/crocjeux.com\\\/index.php\\\/produit\\\/glamdring-epee-de-gandalf\\\/\",\"url\":\"https:\\\/\\\/crocjeux.com\\\/index.php\\\/produit\\\/glamdring-epee-de-gandalf\\\/\",\"name\":\"Glamdring - Ep\u00e9e de Gandalf - Croc Jeux\",\"isPartOf\":{\"@id\":\"https:\\\/\\\/crocjeux.com\\\/#website\"},\"primaryImageOfPage\":{\"@id\":\"https:\\\/\\\/crocjeux.com\\\/index.php\\\/produit\\\/glamdring-epee-de-gandalf\\\/#primaryimage\"},\"image\":{\"@id\":\"https:\\\/\\\/crocjeux.com\\\/index.php\\\/produit\\\/glamdring-epee-de-gandalf\\\/#primaryimage\"},\"thumbnailUrl\":\"https:\\\/\\\/crocjeux.com\\\/wp-content\\\/uploads\\\/2023\\\/02\\\/NN1245_600.jpg\",\"datePublished\":\"2023-02-07T14:02:14+00:00\",\"dateModified\":\"2025-01-23T11:44:23+00:00\",\"description\":\"Glamring est l'\u00e9p\u00e9e soeur d'Orcrist trouv\u00e9e par Gandalf et la compagnie des nains dans un repaire de Troll. Tout comme Dard, elle s'illumine l\u00e9g\u00e8rement quand des orques sont \u00e0 proximit\u00e9.Des runes sont grav\u00e9es sur la garde de l'\u00e9p\u00e9e.\",\"breadcrumb\":{\"@id\":\"https:\\\/\\\/crocjeux.com\\\/index.php\\\/produit\\\/glamdring-epee-de-gandalf\\\/#breadcrumb\"},\"inLanguage\":\"fr-FR\",\"potentialAction\":[{\"@type\":\"ReadAction\",\"target\":[\"https:\\\/\\\/crocjeux.com\\\/index.php\\\/produit\\\/glamdring-epee-de-gandalf\\\/\"]}]},{\"@type\":\"ImageObject\",\"inLanguage\":\"fr-FR\",\"@id\":\"https:\\\/\\\/crocjeux.com\\\/index.php\\\/produit\\\/glamdring-epee-de-gandalf\\\/#primaryimage\",\"url\":\"https:\\\/\\\/crocjeux.com\\\/wp-content\\\/uploads\\\/2023\\\/02\\\/NN1245_600.jpg\",\"contentUrl\":\"https:\\\/\\\/crocjeux.com\\\/wp-content\\\/uploads\\\/2023\\\/02\\\/NN1245_600.jpg\",\"width\":600,\"height\":414},{\"@type\":\"BreadcrumbList\",\"@id\":\"https:\\\/\\\/crocjeux.com\\\/index.php\\\/produit\\\/glamdring-epee-de-gandalf\\\/#breadcrumb\",\"itemListElement\":[{\"@type\":\"ListItem\",\"position\":1,\"name\":\"Accueil\",\"item\":\"https:\\\/\\\/crocjeux.com\\\/\"},{\"@type\":\"ListItem\",\"position\":2,\"name\":\"Boutique\",\"item\":\"https:\\\/\\\/crocjeux.com\\\/\"},{\"@type\":\"ListItem\",\"position\":3,\"name\":\"Glamdring &#8211; Ep\u00e9e de Gandalf\"}]},{\"@type\":\"WebSite\",\"@id\":\"https:\\\/\\\/crocjeux.com\\\/#website\",\"url\":\"https:\\\/\\\/crocjeux.com\\\/\",\"name\":\"Croc Jeux\",\"description\":\"Bienvenue chez Croc Jeux!\",\"publisher\":{\"@id\":\"https:\\\/\\\/crocjeux.com\\\/#organization\"},\"potentialAction\":[{\"@type\":\"SearchAction\",\"target\":{\"@type\":\"EntryPoint\",\"urlTemplate\":\"https:\\\/\\\/crocjeux.com\\\/?s={search_term_string}\"},\"query-input\":{\"@type\":\"PropertyValueSpecification\",\"valueRequired\":true,\"valueName\":\"search_term_string\"}}],\"inLanguage\":\"fr-FR\"},{\"@type\":\"Organization\",\"@id\":\"https:\\\/\\\/crocjeux.com\\\/#organization\",\"name\":\"Croc Jeux\",\"url\":\"https:\\\/\\\/crocjeux.com\\\/\",\"logo\":{\"@type\":\"ImageObject\",\"inLanguage\":\"fr-FR\",\"@id\":\"https:\\\/\\\/crocjeux.com\\\/#\\\/schema\\\/logo\\\/image\\\/\",\"url\":\"https:\\\/\\\/crocjeux.com\\\/wp-content\\\/uploads\\\/2022\\\/01\\\/cropped-logo-croc-etape-1-e1644574034239.jpg\",\"contentUrl\":\"https:\\\/\\\/crocjeux.com\\\/wp-content\\\/uploads\\\/2022\\\/01\\\/cropped-logo-croc-etape-1-e1644574034239.jpg\",\"width\":1224,\"height\":314,\"caption\":\"Croc Jeux\"},\"image\":{\"@id\":\"https:\\\/\\\/crocjeux.com\\\/#\\\/schema\\\/logo\\\/image\\\/\"}}]}<\/script>\n<!-- \/ Yoast SEO plugin. -->","yoast_head_json":{"title":"Glamdring - Ep\u00e9e de Gandalf - Croc Jeux","description":"Glamring est l'\u00e9p\u00e9e soeur d'Orcrist trouv\u00e9e par Gandalf et la compagnie des nains dans un repaire de Troll. Tout comme Dard, elle s'illumine l\u00e9g\u00e8rement quand des orques sont \u00e0 proximit\u00e9.Des runes sont grav\u00e9es sur la garde de l'\u00e9p\u00e9e.","robots":{"index":"index","follow":"follow","max-snippet":"max-snippet:-1","max-image-preview":"max-image-preview:large","max-video-preview":"max-video-preview:-1"},"canonical":"https:\/\/crocjeux.com\/index.php\/produit\/glamdring-epee-de-gandalf\/","og_locale":"fr_FR","og_type":"article","og_title":"Glamdring - Ep\u00e9e de Gandalf - Croc Jeux","og_description":"Glamring est l'\u00e9p\u00e9e soeur d'Orcrist trouv\u00e9e par Gandalf et la compagnie des nains dans un repaire de Troll. Tout comme Dard, elle s'illumine l\u00e9g\u00e8rement quand des orques sont \u00e0 proximit\u00e9.Des runes sont grav\u00e9es sur la garde de l'\u00e9p\u00e9e.","og_url":"https:\/\/crocjeux.com\/index.php\/produit\/glamdring-epee-de-gandalf\/","og_site_name":"Croc Jeux","article_modified_time":"2025-01-23T11:44:23+00:00","og_image":[{"width":600,"height":414,"url":"https:\/\/crocjeux.com\/wp-content\/uploads\/2023\/02\/NN1245_600.jpg","type":"image\/jpeg"}],"twitter_card":"summary_large_image","twitter_misc":{"Dur\u00e9e de lecture estim\u00e9e":"1 minute"},"schema":{"@context":"https:\/\/schema.org","@graph":[{"@type":"WebPage","@id":"https:\/\/crocjeux.com\/index.php\/produit\/glamdring-epee-de-gandalf\/","url":"https:\/\/crocjeux.com\/index.php\/produit\/glamdring-epee-de-gandalf\/","name":"Glamdring - Ep\u00e9e de Gandalf - Croc Jeux","isPartOf":{"@id":"https:\/\/crocjeux.com\/#website"},"primaryImageOfPage":{"@id":"https:\/\/crocjeux.com\/index.php\/produit\/glamdring-epee-de-gandalf\/#primaryimage"},"image":{"@id":"https:\/\/crocjeux.com\/index.php\/produit\/glamdring-epee-de-gandalf\/#primaryimage"},"thumbnailUrl":"https:\/\/crocjeux.com\/wp-content\/uploads\/2023\/02\/NN1245_600.jpg","datePublished":"2023-02-07T14:02:14+00:00","dateModified":"2025-01-23T11:44:23+00:00","description":"Glamring est l'\u00e9p\u00e9e soeur d'Orcrist trouv\u00e9e par Gandalf et la compagnie des nains dans un repaire de Troll. Tout comme Dard, elle s'illumine l\u00e9g\u00e8rement quand des orques sont \u00e0 proximit\u00e9.Des runes sont grav\u00e9es sur la garde de l'\u00e9p\u00e9e.","breadcrumb":{"@id":"https:\/\/crocjeux.com\/index.php\/produit\/glamdring-epee-de-gandalf\/#breadcrumb"},"inLanguage":"fr-FR","potentialAction":[{"@type":"ReadAction","target":["https:\/\/crocjeux.com\/index.php\/produit\/glamdring-epee-de-gandalf\/"]}]},{"@type":"ImageObject","inLanguage":"fr-FR","@id":"https:\/\/crocjeux.com\/index.php\/produit\/glamdring-epee-de-gandalf\/#primaryimage","url":"https:\/\/crocjeux.com\/wp-content\/uploads\/2023\/02\/NN1245_600.jpg","contentUrl":"https:\/\/crocjeux.com\/wp-content\/uploads\/2023\/02\/NN1245_600.jpg","width":600,"height":414},{"@type":"BreadcrumbList","@id":"https:\/\/crocjeux.com\/index.php\/produit\/glamdring-epee-de-gandalf\/#breadcrumb","itemListElement":[{"@type":"ListItem","position":1,"name":"Accueil","item":"https:\/\/crocjeux.com\/"},{"@type":"ListItem","position":2,"name":"Boutique","item":"https:\/\/crocjeux.com\/"},{"@type":"ListItem","position":3,"name":"Glamdring &#8211; Ep\u00e9e de Gandalf"}]},{"@type":"WebSite","@id":"https:\/\/crocjeux.com\/#website","url":"https:\/\/crocjeux.com\/","name":"Croc Jeux","description":"Bienvenue chez Croc Jeux!","publisher":{"@id":"https:\/\/crocjeux.com\/#organization"},"potentialAction":[{"@type":"SearchAction","target":{"@type":"EntryPoint","urlTemplate":"https:\/\/crocjeux.com\/?s={search_term_string}"},"query-input":{"@type":"PropertyValueSpecification","valueRequired":true,"valueName":"search_term_string"}}],"inLanguage":"fr-FR"},{"@type":"Organization","@id":"https:\/\/crocjeux.com\/#organization","name":"Croc Jeux","url":"https:\/\/crocjeux.com\/","logo":{"@type":"ImageObject","inLanguage":"fr-FR","@id":"https:\/\/crocjeux.com\/#\/schema\/logo\/image\/","url":"https:\/\/crocjeux.com\/wp-content\/uploads\/2022\/01\/cropped-logo-croc-etape-1-e1644574034239.jpg","contentUrl":"https:\/\/crocjeux.com\/wp-content\/uploads\/2022\/01\/cropped-logo-croc-etape-1-e1644574034239.jpg","width":1224,"height":314,"caption":"Croc Jeux"},"image":{"@id":"https:\/\/crocjeux.com\/#\/schema\/logo\/image\/"}}]}},"_links":{"self":[{"href":"https:\/\/crocjeux.com\/index.php\/wp-json\/wp\/v2\/product\/4668","targetHints":{"allow":["GET"]}}],"collection":[{"href":"https:\/\/crocjeux.com\/index.php\/wp-json\/wp\/v2\/product"}],"about":[{"href":"https:\/\/crocjeux.com\/index.php\/wp-json\/wp\/v2\/types\/product"}],"replies":[{"embeddable":true,"href":"https:\/\/crocjeux.com\/index.php\/wp-json\/wp\/v2\/comments?post=4668"}],"wp:featuredmedia":[{"embeddable":true,"href":"https:\/\/crocjeux.com\/index.php\/wp-json\/wp\/v2\/media\/4669"}],"wp:attachment":[{"href":"https:\/\/crocjeux.com\/index.php\/wp-json\/wp\/v2\/media?parent=4668"}],"wp:term":[{"taxonomy":"product_brand","embeddable":true,"href":"https:\/\/crocjeux.com\/index.php\/wp-json\/wp\/v2\/product_brand?post=4668"},{"taxonomy":"product_cat","embeddable":true,"href":"https:\/\/crocjeux.com\/index.php\/wp-json\/wp\/v2\/product_cat?post=4668"},{"taxonomy":"product_tag","embeddable":true,"href":"https:\/\/crocjeux.com\/index.php\/wp-json\/wp\/v2\/product_tag?post=4668"}],"curies":[{"name":"wp","href":"https:\/\/api.w.org\/{rel}","templated":true}]}}