{"id":4790,"date":"2023-02-09T10:15:43","date_gmt":"2023-02-09T09:15:43","guid":{"rendered":"https:\/\/crocjeux.com\/?post_type=product&#038;p=4790"},"modified":"2023-02-09T16:42:54","modified_gmt":"2023-02-09T15:42:54","slug":"lempire-de-cesar","status":"publish","type":"product","link":"https:\/\/crocjeux.com\/index.php\/produit\/lempire-de-cesar\/","title":{"rendered":"L&rsquo;Empire de C\u00e9sar"},"content":{"rendered":"<h2>Un eurogame dans l&rsquo;univers d&rsquo;Ast\u00e9rix et Ob\u00e9lix<\/h2>\n<p>L\u2019Empire de C\u00e9sar\u00a0est un Eurogame bas\u00e9 sur l\u2019univers d\u2019Ast\u00e9rix et Ob\u00e9lix, la c\u00e9l\u00e8bre bande dessin\u00e9e. Vous incarnez des soldats romains qui font partie de l\u2019entourage de Jules C\u00e9sar et vous avez pour mission d\u2019agrandir son empire !<\/p>\n<h2>Comment jouer ?<\/h2>\n<p>Dans l\u2019Empire de C\u00e9sar, vous devrez construire des routes afin de connecter Rome aux autres villes indiqu\u00e9es sur la carte.<\/p>\n<p>Vous gagnerez des points chaque fois que vous construisez une route. Chaque nouvelle ville que vous reliez \u00e0 Rome vous permet d\u2019amasser des jetons ville et des jetons richesses qui vous feront gagner des points suppl\u00e9mentaires \u00e0 la fin de la partie.<\/p>\n<p>Celle-ci prend fin lorsque Rome est connect\u00e9e \u00e0 toutes les villes sur le plateau.<\/p>\n<p>Tous les joueurs doivent ensuite additionner leurs points de jetons villes et de jetons richesses aux points qu\u2019ils ont gagn\u00e9s au cours de la partie.<\/p>\n<p>Le joueur avec le plus de points gagne !<\/p>\n","protected":false},"excerpt":{"rendered":"<p>L\u2019Empire de C\u00e9sar est un Eurogame bas\u00e9 sur l\u2019univers d\u2019Ast\u00e9rix et Ob\u00e9lix, la c\u00e9l\u00e8bre bande dessin\u00e9e cr\u00e9\u00e9e par Goscinny et Uderzo.<\/p>\n","protected":false},"featured_media":4792,"comment_status":"open","ping_status":"closed","template":"","meta":{"colormag_page_container_layout":"default_layout","colormag_page_sidebar_layout":"default_layout"},"product_brand":[],"product_cat":[36],"product_tag":[],"class_list":{"0":"post-4790","1":"product","2":"type-product","3":"status-publish","4":"has-post-thumbnail","6":"product_cat-jeux-familiaux","8":"first","9":"instock","10":"taxable","11":"shipping-taxable","12":"purchasable","13":"product-type-simple"},"yoast_head":"<!-- This site is optimized with the Yoast SEO plugin v27.4 - https:\/\/yoast.com\/product\/yoast-seo-wordpress\/ -->\n<title>L&#039;Empire de C\u00e9sar - Croc Jeux<\/title>\n<meta name=\"description\" content=\"L\u2019Empire de C\u00e9sar est un Eurogame bas\u00e9 sur l\u2019univers d\u2019Ast\u00e9rix et Ob\u00e9lix, la c\u00e9l\u00e8bre bande dessin\u00e9e cr\u00e9\u00e9e par Goscinny et Uderzo.\" \/>\n<meta name=\"robots\" content=\"index, follow, max-snippet:-1, max-image-preview:large, max-video-preview:-1\" \/>\n<link rel=\"canonical\" href=\"https:\/\/crocjeux.com\/index.php\/produit\/lempire-de-cesar\/\" \/>\n<meta property=\"og:locale\" content=\"fr_FR\" \/>\n<meta property=\"og:type\" content=\"article\" \/>\n<meta property=\"og:title\" content=\"L&#039;Empire de C\u00e9sar - Croc Jeux\" \/>\n<meta property=\"og:description\" content=\"L\u2019Empire de C\u00e9sar est un Eurogame bas\u00e9 sur l\u2019univers d\u2019Ast\u00e9rix et Ob\u00e9lix, la c\u00e9l\u00e8bre bande dessin\u00e9e cr\u00e9\u00e9e par Goscinny et Uderzo.\" \/>\n<meta property=\"og:url\" content=\"https:\/\/crocjeux.com\/index.php\/produit\/lempire-de-cesar\/\" \/>\n<meta property=\"og:site_name\" content=\"Croc Jeux\" \/>\n<meta property=\"article:modified_time\" content=\"2023-02-09T15:42:54+00:00\" \/>\n<meta property=\"og:image\" content=\"https:\/\/crocjeux.com\/wp-content\/uploads\/2023\/02\/l-empire-de-cesar-1.webp\" \/>\n\t<meta property=\"og:image:width\" content=\"372\" \/>\n\t<meta property=\"og:image:height\" content=\"372\" \/>\n\t<meta property=\"og:image:type\" content=\"image\/webp\" \/>\n<meta name=\"twitter:card\" content=\"summary_large_image\" \/>\n<meta name=\"twitter:label1\" content=\"Dur\u00e9e de lecture estim\u00e9e\" \/>\n\t<meta name=\"twitter:data1\" content=\"1 minute\" \/>\n<script type=\"application\/ld+json\" class=\"yoast-schema-graph\">{\"@context\":\"https:\\\/\\\/schema.org\",\"@graph\":[{\"@type\":\"WebPage\",\"@id\":\"https:\\\/\\\/crocjeux.com\\\/index.php\\\/produit\\\/lempire-de-cesar\\\/\",\"url\":\"https:\\\/\\\/crocjeux.com\\\/index.php\\\/produit\\\/lempire-de-cesar\\\/\",\"name\":\"L'Empire de C\u00e9sar - Croc Jeux\",\"isPartOf\":{\"@id\":\"https:\\\/\\\/crocjeux.com\\\/#website\"},\"primaryImageOfPage\":{\"@id\":\"https:\\\/\\\/crocjeux.com\\\/index.php\\\/produit\\\/lempire-de-cesar\\\/#primaryimage\"},\"image\":{\"@id\":\"https:\\\/\\\/crocjeux.com\\\/index.php\\\/produit\\\/lempire-de-cesar\\\/#primaryimage\"},\"thumbnailUrl\":\"https:\\\/\\\/crocjeux.com\\\/wp-content\\\/uploads\\\/2023\\\/02\\\/l-empire-de-cesar-1.webp\",\"datePublished\":\"2023-02-09T09:15:43+00:00\",\"dateModified\":\"2023-02-09T15:42:54+00:00\",\"description\":\"L\u2019Empire de C\u00e9sar est un Eurogame bas\u00e9 sur l\u2019univers d\u2019Ast\u00e9rix et Ob\u00e9lix, la c\u00e9l\u00e8bre bande dessin\u00e9e cr\u00e9\u00e9e par Goscinny et Uderzo.\",\"breadcrumb\":{\"@id\":\"https:\\\/\\\/crocjeux.com\\\/index.php\\\/produit\\\/lempire-de-cesar\\\/#breadcrumb\"},\"inLanguage\":\"fr-FR\",\"potentialAction\":[{\"@type\":\"ReadAction\",\"target\":[\"https:\\\/\\\/crocjeux.com\\\/index.php\\\/produit\\\/lempire-de-cesar\\\/\"]}]},{\"@type\":\"ImageObject\",\"inLanguage\":\"fr-FR\",\"@id\":\"https:\\\/\\\/crocjeux.com\\\/index.php\\\/produit\\\/lempire-de-cesar\\\/#primaryimage\",\"url\":\"https:\\\/\\\/crocjeux.com\\\/wp-content\\\/uploads\\\/2023\\\/02\\\/l-empire-de-cesar-1.webp\",\"contentUrl\":\"https:\\\/\\\/crocjeux.com\\\/wp-content\\\/uploads\\\/2023\\\/02\\\/l-empire-de-cesar-1.webp\",\"width\":372,\"height\":372},{\"@type\":\"BreadcrumbList\",\"@id\":\"https:\\\/\\\/crocjeux.com\\\/index.php\\\/produit\\\/lempire-de-cesar\\\/#breadcrumb\",\"itemListElement\":[{\"@type\":\"ListItem\",\"position\":1,\"name\":\"Accueil\",\"item\":\"https:\\\/\\\/crocjeux.com\\\/\"},{\"@type\":\"ListItem\",\"position\":2,\"name\":\"Boutique\",\"item\":\"https:\\\/\\\/crocjeux.com\\\/\"},{\"@type\":\"ListItem\",\"position\":3,\"name\":\"L&#8217;Empire de C\u00e9sar\"}]},{\"@type\":\"WebSite\",\"@id\":\"https:\\\/\\\/crocjeux.com\\\/#website\",\"url\":\"https:\\\/\\\/crocjeux.com\\\/\",\"name\":\"Croc Jeux\",\"description\":\"Bienvenue chez Croc Jeux!\",\"publisher\":{\"@id\":\"https:\\\/\\\/crocjeux.com\\\/#organization\"},\"potentialAction\":[{\"@type\":\"SearchAction\",\"target\":{\"@type\":\"EntryPoint\",\"urlTemplate\":\"https:\\\/\\\/crocjeux.com\\\/?s={search_term_string}\"},\"query-input\":{\"@type\":\"PropertyValueSpecification\",\"valueRequired\":true,\"valueName\":\"search_term_string\"}}],\"inLanguage\":\"fr-FR\"},{\"@type\":\"Organization\",\"@id\":\"https:\\\/\\\/crocjeux.com\\\/#organization\",\"name\":\"Croc Jeux\",\"url\":\"https:\\\/\\\/crocjeux.com\\\/\",\"logo\":{\"@type\":\"ImageObject\",\"inLanguage\":\"fr-FR\",\"@id\":\"https:\\\/\\\/crocjeux.com\\\/#\\\/schema\\\/logo\\\/image\\\/\",\"url\":\"https:\\\/\\\/crocjeux.com\\\/wp-content\\\/uploads\\\/2022\\\/01\\\/cropped-logo-croc-etape-1-e1644574034239.jpg\",\"contentUrl\":\"https:\\\/\\\/crocjeux.com\\\/wp-content\\\/uploads\\\/2022\\\/01\\\/cropped-logo-croc-etape-1-e1644574034239.jpg\",\"width\":1224,\"height\":314,\"caption\":\"Croc Jeux\"},\"image\":{\"@id\":\"https:\\\/\\\/crocjeux.com\\\/#\\\/schema\\\/logo\\\/image\\\/\"}}]}<\/script>\n<!-- \/ Yoast SEO plugin. -->","yoast_head_json":{"title":"L'Empire de C\u00e9sar - Croc Jeux","description":"L\u2019Empire de C\u00e9sar est un Eurogame bas\u00e9 sur l\u2019univers d\u2019Ast\u00e9rix et Ob\u00e9lix, la c\u00e9l\u00e8bre bande dessin\u00e9e cr\u00e9\u00e9e par Goscinny et Uderzo.","robots":{"index":"index","follow":"follow","max-snippet":"max-snippet:-1","max-image-preview":"max-image-preview:large","max-video-preview":"max-video-preview:-1"},"canonical":"https:\/\/crocjeux.com\/index.php\/produit\/lempire-de-cesar\/","og_locale":"fr_FR","og_type":"article","og_title":"L'Empire de C\u00e9sar - Croc Jeux","og_description":"L\u2019Empire de C\u00e9sar est un Eurogame bas\u00e9 sur l\u2019univers d\u2019Ast\u00e9rix et Ob\u00e9lix, la c\u00e9l\u00e8bre bande dessin\u00e9e cr\u00e9\u00e9e par Goscinny et Uderzo.","og_url":"https:\/\/crocjeux.com\/index.php\/produit\/lempire-de-cesar\/","og_site_name":"Croc Jeux","article_modified_time":"2023-02-09T15:42:54+00:00","og_image":[{"width":372,"height":372,"url":"https:\/\/crocjeux.com\/wp-content\/uploads\/2023\/02\/l-empire-de-cesar-1.webp","type":"image\/webp"}],"twitter_card":"summary_large_image","twitter_misc":{"Dur\u00e9e de lecture estim\u00e9e":"1 minute"},"schema":{"@context":"https:\/\/schema.org","@graph":[{"@type":"WebPage","@id":"https:\/\/crocjeux.com\/index.php\/produit\/lempire-de-cesar\/","url":"https:\/\/crocjeux.com\/index.php\/produit\/lempire-de-cesar\/","name":"L'Empire de C\u00e9sar - Croc Jeux","isPartOf":{"@id":"https:\/\/crocjeux.com\/#website"},"primaryImageOfPage":{"@id":"https:\/\/crocjeux.com\/index.php\/produit\/lempire-de-cesar\/#primaryimage"},"image":{"@id":"https:\/\/crocjeux.com\/index.php\/produit\/lempire-de-cesar\/#primaryimage"},"thumbnailUrl":"https:\/\/crocjeux.com\/wp-content\/uploads\/2023\/02\/l-empire-de-cesar-1.webp","datePublished":"2023-02-09T09:15:43+00:00","dateModified":"2023-02-09T15:42:54+00:00","description":"L\u2019Empire de C\u00e9sar est un Eurogame bas\u00e9 sur l\u2019univers d\u2019Ast\u00e9rix et Ob\u00e9lix, la c\u00e9l\u00e8bre bande dessin\u00e9e cr\u00e9\u00e9e par Goscinny et Uderzo.","breadcrumb":{"@id":"https:\/\/crocjeux.com\/index.php\/produit\/lempire-de-cesar\/#breadcrumb"},"inLanguage":"fr-FR","potentialAction":[{"@type":"ReadAction","target":["https:\/\/crocjeux.com\/index.php\/produit\/lempire-de-cesar\/"]}]},{"@type":"ImageObject","inLanguage":"fr-FR","@id":"https:\/\/crocjeux.com\/index.php\/produit\/lempire-de-cesar\/#primaryimage","url":"https:\/\/crocjeux.com\/wp-content\/uploads\/2023\/02\/l-empire-de-cesar-1.webp","contentUrl":"https:\/\/crocjeux.com\/wp-content\/uploads\/2023\/02\/l-empire-de-cesar-1.webp","width":372,"height":372},{"@type":"BreadcrumbList","@id":"https:\/\/crocjeux.com\/index.php\/produit\/lempire-de-cesar\/#breadcrumb","itemListElement":[{"@type":"ListItem","position":1,"name":"Accueil","item":"https:\/\/crocjeux.com\/"},{"@type":"ListItem","position":2,"name":"Boutique","item":"https:\/\/crocjeux.com\/"},{"@type":"ListItem","position":3,"name":"L&#8217;Empire de C\u00e9sar"}]},{"@type":"WebSite","@id":"https:\/\/crocjeux.com\/#website","url":"https:\/\/crocjeux.com\/","name":"Croc Jeux","description":"Bienvenue chez Croc Jeux!","publisher":{"@id":"https:\/\/crocjeux.com\/#organization"},"potentialAction":[{"@type":"SearchAction","target":{"@type":"EntryPoint","urlTemplate":"https:\/\/crocjeux.com\/?s={search_term_string}"},"query-input":{"@type":"PropertyValueSpecification","valueRequired":true,"valueName":"search_term_string"}}],"inLanguage":"fr-FR"},{"@type":"Organization","@id":"https:\/\/crocjeux.com\/#organization","name":"Croc Jeux","url":"https:\/\/crocjeux.com\/","logo":{"@type":"ImageObject","inLanguage":"fr-FR","@id":"https:\/\/crocjeux.com\/#\/schema\/logo\/image\/","url":"https:\/\/crocjeux.com\/wp-content\/uploads\/2022\/01\/cropped-logo-croc-etape-1-e1644574034239.jpg","contentUrl":"https:\/\/crocjeux.com\/wp-content\/uploads\/2022\/01\/cropped-logo-croc-etape-1-e1644574034239.jpg","width":1224,"height":314,"caption":"Croc Jeux"},"image":{"@id":"https:\/\/crocjeux.com\/#\/schema\/logo\/image\/"}}]}},"_links":{"self":[{"href":"https:\/\/crocjeux.com\/index.php\/wp-json\/wp\/v2\/product\/4790","targetHints":{"allow":["GET"]}}],"collection":[{"href":"https:\/\/crocjeux.com\/index.php\/wp-json\/wp\/v2\/product"}],"about":[{"href":"https:\/\/crocjeux.com\/index.php\/wp-json\/wp\/v2\/types\/product"}],"replies":[{"embeddable":true,"href":"https:\/\/crocjeux.com\/index.php\/wp-json\/wp\/v2\/comments?post=4790"}],"wp:featuredmedia":[{"embeddable":true,"href":"https:\/\/crocjeux.com\/index.php\/wp-json\/wp\/v2\/media\/4792"}],"wp:attachment":[{"href":"https:\/\/crocjeux.com\/index.php\/wp-json\/wp\/v2\/media?parent=4790"}],"wp:term":[{"taxonomy":"product_brand","embeddable":true,"href":"https:\/\/crocjeux.com\/index.php\/wp-json\/wp\/v2\/product_brand?post=4790"},{"taxonomy":"product_cat","embeddable":true,"href":"https:\/\/crocjeux.com\/index.php\/wp-json\/wp\/v2\/product_cat?post=4790"},{"taxonomy":"product_tag","embeddable":true,"href":"https:\/\/crocjeux.com\/index.php\/wp-json\/wp\/v2\/product_tag?post=4790"}],"curies":[{"name":"wp","href":"https:\/\/api.w.org\/{rel}","templated":true}]}}