{"id":4797,"date":"2023-02-09T10:30:39","date_gmt":"2023-02-09T09:30:39","guid":{"rendered":"https:\/\/crocjeux.com\/?post_type=product&#038;p=4797"},"modified":"2024-11-12T16:56:52","modified_gmt":"2024-11-12T15:56:52","slug":"loups-garous-extension-le-village","status":"publish","type":"product","link":"https:\/\/crocjeux.com\/index.php\/produit\/loups-garous-extension-le-village\/","title":{"rendered":"Loups-Garous: Extension Le Village"},"content":{"rendered":"<h2>Les Loups-Garous prennent du poil de la b\u00eate !<\/h2>\n<div>De nouvelles options de jeu, plus de pouvoirs r\u00e9v\u00e9l\u00e9s pour les joueurs, une compatibilit\u00e9 parfaite avec l\u2019extension Nouvelle Lune, plus de 120 combinaisons possibles entre personnages et m\u00e9tiers\u2026 on s\u2019en l\u00e8che les babines !<\/div>\n<div><\/div>\n<div>Attribuez des logements et un m\u00e9tier aux Villageois, regardez-les se disputer ces fonctions et s\u2019\u00e9liminer les uns les autres pour les obtenir\u2026 Une profondeur de jeu in\u00e9gal\u00e9e et des centaines d\u2019heures de jeu en perspective !<\/div>\n<div><\/div>\n<div>Cette extension n\u00e9cessite le jeu de base pour \u00eatre jou\u00e9e.<\/div>\n","protected":false},"excerpt":{"rendered":"<p>Les Loups-Garous de Thiercelieux- Le Village est une extension pour le c\u00e9l\u00e8bre jeu Loups-Garous de Thiercelieux, qui ajoute de nouvelles options de jeu.<\/p>\n","protected":false},"featured_media":4798,"comment_status":"open","ping_status":"closed","template":"","meta":{"colormag_page_container_layout":"default_layout","colormag_page_sidebar_layout":"default_layout"},"product_brand":[],"product_cat":[43,42,40],"product_tag":[],"class_list":{"0":"post-4797","1":"product","2":"type-product","3":"status-publish","4":"has-post-thumbnail","6":"product_cat-grand-classique","7":"product_cat-jeux-a-roles-caches","8":"product_cat-jeux-dambiance","10":"first","11":"instock","12":"taxable","13":"shipping-taxable","14":"purchasable","15":"product-type-simple"},"yoast_head":"<!-- This site is optimized with the Yoast SEO plugin v27.3 - https:\/\/yoast.com\/product\/yoast-seo-wordpress\/ -->\n<title>Loups-Garous: Extension Le Village - Croc Jeux<\/title>\n<meta name=\"description\" content=\"Les Loups-Garous de Thiercelieux- Le Village est une extension pour le c\u00e9l\u00e8bre jeu Loups-Garous de Thiercelieux, qui ajoute de nouvelles options de jeu.\" \/>\n<meta name=\"robots\" content=\"index, follow, max-snippet:-1, max-image-preview:large, max-video-preview:-1\" \/>\n<link rel=\"canonical\" href=\"https:\/\/crocjeux.com\/index.php\/produit\/loups-garous-extension-le-village\/\" \/>\n<meta property=\"og:locale\" content=\"fr_FR\" \/>\n<meta property=\"og:type\" content=\"article\" \/>\n<meta property=\"og:title\" content=\"Loups-Garous: Extension Le Village - Croc Jeux\" \/>\n<meta property=\"og:description\" content=\"Les Loups-Garous de Thiercelieux- Le Village est une extension pour le c\u00e9l\u00e8bre jeu Loups-Garous de Thiercelieux, qui ajoute de nouvelles options de jeu.\" \/>\n<meta property=\"og:url\" content=\"https:\/\/crocjeux.com\/index.php\/produit\/loups-garous-extension-le-village\/\" \/>\n<meta property=\"og:site_name\" content=\"Croc Jeux\" \/>\n<meta property=\"article:modified_time\" content=\"2024-11-12T15:56:52+00:00\" \/>\n<meta property=\"og:image\" content=\"https:\/\/crocjeux.com\/wp-content\/uploads\/2023\/02\/les-loups-garous-de-thiercelieux-le-village.jpg\" \/>\n\t<meta property=\"og:image:width\" content=\"372\" \/>\n\t<meta property=\"og:image:height\" content=\"372\" \/>\n\t<meta property=\"og:image:type\" content=\"image\/jpeg\" \/>\n<meta name=\"twitter:card\" content=\"summary_large_image\" \/>\n<meta name=\"twitter:label1\" content=\"Dur\u00e9e de lecture estim\u00e9e\" \/>\n\t<meta name=\"twitter:data1\" content=\"1 minute\" \/>\n<script type=\"application\/ld+json\" class=\"yoast-schema-graph\">{\"@context\":\"https:\\\/\\\/schema.org\",\"@graph\":[{\"@type\":\"WebPage\",\"@id\":\"https:\\\/\\\/crocjeux.com\\\/index.php\\\/produit\\\/loups-garous-extension-le-village\\\/\",\"url\":\"https:\\\/\\\/crocjeux.com\\\/index.php\\\/produit\\\/loups-garous-extension-le-village\\\/\",\"name\":\"Loups-Garous: Extension Le Village - Croc Jeux\",\"isPartOf\":{\"@id\":\"https:\\\/\\\/crocjeux.com\\\/#website\"},\"primaryImageOfPage\":{\"@id\":\"https:\\\/\\\/crocjeux.com\\\/index.php\\\/produit\\\/loups-garous-extension-le-village\\\/#primaryimage\"},\"image\":{\"@id\":\"https:\\\/\\\/crocjeux.com\\\/index.php\\\/produit\\\/loups-garous-extension-le-village\\\/#primaryimage\"},\"thumbnailUrl\":\"https:\\\/\\\/crocjeux.com\\\/wp-content\\\/uploads\\\/2023\\\/02\\\/les-loups-garous-de-thiercelieux-le-village.jpg\",\"datePublished\":\"2023-02-09T09:30:39+00:00\",\"dateModified\":\"2024-11-12T15:56:52+00:00\",\"description\":\"Les Loups-Garous de Thiercelieux- Le Village est une extension pour le c\u00e9l\u00e8bre jeu Loups-Garous de Thiercelieux, qui ajoute de nouvelles options de jeu.\",\"breadcrumb\":{\"@id\":\"https:\\\/\\\/crocjeux.com\\\/index.php\\\/produit\\\/loups-garous-extension-le-village\\\/#breadcrumb\"},\"inLanguage\":\"fr-FR\",\"potentialAction\":[{\"@type\":\"ReadAction\",\"target\":[\"https:\\\/\\\/crocjeux.com\\\/index.php\\\/produit\\\/loups-garous-extension-le-village\\\/\"]}]},{\"@type\":\"ImageObject\",\"inLanguage\":\"fr-FR\",\"@id\":\"https:\\\/\\\/crocjeux.com\\\/index.php\\\/produit\\\/loups-garous-extension-le-village\\\/#primaryimage\",\"url\":\"https:\\\/\\\/crocjeux.com\\\/wp-content\\\/uploads\\\/2023\\\/02\\\/les-loups-garous-de-thiercelieux-le-village.jpg\",\"contentUrl\":\"https:\\\/\\\/crocjeux.com\\\/wp-content\\\/uploads\\\/2023\\\/02\\\/les-loups-garous-de-thiercelieux-le-village.jpg\",\"width\":372,\"height\":372},{\"@type\":\"BreadcrumbList\",\"@id\":\"https:\\\/\\\/crocjeux.com\\\/index.php\\\/produit\\\/loups-garous-extension-le-village\\\/#breadcrumb\",\"itemListElement\":[{\"@type\":\"ListItem\",\"position\":1,\"name\":\"Accueil\",\"item\":\"https:\\\/\\\/crocjeux.com\\\/\"},{\"@type\":\"ListItem\",\"position\":2,\"name\":\"Boutique\",\"item\":\"https:\\\/\\\/crocjeux.com\\\/\"},{\"@type\":\"ListItem\",\"position\":3,\"name\":\"Loups-Garous: Extension Le Village\"}]},{\"@type\":\"WebSite\",\"@id\":\"https:\\\/\\\/crocjeux.com\\\/#website\",\"url\":\"https:\\\/\\\/crocjeux.com\\\/\",\"name\":\"Croc Jeux\",\"description\":\"Bienvenue chez Croc Jeux!\",\"publisher\":{\"@id\":\"https:\\\/\\\/crocjeux.com\\\/#organization\"},\"potentialAction\":[{\"@type\":\"SearchAction\",\"target\":{\"@type\":\"EntryPoint\",\"urlTemplate\":\"https:\\\/\\\/crocjeux.com\\\/?s={search_term_string}\"},\"query-input\":{\"@type\":\"PropertyValueSpecification\",\"valueRequired\":true,\"valueName\":\"search_term_string\"}}],\"inLanguage\":\"fr-FR\"},{\"@type\":\"Organization\",\"@id\":\"https:\\\/\\\/crocjeux.com\\\/#organization\",\"name\":\"Croc Jeux\",\"url\":\"https:\\\/\\\/crocjeux.com\\\/\",\"logo\":{\"@type\":\"ImageObject\",\"inLanguage\":\"fr-FR\",\"@id\":\"https:\\\/\\\/crocjeux.com\\\/#\\\/schema\\\/logo\\\/image\\\/\",\"url\":\"https:\\\/\\\/crocjeux.com\\\/wp-content\\\/uploads\\\/2022\\\/01\\\/cropped-logo-croc-etape-1-e1644574034239.jpg\",\"contentUrl\":\"https:\\\/\\\/crocjeux.com\\\/wp-content\\\/uploads\\\/2022\\\/01\\\/cropped-logo-croc-etape-1-e1644574034239.jpg\",\"width\":1224,\"height\":314,\"caption\":\"Croc Jeux\"},\"image\":{\"@id\":\"https:\\\/\\\/crocjeux.com\\\/#\\\/schema\\\/logo\\\/image\\\/\"}}]}<\/script>\n<!-- \/ Yoast SEO plugin. -->","yoast_head_json":{"title":"Loups-Garous: Extension Le Village - Croc Jeux","description":"Les Loups-Garous de Thiercelieux- Le Village est une extension pour le c\u00e9l\u00e8bre jeu Loups-Garous de Thiercelieux, qui ajoute de nouvelles options de jeu.","robots":{"index":"index","follow":"follow","max-snippet":"max-snippet:-1","max-image-preview":"max-image-preview:large","max-video-preview":"max-video-preview:-1"},"canonical":"https:\/\/crocjeux.com\/index.php\/produit\/loups-garous-extension-le-village\/","og_locale":"fr_FR","og_type":"article","og_title":"Loups-Garous: Extension Le Village - Croc Jeux","og_description":"Les Loups-Garous de Thiercelieux- Le Village est une extension pour le c\u00e9l\u00e8bre jeu Loups-Garous de Thiercelieux, qui ajoute de nouvelles options de jeu.","og_url":"https:\/\/crocjeux.com\/index.php\/produit\/loups-garous-extension-le-village\/","og_site_name":"Croc Jeux","article_modified_time":"2024-11-12T15:56:52+00:00","og_image":[{"width":372,"height":372,"url":"https:\/\/crocjeux.com\/wp-content\/uploads\/2023\/02\/les-loups-garous-de-thiercelieux-le-village.jpg","type":"image\/jpeg"}],"twitter_card":"summary_large_image","twitter_misc":{"Dur\u00e9e de lecture estim\u00e9e":"1 minute"},"schema":{"@context":"https:\/\/schema.org","@graph":[{"@type":"WebPage","@id":"https:\/\/crocjeux.com\/index.php\/produit\/loups-garous-extension-le-village\/","url":"https:\/\/crocjeux.com\/index.php\/produit\/loups-garous-extension-le-village\/","name":"Loups-Garous: Extension Le Village - Croc Jeux","isPartOf":{"@id":"https:\/\/crocjeux.com\/#website"},"primaryImageOfPage":{"@id":"https:\/\/crocjeux.com\/index.php\/produit\/loups-garous-extension-le-village\/#primaryimage"},"image":{"@id":"https:\/\/crocjeux.com\/index.php\/produit\/loups-garous-extension-le-village\/#primaryimage"},"thumbnailUrl":"https:\/\/crocjeux.com\/wp-content\/uploads\/2023\/02\/les-loups-garous-de-thiercelieux-le-village.jpg","datePublished":"2023-02-09T09:30:39+00:00","dateModified":"2024-11-12T15:56:52+00:00","description":"Les Loups-Garous de Thiercelieux- Le Village est une extension pour le c\u00e9l\u00e8bre jeu Loups-Garous de Thiercelieux, qui ajoute de nouvelles options de jeu.","breadcrumb":{"@id":"https:\/\/crocjeux.com\/index.php\/produit\/loups-garous-extension-le-village\/#breadcrumb"},"inLanguage":"fr-FR","potentialAction":[{"@type":"ReadAction","target":["https:\/\/crocjeux.com\/index.php\/produit\/loups-garous-extension-le-village\/"]}]},{"@type":"ImageObject","inLanguage":"fr-FR","@id":"https:\/\/crocjeux.com\/index.php\/produit\/loups-garous-extension-le-village\/#primaryimage","url":"https:\/\/crocjeux.com\/wp-content\/uploads\/2023\/02\/les-loups-garous-de-thiercelieux-le-village.jpg","contentUrl":"https:\/\/crocjeux.com\/wp-content\/uploads\/2023\/02\/les-loups-garous-de-thiercelieux-le-village.jpg","width":372,"height":372},{"@type":"BreadcrumbList","@id":"https:\/\/crocjeux.com\/index.php\/produit\/loups-garous-extension-le-village\/#breadcrumb","itemListElement":[{"@type":"ListItem","position":1,"name":"Accueil","item":"https:\/\/crocjeux.com\/"},{"@type":"ListItem","position":2,"name":"Boutique","item":"https:\/\/crocjeux.com\/"},{"@type":"ListItem","position":3,"name":"Loups-Garous: Extension Le Village"}]},{"@type":"WebSite","@id":"https:\/\/crocjeux.com\/#website","url":"https:\/\/crocjeux.com\/","name":"Croc Jeux","description":"Bienvenue chez Croc Jeux!","publisher":{"@id":"https:\/\/crocjeux.com\/#organization"},"potentialAction":[{"@type":"SearchAction","target":{"@type":"EntryPoint","urlTemplate":"https:\/\/crocjeux.com\/?s={search_term_string}"},"query-input":{"@type":"PropertyValueSpecification","valueRequired":true,"valueName":"search_term_string"}}],"inLanguage":"fr-FR"},{"@type":"Organization","@id":"https:\/\/crocjeux.com\/#organization","name":"Croc Jeux","url":"https:\/\/crocjeux.com\/","logo":{"@type":"ImageObject","inLanguage":"fr-FR","@id":"https:\/\/crocjeux.com\/#\/schema\/logo\/image\/","url":"https:\/\/crocjeux.com\/wp-content\/uploads\/2022\/01\/cropped-logo-croc-etape-1-e1644574034239.jpg","contentUrl":"https:\/\/crocjeux.com\/wp-content\/uploads\/2022\/01\/cropped-logo-croc-etape-1-e1644574034239.jpg","width":1224,"height":314,"caption":"Croc Jeux"},"image":{"@id":"https:\/\/crocjeux.com\/#\/schema\/logo\/image\/"}}]}},"_links":{"self":[{"href":"https:\/\/crocjeux.com\/index.php\/wp-json\/wp\/v2\/product\/4797","targetHints":{"allow":["GET"]}}],"collection":[{"href":"https:\/\/crocjeux.com\/index.php\/wp-json\/wp\/v2\/product"}],"about":[{"href":"https:\/\/crocjeux.com\/index.php\/wp-json\/wp\/v2\/types\/product"}],"replies":[{"embeddable":true,"href":"https:\/\/crocjeux.com\/index.php\/wp-json\/wp\/v2\/comments?post=4797"}],"wp:featuredmedia":[{"embeddable":true,"href":"https:\/\/crocjeux.com\/index.php\/wp-json\/wp\/v2\/media\/4798"}],"wp:attachment":[{"href":"https:\/\/crocjeux.com\/index.php\/wp-json\/wp\/v2\/media?parent=4797"}],"wp:term":[{"taxonomy":"product_brand","embeddable":true,"href":"https:\/\/crocjeux.com\/index.php\/wp-json\/wp\/v2\/product_brand?post=4797"},{"taxonomy":"product_cat","embeddable":true,"href":"https:\/\/crocjeux.com\/index.php\/wp-json\/wp\/v2\/product_cat?post=4797"},{"taxonomy":"product_tag","embeddable":true,"href":"https:\/\/crocjeux.com\/index.php\/wp-json\/wp\/v2\/product_tag?post=4797"}],"curies":[{"name":"wp","href":"https:\/\/api.w.org\/{rel}","templated":true}]}}