{"id":4799,"date":"2023-02-09T10:36:29","date_gmt":"2023-02-09T09:36:29","guid":{"rendered":"https:\/\/crocjeux.com\/?post_type=product&#038;p=4799"},"modified":"2023-02-09T16:37:37","modified_gmt":"2023-02-09T15:37:37","slug":"lssamblee-des-villains","status":"publish","type":"product","link":"https:\/\/crocjeux.com\/index.php\/produit\/lssamblee-des-villains\/","title":{"rendered":"L&rsquo;Assembl\u00e9e des Vilains"},"content":{"rendered":"<div>\n<h2>Incarnez un vrai m\u00e9chant !<\/h2>\n<p>Dans l&rsquo;Assembl\u00e9e des Vilains : Un Jeu Loups-Garous, incarnez un m\u00e9chant de Disney tel que Mal\u00e9fique, Had\u00e8s ou le Capitaine Crochet dans un royaume sombre accompagn\u00e9 de vos sbires !<\/p>\n<\/div>\n<div>Imaginez un royaume sombre et d\u00e9sol\u00e9, rempli uniquement de chaos et de malheurs, o\u00f9 seuls les m\u00e9chants les plus puissants peuvent survivre et prosp\u00e9rer. Dans un monde o\u00f9 tout le monde est m\u00e9chant, y a-t-il quelqu&rsquo;un \u00e0 qui l&rsquo;on peut vraiment faire confiance ?<\/div>\n<h2>Un jeu d&rsquo;\u00e9quipe comp\u00e9titif<\/h2>\n<div>Deux \u00e9quipes se battent pour le contr\u00f4le, alternant les phases de jour et de nuit. Chaque nuit, les m\u00e9chants se r\u00e9veillent un par un et utilisent leurs capacit\u00e9s uniques pour poursuivre leurs objectifs.<\/div>\n<div><\/div>\n<div>Chaque jour, l&rsquo;assembl\u00e9e d\u00e9bat et tente de d\u00e9masquer les tra\u00eetres parmi eux, mais comme personne ne sait dans quelle \u00e9quipe il se trouve, il sera difficile de se faire confiance et le bluff sera le meilleur moyen de dominer leur nouvel environnement.<\/div>\n<p>Bien que chaque r\u00f4le soit connu des autres joueurs, chaque personnage a \u00e9galement un \u00ab\u00a0alignement secret\u00a0\u00bb qui d\u00e9termine son objectif &#8211; ce qui rend encore plus difficile de savoir \u00e0 qui faire confiance !<\/p>\n","protected":false},"excerpt":{"rendered":"<p>L&rsquo;Assembl\u00e9e des Vilains est une adaptation des Loups Garous de Thiercellieux \u00e0 celui des Vilains de l&rsquo;univers Disney.<\/p>\n","protected":false},"featured_media":4800,"comment_status":"open","ping_status":"closed","template":"","meta":{"colormag_page_container_layout":"default_layout","colormag_page_sidebar_layout":"default_layout"},"product_brand":[],"product_cat":[43,42,40],"product_tag":[],"class_list":{"0":"post-4799","1":"product","2":"type-product","3":"status-publish","4":"has-post-thumbnail","6":"product_cat-grand-classique","7":"product_cat-jeux-a-roles-caches","8":"product_cat-jeux-dambiance","10":"first","11":"instock","12":"taxable","13":"shipping-taxable","14":"purchasable","15":"product-type-simple"},"yoast_head":"<!-- This site is optimized with the Yoast SEO plugin v27.3 - https:\/\/yoast.com\/product\/yoast-seo-wordpress\/ -->\n<title>L&#039;Assembl\u00e9e des Vilains - Croc Jeux<\/title>\n<meta name=\"description\" content=\"L&#039;Assembl\u00e9e des Vilains est une adaptation des Loups Garous de Thiercellieux \u00e0 celui des Vilains de l&#039;univers Disney.\" \/>\n<meta name=\"robots\" content=\"index, follow, max-snippet:-1, max-image-preview:large, max-video-preview:-1\" \/>\n<link rel=\"canonical\" href=\"https:\/\/crocjeux.com\/index.php\/produit\/lssamblee-des-villains\/\" \/>\n<meta property=\"og:locale\" content=\"fr_FR\" \/>\n<meta property=\"og:type\" content=\"article\" \/>\n<meta property=\"og:title\" content=\"L&#039;Assembl\u00e9e des Vilains - Croc Jeux\" \/>\n<meta property=\"og:description\" content=\"L&#039;Assembl\u00e9e des Vilains est une adaptation des Loups Garous de Thiercellieux \u00e0 celui des Vilains de l&#039;univers Disney.\" \/>\n<meta property=\"og:url\" content=\"https:\/\/crocjeux.com\/index.php\/produit\/lssamblee-des-villains\/\" \/>\n<meta property=\"og:site_name\" content=\"Croc Jeux\" \/>\n<meta property=\"article:modified_time\" content=\"2023-02-09T15:37:37+00:00\" \/>\n<meta property=\"og:image\" content=\"https:\/\/crocjeux.com\/wp-content\/uploads\/2023\/02\/l-assemblee-des-vilains-un-jeu-loups-garous.jpg\" \/>\n\t<meta property=\"og:image:width\" content=\"372\" \/>\n\t<meta property=\"og:image:height\" content=\"372\" \/>\n\t<meta property=\"og:image:type\" content=\"image\/jpeg\" \/>\n<meta name=\"twitter:card\" content=\"summary_large_image\" \/>\n<meta name=\"twitter:label1\" content=\"Dur\u00e9e de lecture estim\u00e9e\" \/>\n\t<meta name=\"twitter:data1\" content=\"1 minute\" \/>\n<script type=\"application\/ld+json\" class=\"yoast-schema-graph\">{\"@context\":\"https:\\\/\\\/schema.org\",\"@graph\":[{\"@type\":\"WebPage\",\"@id\":\"https:\\\/\\\/crocjeux.com\\\/index.php\\\/produit\\\/lssamblee-des-villains\\\/\",\"url\":\"https:\\\/\\\/crocjeux.com\\\/index.php\\\/produit\\\/lssamblee-des-villains\\\/\",\"name\":\"L'Assembl\u00e9e des Vilains - Croc Jeux\",\"isPartOf\":{\"@id\":\"https:\\\/\\\/crocjeux.com\\\/#website\"},\"primaryImageOfPage\":{\"@id\":\"https:\\\/\\\/crocjeux.com\\\/index.php\\\/produit\\\/lssamblee-des-villains\\\/#primaryimage\"},\"image\":{\"@id\":\"https:\\\/\\\/crocjeux.com\\\/index.php\\\/produit\\\/lssamblee-des-villains\\\/#primaryimage\"},\"thumbnailUrl\":\"https:\\\/\\\/crocjeux.com\\\/wp-content\\\/uploads\\\/2023\\\/02\\\/l-assemblee-des-vilains-un-jeu-loups-garous.jpg\",\"datePublished\":\"2023-02-09T09:36:29+00:00\",\"dateModified\":\"2023-02-09T15:37:37+00:00\",\"description\":\"L'Assembl\u00e9e des Vilains est une adaptation des Loups Garous de Thiercellieux \u00e0 celui des Vilains de l'univers Disney.\",\"breadcrumb\":{\"@id\":\"https:\\\/\\\/crocjeux.com\\\/index.php\\\/produit\\\/lssamblee-des-villains\\\/#breadcrumb\"},\"inLanguage\":\"fr-FR\",\"potentialAction\":[{\"@type\":\"ReadAction\",\"target\":[\"https:\\\/\\\/crocjeux.com\\\/index.php\\\/produit\\\/lssamblee-des-villains\\\/\"]}]},{\"@type\":\"ImageObject\",\"inLanguage\":\"fr-FR\",\"@id\":\"https:\\\/\\\/crocjeux.com\\\/index.php\\\/produit\\\/lssamblee-des-villains\\\/#primaryimage\",\"url\":\"https:\\\/\\\/crocjeux.com\\\/wp-content\\\/uploads\\\/2023\\\/02\\\/l-assemblee-des-vilains-un-jeu-loups-garous.jpg\",\"contentUrl\":\"https:\\\/\\\/crocjeux.com\\\/wp-content\\\/uploads\\\/2023\\\/02\\\/l-assemblee-des-vilains-un-jeu-loups-garous.jpg\",\"width\":372,\"height\":372},{\"@type\":\"BreadcrumbList\",\"@id\":\"https:\\\/\\\/crocjeux.com\\\/index.php\\\/produit\\\/lssamblee-des-villains\\\/#breadcrumb\",\"itemListElement\":[{\"@type\":\"ListItem\",\"position\":1,\"name\":\"Accueil\",\"item\":\"https:\\\/\\\/crocjeux.com\\\/\"},{\"@type\":\"ListItem\",\"position\":2,\"name\":\"Boutique\",\"item\":\"https:\\\/\\\/crocjeux.com\\\/\"},{\"@type\":\"ListItem\",\"position\":3,\"name\":\"L&#8217;Assembl\u00e9e des Vilains\"}]},{\"@type\":\"WebSite\",\"@id\":\"https:\\\/\\\/crocjeux.com\\\/#website\",\"url\":\"https:\\\/\\\/crocjeux.com\\\/\",\"name\":\"Croc Jeux\",\"description\":\"Bienvenue chez Croc Jeux!\",\"publisher\":{\"@id\":\"https:\\\/\\\/crocjeux.com\\\/#organization\"},\"potentialAction\":[{\"@type\":\"SearchAction\",\"target\":{\"@type\":\"EntryPoint\",\"urlTemplate\":\"https:\\\/\\\/crocjeux.com\\\/?s={search_term_string}\"},\"query-input\":{\"@type\":\"PropertyValueSpecification\",\"valueRequired\":true,\"valueName\":\"search_term_string\"}}],\"inLanguage\":\"fr-FR\"},{\"@type\":\"Organization\",\"@id\":\"https:\\\/\\\/crocjeux.com\\\/#organization\",\"name\":\"Croc Jeux\",\"url\":\"https:\\\/\\\/crocjeux.com\\\/\",\"logo\":{\"@type\":\"ImageObject\",\"inLanguage\":\"fr-FR\",\"@id\":\"https:\\\/\\\/crocjeux.com\\\/#\\\/schema\\\/logo\\\/image\\\/\",\"url\":\"https:\\\/\\\/crocjeux.com\\\/wp-content\\\/uploads\\\/2022\\\/01\\\/cropped-logo-croc-etape-1-e1644574034239.jpg\",\"contentUrl\":\"https:\\\/\\\/crocjeux.com\\\/wp-content\\\/uploads\\\/2022\\\/01\\\/cropped-logo-croc-etape-1-e1644574034239.jpg\",\"width\":1224,\"height\":314,\"caption\":\"Croc Jeux\"},\"image\":{\"@id\":\"https:\\\/\\\/crocjeux.com\\\/#\\\/schema\\\/logo\\\/image\\\/\"}}]}<\/script>\n<!-- \/ Yoast SEO plugin. -->","yoast_head_json":{"title":"L'Assembl\u00e9e des Vilains - Croc Jeux","description":"L'Assembl\u00e9e des Vilains est une adaptation des Loups Garous de Thiercellieux \u00e0 celui des Vilains de l'univers Disney.","robots":{"index":"index","follow":"follow","max-snippet":"max-snippet:-1","max-image-preview":"max-image-preview:large","max-video-preview":"max-video-preview:-1"},"canonical":"https:\/\/crocjeux.com\/index.php\/produit\/lssamblee-des-villains\/","og_locale":"fr_FR","og_type":"article","og_title":"L'Assembl\u00e9e des Vilains - Croc Jeux","og_description":"L'Assembl\u00e9e des Vilains est une adaptation des Loups Garous de Thiercellieux \u00e0 celui des Vilains de l'univers Disney.","og_url":"https:\/\/crocjeux.com\/index.php\/produit\/lssamblee-des-villains\/","og_site_name":"Croc Jeux","article_modified_time":"2023-02-09T15:37:37+00:00","og_image":[{"width":372,"height":372,"url":"https:\/\/crocjeux.com\/wp-content\/uploads\/2023\/02\/l-assemblee-des-vilains-un-jeu-loups-garous.jpg","type":"image\/jpeg"}],"twitter_card":"summary_large_image","twitter_misc":{"Dur\u00e9e de lecture estim\u00e9e":"1 minute"},"schema":{"@context":"https:\/\/schema.org","@graph":[{"@type":"WebPage","@id":"https:\/\/crocjeux.com\/index.php\/produit\/lssamblee-des-villains\/","url":"https:\/\/crocjeux.com\/index.php\/produit\/lssamblee-des-villains\/","name":"L'Assembl\u00e9e des Vilains - Croc Jeux","isPartOf":{"@id":"https:\/\/crocjeux.com\/#website"},"primaryImageOfPage":{"@id":"https:\/\/crocjeux.com\/index.php\/produit\/lssamblee-des-villains\/#primaryimage"},"image":{"@id":"https:\/\/crocjeux.com\/index.php\/produit\/lssamblee-des-villains\/#primaryimage"},"thumbnailUrl":"https:\/\/crocjeux.com\/wp-content\/uploads\/2023\/02\/l-assemblee-des-vilains-un-jeu-loups-garous.jpg","datePublished":"2023-02-09T09:36:29+00:00","dateModified":"2023-02-09T15:37:37+00:00","description":"L'Assembl\u00e9e des Vilains est une adaptation des Loups Garous de Thiercellieux \u00e0 celui des Vilains de l'univers Disney.","breadcrumb":{"@id":"https:\/\/crocjeux.com\/index.php\/produit\/lssamblee-des-villains\/#breadcrumb"},"inLanguage":"fr-FR","potentialAction":[{"@type":"ReadAction","target":["https:\/\/crocjeux.com\/index.php\/produit\/lssamblee-des-villains\/"]}]},{"@type":"ImageObject","inLanguage":"fr-FR","@id":"https:\/\/crocjeux.com\/index.php\/produit\/lssamblee-des-villains\/#primaryimage","url":"https:\/\/crocjeux.com\/wp-content\/uploads\/2023\/02\/l-assemblee-des-vilains-un-jeu-loups-garous.jpg","contentUrl":"https:\/\/crocjeux.com\/wp-content\/uploads\/2023\/02\/l-assemblee-des-vilains-un-jeu-loups-garous.jpg","width":372,"height":372},{"@type":"BreadcrumbList","@id":"https:\/\/crocjeux.com\/index.php\/produit\/lssamblee-des-villains\/#breadcrumb","itemListElement":[{"@type":"ListItem","position":1,"name":"Accueil","item":"https:\/\/crocjeux.com\/"},{"@type":"ListItem","position":2,"name":"Boutique","item":"https:\/\/crocjeux.com\/"},{"@type":"ListItem","position":3,"name":"L&#8217;Assembl\u00e9e des Vilains"}]},{"@type":"WebSite","@id":"https:\/\/crocjeux.com\/#website","url":"https:\/\/crocjeux.com\/","name":"Croc Jeux","description":"Bienvenue chez Croc Jeux!","publisher":{"@id":"https:\/\/crocjeux.com\/#organization"},"potentialAction":[{"@type":"SearchAction","target":{"@type":"EntryPoint","urlTemplate":"https:\/\/crocjeux.com\/?s={search_term_string}"},"query-input":{"@type":"PropertyValueSpecification","valueRequired":true,"valueName":"search_term_string"}}],"inLanguage":"fr-FR"},{"@type":"Organization","@id":"https:\/\/crocjeux.com\/#organization","name":"Croc Jeux","url":"https:\/\/crocjeux.com\/","logo":{"@type":"ImageObject","inLanguage":"fr-FR","@id":"https:\/\/crocjeux.com\/#\/schema\/logo\/image\/","url":"https:\/\/crocjeux.com\/wp-content\/uploads\/2022\/01\/cropped-logo-croc-etape-1-e1644574034239.jpg","contentUrl":"https:\/\/crocjeux.com\/wp-content\/uploads\/2022\/01\/cropped-logo-croc-etape-1-e1644574034239.jpg","width":1224,"height":314,"caption":"Croc Jeux"},"image":{"@id":"https:\/\/crocjeux.com\/#\/schema\/logo\/image\/"}}]}},"_links":{"self":[{"href":"https:\/\/crocjeux.com\/index.php\/wp-json\/wp\/v2\/product\/4799","targetHints":{"allow":["GET"]}}],"collection":[{"href":"https:\/\/crocjeux.com\/index.php\/wp-json\/wp\/v2\/product"}],"about":[{"href":"https:\/\/crocjeux.com\/index.php\/wp-json\/wp\/v2\/types\/product"}],"replies":[{"embeddable":true,"href":"https:\/\/crocjeux.com\/index.php\/wp-json\/wp\/v2\/comments?post=4799"}],"wp:featuredmedia":[{"embeddable":true,"href":"https:\/\/crocjeux.com\/index.php\/wp-json\/wp\/v2\/media\/4800"}],"wp:attachment":[{"href":"https:\/\/crocjeux.com\/index.php\/wp-json\/wp\/v2\/media?parent=4799"}],"wp:term":[{"taxonomy":"product_brand","embeddable":true,"href":"https:\/\/crocjeux.com\/index.php\/wp-json\/wp\/v2\/product_brand?post=4799"},{"taxonomy":"product_cat","embeddable":true,"href":"https:\/\/crocjeux.com\/index.php\/wp-json\/wp\/v2\/product_cat?post=4799"},{"taxonomy":"product_tag","embeddable":true,"href":"https:\/\/crocjeux.com\/index.php\/wp-json\/wp\/v2\/product_tag?post=4799"}],"curies":[{"name":"wp","href":"https:\/\/api.w.org\/{rel}","templated":true}]}}