{"id":4803,"date":"2023-02-09T10:46:18","date_gmt":"2023-02-09T09:46:18","guid":{"rendered":"https:\/\/crocjeux.com\/?post_type=product&#038;p=4803"},"modified":"2023-02-09T11:12:01","modified_gmt":"2023-02-09T10:12:01","slug":"vampire-pour-une-nuit","status":"publish","type":"product","link":"https:\/\/crocjeux.com\/index.php\/produit\/vampire-pour-une-nuit\/","title":{"rendered":"Vampire pour une Nuit"},"content":{"rendered":"<div>Apr\u00e8s une longue nuit de pleine lune et un cr\u00e9puscule sanglant, les terribles Loups-Garous ont \u00e9t\u00e9 vaincus. Mais \u00e0 la tomb\u00e9e de la nuit l\u2019espoir s\u2019assombrit chez les habitants du village : \u00e7a n\u2019est qu\u2019un d\u00e9but !<\/div>\n<div><\/div>\n<div>De perfides vampires en ont profit\u00e9 pour se glisser parmi eux, assoiff\u00e9s de sang frais. Les habitants du village pourront-ils les d\u00e9masquer \u00e0 temps ou se feront-ils mordre, devenant des Vampires \u00e0 leur tour\u2026 ?<\/div>\n<div><\/div>\n<div><\/div>\n<div>Dans \u00ab Vampire pour une Nuit \u00bb,\u00a0 chaque joueur incarne un personnage tir\u00e9 au hasard : Villageois ou Vampire avec diff\u00e9rentes capacit\u00e9s sp\u00e9ciales. Pour gagner, il faut retrouver derri\u00e8re quels joueurs se cachent les Vampires.. \u00e0 moins d\u2019en \u00eatre un soi-m\u00eame\u2026 Dans ce cas, il s\u2019agira alors de semer la confusion et de d\u00e9tourner les soup\u00e7ons sur les autres !<\/div>\n<div><\/div>\n<div>\u00ab Vampire pour une Nuit \u00bb peut \u00eatre jou\u00e9 soit seul, soit en combinaison avec les jeux \u00ab Loup-Garou pour une nuit \u00bb et \u00ab Loup-Garou pour un Cr\u00e9puscule \u00bb.<\/div>\n","protected":false},"excerpt":{"rendered":"<p>Apr\u00e8s une longue nuit de pleine lune et un cr\u00e9puscule sanglant, les terribles Loups-Garous ont \u00e9t\u00e9 vaincus. Mais \u00e0 la tomb\u00e9e de la nuit l\u2019espoir s\u2019assombrit chez les habitants du village : \u00e7a n\u2019est qu\u2019un d\u00e9but !<\/p>\n","protected":false},"featured_media":4804,"comment_status":"open","ping_status":"closed","template":"","meta":{"colormag_page_container_layout":"default_layout","colormag_page_sidebar_layout":"default_layout"},"product_brand":[],"product_cat":[43,42,40],"product_tag":[],"class_list":{"0":"post-4803","1":"product","2":"type-product","3":"status-publish","4":"has-post-thumbnail","6":"product_cat-grand-classique","7":"product_cat-jeux-a-roles-caches","8":"product_cat-jeux-dambiance","10":"first","11":"instock","12":"taxable","13":"shipping-taxable","14":"purchasable","15":"product-type-simple"},"yoast_head":"<!-- This site is optimized with the Yoast SEO plugin v27.4 - https:\/\/yoast.com\/product\/yoast-seo-wordpress\/ -->\n<title>Vampire pour une Nuit - Croc Jeux<\/title>\n<meta name=\"description\" content=\"Apr\u00e8s une longue nuit de pleine lune et un cr\u00e9puscule sanglant, les terribles Loups-Garous ont \u00e9t\u00e9 vaincus. Mais \u00e0 la tomb\u00e9e de la nuit l\u2019espoir s\u2019assombrit chez les habitants du village : \u00e7a n\u2019est qu\u2019un d\u00e9but !\" \/>\n<meta name=\"robots\" content=\"index, follow, max-snippet:-1, max-image-preview:large, max-video-preview:-1\" \/>\n<link rel=\"canonical\" href=\"https:\/\/crocjeux.com\/index.php\/produit\/vampire-pour-une-nuit\/\" \/>\n<meta property=\"og:locale\" content=\"fr_FR\" \/>\n<meta property=\"og:type\" content=\"article\" \/>\n<meta property=\"og:title\" content=\"Vampire pour une Nuit - Croc Jeux\" \/>\n<meta property=\"og:description\" content=\"Apr\u00e8s une longue nuit de pleine lune et un cr\u00e9puscule sanglant, les terribles Loups-Garous ont \u00e9t\u00e9 vaincus. Mais \u00e0 la tomb\u00e9e de la nuit l\u2019espoir s\u2019assombrit chez les habitants du village : \u00e7a n\u2019est qu\u2019un d\u00e9but !\" \/>\n<meta property=\"og:url\" content=\"https:\/\/crocjeux.com\/index.php\/produit\/vampire-pour-une-nuit\/\" \/>\n<meta property=\"og:site_name\" content=\"Croc Jeux\" \/>\n<meta property=\"article:modified_time\" content=\"2023-02-09T10:12:01+00:00\" \/>\n<meta property=\"og:image\" content=\"https:\/\/crocjeux.com\/wp-content\/uploads\/2023\/02\/vampire-pour-une-nuit.webp\" \/>\n\t<meta property=\"og:image:width\" content=\"372\" \/>\n\t<meta property=\"og:image:height\" content=\"372\" \/>\n\t<meta property=\"og:image:type\" content=\"image\/webp\" \/>\n<meta name=\"twitter:card\" content=\"summary_large_image\" \/>\n<meta name=\"twitter:label1\" content=\"Dur\u00e9e de lecture estim\u00e9e\" \/>\n\t<meta name=\"twitter:data1\" content=\"1 minute\" \/>\n<script type=\"application\/ld+json\" class=\"yoast-schema-graph\">{\"@context\":\"https:\\\/\\\/schema.org\",\"@graph\":[{\"@type\":\"WebPage\",\"@id\":\"https:\\\/\\\/crocjeux.com\\\/index.php\\\/produit\\\/vampire-pour-une-nuit\\\/\",\"url\":\"https:\\\/\\\/crocjeux.com\\\/index.php\\\/produit\\\/vampire-pour-une-nuit\\\/\",\"name\":\"Vampire pour une Nuit - Croc Jeux\",\"isPartOf\":{\"@id\":\"https:\\\/\\\/crocjeux.com\\\/#website\"},\"primaryImageOfPage\":{\"@id\":\"https:\\\/\\\/crocjeux.com\\\/index.php\\\/produit\\\/vampire-pour-une-nuit\\\/#primaryimage\"},\"image\":{\"@id\":\"https:\\\/\\\/crocjeux.com\\\/index.php\\\/produit\\\/vampire-pour-une-nuit\\\/#primaryimage\"},\"thumbnailUrl\":\"https:\\\/\\\/crocjeux.com\\\/wp-content\\\/uploads\\\/2023\\\/02\\\/vampire-pour-une-nuit.webp\",\"datePublished\":\"2023-02-09T09:46:18+00:00\",\"dateModified\":\"2023-02-09T10:12:01+00:00\",\"description\":\"Apr\u00e8s une longue nuit de pleine lune et un cr\u00e9puscule sanglant, les terribles Loups-Garous ont \u00e9t\u00e9 vaincus. Mais \u00e0 la tomb\u00e9e de la nuit l\u2019espoir s\u2019assombrit chez les habitants du village : \u00e7a n\u2019est qu\u2019un d\u00e9but !\",\"breadcrumb\":{\"@id\":\"https:\\\/\\\/crocjeux.com\\\/index.php\\\/produit\\\/vampire-pour-une-nuit\\\/#breadcrumb\"},\"inLanguage\":\"fr-FR\",\"potentialAction\":[{\"@type\":\"ReadAction\",\"target\":[\"https:\\\/\\\/crocjeux.com\\\/index.php\\\/produit\\\/vampire-pour-une-nuit\\\/\"]}]},{\"@type\":\"ImageObject\",\"inLanguage\":\"fr-FR\",\"@id\":\"https:\\\/\\\/crocjeux.com\\\/index.php\\\/produit\\\/vampire-pour-une-nuit\\\/#primaryimage\",\"url\":\"https:\\\/\\\/crocjeux.com\\\/wp-content\\\/uploads\\\/2023\\\/02\\\/vampire-pour-une-nuit.webp\",\"contentUrl\":\"https:\\\/\\\/crocjeux.com\\\/wp-content\\\/uploads\\\/2023\\\/02\\\/vampire-pour-une-nuit.webp\",\"width\":372,\"height\":372},{\"@type\":\"BreadcrumbList\",\"@id\":\"https:\\\/\\\/crocjeux.com\\\/index.php\\\/produit\\\/vampire-pour-une-nuit\\\/#breadcrumb\",\"itemListElement\":[{\"@type\":\"ListItem\",\"position\":1,\"name\":\"Accueil\",\"item\":\"https:\\\/\\\/crocjeux.com\\\/\"},{\"@type\":\"ListItem\",\"position\":2,\"name\":\"Boutique\",\"item\":\"https:\\\/\\\/crocjeux.com\\\/\"},{\"@type\":\"ListItem\",\"position\":3,\"name\":\"Vampire pour une Nuit\"}]},{\"@type\":\"WebSite\",\"@id\":\"https:\\\/\\\/crocjeux.com\\\/#website\",\"url\":\"https:\\\/\\\/crocjeux.com\\\/\",\"name\":\"Croc Jeux\",\"description\":\"Bienvenue chez Croc Jeux!\",\"publisher\":{\"@id\":\"https:\\\/\\\/crocjeux.com\\\/#organization\"},\"potentialAction\":[{\"@type\":\"SearchAction\",\"target\":{\"@type\":\"EntryPoint\",\"urlTemplate\":\"https:\\\/\\\/crocjeux.com\\\/?s={search_term_string}\"},\"query-input\":{\"@type\":\"PropertyValueSpecification\",\"valueRequired\":true,\"valueName\":\"search_term_string\"}}],\"inLanguage\":\"fr-FR\"},{\"@type\":\"Organization\",\"@id\":\"https:\\\/\\\/crocjeux.com\\\/#organization\",\"name\":\"Croc Jeux\",\"url\":\"https:\\\/\\\/crocjeux.com\\\/\",\"logo\":{\"@type\":\"ImageObject\",\"inLanguage\":\"fr-FR\",\"@id\":\"https:\\\/\\\/crocjeux.com\\\/#\\\/schema\\\/logo\\\/image\\\/\",\"url\":\"https:\\\/\\\/crocjeux.com\\\/wp-content\\\/uploads\\\/2022\\\/01\\\/cropped-logo-croc-etape-1-e1644574034239.jpg\",\"contentUrl\":\"https:\\\/\\\/crocjeux.com\\\/wp-content\\\/uploads\\\/2022\\\/01\\\/cropped-logo-croc-etape-1-e1644574034239.jpg\",\"width\":1224,\"height\":314,\"caption\":\"Croc Jeux\"},\"image\":{\"@id\":\"https:\\\/\\\/crocjeux.com\\\/#\\\/schema\\\/logo\\\/image\\\/\"}}]}<\/script>\n<!-- \/ Yoast SEO plugin. -->","yoast_head_json":{"title":"Vampire pour une Nuit - Croc Jeux","description":"Apr\u00e8s une longue nuit de pleine lune et un cr\u00e9puscule sanglant, les terribles Loups-Garous ont \u00e9t\u00e9 vaincus. Mais \u00e0 la tomb\u00e9e de la nuit l\u2019espoir s\u2019assombrit chez les habitants du village : \u00e7a n\u2019est qu\u2019un d\u00e9but !","robots":{"index":"index","follow":"follow","max-snippet":"max-snippet:-1","max-image-preview":"max-image-preview:large","max-video-preview":"max-video-preview:-1"},"canonical":"https:\/\/crocjeux.com\/index.php\/produit\/vampire-pour-une-nuit\/","og_locale":"fr_FR","og_type":"article","og_title":"Vampire pour une Nuit - Croc Jeux","og_description":"Apr\u00e8s une longue nuit de pleine lune et un cr\u00e9puscule sanglant, les terribles Loups-Garous ont \u00e9t\u00e9 vaincus. Mais \u00e0 la tomb\u00e9e de la nuit l\u2019espoir s\u2019assombrit chez les habitants du village : \u00e7a n\u2019est qu\u2019un d\u00e9but !","og_url":"https:\/\/crocjeux.com\/index.php\/produit\/vampire-pour-une-nuit\/","og_site_name":"Croc Jeux","article_modified_time":"2023-02-09T10:12:01+00:00","og_image":[{"width":372,"height":372,"url":"https:\/\/crocjeux.com\/wp-content\/uploads\/2023\/02\/vampire-pour-une-nuit.webp","type":"image\/webp"}],"twitter_card":"summary_large_image","twitter_misc":{"Dur\u00e9e de lecture estim\u00e9e":"1 minute"},"schema":{"@context":"https:\/\/schema.org","@graph":[{"@type":"WebPage","@id":"https:\/\/crocjeux.com\/index.php\/produit\/vampire-pour-une-nuit\/","url":"https:\/\/crocjeux.com\/index.php\/produit\/vampire-pour-une-nuit\/","name":"Vampire pour une Nuit - Croc Jeux","isPartOf":{"@id":"https:\/\/crocjeux.com\/#website"},"primaryImageOfPage":{"@id":"https:\/\/crocjeux.com\/index.php\/produit\/vampire-pour-une-nuit\/#primaryimage"},"image":{"@id":"https:\/\/crocjeux.com\/index.php\/produit\/vampire-pour-une-nuit\/#primaryimage"},"thumbnailUrl":"https:\/\/crocjeux.com\/wp-content\/uploads\/2023\/02\/vampire-pour-une-nuit.webp","datePublished":"2023-02-09T09:46:18+00:00","dateModified":"2023-02-09T10:12:01+00:00","description":"Apr\u00e8s une longue nuit de pleine lune et un cr\u00e9puscule sanglant, les terribles Loups-Garous ont \u00e9t\u00e9 vaincus. Mais \u00e0 la tomb\u00e9e de la nuit l\u2019espoir s\u2019assombrit chez les habitants du village : \u00e7a n\u2019est qu\u2019un d\u00e9but !","breadcrumb":{"@id":"https:\/\/crocjeux.com\/index.php\/produit\/vampire-pour-une-nuit\/#breadcrumb"},"inLanguage":"fr-FR","potentialAction":[{"@type":"ReadAction","target":["https:\/\/crocjeux.com\/index.php\/produit\/vampire-pour-une-nuit\/"]}]},{"@type":"ImageObject","inLanguage":"fr-FR","@id":"https:\/\/crocjeux.com\/index.php\/produit\/vampire-pour-une-nuit\/#primaryimage","url":"https:\/\/crocjeux.com\/wp-content\/uploads\/2023\/02\/vampire-pour-une-nuit.webp","contentUrl":"https:\/\/crocjeux.com\/wp-content\/uploads\/2023\/02\/vampire-pour-une-nuit.webp","width":372,"height":372},{"@type":"BreadcrumbList","@id":"https:\/\/crocjeux.com\/index.php\/produit\/vampire-pour-une-nuit\/#breadcrumb","itemListElement":[{"@type":"ListItem","position":1,"name":"Accueil","item":"https:\/\/crocjeux.com\/"},{"@type":"ListItem","position":2,"name":"Boutique","item":"https:\/\/crocjeux.com\/"},{"@type":"ListItem","position":3,"name":"Vampire pour une Nuit"}]},{"@type":"WebSite","@id":"https:\/\/crocjeux.com\/#website","url":"https:\/\/crocjeux.com\/","name":"Croc Jeux","description":"Bienvenue chez Croc Jeux!","publisher":{"@id":"https:\/\/crocjeux.com\/#organization"},"potentialAction":[{"@type":"SearchAction","target":{"@type":"EntryPoint","urlTemplate":"https:\/\/crocjeux.com\/?s={search_term_string}"},"query-input":{"@type":"PropertyValueSpecification","valueRequired":true,"valueName":"search_term_string"}}],"inLanguage":"fr-FR"},{"@type":"Organization","@id":"https:\/\/crocjeux.com\/#organization","name":"Croc Jeux","url":"https:\/\/crocjeux.com\/","logo":{"@type":"ImageObject","inLanguage":"fr-FR","@id":"https:\/\/crocjeux.com\/#\/schema\/logo\/image\/","url":"https:\/\/crocjeux.com\/wp-content\/uploads\/2022\/01\/cropped-logo-croc-etape-1-e1644574034239.jpg","contentUrl":"https:\/\/crocjeux.com\/wp-content\/uploads\/2022\/01\/cropped-logo-croc-etape-1-e1644574034239.jpg","width":1224,"height":314,"caption":"Croc Jeux"},"image":{"@id":"https:\/\/crocjeux.com\/#\/schema\/logo\/image\/"}}]}},"_links":{"self":[{"href":"https:\/\/crocjeux.com\/index.php\/wp-json\/wp\/v2\/product\/4803","targetHints":{"allow":["GET"]}}],"collection":[{"href":"https:\/\/crocjeux.com\/index.php\/wp-json\/wp\/v2\/product"}],"about":[{"href":"https:\/\/crocjeux.com\/index.php\/wp-json\/wp\/v2\/types\/product"}],"replies":[{"embeddable":true,"href":"https:\/\/crocjeux.com\/index.php\/wp-json\/wp\/v2\/comments?post=4803"}],"wp:featuredmedia":[{"embeddable":true,"href":"https:\/\/crocjeux.com\/index.php\/wp-json\/wp\/v2\/media\/4804"}],"wp:attachment":[{"href":"https:\/\/crocjeux.com\/index.php\/wp-json\/wp\/v2\/media?parent=4803"}],"wp:term":[{"taxonomy":"product_brand","embeddable":true,"href":"https:\/\/crocjeux.com\/index.php\/wp-json\/wp\/v2\/product_brand?post=4803"},{"taxonomy":"product_cat","embeddable":true,"href":"https:\/\/crocjeux.com\/index.php\/wp-json\/wp\/v2\/product_cat?post=4803"},{"taxonomy":"product_tag","embeddable":true,"href":"https:\/\/crocjeux.com\/index.php\/wp-json\/wp\/v2\/product_tag?post=4803"}],"curies":[{"name":"wp","href":"https:\/\/api.w.org\/{rel}","templated":true}]}}