{"id":4818,"date":"2023-02-09T11:32:30","date_gmt":"2023-02-09T10:32:30","guid":{"rendered":"https:\/\/crocjeux.com\/?post_type=product&#038;p=4818"},"modified":"2023-02-09T11:32:31","modified_gmt":"2023-02-09T10:32:31","slug":"dix","status":"publish","type":"product","link":"https:\/\/crocjeux.com\/index.php\/produit\/dix\/","title":{"rendered":"Dix"},"content":{"rendered":"<h2>Un jeu d\u2019ench\u00e8res et de stop ou encore pour toute la famille<\/h2>\n<p>DIX\u00a0est un jeu familial dans lequel les joueurs tirent des cartes une par une, en essayant d\u2019en ajouter le plus possible sans d\u00e9passer la valeur totale de DIX, sinon ils seront \u201cgrill\u00e9s\u201d ! Les joueurs peuvent pousser leur chance pour tirer plus de cartes et utiliser des jetons pour acheter des cartes suppl\u00e9mentaires dans leur tentative de construire la plus longue s\u00e9quence de chiffres dans chaque couleur.<\/p>\n<div>Lorsque des jokers de valeur ou couleur diff\u00e9rente sortent de la pioche, les joueurs s\u2019affrontent dans des ench\u00e8res pour les obtenir afin de combler les trous dans leurs suites !<\/div>\n<h2>Comment jouer ?<\/h2>\n<div>\n<div>R\u00e9alisez des suites de nombres les plus longues possibles dans chacune des quatre couleurs. \u00c0 la fin de la partie, vous marquez un point par carte dans votre plus longue suite de chaque couleur. Si un joueur parvient \u00e0 r\u00e9unir une suite compl\u00e8te de 1 \u00e0 9 dans une couleur, il re\u00e7oit 1 point bonus pour cette couleur. Le joueur totalisant le plus de points remporte la victoire !<\/div>\n<\/div>\n<div><\/div>\n<div>\n<div>\u00c0 son tour, le joueur actif r\u00e9alise toujours une Phase de pioche, qui peut \u00eatre interrompue par une Phase d\u2019ench\u00e8res si un joker est r\u00e9v\u00e9l\u00e9. \u00c0 la fin de son tour et si le joueur n&rsquo;est pas grill\u00e9, il peut soit prendre les cartes Nombre et r\u00e9aliser une Phase d\u2019achat, soit prendre des jetons de monnaie.<\/div>\n<\/div>\n<div><\/div>\n<div>\n<div>Piocher la derni\u00e8re carte de la pioche d\u00e9clenche la fin de partie. Le joueur actif termine son tour normalement, mais ne peut plus piocher de carte<\/div>\n<div>suppl\u00e9mentaire.<\/div>\n<div>Apr\u00e8s qu\u2019il a fini son tour, chaque joueur restant peut r\u00e9aliser une ultime Phase d\u2019achat en commen\u00e7ant par le joueur situ\u00e9 \u00e0 la gauche du joueur actif. Apr\u00e8s que le joueur actif a termin\u00e9 sa Phase d\u2019achat, on proc\u00e8de \u00e0 un d\u00e9compte des points pour d\u00e9terminer le vainqueur.<\/div>\n<\/div>\n","protected":false},"excerpt":{"rendered":"<p>DIX est un jeu de stop ou encore et d&rsquo;ench\u00e8res passionnant pour toute la famille. Les joueurs tirent des cartes une par une, en essayant d\u2019en ajouter le plus possible sans d\u00e9passer la valeur totale de DIX.<\/p>\n","protected":false},"featured_media":4819,"comment_status":"open","ping_status":"closed","template":"","meta":{"colormag_page_container_layout":"default_layout","colormag_page_sidebar_layout":"default_layout"},"product_brand":[],"product_cat":[40,36],"product_tag":[],"class_list":{"0":"post-4818","1":"product","2":"type-product","3":"status-publish","4":"has-post-thumbnail","6":"product_cat-jeux-dambiance","7":"product_cat-jeux-familiaux","9":"first","10":"instock","11":"taxable","12":"shipping-taxable","13":"purchasable","14":"product-type-simple"},"yoast_head":"<!-- This site is optimized with the Yoast SEO plugin v27.3 - https:\/\/yoast.com\/product\/yoast-seo-wordpress\/ -->\n<title>Dix - Croc Jeux<\/title>\n<meta name=\"description\" content=\"DIX est un jeu de stop ou encore et d&#039;ench\u00e8res passionnant pour toute la famille. Les joueurs tirent des cartes une par une, en essayant d\u2019en ajouter le plus possible sans d\u00e9passer la valeur totale de DIX.\" \/>\n<meta name=\"robots\" content=\"index, follow, max-snippet:-1, max-image-preview:large, max-video-preview:-1\" \/>\n<link rel=\"canonical\" href=\"https:\/\/crocjeux.com\/index.php\/produit\/dix\/\" \/>\n<meta property=\"og:locale\" content=\"fr_FR\" \/>\n<meta property=\"og:type\" content=\"article\" \/>\n<meta property=\"og:title\" content=\"Dix - Croc Jeux\" \/>\n<meta property=\"og:description\" content=\"DIX est un jeu de stop ou encore et d&#039;ench\u00e8res passionnant pour toute la famille. Les joueurs tirent des cartes une par une, en essayant d\u2019en ajouter le plus possible sans d\u00e9passer la valeur totale de DIX.\" \/>\n<meta property=\"og:url\" content=\"https:\/\/crocjeux.com\/index.php\/produit\/dix\/\" \/>\n<meta property=\"og:site_name\" content=\"Croc Jeux\" \/>\n<meta property=\"article:modified_time\" content=\"2023-02-09T10:32:31+00:00\" \/>\n<meta property=\"og:image\" content=\"https:\/\/crocjeux.com\/wp-content\/uploads\/2023\/02\/dix.webp\" \/>\n\t<meta property=\"og:image:width\" content=\"372\" \/>\n\t<meta property=\"og:image:height\" content=\"372\" \/>\n\t<meta property=\"og:image:type\" content=\"image\/webp\" \/>\n<meta name=\"twitter:card\" content=\"summary_large_image\" \/>\n<meta name=\"twitter:label1\" content=\"Dur\u00e9e de lecture estim\u00e9e\" \/>\n\t<meta name=\"twitter:data1\" content=\"2 minutes\" \/>\n<script type=\"application\/ld+json\" class=\"yoast-schema-graph\">{\"@context\":\"https:\\\/\\\/schema.org\",\"@graph\":[{\"@type\":\"WebPage\",\"@id\":\"https:\\\/\\\/crocjeux.com\\\/index.php\\\/produit\\\/dix\\\/\",\"url\":\"https:\\\/\\\/crocjeux.com\\\/index.php\\\/produit\\\/dix\\\/\",\"name\":\"Dix - Croc Jeux\",\"isPartOf\":{\"@id\":\"https:\\\/\\\/crocjeux.com\\\/#website\"},\"primaryImageOfPage\":{\"@id\":\"https:\\\/\\\/crocjeux.com\\\/index.php\\\/produit\\\/dix\\\/#primaryimage\"},\"image\":{\"@id\":\"https:\\\/\\\/crocjeux.com\\\/index.php\\\/produit\\\/dix\\\/#primaryimage\"},\"thumbnailUrl\":\"https:\\\/\\\/crocjeux.com\\\/wp-content\\\/uploads\\\/2023\\\/02\\\/dix.webp\",\"datePublished\":\"2023-02-09T10:32:30+00:00\",\"dateModified\":\"2023-02-09T10:32:31+00:00\",\"description\":\"DIX est un jeu de stop ou encore et d'ench\u00e8res passionnant pour toute la famille. Les joueurs tirent des cartes une par une, en essayant d\u2019en ajouter le plus possible sans d\u00e9passer la valeur totale de DIX.\",\"breadcrumb\":{\"@id\":\"https:\\\/\\\/crocjeux.com\\\/index.php\\\/produit\\\/dix\\\/#breadcrumb\"},\"inLanguage\":\"fr-FR\",\"potentialAction\":[{\"@type\":\"ReadAction\",\"target\":[\"https:\\\/\\\/crocjeux.com\\\/index.php\\\/produit\\\/dix\\\/\"]}]},{\"@type\":\"ImageObject\",\"inLanguage\":\"fr-FR\",\"@id\":\"https:\\\/\\\/crocjeux.com\\\/index.php\\\/produit\\\/dix\\\/#primaryimage\",\"url\":\"https:\\\/\\\/crocjeux.com\\\/wp-content\\\/uploads\\\/2023\\\/02\\\/dix.webp\",\"contentUrl\":\"https:\\\/\\\/crocjeux.com\\\/wp-content\\\/uploads\\\/2023\\\/02\\\/dix.webp\",\"width\":372,\"height\":372},{\"@type\":\"BreadcrumbList\",\"@id\":\"https:\\\/\\\/crocjeux.com\\\/index.php\\\/produit\\\/dix\\\/#breadcrumb\",\"itemListElement\":[{\"@type\":\"ListItem\",\"position\":1,\"name\":\"Accueil\",\"item\":\"https:\\\/\\\/crocjeux.com\\\/\"},{\"@type\":\"ListItem\",\"position\":2,\"name\":\"Boutique\",\"item\":\"https:\\\/\\\/crocjeux.com\\\/\"},{\"@type\":\"ListItem\",\"position\":3,\"name\":\"Dix\"}]},{\"@type\":\"WebSite\",\"@id\":\"https:\\\/\\\/crocjeux.com\\\/#website\",\"url\":\"https:\\\/\\\/crocjeux.com\\\/\",\"name\":\"Croc Jeux\",\"description\":\"Bienvenue chez Croc Jeux!\",\"publisher\":{\"@id\":\"https:\\\/\\\/crocjeux.com\\\/#organization\"},\"potentialAction\":[{\"@type\":\"SearchAction\",\"target\":{\"@type\":\"EntryPoint\",\"urlTemplate\":\"https:\\\/\\\/crocjeux.com\\\/?s={search_term_string}\"},\"query-input\":{\"@type\":\"PropertyValueSpecification\",\"valueRequired\":true,\"valueName\":\"search_term_string\"}}],\"inLanguage\":\"fr-FR\"},{\"@type\":\"Organization\",\"@id\":\"https:\\\/\\\/crocjeux.com\\\/#organization\",\"name\":\"Croc Jeux\",\"url\":\"https:\\\/\\\/crocjeux.com\\\/\",\"logo\":{\"@type\":\"ImageObject\",\"inLanguage\":\"fr-FR\",\"@id\":\"https:\\\/\\\/crocjeux.com\\\/#\\\/schema\\\/logo\\\/image\\\/\",\"url\":\"https:\\\/\\\/crocjeux.com\\\/wp-content\\\/uploads\\\/2022\\\/01\\\/cropped-logo-croc-etape-1-e1644574034239.jpg\",\"contentUrl\":\"https:\\\/\\\/crocjeux.com\\\/wp-content\\\/uploads\\\/2022\\\/01\\\/cropped-logo-croc-etape-1-e1644574034239.jpg\",\"width\":1224,\"height\":314,\"caption\":\"Croc Jeux\"},\"image\":{\"@id\":\"https:\\\/\\\/crocjeux.com\\\/#\\\/schema\\\/logo\\\/image\\\/\"}}]}<\/script>\n<!-- \/ Yoast SEO plugin. -->","yoast_head_json":{"title":"Dix - Croc Jeux","description":"DIX est un jeu de stop ou encore et d'ench\u00e8res passionnant pour toute la famille. Les joueurs tirent des cartes une par une, en essayant d\u2019en ajouter le plus possible sans d\u00e9passer la valeur totale de DIX.","robots":{"index":"index","follow":"follow","max-snippet":"max-snippet:-1","max-image-preview":"max-image-preview:large","max-video-preview":"max-video-preview:-1"},"canonical":"https:\/\/crocjeux.com\/index.php\/produit\/dix\/","og_locale":"fr_FR","og_type":"article","og_title":"Dix - Croc Jeux","og_description":"DIX est un jeu de stop ou encore et d'ench\u00e8res passionnant pour toute la famille. Les joueurs tirent des cartes une par une, en essayant d\u2019en ajouter le plus possible sans d\u00e9passer la valeur totale de DIX.","og_url":"https:\/\/crocjeux.com\/index.php\/produit\/dix\/","og_site_name":"Croc Jeux","article_modified_time":"2023-02-09T10:32:31+00:00","og_image":[{"width":372,"height":372,"url":"https:\/\/crocjeux.com\/wp-content\/uploads\/2023\/02\/dix.webp","type":"image\/webp"}],"twitter_card":"summary_large_image","twitter_misc":{"Dur\u00e9e de lecture estim\u00e9e":"2 minutes"},"schema":{"@context":"https:\/\/schema.org","@graph":[{"@type":"WebPage","@id":"https:\/\/crocjeux.com\/index.php\/produit\/dix\/","url":"https:\/\/crocjeux.com\/index.php\/produit\/dix\/","name":"Dix - Croc Jeux","isPartOf":{"@id":"https:\/\/crocjeux.com\/#website"},"primaryImageOfPage":{"@id":"https:\/\/crocjeux.com\/index.php\/produit\/dix\/#primaryimage"},"image":{"@id":"https:\/\/crocjeux.com\/index.php\/produit\/dix\/#primaryimage"},"thumbnailUrl":"https:\/\/crocjeux.com\/wp-content\/uploads\/2023\/02\/dix.webp","datePublished":"2023-02-09T10:32:30+00:00","dateModified":"2023-02-09T10:32:31+00:00","description":"DIX est un jeu de stop ou encore et d'ench\u00e8res passionnant pour toute la famille. Les joueurs tirent des cartes une par une, en essayant d\u2019en ajouter le plus possible sans d\u00e9passer la valeur totale de DIX.","breadcrumb":{"@id":"https:\/\/crocjeux.com\/index.php\/produit\/dix\/#breadcrumb"},"inLanguage":"fr-FR","potentialAction":[{"@type":"ReadAction","target":["https:\/\/crocjeux.com\/index.php\/produit\/dix\/"]}]},{"@type":"ImageObject","inLanguage":"fr-FR","@id":"https:\/\/crocjeux.com\/index.php\/produit\/dix\/#primaryimage","url":"https:\/\/crocjeux.com\/wp-content\/uploads\/2023\/02\/dix.webp","contentUrl":"https:\/\/crocjeux.com\/wp-content\/uploads\/2023\/02\/dix.webp","width":372,"height":372},{"@type":"BreadcrumbList","@id":"https:\/\/crocjeux.com\/index.php\/produit\/dix\/#breadcrumb","itemListElement":[{"@type":"ListItem","position":1,"name":"Accueil","item":"https:\/\/crocjeux.com\/"},{"@type":"ListItem","position":2,"name":"Boutique","item":"https:\/\/crocjeux.com\/"},{"@type":"ListItem","position":3,"name":"Dix"}]},{"@type":"WebSite","@id":"https:\/\/crocjeux.com\/#website","url":"https:\/\/crocjeux.com\/","name":"Croc Jeux","description":"Bienvenue chez Croc Jeux!","publisher":{"@id":"https:\/\/crocjeux.com\/#organization"},"potentialAction":[{"@type":"SearchAction","target":{"@type":"EntryPoint","urlTemplate":"https:\/\/crocjeux.com\/?s={search_term_string}"},"query-input":{"@type":"PropertyValueSpecification","valueRequired":true,"valueName":"search_term_string"}}],"inLanguage":"fr-FR"},{"@type":"Organization","@id":"https:\/\/crocjeux.com\/#organization","name":"Croc Jeux","url":"https:\/\/crocjeux.com\/","logo":{"@type":"ImageObject","inLanguage":"fr-FR","@id":"https:\/\/crocjeux.com\/#\/schema\/logo\/image\/","url":"https:\/\/crocjeux.com\/wp-content\/uploads\/2022\/01\/cropped-logo-croc-etape-1-e1644574034239.jpg","contentUrl":"https:\/\/crocjeux.com\/wp-content\/uploads\/2022\/01\/cropped-logo-croc-etape-1-e1644574034239.jpg","width":1224,"height":314,"caption":"Croc Jeux"},"image":{"@id":"https:\/\/crocjeux.com\/#\/schema\/logo\/image\/"}}]}},"_links":{"self":[{"href":"https:\/\/crocjeux.com\/index.php\/wp-json\/wp\/v2\/product\/4818","targetHints":{"allow":["GET"]}}],"collection":[{"href":"https:\/\/crocjeux.com\/index.php\/wp-json\/wp\/v2\/product"}],"about":[{"href":"https:\/\/crocjeux.com\/index.php\/wp-json\/wp\/v2\/types\/product"}],"replies":[{"embeddable":true,"href":"https:\/\/crocjeux.com\/index.php\/wp-json\/wp\/v2\/comments?post=4818"}],"wp:featuredmedia":[{"embeddable":true,"href":"https:\/\/crocjeux.com\/index.php\/wp-json\/wp\/v2\/media\/4819"}],"wp:attachment":[{"href":"https:\/\/crocjeux.com\/index.php\/wp-json\/wp\/v2\/media?parent=4818"}],"wp:term":[{"taxonomy":"product_brand","embeddable":true,"href":"https:\/\/crocjeux.com\/index.php\/wp-json\/wp\/v2\/product_brand?post=4818"},{"taxonomy":"product_cat","embeddable":true,"href":"https:\/\/crocjeux.com\/index.php\/wp-json\/wp\/v2\/product_cat?post=4818"},{"taxonomy":"product_tag","embeddable":true,"href":"https:\/\/crocjeux.com\/index.php\/wp-json\/wp\/v2\/product_tag?post=4818"}],"curies":[{"name":"wp","href":"https:\/\/api.w.org\/{rel}","templated":true}]}}