{"id":4824,"date":"2023-02-09T11:43:11","date_gmt":"2023-02-09T10:43:11","guid":{"rendered":"https:\/\/crocjeux.com\/?post_type=product&#038;p=4824"},"modified":"2023-02-09T16:47:43","modified_gmt":"2023-02-09T15:47:43","slug":"bunny-kingdom-in-the-sky","status":"publish","type":"product","link":"https:\/\/crocjeux.com\/index.php\/produit\/bunny-kingdom-in-the-sky\/","title":{"rendered":"Bunny Kingdom in the Sky"},"content":{"rendered":"<div>Toujours sign\u00e9 Richard Garfield et superbement illustr\u00e9 par Paul Mafayon, Bunny Kingdom In the Sky vous propose de d\u00e9couvrir un nouvel univers, perch\u00e9 sur un gigantesque nuage.<\/div>\n<div><\/div>\n<div>Au programme : un tout nouveau plateau, \u00e0 placer \u00e0 c\u00f4t\u00e9 de celui du jeu se base, mais aussi tout un tas de nouvelles ressources merveilleuses, un 5\u00e8me joueurs, de splendides carottadelles ou encore l&rsquo;arriv\u00e9e du commerce !<\/div>\n<div><\/div>\n<div>\u00c0 vous de voir plus loin, plus grand et surtout\u2026 plus haut.<\/div>\n","protected":false},"excerpt":{"rendered":"<p>Bunny Kingdom In the Sky vous propose de d\u00e9couvrir un nouvel univers, perch\u00e9 sur un gigantesque nuage. Cette extension comprend un tout nouveau plateau, mais aussi tout un tas de nouvelles ressources merveilleuses.<\/p>\n","protected":false},"featured_media":4825,"comment_status":"open","ping_status":"closed","template":"","meta":{"colormag_page_container_layout":"default_layout","colormag_page_sidebar_layout":"default_layout"},"product_brand":[],"product_cat":[36],"product_tag":[],"class_list":{"0":"post-4824","1":"product","2":"type-product","3":"status-publish","4":"has-post-thumbnail","6":"product_cat-jeux-familiaux","8":"first","9":"instock","10":"taxable","11":"shipping-taxable","12":"purchasable","13":"product-type-simple"},"yoast_head":"<!-- This site is optimized with the Yoast SEO plugin v27.3 - https:\/\/yoast.com\/product\/yoast-seo-wordpress\/ -->\n<title>Bunny Kingdom in the Sky - Croc Jeux<\/title>\n<meta name=\"description\" content=\"Bunny Kingdom In the Sky vous propose de d\u00e9couvrir un nouvel univers, perch\u00e9 sur un gigantesque nuage. Cette extension comprend un tout nouveau plateau, mais aussi tout un tas de nouvelles ressources merveilleuses.\" \/>\n<meta name=\"robots\" content=\"index, follow, max-snippet:-1, max-image-preview:large, max-video-preview:-1\" \/>\n<link rel=\"canonical\" href=\"https:\/\/crocjeux.com\/index.php\/produit\/bunny-kingdom-in-the-sky\/\" \/>\n<meta property=\"og:locale\" content=\"fr_FR\" \/>\n<meta property=\"og:type\" content=\"article\" \/>\n<meta property=\"og:title\" content=\"Bunny Kingdom in the Sky - Croc Jeux\" \/>\n<meta property=\"og:description\" content=\"Bunny Kingdom In the Sky vous propose de d\u00e9couvrir un nouvel univers, perch\u00e9 sur un gigantesque nuage. Cette extension comprend un tout nouveau plateau, mais aussi tout un tas de nouvelles ressources merveilleuses.\" \/>\n<meta property=\"og:url\" content=\"https:\/\/crocjeux.com\/index.php\/produit\/bunny-kingdom-in-the-sky\/\" \/>\n<meta property=\"og:site_name\" content=\"Croc Jeux\" \/>\n<meta property=\"article:modified_time\" content=\"2023-02-09T15:47:43+00:00\" \/>\n<meta property=\"og:image\" content=\"https:\/\/crocjeux.com\/wp-content\/uploads\/2023\/02\/bunny-kingdom-in-the-sky.webp\" \/>\n\t<meta property=\"og:image:width\" content=\"372\" \/>\n\t<meta property=\"og:image:height\" content=\"372\" \/>\n\t<meta property=\"og:image:type\" content=\"image\/webp\" \/>\n<meta name=\"twitter:card\" content=\"summary_large_image\" \/>\n<meta name=\"twitter:label1\" content=\"Dur\u00e9e de lecture estim\u00e9e\" \/>\n\t<meta name=\"twitter:data1\" content=\"1 minute\" \/>\n<script type=\"application\/ld+json\" class=\"yoast-schema-graph\">{\"@context\":\"https:\\\/\\\/schema.org\",\"@graph\":[{\"@type\":\"WebPage\",\"@id\":\"https:\\\/\\\/crocjeux.com\\\/index.php\\\/produit\\\/bunny-kingdom-in-the-sky\\\/\",\"url\":\"https:\\\/\\\/crocjeux.com\\\/index.php\\\/produit\\\/bunny-kingdom-in-the-sky\\\/\",\"name\":\"Bunny Kingdom in the Sky - Croc Jeux\",\"isPartOf\":{\"@id\":\"https:\\\/\\\/crocjeux.com\\\/#website\"},\"primaryImageOfPage\":{\"@id\":\"https:\\\/\\\/crocjeux.com\\\/index.php\\\/produit\\\/bunny-kingdom-in-the-sky\\\/#primaryimage\"},\"image\":{\"@id\":\"https:\\\/\\\/crocjeux.com\\\/index.php\\\/produit\\\/bunny-kingdom-in-the-sky\\\/#primaryimage\"},\"thumbnailUrl\":\"https:\\\/\\\/crocjeux.com\\\/wp-content\\\/uploads\\\/2023\\\/02\\\/bunny-kingdom-in-the-sky.webp\",\"datePublished\":\"2023-02-09T10:43:11+00:00\",\"dateModified\":\"2023-02-09T15:47:43+00:00\",\"description\":\"Bunny Kingdom In the Sky vous propose de d\u00e9couvrir un nouvel univers, perch\u00e9 sur un gigantesque nuage. Cette extension comprend un tout nouveau plateau, mais aussi tout un tas de nouvelles ressources merveilleuses.\",\"breadcrumb\":{\"@id\":\"https:\\\/\\\/crocjeux.com\\\/index.php\\\/produit\\\/bunny-kingdom-in-the-sky\\\/#breadcrumb\"},\"inLanguage\":\"fr-FR\",\"potentialAction\":[{\"@type\":\"ReadAction\",\"target\":[\"https:\\\/\\\/crocjeux.com\\\/index.php\\\/produit\\\/bunny-kingdom-in-the-sky\\\/\"]}]},{\"@type\":\"ImageObject\",\"inLanguage\":\"fr-FR\",\"@id\":\"https:\\\/\\\/crocjeux.com\\\/index.php\\\/produit\\\/bunny-kingdom-in-the-sky\\\/#primaryimage\",\"url\":\"https:\\\/\\\/crocjeux.com\\\/wp-content\\\/uploads\\\/2023\\\/02\\\/bunny-kingdom-in-the-sky.webp\",\"contentUrl\":\"https:\\\/\\\/crocjeux.com\\\/wp-content\\\/uploads\\\/2023\\\/02\\\/bunny-kingdom-in-the-sky.webp\",\"width\":372,\"height\":372},{\"@type\":\"BreadcrumbList\",\"@id\":\"https:\\\/\\\/crocjeux.com\\\/index.php\\\/produit\\\/bunny-kingdom-in-the-sky\\\/#breadcrumb\",\"itemListElement\":[{\"@type\":\"ListItem\",\"position\":1,\"name\":\"Accueil\",\"item\":\"https:\\\/\\\/crocjeux.com\\\/\"},{\"@type\":\"ListItem\",\"position\":2,\"name\":\"Boutique\",\"item\":\"https:\\\/\\\/crocjeux.com\\\/\"},{\"@type\":\"ListItem\",\"position\":3,\"name\":\"Bunny Kingdom in the Sky\"}]},{\"@type\":\"WebSite\",\"@id\":\"https:\\\/\\\/crocjeux.com\\\/#website\",\"url\":\"https:\\\/\\\/crocjeux.com\\\/\",\"name\":\"Croc Jeux\",\"description\":\"Bienvenue chez Croc Jeux!\",\"publisher\":{\"@id\":\"https:\\\/\\\/crocjeux.com\\\/#organization\"},\"potentialAction\":[{\"@type\":\"SearchAction\",\"target\":{\"@type\":\"EntryPoint\",\"urlTemplate\":\"https:\\\/\\\/crocjeux.com\\\/?s={search_term_string}\"},\"query-input\":{\"@type\":\"PropertyValueSpecification\",\"valueRequired\":true,\"valueName\":\"search_term_string\"}}],\"inLanguage\":\"fr-FR\"},{\"@type\":\"Organization\",\"@id\":\"https:\\\/\\\/crocjeux.com\\\/#organization\",\"name\":\"Croc Jeux\",\"url\":\"https:\\\/\\\/crocjeux.com\\\/\",\"logo\":{\"@type\":\"ImageObject\",\"inLanguage\":\"fr-FR\",\"@id\":\"https:\\\/\\\/crocjeux.com\\\/#\\\/schema\\\/logo\\\/image\\\/\",\"url\":\"https:\\\/\\\/crocjeux.com\\\/wp-content\\\/uploads\\\/2022\\\/01\\\/cropped-logo-croc-etape-1-e1644574034239.jpg\",\"contentUrl\":\"https:\\\/\\\/crocjeux.com\\\/wp-content\\\/uploads\\\/2022\\\/01\\\/cropped-logo-croc-etape-1-e1644574034239.jpg\",\"width\":1224,\"height\":314,\"caption\":\"Croc Jeux\"},\"image\":{\"@id\":\"https:\\\/\\\/crocjeux.com\\\/#\\\/schema\\\/logo\\\/image\\\/\"}}]}<\/script>\n<!-- \/ Yoast SEO plugin. -->","yoast_head_json":{"title":"Bunny Kingdom in the Sky - Croc Jeux","description":"Bunny Kingdom In the Sky vous propose de d\u00e9couvrir un nouvel univers, perch\u00e9 sur un gigantesque nuage. Cette extension comprend un tout nouveau plateau, mais aussi tout un tas de nouvelles ressources merveilleuses.","robots":{"index":"index","follow":"follow","max-snippet":"max-snippet:-1","max-image-preview":"max-image-preview:large","max-video-preview":"max-video-preview:-1"},"canonical":"https:\/\/crocjeux.com\/index.php\/produit\/bunny-kingdom-in-the-sky\/","og_locale":"fr_FR","og_type":"article","og_title":"Bunny Kingdom in the Sky - Croc Jeux","og_description":"Bunny Kingdom In the Sky vous propose de d\u00e9couvrir un nouvel univers, perch\u00e9 sur un gigantesque nuage. Cette extension comprend un tout nouveau plateau, mais aussi tout un tas de nouvelles ressources merveilleuses.","og_url":"https:\/\/crocjeux.com\/index.php\/produit\/bunny-kingdom-in-the-sky\/","og_site_name":"Croc Jeux","article_modified_time":"2023-02-09T15:47:43+00:00","og_image":[{"width":372,"height":372,"url":"https:\/\/crocjeux.com\/wp-content\/uploads\/2023\/02\/bunny-kingdom-in-the-sky.webp","type":"image\/webp"}],"twitter_card":"summary_large_image","twitter_misc":{"Dur\u00e9e de lecture estim\u00e9e":"1 minute"},"schema":{"@context":"https:\/\/schema.org","@graph":[{"@type":"WebPage","@id":"https:\/\/crocjeux.com\/index.php\/produit\/bunny-kingdom-in-the-sky\/","url":"https:\/\/crocjeux.com\/index.php\/produit\/bunny-kingdom-in-the-sky\/","name":"Bunny Kingdom in the Sky - Croc Jeux","isPartOf":{"@id":"https:\/\/crocjeux.com\/#website"},"primaryImageOfPage":{"@id":"https:\/\/crocjeux.com\/index.php\/produit\/bunny-kingdom-in-the-sky\/#primaryimage"},"image":{"@id":"https:\/\/crocjeux.com\/index.php\/produit\/bunny-kingdom-in-the-sky\/#primaryimage"},"thumbnailUrl":"https:\/\/crocjeux.com\/wp-content\/uploads\/2023\/02\/bunny-kingdom-in-the-sky.webp","datePublished":"2023-02-09T10:43:11+00:00","dateModified":"2023-02-09T15:47:43+00:00","description":"Bunny Kingdom In the Sky vous propose de d\u00e9couvrir un nouvel univers, perch\u00e9 sur un gigantesque nuage. Cette extension comprend un tout nouveau plateau, mais aussi tout un tas de nouvelles ressources merveilleuses.","breadcrumb":{"@id":"https:\/\/crocjeux.com\/index.php\/produit\/bunny-kingdom-in-the-sky\/#breadcrumb"},"inLanguage":"fr-FR","potentialAction":[{"@type":"ReadAction","target":["https:\/\/crocjeux.com\/index.php\/produit\/bunny-kingdom-in-the-sky\/"]}]},{"@type":"ImageObject","inLanguage":"fr-FR","@id":"https:\/\/crocjeux.com\/index.php\/produit\/bunny-kingdom-in-the-sky\/#primaryimage","url":"https:\/\/crocjeux.com\/wp-content\/uploads\/2023\/02\/bunny-kingdom-in-the-sky.webp","contentUrl":"https:\/\/crocjeux.com\/wp-content\/uploads\/2023\/02\/bunny-kingdom-in-the-sky.webp","width":372,"height":372},{"@type":"BreadcrumbList","@id":"https:\/\/crocjeux.com\/index.php\/produit\/bunny-kingdom-in-the-sky\/#breadcrumb","itemListElement":[{"@type":"ListItem","position":1,"name":"Accueil","item":"https:\/\/crocjeux.com\/"},{"@type":"ListItem","position":2,"name":"Boutique","item":"https:\/\/crocjeux.com\/"},{"@type":"ListItem","position":3,"name":"Bunny Kingdom in the Sky"}]},{"@type":"WebSite","@id":"https:\/\/crocjeux.com\/#website","url":"https:\/\/crocjeux.com\/","name":"Croc Jeux","description":"Bienvenue chez Croc Jeux!","publisher":{"@id":"https:\/\/crocjeux.com\/#organization"},"potentialAction":[{"@type":"SearchAction","target":{"@type":"EntryPoint","urlTemplate":"https:\/\/crocjeux.com\/?s={search_term_string}"},"query-input":{"@type":"PropertyValueSpecification","valueRequired":true,"valueName":"search_term_string"}}],"inLanguage":"fr-FR"},{"@type":"Organization","@id":"https:\/\/crocjeux.com\/#organization","name":"Croc Jeux","url":"https:\/\/crocjeux.com\/","logo":{"@type":"ImageObject","inLanguage":"fr-FR","@id":"https:\/\/crocjeux.com\/#\/schema\/logo\/image\/","url":"https:\/\/crocjeux.com\/wp-content\/uploads\/2022\/01\/cropped-logo-croc-etape-1-e1644574034239.jpg","contentUrl":"https:\/\/crocjeux.com\/wp-content\/uploads\/2022\/01\/cropped-logo-croc-etape-1-e1644574034239.jpg","width":1224,"height":314,"caption":"Croc Jeux"},"image":{"@id":"https:\/\/crocjeux.com\/#\/schema\/logo\/image\/"}}]}},"_links":{"self":[{"href":"https:\/\/crocjeux.com\/index.php\/wp-json\/wp\/v2\/product\/4824","targetHints":{"allow":["GET"]}}],"collection":[{"href":"https:\/\/crocjeux.com\/index.php\/wp-json\/wp\/v2\/product"}],"about":[{"href":"https:\/\/crocjeux.com\/index.php\/wp-json\/wp\/v2\/types\/product"}],"replies":[{"embeddable":true,"href":"https:\/\/crocjeux.com\/index.php\/wp-json\/wp\/v2\/comments?post=4824"}],"wp:featuredmedia":[{"embeddable":true,"href":"https:\/\/crocjeux.com\/index.php\/wp-json\/wp\/v2\/media\/4825"}],"wp:attachment":[{"href":"https:\/\/crocjeux.com\/index.php\/wp-json\/wp\/v2\/media?parent=4824"}],"wp:term":[{"taxonomy":"product_brand","embeddable":true,"href":"https:\/\/crocjeux.com\/index.php\/wp-json\/wp\/v2\/product_brand?post=4824"},{"taxonomy":"product_cat","embeddable":true,"href":"https:\/\/crocjeux.com\/index.php\/wp-json\/wp\/v2\/product_cat?post=4824"},{"taxonomy":"product_tag","embeddable":true,"href":"https:\/\/crocjeux.com\/index.php\/wp-json\/wp\/v2\/product_tag?post=4824"}],"curies":[{"name":"wp","href":"https:\/\/api.w.org\/{rel}","templated":true}]}}