{"id":485,"date":"2020-11-06T13:06:58","date_gmt":"2020-11-06T12:06:58","guid":{"rendered":"https:\/\/crocjeux.com\/?post_type=product&#038;p=485"},"modified":"2023-02-08T15:07:34","modified_gmt":"2023-02-08T14:07:34","slug":"candy-chaser","status":"publish","type":"product","link":"https:\/\/crocjeux.com\/index.php\/produit\/candy-chaser\/","title":{"rendered":"Candy Chaser"},"content":{"rendered":"<section id=\"tab-description\" class=\"page-product-box r-tabs-panel r-tabs-state-active\">\n<div class=\"rte\">\n<p><strong>Trafic de bonbons et suspicion<\/strong><\/p>\n<p><em>Vous voil\u00e0 dans la peau de petits contrebandiers ! Votre fonds de commerce : les bonbons !!! D\u00e9fendez votre friandise co\u00fbte que co\u00fbte, faites lui prendre de la valeur et devenez ainsi le plus riche. Mais soyez discret car si les autres joueurs d\u00e9couvrent quel bonbon vous d\u00e9fendez, vous \u00eates \u00e9limin\u00e9 !<\/em><\/p>\n<p>Chaque joueur re\u00e7oit secr\u00e8tement une carte Identit\u00e9 lui indiquant son bonbon pour la partie.<br \/>\nAu fil des tours, les joueurs vont faire fluctuer la valeur de chaque friandise et tenter de faire monter la cote de leur bonbon sans \u00e9veiller les soup\u00e7ons de leurs adversaires.<\/p>\n<p><strong>Le jeu se d\u00e9roule en deux phases :<\/strong><\/p>\n<p><strong>Phase de Boursicotage :<\/strong><br \/>\n\u00c0 votre tour, <strong>lancez le d\u00e9<\/strong>. Selon le r\u00e9sultat (de -2 \u00e0 +3), <strong>avancez ou reculez <\/strong>d&rsquo;une \u00e0 trois cases <strong>le cube Bonbon de votre choix<\/strong> sur le plateau.<br \/>\nContinuez en jouant chacun votre tour, dans le sens horaire, jusqu&rsquo;\u00e0 ce qu&rsquo;un Bonbon atteigne la derni\u00e8re case de sa ligne. On passe alors \u00e0 la phase de cafardage\u2026<br \/>\n<strong>Phase de Cafardage :<\/strong><br \/>\n\u00c0 l\u2019aide de ses cartes Cafteur, <strong>chaque joueur peut \u00e0 son tour accuser discr\u00e8tement un joueur <\/strong>qu\u2019il pense avoir d\u00e9masqu\u00e9. S\u2019il fait mouche, le contrebandier d\u00e9couvert est \u00e9limin\u00e9 et le cafteur peut imm\u00e9diatement en accuser un autre. Si, au contraire, l&rsquo;accusateur se trompe, il est lui-m\u00eame \u00e9limin\u00e9 de la partie !<\/p>\n<p>Lorsque tous les joueurs ont pass\u00e9 ou se sont faits \u00e9liminer, la partie s&rsquo;ach\u00e8ve : le joueur encore en jeu dont le Bonbon a la plus grande valeur est d\u00e9clar\u00e9 vainqueur !<\/p>\n<p>Contenu :<\/p>\n<ul>\n<li>20 cartes Cafteur<\/li>\n<li>5 Cartes Objectifs<\/li>\n<li>1 plateau de jeu<\/li>\n<li>5 cubes Bonbon<\/li>\n<li>1 d\u00e9<\/li>\n<li>1 livret de r\u00e8gles.<\/li>\n<\/ul>\n<\/div>\n<\/section>\n","protected":false},"excerpt":{"rendered":"<p>Trafic de bonbons et suspicion Vous voil\u00e0 dans la peau de petits contrebandiers ! Votre fonds de commerce : les<\/p>\n","protected":false},"featured_media":487,"comment_status":"open","ping_status":"closed","template":"","meta":{"colormag_page_container_layout":"default_layout","colormag_page_sidebar_layout":"default_layout"},"product_brand":[],"product_cat":[42,36,29],"product_tag":[],"class_list":{"0":"post-485","1":"product","2":"type-product","3":"status-publish","4":"has-post-thumbnail","6":"product_cat-jeux-a-roles-caches","7":"product_cat-jeux-familiaux","8":"product_cat-jeux-2-joueurs","10":"first","11":"outofstock","12":"taxable","13":"shipping-taxable","14":"purchasable","15":"product-type-simple"},"yoast_head":"<!-- This site is optimized with the Yoast SEO plugin v27.3 - https:\/\/yoast.com\/product\/yoast-seo-wordpress\/ -->\n<title>Candy Chaser - Croc Jeux<\/title>\n<meta name=\"robots\" content=\"index, follow, max-snippet:-1, max-image-preview:large, max-video-preview:-1\" \/>\n<link rel=\"canonical\" href=\"https:\/\/crocjeux.com\/index.php\/produit\/candy-chaser\/\" \/>\n<meta property=\"og:locale\" content=\"fr_FR\" \/>\n<meta property=\"og:type\" content=\"article\" \/>\n<meta property=\"og:title\" content=\"Candy Chaser - Croc Jeux\" \/>\n<meta property=\"og:description\" content=\"Trafic de bonbons et suspicion Vous voil\u00e0 dans la peau de petits contrebandiers ! Votre fonds de commerce : les\" \/>\n<meta property=\"og:url\" content=\"https:\/\/crocjeux.com\/index.php\/produit\/candy-chaser\/\" \/>\n<meta property=\"og:site_name\" content=\"Croc Jeux\" \/>\n<meta property=\"article:modified_time\" content=\"2023-02-08T14:07:34+00:00\" \/>\n<meta property=\"og:image\" content=\"https:\/\/crocjeux.com\/wp-content\/uploads\/2020\/11\/candy-chaser-jeu-de-strategie-iello-51272.jpg\" \/>\n\t<meta property=\"og:image:width\" content=\"522\" \/>\n\t<meta property=\"og:image:height\" content=\"554\" \/>\n\t<meta property=\"og:image:type\" content=\"image\/jpeg\" \/>\n<meta name=\"twitter:card\" content=\"summary_large_image\" \/>\n<meta name=\"twitter:label1\" content=\"Dur\u00e9e de lecture estim\u00e9e\" \/>\n\t<meta name=\"twitter:data1\" content=\"1 minute\" \/>\n<script type=\"application\/ld+json\" class=\"yoast-schema-graph\">{\"@context\":\"https:\\\/\\\/schema.org\",\"@graph\":[{\"@type\":\"WebPage\",\"@id\":\"https:\\\/\\\/crocjeux.com\\\/index.php\\\/produit\\\/candy-chaser\\\/\",\"url\":\"https:\\\/\\\/crocjeux.com\\\/index.php\\\/produit\\\/candy-chaser\\\/\",\"name\":\"Candy Chaser - Croc Jeux\",\"isPartOf\":{\"@id\":\"https:\\\/\\\/crocjeux.com\\\/#website\"},\"primaryImageOfPage\":{\"@id\":\"https:\\\/\\\/crocjeux.com\\\/index.php\\\/produit\\\/candy-chaser\\\/#primaryimage\"},\"image\":{\"@id\":\"https:\\\/\\\/crocjeux.com\\\/index.php\\\/produit\\\/candy-chaser\\\/#primaryimage\"},\"thumbnailUrl\":\"https:\\\/\\\/crocjeux.com\\\/wp-content\\\/uploads\\\/2020\\\/11\\\/candy-chaser-jeu-de-strategie-iello-51272.jpg\",\"datePublished\":\"2020-11-06T12:06:58+00:00\",\"dateModified\":\"2023-02-08T14:07:34+00:00\",\"breadcrumb\":{\"@id\":\"https:\\\/\\\/crocjeux.com\\\/index.php\\\/produit\\\/candy-chaser\\\/#breadcrumb\"},\"inLanguage\":\"fr-FR\",\"potentialAction\":[{\"@type\":\"ReadAction\",\"target\":[\"https:\\\/\\\/crocjeux.com\\\/index.php\\\/produit\\\/candy-chaser\\\/\"]}]},{\"@type\":\"ImageObject\",\"inLanguage\":\"fr-FR\",\"@id\":\"https:\\\/\\\/crocjeux.com\\\/index.php\\\/produit\\\/candy-chaser\\\/#primaryimage\",\"url\":\"https:\\\/\\\/crocjeux.com\\\/wp-content\\\/uploads\\\/2020\\\/11\\\/candy-chaser-jeu-de-strategie-iello-51272.jpg\",\"contentUrl\":\"https:\\\/\\\/crocjeux.com\\\/wp-content\\\/uploads\\\/2020\\\/11\\\/candy-chaser-jeu-de-strategie-iello-51272.jpg\",\"width\":522,\"height\":554},{\"@type\":\"BreadcrumbList\",\"@id\":\"https:\\\/\\\/crocjeux.com\\\/index.php\\\/produit\\\/candy-chaser\\\/#breadcrumb\",\"itemListElement\":[{\"@type\":\"ListItem\",\"position\":1,\"name\":\"Accueil\",\"item\":\"https:\\\/\\\/crocjeux.com\\\/\"},{\"@type\":\"ListItem\",\"position\":2,\"name\":\"Boutique\",\"item\":\"https:\\\/\\\/crocjeux.com\\\/\"},{\"@type\":\"ListItem\",\"position\":3,\"name\":\"Candy Chaser\"}]},{\"@type\":\"WebSite\",\"@id\":\"https:\\\/\\\/crocjeux.com\\\/#website\",\"url\":\"https:\\\/\\\/crocjeux.com\\\/\",\"name\":\"Croc Jeux\",\"description\":\"Bienvenue chez Croc Jeux!\",\"publisher\":{\"@id\":\"https:\\\/\\\/crocjeux.com\\\/#organization\"},\"potentialAction\":[{\"@type\":\"SearchAction\",\"target\":{\"@type\":\"EntryPoint\",\"urlTemplate\":\"https:\\\/\\\/crocjeux.com\\\/?s={search_term_string}\"},\"query-input\":{\"@type\":\"PropertyValueSpecification\",\"valueRequired\":true,\"valueName\":\"search_term_string\"}}],\"inLanguage\":\"fr-FR\"},{\"@type\":\"Organization\",\"@id\":\"https:\\\/\\\/crocjeux.com\\\/#organization\",\"name\":\"Croc Jeux\",\"url\":\"https:\\\/\\\/crocjeux.com\\\/\",\"logo\":{\"@type\":\"ImageObject\",\"inLanguage\":\"fr-FR\",\"@id\":\"https:\\\/\\\/crocjeux.com\\\/#\\\/schema\\\/logo\\\/image\\\/\",\"url\":\"https:\\\/\\\/crocjeux.com\\\/wp-content\\\/uploads\\\/2022\\\/01\\\/cropped-logo-croc-etape-1-e1644574034239.jpg\",\"contentUrl\":\"https:\\\/\\\/crocjeux.com\\\/wp-content\\\/uploads\\\/2022\\\/01\\\/cropped-logo-croc-etape-1-e1644574034239.jpg\",\"width\":1224,\"height\":314,\"caption\":\"Croc Jeux\"},\"image\":{\"@id\":\"https:\\\/\\\/crocjeux.com\\\/#\\\/schema\\\/logo\\\/image\\\/\"}}]}<\/script>\n<!-- \/ Yoast SEO plugin. -->","yoast_head_json":{"title":"Candy Chaser - Croc Jeux","robots":{"index":"index","follow":"follow","max-snippet":"max-snippet:-1","max-image-preview":"max-image-preview:large","max-video-preview":"max-video-preview:-1"},"canonical":"https:\/\/crocjeux.com\/index.php\/produit\/candy-chaser\/","og_locale":"fr_FR","og_type":"article","og_title":"Candy Chaser - Croc Jeux","og_description":"Trafic de bonbons et suspicion Vous voil\u00e0 dans la peau de petits contrebandiers ! Votre fonds de commerce : les","og_url":"https:\/\/crocjeux.com\/index.php\/produit\/candy-chaser\/","og_site_name":"Croc Jeux","article_modified_time":"2023-02-08T14:07:34+00:00","og_image":[{"width":522,"height":554,"url":"https:\/\/crocjeux.com\/wp-content\/uploads\/2020\/11\/candy-chaser-jeu-de-strategie-iello-51272.jpg","type":"image\/jpeg"}],"twitter_card":"summary_large_image","twitter_misc":{"Dur\u00e9e de lecture estim\u00e9e":"1 minute"},"schema":{"@context":"https:\/\/schema.org","@graph":[{"@type":"WebPage","@id":"https:\/\/crocjeux.com\/index.php\/produit\/candy-chaser\/","url":"https:\/\/crocjeux.com\/index.php\/produit\/candy-chaser\/","name":"Candy Chaser - Croc Jeux","isPartOf":{"@id":"https:\/\/crocjeux.com\/#website"},"primaryImageOfPage":{"@id":"https:\/\/crocjeux.com\/index.php\/produit\/candy-chaser\/#primaryimage"},"image":{"@id":"https:\/\/crocjeux.com\/index.php\/produit\/candy-chaser\/#primaryimage"},"thumbnailUrl":"https:\/\/crocjeux.com\/wp-content\/uploads\/2020\/11\/candy-chaser-jeu-de-strategie-iello-51272.jpg","datePublished":"2020-11-06T12:06:58+00:00","dateModified":"2023-02-08T14:07:34+00:00","breadcrumb":{"@id":"https:\/\/crocjeux.com\/index.php\/produit\/candy-chaser\/#breadcrumb"},"inLanguage":"fr-FR","potentialAction":[{"@type":"ReadAction","target":["https:\/\/crocjeux.com\/index.php\/produit\/candy-chaser\/"]}]},{"@type":"ImageObject","inLanguage":"fr-FR","@id":"https:\/\/crocjeux.com\/index.php\/produit\/candy-chaser\/#primaryimage","url":"https:\/\/crocjeux.com\/wp-content\/uploads\/2020\/11\/candy-chaser-jeu-de-strategie-iello-51272.jpg","contentUrl":"https:\/\/crocjeux.com\/wp-content\/uploads\/2020\/11\/candy-chaser-jeu-de-strategie-iello-51272.jpg","width":522,"height":554},{"@type":"BreadcrumbList","@id":"https:\/\/crocjeux.com\/index.php\/produit\/candy-chaser\/#breadcrumb","itemListElement":[{"@type":"ListItem","position":1,"name":"Accueil","item":"https:\/\/crocjeux.com\/"},{"@type":"ListItem","position":2,"name":"Boutique","item":"https:\/\/crocjeux.com\/"},{"@type":"ListItem","position":3,"name":"Candy Chaser"}]},{"@type":"WebSite","@id":"https:\/\/crocjeux.com\/#website","url":"https:\/\/crocjeux.com\/","name":"Croc Jeux","description":"Bienvenue chez Croc Jeux!","publisher":{"@id":"https:\/\/crocjeux.com\/#organization"},"potentialAction":[{"@type":"SearchAction","target":{"@type":"EntryPoint","urlTemplate":"https:\/\/crocjeux.com\/?s={search_term_string}"},"query-input":{"@type":"PropertyValueSpecification","valueRequired":true,"valueName":"search_term_string"}}],"inLanguage":"fr-FR"},{"@type":"Organization","@id":"https:\/\/crocjeux.com\/#organization","name":"Croc Jeux","url":"https:\/\/crocjeux.com\/","logo":{"@type":"ImageObject","inLanguage":"fr-FR","@id":"https:\/\/crocjeux.com\/#\/schema\/logo\/image\/","url":"https:\/\/crocjeux.com\/wp-content\/uploads\/2022\/01\/cropped-logo-croc-etape-1-e1644574034239.jpg","contentUrl":"https:\/\/crocjeux.com\/wp-content\/uploads\/2022\/01\/cropped-logo-croc-etape-1-e1644574034239.jpg","width":1224,"height":314,"caption":"Croc Jeux"},"image":{"@id":"https:\/\/crocjeux.com\/#\/schema\/logo\/image\/"}}]}},"_links":{"self":[{"href":"https:\/\/crocjeux.com\/index.php\/wp-json\/wp\/v2\/product\/485","targetHints":{"allow":["GET"]}}],"collection":[{"href":"https:\/\/crocjeux.com\/index.php\/wp-json\/wp\/v2\/product"}],"about":[{"href":"https:\/\/crocjeux.com\/index.php\/wp-json\/wp\/v2\/types\/product"}],"replies":[{"embeddable":true,"href":"https:\/\/crocjeux.com\/index.php\/wp-json\/wp\/v2\/comments?post=485"}],"wp:featuredmedia":[{"embeddable":true,"href":"https:\/\/crocjeux.com\/index.php\/wp-json\/wp\/v2\/media\/487"}],"wp:attachment":[{"href":"https:\/\/crocjeux.com\/index.php\/wp-json\/wp\/v2\/media?parent=485"}],"wp:term":[{"taxonomy":"product_brand","embeddable":true,"href":"https:\/\/crocjeux.com\/index.php\/wp-json\/wp\/v2\/product_brand?post=485"},{"taxonomy":"product_cat","embeddable":true,"href":"https:\/\/crocjeux.com\/index.php\/wp-json\/wp\/v2\/product_cat?post=485"},{"taxonomy":"product_tag","embeddable":true,"href":"https:\/\/crocjeux.com\/index.php\/wp-json\/wp\/v2\/product_tag?post=485"}],"curies":[{"name":"wp","href":"https:\/\/api.w.org\/{rel}","templated":true}]}}