{"id":4880,"date":"2023-02-09T15:19:19","date_gmt":"2023-02-09T14:19:19","guid":{"rendered":"https:\/\/crocjeux.com\/?post_type=product&#038;p=4880"},"modified":"2023-02-09T15:19:20","modified_gmt":"2023-02-09T14:19:20","slug":"small-world-maauudits","status":"publish","type":"product","link":"https:\/\/crocjeux.com\/index.php\/produit\/small-world-maauudits\/","title":{"rendered":"Small World: Maauudits"},"content":{"rendered":"<div>Une extension r\u00e9alis\u00e9e avec les propositions des vainqueurs du Concours de Cr\u00e9ation :\u00a0Gustav \u00c5kerfelt, Philip Harding, J\u00f6rg Krismann, Travis Lauro, Paolo Mori, Leif Steiestol et Daniel Zielinski.<\/div>\n<p>&nbsp;<\/p>\n<div><img decoding=\"async\" src=\"http:\/\/www.asmodee.com\/photos\/b815c308833680dbac\/1256660436592_98047395\/1256660436592_98047395_3.jpg\" alt=\"\" \/><\/div>\n<p>&nbsp;<\/p>\n<div>\u00c0 vaincre sans p\u00e9ril, on \u00e9vite les ennuis. Les Gobelins peuvent conqu\u00e9rir les r\u00e9gions occup\u00e9es par un Peuple en d\u00e9clin avec un jeton de moins que n\u00e9cessaire&#8230;<\/p>\n<p>Les Kobolds ne sont pas en reste : ils \u00ab\u00a0travaillent en \u00e9quipe\u00a0\u00bb, comme ils aiment \u00e0 dire (en fait, c&rsquo;est surtout que le Kobold est trop l\u00e2che pour attaquer seul). Les Kobolds sont nombreux, mais ils sont oblig\u00e9s de rester par deux dans les r\u00e9gions qu&rsquo;ils occupent.<\/p>\n<p>Le Pouvoir Sp\u00e9cial Maudits vous forcera \u00e0 faire des choix difficiles : lors du choix d&rsquo;une combinaison Peuple &#8211; Pouvoir Sp\u00e9cial, vous devrez d\u00e9poser non pas 1, mais 3 jetons de victoire sur le Peuple Maudit si vous choisissez une combinaison plac\u00e9e plus bas !<\/p>\n<p>Pour regagner des jetons de victoire, autant choisir le Pouvoir Sp\u00e9cial Voleurs, qui vous permet de prendre un jeton de victoire \u00e0 un adversaire lorsque vous vous emparez d&rsquo;une de ses r\u00e9gions&#8230;<\/p>\n<p>Mais attention, car celui-ci pourrait bien se venger avec le Pouvoir Sp\u00e9cial De la Horde qui fournit des pions de Peuple suppl\u00e9mentaires&#8230;<\/p>\n<p>Pour peu qu&rsquo;un troisi\u00e8me adversaire se jette dans la bataille avec ses Garous, votre compte est bon : ce Pouvoir Sp\u00e9cial permet de conqu\u00e9rir des r\u00e9gions avec 2 pions de moins que n\u00e9cessaire pendant les tours de nuits (tours pairs) !<\/p>\n<p>Malgr\u00e9 tout, vous aurez peut-\u00eatre l&rsquo;occasion de vous venger de vos deux adversaires \u00e0 la fois en choisissant le Pouvoir Sp\u00e9cial Intr\u00e9pides&#8230; il permet en effet d&rsquo;effectuer deux tours de conqu\u00eate en un : de quoi conqu\u00e9rir bien des territoires !<\/p><\/div>\n","protected":false},"excerpt":{"rendered":"<p>&#8211; 2 nouveaux Peuples (les Kobolds et les Gobelins), leurs tuiles et leurs pions<br \/>\n&#8211; 5 nouvelles tuiles de Pouvoir Sp\u00e9cial (Maudits, De la Horde, Intr\u00e9pides, Voleurs et Garous)<br \/>\n&#8211; 1 tuile de Peuple, 1 tuile de Pouvoir Sp\u00e9cial et 1 pion de Tribu Oubli\u00e9e suppl\u00e9mentaires<\/p>\n","protected":false},"featured_media":4881,"comment_status":"open","ping_status":"closed","template":"","meta":{"colormag_page_container_layout":"default_layout","colormag_page_sidebar_layout":"default_layout"},"product_brand":[],"product_cat":[31,18],"product_tag":[],"class_list":{"0":"post-4880","1":"product","2":"type-product","3":"status-publish","4":"has-post-thumbnail","6":"product_cat-jeux-adffrontement","7":"product_cat-jeux-de-strategie","9":"first","10":"instock","11":"taxable","12":"shipping-taxable","13":"purchasable","14":"product-type-simple"},"yoast_head":"<!-- This site is optimized with the Yoast SEO plugin v27.4 - https:\/\/yoast.com\/product\/yoast-seo-wordpress\/ -->\n<title>Small World: Maauudits - Croc Jeux<\/title>\n<meta name=\"description\" content=\"- 2 nouveaux Peuples (les Kobolds et les Gobelins), leurs tuiles et leurs pions- 5 nouvelles tuiles de Pouvoir Sp\u00e9cial (Maudits, De la Horde, Intr\u00e9pides, Voleurs et Garous)- 1 tuile de Peuple, 1 tuile de Pouvoir Sp\u00e9cial et 1 pion de Tribu Oubli\u00e9e suppl\u00e9mentaires\" \/>\n<meta name=\"robots\" content=\"index, follow, max-snippet:-1, max-image-preview:large, max-video-preview:-1\" \/>\n<link rel=\"canonical\" href=\"https:\/\/crocjeux.com\/index.php\/produit\/small-world-maauudits\/\" \/>\n<meta property=\"og:locale\" content=\"fr_FR\" \/>\n<meta property=\"og:type\" content=\"article\" \/>\n<meta property=\"og:title\" content=\"Small World: Maauudits - Croc Jeux\" \/>\n<meta property=\"og:description\" content=\"- 2 nouveaux Peuples (les Kobolds et les Gobelins), leurs tuiles et leurs pions- 5 nouvelles tuiles de Pouvoir Sp\u00e9cial (Maudits, De la Horde, Intr\u00e9pides, Voleurs et Garous)- 1 tuile de Peuple, 1 tuile de Pouvoir Sp\u00e9cial et 1 pion de Tribu Oubli\u00e9e suppl\u00e9mentaires\" \/>\n<meta property=\"og:url\" content=\"https:\/\/crocjeux.com\/index.php\/produit\/small-world-maauudits\/\" \/>\n<meta property=\"og:site_name\" content=\"Croc Jeux\" \/>\n<meta property=\"article:modified_time\" content=\"2023-02-09T14:19:20+00:00\" \/>\n<meta property=\"og:image\" content=\"https:\/\/crocjeux.com\/wp-content\/uploads\/2023\/02\/smallworld-maauuudits.jpg\" \/>\n\t<meta property=\"og:image:width\" content=\"458\" \/>\n\t<meta property=\"og:image:height\" content=\"458\" \/>\n\t<meta property=\"og:image:type\" content=\"image\/jpeg\" \/>\n<meta name=\"twitter:card\" content=\"summary_large_image\" \/>\n<meta name=\"twitter:label1\" content=\"Dur\u00e9e de lecture estim\u00e9e\" \/>\n\t<meta name=\"twitter:data1\" content=\"2 minutes\" \/>\n<script type=\"application\/ld+json\" class=\"yoast-schema-graph\">{\"@context\":\"https:\\\/\\\/schema.org\",\"@graph\":[{\"@type\":\"WebPage\",\"@id\":\"https:\\\/\\\/crocjeux.com\\\/index.php\\\/produit\\\/small-world-maauudits\\\/\",\"url\":\"https:\\\/\\\/crocjeux.com\\\/index.php\\\/produit\\\/small-world-maauudits\\\/\",\"name\":\"Small World: Maauudits - Croc Jeux\",\"isPartOf\":{\"@id\":\"https:\\\/\\\/crocjeux.com\\\/#website\"},\"primaryImageOfPage\":{\"@id\":\"https:\\\/\\\/crocjeux.com\\\/index.php\\\/produit\\\/small-world-maauudits\\\/#primaryimage\"},\"image\":{\"@id\":\"https:\\\/\\\/crocjeux.com\\\/index.php\\\/produit\\\/small-world-maauudits\\\/#primaryimage\"},\"thumbnailUrl\":\"https:\\\/\\\/crocjeux.com\\\/wp-content\\\/uploads\\\/2023\\\/02\\\/smallworld-maauuudits.jpg\",\"datePublished\":\"2023-02-09T14:19:19+00:00\",\"dateModified\":\"2023-02-09T14:19:20+00:00\",\"description\":\"- 2 nouveaux Peuples (les Kobolds et les Gobelins), leurs tuiles et leurs pions- 5 nouvelles tuiles de Pouvoir Sp\u00e9cial (Maudits, De la Horde, Intr\u00e9pides, Voleurs et Garous)- 1 tuile de Peuple, 1 tuile de Pouvoir Sp\u00e9cial et 1 pion de Tribu Oubli\u00e9e suppl\u00e9mentaires\",\"breadcrumb\":{\"@id\":\"https:\\\/\\\/crocjeux.com\\\/index.php\\\/produit\\\/small-world-maauudits\\\/#breadcrumb\"},\"inLanguage\":\"fr-FR\",\"potentialAction\":[{\"@type\":\"ReadAction\",\"target\":[\"https:\\\/\\\/crocjeux.com\\\/index.php\\\/produit\\\/small-world-maauudits\\\/\"]}]},{\"@type\":\"ImageObject\",\"inLanguage\":\"fr-FR\",\"@id\":\"https:\\\/\\\/crocjeux.com\\\/index.php\\\/produit\\\/small-world-maauudits\\\/#primaryimage\",\"url\":\"https:\\\/\\\/crocjeux.com\\\/wp-content\\\/uploads\\\/2023\\\/02\\\/smallworld-maauuudits.jpg\",\"contentUrl\":\"https:\\\/\\\/crocjeux.com\\\/wp-content\\\/uploads\\\/2023\\\/02\\\/smallworld-maauuudits.jpg\",\"width\":458,\"height\":458},{\"@type\":\"BreadcrumbList\",\"@id\":\"https:\\\/\\\/crocjeux.com\\\/index.php\\\/produit\\\/small-world-maauudits\\\/#breadcrumb\",\"itemListElement\":[{\"@type\":\"ListItem\",\"position\":1,\"name\":\"Accueil\",\"item\":\"https:\\\/\\\/crocjeux.com\\\/\"},{\"@type\":\"ListItem\",\"position\":2,\"name\":\"Boutique\",\"item\":\"https:\\\/\\\/crocjeux.com\\\/\"},{\"@type\":\"ListItem\",\"position\":3,\"name\":\"Small World: Maauudits\"}]},{\"@type\":\"WebSite\",\"@id\":\"https:\\\/\\\/crocjeux.com\\\/#website\",\"url\":\"https:\\\/\\\/crocjeux.com\\\/\",\"name\":\"Croc Jeux\",\"description\":\"Bienvenue chez Croc Jeux!\",\"publisher\":{\"@id\":\"https:\\\/\\\/crocjeux.com\\\/#organization\"},\"potentialAction\":[{\"@type\":\"SearchAction\",\"target\":{\"@type\":\"EntryPoint\",\"urlTemplate\":\"https:\\\/\\\/crocjeux.com\\\/?s={search_term_string}\"},\"query-input\":{\"@type\":\"PropertyValueSpecification\",\"valueRequired\":true,\"valueName\":\"search_term_string\"}}],\"inLanguage\":\"fr-FR\"},{\"@type\":\"Organization\",\"@id\":\"https:\\\/\\\/crocjeux.com\\\/#organization\",\"name\":\"Croc Jeux\",\"url\":\"https:\\\/\\\/crocjeux.com\\\/\",\"logo\":{\"@type\":\"ImageObject\",\"inLanguage\":\"fr-FR\",\"@id\":\"https:\\\/\\\/crocjeux.com\\\/#\\\/schema\\\/logo\\\/image\\\/\",\"url\":\"https:\\\/\\\/crocjeux.com\\\/wp-content\\\/uploads\\\/2022\\\/01\\\/cropped-logo-croc-etape-1-e1644574034239.jpg\",\"contentUrl\":\"https:\\\/\\\/crocjeux.com\\\/wp-content\\\/uploads\\\/2022\\\/01\\\/cropped-logo-croc-etape-1-e1644574034239.jpg\",\"width\":1224,\"height\":314,\"caption\":\"Croc Jeux\"},\"image\":{\"@id\":\"https:\\\/\\\/crocjeux.com\\\/#\\\/schema\\\/logo\\\/image\\\/\"}}]}<\/script>\n<!-- \/ Yoast SEO plugin. -->","yoast_head_json":{"title":"Small World: Maauudits - Croc Jeux","description":"- 2 nouveaux Peuples (les Kobolds et les Gobelins), leurs tuiles et leurs pions- 5 nouvelles tuiles de Pouvoir Sp\u00e9cial (Maudits, De la Horde, Intr\u00e9pides, Voleurs et Garous)- 1 tuile de Peuple, 1 tuile de Pouvoir Sp\u00e9cial et 1 pion de Tribu Oubli\u00e9e suppl\u00e9mentaires","robots":{"index":"index","follow":"follow","max-snippet":"max-snippet:-1","max-image-preview":"max-image-preview:large","max-video-preview":"max-video-preview:-1"},"canonical":"https:\/\/crocjeux.com\/index.php\/produit\/small-world-maauudits\/","og_locale":"fr_FR","og_type":"article","og_title":"Small World: Maauudits - Croc Jeux","og_description":"- 2 nouveaux Peuples (les Kobolds et les Gobelins), leurs tuiles et leurs pions- 5 nouvelles tuiles de Pouvoir Sp\u00e9cial (Maudits, De la Horde, Intr\u00e9pides, Voleurs et Garous)- 1 tuile de Peuple, 1 tuile de Pouvoir Sp\u00e9cial et 1 pion de Tribu Oubli\u00e9e suppl\u00e9mentaires","og_url":"https:\/\/crocjeux.com\/index.php\/produit\/small-world-maauudits\/","og_site_name":"Croc Jeux","article_modified_time":"2023-02-09T14:19:20+00:00","og_image":[{"width":458,"height":458,"url":"https:\/\/crocjeux.com\/wp-content\/uploads\/2023\/02\/smallworld-maauuudits.jpg","type":"image\/jpeg"}],"twitter_card":"summary_large_image","twitter_misc":{"Dur\u00e9e de lecture estim\u00e9e":"2 minutes"},"schema":{"@context":"https:\/\/schema.org","@graph":[{"@type":"WebPage","@id":"https:\/\/crocjeux.com\/index.php\/produit\/small-world-maauudits\/","url":"https:\/\/crocjeux.com\/index.php\/produit\/small-world-maauudits\/","name":"Small World: Maauudits - Croc Jeux","isPartOf":{"@id":"https:\/\/crocjeux.com\/#website"},"primaryImageOfPage":{"@id":"https:\/\/crocjeux.com\/index.php\/produit\/small-world-maauudits\/#primaryimage"},"image":{"@id":"https:\/\/crocjeux.com\/index.php\/produit\/small-world-maauudits\/#primaryimage"},"thumbnailUrl":"https:\/\/crocjeux.com\/wp-content\/uploads\/2023\/02\/smallworld-maauuudits.jpg","datePublished":"2023-02-09T14:19:19+00:00","dateModified":"2023-02-09T14:19:20+00:00","description":"- 2 nouveaux Peuples (les Kobolds et les Gobelins), leurs tuiles et leurs pions- 5 nouvelles tuiles de Pouvoir Sp\u00e9cial (Maudits, De la Horde, Intr\u00e9pides, Voleurs et Garous)- 1 tuile de Peuple, 1 tuile de Pouvoir Sp\u00e9cial et 1 pion de Tribu Oubli\u00e9e suppl\u00e9mentaires","breadcrumb":{"@id":"https:\/\/crocjeux.com\/index.php\/produit\/small-world-maauudits\/#breadcrumb"},"inLanguage":"fr-FR","potentialAction":[{"@type":"ReadAction","target":["https:\/\/crocjeux.com\/index.php\/produit\/small-world-maauudits\/"]}]},{"@type":"ImageObject","inLanguage":"fr-FR","@id":"https:\/\/crocjeux.com\/index.php\/produit\/small-world-maauudits\/#primaryimage","url":"https:\/\/crocjeux.com\/wp-content\/uploads\/2023\/02\/smallworld-maauuudits.jpg","contentUrl":"https:\/\/crocjeux.com\/wp-content\/uploads\/2023\/02\/smallworld-maauuudits.jpg","width":458,"height":458},{"@type":"BreadcrumbList","@id":"https:\/\/crocjeux.com\/index.php\/produit\/small-world-maauudits\/#breadcrumb","itemListElement":[{"@type":"ListItem","position":1,"name":"Accueil","item":"https:\/\/crocjeux.com\/"},{"@type":"ListItem","position":2,"name":"Boutique","item":"https:\/\/crocjeux.com\/"},{"@type":"ListItem","position":3,"name":"Small World: Maauudits"}]},{"@type":"WebSite","@id":"https:\/\/crocjeux.com\/#website","url":"https:\/\/crocjeux.com\/","name":"Croc Jeux","description":"Bienvenue chez Croc Jeux!","publisher":{"@id":"https:\/\/crocjeux.com\/#organization"},"potentialAction":[{"@type":"SearchAction","target":{"@type":"EntryPoint","urlTemplate":"https:\/\/crocjeux.com\/?s={search_term_string}"},"query-input":{"@type":"PropertyValueSpecification","valueRequired":true,"valueName":"search_term_string"}}],"inLanguage":"fr-FR"},{"@type":"Organization","@id":"https:\/\/crocjeux.com\/#organization","name":"Croc Jeux","url":"https:\/\/crocjeux.com\/","logo":{"@type":"ImageObject","inLanguage":"fr-FR","@id":"https:\/\/crocjeux.com\/#\/schema\/logo\/image\/","url":"https:\/\/crocjeux.com\/wp-content\/uploads\/2022\/01\/cropped-logo-croc-etape-1-e1644574034239.jpg","contentUrl":"https:\/\/crocjeux.com\/wp-content\/uploads\/2022\/01\/cropped-logo-croc-etape-1-e1644574034239.jpg","width":1224,"height":314,"caption":"Croc Jeux"},"image":{"@id":"https:\/\/crocjeux.com\/#\/schema\/logo\/image\/"}}]}},"_links":{"self":[{"href":"https:\/\/crocjeux.com\/index.php\/wp-json\/wp\/v2\/product\/4880","targetHints":{"allow":["GET"]}}],"collection":[{"href":"https:\/\/crocjeux.com\/index.php\/wp-json\/wp\/v2\/product"}],"about":[{"href":"https:\/\/crocjeux.com\/index.php\/wp-json\/wp\/v2\/types\/product"}],"replies":[{"embeddable":true,"href":"https:\/\/crocjeux.com\/index.php\/wp-json\/wp\/v2\/comments?post=4880"}],"wp:featuredmedia":[{"embeddable":true,"href":"https:\/\/crocjeux.com\/index.php\/wp-json\/wp\/v2\/media\/4881"}],"wp:attachment":[{"href":"https:\/\/crocjeux.com\/index.php\/wp-json\/wp\/v2\/media?parent=4880"}],"wp:term":[{"taxonomy":"product_brand","embeddable":true,"href":"https:\/\/crocjeux.com\/index.php\/wp-json\/wp\/v2\/product_brand?post=4880"},{"taxonomy":"product_cat","embeddable":true,"href":"https:\/\/crocjeux.com\/index.php\/wp-json\/wp\/v2\/product_cat?post=4880"},{"taxonomy":"product_tag","embeddable":true,"href":"https:\/\/crocjeux.com\/index.php\/wp-json\/wp\/v2\/product_tag?post=4880"}],"curies":[{"name":"wp","href":"https:\/\/api.w.org\/{rel}","templated":true}]}}