{"id":4996,"date":"2023-02-11T15:53:45","date_gmt":"2023-02-11T14:53:45","guid":{"rendered":"https:\/\/crocjeux.com\/?post_type=product&#038;p=4996"},"modified":"2024-10-01T11:27:15","modified_gmt":"2024-10-01T10:27:15","slug":"catan-extension-marin-pour-5-6-joueurs","status":"publish","type":"product","link":"https:\/\/crocjeux.com\/index.php\/produit\/catan-extension-marin-pour-5-6-joueurs\/","title":{"rendered":"Catan: Extension Marin pour 5-6 joueurs"},"content":{"rendered":"<p>Cette extension permet de jouer \u00e0 Catan &#8211; Marins \u00e0 5 ou 6 joueurs.<\/p>\n<div><\/div>\n<div>Catan, Catan &#8211; Extension 5-6 joueurs et Catan &#8211; Marins sont n\u00e9cessaire pour pouvoir utiliser cette extension.<\/div>\n","protected":false},"excerpt":{"rendered":"<p>Cette extension permet de jouer \u00e0 Catan &#8211; Marins \u00e0 5 ou 6 joueurs. Catan, Catan &#8211; Extension 5-6 joueurs et Catan &#8211; Marins sont n\u00e9cessaires pour pouvoir utiliser cette extension.<\/p>\n","protected":false},"featured_media":4997,"comment_status":"open","ping_status":"closed","template":"","meta":{"colormag_page_container_layout":"default_layout","colormag_page_sidebar_layout":"default_layout"},"product_brand":[],"product_cat":[43,18,36],"product_tag":[],"class_list":{"0":"post-4996","1":"product","2":"type-product","3":"status-publish","4":"has-post-thumbnail","6":"product_cat-grand-classique","7":"product_cat-jeux-de-strategie","8":"product_cat-jeux-familiaux","10":"first","11":"instock","12":"taxable","13":"shipping-taxable","14":"purchasable","15":"product-type-simple"},"yoast_head":"<!-- This site is optimized with the Yoast SEO plugin v27.4 - https:\/\/yoast.com\/product\/yoast-seo-wordpress\/ -->\n<title>Catan: Extension Marin pour 5-6 joueurs - Croc Jeux<\/title>\n<meta name=\"description\" content=\"Cette extension permet de jouer \u00e0 Catan - Marins \u00e0 5 ou 6 joueurs. Catan, Catan - Extension 5-6 joueurs et Catan - Marins sont n\u00e9cessaires pour pouvoir utiliser cette extension.\" \/>\n<meta name=\"robots\" content=\"index, follow, max-snippet:-1, max-image-preview:large, max-video-preview:-1\" \/>\n<link rel=\"canonical\" href=\"https:\/\/crocjeux.com\/index.php\/produit\/catan-extension-marin-pour-5-6-joueurs\/\" \/>\n<meta property=\"og:locale\" content=\"fr_FR\" \/>\n<meta property=\"og:type\" content=\"article\" \/>\n<meta property=\"og:title\" content=\"Catan: Extension Marin pour 5-6 joueurs - Croc Jeux\" \/>\n<meta property=\"og:description\" content=\"Cette extension permet de jouer \u00e0 Catan - Marins \u00e0 5 ou 6 joueurs. Catan, Catan - Extension 5-6 joueurs et Catan - Marins sont n\u00e9cessaires pour pouvoir utiliser cette extension.\" \/>\n<meta property=\"og:url\" content=\"https:\/\/crocjeux.com\/index.php\/produit\/catan-extension-marin-pour-5-6-joueurs\/\" \/>\n<meta property=\"og:site_name\" content=\"Croc Jeux\" \/>\n<meta property=\"article:modified_time\" content=\"2024-10-01T10:27:15+00:00\" \/>\n<meta property=\"og:image\" content=\"https:\/\/crocjeux.com\/wp-content\/uploads\/2023\/02\/catane-extension-marins-5-6-joueurs.jpg\" \/>\n\t<meta property=\"og:image:width\" content=\"372\" \/>\n\t<meta property=\"og:image:height\" content=\"372\" \/>\n\t<meta property=\"og:image:type\" content=\"image\/jpeg\" \/>\n<meta name=\"twitter:card\" content=\"summary_large_image\" \/>\n<meta name=\"twitter:label1\" content=\"Dur\u00e9e de lecture estim\u00e9e\" \/>\n\t<meta name=\"twitter:data1\" content=\"1 minute\" \/>\n<script type=\"application\/ld+json\" class=\"yoast-schema-graph\">{\"@context\":\"https:\\\/\\\/schema.org\",\"@graph\":[{\"@type\":\"WebPage\",\"@id\":\"https:\\\/\\\/crocjeux.com\\\/index.php\\\/produit\\\/catan-extension-marin-pour-5-6-joueurs\\\/\",\"url\":\"https:\\\/\\\/crocjeux.com\\\/index.php\\\/produit\\\/catan-extension-marin-pour-5-6-joueurs\\\/\",\"name\":\"Catan: Extension Marin pour 5-6 joueurs - Croc Jeux\",\"isPartOf\":{\"@id\":\"https:\\\/\\\/crocjeux.com\\\/#website\"},\"primaryImageOfPage\":{\"@id\":\"https:\\\/\\\/crocjeux.com\\\/index.php\\\/produit\\\/catan-extension-marin-pour-5-6-joueurs\\\/#primaryimage\"},\"image\":{\"@id\":\"https:\\\/\\\/crocjeux.com\\\/index.php\\\/produit\\\/catan-extension-marin-pour-5-6-joueurs\\\/#primaryimage\"},\"thumbnailUrl\":\"https:\\\/\\\/crocjeux.com\\\/wp-content\\\/uploads\\\/2023\\\/02\\\/catane-extension-marins-5-6-joueurs.jpg\",\"datePublished\":\"2023-02-11T14:53:45+00:00\",\"dateModified\":\"2024-10-01T10:27:15+00:00\",\"description\":\"Cette extension permet de jouer \u00e0 Catan - Marins \u00e0 5 ou 6 joueurs. Catan, Catan - Extension 5-6 joueurs et Catan - Marins sont n\u00e9cessaires pour pouvoir utiliser cette extension.\",\"breadcrumb\":{\"@id\":\"https:\\\/\\\/crocjeux.com\\\/index.php\\\/produit\\\/catan-extension-marin-pour-5-6-joueurs\\\/#breadcrumb\"},\"inLanguage\":\"fr-FR\",\"potentialAction\":[{\"@type\":\"ReadAction\",\"target\":[\"https:\\\/\\\/crocjeux.com\\\/index.php\\\/produit\\\/catan-extension-marin-pour-5-6-joueurs\\\/\"]}]},{\"@type\":\"ImageObject\",\"inLanguage\":\"fr-FR\",\"@id\":\"https:\\\/\\\/crocjeux.com\\\/index.php\\\/produit\\\/catan-extension-marin-pour-5-6-joueurs\\\/#primaryimage\",\"url\":\"https:\\\/\\\/crocjeux.com\\\/wp-content\\\/uploads\\\/2023\\\/02\\\/catane-extension-marins-5-6-joueurs.jpg\",\"contentUrl\":\"https:\\\/\\\/crocjeux.com\\\/wp-content\\\/uploads\\\/2023\\\/02\\\/catane-extension-marins-5-6-joueurs.jpg\",\"width\":372,\"height\":372},{\"@type\":\"BreadcrumbList\",\"@id\":\"https:\\\/\\\/crocjeux.com\\\/index.php\\\/produit\\\/catan-extension-marin-pour-5-6-joueurs\\\/#breadcrumb\",\"itemListElement\":[{\"@type\":\"ListItem\",\"position\":1,\"name\":\"Accueil\",\"item\":\"https:\\\/\\\/crocjeux.com\\\/\"},{\"@type\":\"ListItem\",\"position\":2,\"name\":\"Boutique\",\"item\":\"https:\\\/\\\/crocjeux.com\\\/\"},{\"@type\":\"ListItem\",\"position\":3,\"name\":\"Catan: Extension Marin pour 5-6 joueurs\"}]},{\"@type\":\"WebSite\",\"@id\":\"https:\\\/\\\/crocjeux.com\\\/#website\",\"url\":\"https:\\\/\\\/crocjeux.com\\\/\",\"name\":\"Croc Jeux\",\"description\":\"Bienvenue chez Croc Jeux!\",\"publisher\":{\"@id\":\"https:\\\/\\\/crocjeux.com\\\/#organization\"},\"potentialAction\":[{\"@type\":\"SearchAction\",\"target\":{\"@type\":\"EntryPoint\",\"urlTemplate\":\"https:\\\/\\\/crocjeux.com\\\/?s={search_term_string}\"},\"query-input\":{\"@type\":\"PropertyValueSpecification\",\"valueRequired\":true,\"valueName\":\"search_term_string\"}}],\"inLanguage\":\"fr-FR\"},{\"@type\":\"Organization\",\"@id\":\"https:\\\/\\\/crocjeux.com\\\/#organization\",\"name\":\"Croc Jeux\",\"url\":\"https:\\\/\\\/crocjeux.com\\\/\",\"logo\":{\"@type\":\"ImageObject\",\"inLanguage\":\"fr-FR\",\"@id\":\"https:\\\/\\\/crocjeux.com\\\/#\\\/schema\\\/logo\\\/image\\\/\",\"url\":\"https:\\\/\\\/crocjeux.com\\\/wp-content\\\/uploads\\\/2022\\\/01\\\/cropped-logo-croc-etape-1-e1644574034239.jpg\",\"contentUrl\":\"https:\\\/\\\/crocjeux.com\\\/wp-content\\\/uploads\\\/2022\\\/01\\\/cropped-logo-croc-etape-1-e1644574034239.jpg\",\"width\":1224,\"height\":314,\"caption\":\"Croc Jeux\"},\"image\":{\"@id\":\"https:\\\/\\\/crocjeux.com\\\/#\\\/schema\\\/logo\\\/image\\\/\"}}]}<\/script>\n<!-- \/ Yoast SEO plugin. -->","yoast_head_json":{"title":"Catan: Extension Marin pour 5-6 joueurs - Croc Jeux","description":"Cette extension permet de jouer \u00e0 Catan - Marins \u00e0 5 ou 6 joueurs. Catan, Catan - Extension 5-6 joueurs et Catan - Marins sont n\u00e9cessaires pour pouvoir utiliser cette extension.","robots":{"index":"index","follow":"follow","max-snippet":"max-snippet:-1","max-image-preview":"max-image-preview:large","max-video-preview":"max-video-preview:-1"},"canonical":"https:\/\/crocjeux.com\/index.php\/produit\/catan-extension-marin-pour-5-6-joueurs\/","og_locale":"fr_FR","og_type":"article","og_title":"Catan: Extension Marin pour 5-6 joueurs - Croc Jeux","og_description":"Cette extension permet de jouer \u00e0 Catan - Marins \u00e0 5 ou 6 joueurs. Catan, Catan - Extension 5-6 joueurs et Catan - Marins sont n\u00e9cessaires pour pouvoir utiliser cette extension.","og_url":"https:\/\/crocjeux.com\/index.php\/produit\/catan-extension-marin-pour-5-6-joueurs\/","og_site_name":"Croc Jeux","article_modified_time":"2024-10-01T10:27:15+00:00","og_image":[{"width":372,"height":372,"url":"https:\/\/crocjeux.com\/wp-content\/uploads\/2023\/02\/catane-extension-marins-5-6-joueurs.jpg","type":"image\/jpeg"}],"twitter_card":"summary_large_image","twitter_misc":{"Dur\u00e9e de lecture estim\u00e9e":"1 minute"},"schema":{"@context":"https:\/\/schema.org","@graph":[{"@type":"WebPage","@id":"https:\/\/crocjeux.com\/index.php\/produit\/catan-extension-marin-pour-5-6-joueurs\/","url":"https:\/\/crocjeux.com\/index.php\/produit\/catan-extension-marin-pour-5-6-joueurs\/","name":"Catan: Extension Marin pour 5-6 joueurs - Croc Jeux","isPartOf":{"@id":"https:\/\/crocjeux.com\/#website"},"primaryImageOfPage":{"@id":"https:\/\/crocjeux.com\/index.php\/produit\/catan-extension-marin-pour-5-6-joueurs\/#primaryimage"},"image":{"@id":"https:\/\/crocjeux.com\/index.php\/produit\/catan-extension-marin-pour-5-6-joueurs\/#primaryimage"},"thumbnailUrl":"https:\/\/crocjeux.com\/wp-content\/uploads\/2023\/02\/catane-extension-marins-5-6-joueurs.jpg","datePublished":"2023-02-11T14:53:45+00:00","dateModified":"2024-10-01T10:27:15+00:00","description":"Cette extension permet de jouer \u00e0 Catan - Marins \u00e0 5 ou 6 joueurs. Catan, Catan - Extension 5-6 joueurs et Catan - Marins sont n\u00e9cessaires pour pouvoir utiliser cette extension.","breadcrumb":{"@id":"https:\/\/crocjeux.com\/index.php\/produit\/catan-extension-marin-pour-5-6-joueurs\/#breadcrumb"},"inLanguage":"fr-FR","potentialAction":[{"@type":"ReadAction","target":["https:\/\/crocjeux.com\/index.php\/produit\/catan-extension-marin-pour-5-6-joueurs\/"]}]},{"@type":"ImageObject","inLanguage":"fr-FR","@id":"https:\/\/crocjeux.com\/index.php\/produit\/catan-extension-marin-pour-5-6-joueurs\/#primaryimage","url":"https:\/\/crocjeux.com\/wp-content\/uploads\/2023\/02\/catane-extension-marins-5-6-joueurs.jpg","contentUrl":"https:\/\/crocjeux.com\/wp-content\/uploads\/2023\/02\/catane-extension-marins-5-6-joueurs.jpg","width":372,"height":372},{"@type":"BreadcrumbList","@id":"https:\/\/crocjeux.com\/index.php\/produit\/catan-extension-marin-pour-5-6-joueurs\/#breadcrumb","itemListElement":[{"@type":"ListItem","position":1,"name":"Accueil","item":"https:\/\/crocjeux.com\/"},{"@type":"ListItem","position":2,"name":"Boutique","item":"https:\/\/crocjeux.com\/"},{"@type":"ListItem","position":3,"name":"Catan: Extension Marin pour 5-6 joueurs"}]},{"@type":"WebSite","@id":"https:\/\/crocjeux.com\/#website","url":"https:\/\/crocjeux.com\/","name":"Croc Jeux","description":"Bienvenue chez Croc Jeux!","publisher":{"@id":"https:\/\/crocjeux.com\/#organization"},"potentialAction":[{"@type":"SearchAction","target":{"@type":"EntryPoint","urlTemplate":"https:\/\/crocjeux.com\/?s={search_term_string}"},"query-input":{"@type":"PropertyValueSpecification","valueRequired":true,"valueName":"search_term_string"}}],"inLanguage":"fr-FR"},{"@type":"Organization","@id":"https:\/\/crocjeux.com\/#organization","name":"Croc Jeux","url":"https:\/\/crocjeux.com\/","logo":{"@type":"ImageObject","inLanguage":"fr-FR","@id":"https:\/\/crocjeux.com\/#\/schema\/logo\/image\/","url":"https:\/\/crocjeux.com\/wp-content\/uploads\/2022\/01\/cropped-logo-croc-etape-1-e1644574034239.jpg","contentUrl":"https:\/\/crocjeux.com\/wp-content\/uploads\/2022\/01\/cropped-logo-croc-etape-1-e1644574034239.jpg","width":1224,"height":314,"caption":"Croc Jeux"},"image":{"@id":"https:\/\/crocjeux.com\/#\/schema\/logo\/image\/"}}]}},"_links":{"self":[{"href":"https:\/\/crocjeux.com\/index.php\/wp-json\/wp\/v2\/product\/4996","targetHints":{"allow":["GET"]}}],"collection":[{"href":"https:\/\/crocjeux.com\/index.php\/wp-json\/wp\/v2\/product"}],"about":[{"href":"https:\/\/crocjeux.com\/index.php\/wp-json\/wp\/v2\/types\/product"}],"replies":[{"embeddable":true,"href":"https:\/\/crocjeux.com\/index.php\/wp-json\/wp\/v2\/comments?post=4996"}],"wp:featuredmedia":[{"embeddable":true,"href":"https:\/\/crocjeux.com\/index.php\/wp-json\/wp\/v2\/media\/4997"}],"wp:attachment":[{"href":"https:\/\/crocjeux.com\/index.php\/wp-json\/wp\/v2\/media?parent=4996"}],"wp:term":[{"taxonomy":"product_brand","embeddable":true,"href":"https:\/\/crocjeux.com\/index.php\/wp-json\/wp\/v2\/product_brand?post=4996"},{"taxonomy":"product_cat","embeddable":true,"href":"https:\/\/crocjeux.com\/index.php\/wp-json\/wp\/v2\/product_cat?post=4996"},{"taxonomy":"product_tag","embeddable":true,"href":"https:\/\/crocjeux.com\/index.php\/wp-json\/wp\/v2\/product_tag?post=4996"}],"curies":[{"name":"wp","href":"https:\/\/api.w.org\/{rel}","templated":true}]}}