{"id":5004,"date":"2023-02-11T16:09:15","date_gmt":"2023-02-11T15:09:15","guid":{"rendered":"https:\/\/crocjeux.com\/?post_type=product&#038;p=5004"},"modified":"2025-12-08T19:12:51","modified_gmt":"2025-12-08T18:12:51","slug":"catan-la-legende-des-conquerants","status":"publish","type":"product","link":"https:\/\/crocjeux.com\/index.php\/produit\/catan-la-legende-des-conquerants\/","title":{"rendered":"Catan: La L\u00e9gende des Conqu\u00e9rants"},"content":{"rendered":"<h2>Catan &#8211; La L\u00e9gende des Conqu\u00e9rants,<\/h2>\n<p>D\u00e9fendez Catan !<\/p>\n<p>An 670 apr\u00e8s l\u2019arriv\u00e9e des premiers colons sur Catan. Une arm\u00e9e ennemie d\u00e9barque sur la c\u00f4te nord de l\u2019\u00eele. Thora, la souveraine de Catan, rassemble des chevaliers afin de repousser les envahisseurs. Soutenus par la cavalerie et l\u2019artillerie, vos chevaliers se mettent en ordre de bataille. C\u2019est en coop\u00e9rant avec les autres joueurs que vous r\u00e9sisterez \u00e0 l\u2019assaut et emp\u00eacherez la destruction de Catan !<\/p>\n<h2>Catan, des sc\u00e9narios pour un classique du jeu de soci\u00e9t\u00e9<\/h2>\n<p>Vous serez imm\u00e9diatement conquis par ce jeu dont la m\u00e9canique est fluide et bien pens\u00e9e. Les r\u00e8gles sont simples et offrent des parties courtes. Ce jeu, vendu \u00e0 des millions d&rsquo;exemplaires \u00e0 travers le monde, est le porte-\u00e9tendard d&rsquo;une nouvelle mani\u00e8re de jouer. Les trois sc\u00e9narios de La L\u00e9gende des Conqu\u00e9rants racontent une seule et m\u00eame histoire in\u00e9dite, au cours de laquelle vos talents de strat\u00e8ge seront mis \u00e0 rude \u00e9preuve. Que le combat commence !<\/p>\n<p>N\u00e9cessite le jeu\u00a0Catan &#8211; Villes &amp; Chevaliers.<\/p>\n","protected":false},"excerpt":{"rendered":"<p>D\u00e9fendez CATAN ! An 670 apr\u00e8s l\u2019arriv\u00e9e des premiers colons sur CATAN. Une arm\u00e9e ennemie d\u00e9barque sur l\u2019\u00eele. Thora, la souveraine de CATAN, rassemble des chevaliers afin de repousser les envahisseurs.<\/p>\n","protected":false},"featured_media":5005,"comment_status":"open","ping_status":"closed","template":"","meta":{"colormag_page_container_layout":"default_layout","colormag_page_sidebar_layout":"default_layout"},"product_brand":[],"product_cat":[43,18,36],"product_tag":[],"class_list":{"0":"post-5004","1":"product","2":"type-product","3":"status-publish","4":"has-post-thumbnail","6":"product_cat-grand-classique","7":"product_cat-jeux-de-strategie","8":"product_cat-jeux-familiaux","10":"first","11":"outofstock","12":"taxable","13":"shipping-taxable","14":"purchasable","15":"product-type-simple"},"yoast_head":"<!-- This site is optimized with the Yoast SEO plugin v27.4 - https:\/\/yoast.com\/product\/yoast-seo-wordpress\/ -->\n<title>Catan: La L\u00e9gende des Conqu\u00e9rants - Croc Jeux<\/title>\n<meta name=\"description\" content=\"D\u00e9fendez CATAN ! An 670 apr\u00e8s l\u2019arriv\u00e9e des premiers colons sur CATAN. Une arm\u00e9e ennemie d\u00e9barque sur l\u2019\u00eele. Thora, la souveraine de CATAN, rassemble des chevaliers afin de repousser les envahisseurs.\" \/>\n<meta name=\"robots\" content=\"index, follow, max-snippet:-1, max-image-preview:large, max-video-preview:-1\" \/>\n<link rel=\"canonical\" href=\"https:\/\/crocjeux.com\/index.php\/produit\/catan-la-legende-des-conquerants\/\" \/>\n<meta property=\"og:locale\" content=\"fr_FR\" \/>\n<meta property=\"og:type\" content=\"article\" \/>\n<meta property=\"og:title\" content=\"Catan: La L\u00e9gende des Conqu\u00e9rants - Croc Jeux\" \/>\n<meta property=\"og:description\" content=\"D\u00e9fendez CATAN ! An 670 apr\u00e8s l\u2019arriv\u00e9e des premiers colons sur CATAN. Une arm\u00e9e ennemie d\u00e9barque sur l\u2019\u00eele. Thora, la souveraine de CATAN, rassemble des chevaliers afin de repousser les envahisseurs.\" \/>\n<meta property=\"og:url\" content=\"https:\/\/crocjeux.com\/index.php\/produit\/catan-la-legende-des-conquerants\/\" \/>\n<meta property=\"og:site_name\" content=\"Croc Jeux\" \/>\n<meta property=\"article:modified_time\" content=\"2025-12-08T18:12:51+00:00\" \/>\n<meta property=\"og:image\" content=\"https:\/\/crocjeux.com\/wp-content\/uploads\/2023\/02\/catan-la-legende-des-conquerants.jpg\" \/>\n\t<meta property=\"og:image:width\" content=\"372\" \/>\n\t<meta property=\"og:image:height\" content=\"372\" \/>\n\t<meta property=\"og:image:type\" content=\"image\/jpeg\" \/>\n<meta name=\"twitter:card\" content=\"summary_large_image\" \/>\n<meta name=\"twitter:label1\" content=\"Dur\u00e9e de lecture estim\u00e9e\" \/>\n\t<meta name=\"twitter:data1\" content=\"1 minute\" \/>\n<script type=\"application\/ld+json\" class=\"yoast-schema-graph\">{\"@context\":\"https:\\\/\\\/schema.org\",\"@graph\":[{\"@type\":\"WebPage\",\"@id\":\"https:\\\/\\\/crocjeux.com\\\/index.php\\\/produit\\\/catan-la-legende-des-conquerants\\\/\",\"url\":\"https:\\\/\\\/crocjeux.com\\\/index.php\\\/produit\\\/catan-la-legende-des-conquerants\\\/\",\"name\":\"Catan: La L\u00e9gende des Conqu\u00e9rants - Croc Jeux\",\"isPartOf\":{\"@id\":\"https:\\\/\\\/crocjeux.com\\\/#website\"},\"primaryImageOfPage\":{\"@id\":\"https:\\\/\\\/crocjeux.com\\\/index.php\\\/produit\\\/catan-la-legende-des-conquerants\\\/#primaryimage\"},\"image\":{\"@id\":\"https:\\\/\\\/crocjeux.com\\\/index.php\\\/produit\\\/catan-la-legende-des-conquerants\\\/#primaryimage\"},\"thumbnailUrl\":\"https:\\\/\\\/crocjeux.com\\\/wp-content\\\/uploads\\\/2023\\\/02\\\/catan-la-legende-des-conquerants.jpg\",\"datePublished\":\"2023-02-11T15:09:15+00:00\",\"dateModified\":\"2025-12-08T18:12:51+00:00\",\"description\":\"D\u00e9fendez CATAN ! An 670 apr\u00e8s l\u2019arriv\u00e9e des premiers colons sur CATAN. Une arm\u00e9e ennemie d\u00e9barque sur l\u2019\u00eele. Thora, la souveraine de CATAN, rassemble des chevaliers afin de repousser les envahisseurs.\",\"breadcrumb\":{\"@id\":\"https:\\\/\\\/crocjeux.com\\\/index.php\\\/produit\\\/catan-la-legende-des-conquerants\\\/#breadcrumb\"},\"inLanguage\":\"fr-FR\",\"potentialAction\":[{\"@type\":\"ReadAction\",\"target\":[\"https:\\\/\\\/crocjeux.com\\\/index.php\\\/produit\\\/catan-la-legende-des-conquerants\\\/\"]}]},{\"@type\":\"ImageObject\",\"inLanguage\":\"fr-FR\",\"@id\":\"https:\\\/\\\/crocjeux.com\\\/index.php\\\/produit\\\/catan-la-legende-des-conquerants\\\/#primaryimage\",\"url\":\"https:\\\/\\\/crocjeux.com\\\/wp-content\\\/uploads\\\/2023\\\/02\\\/catan-la-legende-des-conquerants.jpg\",\"contentUrl\":\"https:\\\/\\\/crocjeux.com\\\/wp-content\\\/uploads\\\/2023\\\/02\\\/catan-la-legende-des-conquerants.jpg\",\"width\":372,\"height\":372},{\"@type\":\"BreadcrumbList\",\"@id\":\"https:\\\/\\\/crocjeux.com\\\/index.php\\\/produit\\\/catan-la-legende-des-conquerants\\\/#breadcrumb\",\"itemListElement\":[{\"@type\":\"ListItem\",\"position\":1,\"name\":\"Accueil\",\"item\":\"https:\\\/\\\/crocjeux.com\\\/\"},{\"@type\":\"ListItem\",\"position\":2,\"name\":\"Boutique\",\"item\":\"https:\\\/\\\/crocjeux.com\\\/\"},{\"@type\":\"ListItem\",\"position\":3,\"name\":\"Catan: La L\u00e9gende des Conqu\u00e9rants\"}]},{\"@type\":\"WebSite\",\"@id\":\"https:\\\/\\\/crocjeux.com\\\/#website\",\"url\":\"https:\\\/\\\/crocjeux.com\\\/\",\"name\":\"Croc Jeux\",\"description\":\"Bienvenue chez Croc Jeux!\",\"publisher\":{\"@id\":\"https:\\\/\\\/crocjeux.com\\\/#organization\"},\"potentialAction\":[{\"@type\":\"SearchAction\",\"target\":{\"@type\":\"EntryPoint\",\"urlTemplate\":\"https:\\\/\\\/crocjeux.com\\\/?s={search_term_string}\"},\"query-input\":{\"@type\":\"PropertyValueSpecification\",\"valueRequired\":true,\"valueName\":\"search_term_string\"}}],\"inLanguage\":\"fr-FR\"},{\"@type\":\"Organization\",\"@id\":\"https:\\\/\\\/crocjeux.com\\\/#organization\",\"name\":\"Croc Jeux\",\"url\":\"https:\\\/\\\/crocjeux.com\\\/\",\"logo\":{\"@type\":\"ImageObject\",\"inLanguage\":\"fr-FR\",\"@id\":\"https:\\\/\\\/crocjeux.com\\\/#\\\/schema\\\/logo\\\/image\\\/\",\"url\":\"https:\\\/\\\/crocjeux.com\\\/wp-content\\\/uploads\\\/2022\\\/01\\\/cropped-logo-croc-etape-1-e1644574034239.jpg\",\"contentUrl\":\"https:\\\/\\\/crocjeux.com\\\/wp-content\\\/uploads\\\/2022\\\/01\\\/cropped-logo-croc-etape-1-e1644574034239.jpg\",\"width\":1224,\"height\":314,\"caption\":\"Croc Jeux\"},\"image\":{\"@id\":\"https:\\\/\\\/crocjeux.com\\\/#\\\/schema\\\/logo\\\/image\\\/\"}}]}<\/script>\n<!-- \/ Yoast SEO plugin. -->","yoast_head_json":{"title":"Catan: La L\u00e9gende des Conqu\u00e9rants - Croc Jeux","description":"D\u00e9fendez CATAN ! An 670 apr\u00e8s l\u2019arriv\u00e9e des premiers colons sur CATAN. Une arm\u00e9e ennemie d\u00e9barque sur l\u2019\u00eele. Thora, la souveraine de CATAN, rassemble des chevaliers afin de repousser les envahisseurs.","robots":{"index":"index","follow":"follow","max-snippet":"max-snippet:-1","max-image-preview":"max-image-preview:large","max-video-preview":"max-video-preview:-1"},"canonical":"https:\/\/crocjeux.com\/index.php\/produit\/catan-la-legende-des-conquerants\/","og_locale":"fr_FR","og_type":"article","og_title":"Catan: La L\u00e9gende des Conqu\u00e9rants - Croc Jeux","og_description":"D\u00e9fendez CATAN ! An 670 apr\u00e8s l\u2019arriv\u00e9e des premiers colons sur CATAN. Une arm\u00e9e ennemie d\u00e9barque sur l\u2019\u00eele. Thora, la souveraine de CATAN, rassemble des chevaliers afin de repousser les envahisseurs.","og_url":"https:\/\/crocjeux.com\/index.php\/produit\/catan-la-legende-des-conquerants\/","og_site_name":"Croc Jeux","article_modified_time":"2025-12-08T18:12:51+00:00","og_image":[{"width":372,"height":372,"url":"https:\/\/crocjeux.com\/wp-content\/uploads\/2023\/02\/catan-la-legende-des-conquerants.jpg","type":"image\/jpeg"}],"twitter_card":"summary_large_image","twitter_misc":{"Dur\u00e9e de lecture estim\u00e9e":"1 minute"},"schema":{"@context":"https:\/\/schema.org","@graph":[{"@type":"WebPage","@id":"https:\/\/crocjeux.com\/index.php\/produit\/catan-la-legende-des-conquerants\/","url":"https:\/\/crocjeux.com\/index.php\/produit\/catan-la-legende-des-conquerants\/","name":"Catan: La L\u00e9gende des Conqu\u00e9rants - Croc Jeux","isPartOf":{"@id":"https:\/\/crocjeux.com\/#website"},"primaryImageOfPage":{"@id":"https:\/\/crocjeux.com\/index.php\/produit\/catan-la-legende-des-conquerants\/#primaryimage"},"image":{"@id":"https:\/\/crocjeux.com\/index.php\/produit\/catan-la-legende-des-conquerants\/#primaryimage"},"thumbnailUrl":"https:\/\/crocjeux.com\/wp-content\/uploads\/2023\/02\/catan-la-legende-des-conquerants.jpg","datePublished":"2023-02-11T15:09:15+00:00","dateModified":"2025-12-08T18:12:51+00:00","description":"D\u00e9fendez CATAN ! An 670 apr\u00e8s l\u2019arriv\u00e9e des premiers colons sur CATAN. Une arm\u00e9e ennemie d\u00e9barque sur l\u2019\u00eele. Thora, la souveraine de CATAN, rassemble des chevaliers afin de repousser les envahisseurs.","breadcrumb":{"@id":"https:\/\/crocjeux.com\/index.php\/produit\/catan-la-legende-des-conquerants\/#breadcrumb"},"inLanguage":"fr-FR","potentialAction":[{"@type":"ReadAction","target":["https:\/\/crocjeux.com\/index.php\/produit\/catan-la-legende-des-conquerants\/"]}]},{"@type":"ImageObject","inLanguage":"fr-FR","@id":"https:\/\/crocjeux.com\/index.php\/produit\/catan-la-legende-des-conquerants\/#primaryimage","url":"https:\/\/crocjeux.com\/wp-content\/uploads\/2023\/02\/catan-la-legende-des-conquerants.jpg","contentUrl":"https:\/\/crocjeux.com\/wp-content\/uploads\/2023\/02\/catan-la-legende-des-conquerants.jpg","width":372,"height":372},{"@type":"BreadcrumbList","@id":"https:\/\/crocjeux.com\/index.php\/produit\/catan-la-legende-des-conquerants\/#breadcrumb","itemListElement":[{"@type":"ListItem","position":1,"name":"Accueil","item":"https:\/\/crocjeux.com\/"},{"@type":"ListItem","position":2,"name":"Boutique","item":"https:\/\/crocjeux.com\/"},{"@type":"ListItem","position":3,"name":"Catan: La L\u00e9gende des Conqu\u00e9rants"}]},{"@type":"WebSite","@id":"https:\/\/crocjeux.com\/#website","url":"https:\/\/crocjeux.com\/","name":"Croc Jeux","description":"Bienvenue chez Croc Jeux!","publisher":{"@id":"https:\/\/crocjeux.com\/#organization"},"potentialAction":[{"@type":"SearchAction","target":{"@type":"EntryPoint","urlTemplate":"https:\/\/crocjeux.com\/?s={search_term_string}"},"query-input":{"@type":"PropertyValueSpecification","valueRequired":true,"valueName":"search_term_string"}}],"inLanguage":"fr-FR"},{"@type":"Organization","@id":"https:\/\/crocjeux.com\/#organization","name":"Croc Jeux","url":"https:\/\/crocjeux.com\/","logo":{"@type":"ImageObject","inLanguage":"fr-FR","@id":"https:\/\/crocjeux.com\/#\/schema\/logo\/image\/","url":"https:\/\/crocjeux.com\/wp-content\/uploads\/2022\/01\/cropped-logo-croc-etape-1-e1644574034239.jpg","contentUrl":"https:\/\/crocjeux.com\/wp-content\/uploads\/2022\/01\/cropped-logo-croc-etape-1-e1644574034239.jpg","width":1224,"height":314,"caption":"Croc Jeux"},"image":{"@id":"https:\/\/crocjeux.com\/#\/schema\/logo\/image\/"}}]}},"_links":{"self":[{"href":"https:\/\/crocjeux.com\/index.php\/wp-json\/wp\/v2\/product\/5004","targetHints":{"allow":["GET"]}}],"collection":[{"href":"https:\/\/crocjeux.com\/index.php\/wp-json\/wp\/v2\/product"}],"about":[{"href":"https:\/\/crocjeux.com\/index.php\/wp-json\/wp\/v2\/types\/product"}],"replies":[{"embeddable":true,"href":"https:\/\/crocjeux.com\/index.php\/wp-json\/wp\/v2\/comments?post=5004"}],"wp:featuredmedia":[{"embeddable":true,"href":"https:\/\/crocjeux.com\/index.php\/wp-json\/wp\/v2\/media\/5005"}],"wp:attachment":[{"href":"https:\/\/crocjeux.com\/index.php\/wp-json\/wp\/v2\/media?parent=5004"}],"wp:term":[{"taxonomy":"product_brand","embeddable":true,"href":"https:\/\/crocjeux.com\/index.php\/wp-json\/wp\/v2\/product_brand?post=5004"},{"taxonomy":"product_cat","embeddable":true,"href":"https:\/\/crocjeux.com\/index.php\/wp-json\/wp\/v2\/product_cat?post=5004"},{"taxonomy":"product_tag","embeddable":true,"href":"https:\/\/crocjeux.com\/index.php\/wp-json\/wp\/v2\/product_tag?post=5004"}],"curies":[{"name":"wp","href":"https:\/\/api.w.org\/{rel}","templated":true}]}}