{"id":5010,"date":"2023-02-11T16:29:54","date_gmt":"2023-02-11T15:29:54","guid":{"rendered":"https:\/\/crocjeux.com\/?post_type=product&#038;p=5010"},"modified":"2023-02-11T16:29:55","modified_gmt":"2023-02-11T15:29:55","slug":"its-a-wonderful-kingdom","status":"publish","type":"product","link":"https:\/\/crocjeux.com\/index.php\/produit\/its-a-wonderful-kingdom\/","title":{"rendered":"It&rsquo;s a wonderful kingdom"},"content":{"rendered":"<div class=\"border-bottom pb-2 mb-4\">\n<h2>Pi\u00e9gez votre adversaire et d\u00e9veloppez votre domination !<\/h2>\n<\/div>\n<p>Alors que la Dynastie Gahelm s\u2019\u00e9teint, les Duch\u00e9s de Valados et Teressie luttent pour le tr\u00f4ne. Ils d\u00e9veloppent leurs cit\u00e9s, conqui\u00e8rent de nouvelles terres et pr\u00e9parent leur peuple.<\/p>\n<p>Mais leurs ambitions les m\u00e8nent \u00e0 lib\u00e9rer d&rsquo;anciennes menaces&#8230;<\/p>\n<h2>D\u00e9couvrez le syst\u00e8me \u00ab\u00a0Split &amp; Trap\u00a0\u00bb<\/h2>\n<p>&nbsp;<\/p>\n<p>Les 2 joueurs vont s\u2019affronter pour r\u00e9cup\u00e9rer des cartes et les construire, afin de d\u00e9velopper le moteur de production de leur duch\u00e9. Pour ce faire, les joueurs vont, chacun \u00e0 leur tour, proposer 2 cartes \u00e0 l\u2019adversaire ; ils peuvent les r\u00e9partir entre 2 tas et en placer certaines face cach\u00e9e, c\u2019est le syst\u00e8me Split &amp; Trap.<\/p>\n<p>Sauront-ils prot\u00e9ger les cartes qu\u2019ils convoitent, tout en \u00e9vitant les cartes n\u00e9gatives dissimul\u00e9es par l\u2019adversaire ?<\/p>\n<p>Une fois ces cartes r\u00e9cup\u00e9r\u00e9es, les joueurs peuvent les d\u00e9fausser pour obtenir des ressources ou d\u00e9marrer leur construction. Puis ils produiront des ressources de mani\u00e8re s\u00e9quentielle selon un ordre bien pr\u00e9cis. Construisez des cartes pour marquer des points et acc\u00e9der au tr\u00f4ne.<\/p>\n<p>Chaque partie se joue avec l\u2019un des 3 modules pour une intensit\u00e9 de duel toujours renouvel\u00e9e.<\/p>\n<p>Un mode solo est \u00e9galement inclus.<\/p>\n","protected":false},"excerpt":{"rendered":"<p>Pi\u00e9gez votre adversaire et d\u00e9veloppez votre domination ! Alors que la Dynastie Gahelm s\u2019\u00e9teint, les Duch\u00e9s de Valados et Teressie<\/p>\n","protected":false},"featured_media":5011,"comment_status":"open","ping_status":"closed","template":"","meta":{"colormag_page_container_layout":"default_layout","colormag_page_sidebar_layout":"default_layout"},"product_brand":[],"product_cat":[121,18,38],"product_tag":[],"class_list":{"0":"post-5010","1":"product","2":"type-product","3":"status-publish","4":"has-post-thumbnail","6":"product_cat-its-wonderful-world-jeux-solo","7":"product_cat-jeux-de-strategie","8":"product_cat-jeux-experts","10":"first","11":"instock","12":"taxable","13":"shipping-taxable","14":"purchasable","15":"product-type-simple"},"yoast_head":"<!-- This site is optimized with the Yoast SEO plugin v27.4 - https:\/\/yoast.com\/product\/yoast-seo-wordpress\/ -->\n<title>It&#039;s a wonderful kingdom - Croc Jeux<\/title>\n<meta name=\"description\" content=\"It\u2019s A Wonderful Kingdom est un jeu de cartes pour 1 \u00e0 2 joueurs, o\u00f9 les duch\u00e9s de Valados et de T\u00e9ressie s\u2019opposent pour l\u2019accession au tr\u00f4ne.\" \/>\n<meta name=\"robots\" content=\"index, follow, max-snippet:-1, max-image-preview:large, max-video-preview:-1\" \/>\n<link rel=\"canonical\" href=\"https:\/\/crocjeux.com\/index.php\/produit\/its-a-wonderful-kingdom\/\" \/>\n<meta property=\"og:locale\" content=\"fr_FR\" \/>\n<meta property=\"og:type\" content=\"article\" \/>\n<meta property=\"og:title\" content=\"It&#039;s a wonderful kingdom - Croc Jeux\" \/>\n<meta property=\"og:description\" content=\"It\u2019s A Wonderful Kingdom est un jeu de cartes pour 1 \u00e0 2 joueurs, o\u00f9 les duch\u00e9s de Valados et de T\u00e9ressie s\u2019opposent pour l\u2019accession au tr\u00f4ne.\" \/>\n<meta property=\"og:url\" content=\"https:\/\/crocjeux.com\/index.php\/produit\/its-a-wonderful-kingdom\/\" \/>\n<meta property=\"og:site_name\" content=\"Croc Jeux\" \/>\n<meta property=\"article:modified_time\" content=\"2023-02-11T15:29:55+00:00\" \/>\n<meta property=\"og:image\" content=\"https:\/\/crocjeux.com\/wp-content\/uploads\/2023\/02\/its-a-wonderful-kingdom.jpg\" \/>\n\t<meta property=\"og:image:width\" content=\"372\" \/>\n\t<meta property=\"og:image:height\" content=\"372\" \/>\n\t<meta property=\"og:image:type\" content=\"image\/jpeg\" \/>\n<meta name=\"twitter:card\" content=\"summary_large_image\" \/>\n<meta name=\"twitter:label1\" content=\"Dur\u00e9e de lecture estim\u00e9e\" \/>\n\t<meta name=\"twitter:data1\" content=\"1 minute\" \/>\n<script type=\"application\/ld+json\" class=\"yoast-schema-graph\">{\"@context\":\"https:\\\/\\\/schema.org\",\"@graph\":[{\"@type\":\"WebPage\",\"@id\":\"https:\\\/\\\/crocjeux.com\\\/index.php\\\/produit\\\/its-a-wonderful-kingdom\\\/\",\"url\":\"https:\\\/\\\/crocjeux.com\\\/index.php\\\/produit\\\/its-a-wonderful-kingdom\\\/\",\"name\":\"It's a wonderful kingdom - Croc Jeux\",\"isPartOf\":{\"@id\":\"https:\\\/\\\/crocjeux.com\\\/#website\"},\"primaryImageOfPage\":{\"@id\":\"https:\\\/\\\/crocjeux.com\\\/index.php\\\/produit\\\/its-a-wonderful-kingdom\\\/#primaryimage\"},\"image\":{\"@id\":\"https:\\\/\\\/crocjeux.com\\\/index.php\\\/produit\\\/its-a-wonderful-kingdom\\\/#primaryimage\"},\"thumbnailUrl\":\"https:\\\/\\\/crocjeux.com\\\/wp-content\\\/uploads\\\/2023\\\/02\\\/its-a-wonderful-kingdom.jpg\",\"datePublished\":\"2023-02-11T15:29:54+00:00\",\"dateModified\":\"2023-02-11T15:29:55+00:00\",\"description\":\"It\u2019s A Wonderful Kingdom est un jeu de cartes pour 1 \u00e0 2 joueurs, o\u00f9 les duch\u00e9s de Valados et de T\u00e9ressie s\u2019opposent pour l\u2019accession au tr\u00f4ne.\",\"breadcrumb\":{\"@id\":\"https:\\\/\\\/crocjeux.com\\\/index.php\\\/produit\\\/its-a-wonderful-kingdom\\\/#breadcrumb\"},\"inLanguage\":\"fr-FR\",\"potentialAction\":[{\"@type\":\"ReadAction\",\"target\":[\"https:\\\/\\\/crocjeux.com\\\/index.php\\\/produit\\\/its-a-wonderful-kingdom\\\/\"]}]},{\"@type\":\"ImageObject\",\"inLanguage\":\"fr-FR\",\"@id\":\"https:\\\/\\\/crocjeux.com\\\/index.php\\\/produit\\\/its-a-wonderful-kingdom\\\/#primaryimage\",\"url\":\"https:\\\/\\\/crocjeux.com\\\/wp-content\\\/uploads\\\/2023\\\/02\\\/its-a-wonderful-kingdom.jpg\",\"contentUrl\":\"https:\\\/\\\/crocjeux.com\\\/wp-content\\\/uploads\\\/2023\\\/02\\\/its-a-wonderful-kingdom.jpg\",\"width\":372,\"height\":372},{\"@type\":\"BreadcrumbList\",\"@id\":\"https:\\\/\\\/crocjeux.com\\\/index.php\\\/produit\\\/its-a-wonderful-kingdom\\\/#breadcrumb\",\"itemListElement\":[{\"@type\":\"ListItem\",\"position\":1,\"name\":\"Accueil\",\"item\":\"https:\\\/\\\/crocjeux.com\\\/\"},{\"@type\":\"ListItem\",\"position\":2,\"name\":\"Boutique\",\"item\":\"https:\\\/\\\/crocjeux.com\\\/\"},{\"@type\":\"ListItem\",\"position\":3,\"name\":\"It&#8217;s a wonderful kingdom\"}]},{\"@type\":\"WebSite\",\"@id\":\"https:\\\/\\\/crocjeux.com\\\/#website\",\"url\":\"https:\\\/\\\/crocjeux.com\\\/\",\"name\":\"Croc Jeux\",\"description\":\"Bienvenue chez Croc Jeux!\",\"publisher\":{\"@id\":\"https:\\\/\\\/crocjeux.com\\\/#organization\"},\"potentialAction\":[{\"@type\":\"SearchAction\",\"target\":{\"@type\":\"EntryPoint\",\"urlTemplate\":\"https:\\\/\\\/crocjeux.com\\\/?s={search_term_string}\"},\"query-input\":{\"@type\":\"PropertyValueSpecification\",\"valueRequired\":true,\"valueName\":\"search_term_string\"}}],\"inLanguage\":\"fr-FR\"},{\"@type\":\"Organization\",\"@id\":\"https:\\\/\\\/crocjeux.com\\\/#organization\",\"name\":\"Croc Jeux\",\"url\":\"https:\\\/\\\/crocjeux.com\\\/\",\"logo\":{\"@type\":\"ImageObject\",\"inLanguage\":\"fr-FR\",\"@id\":\"https:\\\/\\\/crocjeux.com\\\/#\\\/schema\\\/logo\\\/image\\\/\",\"url\":\"https:\\\/\\\/crocjeux.com\\\/wp-content\\\/uploads\\\/2022\\\/01\\\/cropped-logo-croc-etape-1-e1644574034239.jpg\",\"contentUrl\":\"https:\\\/\\\/crocjeux.com\\\/wp-content\\\/uploads\\\/2022\\\/01\\\/cropped-logo-croc-etape-1-e1644574034239.jpg\",\"width\":1224,\"height\":314,\"caption\":\"Croc Jeux\"},\"image\":{\"@id\":\"https:\\\/\\\/crocjeux.com\\\/#\\\/schema\\\/logo\\\/image\\\/\"}}]}<\/script>\n<!-- \/ Yoast SEO plugin. -->","yoast_head_json":{"title":"It's a wonderful kingdom - Croc Jeux","description":"It\u2019s A Wonderful Kingdom est un jeu de cartes pour 1 \u00e0 2 joueurs, o\u00f9 les duch\u00e9s de Valados et de T\u00e9ressie s\u2019opposent pour l\u2019accession au tr\u00f4ne.","robots":{"index":"index","follow":"follow","max-snippet":"max-snippet:-1","max-image-preview":"max-image-preview:large","max-video-preview":"max-video-preview:-1"},"canonical":"https:\/\/crocjeux.com\/index.php\/produit\/its-a-wonderful-kingdom\/","og_locale":"fr_FR","og_type":"article","og_title":"It's a wonderful kingdom - Croc Jeux","og_description":"It\u2019s A Wonderful Kingdom est un jeu de cartes pour 1 \u00e0 2 joueurs, o\u00f9 les duch\u00e9s de Valados et de T\u00e9ressie s\u2019opposent pour l\u2019accession au tr\u00f4ne.","og_url":"https:\/\/crocjeux.com\/index.php\/produit\/its-a-wonderful-kingdom\/","og_site_name":"Croc Jeux","article_modified_time":"2023-02-11T15:29:55+00:00","og_image":[{"width":372,"height":372,"url":"https:\/\/crocjeux.com\/wp-content\/uploads\/2023\/02\/its-a-wonderful-kingdom.jpg","type":"image\/jpeg"}],"twitter_card":"summary_large_image","twitter_misc":{"Dur\u00e9e de lecture estim\u00e9e":"1 minute"},"schema":{"@context":"https:\/\/schema.org","@graph":[{"@type":"WebPage","@id":"https:\/\/crocjeux.com\/index.php\/produit\/its-a-wonderful-kingdom\/","url":"https:\/\/crocjeux.com\/index.php\/produit\/its-a-wonderful-kingdom\/","name":"It's a wonderful kingdom - Croc Jeux","isPartOf":{"@id":"https:\/\/crocjeux.com\/#website"},"primaryImageOfPage":{"@id":"https:\/\/crocjeux.com\/index.php\/produit\/its-a-wonderful-kingdom\/#primaryimage"},"image":{"@id":"https:\/\/crocjeux.com\/index.php\/produit\/its-a-wonderful-kingdom\/#primaryimage"},"thumbnailUrl":"https:\/\/crocjeux.com\/wp-content\/uploads\/2023\/02\/its-a-wonderful-kingdom.jpg","datePublished":"2023-02-11T15:29:54+00:00","dateModified":"2023-02-11T15:29:55+00:00","description":"It\u2019s A Wonderful Kingdom est un jeu de cartes pour 1 \u00e0 2 joueurs, o\u00f9 les duch\u00e9s de Valados et de T\u00e9ressie s\u2019opposent pour l\u2019accession au tr\u00f4ne.","breadcrumb":{"@id":"https:\/\/crocjeux.com\/index.php\/produit\/its-a-wonderful-kingdom\/#breadcrumb"},"inLanguage":"fr-FR","potentialAction":[{"@type":"ReadAction","target":["https:\/\/crocjeux.com\/index.php\/produit\/its-a-wonderful-kingdom\/"]}]},{"@type":"ImageObject","inLanguage":"fr-FR","@id":"https:\/\/crocjeux.com\/index.php\/produit\/its-a-wonderful-kingdom\/#primaryimage","url":"https:\/\/crocjeux.com\/wp-content\/uploads\/2023\/02\/its-a-wonderful-kingdom.jpg","contentUrl":"https:\/\/crocjeux.com\/wp-content\/uploads\/2023\/02\/its-a-wonderful-kingdom.jpg","width":372,"height":372},{"@type":"BreadcrumbList","@id":"https:\/\/crocjeux.com\/index.php\/produit\/its-a-wonderful-kingdom\/#breadcrumb","itemListElement":[{"@type":"ListItem","position":1,"name":"Accueil","item":"https:\/\/crocjeux.com\/"},{"@type":"ListItem","position":2,"name":"Boutique","item":"https:\/\/crocjeux.com\/"},{"@type":"ListItem","position":3,"name":"It&#8217;s a wonderful kingdom"}]},{"@type":"WebSite","@id":"https:\/\/crocjeux.com\/#website","url":"https:\/\/crocjeux.com\/","name":"Croc Jeux","description":"Bienvenue chez Croc Jeux!","publisher":{"@id":"https:\/\/crocjeux.com\/#organization"},"potentialAction":[{"@type":"SearchAction","target":{"@type":"EntryPoint","urlTemplate":"https:\/\/crocjeux.com\/?s={search_term_string}"},"query-input":{"@type":"PropertyValueSpecification","valueRequired":true,"valueName":"search_term_string"}}],"inLanguage":"fr-FR"},{"@type":"Organization","@id":"https:\/\/crocjeux.com\/#organization","name":"Croc Jeux","url":"https:\/\/crocjeux.com\/","logo":{"@type":"ImageObject","inLanguage":"fr-FR","@id":"https:\/\/crocjeux.com\/#\/schema\/logo\/image\/","url":"https:\/\/crocjeux.com\/wp-content\/uploads\/2022\/01\/cropped-logo-croc-etape-1-e1644574034239.jpg","contentUrl":"https:\/\/crocjeux.com\/wp-content\/uploads\/2022\/01\/cropped-logo-croc-etape-1-e1644574034239.jpg","width":1224,"height":314,"caption":"Croc Jeux"},"image":{"@id":"https:\/\/crocjeux.com\/#\/schema\/logo\/image\/"}}]}},"_links":{"self":[{"href":"https:\/\/crocjeux.com\/index.php\/wp-json\/wp\/v2\/product\/5010","targetHints":{"allow":["GET"]}}],"collection":[{"href":"https:\/\/crocjeux.com\/index.php\/wp-json\/wp\/v2\/product"}],"about":[{"href":"https:\/\/crocjeux.com\/index.php\/wp-json\/wp\/v2\/types\/product"}],"replies":[{"embeddable":true,"href":"https:\/\/crocjeux.com\/index.php\/wp-json\/wp\/v2\/comments?post=5010"}],"wp:featuredmedia":[{"embeddable":true,"href":"https:\/\/crocjeux.com\/index.php\/wp-json\/wp\/v2\/media\/5011"}],"wp:attachment":[{"href":"https:\/\/crocjeux.com\/index.php\/wp-json\/wp\/v2\/media?parent=5010"}],"wp:term":[{"taxonomy":"product_brand","embeddable":true,"href":"https:\/\/crocjeux.com\/index.php\/wp-json\/wp\/v2\/product_brand?post=5010"},{"taxonomy":"product_cat","embeddable":true,"href":"https:\/\/crocjeux.com\/index.php\/wp-json\/wp\/v2\/product_cat?post=5010"},{"taxonomy":"product_tag","embeddable":true,"href":"https:\/\/crocjeux.com\/index.php\/wp-json\/wp\/v2\/product_tag?post=5010"}],"curies":[{"name":"wp","href":"https:\/\/api.w.org\/{rel}","templated":true}]}}