{"id":504,"date":"2020-11-06T14:41:43","date_gmt":"2020-11-06T13:41:43","guid":{"rendered":"https:\/\/crocjeux.com\/?post_type=product&#038;p=504"},"modified":"2022-03-10T12:20:29","modified_gmt":"2022-03-10T11:20:29","slug":"hanabi-grands-feux","status":"publish","type":"product","link":"https:\/\/crocjeux.com\/index.php\/produit\/hanabi-grands-feux\/","title":{"rendered":"Hanabi &#8211; Grands Feux"},"content":{"rendered":"<h2>Hanabi, une nouvelle version pour un grand classique<\/h2>\n<p>Le plus pur et le plus bouleversant des jeux coop\u00e9ratifs ! Nouvelle version avec un mat\u00e9riel am\u00e9lior\u00e9 et 3 extensions !<\/p>\n<p>Dans Hanabi, les joueurs incarnent une \u00e9quipe d&rsquo;<strong>artificiers<\/strong> ayant la charge d&rsquo;organiser une repr\u00e9sentation spectaculaire. C&rsquo;est le grand jour, tout est pr\u00eat. Mais voil\u00e0, un impr\u00e9vu survient. Toutes les m\u00e8ches ont \u00e9t\u00e9 m\u00e9lang\u00e9es. Le public commence \u00e0 affluer et il ne faut pas les d\u00e9cevoir. Il faut donc trouver le moyen de tout remettre dans l&rsquo;ordre afin de pouvoir tirer les magnifiques <strong>feux d&rsquo;artifice<\/strong> que tout le monde attend.<\/p>\n<h2>Hanabi, un jeu coop\u00e9ratif original<\/h2>\n<p>Hanabi est un jeu de <strong>coop\u00e9ration<\/strong> entre les joueurs avec une m\u00e9canique de jeu in\u00e9dite. Le jeu comprend 5 couleurs diff\u00e9rentes de <strong>fus\u00e9es<\/strong> (Bleu, rouge, blanc, vert et jaune). Le but du jeu est d&rsquo;aligner les feux d&rsquo;artifice de 1 \u00e0 5 dans chaque couleur.<\/p>\n<p>Chaque participant re\u00e7oit 4 cartes. Mais attention, il lui est interdit de les regarder. Il les montre aux autres artificiers qui doivent le guider en lui donnant les indices. Petit \u00e0 petit, les diff\u00e9rentes fus\u00e9es seront class\u00e9es et la repr\u00e9sentation aura lieu pour le plus grand bonheur des spectateurs.<\/p>\n<p>Si un joueur se trompe, l&rsquo;ensemble de l&rsquo;\u00e9quipe perd un point de vie et la partie continue. Celle-ci prend fin si les artificiers perdent leurs 3 points de vie ou si tous les feux sont class\u00e9s.<\/p>\n<p>Hanabi, trois extensions in\u00e9dites:<\/p>\n<ul>\n<li>Avalanche de couleurs (10 cartes multicolores)<\/li>\n<li>Poudre noire (10 cartes noires)<\/li>\n<li>5 flamboyants (6 tuiles BONUS et une aide de jeu)<\/li>\n<\/ul>\n","protected":false},"excerpt":{"rendered":"<p>Hanabi, une nouvelle version pour un grand classique Le plus pur et le plus bouleversant des jeux coop\u00e9ratifs ! Nouvelle<\/p>\n","protected":false},"featured_media":505,"comment_status":"open","ping_status":"closed","template":"","meta":{"colormag_page_container_layout":"default_layout","colormag_page_sidebar_layout":"default_layout"},"product_brand":[],"product_cat":[30,36],"product_tag":[],"class_list":{"0":"post-504","1":"product","2":"type-product","3":"status-publish","4":"has-post-thumbnail","6":"product_cat-jeux-collaboratifs","7":"product_cat-jeux-familiaux","9":"first","10":"instock","11":"taxable","12":"shipping-taxable","13":"purchasable","14":"product-type-simple"},"yoast_head":"<!-- This site is optimized with the Yoast SEO plugin v27.3 - https:\/\/yoast.com\/product\/yoast-seo-wordpress\/ -->\n<title>Hanabi - Grands Feux - Croc Jeux<\/title>\n<meta name=\"robots\" content=\"index, follow, max-snippet:-1, max-image-preview:large, max-video-preview:-1\" \/>\n<link rel=\"canonical\" href=\"https:\/\/crocjeux.com\/index.php\/produit\/hanabi-grands-feux\/\" \/>\n<meta property=\"og:locale\" content=\"fr_FR\" \/>\n<meta property=\"og:type\" content=\"article\" \/>\n<meta property=\"og:title\" content=\"Hanabi - Grands Feux - Croc Jeux\" \/>\n<meta property=\"og:description\" content=\"Hanabi, une nouvelle version pour un grand classique Le plus pur et le plus bouleversant des jeux coop\u00e9ratifs ! Nouvelle\" \/>\n<meta property=\"og:url\" content=\"https:\/\/crocjeux.com\/index.php\/produit\/hanabi-grands-feux\/\" \/>\n<meta property=\"og:site_name\" content=\"Croc Jeux\" \/>\n<meta property=\"article:modified_time\" content=\"2022-03-10T11:20:29+00:00\" \/>\n<meta property=\"og:image\" content=\"https:\/\/crocjeux.com\/wp-content\/uploads\/2020\/11\/Hanabi_grands_feux_boite_3D_BD.jpg\" \/>\n\t<meta property=\"og:image:width\" content=\"900\" \/>\n\t<meta property=\"og:image:height\" content=\"900\" \/>\n\t<meta property=\"og:image:type\" content=\"image\/jpeg\" \/>\n<meta name=\"twitter:card\" content=\"summary_large_image\" \/>\n<meta name=\"twitter:label1\" content=\"Dur\u00e9e de lecture estim\u00e9e\" \/>\n\t<meta name=\"twitter:data1\" content=\"1 minute\" \/>\n<script type=\"application\/ld+json\" class=\"yoast-schema-graph\">{\"@context\":\"https:\\\/\\\/schema.org\",\"@graph\":[{\"@type\":\"WebPage\",\"@id\":\"https:\\\/\\\/crocjeux.com\\\/index.php\\\/produit\\\/hanabi-grands-feux\\\/\",\"url\":\"https:\\\/\\\/crocjeux.com\\\/index.php\\\/produit\\\/hanabi-grands-feux\\\/\",\"name\":\"Hanabi - Grands Feux - Croc Jeux\",\"isPartOf\":{\"@id\":\"https:\\\/\\\/crocjeux.com\\\/#website\"},\"primaryImageOfPage\":{\"@id\":\"https:\\\/\\\/crocjeux.com\\\/index.php\\\/produit\\\/hanabi-grands-feux\\\/#primaryimage\"},\"image\":{\"@id\":\"https:\\\/\\\/crocjeux.com\\\/index.php\\\/produit\\\/hanabi-grands-feux\\\/#primaryimage\"},\"thumbnailUrl\":\"https:\\\/\\\/crocjeux.com\\\/wp-content\\\/uploads\\\/2020\\\/11\\\/Hanabi_grands_feux_boite_3D_BD.jpg\",\"datePublished\":\"2020-11-06T13:41:43+00:00\",\"dateModified\":\"2022-03-10T11:20:29+00:00\",\"breadcrumb\":{\"@id\":\"https:\\\/\\\/crocjeux.com\\\/index.php\\\/produit\\\/hanabi-grands-feux\\\/#breadcrumb\"},\"inLanguage\":\"fr-FR\",\"potentialAction\":[{\"@type\":\"ReadAction\",\"target\":[\"https:\\\/\\\/crocjeux.com\\\/index.php\\\/produit\\\/hanabi-grands-feux\\\/\"]}]},{\"@type\":\"ImageObject\",\"inLanguage\":\"fr-FR\",\"@id\":\"https:\\\/\\\/crocjeux.com\\\/index.php\\\/produit\\\/hanabi-grands-feux\\\/#primaryimage\",\"url\":\"https:\\\/\\\/crocjeux.com\\\/wp-content\\\/uploads\\\/2020\\\/11\\\/Hanabi_grands_feux_boite_3D_BD.jpg\",\"contentUrl\":\"https:\\\/\\\/crocjeux.com\\\/wp-content\\\/uploads\\\/2020\\\/11\\\/Hanabi_grands_feux_boite_3D_BD.jpg\",\"width\":900,\"height\":900},{\"@type\":\"BreadcrumbList\",\"@id\":\"https:\\\/\\\/crocjeux.com\\\/index.php\\\/produit\\\/hanabi-grands-feux\\\/#breadcrumb\",\"itemListElement\":[{\"@type\":\"ListItem\",\"position\":1,\"name\":\"Accueil\",\"item\":\"https:\\\/\\\/crocjeux.com\\\/\"},{\"@type\":\"ListItem\",\"position\":2,\"name\":\"Boutique\",\"item\":\"https:\\\/\\\/crocjeux.com\\\/\"},{\"@type\":\"ListItem\",\"position\":3,\"name\":\"Hanabi &#8211; Grands Feux\"}]},{\"@type\":\"WebSite\",\"@id\":\"https:\\\/\\\/crocjeux.com\\\/#website\",\"url\":\"https:\\\/\\\/crocjeux.com\\\/\",\"name\":\"Croc Jeux\",\"description\":\"Bienvenue chez Croc Jeux!\",\"publisher\":{\"@id\":\"https:\\\/\\\/crocjeux.com\\\/#organization\"},\"potentialAction\":[{\"@type\":\"SearchAction\",\"target\":{\"@type\":\"EntryPoint\",\"urlTemplate\":\"https:\\\/\\\/crocjeux.com\\\/?s={search_term_string}\"},\"query-input\":{\"@type\":\"PropertyValueSpecification\",\"valueRequired\":true,\"valueName\":\"search_term_string\"}}],\"inLanguage\":\"fr-FR\"},{\"@type\":\"Organization\",\"@id\":\"https:\\\/\\\/crocjeux.com\\\/#organization\",\"name\":\"Croc Jeux\",\"url\":\"https:\\\/\\\/crocjeux.com\\\/\",\"logo\":{\"@type\":\"ImageObject\",\"inLanguage\":\"fr-FR\",\"@id\":\"https:\\\/\\\/crocjeux.com\\\/#\\\/schema\\\/logo\\\/image\\\/\",\"url\":\"https:\\\/\\\/crocjeux.com\\\/wp-content\\\/uploads\\\/2022\\\/01\\\/cropped-logo-croc-etape-1-e1644574034239.jpg\",\"contentUrl\":\"https:\\\/\\\/crocjeux.com\\\/wp-content\\\/uploads\\\/2022\\\/01\\\/cropped-logo-croc-etape-1-e1644574034239.jpg\",\"width\":1224,\"height\":314,\"caption\":\"Croc Jeux\"},\"image\":{\"@id\":\"https:\\\/\\\/crocjeux.com\\\/#\\\/schema\\\/logo\\\/image\\\/\"}}]}<\/script>\n<!-- \/ Yoast SEO plugin. -->","yoast_head_json":{"title":"Hanabi - Grands Feux - Croc Jeux","robots":{"index":"index","follow":"follow","max-snippet":"max-snippet:-1","max-image-preview":"max-image-preview:large","max-video-preview":"max-video-preview:-1"},"canonical":"https:\/\/crocjeux.com\/index.php\/produit\/hanabi-grands-feux\/","og_locale":"fr_FR","og_type":"article","og_title":"Hanabi - Grands Feux - Croc Jeux","og_description":"Hanabi, une nouvelle version pour un grand classique Le plus pur et le plus bouleversant des jeux coop\u00e9ratifs ! Nouvelle","og_url":"https:\/\/crocjeux.com\/index.php\/produit\/hanabi-grands-feux\/","og_site_name":"Croc Jeux","article_modified_time":"2022-03-10T11:20:29+00:00","og_image":[{"width":900,"height":900,"url":"https:\/\/crocjeux.com\/wp-content\/uploads\/2020\/11\/Hanabi_grands_feux_boite_3D_BD.jpg","type":"image\/jpeg"}],"twitter_card":"summary_large_image","twitter_misc":{"Dur\u00e9e de lecture estim\u00e9e":"1 minute"},"schema":{"@context":"https:\/\/schema.org","@graph":[{"@type":"WebPage","@id":"https:\/\/crocjeux.com\/index.php\/produit\/hanabi-grands-feux\/","url":"https:\/\/crocjeux.com\/index.php\/produit\/hanabi-grands-feux\/","name":"Hanabi - Grands Feux - Croc Jeux","isPartOf":{"@id":"https:\/\/crocjeux.com\/#website"},"primaryImageOfPage":{"@id":"https:\/\/crocjeux.com\/index.php\/produit\/hanabi-grands-feux\/#primaryimage"},"image":{"@id":"https:\/\/crocjeux.com\/index.php\/produit\/hanabi-grands-feux\/#primaryimage"},"thumbnailUrl":"https:\/\/crocjeux.com\/wp-content\/uploads\/2020\/11\/Hanabi_grands_feux_boite_3D_BD.jpg","datePublished":"2020-11-06T13:41:43+00:00","dateModified":"2022-03-10T11:20:29+00:00","breadcrumb":{"@id":"https:\/\/crocjeux.com\/index.php\/produit\/hanabi-grands-feux\/#breadcrumb"},"inLanguage":"fr-FR","potentialAction":[{"@type":"ReadAction","target":["https:\/\/crocjeux.com\/index.php\/produit\/hanabi-grands-feux\/"]}]},{"@type":"ImageObject","inLanguage":"fr-FR","@id":"https:\/\/crocjeux.com\/index.php\/produit\/hanabi-grands-feux\/#primaryimage","url":"https:\/\/crocjeux.com\/wp-content\/uploads\/2020\/11\/Hanabi_grands_feux_boite_3D_BD.jpg","contentUrl":"https:\/\/crocjeux.com\/wp-content\/uploads\/2020\/11\/Hanabi_grands_feux_boite_3D_BD.jpg","width":900,"height":900},{"@type":"BreadcrumbList","@id":"https:\/\/crocjeux.com\/index.php\/produit\/hanabi-grands-feux\/#breadcrumb","itemListElement":[{"@type":"ListItem","position":1,"name":"Accueil","item":"https:\/\/crocjeux.com\/"},{"@type":"ListItem","position":2,"name":"Boutique","item":"https:\/\/crocjeux.com\/"},{"@type":"ListItem","position":3,"name":"Hanabi &#8211; Grands Feux"}]},{"@type":"WebSite","@id":"https:\/\/crocjeux.com\/#website","url":"https:\/\/crocjeux.com\/","name":"Croc Jeux","description":"Bienvenue chez Croc Jeux!","publisher":{"@id":"https:\/\/crocjeux.com\/#organization"},"potentialAction":[{"@type":"SearchAction","target":{"@type":"EntryPoint","urlTemplate":"https:\/\/crocjeux.com\/?s={search_term_string}"},"query-input":{"@type":"PropertyValueSpecification","valueRequired":true,"valueName":"search_term_string"}}],"inLanguage":"fr-FR"},{"@type":"Organization","@id":"https:\/\/crocjeux.com\/#organization","name":"Croc Jeux","url":"https:\/\/crocjeux.com\/","logo":{"@type":"ImageObject","inLanguage":"fr-FR","@id":"https:\/\/crocjeux.com\/#\/schema\/logo\/image\/","url":"https:\/\/crocjeux.com\/wp-content\/uploads\/2022\/01\/cropped-logo-croc-etape-1-e1644574034239.jpg","contentUrl":"https:\/\/crocjeux.com\/wp-content\/uploads\/2022\/01\/cropped-logo-croc-etape-1-e1644574034239.jpg","width":1224,"height":314,"caption":"Croc Jeux"},"image":{"@id":"https:\/\/crocjeux.com\/#\/schema\/logo\/image\/"}}]}},"_links":{"self":[{"href":"https:\/\/crocjeux.com\/index.php\/wp-json\/wp\/v2\/product\/504","targetHints":{"allow":["GET"]}}],"collection":[{"href":"https:\/\/crocjeux.com\/index.php\/wp-json\/wp\/v2\/product"}],"about":[{"href":"https:\/\/crocjeux.com\/index.php\/wp-json\/wp\/v2\/types\/product"}],"replies":[{"embeddable":true,"href":"https:\/\/crocjeux.com\/index.php\/wp-json\/wp\/v2\/comments?post=504"}],"wp:featuredmedia":[{"embeddable":true,"href":"https:\/\/crocjeux.com\/index.php\/wp-json\/wp\/v2\/media\/505"}],"wp:attachment":[{"href":"https:\/\/crocjeux.com\/index.php\/wp-json\/wp\/v2\/media?parent=504"}],"wp:term":[{"taxonomy":"product_brand","embeddable":true,"href":"https:\/\/crocjeux.com\/index.php\/wp-json\/wp\/v2\/product_brand?post=504"},{"taxonomy":"product_cat","embeddable":true,"href":"https:\/\/crocjeux.com\/index.php\/wp-json\/wp\/v2\/product_cat?post=504"},{"taxonomy":"product_tag","embeddable":true,"href":"https:\/\/crocjeux.com\/index.php\/wp-json\/wp\/v2\/product_tag?post=504"}],"curies":[{"name":"wp","href":"https:\/\/api.w.org\/{rel}","templated":true}]}}