{"id":5049,"date":"2023-02-11T18:34:55","date_gmt":"2023-02-11T17:34:55","guid":{"rendered":"https:\/\/crocjeux.com\/?post_type=product&#038;p=5049"},"modified":"2024-02-20T18:03:14","modified_gmt":"2024-02-20T17:03:14","slug":"7-wonder-edifice-precommande-sortie-23-fevrier-dispo-en-magasin","status":"publish","type":"product","link":"https:\/\/crocjeux.com\/index.php\/produit\/7-wonder-edifice-precommande-sortie-23-fevrier-dispo-en-magasin\/","title":{"rendered":"7 Wonder ext Edifice"},"content":{"rendered":"<div class=\"description fr-view\">\n<h2><strong>Ajoutez votre merveille commune \u00e0 Edifices<\/strong><\/h2>\n<p>Dans<b>\u00a07 Wonders Nouvelle Edition &#8211; Edifices<\/b>, la nouvelle extension de 7 Wonders, les joueurs vont devoir relever ensemble un d\u00e9fi : b\u00e2tir de majestueux \u00e9difices. Ils en tireront les b\u00e9n\u00e9fices \u00e0 sa construction ou en subiront les pr\u00e9judices en cas d\u2019\u00e9chec.<\/p>\n<\/div>\n<div class=\"description fr-view\"><\/div>\n<div class=\"description fr-view\">Mise en \u0153uvre simple, sans prolonger les parties, avec une interaction suppl\u00e9mentaire par un projet commun et de nouveaux enjeux, Edifices est id\u00e9al pour bien d\u00e9buter les extensions de 7 Wonders.<strong><br \/>\n<\/strong><\/div>\n<div class=\"description fr-view\">\n<ul>\n<li>Une extension facile \u00e0 prendre en mains pour augmenter son exp\u00e9rience de jeu sans rajouter du temps de partie.<\/li>\n<li>Plus d\u2019interaction entre les joueurs avec la construction d\u2019\u00e9difices communs.<\/li>\n<li>Des figurines pour repr\u00e9senter les trois \u00e2ges du jeu.<\/li>\n<li>Deux nouvelles merveilles : Ur et Carthage.<\/li>\n<\/ul>\n<\/div>\n<div class=\"description fr-view\">N\u00e9cessite le jeu de base pour \u00eatre jou\u00e9.<\/div>\n","protected":false},"excerpt":{"rendered":"<p>7 Wonders Nouvelle Edition &#8211; Edifices est une extension pour 7 Wonders o\u00f9 les joueurs vont devoir relever ensemble un d\u00e9fi : b\u00e2tir de majestueux \u00e9difices.<\/p>\n","protected":false},"featured_media":5050,"comment_status":"open","ping_status":"closed","template":"","meta":{"colormag_page_container_layout":"default_layout","colormag_page_sidebar_layout":"default_layout"},"product_brand":[],"product_cat":[118,119,43,18],"product_tag":[],"class_list":{"0":"post-5049","1":"product","2":"type-product","3":"status-publish","4":"has-post-thumbnail","6":"product_cat-7-wonders-jeux-strategie","7":"product_cat-7-wonders-grand-classique","8":"product_cat-grand-classique","9":"product_cat-jeux-de-strategie","11":"first","12":"instock","13":"taxable","14":"shipping-taxable","15":"purchasable","16":"product-type-simple"},"yoast_head":"<!-- This site is optimized with the Yoast SEO plugin v27.3 - https:\/\/yoast.com\/product\/yoast-seo-wordpress\/ -->\n<title>7 Wonder ext Edifice - Croc Jeux<\/title>\n<meta name=\"description\" content=\"7 Wonders Nouvelle Edition - Edifices est une extension pour 7 Wonders o\u00f9 les joueurs vont devoir relever ensemble un d\u00e9fi : b\u00e2tir de majestueux \u00e9difices.\" \/>\n<meta name=\"robots\" content=\"index, follow, max-snippet:-1, max-image-preview:large, max-video-preview:-1\" \/>\n<link rel=\"canonical\" href=\"https:\/\/crocjeux.com\/index.php\/produit\/7-wonder-edifice-precommande-sortie-23-fevrier-dispo-en-magasin\/\" \/>\n<meta property=\"og:locale\" content=\"fr_FR\" \/>\n<meta property=\"og:type\" content=\"article\" \/>\n<meta property=\"og:title\" content=\"7 Wonder ext Edifice - Croc Jeux\" \/>\n<meta property=\"og:description\" content=\"7 Wonders Nouvelle Edition - Edifices est une extension pour 7 Wonders o\u00f9 les joueurs vont devoir relever ensemble un d\u00e9fi : b\u00e2tir de majestueux \u00e9difices.\" \/>\n<meta property=\"og:url\" content=\"https:\/\/crocjeux.com\/index.php\/produit\/7-wonder-edifice-precommande-sortie-23-fevrier-dispo-en-magasin\/\" \/>\n<meta property=\"og:site_name\" content=\"Croc Jeux\" \/>\n<meta property=\"article:modified_time\" content=\"2024-02-20T17:03:14+00:00\" \/>\n<meta property=\"og:image\" content=\"https:\/\/crocjeux.com\/wp-content\/uploads\/2023\/02\/7-wonders-nouvelle-edition-edifice.webp\" \/>\n\t<meta property=\"og:image:width\" content=\"372\" \/>\n\t<meta property=\"og:image:height\" content=\"372\" \/>\n\t<meta property=\"og:image:type\" content=\"image\/webp\" \/>\n<meta name=\"twitter:card\" content=\"summary_large_image\" \/>\n<meta name=\"twitter:label1\" content=\"Dur\u00e9e de lecture estim\u00e9e\" \/>\n\t<meta name=\"twitter:data1\" content=\"1 minute\" \/>\n<script type=\"application\/ld+json\" class=\"yoast-schema-graph\">{\"@context\":\"https:\\\/\\\/schema.org\",\"@graph\":[{\"@type\":\"WebPage\",\"@id\":\"https:\\\/\\\/crocjeux.com\\\/index.php\\\/produit\\\/7-wonder-edifice-precommande-sortie-23-fevrier-dispo-en-magasin\\\/\",\"url\":\"https:\\\/\\\/crocjeux.com\\\/index.php\\\/produit\\\/7-wonder-edifice-precommande-sortie-23-fevrier-dispo-en-magasin\\\/\",\"name\":\"7 Wonder ext Edifice - Croc Jeux\",\"isPartOf\":{\"@id\":\"https:\\\/\\\/crocjeux.com\\\/#website\"},\"primaryImageOfPage\":{\"@id\":\"https:\\\/\\\/crocjeux.com\\\/index.php\\\/produit\\\/7-wonder-edifice-precommande-sortie-23-fevrier-dispo-en-magasin\\\/#primaryimage\"},\"image\":{\"@id\":\"https:\\\/\\\/crocjeux.com\\\/index.php\\\/produit\\\/7-wonder-edifice-precommande-sortie-23-fevrier-dispo-en-magasin\\\/#primaryimage\"},\"thumbnailUrl\":\"https:\\\/\\\/crocjeux.com\\\/wp-content\\\/uploads\\\/2023\\\/02\\\/7-wonders-nouvelle-edition-edifice.webp\",\"datePublished\":\"2023-02-11T17:34:55+00:00\",\"dateModified\":\"2024-02-20T17:03:14+00:00\",\"description\":\"7 Wonders Nouvelle Edition - Edifices est une extension pour 7 Wonders o\u00f9 les joueurs vont devoir relever ensemble un d\u00e9fi : b\u00e2tir de majestueux \u00e9difices.\",\"breadcrumb\":{\"@id\":\"https:\\\/\\\/crocjeux.com\\\/index.php\\\/produit\\\/7-wonder-edifice-precommande-sortie-23-fevrier-dispo-en-magasin\\\/#breadcrumb\"},\"inLanguage\":\"fr-FR\",\"potentialAction\":[{\"@type\":\"ReadAction\",\"target\":[\"https:\\\/\\\/crocjeux.com\\\/index.php\\\/produit\\\/7-wonder-edifice-precommande-sortie-23-fevrier-dispo-en-magasin\\\/\"]}]},{\"@type\":\"ImageObject\",\"inLanguage\":\"fr-FR\",\"@id\":\"https:\\\/\\\/crocjeux.com\\\/index.php\\\/produit\\\/7-wonder-edifice-precommande-sortie-23-fevrier-dispo-en-magasin\\\/#primaryimage\",\"url\":\"https:\\\/\\\/crocjeux.com\\\/wp-content\\\/uploads\\\/2023\\\/02\\\/7-wonders-nouvelle-edition-edifice.webp\",\"contentUrl\":\"https:\\\/\\\/crocjeux.com\\\/wp-content\\\/uploads\\\/2023\\\/02\\\/7-wonders-nouvelle-edition-edifice.webp\",\"width\":372,\"height\":372},{\"@type\":\"BreadcrumbList\",\"@id\":\"https:\\\/\\\/crocjeux.com\\\/index.php\\\/produit\\\/7-wonder-edifice-precommande-sortie-23-fevrier-dispo-en-magasin\\\/#breadcrumb\",\"itemListElement\":[{\"@type\":\"ListItem\",\"position\":1,\"name\":\"Accueil\",\"item\":\"https:\\\/\\\/crocjeux.com\\\/\"},{\"@type\":\"ListItem\",\"position\":2,\"name\":\"Boutique\",\"item\":\"https:\\\/\\\/crocjeux.com\\\/\"},{\"@type\":\"ListItem\",\"position\":3,\"name\":\"7 Wonder ext Edifice\"}]},{\"@type\":\"WebSite\",\"@id\":\"https:\\\/\\\/crocjeux.com\\\/#website\",\"url\":\"https:\\\/\\\/crocjeux.com\\\/\",\"name\":\"Croc Jeux\",\"description\":\"Bienvenue chez Croc Jeux!\",\"publisher\":{\"@id\":\"https:\\\/\\\/crocjeux.com\\\/#organization\"},\"potentialAction\":[{\"@type\":\"SearchAction\",\"target\":{\"@type\":\"EntryPoint\",\"urlTemplate\":\"https:\\\/\\\/crocjeux.com\\\/?s={search_term_string}\"},\"query-input\":{\"@type\":\"PropertyValueSpecification\",\"valueRequired\":true,\"valueName\":\"search_term_string\"}}],\"inLanguage\":\"fr-FR\"},{\"@type\":\"Organization\",\"@id\":\"https:\\\/\\\/crocjeux.com\\\/#organization\",\"name\":\"Croc Jeux\",\"url\":\"https:\\\/\\\/crocjeux.com\\\/\",\"logo\":{\"@type\":\"ImageObject\",\"inLanguage\":\"fr-FR\",\"@id\":\"https:\\\/\\\/crocjeux.com\\\/#\\\/schema\\\/logo\\\/image\\\/\",\"url\":\"https:\\\/\\\/crocjeux.com\\\/wp-content\\\/uploads\\\/2022\\\/01\\\/cropped-logo-croc-etape-1-e1644574034239.jpg\",\"contentUrl\":\"https:\\\/\\\/crocjeux.com\\\/wp-content\\\/uploads\\\/2022\\\/01\\\/cropped-logo-croc-etape-1-e1644574034239.jpg\",\"width\":1224,\"height\":314,\"caption\":\"Croc Jeux\"},\"image\":{\"@id\":\"https:\\\/\\\/crocjeux.com\\\/#\\\/schema\\\/logo\\\/image\\\/\"}}]}<\/script>\n<!-- \/ Yoast SEO plugin. -->","yoast_head_json":{"title":"7 Wonder ext Edifice - Croc Jeux","description":"7 Wonders Nouvelle Edition - Edifices est une extension pour 7 Wonders o\u00f9 les joueurs vont devoir relever ensemble un d\u00e9fi : b\u00e2tir de majestueux \u00e9difices.","robots":{"index":"index","follow":"follow","max-snippet":"max-snippet:-1","max-image-preview":"max-image-preview:large","max-video-preview":"max-video-preview:-1"},"canonical":"https:\/\/crocjeux.com\/index.php\/produit\/7-wonder-edifice-precommande-sortie-23-fevrier-dispo-en-magasin\/","og_locale":"fr_FR","og_type":"article","og_title":"7 Wonder ext Edifice - Croc Jeux","og_description":"7 Wonders Nouvelle Edition - Edifices est une extension pour 7 Wonders o\u00f9 les joueurs vont devoir relever ensemble un d\u00e9fi : b\u00e2tir de majestueux \u00e9difices.","og_url":"https:\/\/crocjeux.com\/index.php\/produit\/7-wonder-edifice-precommande-sortie-23-fevrier-dispo-en-magasin\/","og_site_name":"Croc Jeux","article_modified_time":"2024-02-20T17:03:14+00:00","og_image":[{"width":372,"height":372,"url":"https:\/\/crocjeux.com\/wp-content\/uploads\/2023\/02\/7-wonders-nouvelle-edition-edifice.webp","type":"image\/webp"}],"twitter_card":"summary_large_image","twitter_misc":{"Dur\u00e9e de lecture estim\u00e9e":"1 minute"},"schema":{"@context":"https:\/\/schema.org","@graph":[{"@type":"WebPage","@id":"https:\/\/crocjeux.com\/index.php\/produit\/7-wonder-edifice-precommande-sortie-23-fevrier-dispo-en-magasin\/","url":"https:\/\/crocjeux.com\/index.php\/produit\/7-wonder-edifice-precommande-sortie-23-fevrier-dispo-en-magasin\/","name":"7 Wonder ext Edifice - Croc Jeux","isPartOf":{"@id":"https:\/\/crocjeux.com\/#website"},"primaryImageOfPage":{"@id":"https:\/\/crocjeux.com\/index.php\/produit\/7-wonder-edifice-precommande-sortie-23-fevrier-dispo-en-magasin\/#primaryimage"},"image":{"@id":"https:\/\/crocjeux.com\/index.php\/produit\/7-wonder-edifice-precommande-sortie-23-fevrier-dispo-en-magasin\/#primaryimage"},"thumbnailUrl":"https:\/\/crocjeux.com\/wp-content\/uploads\/2023\/02\/7-wonders-nouvelle-edition-edifice.webp","datePublished":"2023-02-11T17:34:55+00:00","dateModified":"2024-02-20T17:03:14+00:00","description":"7 Wonders Nouvelle Edition - Edifices est une extension pour 7 Wonders o\u00f9 les joueurs vont devoir relever ensemble un d\u00e9fi : b\u00e2tir de majestueux \u00e9difices.","breadcrumb":{"@id":"https:\/\/crocjeux.com\/index.php\/produit\/7-wonder-edifice-precommande-sortie-23-fevrier-dispo-en-magasin\/#breadcrumb"},"inLanguage":"fr-FR","potentialAction":[{"@type":"ReadAction","target":["https:\/\/crocjeux.com\/index.php\/produit\/7-wonder-edifice-precommande-sortie-23-fevrier-dispo-en-magasin\/"]}]},{"@type":"ImageObject","inLanguage":"fr-FR","@id":"https:\/\/crocjeux.com\/index.php\/produit\/7-wonder-edifice-precommande-sortie-23-fevrier-dispo-en-magasin\/#primaryimage","url":"https:\/\/crocjeux.com\/wp-content\/uploads\/2023\/02\/7-wonders-nouvelle-edition-edifice.webp","contentUrl":"https:\/\/crocjeux.com\/wp-content\/uploads\/2023\/02\/7-wonders-nouvelle-edition-edifice.webp","width":372,"height":372},{"@type":"BreadcrumbList","@id":"https:\/\/crocjeux.com\/index.php\/produit\/7-wonder-edifice-precommande-sortie-23-fevrier-dispo-en-magasin\/#breadcrumb","itemListElement":[{"@type":"ListItem","position":1,"name":"Accueil","item":"https:\/\/crocjeux.com\/"},{"@type":"ListItem","position":2,"name":"Boutique","item":"https:\/\/crocjeux.com\/"},{"@type":"ListItem","position":3,"name":"7 Wonder ext Edifice"}]},{"@type":"WebSite","@id":"https:\/\/crocjeux.com\/#website","url":"https:\/\/crocjeux.com\/","name":"Croc Jeux","description":"Bienvenue chez Croc Jeux!","publisher":{"@id":"https:\/\/crocjeux.com\/#organization"},"potentialAction":[{"@type":"SearchAction","target":{"@type":"EntryPoint","urlTemplate":"https:\/\/crocjeux.com\/?s={search_term_string}"},"query-input":{"@type":"PropertyValueSpecification","valueRequired":true,"valueName":"search_term_string"}}],"inLanguage":"fr-FR"},{"@type":"Organization","@id":"https:\/\/crocjeux.com\/#organization","name":"Croc Jeux","url":"https:\/\/crocjeux.com\/","logo":{"@type":"ImageObject","inLanguage":"fr-FR","@id":"https:\/\/crocjeux.com\/#\/schema\/logo\/image\/","url":"https:\/\/crocjeux.com\/wp-content\/uploads\/2022\/01\/cropped-logo-croc-etape-1-e1644574034239.jpg","contentUrl":"https:\/\/crocjeux.com\/wp-content\/uploads\/2022\/01\/cropped-logo-croc-etape-1-e1644574034239.jpg","width":1224,"height":314,"caption":"Croc Jeux"},"image":{"@id":"https:\/\/crocjeux.com\/#\/schema\/logo\/image\/"}}]}},"_links":{"self":[{"href":"https:\/\/crocjeux.com\/index.php\/wp-json\/wp\/v2\/product\/5049","targetHints":{"allow":["GET"]}}],"collection":[{"href":"https:\/\/crocjeux.com\/index.php\/wp-json\/wp\/v2\/product"}],"about":[{"href":"https:\/\/crocjeux.com\/index.php\/wp-json\/wp\/v2\/types\/product"}],"replies":[{"embeddable":true,"href":"https:\/\/crocjeux.com\/index.php\/wp-json\/wp\/v2\/comments?post=5049"}],"wp:featuredmedia":[{"embeddable":true,"href":"https:\/\/crocjeux.com\/index.php\/wp-json\/wp\/v2\/media\/5050"}],"wp:attachment":[{"href":"https:\/\/crocjeux.com\/index.php\/wp-json\/wp\/v2\/media?parent=5049"}],"wp:term":[{"taxonomy":"product_brand","embeddable":true,"href":"https:\/\/crocjeux.com\/index.php\/wp-json\/wp\/v2\/product_brand?post=5049"},{"taxonomy":"product_cat","embeddable":true,"href":"https:\/\/crocjeux.com\/index.php\/wp-json\/wp\/v2\/product_cat?post=5049"},{"taxonomy":"product_tag","embeddable":true,"href":"https:\/\/crocjeux.com\/index.php\/wp-json\/wp\/v2\/product_tag?post=5049"}],"curies":[{"name":"wp","href":"https:\/\/api.w.org\/{rel}","templated":true}]}}