{"id":5056,"date":"2023-02-16T15:38:26","date_gmt":"2023-02-16T14:38:26","guid":{"rendered":"https:\/\/crocjeux.com\/?post_type=product&#038;p=5056"},"modified":"2024-02-20T18:09:12","modified_gmt":"2024-02-20T17:09:12","slug":"living-forest-kodama","status":"publish","type":"product","link":"https:\/\/crocjeux.com\/index.php\/produit\/living-forest-kodama\/","title":{"rendered":"Living Forest &#8211; Kodama"},"content":{"rendered":"<p>Une nouvelle Action est possible : vous pouvez utiliser vos Fleurs pour acheter les nouvelles cartes Kodama. En plus de vous apporter des \u00e9l\u00e9ments comme les cartes Animal gardien, les Kodama vous apportent un symbole Kodama. Au d\u00e9but de votre phase d\u2019Action, 2 symboles vous permettent de prendre 1 tuile Fragment, 3 symboles de prendre 1 nouvelle tuile \u00c9l\u00e9ment et 4 symboles de r\u00e9aliser une Action de base suppl\u00e9mentaire.<br \/>\nMais attention, Onibi est arriv\u00e9 sur le Cercle des Esprits. Chaque fois que vous prenez une carte Kodama, il avance et, s\u2019il saute par dessus un Esprit, il ajoute un Feu.<br \/>\nDes nouveaux Arbres protecteurs font \u00e9galement leur apparition, le nombre d\u2019\u00c9l\u00e9ments qu\u2019ils vous apportent est directement li\u00e9 au nombre de symboles Kodama.<br \/>\nLa condition de Victoire est d\u00e9sormais de 13 mais si vous videz une pile Kodama, vous l\u2019augmentez \u00e0 15, ce qui pourrait bien compromettre la victoire d\u2019un autre Esprit&#8230;<br \/>\nEnfin, un mode Solo avec 9 niveaux de difficult\u00e9 est inclus dans cette extension.<\/p>\n","protected":false},"excerpt":{"rendered":"<p>Dans cette extension de Living Forest, le terrible Onibi est plus dangereux que jamais&#8230; Il a p\u00e9n\u00e9tr\u00e9 le Cercle des Esprits et attaque f\u00e9rocement l\u2019Arbre sacr\u00e9. Mais, dans cette bataille, les Esprits de la nature re\u00e7oivent l\u2019aide des Kodama, des petits \u00eatres de lumi\u00e8re envoy\u00e9s par Sanki.<\/p>\n","protected":false},"featured_media":5058,"comment_status":"open","ping_status":"closed","template":"","meta":{"colormag_page_container_layout":"default_layout","colormag_page_sidebar_layout":"default_layout"},"product_brand":[],"product_cat":[36,29],"product_tag":[],"class_list":{"0":"post-5056","1":"product","2":"type-product","3":"status-publish","4":"has-post-thumbnail","6":"product_cat-jeux-familiaux","7":"product_cat-jeux-2-joueurs","9":"first","10":"instock","11":"taxable","12":"shipping-taxable","13":"purchasable","14":"product-type-simple"},"yoast_head":"<!-- This site is optimized with the Yoast SEO plugin v27.3 - https:\/\/yoast.com\/product\/yoast-seo-wordpress\/ -->\n<title>Living Forest - Kodama - Croc Jeux<\/title>\n<meta name=\"robots\" content=\"index, follow, max-snippet:-1, max-image-preview:large, max-video-preview:-1\" \/>\n<link rel=\"canonical\" href=\"https:\/\/crocjeux.com\/index.php\/produit\/living-forest-kodama\/\" \/>\n<meta property=\"og:locale\" content=\"fr_FR\" \/>\n<meta property=\"og:type\" content=\"article\" \/>\n<meta property=\"og:title\" content=\"Living Forest - Kodama - Croc Jeux\" \/>\n<meta property=\"og:description\" content=\"Dans cette extension de Living Forest, le terrible Onibi est plus dangereux que jamais... Il a p\u00e9n\u00e9tr\u00e9 le Cercle des Esprits et attaque f\u00e9rocement l\u2019Arbre sacr\u00e9. Mais, dans cette bataille, les Esprits de la nature re\u00e7oivent l\u2019aide des Kodama, des petits \u00eatres de lumi\u00e8re envoy\u00e9s par Sanki.\" \/>\n<meta property=\"og:url\" content=\"https:\/\/crocjeux.com\/index.php\/produit\/living-forest-kodama\/\" \/>\n<meta property=\"og:site_name\" content=\"Croc Jeux\" \/>\n<meta property=\"article:modified_time\" content=\"2024-02-20T17:09:12+00:00\" \/>\n<meta property=\"og:image\" content=\"https:\/\/crocjeux.com\/wp-content\/uploads\/2023\/02\/kodama-ext-living-forest-p-image-84179-grande.jpg\" \/>\n\t<meta property=\"og:image:width\" content=\"1004\" \/>\n\t<meta property=\"og:image:height\" content=\"843\" \/>\n\t<meta property=\"og:image:type\" content=\"image\/jpeg\" \/>\n<meta name=\"twitter:card\" content=\"summary_large_image\" \/>\n<meta name=\"twitter:label1\" content=\"Dur\u00e9e de lecture estim\u00e9e\" \/>\n\t<meta name=\"twitter:data1\" content=\"1 minute\" \/>\n<script type=\"application\/ld+json\" class=\"yoast-schema-graph\">{\"@context\":\"https:\\\/\\\/schema.org\",\"@graph\":[{\"@type\":\"WebPage\",\"@id\":\"https:\\\/\\\/crocjeux.com\\\/index.php\\\/produit\\\/living-forest-kodama\\\/\",\"url\":\"https:\\\/\\\/crocjeux.com\\\/index.php\\\/produit\\\/living-forest-kodama\\\/\",\"name\":\"Living Forest - Kodama - Croc Jeux\",\"isPartOf\":{\"@id\":\"https:\\\/\\\/crocjeux.com\\\/#website\"},\"primaryImageOfPage\":{\"@id\":\"https:\\\/\\\/crocjeux.com\\\/index.php\\\/produit\\\/living-forest-kodama\\\/#primaryimage\"},\"image\":{\"@id\":\"https:\\\/\\\/crocjeux.com\\\/index.php\\\/produit\\\/living-forest-kodama\\\/#primaryimage\"},\"thumbnailUrl\":\"https:\\\/\\\/crocjeux.com\\\/wp-content\\\/uploads\\\/2023\\\/02\\\/kodama-ext-living-forest-p-image-84179-grande.jpg\",\"datePublished\":\"2023-02-16T14:38:26+00:00\",\"dateModified\":\"2024-02-20T17:09:12+00:00\",\"breadcrumb\":{\"@id\":\"https:\\\/\\\/crocjeux.com\\\/index.php\\\/produit\\\/living-forest-kodama\\\/#breadcrumb\"},\"inLanguage\":\"fr-FR\",\"potentialAction\":[{\"@type\":\"ReadAction\",\"target\":[\"https:\\\/\\\/crocjeux.com\\\/index.php\\\/produit\\\/living-forest-kodama\\\/\"]}]},{\"@type\":\"ImageObject\",\"inLanguage\":\"fr-FR\",\"@id\":\"https:\\\/\\\/crocjeux.com\\\/index.php\\\/produit\\\/living-forest-kodama\\\/#primaryimage\",\"url\":\"https:\\\/\\\/crocjeux.com\\\/wp-content\\\/uploads\\\/2023\\\/02\\\/kodama-ext-living-forest-p-image-84179-grande.jpg\",\"contentUrl\":\"https:\\\/\\\/crocjeux.com\\\/wp-content\\\/uploads\\\/2023\\\/02\\\/kodama-ext-living-forest-p-image-84179-grande.jpg\",\"width\":1004,\"height\":843,\"caption\":\"CREATOR: gd-jpeg v1.0 (using IJG JPEG v62), quality = 99\"},{\"@type\":\"BreadcrumbList\",\"@id\":\"https:\\\/\\\/crocjeux.com\\\/index.php\\\/produit\\\/living-forest-kodama\\\/#breadcrumb\",\"itemListElement\":[{\"@type\":\"ListItem\",\"position\":1,\"name\":\"Accueil\",\"item\":\"https:\\\/\\\/crocjeux.com\\\/\"},{\"@type\":\"ListItem\",\"position\":2,\"name\":\"Boutique\",\"item\":\"https:\\\/\\\/crocjeux.com\\\/\"},{\"@type\":\"ListItem\",\"position\":3,\"name\":\"Living Forest &#8211; Kodama\"}]},{\"@type\":\"WebSite\",\"@id\":\"https:\\\/\\\/crocjeux.com\\\/#website\",\"url\":\"https:\\\/\\\/crocjeux.com\\\/\",\"name\":\"Croc Jeux\",\"description\":\"Bienvenue chez Croc Jeux!\",\"publisher\":{\"@id\":\"https:\\\/\\\/crocjeux.com\\\/#organization\"},\"potentialAction\":[{\"@type\":\"SearchAction\",\"target\":{\"@type\":\"EntryPoint\",\"urlTemplate\":\"https:\\\/\\\/crocjeux.com\\\/?s={search_term_string}\"},\"query-input\":{\"@type\":\"PropertyValueSpecification\",\"valueRequired\":true,\"valueName\":\"search_term_string\"}}],\"inLanguage\":\"fr-FR\"},{\"@type\":\"Organization\",\"@id\":\"https:\\\/\\\/crocjeux.com\\\/#organization\",\"name\":\"Croc Jeux\",\"url\":\"https:\\\/\\\/crocjeux.com\\\/\",\"logo\":{\"@type\":\"ImageObject\",\"inLanguage\":\"fr-FR\",\"@id\":\"https:\\\/\\\/crocjeux.com\\\/#\\\/schema\\\/logo\\\/image\\\/\",\"url\":\"https:\\\/\\\/crocjeux.com\\\/wp-content\\\/uploads\\\/2022\\\/01\\\/cropped-logo-croc-etape-1-e1644574034239.jpg\",\"contentUrl\":\"https:\\\/\\\/crocjeux.com\\\/wp-content\\\/uploads\\\/2022\\\/01\\\/cropped-logo-croc-etape-1-e1644574034239.jpg\",\"width\":1224,\"height\":314,\"caption\":\"Croc Jeux\"},\"image\":{\"@id\":\"https:\\\/\\\/crocjeux.com\\\/#\\\/schema\\\/logo\\\/image\\\/\"}}]}<\/script>\n<!-- \/ Yoast SEO plugin. -->","yoast_head_json":{"title":"Living Forest - Kodama - Croc Jeux","robots":{"index":"index","follow":"follow","max-snippet":"max-snippet:-1","max-image-preview":"max-image-preview:large","max-video-preview":"max-video-preview:-1"},"canonical":"https:\/\/crocjeux.com\/index.php\/produit\/living-forest-kodama\/","og_locale":"fr_FR","og_type":"article","og_title":"Living Forest - Kodama - Croc Jeux","og_description":"Dans cette extension de Living Forest, le terrible Onibi est plus dangereux que jamais... Il a p\u00e9n\u00e9tr\u00e9 le Cercle des Esprits et attaque f\u00e9rocement l\u2019Arbre sacr\u00e9. Mais, dans cette bataille, les Esprits de la nature re\u00e7oivent l\u2019aide des Kodama, des petits \u00eatres de lumi\u00e8re envoy\u00e9s par Sanki.","og_url":"https:\/\/crocjeux.com\/index.php\/produit\/living-forest-kodama\/","og_site_name":"Croc Jeux","article_modified_time":"2024-02-20T17:09:12+00:00","og_image":[{"width":1004,"height":843,"url":"https:\/\/crocjeux.com\/wp-content\/uploads\/2023\/02\/kodama-ext-living-forest-p-image-84179-grande.jpg","type":"image\/jpeg"}],"twitter_card":"summary_large_image","twitter_misc":{"Dur\u00e9e de lecture estim\u00e9e":"1 minute"},"schema":{"@context":"https:\/\/schema.org","@graph":[{"@type":"WebPage","@id":"https:\/\/crocjeux.com\/index.php\/produit\/living-forest-kodama\/","url":"https:\/\/crocjeux.com\/index.php\/produit\/living-forest-kodama\/","name":"Living Forest - Kodama - Croc Jeux","isPartOf":{"@id":"https:\/\/crocjeux.com\/#website"},"primaryImageOfPage":{"@id":"https:\/\/crocjeux.com\/index.php\/produit\/living-forest-kodama\/#primaryimage"},"image":{"@id":"https:\/\/crocjeux.com\/index.php\/produit\/living-forest-kodama\/#primaryimage"},"thumbnailUrl":"https:\/\/crocjeux.com\/wp-content\/uploads\/2023\/02\/kodama-ext-living-forest-p-image-84179-grande.jpg","datePublished":"2023-02-16T14:38:26+00:00","dateModified":"2024-02-20T17:09:12+00:00","breadcrumb":{"@id":"https:\/\/crocjeux.com\/index.php\/produit\/living-forest-kodama\/#breadcrumb"},"inLanguage":"fr-FR","potentialAction":[{"@type":"ReadAction","target":["https:\/\/crocjeux.com\/index.php\/produit\/living-forest-kodama\/"]}]},{"@type":"ImageObject","inLanguage":"fr-FR","@id":"https:\/\/crocjeux.com\/index.php\/produit\/living-forest-kodama\/#primaryimage","url":"https:\/\/crocjeux.com\/wp-content\/uploads\/2023\/02\/kodama-ext-living-forest-p-image-84179-grande.jpg","contentUrl":"https:\/\/crocjeux.com\/wp-content\/uploads\/2023\/02\/kodama-ext-living-forest-p-image-84179-grande.jpg","width":1004,"height":843,"caption":"CREATOR: gd-jpeg v1.0 (using IJG JPEG v62), quality = 99"},{"@type":"BreadcrumbList","@id":"https:\/\/crocjeux.com\/index.php\/produit\/living-forest-kodama\/#breadcrumb","itemListElement":[{"@type":"ListItem","position":1,"name":"Accueil","item":"https:\/\/crocjeux.com\/"},{"@type":"ListItem","position":2,"name":"Boutique","item":"https:\/\/crocjeux.com\/"},{"@type":"ListItem","position":3,"name":"Living Forest &#8211; Kodama"}]},{"@type":"WebSite","@id":"https:\/\/crocjeux.com\/#website","url":"https:\/\/crocjeux.com\/","name":"Croc Jeux","description":"Bienvenue chez Croc Jeux!","publisher":{"@id":"https:\/\/crocjeux.com\/#organization"},"potentialAction":[{"@type":"SearchAction","target":{"@type":"EntryPoint","urlTemplate":"https:\/\/crocjeux.com\/?s={search_term_string}"},"query-input":{"@type":"PropertyValueSpecification","valueRequired":true,"valueName":"search_term_string"}}],"inLanguage":"fr-FR"},{"@type":"Organization","@id":"https:\/\/crocjeux.com\/#organization","name":"Croc Jeux","url":"https:\/\/crocjeux.com\/","logo":{"@type":"ImageObject","inLanguage":"fr-FR","@id":"https:\/\/crocjeux.com\/#\/schema\/logo\/image\/","url":"https:\/\/crocjeux.com\/wp-content\/uploads\/2022\/01\/cropped-logo-croc-etape-1-e1644574034239.jpg","contentUrl":"https:\/\/crocjeux.com\/wp-content\/uploads\/2022\/01\/cropped-logo-croc-etape-1-e1644574034239.jpg","width":1224,"height":314,"caption":"Croc Jeux"},"image":{"@id":"https:\/\/crocjeux.com\/#\/schema\/logo\/image\/"}}]}},"_links":{"self":[{"href":"https:\/\/crocjeux.com\/index.php\/wp-json\/wp\/v2\/product\/5056","targetHints":{"allow":["GET"]}}],"collection":[{"href":"https:\/\/crocjeux.com\/index.php\/wp-json\/wp\/v2\/product"}],"about":[{"href":"https:\/\/crocjeux.com\/index.php\/wp-json\/wp\/v2\/types\/product"}],"replies":[{"embeddable":true,"href":"https:\/\/crocjeux.com\/index.php\/wp-json\/wp\/v2\/comments?post=5056"}],"wp:featuredmedia":[{"embeddable":true,"href":"https:\/\/crocjeux.com\/index.php\/wp-json\/wp\/v2\/media\/5058"}],"wp:attachment":[{"href":"https:\/\/crocjeux.com\/index.php\/wp-json\/wp\/v2\/media?parent=5056"}],"wp:term":[{"taxonomy":"product_brand","embeddable":true,"href":"https:\/\/crocjeux.com\/index.php\/wp-json\/wp\/v2\/product_brand?post=5056"},{"taxonomy":"product_cat","embeddable":true,"href":"https:\/\/crocjeux.com\/index.php\/wp-json\/wp\/v2\/product_cat?post=5056"},{"taxonomy":"product_tag","embeddable":true,"href":"https:\/\/crocjeux.com\/index.php\/wp-json\/wp\/v2\/product_tag?post=5056"}],"curies":[{"name":"wp","href":"https:\/\/api.w.org\/{rel}","templated":true}]}}