{"id":5081,"date":"2023-03-09T13:24:53","date_gmt":"2023-03-09T12:24:53","guid":{"rendered":"https:\/\/crocjeux.com\/?post_type=product&#038;p=5081"},"modified":"2023-03-09T13:24:54","modified_gmt":"2023-03-09T12:24:54","slug":"le-grand-mechant-monstre","status":"publish","type":"product","link":"https:\/\/crocjeux.com\/index.php\/produit\/le-grand-mechant-monstre\/","title":{"rendered":"Le grand M\u00e9chant monstre"},"content":{"rendered":"","protected":false},"excerpt":{"rendered":"<p>La rentr\u00e9e est arriv\u00e9e dans l&rsquo;\u00e9cole des monstres et il est temps de remettre en lice le titre de grand m\u00e9chant monstre! Pour cela les \u00e9l\u00e8ves devront dessiner le monstre le plus effrayant de l&rsquo;\u00e9cole et ainsi avoir une chance de gagner le titre le plus convoit\u00e9!<\/p>\n","protected":false},"featured_media":5082,"comment_status":"open","ping_status":"closed","template":"","meta":{"colormag_page_container_layout":"default_layout","colormag_page_sidebar_layout":"default_layout"},"product_brand":[],"product_cat":[33],"product_tag":[],"class_list":{"0":"post-5081","1":"product","2":"type-product","3":"status-publish","4":"has-post-thumbnail","6":"product_cat-jeux-enfants","8":"first","9":"instock","10":"taxable","11":"shipping-taxable","12":"purchasable","13":"product-type-simple"},"yoast_head":"<!-- This site is optimized with the Yoast SEO plugin v27.4 - https:\/\/yoast.com\/product\/yoast-seo-wordpress\/ -->\n<title>Le grand M\u00e9chant monstre - Croc Jeux<\/title>\n<meta name=\"description\" content=\"La rentr\u00e9e est arriv\u00e9e dans l&#039;\u00e9cole des monstres et il est temps de remettre en lice le titre de grand m\u00e9chant monstre! Pour cela les \u00e9l\u00e8ves devront dessiner le monstre le plus effrayant de l&#039;\u00e9cole et ainsi avoir une chance de gagner le titre le plus convoit\u00e9!\" \/>\n<meta name=\"robots\" content=\"index, follow, max-snippet:-1, max-image-preview:large, max-video-preview:-1\" \/>\n<link rel=\"canonical\" href=\"https:\/\/crocjeux.com\/index.php\/produit\/le-grand-mechant-monstre\/\" \/>\n<meta property=\"og:locale\" content=\"fr_FR\" \/>\n<meta property=\"og:type\" content=\"article\" \/>\n<meta property=\"og:title\" content=\"Le grand M\u00e9chant monstre - Croc Jeux\" \/>\n<meta property=\"og:description\" content=\"La rentr\u00e9e est arriv\u00e9e dans l&#039;\u00e9cole des monstres et il est temps de remettre en lice le titre de grand m\u00e9chant monstre! Pour cela les \u00e9l\u00e8ves devront dessiner le monstre le plus effrayant de l&#039;\u00e9cole et ainsi avoir une chance de gagner le titre le plus convoit\u00e9!\" \/>\n<meta property=\"og:url\" content=\"https:\/\/crocjeux.com\/index.php\/produit\/le-grand-mechant-monstre\/\" \/>\n<meta property=\"og:site_name\" content=\"Croc Jeux\" \/>\n<meta property=\"article:modified_time\" content=\"2023-03-09T12:24:54+00:00\" \/>\n<meta property=\"og:image\" content=\"https:\/\/crocjeux.com\/wp-content\/uploads\/2023\/03\/Le-grand-mechant-monstre.jpg\" \/>\n\t<meta property=\"og:image:width\" content=\"1024\" \/>\n\t<meta property=\"og:image:height\" content=\"1024\" \/>\n\t<meta property=\"og:image:type\" content=\"image\/jpeg\" \/>\n<meta name=\"twitter:card\" content=\"summary_large_image\" \/>\n<script type=\"application\/ld+json\" class=\"yoast-schema-graph\">{\"@context\":\"https:\\\/\\\/schema.org\",\"@graph\":[{\"@type\":\"WebPage\",\"@id\":\"https:\\\/\\\/crocjeux.com\\\/index.php\\\/produit\\\/le-grand-mechant-monstre\\\/\",\"url\":\"https:\\\/\\\/crocjeux.com\\\/index.php\\\/produit\\\/le-grand-mechant-monstre\\\/\",\"name\":\"Le grand M\u00e9chant monstre - Croc Jeux\",\"isPartOf\":{\"@id\":\"https:\\\/\\\/crocjeux.com\\\/#website\"},\"primaryImageOfPage\":{\"@id\":\"https:\\\/\\\/crocjeux.com\\\/index.php\\\/produit\\\/le-grand-mechant-monstre\\\/#primaryimage\"},\"image\":{\"@id\":\"https:\\\/\\\/crocjeux.com\\\/index.php\\\/produit\\\/le-grand-mechant-monstre\\\/#primaryimage\"},\"thumbnailUrl\":\"https:\\\/\\\/crocjeux.com\\\/wp-content\\\/uploads\\\/2023\\\/03\\\/Le-grand-mechant-monstre.jpg\",\"datePublished\":\"2023-03-09T12:24:53+00:00\",\"dateModified\":\"2023-03-09T12:24:54+00:00\",\"description\":\"La rentr\u00e9e est arriv\u00e9e dans l'\u00e9cole des monstres et il est temps de remettre en lice le titre de grand m\u00e9chant monstre! Pour cela les \u00e9l\u00e8ves devront dessiner le monstre le plus effrayant de l'\u00e9cole et ainsi avoir une chance de gagner le titre le plus convoit\u00e9!\",\"breadcrumb\":{\"@id\":\"https:\\\/\\\/crocjeux.com\\\/index.php\\\/produit\\\/le-grand-mechant-monstre\\\/#breadcrumb\"},\"inLanguage\":\"fr-FR\",\"potentialAction\":[{\"@type\":\"ReadAction\",\"target\":[\"https:\\\/\\\/crocjeux.com\\\/index.php\\\/produit\\\/le-grand-mechant-monstre\\\/\"]}]},{\"@type\":\"ImageObject\",\"inLanguage\":\"fr-FR\",\"@id\":\"https:\\\/\\\/crocjeux.com\\\/index.php\\\/produit\\\/le-grand-mechant-monstre\\\/#primaryimage\",\"url\":\"https:\\\/\\\/crocjeux.com\\\/wp-content\\\/uploads\\\/2023\\\/03\\\/Le-grand-mechant-monstre.jpg\",\"contentUrl\":\"https:\\\/\\\/crocjeux.com\\\/wp-content\\\/uploads\\\/2023\\\/03\\\/Le-grand-mechant-monstre.jpg\",\"width\":1024,\"height\":1024},{\"@type\":\"BreadcrumbList\",\"@id\":\"https:\\\/\\\/crocjeux.com\\\/index.php\\\/produit\\\/le-grand-mechant-monstre\\\/#breadcrumb\",\"itemListElement\":[{\"@type\":\"ListItem\",\"position\":1,\"name\":\"Accueil\",\"item\":\"https:\\\/\\\/crocjeux.com\\\/\"},{\"@type\":\"ListItem\",\"position\":2,\"name\":\"Boutique\",\"item\":\"https:\\\/\\\/crocjeux.com\\\/\"},{\"@type\":\"ListItem\",\"position\":3,\"name\":\"Le grand M\u00e9chant monstre\"}]},{\"@type\":\"WebSite\",\"@id\":\"https:\\\/\\\/crocjeux.com\\\/#website\",\"url\":\"https:\\\/\\\/crocjeux.com\\\/\",\"name\":\"Croc Jeux\",\"description\":\"Bienvenue chez Croc Jeux!\",\"publisher\":{\"@id\":\"https:\\\/\\\/crocjeux.com\\\/#organization\"},\"potentialAction\":[{\"@type\":\"SearchAction\",\"target\":{\"@type\":\"EntryPoint\",\"urlTemplate\":\"https:\\\/\\\/crocjeux.com\\\/?s={search_term_string}\"},\"query-input\":{\"@type\":\"PropertyValueSpecification\",\"valueRequired\":true,\"valueName\":\"search_term_string\"}}],\"inLanguage\":\"fr-FR\"},{\"@type\":\"Organization\",\"@id\":\"https:\\\/\\\/crocjeux.com\\\/#organization\",\"name\":\"Croc Jeux\",\"url\":\"https:\\\/\\\/crocjeux.com\\\/\",\"logo\":{\"@type\":\"ImageObject\",\"inLanguage\":\"fr-FR\",\"@id\":\"https:\\\/\\\/crocjeux.com\\\/#\\\/schema\\\/logo\\\/image\\\/\",\"url\":\"https:\\\/\\\/crocjeux.com\\\/wp-content\\\/uploads\\\/2022\\\/01\\\/cropped-logo-croc-etape-1-e1644574034239.jpg\",\"contentUrl\":\"https:\\\/\\\/crocjeux.com\\\/wp-content\\\/uploads\\\/2022\\\/01\\\/cropped-logo-croc-etape-1-e1644574034239.jpg\",\"width\":1224,\"height\":314,\"caption\":\"Croc Jeux\"},\"image\":{\"@id\":\"https:\\\/\\\/crocjeux.com\\\/#\\\/schema\\\/logo\\\/image\\\/\"}}]}<\/script>\n<!-- \/ Yoast SEO plugin. -->","yoast_head_json":{"title":"Le grand M\u00e9chant monstre - Croc Jeux","description":"La rentr\u00e9e est arriv\u00e9e dans l'\u00e9cole des monstres et il est temps de remettre en lice le titre de grand m\u00e9chant monstre! Pour cela les \u00e9l\u00e8ves devront dessiner le monstre le plus effrayant de l'\u00e9cole et ainsi avoir une chance de gagner le titre le plus convoit\u00e9!","robots":{"index":"index","follow":"follow","max-snippet":"max-snippet:-1","max-image-preview":"max-image-preview:large","max-video-preview":"max-video-preview:-1"},"canonical":"https:\/\/crocjeux.com\/index.php\/produit\/le-grand-mechant-monstre\/","og_locale":"fr_FR","og_type":"article","og_title":"Le grand M\u00e9chant monstre - Croc Jeux","og_description":"La rentr\u00e9e est arriv\u00e9e dans l'\u00e9cole des monstres et il est temps de remettre en lice le titre de grand m\u00e9chant monstre! Pour cela les \u00e9l\u00e8ves devront dessiner le monstre le plus effrayant de l'\u00e9cole et ainsi avoir une chance de gagner le titre le plus convoit\u00e9!","og_url":"https:\/\/crocjeux.com\/index.php\/produit\/le-grand-mechant-monstre\/","og_site_name":"Croc Jeux","article_modified_time":"2023-03-09T12:24:54+00:00","og_image":[{"width":1024,"height":1024,"url":"https:\/\/crocjeux.com\/wp-content\/uploads\/2023\/03\/Le-grand-mechant-monstre.jpg","type":"image\/jpeg"}],"twitter_card":"summary_large_image","schema":{"@context":"https:\/\/schema.org","@graph":[{"@type":"WebPage","@id":"https:\/\/crocjeux.com\/index.php\/produit\/le-grand-mechant-monstre\/","url":"https:\/\/crocjeux.com\/index.php\/produit\/le-grand-mechant-monstre\/","name":"Le grand M\u00e9chant monstre - Croc Jeux","isPartOf":{"@id":"https:\/\/crocjeux.com\/#website"},"primaryImageOfPage":{"@id":"https:\/\/crocjeux.com\/index.php\/produit\/le-grand-mechant-monstre\/#primaryimage"},"image":{"@id":"https:\/\/crocjeux.com\/index.php\/produit\/le-grand-mechant-monstre\/#primaryimage"},"thumbnailUrl":"https:\/\/crocjeux.com\/wp-content\/uploads\/2023\/03\/Le-grand-mechant-monstre.jpg","datePublished":"2023-03-09T12:24:53+00:00","dateModified":"2023-03-09T12:24:54+00:00","description":"La rentr\u00e9e est arriv\u00e9e dans l'\u00e9cole des monstres et il est temps de remettre en lice le titre de grand m\u00e9chant monstre! Pour cela les \u00e9l\u00e8ves devront dessiner le monstre le plus effrayant de l'\u00e9cole et ainsi avoir une chance de gagner le titre le plus convoit\u00e9!","breadcrumb":{"@id":"https:\/\/crocjeux.com\/index.php\/produit\/le-grand-mechant-monstre\/#breadcrumb"},"inLanguage":"fr-FR","potentialAction":[{"@type":"ReadAction","target":["https:\/\/crocjeux.com\/index.php\/produit\/le-grand-mechant-monstre\/"]}]},{"@type":"ImageObject","inLanguage":"fr-FR","@id":"https:\/\/crocjeux.com\/index.php\/produit\/le-grand-mechant-monstre\/#primaryimage","url":"https:\/\/crocjeux.com\/wp-content\/uploads\/2023\/03\/Le-grand-mechant-monstre.jpg","contentUrl":"https:\/\/crocjeux.com\/wp-content\/uploads\/2023\/03\/Le-grand-mechant-monstre.jpg","width":1024,"height":1024},{"@type":"BreadcrumbList","@id":"https:\/\/crocjeux.com\/index.php\/produit\/le-grand-mechant-monstre\/#breadcrumb","itemListElement":[{"@type":"ListItem","position":1,"name":"Accueil","item":"https:\/\/crocjeux.com\/"},{"@type":"ListItem","position":2,"name":"Boutique","item":"https:\/\/crocjeux.com\/"},{"@type":"ListItem","position":3,"name":"Le grand M\u00e9chant monstre"}]},{"@type":"WebSite","@id":"https:\/\/crocjeux.com\/#website","url":"https:\/\/crocjeux.com\/","name":"Croc Jeux","description":"Bienvenue chez Croc Jeux!","publisher":{"@id":"https:\/\/crocjeux.com\/#organization"},"potentialAction":[{"@type":"SearchAction","target":{"@type":"EntryPoint","urlTemplate":"https:\/\/crocjeux.com\/?s={search_term_string}"},"query-input":{"@type":"PropertyValueSpecification","valueRequired":true,"valueName":"search_term_string"}}],"inLanguage":"fr-FR"},{"@type":"Organization","@id":"https:\/\/crocjeux.com\/#organization","name":"Croc Jeux","url":"https:\/\/crocjeux.com\/","logo":{"@type":"ImageObject","inLanguage":"fr-FR","@id":"https:\/\/crocjeux.com\/#\/schema\/logo\/image\/","url":"https:\/\/crocjeux.com\/wp-content\/uploads\/2022\/01\/cropped-logo-croc-etape-1-e1644574034239.jpg","contentUrl":"https:\/\/crocjeux.com\/wp-content\/uploads\/2022\/01\/cropped-logo-croc-etape-1-e1644574034239.jpg","width":1224,"height":314,"caption":"Croc Jeux"},"image":{"@id":"https:\/\/crocjeux.com\/#\/schema\/logo\/image\/"}}]}},"_links":{"self":[{"href":"https:\/\/crocjeux.com\/index.php\/wp-json\/wp\/v2\/product\/5081","targetHints":{"allow":["GET"]}}],"collection":[{"href":"https:\/\/crocjeux.com\/index.php\/wp-json\/wp\/v2\/product"}],"about":[{"href":"https:\/\/crocjeux.com\/index.php\/wp-json\/wp\/v2\/types\/product"}],"replies":[{"embeddable":true,"href":"https:\/\/crocjeux.com\/index.php\/wp-json\/wp\/v2\/comments?post=5081"}],"wp:featuredmedia":[{"embeddable":true,"href":"https:\/\/crocjeux.com\/index.php\/wp-json\/wp\/v2\/media\/5082"}],"wp:attachment":[{"href":"https:\/\/crocjeux.com\/index.php\/wp-json\/wp\/v2\/media?parent=5081"}],"wp:term":[{"taxonomy":"product_brand","embeddable":true,"href":"https:\/\/crocjeux.com\/index.php\/wp-json\/wp\/v2\/product_brand?post=5081"},{"taxonomy":"product_cat","embeddable":true,"href":"https:\/\/crocjeux.com\/index.php\/wp-json\/wp\/v2\/product_cat?post=5081"},{"taxonomy":"product_tag","embeddable":true,"href":"https:\/\/crocjeux.com\/index.php\/wp-json\/wp\/v2\/product_tag?post=5081"}],"curies":[{"name":"wp","href":"https:\/\/api.w.org\/{rel}","templated":true}]}}