{"id":5083,"date":"2023-03-09T13:37:42","date_gmt":"2023-03-09T12:37:42","guid":{"rendered":"https:\/\/crocjeux.com\/?post_type=product&#038;p=5083"},"modified":"2023-09-15T16:02:12","modified_gmt":"2023-09-15T15:02:12","slug":"osmooz-hot","status":"publish","type":"product","link":"https:\/\/crocjeux.com\/index.php\/produit\/osmooz-hot\/","title":{"rendered":"Osmooz Hot"},"content":{"rendered":"","protected":false},"excerpt":{"rendered":"<p>Pour se d\u00e9couvrir ou red\u00e9couvrir son couple, Osmooz c&rsquo;est 180 cartes d&rsquo;actions et v\u00e9rit\u00e9 qui vous permettrons de passer un moment des agr\u00e9able avec votre partenaire tout en laissant monter la temp\u00e9rature.<\/p>\n","protected":false},"featured_media":5085,"comment_status":"open","ping_status":"closed","template":"","meta":{"colormag_page_container_layout":"default_layout","colormag_page_sidebar_layout":"default_layout"},"product_brand":[],"product_cat":[40,29],"product_tag":[],"class_list":{"0":"post-5083","1":"product","2":"type-product","3":"status-publish","4":"has-post-thumbnail","6":"product_cat-jeux-dambiance","7":"product_cat-jeux-2-joueurs","9":"first","10":"instock","11":"taxable","12":"shipping-taxable","13":"purchasable","14":"product-type-simple"},"yoast_head":"<!-- This site is optimized with the Yoast SEO plugin v27.3 - https:\/\/yoast.com\/product\/yoast-seo-wordpress\/ -->\n<title>Osmooz Hot - Croc Jeux<\/title>\n<meta name=\"description\" content=\"Pour se d\u00e9couvrir ou red\u00e9couvrir son couple, Osmooz c&#039;est 180 cartes d&#039;actions et v\u00e9rit\u00e9 qui vous permettrons de passer un moment des agr\u00e9able avec votre partenaire tout en laissant monter la temp\u00e9rature.\" \/>\n<meta name=\"robots\" content=\"index, follow, max-snippet:-1, max-image-preview:large, max-video-preview:-1\" \/>\n<link rel=\"canonical\" href=\"https:\/\/crocjeux.com\/index.php\/produit\/osmooz-hot\/\" \/>\n<meta property=\"og:locale\" content=\"fr_FR\" \/>\n<meta property=\"og:type\" content=\"article\" \/>\n<meta property=\"og:title\" content=\"Osmooz Hot - Croc Jeux\" \/>\n<meta property=\"og:description\" content=\"Pour se d\u00e9couvrir ou red\u00e9couvrir son couple, Osmooz c&#039;est 180 cartes d&#039;actions et v\u00e9rit\u00e9 qui vous permettrons de passer un moment des agr\u00e9able avec votre partenaire tout en laissant monter la temp\u00e9rature.\" \/>\n<meta property=\"og:url\" content=\"https:\/\/crocjeux.com\/index.php\/produit\/osmooz-hot\/\" \/>\n<meta property=\"og:site_name\" content=\"Croc Jeux\" \/>\n<meta property=\"article:modified_time\" content=\"2023-09-15T15:02:12+00:00\" \/>\n<meta property=\"og:image\" content=\"https:\/\/crocjeux.com\/wp-content\/uploads\/2023\/03\/Osmooz-1.jpg\" \/>\n\t<meta property=\"og:image:width\" content=\"1024\" \/>\n\t<meta property=\"og:image:height\" content=\"1024\" \/>\n\t<meta property=\"og:image:type\" content=\"image\/jpeg\" \/>\n<meta name=\"twitter:card\" content=\"summary_large_image\" \/>\n<script type=\"application\/ld+json\" class=\"yoast-schema-graph\">{\"@context\":\"https:\\\/\\\/schema.org\",\"@graph\":[{\"@type\":\"WebPage\",\"@id\":\"https:\\\/\\\/crocjeux.com\\\/index.php\\\/produit\\\/osmooz-hot\\\/\",\"url\":\"https:\\\/\\\/crocjeux.com\\\/index.php\\\/produit\\\/osmooz-hot\\\/\",\"name\":\"Osmooz Hot - Croc Jeux\",\"isPartOf\":{\"@id\":\"https:\\\/\\\/crocjeux.com\\\/#website\"},\"primaryImageOfPage\":{\"@id\":\"https:\\\/\\\/crocjeux.com\\\/index.php\\\/produit\\\/osmooz-hot\\\/#primaryimage\"},\"image\":{\"@id\":\"https:\\\/\\\/crocjeux.com\\\/index.php\\\/produit\\\/osmooz-hot\\\/#primaryimage\"},\"thumbnailUrl\":\"https:\\\/\\\/crocjeux.com\\\/wp-content\\\/uploads\\\/2023\\\/03\\\/Osmooz-1.jpg\",\"datePublished\":\"2023-03-09T12:37:42+00:00\",\"dateModified\":\"2023-09-15T15:02:12+00:00\",\"description\":\"Pour se d\u00e9couvrir ou red\u00e9couvrir son couple, Osmooz c'est 180 cartes d'actions et v\u00e9rit\u00e9 qui vous permettrons de passer un moment des agr\u00e9able avec votre partenaire tout en laissant monter la temp\u00e9rature.\",\"breadcrumb\":{\"@id\":\"https:\\\/\\\/crocjeux.com\\\/index.php\\\/produit\\\/osmooz-hot\\\/#breadcrumb\"},\"inLanguage\":\"fr-FR\",\"potentialAction\":[{\"@type\":\"ReadAction\",\"target\":[\"https:\\\/\\\/crocjeux.com\\\/index.php\\\/produit\\\/osmooz-hot\\\/\"]}]},{\"@type\":\"ImageObject\",\"inLanguage\":\"fr-FR\",\"@id\":\"https:\\\/\\\/crocjeux.com\\\/index.php\\\/produit\\\/osmooz-hot\\\/#primaryimage\",\"url\":\"https:\\\/\\\/crocjeux.com\\\/wp-content\\\/uploads\\\/2023\\\/03\\\/Osmooz-1.jpg\",\"contentUrl\":\"https:\\\/\\\/crocjeux.com\\\/wp-content\\\/uploads\\\/2023\\\/03\\\/Osmooz-1.jpg\",\"width\":1024,\"height\":1024},{\"@type\":\"BreadcrumbList\",\"@id\":\"https:\\\/\\\/crocjeux.com\\\/index.php\\\/produit\\\/osmooz-hot\\\/#breadcrumb\",\"itemListElement\":[{\"@type\":\"ListItem\",\"position\":1,\"name\":\"Accueil\",\"item\":\"https:\\\/\\\/crocjeux.com\\\/\"},{\"@type\":\"ListItem\",\"position\":2,\"name\":\"Boutique\",\"item\":\"https:\\\/\\\/crocjeux.com\\\/\"},{\"@type\":\"ListItem\",\"position\":3,\"name\":\"Osmooz Hot\"}]},{\"@type\":\"WebSite\",\"@id\":\"https:\\\/\\\/crocjeux.com\\\/#website\",\"url\":\"https:\\\/\\\/crocjeux.com\\\/\",\"name\":\"Croc Jeux\",\"description\":\"Bienvenue chez Croc Jeux!\",\"publisher\":{\"@id\":\"https:\\\/\\\/crocjeux.com\\\/#organization\"},\"potentialAction\":[{\"@type\":\"SearchAction\",\"target\":{\"@type\":\"EntryPoint\",\"urlTemplate\":\"https:\\\/\\\/crocjeux.com\\\/?s={search_term_string}\"},\"query-input\":{\"@type\":\"PropertyValueSpecification\",\"valueRequired\":true,\"valueName\":\"search_term_string\"}}],\"inLanguage\":\"fr-FR\"},{\"@type\":\"Organization\",\"@id\":\"https:\\\/\\\/crocjeux.com\\\/#organization\",\"name\":\"Croc Jeux\",\"url\":\"https:\\\/\\\/crocjeux.com\\\/\",\"logo\":{\"@type\":\"ImageObject\",\"inLanguage\":\"fr-FR\",\"@id\":\"https:\\\/\\\/crocjeux.com\\\/#\\\/schema\\\/logo\\\/image\\\/\",\"url\":\"https:\\\/\\\/crocjeux.com\\\/wp-content\\\/uploads\\\/2022\\\/01\\\/cropped-logo-croc-etape-1-e1644574034239.jpg\",\"contentUrl\":\"https:\\\/\\\/crocjeux.com\\\/wp-content\\\/uploads\\\/2022\\\/01\\\/cropped-logo-croc-etape-1-e1644574034239.jpg\",\"width\":1224,\"height\":314,\"caption\":\"Croc Jeux\"},\"image\":{\"@id\":\"https:\\\/\\\/crocjeux.com\\\/#\\\/schema\\\/logo\\\/image\\\/\"}}]}<\/script>\n<!-- \/ Yoast SEO plugin. -->","yoast_head_json":{"title":"Osmooz Hot - Croc Jeux","description":"Pour se d\u00e9couvrir ou red\u00e9couvrir son couple, Osmooz c'est 180 cartes d'actions et v\u00e9rit\u00e9 qui vous permettrons de passer un moment des agr\u00e9able avec votre partenaire tout en laissant monter la temp\u00e9rature.","robots":{"index":"index","follow":"follow","max-snippet":"max-snippet:-1","max-image-preview":"max-image-preview:large","max-video-preview":"max-video-preview:-1"},"canonical":"https:\/\/crocjeux.com\/index.php\/produit\/osmooz-hot\/","og_locale":"fr_FR","og_type":"article","og_title":"Osmooz Hot - Croc Jeux","og_description":"Pour se d\u00e9couvrir ou red\u00e9couvrir son couple, Osmooz c'est 180 cartes d'actions et v\u00e9rit\u00e9 qui vous permettrons de passer un moment des agr\u00e9able avec votre partenaire tout en laissant monter la temp\u00e9rature.","og_url":"https:\/\/crocjeux.com\/index.php\/produit\/osmooz-hot\/","og_site_name":"Croc Jeux","article_modified_time":"2023-09-15T15:02:12+00:00","og_image":[{"width":1024,"height":1024,"url":"https:\/\/crocjeux.com\/wp-content\/uploads\/2023\/03\/Osmooz-1.jpg","type":"image\/jpeg"}],"twitter_card":"summary_large_image","schema":{"@context":"https:\/\/schema.org","@graph":[{"@type":"WebPage","@id":"https:\/\/crocjeux.com\/index.php\/produit\/osmooz-hot\/","url":"https:\/\/crocjeux.com\/index.php\/produit\/osmooz-hot\/","name":"Osmooz Hot - Croc Jeux","isPartOf":{"@id":"https:\/\/crocjeux.com\/#website"},"primaryImageOfPage":{"@id":"https:\/\/crocjeux.com\/index.php\/produit\/osmooz-hot\/#primaryimage"},"image":{"@id":"https:\/\/crocjeux.com\/index.php\/produit\/osmooz-hot\/#primaryimage"},"thumbnailUrl":"https:\/\/crocjeux.com\/wp-content\/uploads\/2023\/03\/Osmooz-1.jpg","datePublished":"2023-03-09T12:37:42+00:00","dateModified":"2023-09-15T15:02:12+00:00","description":"Pour se d\u00e9couvrir ou red\u00e9couvrir son couple, Osmooz c'est 180 cartes d'actions et v\u00e9rit\u00e9 qui vous permettrons de passer un moment des agr\u00e9able avec votre partenaire tout en laissant monter la temp\u00e9rature.","breadcrumb":{"@id":"https:\/\/crocjeux.com\/index.php\/produit\/osmooz-hot\/#breadcrumb"},"inLanguage":"fr-FR","potentialAction":[{"@type":"ReadAction","target":["https:\/\/crocjeux.com\/index.php\/produit\/osmooz-hot\/"]}]},{"@type":"ImageObject","inLanguage":"fr-FR","@id":"https:\/\/crocjeux.com\/index.php\/produit\/osmooz-hot\/#primaryimage","url":"https:\/\/crocjeux.com\/wp-content\/uploads\/2023\/03\/Osmooz-1.jpg","contentUrl":"https:\/\/crocjeux.com\/wp-content\/uploads\/2023\/03\/Osmooz-1.jpg","width":1024,"height":1024},{"@type":"BreadcrumbList","@id":"https:\/\/crocjeux.com\/index.php\/produit\/osmooz-hot\/#breadcrumb","itemListElement":[{"@type":"ListItem","position":1,"name":"Accueil","item":"https:\/\/crocjeux.com\/"},{"@type":"ListItem","position":2,"name":"Boutique","item":"https:\/\/crocjeux.com\/"},{"@type":"ListItem","position":3,"name":"Osmooz Hot"}]},{"@type":"WebSite","@id":"https:\/\/crocjeux.com\/#website","url":"https:\/\/crocjeux.com\/","name":"Croc Jeux","description":"Bienvenue chez Croc Jeux!","publisher":{"@id":"https:\/\/crocjeux.com\/#organization"},"potentialAction":[{"@type":"SearchAction","target":{"@type":"EntryPoint","urlTemplate":"https:\/\/crocjeux.com\/?s={search_term_string}"},"query-input":{"@type":"PropertyValueSpecification","valueRequired":true,"valueName":"search_term_string"}}],"inLanguage":"fr-FR"},{"@type":"Organization","@id":"https:\/\/crocjeux.com\/#organization","name":"Croc Jeux","url":"https:\/\/crocjeux.com\/","logo":{"@type":"ImageObject","inLanguage":"fr-FR","@id":"https:\/\/crocjeux.com\/#\/schema\/logo\/image\/","url":"https:\/\/crocjeux.com\/wp-content\/uploads\/2022\/01\/cropped-logo-croc-etape-1-e1644574034239.jpg","contentUrl":"https:\/\/crocjeux.com\/wp-content\/uploads\/2022\/01\/cropped-logo-croc-etape-1-e1644574034239.jpg","width":1224,"height":314,"caption":"Croc Jeux"},"image":{"@id":"https:\/\/crocjeux.com\/#\/schema\/logo\/image\/"}}]}},"_links":{"self":[{"href":"https:\/\/crocjeux.com\/index.php\/wp-json\/wp\/v2\/product\/5083","targetHints":{"allow":["GET"]}}],"collection":[{"href":"https:\/\/crocjeux.com\/index.php\/wp-json\/wp\/v2\/product"}],"about":[{"href":"https:\/\/crocjeux.com\/index.php\/wp-json\/wp\/v2\/types\/product"}],"replies":[{"embeddable":true,"href":"https:\/\/crocjeux.com\/index.php\/wp-json\/wp\/v2\/comments?post=5083"}],"wp:featuredmedia":[{"embeddable":true,"href":"https:\/\/crocjeux.com\/index.php\/wp-json\/wp\/v2\/media\/5085"}],"wp:attachment":[{"href":"https:\/\/crocjeux.com\/index.php\/wp-json\/wp\/v2\/media?parent=5083"}],"wp:term":[{"taxonomy":"product_brand","embeddable":true,"href":"https:\/\/crocjeux.com\/index.php\/wp-json\/wp\/v2\/product_brand?post=5083"},{"taxonomy":"product_cat","embeddable":true,"href":"https:\/\/crocjeux.com\/index.php\/wp-json\/wp\/v2\/product_cat?post=5083"},{"taxonomy":"product_tag","embeddable":true,"href":"https:\/\/crocjeux.com\/index.php\/wp-json\/wp\/v2\/product_tag?post=5083"}],"curies":[{"name":"wp","href":"https:\/\/api.w.org\/{rel}","templated":true}]}}