{"id":510,"date":"2020-11-06T14:49:25","date_gmt":"2020-11-06T13:49:25","guid":{"rendered":"https:\/\/crocjeux.com\/?post_type=product&#038;p=510"},"modified":"2023-02-09T12:24:05","modified_gmt":"2023-02-09T11:24:05","slug":"contrario","status":"publish","type":"product","link":"https:\/\/crocjeux.com\/index.php\/produit\/contrario\/","title":{"rendered":"Contrario"},"content":{"rendered":"<p style=\"text-align: justify;\">Votre mission est de retrouver les propositions originales d\u00e9tourn\u00e9es et, bien s\u00fbr, plus rapidement que les autres joueurs ! L\u2019originalit\u00e9 du jeu est qu\u2019il peut s\u2019agir \u00e0 la fois de contraires, de synonymes, mais aussi de mots appartenant au m\u00eame groupe g\u00e9n\u00e9rique. Un rouleau de scotch devient une vague de whisky et la plan\u00e8te des singes devient l\u2019astre des gorilles\u2026<\/p>\n<p style=\"text-align: justify;\">Rapidit\u00e9 et perspicacit\u00e9 seront vos armes pour cette comp\u00e9tition hilarante o\u00f9, dans une ambiance survolt\u00e9e, il faudra trouver la r\u00e9ponse le plus vite possible ! Devinez les expressions et les titres de films ou de chansons d\u00e9tourn\u00e9s en retrouvant les mots qui se cachent derri\u00e8re les synonymes, contraires ou termes de la m\u00eame famille.<\/p>\n<h2>Vous savez quel film se cache derri\u00e8re \u00ab Les 69 l\u00e9vriers \u00bb ?<\/h2>\n<p style=\"text-align: justify;\">Alors, ruez-vous sur le \u00ab pouet \u00bb pour l\u2019emporter !<\/p>\n<p>R\u00e8gles remani\u00e9es, ambiance dynamique, de l&rsquo;in\u00e9dit&#8230; d\u00e9couvrez le nouveau Contrario.<\/p>\n<ul>\n<li>Un succ\u00e8s qui arrive en format \u00ab jeu en sac \u00bb !<\/li>\n<li>Une s\u00e9lection des \u00ab contrarios \u00bb\u00a0 les plus accessibles des anciennes \u00e9ditions PLUS des \u00ab contrarios \u00bb in\u00e9dits !<\/li>\n<li>Un pouet qui met l\u2019ambiance\u2026 et la pression !<\/li>\n<li>Un d\u00e9compte de points simplifi\u00e9.<\/li>\n<\/ul>\n<p>&nbsp;<\/p>\n<p style=\"text-align: justify;\">\u00a0Nouveau format de boite, plus r\u00e9sistant.<\/p>\n","protected":false},"excerpt":{"rendered":"<p>Devinez les expressions et les titres de films ou de chansons d\u00e9tourn\u00e9s en retrouvant les mots qui se cachent derri\u00e8re les synonymes, contraires ou termes de la m\u00eame famille.<\/p>\n","protected":false},"featured_media":4834,"comment_status":"open","ping_status":"closed","template":"","meta":{"colormag_page_container_layout":"default_layout","colormag_page_sidebar_layout":"default_layout"},"product_brand":[],"product_cat":[40,46],"product_tag":[],"class_list":{"0":"post-510","1":"product","2":"type-product","3":"status-publish","4":"has-post-thumbnail","6":"product_cat-jeux-dambiance","7":"product_cat-jeux-de-quiz","9":"first","10":"instock","11":"taxable","12":"shipping-taxable","13":"purchasable","14":"product-type-simple"},"yoast_head":"<!-- This site is optimized with the Yoast SEO plugin v27.3 - https:\/\/yoast.com\/product\/yoast-seo-wordpress\/ -->\n<title>Contrario - Croc Jeux<\/title>\n<meta name=\"description\" content=\"Devinez les expressions et les titres de films ou de chansons d\u00e9tourn\u00e9s en retrouvant les mots qui se cachent derri\u00e8re les synonymes, contraires ou termes de la m\u00eame famille.\" \/>\n<meta name=\"robots\" content=\"index, follow, max-snippet:-1, max-image-preview:large, max-video-preview:-1\" \/>\n<link rel=\"canonical\" href=\"https:\/\/crocjeux.com\/index.php\/produit\/contrario\/\" \/>\n<meta property=\"og:locale\" content=\"fr_FR\" \/>\n<meta property=\"og:type\" content=\"article\" \/>\n<meta property=\"og:title\" content=\"Contrario - Croc Jeux\" \/>\n<meta property=\"og:description\" content=\"Devinez les expressions et les titres de films ou de chansons d\u00e9tourn\u00e9s en retrouvant les mots qui se cachent derri\u00e8re les synonymes, contraires ou termes de la m\u00eame famille.\" \/>\n<meta property=\"og:url\" content=\"https:\/\/crocjeux.com\/index.php\/produit\/contrario\/\" \/>\n<meta property=\"og:site_name\" content=\"Croc Jeux\" \/>\n<meta property=\"article:modified_time\" content=\"2023-02-09T11:24:05+00:00\" \/>\n<meta property=\"og:image\" content=\"https:\/\/crocjeux.com\/wp-content\/uploads\/2020\/11\/contrario.webp\" \/>\n\t<meta property=\"og:image:width\" content=\"372\" \/>\n\t<meta property=\"og:image:height\" content=\"372\" \/>\n\t<meta property=\"og:image:type\" content=\"image\/webp\" \/>\n<meta name=\"twitter:card\" content=\"summary_large_image\" \/>\n<meta name=\"twitter:label1\" content=\"Dur\u00e9e de lecture estim\u00e9e\" \/>\n\t<meta name=\"twitter:data1\" content=\"1 minute\" \/>\n<script type=\"application\/ld+json\" class=\"yoast-schema-graph\">{\"@context\":\"https:\\\/\\\/schema.org\",\"@graph\":[{\"@type\":\"WebPage\",\"@id\":\"https:\\\/\\\/crocjeux.com\\\/index.php\\\/produit\\\/contrario\\\/\",\"url\":\"https:\\\/\\\/crocjeux.com\\\/index.php\\\/produit\\\/contrario\\\/\",\"name\":\"Contrario - Croc Jeux\",\"isPartOf\":{\"@id\":\"https:\\\/\\\/crocjeux.com\\\/#website\"},\"primaryImageOfPage\":{\"@id\":\"https:\\\/\\\/crocjeux.com\\\/index.php\\\/produit\\\/contrario\\\/#primaryimage\"},\"image\":{\"@id\":\"https:\\\/\\\/crocjeux.com\\\/index.php\\\/produit\\\/contrario\\\/#primaryimage\"},\"thumbnailUrl\":\"https:\\\/\\\/crocjeux.com\\\/wp-content\\\/uploads\\\/2020\\\/11\\\/contrario.webp\",\"datePublished\":\"2020-11-06T13:49:25+00:00\",\"dateModified\":\"2023-02-09T11:24:05+00:00\",\"description\":\"Devinez les expressions et les titres de films ou de chansons d\u00e9tourn\u00e9s en retrouvant les mots qui se cachent derri\u00e8re les synonymes, contraires ou termes de la m\u00eame famille.\",\"breadcrumb\":{\"@id\":\"https:\\\/\\\/crocjeux.com\\\/index.php\\\/produit\\\/contrario\\\/#breadcrumb\"},\"inLanguage\":\"fr-FR\",\"potentialAction\":[{\"@type\":\"ReadAction\",\"target\":[\"https:\\\/\\\/crocjeux.com\\\/index.php\\\/produit\\\/contrario\\\/\"]}]},{\"@type\":\"ImageObject\",\"inLanguage\":\"fr-FR\",\"@id\":\"https:\\\/\\\/crocjeux.com\\\/index.php\\\/produit\\\/contrario\\\/#primaryimage\",\"url\":\"https:\\\/\\\/crocjeux.com\\\/wp-content\\\/uploads\\\/2020\\\/11\\\/contrario.webp\",\"contentUrl\":\"https:\\\/\\\/crocjeux.com\\\/wp-content\\\/uploads\\\/2020\\\/11\\\/contrario.webp\",\"width\":372,\"height\":372},{\"@type\":\"BreadcrumbList\",\"@id\":\"https:\\\/\\\/crocjeux.com\\\/index.php\\\/produit\\\/contrario\\\/#breadcrumb\",\"itemListElement\":[{\"@type\":\"ListItem\",\"position\":1,\"name\":\"Accueil\",\"item\":\"https:\\\/\\\/crocjeux.com\\\/\"},{\"@type\":\"ListItem\",\"position\":2,\"name\":\"Boutique\",\"item\":\"https:\\\/\\\/crocjeux.com\\\/\"},{\"@type\":\"ListItem\",\"position\":3,\"name\":\"Contrario\"}]},{\"@type\":\"WebSite\",\"@id\":\"https:\\\/\\\/crocjeux.com\\\/#website\",\"url\":\"https:\\\/\\\/crocjeux.com\\\/\",\"name\":\"Croc Jeux\",\"description\":\"Bienvenue chez Croc Jeux!\",\"publisher\":{\"@id\":\"https:\\\/\\\/crocjeux.com\\\/#organization\"},\"potentialAction\":[{\"@type\":\"SearchAction\",\"target\":{\"@type\":\"EntryPoint\",\"urlTemplate\":\"https:\\\/\\\/crocjeux.com\\\/?s={search_term_string}\"},\"query-input\":{\"@type\":\"PropertyValueSpecification\",\"valueRequired\":true,\"valueName\":\"search_term_string\"}}],\"inLanguage\":\"fr-FR\"},{\"@type\":\"Organization\",\"@id\":\"https:\\\/\\\/crocjeux.com\\\/#organization\",\"name\":\"Croc Jeux\",\"url\":\"https:\\\/\\\/crocjeux.com\\\/\",\"logo\":{\"@type\":\"ImageObject\",\"inLanguage\":\"fr-FR\",\"@id\":\"https:\\\/\\\/crocjeux.com\\\/#\\\/schema\\\/logo\\\/image\\\/\",\"url\":\"https:\\\/\\\/crocjeux.com\\\/wp-content\\\/uploads\\\/2022\\\/01\\\/cropped-logo-croc-etape-1-e1644574034239.jpg\",\"contentUrl\":\"https:\\\/\\\/crocjeux.com\\\/wp-content\\\/uploads\\\/2022\\\/01\\\/cropped-logo-croc-etape-1-e1644574034239.jpg\",\"width\":1224,\"height\":314,\"caption\":\"Croc Jeux\"},\"image\":{\"@id\":\"https:\\\/\\\/crocjeux.com\\\/#\\\/schema\\\/logo\\\/image\\\/\"}}]}<\/script>\n<!-- \/ Yoast SEO plugin. -->","yoast_head_json":{"title":"Contrario - Croc Jeux","description":"Devinez les expressions et les titres de films ou de chansons d\u00e9tourn\u00e9s en retrouvant les mots qui se cachent derri\u00e8re les synonymes, contraires ou termes de la m\u00eame famille.","robots":{"index":"index","follow":"follow","max-snippet":"max-snippet:-1","max-image-preview":"max-image-preview:large","max-video-preview":"max-video-preview:-1"},"canonical":"https:\/\/crocjeux.com\/index.php\/produit\/contrario\/","og_locale":"fr_FR","og_type":"article","og_title":"Contrario - Croc Jeux","og_description":"Devinez les expressions et les titres de films ou de chansons d\u00e9tourn\u00e9s en retrouvant les mots qui se cachent derri\u00e8re les synonymes, contraires ou termes de la m\u00eame famille.","og_url":"https:\/\/crocjeux.com\/index.php\/produit\/contrario\/","og_site_name":"Croc Jeux","article_modified_time":"2023-02-09T11:24:05+00:00","og_image":[{"width":372,"height":372,"url":"https:\/\/crocjeux.com\/wp-content\/uploads\/2020\/11\/contrario.webp","type":"image\/webp"}],"twitter_card":"summary_large_image","twitter_misc":{"Dur\u00e9e de lecture estim\u00e9e":"1 minute"},"schema":{"@context":"https:\/\/schema.org","@graph":[{"@type":"WebPage","@id":"https:\/\/crocjeux.com\/index.php\/produit\/contrario\/","url":"https:\/\/crocjeux.com\/index.php\/produit\/contrario\/","name":"Contrario - Croc Jeux","isPartOf":{"@id":"https:\/\/crocjeux.com\/#website"},"primaryImageOfPage":{"@id":"https:\/\/crocjeux.com\/index.php\/produit\/contrario\/#primaryimage"},"image":{"@id":"https:\/\/crocjeux.com\/index.php\/produit\/contrario\/#primaryimage"},"thumbnailUrl":"https:\/\/crocjeux.com\/wp-content\/uploads\/2020\/11\/contrario.webp","datePublished":"2020-11-06T13:49:25+00:00","dateModified":"2023-02-09T11:24:05+00:00","description":"Devinez les expressions et les titres de films ou de chansons d\u00e9tourn\u00e9s en retrouvant les mots qui se cachent derri\u00e8re les synonymes, contraires ou termes de la m\u00eame famille.","breadcrumb":{"@id":"https:\/\/crocjeux.com\/index.php\/produit\/contrario\/#breadcrumb"},"inLanguage":"fr-FR","potentialAction":[{"@type":"ReadAction","target":["https:\/\/crocjeux.com\/index.php\/produit\/contrario\/"]}]},{"@type":"ImageObject","inLanguage":"fr-FR","@id":"https:\/\/crocjeux.com\/index.php\/produit\/contrario\/#primaryimage","url":"https:\/\/crocjeux.com\/wp-content\/uploads\/2020\/11\/contrario.webp","contentUrl":"https:\/\/crocjeux.com\/wp-content\/uploads\/2020\/11\/contrario.webp","width":372,"height":372},{"@type":"BreadcrumbList","@id":"https:\/\/crocjeux.com\/index.php\/produit\/contrario\/#breadcrumb","itemListElement":[{"@type":"ListItem","position":1,"name":"Accueil","item":"https:\/\/crocjeux.com\/"},{"@type":"ListItem","position":2,"name":"Boutique","item":"https:\/\/crocjeux.com\/"},{"@type":"ListItem","position":3,"name":"Contrario"}]},{"@type":"WebSite","@id":"https:\/\/crocjeux.com\/#website","url":"https:\/\/crocjeux.com\/","name":"Croc Jeux","description":"Bienvenue chez Croc Jeux!","publisher":{"@id":"https:\/\/crocjeux.com\/#organization"},"potentialAction":[{"@type":"SearchAction","target":{"@type":"EntryPoint","urlTemplate":"https:\/\/crocjeux.com\/?s={search_term_string}"},"query-input":{"@type":"PropertyValueSpecification","valueRequired":true,"valueName":"search_term_string"}}],"inLanguage":"fr-FR"},{"@type":"Organization","@id":"https:\/\/crocjeux.com\/#organization","name":"Croc Jeux","url":"https:\/\/crocjeux.com\/","logo":{"@type":"ImageObject","inLanguage":"fr-FR","@id":"https:\/\/crocjeux.com\/#\/schema\/logo\/image\/","url":"https:\/\/crocjeux.com\/wp-content\/uploads\/2022\/01\/cropped-logo-croc-etape-1-e1644574034239.jpg","contentUrl":"https:\/\/crocjeux.com\/wp-content\/uploads\/2022\/01\/cropped-logo-croc-etape-1-e1644574034239.jpg","width":1224,"height":314,"caption":"Croc Jeux"},"image":{"@id":"https:\/\/crocjeux.com\/#\/schema\/logo\/image\/"}}]}},"_links":{"self":[{"href":"https:\/\/crocjeux.com\/index.php\/wp-json\/wp\/v2\/product\/510","targetHints":{"allow":["GET"]}}],"collection":[{"href":"https:\/\/crocjeux.com\/index.php\/wp-json\/wp\/v2\/product"}],"about":[{"href":"https:\/\/crocjeux.com\/index.php\/wp-json\/wp\/v2\/types\/product"}],"replies":[{"embeddable":true,"href":"https:\/\/crocjeux.com\/index.php\/wp-json\/wp\/v2\/comments?post=510"}],"wp:featuredmedia":[{"embeddable":true,"href":"https:\/\/crocjeux.com\/index.php\/wp-json\/wp\/v2\/media\/4834"}],"wp:attachment":[{"href":"https:\/\/crocjeux.com\/index.php\/wp-json\/wp\/v2\/media?parent=510"}],"wp:term":[{"taxonomy":"product_brand","embeddable":true,"href":"https:\/\/crocjeux.com\/index.php\/wp-json\/wp\/v2\/product_brand?post=510"},{"taxonomy":"product_cat","embeddable":true,"href":"https:\/\/crocjeux.com\/index.php\/wp-json\/wp\/v2\/product_cat?post=510"},{"taxonomy":"product_tag","embeddable":true,"href":"https:\/\/crocjeux.com\/index.php\/wp-json\/wp\/v2\/product_tag?post=510"}],"curies":[{"name":"wp","href":"https:\/\/api.w.org\/{rel}","templated":true}]}}