{"id":5127,"date":"2023-03-14T17:06:55","date_gmt":"2023-03-14T16:06:55","guid":{"rendered":"https:\/\/crocjeux.com\/?post_type=product&#038;p=5127"},"modified":"2024-01-04T14:45:28","modified_gmt":"2024-01-04T13:45:28","slug":"dice-throne-s2-as-de-la-gachette-vs-samourai","status":"publish","type":"product","link":"https:\/\/crocjeux.com\/index.php\/produit\/dice-throne-s2-as-de-la-gachette-vs-samourai\/","title":{"rendered":"Dice Throne S2 :  As de la Gachette Vs Samoura\u00ef"},"content":{"rendered":"<div class=\"col-12 col-md-9 desc-content\">\n<p>Chaque ann\u00e9e, le Roi Fou organise un tournoi de champions, avec comme enjeu le plus grand prix qu\u2019un h\u00e9ros pourrait remporter : le Tr\u00f4ne. Serez-vous assez audacieux pour le prendre ?<\/p>\n<p>Dice Throne est un jeu comp\u00e9titif ou en \u00e9quipe, proposant des combats \u00e0 base de d\u00e9s et de pouvoirs sp\u00e9cifiques \u00e0 chaque personnage.\u00a0Dans la bo\u00eete Duo Num\u00e9ro 1 de la Saison 2, l&rsquo;As de la G\u00e2chette affronte le Samoura\u00ef !<\/p>\n<p><em>\u00ab\u00a0Un mat\u00e9riel magnifique, une mise en place ultra-rapide, des r\u00e8gles simples, un plaisir retrouv\u00e9 \u00e0 chaque partie.\u00a0\u00bb<\/em><\/p>\n<p><strong>Comment jouer ?<\/strong><\/p>\n<ol>\n<li>Choisissez votre h\u00e9ros : s\u00e9lectionnez le h\u00e9ros qui vous attire le plus ! Certains sont plus complexes \u00e0 prendre en main, mais ils sont tous aussi forts les uns que les autres !<\/li>\n<li>\u00a0Lancez vos d\u00e9s et activez les capacit\u00e9s de votre h\u00e9ros : lancez autant de d\u00e9s que vous le souhaitez, jusqu&rsquo;\u00e0 3 fois pour activer l&rsquo;une de vos capacit\u00e9s !<\/li>\n<li>Am\u00e9liorez vos capacit\u00e9s : utilisez les cartes d&rsquo;am\u00e9liorations pour booster vos capacit\u00e9s de h\u00e9ros tout au long de la partie.<\/li>\n<li>Utilisez vos cartes Action : jouez vos cartes Action strat\u00e9giquement pour modifier vos d\u00e9s et surprendre votre adversaire !<\/li>\n<li>Prenez le tr\u00f4ne : Battez vos adversaires en faisant tomber leur vie \u00e0 0 et prenez le tr\u00f4ne !<\/li>\n<\/ol>\n<\/div>\n","protected":false},"excerpt":{"rendered":"<p>Dice Throne est un jeu comp\u00e9titif ou en \u00e9quipe, proposant des combats \u00e0 base de d\u00e9s et de pouvoirs sp\u00e9cifiques \u00e0 chaque personnage. Dans cette premi\u00e8re boite de la saison 2, vous incarnerez l&rsquo;As de la Gachette ou le Samoura\u00ef dans un combat \u00e9pique !<\/p>\n","protected":false},"featured_media":5128,"comment_status":"open","ping_status":"closed","template":"","meta":{"colormag_page_container_layout":"default_layout","colormag_page_sidebar_layout":"default_layout"},"product_brand":[],"product_cat":[18],"product_tag":[],"class_list":{"0":"post-5127","1":"product","2":"type-product","3":"status-publish","4":"has-post-thumbnail","6":"product_cat-jeux-de-strategie","8":"first","9":"outofstock","10":"taxable","11":"shipping-taxable","12":"purchasable","13":"product-type-simple"},"yoast_head":"<!-- This site is optimized with the Yoast SEO plugin v27.1.1 - https:\/\/yoast.com\/product\/yoast-seo-wordpress\/ -->\n<title>Dice Throne S2 : As de la Gachette Vs Samoura\u00ef - Croc Jeux<\/title>\n<meta name=\"description\" content=\"Dice Throne est un jeu comp\u00e9titif ou en \u00e9quipe, proposant des combats \u00e0 base de d\u00e9s et de pouvoirs sp\u00e9cifiques \u00e0 chaque personnage.\" \/>\n<meta name=\"robots\" content=\"index, follow, max-snippet:-1, max-image-preview:large, max-video-preview:-1\" \/>\n<link rel=\"canonical\" href=\"https:\/\/crocjeux.com\/index.php\/produit\/dice-throne-s2-as-de-la-gachette-vs-samourai\/\" \/>\n<meta property=\"og:locale\" content=\"fr_FR\" \/>\n<meta property=\"og:type\" content=\"article\" \/>\n<meta property=\"og:title\" content=\"Dice Throne S2 : As de la Gachette Vs Samoura\u00ef - Croc Jeux\" \/>\n<meta property=\"og:description\" content=\"Dice Throne est un jeu comp\u00e9titif ou en \u00e9quipe, proposant des combats \u00e0 base de d\u00e9s et de pouvoirs sp\u00e9cifiques \u00e0 chaque personnage.\" \/>\n<meta property=\"og:url\" content=\"https:\/\/crocjeux.com\/index.php\/produit\/dice-throne-s2-as-de-la-gachette-vs-samourai\/\" \/>\n<meta property=\"og:site_name\" content=\"Croc Jeux\" \/>\n<meta property=\"article:modified_time\" content=\"2024-01-04T13:45:28+00:00\" \/>\n<meta property=\"og:image\" content=\"https:\/\/crocjeux.com\/wp-content\/uploads\/2023\/03\/81yVbGb760L._AC_SL1500_.jpg\" \/>\n\t<meta property=\"og:image:width\" content=\"887\" \/>\n\t<meta property=\"og:image:height\" content=\"1500\" \/>\n\t<meta property=\"og:image:type\" content=\"image\/jpeg\" \/>\n<meta name=\"twitter:card\" content=\"summary_large_image\" \/>\n<meta name=\"twitter:label1\" content=\"Dur\u00e9e de lecture estim\u00e9e\" \/>\n\t<meta name=\"twitter:data1\" content=\"2 minutes\" \/>\n<script type=\"application\/ld+json\" class=\"yoast-schema-graph\">{\"@context\":\"https:\/\/schema.org\",\"@graph\":[{\"@type\":\"WebPage\",\"@id\":\"https:\/\/crocjeux.com\/index.php\/produit\/dice-throne-s2-as-de-la-gachette-vs-samourai\/\",\"url\":\"https:\/\/crocjeux.com\/index.php\/produit\/dice-throne-s2-as-de-la-gachette-vs-samourai\/\",\"name\":\"Dice Throne S2 : As de la Gachette Vs Samoura\u00ef - Croc Jeux\",\"isPartOf\":{\"@id\":\"https:\/\/crocjeux.com\/#website\"},\"primaryImageOfPage\":{\"@id\":\"https:\/\/crocjeux.com\/index.php\/produit\/dice-throne-s2-as-de-la-gachette-vs-samourai\/#primaryimage\"},\"image\":{\"@id\":\"https:\/\/crocjeux.com\/index.php\/produit\/dice-throne-s2-as-de-la-gachette-vs-samourai\/#primaryimage\"},\"thumbnailUrl\":\"https:\/\/crocjeux.com\/wp-content\/uploads\/2023\/03\/81yVbGb760L._AC_SL1500_.jpg\",\"datePublished\":\"2023-03-14T16:06:55+00:00\",\"dateModified\":\"2024-01-04T13:45:28+00:00\",\"description\":\"Dice Throne est un jeu comp\u00e9titif ou en \u00e9quipe, proposant des combats \u00e0 base de d\u00e9s et de pouvoirs sp\u00e9cifiques \u00e0 chaque personnage.\",\"breadcrumb\":{\"@id\":\"https:\/\/crocjeux.com\/index.php\/produit\/dice-throne-s2-as-de-la-gachette-vs-samourai\/#breadcrumb\"},\"inLanguage\":\"fr-FR\",\"potentialAction\":[{\"@type\":\"ReadAction\",\"target\":[\"https:\/\/crocjeux.com\/index.php\/produit\/dice-throne-s2-as-de-la-gachette-vs-samourai\/\"]}]},{\"@type\":\"ImageObject\",\"inLanguage\":\"fr-FR\",\"@id\":\"https:\/\/crocjeux.com\/index.php\/produit\/dice-throne-s2-as-de-la-gachette-vs-samourai\/#primaryimage\",\"url\":\"https:\/\/crocjeux.com\/wp-content\/uploads\/2023\/03\/81yVbGb760L._AC_SL1500_.jpg\",\"contentUrl\":\"https:\/\/crocjeux.com\/wp-content\/uploads\/2023\/03\/81yVbGb760L._AC_SL1500_.jpg\",\"width\":887,\"height\":1500},{\"@type\":\"BreadcrumbList\",\"@id\":\"https:\/\/crocjeux.com\/index.php\/produit\/dice-throne-s2-as-de-la-gachette-vs-samourai\/#breadcrumb\",\"itemListElement\":[{\"@type\":\"ListItem\",\"position\":1,\"name\":\"Accueil\",\"item\":\"https:\/\/crocjeux.com\/\"},{\"@type\":\"ListItem\",\"position\":2,\"name\":\"Boutique\",\"item\":\"https:\/\/crocjeux.com\/\"},{\"@type\":\"ListItem\",\"position\":3,\"name\":\"Dice Throne S2 : As de la Gachette Vs Samoura\u00ef\"}]},{\"@type\":\"WebSite\",\"@id\":\"https:\/\/crocjeux.com\/#website\",\"url\":\"https:\/\/crocjeux.com\/\",\"name\":\"Croc Jeux\",\"description\":\"Bienvenue chez Croc Jeux!\",\"publisher\":{\"@id\":\"https:\/\/crocjeux.com\/#organization\"},\"potentialAction\":[{\"@type\":\"SearchAction\",\"target\":{\"@type\":\"EntryPoint\",\"urlTemplate\":\"https:\/\/crocjeux.com\/?s={search_term_string}\"},\"query-input\":{\"@type\":\"PropertyValueSpecification\",\"valueRequired\":true,\"valueName\":\"search_term_string\"}}],\"inLanguage\":\"fr-FR\"},{\"@type\":\"Organization\",\"@id\":\"https:\/\/crocjeux.com\/#organization\",\"name\":\"Croc Jeux\",\"url\":\"https:\/\/crocjeux.com\/\",\"logo\":{\"@type\":\"ImageObject\",\"inLanguage\":\"fr-FR\",\"@id\":\"https:\/\/crocjeux.com\/#\/schema\/logo\/image\/\",\"url\":\"https:\/\/crocjeux.com\/wp-content\/uploads\/2022\/01\/cropped-logo-croc-etape-1-e1644574034239.jpg\",\"contentUrl\":\"https:\/\/crocjeux.com\/wp-content\/uploads\/2022\/01\/cropped-logo-croc-etape-1-e1644574034239.jpg\",\"width\":1224,\"height\":314,\"caption\":\"Croc Jeux\"},\"image\":{\"@id\":\"https:\/\/crocjeux.com\/#\/schema\/logo\/image\/\"}}]}<\/script>\n<!-- \/ Yoast SEO plugin. -->","yoast_head_json":{"title":"Dice Throne S2 : As de la Gachette Vs Samoura\u00ef - Croc Jeux","description":"Dice Throne est un jeu comp\u00e9titif ou en \u00e9quipe, proposant des combats \u00e0 base de d\u00e9s et de pouvoirs sp\u00e9cifiques \u00e0 chaque personnage.","robots":{"index":"index","follow":"follow","max-snippet":"max-snippet:-1","max-image-preview":"max-image-preview:large","max-video-preview":"max-video-preview:-1"},"canonical":"https:\/\/crocjeux.com\/index.php\/produit\/dice-throne-s2-as-de-la-gachette-vs-samourai\/","og_locale":"fr_FR","og_type":"article","og_title":"Dice Throne S2 : As de la Gachette Vs Samoura\u00ef - Croc Jeux","og_description":"Dice Throne est un jeu comp\u00e9titif ou en \u00e9quipe, proposant des combats \u00e0 base de d\u00e9s et de pouvoirs sp\u00e9cifiques \u00e0 chaque personnage.","og_url":"https:\/\/crocjeux.com\/index.php\/produit\/dice-throne-s2-as-de-la-gachette-vs-samourai\/","og_site_name":"Croc Jeux","article_modified_time":"2024-01-04T13:45:28+00:00","og_image":[{"width":887,"height":1500,"url":"https:\/\/crocjeux.com\/wp-content\/uploads\/2023\/03\/81yVbGb760L._AC_SL1500_.jpg","type":"image\/jpeg"}],"twitter_card":"summary_large_image","twitter_misc":{"Dur\u00e9e de lecture estim\u00e9e":"2 minutes"},"schema":{"@context":"https:\/\/schema.org","@graph":[{"@type":"WebPage","@id":"https:\/\/crocjeux.com\/index.php\/produit\/dice-throne-s2-as-de-la-gachette-vs-samourai\/","url":"https:\/\/crocjeux.com\/index.php\/produit\/dice-throne-s2-as-de-la-gachette-vs-samourai\/","name":"Dice Throne S2 : As de la Gachette Vs Samoura\u00ef - Croc Jeux","isPartOf":{"@id":"https:\/\/crocjeux.com\/#website"},"primaryImageOfPage":{"@id":"https:\/\/crocjeux.com\/index.php\/produit\/dice-throne-s2-as-de-la-gachette-vs-samourai\/#primaryimage"},"image":{"@id":"https:\/\/crocjeux.com\/index.php\/produit\/dice-throne-s2-as-de-la-gachette-vs-samourai\/#primaryimage"},"thumbnailUrl":"https:\/\/crocjeux.com\/wp-content\/uploads\/2023\/03\/81yVbGb760L._AC_SL1500_.jpg","datePublished":"2023-03-14T16:06:55+00:00","dateModified":"2024-01-04T13:45:28+00:00","description":"Dice Throne est un jeu comp\u00e9titif ou en \u00e9quipe, proposant des combats \u00e0 base de d\u00e9s et de pouvoirs sp\u00e9cifiques \u00e0 chaque personnage.","breadcrumb":{"@id":"https:\/\/crocjeux.com\/index.php\/produit\/dice-throne-s2-as-de-la-gachette-vs-samourai\/#breadcrumb"},"inLanguage":"fr-FR","potentialAction":[{"@type":"ReadAction","target":["https:\/\/crocjeux.com\/index.php\/produit\/dice-throne-s2-as-de-la-gachette-vs-samourai\/"]}]},{"@type":"ImageObject","inLanguage":"fr-FR","@id":"https:\/\/crocjeux.com\/index.php\/produit\/dice-throne-s2-as-de-la-gachette-vs-samourai\/#primaryimage","url":"https:\/\/crocjeux.com\/wp-content\/uploads\/2023\/03\/81yVbGb760L._AC_SL1500_.jpg","contentUrl":"https:\/\/crocjeux.com\/wp-content\/uploads\/2023\/03\/81yVbGb760L._AC_SL1500_.jpg","width":887,"height":1500},{"@type":"BreadcrumbList","@id":"https:\/\/crocjeux.com\/index.php\/produit\/dice-throne-s2-as-de-la-gachette-vs-samourai\/#breadcrumb","itemListElement":[{"@type":"ListItem","position":1,"name":"Accueil","item":"https:\/\/crocjeux.com\/"},{"@type":"ListItem","position":2,"name":"Boutique","item":"https:\/\/crocjeux.com\/"},{"@type":"ListItem","position":3,"name":"Dice Throne S2 : As de la Gachette Vs Samoura\u00ef"}]},{"@type":"WebSite","@id":"https:\/\/crocjeux.com\/#website","url":"https:\/\/crocjeux.com\/","name":"Croc Jeux","description":"Bienvenue chez Croc Jeux!","publisher":{"@id":"https:\/\/crocjeux.com\/#organization"},"potentialAction":[{"@type":"SearchAction","target":{"@type":"EntryPoint","urlTemplate":"https:\/\/crocjeux.com\/?s={search_term_string}"},"query-input":{"@type":"PropertyValueSpecification","valueRequired":true,"valueName":"search_term_string"}}],"inLanguage":"fr-FR"},{"@type":"Organization","@id":"https:\/\/crocjeux.com\/#organization","name":"Croc Jeux","url":"https:\/\/crocjeux.com\/","logo":{"@type":"ImageObject","inLanguage":"fr-FR","@id":"https:\/\/crocjeux.com\/#\/schema\/logo\/image\/","url":"https:\/\/crocjeux.com\/wp-content\/uploads\/2022\/01\/cropped-logo-croc-etape-1-e1644574034239.jpg","contentUrl":"https:\/\/crocjeux.com\/wp-content\/uploads\/2022\/01\/cropped-logo-croc-etape-1-e1644574034239.jpg","width":1224,"height":314,"caption":"Croc Jeux"},"image":{"@id":"https:\/\/crocjeux.com\/#\/schema\/logo\/image\/"}}]}},"_links":{"self":[{"href":"https:\/\/crocjeux.com\/index.php\/wp-json\/wp\/v2\/product\/5127","targetHints":{"allow":["GET"]}}],"collection":[{"href":"https:\/\/crocjeux.com\/index.php\/wp-json\/wp\/v2\/product"}],"about":[{"href":"https:\/\/crocjeux.com\/index.php\/wp-json\/wp\/v2\/types\/product"}],"replies":[{"embeddable":true,"href":"https:\/\/crocjeux.com\/index.php\/wp-json\/wp\/v2\/comments?post=5127"}],"wp:featuredmedia":[{"embeddable":true,"href":"https:\/\/crocjeux.com\/index.php\/wp-json\/wp\/v2\/media\/5128"}],"wp:attachment":[{"href":"https:\/\/crocjeux.com\/index.php\/wp-json\/wp\/v2\/media?parent=5127"}],"wp:term":[{"taxonomy":"product_brand","embeddable":true,"href":"https:\/\/crocjeux.com\/index.php\/wp-json\/wp\/v2\/product_brand?post=5127"},{"taxonomy":"product_cat","embeddable":true,"href":"https:\/\/crocjeux.com\/index.php\/wp-json\/wp\/v2\/product_cat?post=5127"},{"taxonomy":"product_tag","embeddable":true,"href":"https:\/\/crocjeux.com\/index.php\/wp-json\/wp\/v2\/product_tag?post=5127"}],"curies":[{"name":"wp","href":"https:\/\/api.w.org\/{rel}","templated":true}]}}