{"id":5153,"date":"2023-03-21T15:28:56","date_gmt":"2023-03-21T14:28:56","guid":{"rendered":"https:\/\/crocjeux.com\/?post_type=product&#038;p=5153"},"modified":"2023-03-21T15:29:29","modified_gmt":"2023-03-21T14:29:29","slug":"la-salsa-des-oeufs","status":"publish","type":"product","link":"https:\/\/crocjeux.com\/index.php\/produit\/la-salsa-des-oeufs\/","title":{"rendered":"La Salsa des Oeufs"},"content":{"rendered":"<p>ancez le d\u00e9 et r\u00e9agissez rapidement pour pouvoir gagner l\u2019\u0153uf sur le coquetier. Coincez-le sous le menton, sous le bras, entre les genoux\u2026 et essayez de continuer jusqu\u2019\u00e0 avoir 5 \u0153ufs. Attention \u00e0 l\u2019omelette !<\/p>\n<p>Dans ce jeu survolt\u00e9, les joueurs doivent r\u00e9agir rapidement en fonction des indications d\u2019un d\u00e9 pour prendre un \u0153uf. Le premier qui aura 5 \u0153ufs aura gagn\u00e9.<br \/>\n1-Lancez le d\u00e9 Actions et faites rapidement ce qu\u2019il indique (criez, prenez une pose\u2026). 2-Si vous \u00eates le plus rapide, prenez l\u2019\u0153uf sur le coquetier. 3-Lancez le d\u00e9 blanc et coincez l\u2019\u0153uf comme vous pouvez ! Dans le cou, entre les genoux\u2026 Un jeu d\u00e9jant\u00e9 et hilarant que les enfants adorent !<\/p>\n","protected":false},"excerpt":{"rendered":"<div class=\"post-content woocommerce-product-details__short-description\">\n<p>Ne marchez pas sur des \u0153ufs !<\/p>\n<p>Lancez le d\u00e9 et r\u00e9agissez rapidement pour pouvoir gagner l\u2019\u0153uf sur le coquetier. Coincez-le sous le menton, sous le bras, entre les genoux\u2026 et essayez de continuer jusqu\u2019\u00e0 avoir 5 \u0153ufs. Attention \u00e0 l\u2019omelette !<\/p>\n<\/div>\n","protected":false},"featured_media":5154,"comment_status":"open","ping_status":"closed","template":"","meta":{"colormag_page_container_layout":"default_layout","colormag_page_sidebar_layout":"default_layout"},"product_brand":[],"product_cat":[33],"product_tag":[],"class_list":{"0":"post-5153","1":"product","2":"type-product","3":"status-publish","4":"has-post-thumbnail","6":"product_cat-jeux-enfants","8":"first","9":"instock","10":"taxable","11":"shipping-taxable","12":"purchasable","13":"product-type-simple"},"yoast_head":"<!-- This site is optimized with the Yoast SEO plugin v27.3 - https:\/\/yoast.com\/product\/yoast-seo-wordpress\/ -->\n<title>La Salsa des Oeufs - Croc Jeux<\/title>\n<meta name=\"description\" content=\"Ne marchez pas sur des \u0153ufs !Lancez le d\u00e9 et r\u00e9agissez rapidement pour pouvoir gagner l\u2019\u0153uf sur le coquetier. Continuer jusqu\u2019\u00e0 avoir 5 \u0153ufs. Attention \u00e0 l\u2019omelette !\" \/>\n<meta name=\"robots\" content=\"index, follow, max-snippet:-1, max-image-preview:large, max-video-preview:-1\" \/>\n<link rel=\"canonical\" href=\"https:\/\/crocjeux.com\/index.php\/produit\/la-salsa-des-oeufs\/\" \/>\n<meta property=\"og:locale\" content=\"fr_FR\" \/>\n<meta property=\"og:type\" content=\"article\" \/>\n<meta property=\"og:title\" content=\"La Salsa des Oeufs - Croc Jeux\" \/>\n<meta property=\"og:description\" content=\"Ne marchez pas sur des \u0153ufs !Lancez le d\u00e9 et r\u00e9agissez rapidement pour pouvoir gagner l\u2019\u0153uf sur le coquetier. Continuer jusqu\u2019\u00e0 avoir 5 \u0153ufs. Attention \u00e0 l\u2019omelette !\" \/>\n<meta property=\"og:url\" content=\"https:\/\/crocjeux.com\/index.php\/produit\/la-salsa-des-oeufs\/\" \/>\n<meta property=\"og:site_name\" content=\"Croc Jeux\" \/>\n<meta property=\"article:modified_time\" content=\"2023-03-21T14:29:29+00:00\" \/>\n<meta property=\"og:image\" content=\"https:\/\/crocjeux.com\/wp-content\/uploads\/2023\/03\/Salsa_des_oeufs_boite_3D_BD.jpg\" \/>\n\t<meta property=\"og:image:width\" content=\"900\" \/>\n\t<meta property=\"og:image:height\" content=\"720\" \/>\n\t<meta property=\"og:image:type\" content=\"image\/jpeg\" \/>\n<meta name=\"twitter:card\" content=\"summary_large_image\" \/>\n<script type=\"application\/ld+json\" class=\"yoast-schema-graph\">{\"@context\":\"https:\\\/\\\/schema.org\",\"@graph\":[{\"@type\":\"WebPage\",\"@id\":\"https:\\\/\\\/crocjeux.com\\\/index.php\\\/produit\\\/la-salsa-des-oeufs\\\/\",\"url\":\"https:\\\/\\\/crocjeux.com\\\/index.php\\\/produit\\\/la-salsa-des-oeufs\\\/\",\"name\":\"La Salsa des Oeufs - Croc Jeux\",\"isPartOf\":{\"@id\":\"https:\\\/\\\/crocjeux.com\\\/#website\"},\"primaryImageOfPage\":{\"@id\":\"https:\\\/\\\/crocjeux.com\\\/index.php\\\/produit\\\/la-salsa-des-oeufs\\\/#primaryimage\"},\"image\":{\"@id\":\"https:\\\/\\\/crocjeux.com\\\/index.php\\\/produit\\\/la-salsa-des-oeufs\\\/#primaryimage\"},\"thumbnailUrl\":\"https:\\\/\\\/crocjeux.com\\\/wp-content\\\/uploads\\\/2023\\\/03\\\/Salsa_des_oeufs_boite_3D_BD.jpg\",\"datePublished\":\"2023-03-21T14:28:56+00:00\",\"dateModified\":\"2023-03-21T14:29:29+00:00\",\"description\":\"Ne marchez pas sur des \u0153ufs !Lancez le d\u00e9 et r\u00e9agissez rapidement pour pouvoir gagner l\u2019\u0153uf sur le coquetier. Continuer jusqu\u2019\u00e0 avoir 5 \u0153ufs. Attention \u00e0 l\u2019omelette !\",\"breadcrumb\":{\"@id\":\"https:\\\/\\\/crocjeux.com\\\/index.php\\\/produit\\\/la-salsa-des-oeufs\\\/#breadcrumb\"},\"inLanguage\":\"fr-FR\",\"potentialAction\":[{\"@type\":\"ReadAction\",\"target\":[\"https:\\\/\\\/crocjeux.com\\\/index.php\\\/produit\\\/la-salsa-des-oeufs\\\/\"]}]},{\"@type\":\"ImageObject\",\"inLanguage\":\"fr-FR\",\"@id\":\"https:\\\/\\\/crocjeux.com\\\/index.php\\\/produit\\\/la-salsa-des-oeufs\\\/#primaryimage\",\"url\":\"https:\\\/\\\/crocjeux.com\\\/wp-content\\\/uploads\\\/2023\\\/03\\\/Salsa_des_oeufs_boite_3D_BD.jpg\",\"contentUrl\":\"https:\\\/\\\/crocjeux.com\\\/wp-content\\\/uploads\\\/2023\\\/03\\\/Salsa_des_oeufs_boite_3D_BD.jpg\",\"width\":900,\"height\":720},{\"@type\":\"BreadcrumbList\",\"@id\":\"https:\\\/\\\/crocjeux.com\\\/index.php\\\/produit\\\/la-salsa-des-oeufs\\\/#breadcrumb\",\"itemListElement\":[{\"@type\":\"ListItem\",\"position\":1,\"name\":\"Accueil\",\"item\":\"https:\\\/\\\/crocjeux.com\\\/\"},{\"@type\":\"ListItem\",\"position\":2,\"name\":\"Boutique\",\"item\":\"https:\\\/\\\/crocjeux.com\\\/\"},{\"@type\":\"ListItem\",\"position\":3,\"name\":\"La Salsa des Oeufs\"}]},{\"@type\":\"WebSite\",\"@id\":\"https:\\\/\\\/crocjeux.com\\\/#website\",\"url\":\"https:\\\/\\\/crocjeux.com\\\/\",\"name\":\"Croc Jeux\",\"description\":\"Bienvenue chez Croc Jeux!\",\"publisher\":{\"@id\":\"https:\\\/\\\/crocjeux.com\\\/#organization\"},\"potentialAction\":[{\"@type\":\"SearchAction\",\"target\":{\"@type\":\"EntryPoint\",\"urlTemplate\":\"https:\\\/\\\/crocjeux.com\\\/?s={search_term_string}\"},\"query-input\":{\"@type\":\"PropertyValueSpecification\",\"valueRequired\":true,\"valueName\":\"search_term_string\"}}],\"inLanguage\":\"fr-FR\"},{\"@type\":\"Organization\",\"@id\":\"https:\\\/\\\/crocjeux.com\\\/#organization\",\"name\":\"Croc Jeux\",\"url\":\"https:\\\/\\\/crocjeux.com\\\/\",\"logo\":{\"@type\":\"ImageObject\",\"inLanguage\":\"fr-FR\",\"@id\":\"https:\\\/\\\/crocjeux.com\\\/#\\\/schema\\\/logo\\\/image\\\/\",\"url\":\"https:\\\/\\\/crocjeux.com\\\/wp-content\\\/uploads\\\/2022\\\/01\\\/cropped-logo-croc-etape-1-e1644574034239.jpg\",\"contentUrl\":\"https:\\\/\\\/crocjeux.com\\\/wp-content\\\/uploads\\\/2022\\\/01\\\/cropped-logo-croc-etape-1-e1644574034239.jpg\",\"width\":1224,\"height\":314,\"caption\":\"Croc Jeux\"},\"image\":{\"@id\":\"https:\\\/\\\/crocjeux.com\\\/#\\\/schema\\\/logo\\\/image\\\/\"}}]}<\/script>\n<!-- \/ Yoast SEO plugin. -->","yoast_head_json":{"title":"La Salsa des Oeufs - Croc Jeux","description":"Ne marchez pas sur des \u0153ufs !Lancez le d\u00e9 et r\u00e9agissez rapidement pour pouvoir gagner l\u2019\u0153uf sur le coquetier. Continuer jusqu\u2019\u00e0 avoir 5 \u0153ufs. Attention \u00e0 l\u2019omelette !","robots":{"index":"index","follow":"follow","max-snippet":"max-snippet:-1","max-image-preview":"max-image-preview:large","max-video-preview":"max-video-preview:-1"},"canonical":"https:\/\/crocjeux.com\/index.php\/produit\/la-salsa-des-oeufs\/","og_locale":"fr_FR","og_type":"article","og_title":"La Salsa des Oeufs - Croc Jeux","og_description":"Ne marchez pas sur des \u0153ufs !Lancez le d\u00e9 et r\u00e9agissez rapidement pour pouvoir gagner l\u2019\u0153uf sur le coquetier. Continuer jusqu\u2019\u00e0 avoir 5 \u0153ufs. Attention \u00e0 l\u2019omelette !","og_url":"https:\/\/crocjeux.com\/index.php\/produit\/la-salsa-des-oeufs\/","og_site_name":"Croc Jeux","article_modified_time":"2023-03-21T14:29:29+00:00","og_image":[{"width":900,"height":720,"url":"https:\/\/crocjeux.com\/wp-content\/uploads\/2023\/03\/Salsa_des_oeufs_boite_3D_BD.jpg","type":"image\/jpeg"}],"twitter_card":"summary_large_image","schema":{"@context":"https:\/\/schema.org","@graph":[{"@type":"WebPage","@id":"https:\/\/crocjeux.com\/index.php\/produit\/la-salsa-des-oeufs\/","url":"https:\/\/crocjeux.com\/index.php\/produit\/la-salsa-des-oeufs\/","name":"La Salsa des Oeufs - Croc Jeux","isPartOf":{"@id":"https:\/\/crocjeux.com\/#website"},"primaryImageOfPage":{"@id":"https:\/\/crocjeux.com\/index.php\/produit\/la-salsa-des-oeufs\/#primaryimage"},"image":{"@id":"https:\/\/crocjeux.com\/index.php\/produit\/la-salsa-des-oeufs\/#primaryimage"},"thumbnailUrl":"https:\/\/crocjeux.com\/wp-content\/uploads\/2023\/03\/Salsa_des_oeufs_boite_3D_BD.jpg","datePublished":"2023-03-21T14:28:56+00:00","dateModified":"2023-03-21T14:29:29+00:00","description":"Ne marchez pas sur des \u0153ufs !Lancez le d\u00e9 et r\u00e9agissez rapidement pour pouvoir gagner l\u2019\u0153uf sur le coquetier. Continuer jusqu\u2019\u00e0 avoir 5 \u0153ufs. Attention \u00e0 l\u2019omelette !","breadcrumb":{"@id":"https:\/\/crocjeux.com\/index.php\/produit\/la-salsa-des-oeufs\/#breadcrumb"},"inLanguage":"fr-FR","potentialAction":[{"@type":"ReadAction","target":["https:\/\/crocjeux.com\/index.php\/produit\/la-salsa-des-oeufs\/"]}]},{"@type":"ImageObject","inLanguage":"fr-FR","@id":"https:\/\/crocjeux.com\/index.php\/produit\/la-salsa-des-oeufs\/#primaryimage","url":"https:\/\/crocjeux.com\/wp-content\/uploads\/2023\/03\/Salsa_des_oeufs_boite_3D_BD.jpg","contentUrl":"https:\/\/crocjeux.com\/wp-content\/uploads\/2023\/03\/Salsa_des_oeufs_boite_3D_BD.jpg","width":900,"height":720},{"@type":"BreadcrumbList","@id":"https:\/\/crocjeux.com\/index.php\/produit\/la-salsa-des-oeufs\/#breadcrumb","itemListElement":[{"@type":"ListItem","position":1,"name":"Accueil","item":"https:\/\/crocjeux.com\/"},{"@type":"ListItem","position":2,"name":"Boutique","item":"https:\/\/crocjeux.com\/"},{"@type":"ListItem","position":3,"name":"La Salsa des Oeufs"}]},{"@type":"WebSite","@id":"https:\/\/crocjeux.com\/#website","url":"https:\/\/crocjeux.com\/","name":"Croc Jeux","description":"Bienvenue chez Croc Jeux!","publisher":{"@id":"https:\/\/crocjeux.com\/#organization"},"potentialAction":[{"@type":"SearchAction","target":{"@type":"EntryPoint","urlTemplate":"https:\/\/crocjeux.com\/?s={search_term_string}"},"query-input":{"@type":"PropertyValueSpecification","valueRequired":true,"valueName":"search_term_string"}}],"inLanguage":"fr-FR"},{"@type":"Organization","@id":"https:\/\/crocjeux.com\/#organization","name":"Croc Jeux","url":"https:\/\/crocjeux.com\/","logo":{"@type":"ImageObject","inLanguage":"fr-FR","@id":"https:\/\/crocjeux.com\/#\/schema\/logo\/image\/","url":"https:\/\/crocjeux.com\/wp-content\/uploads\/2022\/01\/cropped-logo-croc-etape-1-e1644574034239.jpg","contentUrl":"https:\/\/crocjeux.com\/wp-content\/uploads\/2022\/01\/cropped-logo-croc-etape-1-e1644574034239.jpg","width":1224,"height":314,"caption":"Croc Jeux"},"image":{"@id":"https:\/\/crocjeux.com\/#\/schema\/logo\/image\/"}}]}},"_links":{"self":[{"href":"https:\/\/crocjeux.com\/index.php\/wp-json\/wp\/v2\/product\/5153","targetHints":{"allow":["GET"]}}],"collection":[{"href":"https:\/\/crocjeux.com\/index.php\/wp-json\/wp\/v2\/product"}],"about":[{"href":"https:\/\/crocjeux.com\/index.php\/wp-json\/wp\/v2\/types\/product"}],"replies":[{"embeddable":true,"href":"https:\/\/crocjeux.com\/index.php\/wp-json\/wp\/v2\/comments?post=5153"}],"wp:featuredmedia":[{"embeddable":true,"href":"https:\/\/crocjeux.com\/index.php\/wp-json\/wp\/v2\/media\/5154"}],"wp:attachment":[{"href":"https:\/\/crocjeux.com\/index.php\/wp-json\/wp\/v2\/media?parent=5153"}],"wp:term":[{"taxonomy":"product_brand","embeddable":true,"href":"https:\/\/crocjeux.com\/index.php\/wp-json\/wp\/v2\/product_brand?post=5153"},{"taxonomy":"product_cat","embeddable":true,"href":"https:\/\/crocjeux.com\/index.php\/wp-json\/wp\/v2\/product_cat?post=5153"},{"taxonomy":"product_tag","embeddable":true,"href":"https:\/\/crocjeux.com\/index.php\/wp-json\/wp\/v2\/product_tag?post=5153"}],"curies":[{"name":"wp","href":"https:\/\/api.w.org\/{rel}","templated":true}]}}