{"id":5170,"date":"2023-03-24T11:48:52","date_gmt":"2023-03-24T10:48:52","guid":{"rendered":"https:\/\/crocjeux.com\/?post_type=product&#038;p=5170"},"modified":"2023-03-24T11:48:53","modified_gmt":"2023-03-24T10:48:53","slug":"le-grand-voyage","status":"publish","type":"product","link":"https:\/\/crocjeux.com\/index.php\/produit\/le-grand-voyage\/","title":{"rendered":"Le Grand Voyage"},"content":{"rendered":"<p><b>D\u00e8s la fin de l\u2019\u00e9t\u00e9, les oiseaux se pr\u00e9parent pour leur grande migration annuelle. Des millions d\u2019oiseaux de toutes tailles quittent l\u2019Europe et ses frimas pour rejoindre l\u2019Afrique o\u00f9 ils passeront l\u2019hiver. Accompagnez les oiseaux dans leur voyage : choisissez la meilleure strat\u00e9gie de vol pour surmonter les multiples p\u00e9rils qui vous attendent le long du parcours.<\/b><\/p>\n","protected":false},"excerpt":{"rendered":"<p>D\u00e8s la fin de l\u2019\u00e9t\u00e9, les oiseaux se pr\u00e9parent pour leur grande migration annuelle. Des millions d\u2019oiseaux de toutes tailles<\/p>\n","protected":false},"featured_media":5171,"comment_status":"open","ping_status":"closed","template":"","meta":{"colormag_page_container_layout":"default_layout","colormag_page_sidebar_layout":"default_layout"},"product_brand":[],"product_cat":[36,29],"product_tag":[],"class_list":{"0":"post-5170","1":"product","2":"type-product","3":"status-publish","4":"has-post-thumbnail","6":"product_cat-jeux-familiaux","7":"product_cat-jeux-2-joueurs","9":"first","10":"instock","11":"taxable","12":"shipping-taxable","13":"purchasable","14":"product-type-simple"},"yoast_head":"<!-- This site is optimized with the Yoast SEO plugin v27.3 - https:\/\/yoast.com\/product\/yoast-seo-wordpress\/ -->\n<title>Le Grand Voyage - Croc Jeux<\/title>\n<meta name=\"robots\" content=\"index, follow, max-snippet:-1, max-image-preview:large, max-video-preview:-1\" \/>\n<link rel=\"canonical\" href=\"https:\/\/crocjeux.com\/index.php\/produit\/le-grand-voyage\/\" \/>\n<meta property=\"og:locale\" content=\"fr_FR\" \/>\n<meta property=\"og:type\" content=\"article\" \/>\n<meta property=\"og:title\" content=\"Le Grand Voyage - Croc Jeux\" \/>\n<meta property=\"og:description\" content=\"D\u00e8s la fin de l\u2019\u00e9t\u00e9, les oiseaux se pr\u00e9parent pour leur grande migration annuelle. Des millions d\u2019oiseaux de toutes tailles\" \/>\n<meta property=\"og:url\" content=\"https:\/\/crocjeux.com\/index.php\/produit\/le-grand-voyage\/\" \/>\n<meta property=\"og:site_name\" content=\"Croc Jeux\" \/>\n<meta property=\"article:modified_time\" content=\"2023-03-24T10:48:53+00:00\" \/>\n<meta property=\"og:image\" content=\"https:\/\/crocjeux.com\/wp-content\/uploads\/2023\/03\/JDPBTL001.png\" \/>\n\t<meta property=\"og:image:width\" content=\"1000\" \/>\n\t<meta property=\"og:image:height\" content=\"1000\" \/>\n\t<meta property=\"og:image:type\" content=\"image\/png\" \/>\n<meta name=\"twitter:card\" content=\"summary_large_image\" \/>\n<meta name=\"twitter:label1\" content=\"Dur\u00e9e de lecture estim\u00e9e\" \/>\n\t<meta name=\"twitter:data1\" content=\"1 minute\" \/>\n<script type=\"application\/ld+json\" class=\"yoast-schema-graph\">{\"@context\":\"https:\\\/\\\/schema.org\",\"@graph\":[{\"@type\":\"WebPage\",\"@id\":\"https:\\\/\\\/crocjeux.com\\\/index.php\\\/produit\\\/le-grand-voyage\\\/\",\"url\":\"https:\\\/\\\/crocjeux.com\\\/index.php\\\/produit\\\/le-grand-voyage\\\/\",\"name\":\"Le Grand Voyage - Croc Jeux\",\"isPartOf\":{\"@id\":\"https:\\\/\\\/crocjeux.com\\\/#website\"},\"primaryImageOfPage\":{\"@id\":\"https:\\\/\\\/crocjeux.com\\\/index.php\\\/produit\\\/le-grand-voyage\\\/#primaryimage\"},\"image\":{\"@id\":\"https:\\\/\\\/crocjeux.com\\\/index.php\\\/produit\\\/le-grand-voyage\\\/#primaryimage\"},\"thumbnailUrl\":\"https:\\\/\\\/crocjeux.com\\\/wp-content\\\/uploads\\\/2023\\\/03\\\/JDPBTL001.png\",\"datePublished\":\"2023-03-24T10:48:52+00:00\",\"dateModified\":\"2023-03-24T10:48:53+00:00\",\"breadcrumb\":{\"@id\":\"https:\\\/\\\/crocjeux.com\\\/index.php\\\/produit\\\/le-grand-voyage\\\/#breadcrumb\"},\"inLanguage\":\"fr-FR\",\"potentialAction\":[{\"@type\":\"ReadAction\",\"target\":[\"https:\\\/\\\/crocjeux.com\\\/index.php\\\/produit\\\/le-grand-voyage\\\/\"]}]},{\"@type\":\"ImageObject\",\"inLanguage\":\"fr-FR\",\"@id\":\"https:\\\/\\\/crocjeux.com\\\/index.php\\\/produit\\\/le-grand-voyage\\\/#primaryimage\",\"url\":\"https:\\\/\\\/crocjeux.com\\\/wp-content\\\/uploads\\\/2023\\\/03\\\/JDPBTL001.png\",\"contentUrl\":\"https:\\\/\\\/crocjeux.com\\\/wp-content\\\/uploads\\\/2023\\\/03\\\/JDPBTL001.png\",\"width\":1000,\"height\":1000},{\"@type\":\"BreadcrumbList\",\"@id\":\"https:\\\/\\\/crocjeux.com\\\/index.php\\\/produit\\\/le-grand-voyage\\\/#breadcrumb\",\"itemListElement\":[{\"@type\":\"ListItem\",\"position\":1,\"name\":\"Accueil\",\"item\":\"https:\\\/\\\/crocjeux.com\\\/\"},{\"@type\":\"ListItem\",\"position\":2,\"name\":\"Boutique\",\"item\":\"https:\\\/\\\/crocjeux.com\\\/\"},{\"@type\":\"ListItem\",\"position\":3,\"name\":\"Le Grand Voyage\"}]},{\"@type\":\"WebSite\",\"@id\":\"https:\\\/\\\/crocjeux.com\\\/#website\",\"url\":\"https:\\\/\\\/crocjeux.com\\\/\",\"name\":\"Croc Jeux\",\"description\":\"Bienvenue chez Croc Jeux!\",\"publisher\":{\"@id\":\"https:\\\/\\\/crocjeux.com\\\/#organization\"},\"potentialAction\":[{\"@type\":\"SearchAction\",\"target\":{\"@type\":\"EntryPoint\",\"urlTemplate\":\"https:\\\/\\\/crocjeux.com\\\/?s={search_term_string}\"},\"query-input\":{\"@type\":\"PropertyValueSpecification\",\"valueRequired\":true,\"valueName\":\"search_term_string\"}}],\"inLanguage\":\"fr-FR\"},{\"@type\":\"Organization\",\"@id\":\"https:\\\/\\\/crocjeux.com\\\/#organization\",\"name\":\"Croc Jeux\",\"url\":\"https:\\\/\\\/crocjeux.com\\\/\",\"logo\":{\"@type\":\"ImageObject\",\"inLanguage\":\"fr-FR\",\"@id\":\"https:\\\/\\\/crocjeux.com\\\/#\\\/schema\\\/logo\\\/image\\\/\",\"url\":\"https:\\\/\\\/crocjeux.com\\\/wp-content\\\/uploads\\\/2022\\\/01\\\/cropped-logo-croc-etape-1-e1644574034239.jpg\",\"contentUrl\":\"https:\\\/\\\/crocjeux.com\\\/wp-content\\\/uploads\\\/2022\\\/01\\\/cropped-logo-croc-etape-1-e1644574034239.jpg\",\"width\":1224,\"height\":314,\"caption\":\"Croc Jeux\"},\"image\":{\"@id\":\"https:\\\/\\\/crocjeux.com\\\/#\\\/schema\\\/logo\\\/image\\\/\"}}]}<\/script>\n<!-- \/ Yoast SEO plugin. -->","yoast_head_json":{"title":"Le Grand Voyage - Croc Jeux","robots":{"index":"index","follow":"follow","max-snippet":"max-snippet:-1","max-image-preview":"max-image-preview:large","max-video-preview":"max-video-preview:-1"},"canonical":"https:\/\/crocjeux.com\/index.php\/produit\/le-grand-voyage\/","og_locale":"fr_FR","og_type":"article","og_title":"Le Grand Voyage - Croc Jeux","og_description":"D\u00e8s la fin de l\u2019\u00e9t\u00e9, les oiseaux se pr\u00e9parent pour leur grande migration annuelle. Des millions d\u2019oiseaux de toutes tailles","og_url":"https:\/\/crocjeux.com\/index.php\/produit\/le-grand-voyage\/","og_site_name":"Croc Jeux","article_modified_time":"2023-03-24T10:48:53+00:00","og_image":[{"width":1000,"height":1000,"url":"https:\/\/crocjeux.com\/wp-content\/uploads\/2023\/03\/JDPBTL001.png","type":"image\/png"}],"twitter_card":"summary_large_image","twitter_misc":{"Dur\u00e9e de lecture estim\u00e9e":"1 minute"},"schema":{"@context":"https:\/\/schema.org","@graph":[{"@type":"WebPage","@id":"https:\/\/crocjeux.com\/index.php\/produit\/le-grand-voyage\/","url":"https:\/\/crocjeux.com\/index.php\/produit\/le-grand-voyage\/","name":"Le Grand Voyage - Croc Jeux","isPartOf":{"@id":"https:\/\/crocjeux.com\/#website"},"primaryImageOfPage":{"@id":"https:\/\/crocjeux.com\/index.php\/produit\/le-grand-voyage\/#primaryimage"},"image":{"@id":"https:\/\/crocjeux.com\/index.php\/produit\/le-grand-voyage\/#primaryimage"},"thumbnailUrl":"https:\/\/crocjeux.com\/wp-content\/uploads\/2023\/03\/JDPBTL001.png","datePublished":"2023-03-24T10:48:52+00:00","dateModified":"2023-03-24T10:48:53+00:00","breadcrumb":{"@id":"https:\/\/crocjeux.com\/index.php\/produit\/le-grand-voyage\/#breadcrumb"},"inLanguage":"fr-FR","potentialAction":[{"@type":"ReadAction","target":["https:\/\/crocjeux.com\/index.php\/produit\/le-grand-voyage\/"]}]},{"@type":"ImageObject","inLanguage":"fr-FR","@id":"https:\/\/crocjeux.com\/index.php\/produit\/le-grand-voyage\/#primaryimage","url":"https:\/\/crocjeux.com\/wp-content\/uploads\/2023\/03\/JDPBTL001.png","contentUrl":"https:\/\/crocjeux.com\/wp-content\/uploads\/2023\/03\/JDPBTL001.png","width":1000,"height":1000},{"@type":"BreadcrumbList","@id":"https:\/\/crocjeux.com\/index.php\/produit\/le-grand-voyage\/#breadcrumb","itemListElement":[{"@type":"ListItem","position":1,"name":"Accueil","item":"https:\/\/crocjeux.com\/"},{"@type":"ListItem","position":2,"name":"Boutique","item":"https:\/\/crocjeux.com\/"},{"@type":"ListItem","position":3,"name":"Le Grand Voyage"}]},{"@type":"WebSite","@id":"https:\/\/crocjeux.com\/#website","url":"https:\/\/crocjeux.com\/","name":"Croc Jeux","description":"Bienvenue chez Croc Jeux!","publisher":{"@id":"https:\/\/crocjeux.com\/#organization"},"potentialAction":[{"@type":"SearchAction","target":{"@type":"EntryPoint","urlTemplate":"https:\/\/crocjeux.com\/?s={search_term_string}"},"query-input":{"@type":"PropertyValueSpecification","valueRequired":true,"valueName":"search_term_string"}}],"inLanguage":"fr-FR"},{"@type":"Organization","@id":"https:\/\/crocjeux.com\/#organization","name":"Croc Jeux","url":"https:\/\/crocjeux.com\/","logo":{"@type":"ImageObject","inLanguage":"fr-FR","@id":"https:\/\/crocjeux.com\/#\/schema\/logo\/image\/","url":"https:\/\/crocjeux.com\/wp-content\/uploads\/2022\/01\/cropped-logo-croc-etape-1-e1644574034239.jpg","contentUrl":"https:\/\/crocjeux.com\/wp-content\/uploads\/2022\/01\/cropped-logo-croc-etape-1-e1644574034239.jpg","width":1224,"height":314,"caption":"Croc Jeux"},"image":{"@id":"https:\/\/crocjeux.com\/#\/schema\/logo\/image\/"}}]}},"_links":{"self":[{"href":"https:\/\/crocjeux.com\/index.php\/wp-json\/wp\/v2\/product\/5170","targetHints":{"allow":["GET"]}}],"collection":[{"href":"https:\/\/crocjeux.com\/index.php\/wp-json\/wp\/v2\/product"}],"about":[{"href":"https:\/\/crocjeux.com\/index.php\/wp-json\/wp\/v2\/types\/product"}],"replies":[{"embeddable":true,"href":"https:\/\/crocjeux.com\/index.php\/wp-json\/wp\/v2\/comments?post=5170"}],"wp:featuredmedia":[{"embeddable":true,"href":"https:\/\/crocjeux.com\/index.php\/wp-json\/wp\/v2\/media\/5171"}],"wp:attachment":[{"href":"https:\/\/crocjeux.com\/index.php\/wp-json\/wp\/v2\/media?parent=5170"}],"wp:term":[{"taxonomy":"product_brand","embeddable":true,"href":"https:\/\/crocjeux.com\/index.php\/wp-json\/wp\/v2\/product_brand?post=5170"},{"taxonomy":"product_cat","embeddable":true,"href":"https:\/\/crocjeux.com\/index.php\/wp-json\/wp\/v2\/product_cat?post=5170"},{"taxonomy":"product_tag","embeddable":true,"href":"https:\/\/crocjeux.com\/index.php\/wp-json\/wp\/v2\/product_tag?post=5170"}],"curies":[{"name":"wp","href":"https:\/\/api.w.org\/{rel}","templated":true}]}}