{"id":5172,"date":"2023-03-24T11:51:40","date_gmt":"2023-03-24T10:51:40","guid":{"rendered":"https:\/\/crocjeux.com\/?post_type=product&#038;p=5172"},"modified":"2024-04-05T22:09:46","modified_gmt":"2024-04-05T21:09:46","slug":"pagan","status":"publish","type":"product","link":"https:\/\/crocjeux.com\/index.php\/produit\/pagan\/","title":{"rendered":"Pagan"},"content":{"rendered":"<p><b>Pagan : le destin de Roanoke de Kasper Kj\u00e6r Christiansen et K\u00e5re Werner Storgaard est un jeu de d\u00e9duction pour 2 joueurs qui se d\u00e9roule dans l\u2019Am\u00e9rique coloniale du XVIe si\u00e8cle. Une sorci\u00e8re et un chasseur de sorci\u00e8res s\u2019affrontent dans ce jeu de cartes asym\u00e9trique : la premi\u00e8re cherche \u00e0 compl\u00e9ter un puissant rituel, tandis que son adversaire m\u00e8ne l\u2019enqu\u00eate pour savoir sous quelle identit\u00e9 elle se cache. Chaque joueur dispose d\u2019une pioche de 50 cartes et de nombreuses ressources pour l\u2019emporter. Dans cette lutte sans merci, il sera n\u00e9cessaire de faire preuve de strat\u00e9gie pour survivre. D\u00e9couvrez l\u2019\u00eele de la colonie perdue de Roanoke s\u2019animer sous les pinceaux de Maren Gutt, qui apportent un ton unique \u00e0 ce duel \u00e9pique.<\/b><\/p>\n","protected":false},"excerpt":{"rendered":"<p><b>Une sorci\u00e8re et un chasseur de sorci\u00e8res s\u2019affrontent dans ce jeu de cartes asym\u00e9trique : la premi\u00e8re cherche \u00e0 compl\u00e9ter un puissant rituel, tandis que son adversaire m\u00e8ne l\u2019enqu\u00eate pour savoir sous quelle identit\u00e9 elle se cache.<\/b><\/p>\n","protected":false},"featured_media":5173,"comment_status":"open","ping_status":"closed","template":"","meta":{"colormag_page_container_layout":"default_layout","colormag_page_sidebar_layout":"default_layout"},"product_brand":[],"product_cat":[18,38,29],"product_tag":[],"class_list":{"0":"post-5172","1":"product","2":"type-product","3":"status-publish","4":"has-post-thumbnail","6":"product_cat-jeux-de-strategie","7":"product_cat-jeux-experts","8":"product_cat-jeux-2-joueurs","10":"first","11":"instock","12":"taxable","13":"shipping-taxable","14":"purchasable","15":"product-type-simple"},"yoast_head":"<!-- This site is optimized with the Yoast SEO plugin v27.1.1 - https:\/\/yoast.com\/product\/yoast-seo-wordpress\/ -->\n<title>Pagan - Croc Jeux<\/title>\n<meta name=\"description\" content=\"Une sorci\u00e8re et un chasseur de sorci\u00e8res s\u2019affrontent dans ce jeu de cartes asym\u00e9trique : la premi\u00e8re cherche \u00e0 compl\u00e9ter un puissant rituel, tandis que son adversaire m\u00e8ne l\u2019enqu\u00eate pour savoir sous quelle identit\u00e9 elle se cache.\" \/>\n<meta name=\"robots\" content=\"index, follow, max-snippet:-1, max-image-preview:large, max-video-preview:-1\" \/>\n<link rel=\"canonical\" href=\"https:\/\/crocjeux.com\/index.php\/produit\/pagan\/\" \/>\n<meta property=\"og:locale\" content=\"fr_FR\" \/>\n<meta property=\"og:type\" content=\"article\" \/>\n<meta property=\"og:title\" content=\"Pagan - Croc Jeux\" \/>\n<meta property=\"og:description\" content=\"Une sorci\u00e8re et un chasseur de sorci\u00e8res s\u2019affrontent dans ce jeu de cartes asym\u00e9trique : la premi\u00e8re cherche \u00e0 compl\u00e9ter un puissant rituel, tandis que son adversaire m\u00e8ne l\u2019enqu\u00eate pour savoir sous quelle identit\u00e9 elle se cache.\" \/>\n<meta property=\"og:url\" content=\"https:\/\/crocjeux.com\/index.php\/produit\/pagan\/\" \/>\n<meta property=\"og:site_name\" content=\"Croc Jeux\" \/>\n<meta property=\"article:modified_time\" content=\"2024-04-05T21:09:46+00:00\" \/>\n<meta property=\"og:image\" content=\"https:\/\/crocjeux.com\/wp-content\/uploads\/2023\/03\/JDPSMP080.png\" \/>\n\t<meta property=\"og:image:width\" content=\"1000\" \/>\n\t<meta property=\"og:image:height\" content=\"1000\" \/>\n\t<meta property=\"og:image:type\" content=\"image\/png\" \/>\n<meta name=\"twitter:card\" content=\"summary_large_image\" \/>\n<meta name=\"twitter:label1\" content=\"Dur\u00e9e de lecture estim\u00e9e\" \/>\n\t<meta name=\"twitter:data1\" content=\"1 minute\" \/>\n<script type=\"application\/ld+json\" class=\"yoast-schema-graph\">{\"@context\":\"https:\/\/schema.org\",\"@graph\":[{\"@type\":\"WebPage\",\"@id\":\"https:\/\/crocjeux.com\/index.php\/produit\/pagan\/\",\"url\":\"https:\/\/crocjeux.com\/index.php\/produit\/pagan\/\",\"name\":\"Pagan - Croc Jeux\",\"isPartOf\":{\"@id\":\"https:\/\/crocjeux.com\/#website\"},\"primaryImageOfPage\":{\"@id\":\"https:\/\/crocjeux.com\/index.php\/produit\/pagan\/#primaryimage\"},\"image\":{\"@id\":\"https:\/\/crocjeux.com\/index.php\/produit\/pagan\/#primaryimage\"},\"thumbnailUrl\":\"https:\/\/crocjeux.com\/wp-content\/uploads\/2023\/03\/JDPSMP080.png\",\"datePublished\":\"2023-03-24T10:51:40+00:00\",\"dateModified\":\"2024-04-05T21:09:46+00:00\",\"description\":\"Une sorci\u00e8re et un chasseur de sorci\u00e8res s\u2019affrontent dans ce jeu de cartes asym\u00e9trique : la premi\u00e8re cherche \u00e0 compl\u00e9ter un puissant rituel, tandis que son adversaire m\u00e8ne l\u2019enqu\u00eate pour savoir sous quelle identit\u00e9 elle se cache.\",\"breadcrumb\":{\"@id\":\"https:\/\/crocjeux.com\/index.php\/produit\/pagan\/#breadcrumb\"},\"inLanguage\":\"fr-FR\",\"potentialAction\":[{\"@type\":\"ReadAction\",\"target\":[\"https:\/\/crocjeux.com\/index.php\/produit\/pagan\/\"]}]},{\"@type\":\"ImageObject\",\"inLanguage\":\"fr-FR\",\"@id\":\"https:\/\/crocjeux.com\/index.php\/produit\/pagan\/#primaryimage\",\"url\":\"https:\/\/crocjeux.com\/wp-content\/uploads\/2023\/03\/JDPSMP080.png\",\"contentUrl\":\"https:\/\/crocjeux.com\/wp-content\/uploads\/2023\/03\/JDPSMP080.png\",\"width\":1000,\"height\":1000},{\"@type\":\"BreadcrumbList\",\"@id\":\"https:\/\/crocjeux.com\/index.php\/produit\/pagan\/#breadcrumb\",\"itemListElement\":[{\"@type\":\"ListItem\",\"position\":1,\"name\":\"Accueil\",\"item\":\"https:\/\/crocjeux.com\/\"},{\"@type\":\"ListItem\",\"position\":2,\"name\":\"Boutique\",\"item\":\"https:\/\/crocjeux.com\/\"},{\"@type\":\"ListItem\",\"position\":3,\"name\":\"Pagan\"}]},{\"@type\":\"WebSite\",\"@id\":\"https:\/\/crocjeux.com\/#website\",\"url\":\"https:\/\/crocjeux.com\/\",\"name\":\"Croc Jeux\",\"description\":\"Bienvenue chez Croc Jeux!\",\"publisher\":{\"@id\":\"https:\/\/crocjeux.com\/#organization\"},\"potentialAction\":[{\"@type\":\"SearchAction\",\"target\":{\"@type\":\"EntryPoint\",\"urlTemplate\":\"https:\/\/crocjeux.com\/?s={search_term_string}\"},\"query-input\":{\"@type\":\"PropertyValueSpecification\",\"valueRequired\":true,\"valueName\":\"search_term_string\"}}],\"inLanguage\":\"fr-FR\"},{\"@type\":\"Organization\",\"@id\":\"https:\/\/crocjeux.com\/#organization\",\"name\":\"Croc Jeux\",\"url\":\"https:\/\/crocjeux.com\/\",\"logo\":{\"@type\":\"ImageObject\",\"inLanguage\":\"fr-FR\",\"@id\":\"https:\/\/crocjeux.com\/#\/schema\/logo\/image\/\",\"url\":\"https:\/\/crocjeux.com\/wp-content\/uploads\/2022\/01\/cropped-logo-croc-etape-1-e1644574034239.jpg\",\"contentUrl\":\"https:\/\/crocjeux.com\/wp-content\/uploads\/2022\/01\/cropped-logo-croc-etape-1-e1644574034239.jpg\",\"width\":1224,\"height\":314,\"caption\":\"Croc Jeux\"},\"image\":{\"@id\":\"https:\/\/crocjeux.com\/#\/schema\/logo\/image\/\"}}]}<\/script>\n<!-- \/ Yoast SEO plugin. -->","yoast_head_json":{"title":"Pagan - Croc Jeux","description":"Une sorci\u00e8re et un chasseur de sorci\u00e8res s\u2019affrontent dans ce jeu de cartes asym\u00e9trique : la premi\u00e8re cherche \u00e0 compl\u00e9ter un puissant rituel, tandis que son adversaire m\u00e8ne l\u2019enqu\u00eate pour savoir sous quelle identit\u00e9 elle se cache.","robots":{"index":"index","follow":"follow","max-snippet":"max-snippet:-1","max-image-preview":"max-image-preview:large","max-video-preview":"max-video-preview:-1"},"canonical":"https:\/\/crocjeux.com\/index.php\/produit\/pagan\/","og_locale":"fr_FR","og_type":"article","og_title":"Pagan - Croc Jeux","og_description":"Une sorci\u00e8re et un chasseur de sorci\u00e8res s\u2019affrontent dans ce jeu de cartes asym\u00e9trique : la premi\u00e8re cherche \u00e0 compl\u00e9ter un puissant rituel, tandis que son adversaire m\u00e8ne l\u2019enqu\u00eate pour savoir sous quelle identit\u00e9 elle se cache.","og_url":"https:\/\/crocjeux.com\/index.php\/produit\/pagan\/","og_site_name":"Croc Jeux","article_modified_time":"2024-04-05T21:09:46+00:00","og_image":[{"width":1000,"height":1000,"url":"https:\/\/crocjeux.com\/wp-content\/uploads\/2023\/03\/JDPSMP080.png","type":"image\/png"}],"twitter_card":"summary_large_image","twitter_misc":{"Dur\u00e9e de lecture estim\u00e9e":"1 minute"},"schema":{"@context":"https:\/\/schema.org","@graph":[{"@type":"WebPage","@id":"https:\/\/crocjeux.com\/index.php\/produit\/pagan\/","url":"https:\/\/crocjeux.com\/index.php\/produit\/pagan\/","name":"Pagan - Croc Jeux","isPartOf":{"@id":"https:\/\/crocjeux.com\/#website"},"primaryImageOfPage":{"@id":"https:\/\/crocjeux.com\/index.php\/produit\/pagan\/#primaryimage"},"image":{"@id":"https:\/\/crocjeux.com\/index.php\/produit\/pagan\/#primaryimage"},"thumbnailUrl":"https:\/\/crocjeux.com\/wp-content\/uploads\/2023\/03\/JDPSMP080.png","datePublished":"2023-03-24T10:51:40+00:00","dateModified":"2024-04-05T21:09:46+00:00","description":"Une sorci\u00e8re et un chasseur de sorci\u00e8res s\u2019affrontent dans ce jeu de cartes asym\u00e9trique : la premi\u00e8re cherche \u00e0 compl\u00e9ter un puissant rituel, tandis que son adversaire m\u00e8ne l\u2019enqu\u00eate pour savoir sous quelle identit\u00e9 elle se cache.","breadcrumb":{"@id":"https:\/\/crocjeux.com\/index.php\/produit\/pagan\/#breadcrumb"},"inLanguage":"fr-FR","potentialAction":[{"@type":"ReadAction","target":["https:\/\/crocjeux.com\/index.php\/produit\/pagan\/"]}]},{"@type":"ImageObject","inLanguage":"fr-FR","@id":"https:\/\/crocjeux.com\/index.php\/produit\/pagan\/#primaryimage","url":"https:\/\/crocjeux.com\/wp-content\/uploads\/2023\/03\/JDPSMP080.png","contentUrl":"https:\/\/crocjeux.com\/wp-content\/uploads\/2023\/03\/JDPSMP080.png","width":1000,"height":1000},{"@type":"BreadcrumbList","@id":"https:\/\/crocjeux.com\/index.php\/produit\/pagan\/#breadcrumb","itemListElement":[{"@type":"ListItem","position":1,"name":"Accueil","item":"https:\/\/crocjeux.com\/"},{"@type":"ListItem","position":2,"name":"Boutique","item":"https:\/\/crocjeux.com\/"},{"@type":"ListItem","position":3,"name":"Pagan"}]},{"@type":"WebSite","@id":"https:\/\/crocjeux.com\/#website","url":"https:\/\/crocjeux.com\/","name":"Croc Jeux","description":"Bienvenue chez Croc Jeux!","publisher":{"@id":"https:\/\/crocjeux.com\/#organization"},"potentialAction":[{"@type":"SearchAction","target":{"@type":"EntryPoint","urlTemplate":"https:\/\/crocjeux.com\/?s={search_term_string}"},"query-input":{"@type":"PropertyValueSpecification","valueRequired":true,"valueName":"search_term_string"}}],"inLanguage":"fr-FR"},{"@type":"Organization","@id":"https:\/\/crocjeux.com\/#organization","name":"Croc Jeux","url":"https:\/\/crocjeux.com\/","logo":{"@type":"ImageObject","inLanguage":"fr-FR","@id":"https:\/\/crocjeux.com\/#\/schema\/logo\/image\/","url":"https:\/\/crocjeux.com\/wp-content\/uploads\/2022\/01\/cropped-logo-croc-etape-1-e1644574034239.jpg","contentUrl":"https:\/\/crocjeux.com\/wp-content\/uploads\/2022\/01\/cropped-logo-croc-etape-1-e1644574034239.jpg","width":1224,"height":314,"caption":"Croc Jeux"},"image":{"@id":"https:\/\/crocjeux.com\/#\/schema\/logo\/image\/"}}]}},"_links":{"self":[{"href":"https:\/\/crocjeux.com\/index.php\/wp-json\/wp\/v2\/product\/5172","targetHints":{"allow":["GET"]}}],"collection":[{"href":"https:\/\/crocjeux.com\/index.php\/wp-json\/wp\/v2\/product"}],"about":[{"href":"https:\/\/crocjeux.com\/index.php\/wp-json\/wp\/v2\/types\/product"}],"replies":[{"embeddable":true,"href":"https:\/\/crocjeux.com\/index.php\/wp-json\/wp\/v2\/comments?post=5172"}],"wp:featuredmedia":[{"embeddable":true,"href":"https:\/\/crocjeux.com\/index.php\/wp-json\/wp\/v2\/media\/5173"}],"wp:attachment":[{"href":"https:\/\/crocjeux.com\/index.php\/wp-json\/wp\/v2\/media?parent=5172"}],"wp:term":[{"taxonomy":"product_brand","embeddable":true,"href":"https:\/\/crocjeux.com\/index.php\/wp-json\/wp\/v2\/product_brand?post=5172"},{"taxonomy":"product_cat","embeddable":true,"href":"https:\/\/crocjeux.com\/index.php\/wp-json\/wp\/v2\/product_cat?post=5172"},{"taxonomy":"product_tag","embeddable":true,"href":"https:\/\/crocjeux.com\/index.php\/wp-json\/wp\/v2\/product_tag?post=5172"}],"curies":[{"name":"wp","href":"https:\/\/api.w.org\/{rel}","templated":true}]}}