{"id":5186,"date":"2023-03-24T16:21:50","date_gmt":"2023-03-24T15:21:50","guid":{"rendered":"https:\/\/crocjeux.com\/?post_type=product&#038;p=5186"},"modified":"2023-03-24T16:48:16","modified_gmt":"2023-03-24T15:48:16","slug":"warhammer-fantasy-roleplay-middenheim","status":"publish","type":"product","link":"https:\/\/crocjeux.com\/index.php\/produit\/warhammer-fantasy-roleplay-middenheim\/","title":{"rendered":"Warhammer Fantasy Roleplay &#8211; Middenheim"},"content":{"rendered":"<p>Middenheim : la Cit\u00e9 du Loup Blanc entra\u00eene les joueurs loin de la famili\u00e8re Grande Province du Reikland, et les d\u00e9pose au centre de l\u2019influence et du pouvoir ulricain du Vieux Monde. Middenheim se trouve au c\u0153ur de l\u2019expansion septentrionale de l\u2019Empire, et constitue un d\u00e9cor parfait pour des aventures p\u00e9rilleuses et illimit\u00e9es ! Chaque quartier de cette cit\u00e9 immense est soigneusement d\u00e9taill\u00e9, avec ses \u00e9tablissements, ses accroches d\u2019aventures, et une foule de PNJ. Une carte magnifiquement illustr\u00e9e est fournie en version joueur ou MJ, offrant un merveilleux aper\u00e7u de la ville.<br \/>\nMiddenheim : la Cit\u00e9 du Loup Blanc propose aussi le meilleur de ce qui a d\u00e9j\u00e0 \u00e9t\u00e9 \u00e9crit sur la cit\u00e9 d\u2019Ulric, et y ajoute de nouvelles cr\u00e9atures, des PNJ in\u00e9dits, des \u00e9tablissements et lieux originaux, ainsi que des r\u00e8gles additionnelles pour les groupes d\u00e9sireux de s\u2019aventurer dans Middenheim et ses alentours.<\/p>\n","protected":false},"excerpt":{"rendered":"<div class=\"mt-2 grid\">\n<div class=\"p-element cursor-pointer col-6 text-center ng-star-inserted\"><\/div>\n<\/div>\n<p>Vivre des aventures palpitantes avec ses amis dans un univers m\u00e9di\u00e9val fantastique sombre et impitoyable.<\/p>\n","protected":false},"featured_media":5187,"comment_status":"open","ping_status":"closed","template":"","meta":{"colormag_page_container_layout":"default_layout","colormag_page_sidebar_layout":"default_layout"},"product_brand":[],"product_cat":[35],"product_tag":[],"class_list":{"0":"post-5186","1":"product","2":"type-product","3":"status-publish","4":"has-post-thumbnail","6":"product_cat-jeux-jdr","8":"first","9":"instock","10":"taxable","11":"shipping-taxable","12":"purchasable","13":"product-type-simple"},"yoast_head":"<!-- This site is optimized with the Yoast SEO plugin v27.4 - https:\/\/yoast.com\/product\/yoast-seo-wordpress\/ -->\n<title>Warhammer Fantasy Roleplay - Middenheim - Croc Jeux<\/title>\n<meta name=\"robots\" content=\"index, follow, max-snippet:-1, max-image-preview:large, max-video-preview:-1\" \/>\n<link rel=\"canonical\" href=\"https:\/\/crocjeux.com\/index.php\/produit\/warhammer-fantasy-roleplay-middenheim\/\" \/>\n<meta property=\"og:locale\" content=\"fr_FR\" \/>\n<meta property=\"og:type\" content=\"article\" \/>\n<meta property=\"og:title\" content=\"Warhammer Fantasy Roleplay - Middenheim - Croc Jeux\" \/>\n<meta property=\"og:description\" content=\"Vivre des aventures palpitantes avec ses amis dans un univers m\u00e9di\u00e9val fantastique sombre et impitoyable.\" \/>\n<meta property=\"og:url\" content=\"https:\/\/crocjeux.com\/index.php\/produit\/warhammer-fantasy-roleplay-middenheim\/\" \/>\n<meta property=\"og:site_name\" content=\"Croc Jeux\" \/>\n<meta property=\"article:modified_time\" content=\"2023-03-24T15:48:16+00:00\" \/>\n<meta property=\"og:image\" content=\"https:\/\/crocjeux.com\/wp-content\/uploads\/2023\/03\/thumbd-1.jpg\" \/>\n\t<meta property=\"og:image:width\" content=\"532\" \/>\n\t<meta property=\"og:image:height\" content=\"768\" \/>\n\t<meta property=\"og:image:type\" content=\"image\/jpeg\" \/>\n<meta name=\"twitter:card\" content=\"summary_large_image\" \/>\n<meta name=\"twitter:label1\" content=\"Dur\u00e9e de lecture estim\u00e9e\" \/>\n\t<meta name=\"twitter:data1\" content=\"1 minute\" \/>\n<script type=\"application\/ld+json\" class=\"yoast-schema-graph\">{\"@context\":\"https:\\\/\\\/schema.org\",\"@graph\":[{\"@type\":\"WebPage\",\"@id\":\"https:\\\/\\\/crocjeux.com\\\/index.php\\\/produit\\\/warhammer-fantasy-roleplay-middenheim\\\/\",\"url\":\"https:\\\/\\\/crocjeux.com\\\/index.php\\\/produit\\\/warhammer-fantasy-roleplay-middenheim\\\/\",\"name\":\"Warhammer Fantasy Roleplay - Middenheim - Croc Jeux\",\"isPartOf\":{\"@id\":\"https:\\\/\\\/crocjeux.com\\\/#website\"},\"primaryImageOfPage\":{\"@id\":\"https:\\\/\\\/crocjeux.com\\\/index.php\\\/produit\\\/warhammer-fantasy-roleplay-middenheim\\\/#primaryimage\"},\"image\":{\"@id\":\"https:\\\/\\\/crocjeux.com\\\/index.php\\\/produit\\\/warhammer-fantasy-roleplay-middenheim\\\/#primaryimage\"},\"thumbnailUrl\":\"https:\\\/\\\/crocjeux.com\\\/wp-content\\\/uploads\\\/2023\\\/03\\\/thumbd-1.jpg\",\"datePublished\":\"2023-03-24T15:21:50+00:00\",\"dateModified\":\"2023-03-24T15:48:16+00:00\",\"breadcrumb\":{\"@id\":\"https:\\\/\\\/crocjeux.com\\\/index.php\\\/produit\\\/warhammer-fantasy-roleplay-middenheim\\\/#breadcrumb\"},\"inLanguage\":\"fr-FR\",\"potentialAction\":[{\"@type\":\"ReadAction\",\"target\":[\"https:\\\/\\\/crocjeux.com\\\/index.php\\\/produit\\\/warhammer-fantasy-roleplay-middenheim\\\/\"]}]},{\"@type\":\"ImageObject\",\"inLanguage\":\"fr-FR\",\"@id\":\"https:\\\/\\\/crocjeux.com\\\/index.php\\\/produit\\\/warhammer-fantasy-roleplay-middenheim\\\/#primaryimage\",\"url\":\"https:\\\/\\\/crocjeux.com\\\/wp-content\\\/uploads\\\/2023\\\/03\\\/thumbd-1.jpg\",\"contentUrl\":\"https:\\\/\\\/crocjeux.com\\\/wp-content\\\/uploads\\\/2023\\\/03\\\/thumbd-1.jpg\",\"width\":532,\"height\":768},{\"@type\":\"BreadcrumbList\",\"@id\":\"https:\\\/\\\/crocjeux.com\\\/index.php\\\/produit\\\/warhammer-fantasy-roleplay-middenheim\\\/#breadcrumb\",\"itemListElement\":[{\"@type\":\"ListItem\",\"position\":1,\"name\":\"Accueil\",\"item\":\"https:\\\/\\\/crocjeux.com\\\/\"},{\"@type\":\"ListItem\",\"position\":2,\"name\":\"Boutique\",\"item\":\"https:\\\/\\\/crocjeux.com\\\/\"},{\"@type\":\"ListItem\",\"position\":3,\"name\":\"Warhammer Fantasy Roleplay &#8211; Middenheim\"}]},{\"@type\":\"WebSite\",\"@id\":\"https:\\\/\\\/crocjeux.com\\\/#website\",\"url\":\"https:\\\/\\\/crocjeux.com\\\/\",\"name\":\"Croc Jeux\",\"description\":\"Bienvenue chez Croc Jeux!\",\"publisher\":{\"@id\":\"https:\\\/\\\/crocjeux.com\\\/#organization\"},\"potentialAction\":[{\"@type\":\"SearchAction\",\"target\":{\"@type\":\"EntryPoint\",\"urlTemplate\":\"https:\\\/\\\/crocjeux.com\\\/?s={search_term_string}\"},\"query-input\":{\"@type\":\"PropertyValueSpecification\",\"valueRequired\":true,\"valueName\":\"search_term_string\"}}],\"inLanguage\":\"fr-FR\"},{\"@type\":\"Organization\",\"@id\":\"https:\\\/\\\/crocjeux.com\\\/#organization\",\"name\":\"Croc Jeux\",\"url\":\"https:\\\/\\\/crocjeux.com\\\/\",\"logo\":{\"@type\":\"ImageObject\",\"inLanguage\":\"fr-FR\",\"@id\":\"https:\\\/\\\/crocjeux.com\\\/#\\\/schema\\\/logo\\\/image\\\/\",\"url\":\"https:\\\/\\\/crocjeux.com\\\/wp-content\\\/uploads\\\/2022\\\/01\\\/cropped-logo-croc-etape-1-e1644574034239.jpg\",\"contentUrl\":\"https:\\\/\\\/crocjeux.com\\\/wp-content\\\/uploads\\\/2022\\\/01\\\/cropped-logo-croc-etape-1-e1644574034239.jpg\",\"width\":1224,\"height\":314,\"caption\":\"Croc Jeux\"},\"image\":{\"@id\":\"https:\\\/\\\/crocjeux.com\\\/#\\\/schema\\\/logo\\\/image\\\/\"}}]}<\/script>\n<!-- \/ Yoast SEO plugin. -->","yoast_head_json":{"title":"Warhammer Fantasy Roleplay - Middenheim - Croc Jeux","robots":{"index":"index","follow":"follow","max-snippet":"max-snippet:-1","max-image-preview":"max-image-preview:large","max-video-preview":"max-video-preview:-1"},"canonical":"https:\/\/crocjeux.com\/index.php\/produit\/warhammer-fantasy-roleplay-middenheim\/","og_locale":"fr_FR","og_type":"article","og_title":"Warhammer Fantasy Roleplay - Middenheim - Croc Jeux","og_description":"Vivre des aventures palpitantes avec ses amis dans un univers m\u00e9di\u00e9val fantastique sombre et impitoyable.","og_url":"https:\/\/crocjeux.com\/index.php\/produit\/warhammer-fantasy-roleplay-middenheim\/","og_site_name":"Croc Jeux","article_modified_time":"2023-03-24T15:48:16+00:00","og_image":[{"width":532,"height":768,"url":"https:\/\/crocjeux.com\/wp-content\/uploads\/2023\/03\/thumbd-1.jpg","type":"image\/jpeg"}],"twitter_card":"summary_large_image","twitter_misc":{"Dur\u00e9e de lecture estim\u00e9e":"1 minute"},"schema":{"@context":"https:\/\/schema.org","@graph":[{"@type":"WebPage","@id":"https:\/\/crocjeux.com\/index.php\/produit\/warhammer-fantasy-roleplay-middenheim\/","url":"https:\/\/crocjeux.com\/index.php\/produit\/warhammer-fantasy-roleplay-middenheim\/","name":"Warhammer Fantasy Roleplay - Middenheim - Croc Jeux","isPartOf":{"@id":"https:\/\/crocjeux.com\/#website"},"primaryImageOfPage":{"@id":"https:\/\/crocjeux.com\/index.php\/produit\/warhammer-fantasy-roleplay-middenheim\/#primaryimage"},"image":{"@id":"https:\/\/crocjeux.com\/index.php\/produit\/warhammer-fantasy-roleplay-middenheim\/#primaryimage"},"thumbnailUrl":"https:\/\/crocjeux.com\/wp-content\/uploads\/2023\/03\/thumbd-1.jpg","datePublished":"2023-03-24T15:21:50+00:00","dateModified":"2023-03-24T15:48:16+00:00","breadcrumb":{"@id":"https:\/\/crocjeux.com\/index.php\/produit\/warhammer-fantasy-roleplay-middenheim\/#breadcrumb"},"inLanguage":"fr-FR","potentialAction":[{"@type":"ReadAction","target":["https:\/\/crocjeux.com\/index.php\/produit\/warhammer-fantasy-roleplay-middenheim\/"]}]},{"@type":"ImageObject","inLanguage":"fr-FR","@id":"https:\/\/crocjeux.com\/index.php\/produit\/warhammer-fantasy-roleplay-middenheim\/#primaryimage","url":"https:\/\/crocjeux.com\/wp-content\/uploads\/2023\/03\/thumbd-1.jpg","contentUrl":"https:\/\/crocjeux.com\/wp-content\/uploads\/2023\/03\/thumbd-1.jpg","width":532,"height":768},{"@type":"BreadcrumbList","@id":"https:\/\/crocjeux.com\/index.php\/produit\/warhammer-fantasy-roleplay-middenheim\/#breadcrumb","itemListElement":[{"@type":"ListItem","position":1,"name":"Accueil","item":"https:\/\/crocjeux.com\/"},{"@type":"ListItem","position":2,"name":"Boutique","item":"https:\/\/crocjeux.com\/"},{"@type":"ListItem","position":3,"name":"Warhammer Fantasy Roleplay &#8211; Middenheim"}]},{"@type":"WebSite","@id":"https:\/\/crocjeux.com\/#website","url":"https:\/\/crocjeux.com\/","name":"Croc Jeux","description":"Bienvenue chez Croc Jeux!","publisher":{"@id":"https:\/\/crocjeux.com\/#organization"},"potentialAction":[{"@type":"SearchAction","target":{"@type":"EntryPoint","urlTemplate":"https:\/\/crocjeux.com\/?s={search_term_string}"},"query-input":{"@type":"PropertyValueSpecification","valueRequired":true,"valueName":"search_term_string"}}],"inLanguage":"fr-FR"},{"@type":"Organization","@id":"https:\/\/crocjeux.com\/#organization","name":"Croc Jeux","url":"https:\/\/crocjeux.com\/","logo":{"@type":"ImageObject","inLanguage":"fr-FR","@id":"https:\/\/crocjeux.com\/#\/schema\/logo\/image\/","url":"https:\/\/crocjeux.com\/wp-content\/uploads\/2022\/01\/cropped-logo-croc-etape-1-e1644574034239.jpg","contentUrl":"https:\/\/crocjeux.com\/wp-content\/uploads\/2022\/01\/cropped-logo-croc-etape-1-e1644574034239.jpg","width":1224,"height":314,"caption":"Croc Jeux"},"image":{"@id":"https:\/\/crocjeux.com\/#\/schema\/logo\/image\/"}}]}},"_links":{"self":[{"href":"https:\/\/crocjeux.com\/index.php\/wp-json\/wp\/v2\/product\/5186","targetHints":{"allow":["GET"]}}],"collection":[{"href":"https:\/\/crocjeux.com\/index.php\/wp-json\/wp\/v2\/product"}],"about":[{"href":"https:\/\/crocjeux.com\/index.php\/wp-json\/wp\/v2\/types\/product"}],"replies":[{"embeddable":true,"href":"https:\/\/crocjeux.com\/index.php\/wp-json\/wp\/v2\/comments?post=5186"}],"wp:featuredmedia":[{"embeddable":true,"href":"https:\/\/crocjeux.com\/index.php\/wp-json\/wp\/v2\/media\/5187"}],"wp:attachment":[{"href":"https:\/\/crocjeux.com\/index.php\/wp-json\/wp\/v2\/media?parent=5186"}],"wp:term":[{"taxonomy":"product_brand","embeddable":true,"href":"https:\/\/crocjeux.com\/index.php\/wp-json\/wp\/v2\/product_brand?post=5186"},{"taxonomy":"product_cat","embeddable":true,"href":"https:\/\/crocjeux.com\/index.php\/wp-json\/wp\/v2\/product_cat?post=5186"},{"taxonomy":"product_tag","embeddable":true,"href":"https:\/\/crocjeux.com\/index.php\/wp-json\/wp\/v2\/product_tag?post=5186"}],"curies":[{"name":"wp","href":"https:\/\/api.w.org\/{rel}","templated":true}]}}