{"id":5239,"date":"2023-04-27T13:27:41","date_gmt":"2023-04-27T12:27:41","guid":{"rendered":"https:\/\/crocjeux.com\/?post_type=product&#038;p=5239"},"modified":"2024-01-12T22:28:28","modified_gmt":"2024-01-12T21:28:28","slug":"earth","status":"publish","type":"product","link":"https:\/\/crocjeux.com\/index.php\/produit\/earth\/","title":{"rendered":"Earth"},"content":{"rendered":"<section id=\"tab-description\" class=\"page-product-box r-tabs-panel r-tabs-state-active\">\n<div class=\"rte\">\n<div>Plongez dans l\u2019univers de Earth, le jeu de soci\u00e9t\u00e9 qui apporte la beaut\u00e9 du monde \u00e0 votre table ! Cr\u00e9ez des \u00e9cosyst\u00e8mes autosuffisants en choisissant judicieusement les cartes qui composeront votre \u00eele parmi plus de 358 cartes uniques et placez-les strat\u00e9giquement afin de cr\u00e9er un environnement prosp\u00e8re. D\u00e9couvrez de nouvelles synergies et connexions \u00e0 chaque partie, et exp\u00e9rimentez la diversit\u00e9 de la nature !<\/div>\n<div><\/div>\n<div>Dans ce jeu de construction de moteur, cr\u00e9ez votre \u00eele, un tableau de 16 cartes, que vos actions enrichiront de mani\u00e8re \u00e0 la rendre toujours plus autonome. Lorsque le joueur actif choisit un b\u00e9n\u00e9fice majeur, tous les autres joueurs obtiennent un b\u00e9n\u00e9fice mineur\u2026 ce qui implique plus de jeu et moins d\u2019attente. Gr\u00e2ce \u00e0 ses cartes \u00e0 double-face, le jeu compte 20 \u00eeles, 20 climats et 64 \u00e9cosyst\u00e8mes, et offre une diversit\u00e9 et une rejouabilit\u00e9 exceptionelles avec 25 600 configurations de d\u00e9part possibles !<\/div>\n<\/div>\n<\/section>\n","protected":false},"excerpt":{"rendered":"<p>Earth est un jeu de construction de moteur dans lequel 1 \u00e0 5 joueurs ont pour objectif de cr\u00e9er des \u00e9cosyst\u00e8mes autosuffisants. Earth est un jeu aux r\u00e8gles simples, mais offrant de multiples possibilit\u00e9s strat\u00e9giques.<\/p>\n","protected":false},"featured_media":5240,"comment_status":"open","ping_status":"closed","template":"","meta":{"colormag_page_container_layout":"default_layout","colormag_page_sidebar_layout":"default_layout"},"product_brand":[],"product_cat":[18],"product_tag":[],"class_list":{"0":"post-5239","1":"product","2":"type-product","3":"status-publish","4":"has-post-thumbnail","6":"product_cat-jeux-de-strategie","8":"first","9":"outofstock","10":"taxable","11":"shipping-taxable","12":"purchasable","13":"product-type-simple"},"yoast_head":"<!-- This site is optimized with the Yoast SEO plugin v27.4 - https:\/\/yoast.com\/product\/yoast-seo-wordpress\/ -->\n<title>Earth - Croc Jeux<\/title>\n<meta name=\"description\" content=\"Earth est un jeu de construction de moteur dans lequel 1 \u00e0 5 joueurs ont pour objectif de cr\u00e9er des \u00e9cosyst\u00e8mes autosuffisants. Earth est un jeu aux r\u00e8gles simples, mais offrant de multiples possibilit\u00e9s strat\u00e9giques.\" \/>\n<meta name=\"robots\" content=\"index, follow, max-snippet:-1, max-image-preview:large, max-video-preview:-1\" \/>\n<link rel=\"canonical\" href=\"https:\/\/crocjeux.com\/index.php\/produit\/earth\/\" \/>\n<meta property=\"og:locale\" content=\"fr_FR\" \/>\n<meta property=\"og:type\" content=\"article\" \/>\n<meta property=\"og:title\" content=\"Earth - Croc Jeux\" \/>\n<meta property=\"og:description\" content=\"Earth est un jeu de construction de moteur dans lequel 1 \u00e0 5 joueurs ont pour objectif de cr\u00e9er des \u00e9cosyst\u00e8mes autosuffisants. Earth est un jeu aux r\u00e8gles simples, mais offrant de multiples possibilit\u00e9s strat\u00e9giques.\" \/>\n<meta property=\"og:url\" content=\"https:\/\/crocjeux.com\/index.php\/produit\/earth\/\" \/>\n<meta property=\"og:site_name\" content=\"Croc Jeux\" \/>\n<meta property=\"article:modified_time\" content=\"2024-01-12T21:28:28+00:00\" \/>\n<meta property=\"og:image\" content=\"https:\/\/crocjeux.com\/wp-content\/uploads\/2023\/04\/71lqUJuTmlL._AC_SL1500_.jpg\" \/>\n\t<meta property=\"og:image:width\" content=\"1059\" \/>\n\t<meta property=\"og:image:height\" content=\"1294\" \/>\n\t<meta property=\"og:image:type\" content=\"image\/jpeg\" \/>\n<meta name=\"twitter:card\" content=\"summary_large_image\" \/>\n<meta name=\"twitter:label1\" content=\"Dur\u00e9e de lecture estim\u00e9e\" \/>\n\t<meta name=\"twitter:data1\" content=\"1 minute\" \/>\n<script type=\"application\/ld+json\" class=\"yoast-schema-graph\">{\"@context\":\"https:\\\/\\\/schema.org\",\"@graph\":[{\"@type\":\"WebPage\",\"@id\":\"https:\\\/\\\/crocjeux.com\\\/index.php\\\/produit\\\/earth\\\/\",\"url\":\"https:\\\/\\\/crocjeux.com\\\/index.php\\\/produit\\\/earth\\\/\",\"name\":\"Earth - Croc Jeux\",\"isPartOf\":{\"@id\":\"https:\\\/\\\/crocjeux.com\\\/#website\"},\"primaryImageOfPage\":{\"@id\":\"https:\\\/\\\/crocjeux.com\\\/index.php\\\/produit\\\/earth\\\/#primaryimage\"},\"image\":{\"@id\":\"https:\\\/\\\/crocjeux.com\\\/index.php\\\/produit\\\/earth\\\/#primaryimage\"},\"thumbnailUrl\":\"https:\\\/\\\/crocjeux.com\\\/wp-content\\\/uploads\\\/2023\\\/04\\\/71lqUJuTmlL._AC_SL1500_.jpg\",\"datePublished\":\"2023-04-27T12:27:41+00:00\",\"dateModified\":\"2024-01-12T21:28:28+00:00\",\"description\":\"Earth est un jeu de construction de moteur dans lequel 1 \u00e0 5 joueurs ont pour objectif de cr\u00e9er des \u00e9cosyst\u00e8mes autosuffisants. Earth est un jeu aux r\u00e8gles simples, mais offrant de multiples possibilit\u00e9s strat\u00e9giques.\",\"breadcrumb\":{\"@id\":\"https:\\\/\\\/crocjeux.com\\\/index.php\\\/produit\\\/earth\\\/#breadcrumb\"},\"inLanguage\":\"fr-FR\",\"potentialAction\":[{\"@type\":\"ReadAction\",\"target\":[\"https:\\\/\\\/crocjeux.com\\\/index.php\\\/produit\\\/earth\\\/\"]}]},{\"@type\":\"ImageObject\",\"inLanguage\":\"fr-FR\",\"@id\":\"https:\\\/\\\/crocjeux.com\\\/index.php\\\/produit\\\/earth\\\/#primaryimage\",\"url\":\"https:\\\/\\\/crocjeux.com\\\/wp-content\\\/uploads\\\/2023\\\/04\\\/71lqUJuTmlL._AC_SL1500_.jpg\",\"contentUrl\":\"https:\\\/\\\/crocjeux.com\\\/wp-content\\\/uploads\\\/2023\\\/04\\\/71lqUJuTmlL._AC_SL1500_.jpg\",\"width\":1059,\"height\":1294},{\"@type\":\"BreadcrumbList\",\"@id\":\"https:\\\/\\\/crocjeux.com\\\/index.php\\\/produit\\\/earth\\\/#breadcrumb\",\"itemListElement\":[{\"@type\":\"ListItem\",\"position\":1,\"name\":\"Accueil\",\"item\":\"https:\\\/\\\/crocjeux.com\\\/\"},{\"@type\":\"ListItem\",\"position\":2,\"name\":\"Boutique\",\"item\":\"https:\\\/\\\/crocjeux.com\\\/\"},{\"@type\":\"ListItem\",\"position\":3,\"name\":\"Earth\"}]},{\"@type\":\"WebSite\",\"@id\":\"https:\\\/\\\/crocjeux.com\\\/#website\",\"url\":\"https:\\\/\\\/crocjeux.com\\\/\",\"name\":\"Croc Jeux\",\"description\":\"Bienvenue chez Croc Jeux!\",\"publisher\":{\"@id\":\"https:\\\/\\\/crocjeux.com\\\/#organization\"},\"potentialAction\":[{\"@type\":\"SearchAction\",\"target\":{\"@type\":\"EntryPoint\",\"urlTemplate\":\"https:\\\/\\\/crocjeux.com\\\/?s={search_term_string}\"},\"query-input\":{\"@type\":\"PropertyValueSpecification\",\"valueRequired\":true,\"valueName\":\"search_term_string\"}}],\"inLanguage\":\"fr-FR\"},{\"@type\":\"Organization\",\"@id\":\"https:\\\/\\\/crocjeux.com\\\/#organization\",\"name\":\"Croc Jeux\",\"url\":\"https:\\\/\\\/crocjeux.com\\\/\",\"logo\":{\"@type\":\"ImageObject\",\"inLanguage\":\"fr-FR\",\"@id\":\"https:\\\/\\\/crocjeux.com\\\/#\\\/schema\\\/logo\\\/image\\\/\",\"url\":\"https:\\\/\\\/crocjeux.com\\\/wp-content\\\/uploads\\\/2022\\\/01\\\/cropped-logo-croc-etape-1-e1644574034239.jpg\",\"contentUrl\":\"https:\\\/\\\/crocjeux.com\\\/wp-content\\\/uploads\\\/2022\\\/01\\\/cropped-logo-croc-etape-1-e1644574034239.jpg\",\"width\":1224,\"height\":314,\"caption\":\"Croc Jeux\"},\"image\":{\"@id\":\"https:\\\/\\\/crocjeux.com\\\/#\\\/schema\\\/logo\\\/image\\\/\"}}]}<\/script>\n<!-- \/ Yoast SEO plugin. -->","yoast_head_json":{"title":"Earth - Croc Jeux","description":"Earth est un jeu de construction de moteur dans lequel 1 \u00e0 5 joueurs ont pour objectif de cr\u00e9er des \u00e9cosyst\u00e8mes autosuffisants. Earth est un jeu aux r\u00e8gles simples, mais offrant de multiples possibilit\u00e9s strat\u00e9giques.","robots":{"index":"index","follow":"follow","max-snippet":"max-snippet:-1","max-image-preview":"max-image-preview:large","max-video-preview":"max-video-preview:-1"},"canonical":"https:\/\/crocjeux.com\/index.php\/produit\/earth\/","og_locale":"fr_FR","og_type":"article","og_title":"Earth - Croc Jeux","og_description":"Earth est un jeu de construction de moteur dans lequel 1 \u00e0 5 joueurs ont pour objectif de cr\u00e9er des \u00e9cosyst\u00e8mes autosuffisants. Earth est un jeu aux r\u00e8gles simples, mais offrant de multiples possibilit\u00e9s strat\u00e9giques.","og_url":"https:\/\/crocjeux.com\/index.php\/produit\/earth\/","og_site_name":"Croc Jeux","article_modified_time":"2024-01-12T21:28:28+00:00","og_image":[{"width":1059,"height":1294,"url":"https:\/\/crocjeux.com\/wp-content\/uploads\/2023\/04\/71lqUJuTmlL._AC_SL1500_.jpg","type":"image\/jpeg"}],"twitter_card":"summary_large_image","twitter_misc":{"Dur\u00e9e de lecture estim\u00e9e":"1 minute"},"schema":{"@context":"https:\/\/schema.org","@graph":[{"@type":"WebPage","@id":"https:\/\/crocjeux.com\/index.php\/produit\/earth\/","url":"https:\/\/crocjeux.com\/index.php\/produit\/earth\/","name":"Earth - Croc Jeux","isPartOf":{"@id":"https:\/\/crocjeux.com\/#website"},"primaryImageOfPage":{"@id":"https:\/\/crocjeux.com\/index.php\/produit\/earth\/#primaryimage"},"image":{"@id":"https:\/\/crocjeux.com\/index.php\/produit\/earth\/#primaryimage"},"thumbnailUrl":"https:\/\/crocjeux.com\/wp-content\/uploads\/2023\/04\/71lqUJuTmlL._AC_SL1500_.jpg","datePublished":"2023-04-27T12:27:41+00:00","dateModified":"2024-01-12T21:28:28+00:00","description":"Earth est un jeu de construction de moteur dans lequel 1 \u00e0 5 joueurs ont pour objectif de cr\u00e9er des \u00e9cosyst\u00e8mes autosuffisants. Earth est un jeu aux r\u00e8gles simples, mais offrant de multiples possibilit\u00e9s strat\u00e9giques.","breadcrumb":{"@id":"https:\/\/crocjeux.com\/index.php\/produit\/earth\/#breadcrumb"},"inLanguage":"fr-FR","potentialAction":[{"@type":"ReadAction","target":["https:\/\/crocjeux.com\/index.php\/produit\/earth\/"]}]},{"@type":"ImageObject","inLanguage":"fr-FR","@id":"https:\/\/crocjeux.com\/index.php\/produit\/earth\/#primaryimage","url":"https:\/\/crocjeux.com\/wp-content\/uploads\/2023\/04\/71lqUJuTmlL._AC_SL1500_.jpg","contentUrl":"https:\/\/crocjeux.com\/wp-content\/uploads\/2023\/04\/71lqUJuTmlL._AC_SL1500_.jpg","width":1059,"height":1294},{"@type":"BreadcrumbList","@id":"https:\/\/crocjeux.com\/index.php\/produit\/earth\/#breadcrumb","itemListElement":[{"@type":"ListItem","position":1,"name":"Accueil","item":"https:\/\/crocjeux.com\/"},{"@type":"ListItem","position":2,"name":"Boutique","item":"https:\/\/crocjeux.com\/"},{"@type":"ListItem","position":3,"name":"Earth"}]},{"@type":"WebSite","@id":"https:\/\/crocjeux.com\/#website","url":"https:\/\/crocjeux.com\/","name":"Croc Jeux","description":"Bienvenue chez Croc Jeux!","publisher":{"@id":"https:\/\/crocjeux.com\/#organization"},"potentialAction":[{"@type":"SearchAction","target":{"@type":"EntryPoint","urlTemplate":"https:\/\/crocjeux.com\/?s={search_term_string}"},"query-input":{"@type":"PropertyValueSpecification","valueRequired":true,"valueName":"search_term_string"}}],"inLanguage":"fr-FR"},{"@type":"Organization","@id":"https:\/\/crocjeux.com\/#organization","name":"Croc Jeux","url":"https:\/\/crocjeux.com\/","logo":{"@type":"ImageObject","inLanguage":"fr-FR","@id":"https:\/\/crocjeux.com\/#\/schema\/logo\/image\/","url":"https:\/\/crocjeux.com\/wp-content\/uploads\/2022\/01\/cropped-logo-croc-etape-1-e1644574034239.jpg","contentUrl":"https:\/\/crocjeux.com\/wp-content\/uploads\/2022\/01\/cropped-logo-croc-etape-1-e1644574034239.jpg","width":1224,"height":314,"caption":"Croc Jeux"},"image":{"@id":"https:\/\/crocjeux.com\/#\/schema\/logo\/image\/"}}]}},"_links":{"self":[{"href":"https:\/\/crocjeux.com\/index.php\/wp-json\/wp\/v2\/product\/5239","targetHints":{"allow":["GET"]}}],"collection":[{"href":"https:\/\/crocjeux.com\/index.php\/wp-json\/wp\/v2\/product"}],"about":[{"href":"https:\/\/crocjeux.com\/index.php\/wp-json\/wp\/v2\/types\/product"}],"replies":[{"embeddable":true,"href":"https:\/\/crocjeux.com\/index.php\/wp-json\/wp\/v2\/comments?post=5239"}],"wp:featuredmedia":[{"embeddable":true,"href":"https:\/\/crocjeux.com\/index.php\/wp-json\/wp\/v2\/media\/5240"}],"wp:attachment":[{"href":"https:\/\/crocjeux.com\/index.php\/wp-json\/wp\/v2\/media?parent=5239"}],"wp:term":[{"taxonomy":"product_brand","embeddable":true,"href":"https:\/\/crocjeux.com\/index.php\/wp-json\/wp\/v2\/product_brand?post=5239"},{"taxonomy":"product_cat","embeddable":true,"href":"https:\/\/crocjeux.com\/index.php\/wp-json\/wp\/v2\/product_cat?post=5239"},{"taxonomy":"product_tag","embeddable":true,"href":"https:\/\/crocjeux.com\/index.php\/wp-json\/wp\/v2\/product_tag?post=5239"}],"curies":[{"name":"wp","href":"https:\/\/api.w.org\/{rel}","templated":true}]}}