{"id":5253,"date":"2023-04-28T10:47:08","date_gmt":"2023-04-28T09:47:08","guid":{"rendered":"https:\/\/crocjeux.com\/?post_type=product&#038;p=5253"},"modified":"2025-04-22T20:47:16","modified_gmt":"2025-04-22T19:47:16","slug":"vampire-la-mascarade-la-chute-de-londres","status":"publish","type":"product","link":"https:\/\/crocjeux.com\/index.php\/produit\/vampire-la-mascarade-la-chute-de-londres\/","title":{"rendered":"Vampire : La mascarade : La chute de Londres"},"content":{"rendered":"<p>Londres, 2012. Mithras, dieu parmi les vampires, a surv\u00e9cu malgr\u00e9 la diablerie subie sous les crocs de Montgomery Coven. Les H\u00e9rauts du Soleil s\u2019\u00e9veillent de leur torpeur, incapables de se souvenir de qui ils sont, mais ressentant le d\u00e9sir profond de rechercher cinq artefacts pour restaurer leur ma\u00eetre dans toute sa gloire. La Seconde Inquisition se l\u00e8ve pour r\u00e9duire en cendres tous les Descendants de Londres.<br \/>\nQuel h\u00e9ritage allez-vous laisser derri\u00e8re vous ?<br \/>\nLa chronique La chute de Londres, pour Vampire : la Mascarade, Cinqui\u00e8me \u00e9dition, vous entra\u00eene dans l\u2019Histoire vampirique en train de s\u2019\u00e9crire. Vos actions pourraient provoquer le retour d\u2019un dieu ou le bannir d\u00e9finitivement. Londres br\u00fble lors de l\u2019op\u00e9ration Antig\u00e8ne tandis que vous d\u00e9couvrez les fragments de votre propre identit\u00e9.<\/p>\n","protected":false},"excerpt":{"rendered":"<p><em><strong>Vampire: la Mascarade<\/strong><\/em><strong>\u00a0est LE jeu d\u2019horreur personnel et politique. Vous \u00eates un vampire, luttant pour votre survie, la supr\u00e9matie et pour conserver votre humanit\u00e9 en d\u00e9liquescence, effray\u00e9 de ce dont vous \u00eates capable et par les horribles conspirations inhumaines qui vous entourent.\u00a0<\/strong><\/p>\n","protected":false},"featured_media":5254,"comment_status":"open","ping_status":"closed","template":"","meta":{"colormag_page_container_layout":"default_layout","colormag_page_sidebar_layout":"default_layout"},"product_brand":[],"product_cat":[35],"product_tag":[],"class_list":{"0":"post-5253","1":"product","2":"type-product","3":"status-publish","4":"has-post-thumbnail","6":"product_cat-jeux-jdr","8":"first","9":"outofstock","10":"taxable","11":"shipping-taxable","12":"purchasable","13":"product-type-simple"},"yoast_head":"<!-- This site is optimized with the Yoast SEO plugin v27.3 - https:\/\/yoast.com\/product\/yoast-seo-wordpress\/ -->\n<title>Vampire : La mascarade : La chute de Londres - Croc Jeux<\/title>\n<meta name=\"robots\" content=\"index, follow, max-snippet:-1, max-image-preview:large, max-video-preview:-1\" \/>\n<link rel=\"canonical\" href=\"https:\/\/crocjeux.com\/index.php\/produit\/vampire-la-mascarade-la-chute-de-londres\/\" \/>\n<meta property=\"og:locale\" content=\"fr_FR\" \/>\n<meta property=\"og:type\" content=\"article\" \/>\n<meta property=\"og:title\" content=\"Vampire : La mascarade : La chute de Londres - Croc Jeux\" \/>\n<meta property=\"og:description\" content=\"Vampire: la Mascarade\u00a0est LE jeu d\u2019horreur personnel et politique. Vous \u00eates un vampire, luttant pour votre survie, la supr\u00e9matie et pour conserver votre humanit\u00e9 en d\u00e9liquescence, effray\u00e9 de ce dont vous \u00eates capable et par les horribles conspirations inhumaines qui vous entourent.\u00a0\" \/>\n<meta property=\"og:url\" content=\"https:\/\/crocjeux.com\/index.php\/produit\/vampire-la-mascarade-la-chute-de-londres\/\" \/>\n<meta property=\"og:site_name\" content=\"Croc Jeux\" \/>\n<meta property=\"article:modified_time\" content=\"2025-04-22T19:47:16+00:00\" \/>\n<meta property=\"og:image\" content=\"https:\/\/crocjeux.com\/wp-content\/uploads\/2023\/04\/asyva507fr_box3dbis_20211221.jpg\" \/>\n\t<meta property=\"og:image:width\" content=\"585\" \/>\n\t<meta property=\"og:image:height\" content=\"1023\" \/>\n\t<meta property=\"og:image:type\" content=\"image\/jpeg\" \/>\n<meta name=\"twitter:card\" content=\"summary_large_image\" \/>\n<meta name=\"twitter:label1\" content=\"Dur\u00e9e de lecture estim\u00e9e\" \/>\n\t<meta name=\"twitter:data1\" content=\"1 minute\" \/>\n<script type=\"application\/ld+json\" class=\"yoast-schema-graph\">{\"@context\":\"https:\\\/\\\/schema.org\",\"@graph\":[{\"@type\":\"WebPage\",\"@id\":\"https:\\\/\\\/crocjeux.com\\\/index.php\\\/produit\\\/vampire-la-mascarade-la-chute-de-londres\\\/\",\"url\":\"https:\\\/\\\/crocjeux.com\\\/index.php\\\/produit\\\/vampire-la-mascarade-la-chute-de-londres\\\/\",\"name\":\"Vampire : La mascarade : La chute de Londres - Croc Jeux\",\"isPartOf\":{\"@id\":\"https:\\\/\\\/crocjeux.com\\\/#website\"},\"primaryImageOfPage\":{\"@id\":\"https:\\\/\\\/crocjeux.com\\\/index.php\\\/produit\\\/vampire-la-mascarade-la-chute-de-londres\\\/#primaryimage\"},\"image\":{\"@id\":\"https:\\\/\\\/crocjeux.com\\\/index.php\\\/produit\\\/vampire-la-mascarade-la-chute-de-londres\\\/#primaryimage\"},\"thumbnailUrl\":\"https:\\\/\\\/crocjeux.com\\\/wp-content\\\/uploads\\\/2023\\\/04\\\/asyva507fr_box3dbis_20211221.jpg\",\"datePublished\":\"2023-04-28T09:47:08+00:00\",\"dateModified\":\"2025-04-22T19:47:16+00:00\",\"breadcrumb\":{\"@id\":\"https:\\\/\\\/crocjeux.com\\\/index.php\\\/produit\\\/vampire-la-mascarade-la-chute-de-londres\\\/#breadcrumb\"},\"inLanguage\":\"fr-FR\",\"potentialAction\":[{\"@type\":\"ReadAction\",\"target\":[\"https:\\\/\\\/crocjeux.com\\\/index.php\\\/produit\\\/vampire-la-mascarade-la-chute-de-londres\\\/\"]}]},{\"@type\":\"ImageObject\",\"inLanguage\":\"fr-FR\",\"@id\":\"https:\\\/\\\/crocjeux.com\\\/index.php\\\/produit\\\/vampire-la-mascarade-la-chute-de-londres\\\/#primaryimage\",\"url\":\"https:\\\/\\\/crocjeux.com\\\/wp-content\\\/uploads\\\/2023\\\/04\\\/asyva507fr_box3dbis_20211221.jpg\",\"contentUrl\":\"https:\\\/\\\/crocjeux.com\\\/wp-content\\\/uploads\\\/2023\\\/04\\\/asyva507fr_box3dbis_20211221.jpg\",\"width\":585,\"height\":1023},{\"@type\":\"BreadcrumbList\",\"@id\":\"https:\\\/\\\/crocjeux.com\\\/index.php\\\/produit\\\/vampire-la-mascarade-la-chute-de-londres\\\/#breadcrumb\",\"itemListElement\":[{\"@type\":\"ListItem\",\"position\":1,\"name\":\"Accueil\",\"item\":\"https:\\\/\\\/crocjeux.com\\\/\"},{\"@type\":\"ListItem\",\"position\":2,\"name\":\"Boutique\",\"item\":\"https:\\\/\\\/crocjeux.com\\\/\"},{\"@type\":\"ListItem\",\"position\":3,\"name\":\"Vampire : La mascarade : La chute de Londres\"}]},{\"@type\":\"WebSite\",\"@id\":\"https:\\\/\\\/crocjeux.com\\\/#website\",\"url\":\"https:\\\/\\\/crocjeux.com\\\/\",\"name\":\"Croc Jeux\",\"description\":\"Bienvenue chez Croc Jeux!\",\"publisher\":{\"@id\":\"https:\\\/\\\/crocjeux.com\\\/#organization\"},\"potentialAction\":[{\"@type\":\"SearchAction\",\"target\":{\"@type\":\"EntryPoint\",\"urlTemplate\":\"https:\\\/\\\/crocjeux.com\\\/?s={search_term_string}\"},\"query-input\":{\"@type\":\"PropertyValueSpecification\",\"valueRequired\":true,\"valueName\":\"search_term_string\"}}],\"inLanguage\":\"fr-FR\"},{\"@type\":\"Organization\",\"@id\":\"https:\\\/\\\/crocjeux.com\\\/#organization\",\"name\":\"Croc Jeux\",\"url\":\"https:\\\/\\\/crocjeux.com\\\/\",\"logo\":{\"@type\":\"ImageObject\",\"inLanguage\":\"fr-FR\",\"@id\":\"https:\\\/\\\/crocjeux.com\\\/#\\\/schema\\\/logo\\\/image\\\/\",\"url\":\"https:\\\/\\\/crocjeux.com\\\/wp-content\\\/uploads\\\/2022\\\/01\\\/cropped-logo-croc-etape-1-e1644574034239.jpg\",\"contentUrl\":\"https:\\\/\\\/crocjeux.com\\\/wp-content\\\/uploads\\\/2022\\\/01\\\/cropped-logo-croc-etape-1-e1644574034239.jpg\",\"width\":1224,\"height\":314,\"caption\":\"Croc Jeux\"},\"image\":{\"@id\":\"https:\\\/\\\/crocjeux.com\\\/#\\\/schema\\\/logo\\\/image\\\/\"}}]}<\/script>\n<!-- \/ Yoast SEO plugin. -->","yoast_head_json":{"title":"Vampire : La mascarade : La chute de Londres - Croc Jeux","robots":{"index":"index","follow":"follow","max-snippet":"max-snippet:-1","max-image-preview":"max-image-preview:large","max-video-preview":"max-video-preview:-1"},"canonical":"https:\/\/crocjeux.com\/index.php\/produit\/vampire-la-mascarade-la-chute-de-londres\/","og_locale":"fr_FR","og_type":"article","og_title":"Vampire : La mascarade : La chute de Londres - Croc Jeux","og_description":"Vampire: la Mascarade\u00a0est LE jeu d\u2019horreur personnel et politique. Vous \u00eates un vampire, luttant pour votre survie, la supr\u00e9matie et pour conserver votre humanit\u00e9 en d\u00e9liquescence, effray\u00e9 de ce dont vous \u00eates capable et par les horribles conspirations inhumaines qui vous entourent.\u00a0","og_url":"https:\/\/crocjeux.com\/index.php\/produit\/vampire-la-mascarade-la-chute-de-londres\/","og_site_name":"Croc Jeux","article_modified_time":"2025-04-22T19:47:16+00:00","og_image":[{"width":585,"height":1023,"url":"https:\/\/crocjeux.com\/wp-content\/uploads\/2023\/04\/asyva507fr_box3dbis_20211221.jpg","type":"image\/jpeg"}],"twitter_card":"summary_large_image","twitter_misc":{"Dur\u00e9e de lecture estim\u00e9e":"1 minute"},"schema":{"@context":"https:\/\/schema.org","@graph":[{"@type":"WebPage","@id":"https:\/\/crocjeux.com\/index.php\/produit\/vampire-la-mascarade-la-chute-de-londres\/","url":"https:\/\/crocjeux.com\/index.php\/produit\/vampire-la-mascarade-la-chute-de-londres\/","name":"Vampire : La mascarade : La chute de Londres - Croc Jeux","isPartOf":{"@id":"https:\/\/crocjeux.com\/#website"},"primaryImageOfPage":{"@id":"https:\/\/crocjeux.com\/index.php\/produit\/vampire-la-mascarade-la-chute-de-londres\/#primaryimage"},"image":{"@id":"https:\/\/crocjeux.com\/index.php\/produit\/vampire-la-mascarade-la-chute-de-londres\/#primaryimage"},"thumbnailUrl":"https:\/\/crocjeux.com\/wp-content\/uploads\/2023\/04\/asyva507fr_box3dbis_20211221.jpg","datePublished":"2023-04-28T09:47:08+00:00","dateModified":"2025-04-22T19:47:16+00:00","breadcrumb":{"@id":"https:\/\/crocjeux.com\/index.php\/produit\/vampire-la-mascarade-la-chute-de-londres\/#breadcrumb"},"inLanguage":"fr-FR","potentialAction":[{"@type":"ReadAction","target":["https:\/\/crocjeux.com\/index.php\/produit\/vampire-la-mascarade-la-chute-de-londres\/"]}]},{"@type":"ImageObject","inLanguage":"fr-FR","@id":"https:\/\/crocjeux.com\/index.php\/produit\/vampire-la-mascarade-la-chute-de-londres\/#primaryimage","url":"https:\/\/crocjeux.com\/wp-content\/uploads\/2023\/04\/asyva507fr_box3dbis_20211221.jpg","contentUrl":"https:\/\/crocjeux.com\/wp-content\/uploads\/2023\/04\/asyva507fr_box3dbis_20211221.jpg","width":585,"height":1023},{"@type":"BreadcrumbList","@id":"https:\/\/crocjeux.com\/index.php\/produit\/vampire-la-mascarade-la-chute-de-londres\/#breadcrumb","itemListElement":[{"@type":"ListItem","position":1,"name":"Accueil","item":"https:\/\/crocjeux.com\/"},{"@type":"ListItem","position":2,"name":"Boutique","item":"https:\/\/crocjeux.com\/"},{"@type":"ListItem","position":3,"name":"Vampire : La mascarade : La chute de Londres"}]},{"@type":"WebSite","@id":"https:\/\/crocjeux.com\/#website","url":"https:\/\/crocjeux.com\/","name":"Croc Jeux","description":"Bienvenue chez Croc Jeux!","publisher":{"@id":"https:\/\/crocjeux.com\/#organization"},"potentialAction":[{"@type":"SearchAction","target":{"@type":"EntryPoint","urlTemplate":"https:\/\/crocjeux.com\/?s={search_term_string}"},"query-input":{"@type":"PropertyValueSpecification","valueRequired":true,"valueName":"search_term_string"}}],"inLanguage":"fr-FR"},{"@type":"Organization","@id":"https:\/\/crocjeux.com\/#organization","name":"Croc Jeux","url":"https:\/\/crocjeux.com\/","logo":{"@type":"ImageObject","inLanguage":"fr-FR","@id":"https:\/\/crocjeux.com\/#\/schema\/logo\/image\/","url":"https:\/\/crocjeux.com\/wp-content\/uploads\/2022\/01\/cropped-logo-croc-etape-1-e1644574034239.jpg","contentUrl":"https:\/\/crocjeux.com\/wp-content\/uploads\/2022\/01\/cropped-logo-croc-etape-1-e1644574034239.jpg","width":1224,"height":314,"caption":"Croc Jeux"},"image":{"@id":"https:\/\/crocjeux.com\/#\/schema\/logo\/image\/"}}]}},"_links":{"self":[{"href":"https:\/\/crocjeux.com\/index.php\/wp-json\/wp\/v2\/product\/5253","targetHints":{"allow":["GET"]}}],"collection":[{"href":"https:\/\/crocjeux.com\/index.php\/wp-json\/wp\/v2\/product"}],"about":[{"href":"https:\/\/crocjeux.com\/index.php\/wp-json\/wp\/v2\/types\/product"}],"replies":[{"embeddable":true,"href":"https:\/\/crocjeux.com\/index.php\/wp-json\/wp\/v2\/comments?post=5253"}],"wp:featuredmedia":[{"embeddable":true,"href":"https:\/\/crocjeux.com\/index.php\/wp-json\/wp\/v2\/media\/5254"}],"wp:attachment":[{"href":"https:\/\/crocjeux.com\/index.php\/wp-json\/wp\/v2\/media?parent=5253"}],"wp:term":[{"taxonomy":"product_brand","embeddable":true,"href":"https:\/\/crocjeux.com\/index.php\/wp-json\/wp\/v2\/product_brand?post=5253"},{"taxonomy":"product_cat","embeddable":true,"href":"https:\/\/crocjeux.com\/index.php\/wp-json\/wp\/v2\/product_cat?post=5253"},{"taxonomy":"product_tag","embeddable":true,"href":"https:\/\/crocjeux.com\/index.php\/wp-json\/wp\/v2\/product_tag?post=5253"}],"curies":[{"name":"wp","href":"https:\/\/api.w.org\/{rel}","templated":true}]}}