{"id":5256,"date":"2023-04-28T10:51:29","date_gmt":"2023-04-28T09:51:29","guid":{"rendered":"https:\/\/crocjeux.com\/?post_type=product&#038;p=5256"},"modified":"2025-12-09T15:27:54","modified_gmt":"2025-12-09T14:27:54","slug":"vampire-la-mascarade-la-seconde-inquisition","status":"publish","type":"product","link":"https:\/\/crocjeux.com\/index.php\/produit\/vampire-la-mascarade-la-seconde-inquisition\/","title":{"rendered":"Vampire : La mascarade : La Seconde Inquisition"},"content":{"rendered":"<p>Ce livre est un guide des antagonistes de la Seconde Inquisition \u00e9mergente et contient :<\/p>\n<ul>\n<li>Des opposants pour vos Descendants, ainsi que leurs forces d\u2019intervention et leur \u00e9quipement.<\/li>\n<li>Des informations sur les b\u00fbchers qui s\u2019\u00e9l\u00e8vent contre les vampires dans le monde entier, aliment\u00e9s par la Soci\u00e9t\u00e9 de Saint-L\u00e9opold et par le programme am\u00e9ricain secret AURORE.<\/li>\n<li>De nouveaux outils pour \u00e9tendre vos chroniques, notamment des artefacts mystiques, des dizaines d\u2019antagonistes dangereux et les tactiques que votre coterie peut utiliser afin de riposter.<\/li>\n<\/ul>\n<p>Un suppl\u00e9ment pour Vampire la Mascarade &#8211; Couverture cartonn\u00e9e &#8211; 164 pages couleurs<\/p>\n","protected":false},"excerpt":{"rendered":"<p><em><strong>Vampire: la Mascarade<\/strong><\/em><strong>\u00a0est LE jeu d\u2019horreur personnel et politique. Vous \u00eates un vampire, luttant pour votre survie, la supr\u00e9matie et pour conserver votre humanit\u00e9 en d\u00e9liquescence, effray\u00e9 de ce dont vous \u00eates capable et par les horribles conspirations inhumaines qui vous entourent.\u00a0<\/strong><\/p>\n","protected":false},"featured_media":5257,"comment_status":"open","ping_status":"closed","template":"","meta":{"colormag_page_container_layout":"default_layout","colormag_page_sidebar_layout":"default_layout"},"product_brand":[],"product_cat":[35],"product_tag":[],"class_list":{"0":"post-5256","1":"product","2":"type-product","3":"status-publish","4":"has-post-thumbnail","6":"product_cat-jeux-jdr","8":"first","9":"instock","10":"taxable","11":"shipping-taxable","12":"purchasable","13":"product-type-simple"},"yoast_head":"<!-- This site is optimized with the Yoast SEO plugin v27.3 - https:\/\/yoast.com\/product\/yoast-seo-wordpress\/ -->\n<title>Vampire : La mascarade : La Seconde Inquisition - Croc Jeux<\/title>\n<meta name=\"robots\" content=\"index, follow, max-snippet:-1, max-image-preview:large, max-video-preview:-1\" \/>\n<link rel=\"canonical\" href=\"https:\/\/crocjeux.com\/index.php\/produit\/vampire-la-mascarade-la-seconde-inquisition\/\" \/>\n<meta property=\"og:locale\" content=\"fr_FR\" \/>\n<meta property=\"og:type\" content=\"article\" \/>\n<meta property=\"og:title\" content=\"Vampire : La mascarade : La Seconde Inquisition - Croc Jeux\" \/>\n<meta property=\"og:description\" content=\"Vampire: la Mascarade\u00a0est LE jeu d\u2019horreur personnel et politique. Vous \u00eates un vampire, luttant pour votre survie, la supr\u00e9matie et pour conserver votre humanit\u00e9 en d\u00e9liquescence, effray\u00e9 de ce dont vous \u00eates capable et par les horribles conspirations inhumaines qui vous entourent.\u00a0\" \/>\n<meta property=\"og:url\" content=\"https:\/\/crocjeux.com\/index.php\/produit\/vampire-la-mascarade-la-seconde-inquisition\/\" \/>\n<meta property=\"og:site_name\" content=\"Croc Jeux\" \/>\n<meta property=\"article:modified_time\" content=\"2025-12-09T14:27:54+00:00\" \/>\n<meta property=\"og:image\" content=\"https:\/\/crocjeux.com\/wp-content\/uploads\/2023\/04\/asyva510fr_face_20230329.jpg\" \/>\n\t<meta property=\"og:image:width\" content=\"829\" \/>\n\t<meta property=\"og:image:height\" content=\"1023\" \/>\n\t<meta property=\"og:image:type\" content=\"image\/jpeg\" \/>\n<meta name=\"twitter:card\" content=\"summary_large_image\" \/>\n<meta name=\"twitter:label1\" content=\"Dur\u00e9e de lecture estim\u00e9e\" \/>\n\t<meta name=\"twitter:data1\" content=\"1 minute\" \/>\n<script type=\"application\/ld+json\" class=\"yoast-schema-graph\">{\"@context\":\"https:\\\/\\\/schema.org\",\"@graph\":[{\"@type\":\"WebPage\",\"@id\":\"https:\\\/\\\/crocjeux.com\\\/index.php\\\/produit\\\/vampire-la-mascarade-la-seconde-inquisition\\\/\",\"url\":\"https:\\\/\\\/crocjeux.com\\\/index.php\\\/produit\\\/vampire-la-mascarade-la-seconde-inquisition\\\/\",\"name\":\"Vampire : La mascarade : La Seconde Inquisition - Croc Jeux\",\"isPartOf\":{\"@id\":\"https:\\\/\\\/crocjeux.com\\\/#website\"},\"primaryImageOfPage\":{\"@id\":\"https:\\\/\\\/crocjeux.com\\\/index.php\\\/produit\\\/vampire-la-mascarade-la-seconde-inquisition\\\/#primaryimage\"},\"image\":{\"@id\":\"https:\\\/\\\/crocjeux.com\\\/index.php\\\/produit\\\/vampire-la-mascarade-la-seconde-inquisition\\\/#primaryimage\"},\"thumbnailUrl\":\"https:\\\/\\\/crocjeux.com\\\/wp-content\\\/uploads\\\/2023\\\/04\\\/asyva510fr_face_20230329.jpg\",\"datePublished\":\"2023-04-28T09:51:29+00:00\",\"dateModified\":\"2025-12-09T14:27:54+00:00\",\"breadcrumb\":{\"@id\":\"https:\\\/\\\/crocjeux.com\\\/index.php\\\/produit\\\/vampire-la-mascarade-la-seconde-inquisition\\\/#breadcrumb\"},\"inLanguage\":\"fr-FR\",\"potentialAction\":[{\"@type\":\"ReadAction\",\"target\":[\"https:\\\/\\\/crocjeux.com\\\/index.php\\\/produit\\\/vampire-la-mascarade-la-seconde-inquisition\\\/\"]}]},{\"@type\":\"ImageObject\",\"inLanguage\":\"fr-FR\",\"@id\":\"https:\\\/\\\/crocjeux.com\\\/index.php\\\/produit\\\/vampire-la-mascarade-la-seconde-inquisition\\\/#primaryimage\",\"url\":\"https:\\\/\\\/crocjeux.com\\\/wp-content\\\/uploads\\\/2023\\\/04\\\/asyva510fr_face_20230329.jpg\",\"contentUrl\":\"https:\\\/\\\/crocjeux.com\\\/wp-content\\\/uploads\\\/2023\\\/04\\\/asyva510fr_face_20230329.jpg\",\"width\":829,\"height\":1023},{\"@type\":\"BreadcrumbList\",\"@id\":\"https:\\\/\\\/crocjeux.com\\\/index.php\\\/produit\\\/vampire-la-mascarade-la-seconde-inquisition\\\/#breadcrumb\",\"itemListElement\":[{\"@type\":\"ListItem\",\"position\":1,\"name\":\"Accueil\",\"item\":\"https:\\\/\\\/crocjeux.com\\\/\"},{\"@type\":\"ListItem\",\"position\":2,\"name\":\"Boutique\",\"item\":\"https:\\\/\\\/crocjeux.com\\\/\"},{\"@type\":\"ListItem\",\"position\":3,\"name\":\"Vampire : La mascarade : La Seconde Inquisition\"}]},{\"@type\":\"WebSite\",\"@id\":\"https:\\\/\\\/crocjeux.com\\\/#website\",\"url\":\"https:\\\/\\\/crocjeux.com\\\/\",\"name\":\"Croc Jeux\",\"description\":\"Bienvenue chez Croc Jeux!\",\"publisher\":{\"@id\":\"https:\\\/\\\/crocjeux.com\\\/#organization\"},\"potentialAction\":[{\"@type\":\"SearchAction\",\"target\":{\"@type\":\"EntryPoint\",\"urlTemplate\":\"https:\\\/\\\/crocjeux.com\\\/?s={search_term_string}\"},\"query-input\":{\"@type\":\"PropertyValueSpecification\",\"valueRequired\":true,\"valueName\":\"search_term_string\"}}],\"inLanguage\":\"fr-FR\"},{\"@type\":\"Organization\",\"@id\":\"https:\\\/\\\/crocjeux.com\\\/#organization\",\"name\":\"Croc Jeux\",\"url\":\"https:\\\/\\\/crocjeux.com\\\/\",\"logo\":{\"@type\":\"ImageObject\",\"inLanguage\":\"fr-FR\",\"@id\":\"https:\\\/\\\/crocjeux.com\\\/#\\\/schema\\\/logo\\\/image\\\/\",\"url\":\"https:\\\/\\\/crocjeux.com\\\/wp-content\\\/uploads\\\/2022\\\/01\\\/cropped-logo-croc-etape-1-e1644574034239.jpg\",\"contentUrl\":\"https:\\\/\\\/crocjeux.com\\\/wp-content\\\/uploads\\\/2022\\\/01\\\/cropped-logo-croc-etape-1-e1644574034239.jpg\",\"width\":1224,\"height\":314,\"caption\":\"Croc Jeux\"},\"image\":{\"@id\":\"https:\\\/\\\/crocjeux.com\\\/#\\\/schema\\\/logo\\\/image\\\/\"}}]}<\/script>\n<!-- \/ Yoast SEO plugin. -->","yoast_head_json":{"title":"Vampire : La mascarade : La Seconde Inquisition - Croc Jeux","robots":{"index":"index","follow":"follow","max-snippet":"max-snippet:-1","max-image-preview":"max-image-preview:large","max-video-preview":"max-video-preview:-1"},"canonical":"https:\/\/crocjeux.com\/index.php\/produit\/vampire-la-mascarade-la-seconde-inquisition\/","og_locale":"fr_FR","og_type":"article","og_title":"Vampire : La mascarade : La Seconde Inquisition - Croc Jeux","og_description":"Vampire: la Mascarade\u00a0est LE jeu d\u2019horreur personnel et politique. Vous \u00eates un vampire, luttant pour votre survie, la supr\u00e9matie et pour conserver votre humanit\u00e9 en d\u00e9liquescence, effray\u00e9 de ce dont vous \u00eates capable et par les horribles conspirations inhumaines qui vous entourent.\u00a0","og_url":"https:\/\/crocjeux.com\/index.php\/produit\/vampire-la-mascarade-la-seconde-inquisition\/","og_site_name":"Croc Jeux","article_modified_time":"2025-12-09T14:27:54+00:00","og_image":[{"width":829,"height":1023,"url":"https:\/\/crocjeux.com\/wp-content\/uploads\/2023\/04\/asyva510fr_face_20230329.jpg","type":"image\/jpeg"}],"twitter_card":"summary_large_image","twitter_misc":{"Dur\u00e9e de lecture estim\u00e9e":"1 minute"},"schema":{"@context":"https:\/\/schema.org","@graph":[{"@type":"WebPage","@id":"https:\/\/crocjeux.com\/index.php\/produit\/vampire-la-mascarade-la-seconde-inquisition\/","url":"https:\/\/crocjeux.com\/index.php\/produit\/vampire-la-mascarade-la-seconde-inquisition\/","name":"Vampire : La mascarade : La Seconde Inquisition - Croc Jeux","isPartOf":{"@id":"https:\/\/crocjeux.com\/#website"},"primaryImageOfPage":{"@id":"https:\/\/crocjeux.com\/index.php\/produit\/vampire-la-mascarade-la-seconde-inquisition\/#primaryimage"},"image":{"@id":"https:\/\/crocjeux.com\/index.php\/produit\/vampire-la-mascarade-la-seconde-inquisition\/#primaryimage"},"thumbnailUrl":"https:\/\/crocjeux.com\/wp-content\/uploads\/2023\/04\/asyva510fr_face_20230329.jpg","datePublished":"2023-04-28T09:51:29+00:00","dateModified":"2025-12-09T14:27:54+00:00","breadcrumb":{"@id":"https:\/\/crocjeux.com\/index.php\/produit\/vampire-la-mascarade-la-seconde-inquisition\/#breadcrumb"},"inLanguage":"fr-FR","potentialAction":[{"@type":"ReadAction","target":["https:\/\/crocjeux.com\/index.php\/produit\/vampire-la-mascarade-la-seconde-inquisition\/"]}]},{"@type":"ImageObject","inLanguage":"fr-FR","@id":"https:\/\/crocjeux.com\/index.php\/produit\/vampire-la-mascarade-la-seconde-inquisition\/#primaryimage","url":"https:\/\/crocjeux.com\/wp-content\/uploads\/2023\/04\/asyva510fr_face_20230329.jpg","contentUrl":"https:\/\/crocjeux.com\/wp-content\/uploads\/2023\/04\/asyva510fr_face_20230329.jpg","width":829,"height":1023},{"@type":"BreadcrumbList","@id":"https:\/\/crocjeux.com\/index.php\/produit\/vampire-la-mascarade-la-seconde-inquisition\/#breadcrumb","itemListElement":[{"@type":"ListItem","position":1,"name":"Accueil","item":"https:\/\/crocjeux.com\/"},{"@type":"ListItem","position":2,"name":"Boutique","item":"https:\/\/crocjeux.com\/"},{"@type":"ListItem","position":3,"name":"Vampire : La mascarade : La Seconde Inquisition"}]},{"@type":"WebSite","@id":"https:\/\/crocjeux.com\/#website","url":"https:\/\/crocjeux.com\/","name":"Croc Jeux","description":"Bienvenue chez Croc Jeux!","publisher":{"@id":"https:\/\/crocjeux.com\/#organization"},"potentialAction":[{"@type":"SearchAction","target":{"@type":"EntryPoint","urlTemplate":"https:\/\/crocjeux.com\/?s={search_term_string}"},"query-input":{"@type":"PropertyValueSpecification","valueRequired":true,"valueName":"search_term_string"}}],"inLanguage":"fr-FR"},{"@type":"Organization","@id":"https:\/\/crocjeux.com\/#organization","name":"Croc Jeux","url":"https:\/\/crocjeux.com\/","logo":{"@type":"ImageObject","inLanguage":"fr-FR","@id":"https:\/\/crocjeux.com\/#\/schema\/logo\/image\/","url":"https:\/\/crocjeux.com\/wp-content\/uploads\/2022\/01\/cropped-logo-croc-etape-1-e1644574034239.jpg","contentUrl":"https:\/\/crocjeux.com\/wp-content\/uploads\/2022\/01\/cropped-logo-croc-etape-1-e1644574034239.jpg","width":1224,"height":314,"caption":"Croc Jeux"},"image":{"@id":"https:\/\/crocjeux.com\/#\/schema\/logo\/image\/"}}]}},"_links":{"self":[{"href":"https:\/\/crocjeux.com\/index.php\/wp-json\/wp\/v2\/product\/5256","targetHints":{"allow":["GET"]}}],"collection":[{"href":"https:\/\/crocjeux.com\/index.php\/wp-json\/wp\/v2\/product"}],"about":[{"href":"https:\/\/crocjeux.com\/index.php\/wp-json\/wp\/v2\/types\/product"}],"replies":[{"embeddable":true,"href":"https:\/\/crocjeux.com\/index.php\/wp-json\/wp\/v2\/comments?post=5256"}],"wp:featuredmedia":[{"embeddable":true,"href":"https:\/\/crocjeux.com\/index.php\/wp-json\/wp\/v2\/media\/5257"}],"wp:attachment":[{"href":"https:\/\/crocjeux.com\/index.php\/wp-json\/wp\/v2\/media?parent=5256"}],"wp:term":[{"taxonomy":"product_brand","embeddable":true,"href":"https:\/\/crocjeux.com\/index.php\/wp-json\/wp\/v2\/product_brand?post=5256"},{"taxonomy":"product_cat","embeddable":true,"href":"https:\/\/crocjeux.com\/index.php\/wp-json\/wp\/v2\/product_cat?post=5256"},{"taxonomy":"product_tag","embeddable":true,"href":"https:\/\/crocjeux.com\/index.php\/wp-json\/wp\/v2\/product_tag?post=5256"}],"curies":[{"name":"wp","href":"https:\/\/api.w.org\/{rel}","templated":true}]}}