{"id":5265,"date":"2023-05-02T14:24:43","date_gmt":"2023-05-02T13:24:43","guid":{"rendered":"https:\/\/crocjeux.com\/?post_type=product&#038;p=5265"},"modified":"2026-03-22T16:19:14","modified_gmt":"2026-03-22T15:19:14","slug":"cartaventura-versailles","status":"publish","type":"product","link":"https:\/\/crocjeux.com\/index.php\/produit\/cartaventura-versailles\/","title":{"rendered":"Cartaventura Versailles"},"content":{"rendered":"<div>Votre mariage est d\u00e9j\u00e0 arrang\u00e9 et tout est trac\u00e9 : vous serez une dame de la Cour. Fuyez les manigances du Versailles de Louis XIV et toux ceux qui veulent r\u00e9gir votre destin pour embrasser une vie pleine d\u2019amour et d\u2019aventure !<\/div>\n<div><\/div>\n<div>Cartaventura est une collection de jeux de cartes narratifs au sc\u00e9nario immersif et aux multiples d\u00e9nouements ! Les joueurs construisent leur aventure \u00e0 l\u2019aide des cartes qui proposent diff\u00e9rentes options. Ils r\u00e9fl\u00e9chissent ensemble aux meilleurs choix afin de suivre la trace du h\u00e9ros du jeu.Cartaventura propose des jeux dans diff\u00e9rentes \u00e9poques, chacune retranscrite avec qualit\u00e9 et fid\u00e9lit\u00e9. Les joueurs replongent dans l&rsquo;Histoire gr\u00e2ce \u00e0 des sc\u00e9narios riches et des illustrations \u00e0 l&rsquo;aquarelle, en hommage aux carnets de voyage.<\/div>\n<div><\/div>\n<div>Un livret historique, r\u00e9dig\u00e9 avec des sp\u00e9cialistes, offre un compl\u00e9ment d&rsquo;information.Cartaventura propose un tutoriel qui accompagne la premi\u00e8re partie. Son syst\u00e8me de jeu simple et in\u00e9dit permet d&rsquo;explorer le sc\u00e9nario plusieurs fois afin de d\u00e9couvrir tous les secrets du jeu. Gr\u00e2ce \u00e0 ce qu&rsquo;ils auront appris et \u00e0 l&rsquo;aide de choix diff\u00e9rents, ils pourront optimiser leur aventure afin de d\u00e9couvrir toutes les fins.<\/div>\n","protected":false},"excerpt":{"rendered":"<p>Dans Cartaventura Versailles, incarnez Julie d\u2019Aubigny du temps de la splendeur de Louis XIV en 1687.<\/p>\n","protected":false},"featured_media":5266,"comment_status":"open","ping_status":"closed","template":"","meta":{"colormag_page_container_layout":"default_layout","colormag_page_sidebar_layout":"default_layout"},"product_brand":[],"product_cat":[32],"product_tag":[],"class_list":{"0":"post-5265","1":"product","2":"type-product","3":"status-publish","4":"has-post-thumbnail","6":"product_cat-jeux-de-cartes","8":"first","9":"instock","10":"taxable","11":"shipping-taxable","12":"purchasable","13":"product-type-simple"},"yoast_head":"<!-- This site is optimized with the Yoast SEO plugin v27.3 - https:\/\/yoast.com\/product\/yoast-seo-wordpress\/ -->\n<title>Cartaventura Versailles - Croc Jeux<\/title>\n<meta name=\"description\" content=\"Dans Cartaventura Versailles, incarnez Julie d\u2019Aubigny du temps de la splendeur de Louis XIV en 1687.\" \/>\n<meta name=\"robots\" content=\"index, follow, max-snippet:-1, max-image-preview:large, max-video-preview:-1\" \/>\n<link rel=\"canonical\" href=\"https:\/\/crocjeux.com\/index.php\/produit\/cartaventura-versailles\/\" \/>\n<meta property=\"og:locale\" content=\"fr_FR\" \/>\n<meta property=\"og:type\" content=\"article\" \/>\n<meta property=\"og:title\" content=\"Cartaventura Versailles - Croc Jeux\" \/>\n<meta property=\"og:description\" content=\"Dans Cartaventura Versailles, incarnez Julie d\u2019Aubigny du temps de la splendeur de Louis XIV en 1687.\" \/>\n<meta property=\"og:url\" content=\"https:\/\/crocjeux.com\/index.php\/produit\/cartaventura-versailles\/\" \/>\n<meta property=\"og:site_name\" content=\"Croc Jeux\" \/>\n<meta property=\"article:modified_time\" content=\"2026-03-22T15:19:14+00:00\" \/>\n<meta property=\"og:image\" content=\"https:\/\/crocjeux.com\/wp-content\/uploads\/2023\/05\/cartaventura-versailles.jpg\" \/>\n\t<meta property=\"og:image:width\" content=\"1024\" \/>\n\t<meta property=\"og:image:height\" content=\"1024\" \/>\n\t<meta property=\"og:image:type\" content=\"image\/jpeg\" \/>\n<meta name=\"twitter:card\" content=\"summary_large_image\" \/>\n<meta name=\"twitter:label1\" content=\"Dur\u00e9e de lecture estim\u00e9e\" \/>\n\t<meta name=\"twitter:data1\" content=\"1 minute\" \/>\n<script type=\"application\/ld+json\" class=\"yoast-schema-graph\">{\"@context\":\"https:\\\/\\\/schema.org\",\"@graph\":[{\"@type\":\"WebPage\",\"@id\":\"https:\\\/\\\/crocjeux.com\\\/index.php\\\/produit\\\/cartaventura-versailles\\\/\",\"url\":\"https:\\\/\\\/crocjeux.com\\\/index.php\\\/produit\\\/cartaventura-versailles\\\/\",\"name\":\"Cartaventura Versailles - Croc Jeux\",\"isPartOf\":{\"@id\":\"https:\\\/\\\/crocjeux.com\\\/#website\"},\"primaryImageOfPage\":{\"@id\":\"https:\\\/\\\/crocjeux.com\\\/index.php\\\/produit\\\/cartaventura-versailles\\\/#primaryimage\"},\"image\":{\"@id\":\"https:\\\/\\\/crocjeux.com\\\/index.php\\\/produit\\\/cartaventura-versailles\\\/#primaryimage\"},\"thumbnailUrl\":\"https:\\\/\\\/crocjeux.com\\\/wp-content\\\/uploads\\\/2023\\\/05\\\/cartaventura-versailles.jpg\",\"datePublished\":\"2023-05-02T13:24:43+00:00\",\"dateModified\":\"2026-03-22T15:19:14+00:00\",\"description\":\"Dans Cartaventura Versailles, incarnez Julie d\u2019Aubigny du temps de la splendeur de Louis XIV en 1687.\",\"breadcrumb\":{\"@id\":\"https:\\\/\\\/crocjeux.com\\\/index.php\\\/produit\\\/cartaventura-versailles\\\/#breadcrumb\"},\"inLanguage\":\"fr-FR\",\"potentialAction\":[{\"@type\":\"ReadAction\",\"target\":[\"https:\\\/\\\/crocjeux.com\\\/index.php\\\/produit\\\/cartaventura-versailles\\\/\"]}]},{\"@type\":\"ImageObject\",\"inLanguage\":\"fr-FR\",\"@id\":\"https:\\\/\\\/crocjeux.com\\\/index.php\\\/produit\\\/cartaventura-versailles\\\/#primaryimage\",\"url\":\"https:\\\/\\\/crocjeux.com\\\/wp-content\\\/uploads\\\/2023\\\/05\\\/cartaventura-versailles.jpg\",\"contentUrl\":\"https:\\\/\\\/crocjeux.com\\\/wp-content\\\/uploads\\\/2023\\\/05\\\/cartaventura-versailles.jpg\",\"width\":1024,\"height\":1024},{\"@type\":\"BreadcrumbList\",\"@id\":\"https:\\\/\\\/crocjeux.com\\\/index.php\\\/produit\\\/cartaventura-versailles\\\/#breadcrumb\",\"itemListElement\":[{\"@type\":\"ListItem\",\"position\":1,\"name\":\"Accueil\",\"item\":\"https:\\\/\\\/crocjeux.com\\\/\"},{\"@type\":\"ListItem\",\"position\":2,\"name\":\"Boutique\",\"item\":\"https:\\\/\\\/crocjeux.com\\\/\"},{\"@type\":\"ListItem\",\"position\":3,\"name\":\"Cartaventura Versailles\"}]},{\"@type\":\"WebSite\",\"@id\":\"https:\\\/\\\/crocjeux.com\\\/#website\",\"url\":\"https:\\\/\\\/crocjeux.com\\\/\",\"name\":\"Croc Jeux\",\"description\":\"Bienvenue chez Croc Jeux!\",\"publisher\":{\"@id\":\"https:\\\/\\\/crocjeux.com\\\/#organization\"},\"potentialAction\":[{\"@type\":\"SearchAction\",\"target\":{\"@type\":\"EntryPoint\",\"urlTemplate\":\"https:\\\/\\\/crocjeux.com\\\/?s={search_term_string}\"},\"query-input\":{\"@type\":\"PropertyValueSpecification\",\"valueRequired\":true,\"valueName\":\"search_term_string\"}}],\"inLanguage\":\"fr-FR\"},{\"@type\":\"Organization\",\"@id\":\"https:\\\/\\\/crocjeux.com\\\/#organization\",\"name\":\"Croc Jeux\",\"url\":\"https:\\\/\\\/crocjeux.com\\\/\",\"logo\":{\"@type\":\"ImageObject\",\"inLanguage\":\"fr-FR\",\"@id\":\"https:\\\/\\\/crocjeux.com\\\/#\\\/schema\\\/logo\\\/image\\\/\",\"url\":\"https:\\\/\\\/crocjeux.com\\\/wp-content\\\/uploads\\\/2022\\\/01\\\/cropped-logo-croc-etape-1-e1644574034239.jpg\",\"contentUrl\":\"https:\\\/\\\/crocjeux.com\\\/wp-content\\\/uploads\\\/2022\\\/01\\\/cropped-logo-croc-etape-1-e1644574034239.jpg\",\"width\":1224,\"height\":314,\"caption\":\"Croc Jeux\"},\"image\":{\"@id\":\"https:\\\/\\\/crocjeux.com\\\/#\\\/schema\\\/logo\\\/image\\\/\"}}]}<\/script>\n<!-- \/ Yoast SEO plugin. -->","yoast_head_json":{"title":"Cartaventura Versailles - Croc Jeux","description":"Dans Cartaventura Versailles, incarnez Julie d\u2019Aubigny du temps de la splendeur de Louis XIV en 1687.","robots":{"index":"index","follow":"follow","max-snippet":"max-snippet:-1","max-image-preview":"max-image-preview:large","max-video-preview":"max-video-preview:-1"},"canonical":"https:\/\/crocjeux.com\/index.php\/produit\/cartaventura-versailles\/","og_locale":"fr_FR","og_type":"article","og_title":"Cartaventura Versailles - Croc Jeux","og_description":"Dans Cartaventura Versailles, incarnez Julie d\u2019Aubigny du temps de la splendeur de Louis XIV en 1687.","og_url":"https:\/\/crocjeux.com\/index.php\/produit\/cartaventura-versailles\/","og_site_name":"Croc Jeux","article_modified_time":"2026-03-22T15:19:14+00:00","og_image":[{"width":1024,"height":1024,"url":"https:\/\/crocjeux.com\/wp-content\/uploads\/2023\/05\/cartaventura-versailles.jpg","type":"image\/jpeg"}],"twitter_card":"summary_large_image","twitter_misc":{"Dur\u00e9e de lecture estim\u00e9e":"1 minute"},"schema":{"@context":"https:\/\/schema.org","@graph":[{"@type":"WebPage","@id":"https:\/\/crocjeux.com\/index.php\/produit\/cartaventura-versailles\/","url":"https:\/\/crocjeux.com\/index.php\/produit\/cartaventura-versailles\/","name":"Cartaventura Versailles - Croc Jeux","isPartOf":{"@id":"https:\/\/crocjeux.com\/#website"},"primaryImageOfPage":{"@id":"https:\/\/crocjeux.com\/index.php\/produit\/cartaventura-versailles\/#primaryimage"},"image":{"@id":"https:\/\/crocjeux.com\/index.php\/produit\/cartaventura-versailles\/#primaryimage"},"thumbnailUrl":"https:\/\/crocjeux.com\/wp-content\/uploads\/2023\/05\/cartaventura-versailles.jpg","datePublished":"2023-05-02T13:24:43+00:00","dateModified":"2026-03-22T15:19:14+00:00","description":"Dans Cartaventura Versailles, incarnez Julie d\u2019Aubigny du temps de la splendeur de Louis XIV en 1687.","breadcrumb":{"@id":"https:\/\/crocjeux.com\/index.php\/produit\/cartaventura-versailles\/#breadcrumb"},"inLanguage":"fr-FR","potentialAction":[{"@type":"ReadAction","target":["https:\/\/crocjeux.com\/index.php\/produit\/cartaventura-versailles\/"]}]},{"@type":"ImageObject","inLanguage":"fr-FR","@id":"https:\/\/crocjeux.com\/index.php\/produit\/cartaventura-versailles\/#primaryimage","url":"https:\/\/crocjeux.com\/wp-content\/uploads\/2023\/05\/cartaventura-versailles.jpg","contentUrl":"https:\/\/crocjeux.com\/wp-content\/uploads\/2023\/05\/cartaventura-versailles.jpg","width":1024,"height":1024},{"@type":"BreadcrumbList","@id":"https:\/\/crocjeux.com\/index.php\/produit\/cartaventura-versailles\/#breadcrumb","itemListElement":[{"@type":"ListItem","position":1,"name":"Accueil","item":"https:\/\/crocjeux.com\/"},{"@type":"ListItem","position":2,"name":"Boutique","item":"https:\/\/crocjeux.com\/"},{"@type":"ListItem","position":3,"name":"Cartaventura Versailles"}]},{"@type":"WebSite","@id":"https:\/\/crocjeux.com\/#website","url":"https:\/\/crocjeux.com\/","name":"Croc Jeux","description":"Bienvenue chez Croc Jeux!","publisher":{"@id":"https:\/\/crocjeux.com\/#organization"},"potentialAction":[{"@type":"SearchAction","target":{"@type":"EntryPoint","urlTemplate":"https:\/\/crocjeux.com\/?s={search_term_string}"},"query-input":{"@type":"PropertyValueSpecification","valueRequired":true,"valueName":"search_term_string"}}],"inLanguage":"fr-FR"},{"@type":"Organization","@id":"https:\/\/crocjeux.com\/#organization","name":"Croc Jeux","url":"https:\/\/crocjeux.com\/","logo":{"@type":"ImageObject","inLanguage":"fr-FR","@id":"https:\/\/crocjeux.com\/#\/schema\/logo\/image\/","url":"https:\/\/crocjeux.com\/wp-content\/uploads\/2022\/01\/cropped-logo-croc-etape-1-e1644574034239.jpg","contentUrl":"https:\/\/crocjeux.com\/wp-content\/uploads\/2022\/01\/cropped-logo-croc-etape-1-e1644574034239.jpg","width":1224,"height":314,"caption":"Croc Jeux"},"image":{"@id":"https:\/\/crocjeux.com\/#\/schema\/logo\/image\/"}}]}},"_links":{"self":[{"href":"https:\/\/crocjeux.com\/index.php\/wp-json\/wp\/v2\/product\/5265","targetHints":{"allow":["GET"]}}],"collection":[{"href":"https:\/\/crocjeux.com\/index.php\/wp-json\/wp\/v2\/product"}],"about":[{"href":"https:\/\/crocjeux.com\/index.php\/wp-json\/wp\/v2\/types\/product"}],"replies":[{"embeddable":true,"href":"https:\/\/crocjeux.com\/index.php\/wp-json\/wp\/v2\/comments?post=5265"}],"wp:featuredmedia":[{"embeddable":true,"href":"https:\/\/crocjeux.com\/index.php\/wp-json\/wp\/v2\/media\/5266"}],"wp:attachment":[{"href":"https:\/\/crocjeux.com\/index.php\/wp-json\/wp\/v2\/media?parent=5265"}],"wp:term":[{"taxonomy":"product_brand","embeddable":true,"href":"https:\/\/crocjeux.com\/index.php\/wp-json\/wp\/v2\/product_brand?post=5265"},{"taxonomy":"product_cat","embeddable":true,"href":"https:\/\/crocjeux.com\/index.php\/wp-json\/wp\/v2\/product_cat?post=5265"},{"taxonomy":"product_tag","embeddable":true,"href":"https:\/\/crocjeux.com\/index.php\/wp-json\/wp\/v2\/product_tag?post=5265"}],"curies":[{"name":"wp","href":"https:\/\/api.w.org\/{rel}","templated":true}]}}