{"id":527,"date":"2020-11-06T15:48:15","date_gmt":"2020-11-06T14:48:15","guid":{"rendered":"https:\/\/crocjeux.com\/?post_type=product&#038;p=527"},"modified":"2023-01-31T10:44:49","modified_gmt":"2023-01-31T09:44:49","slug":"les-aventuriers-du-rail-royaume-uni","status":"publish","type":"product","link":"https:\/\/crocjeux.com\/index.php\/produit\/les-aventuriers-du-rail-royaume-uni\/","title":{"rendered":"Les Aventuriers du Rail &#8211; Royaume-Uni"},"content":{"rendered":"<h2>Les Aventuriers du Rail Royaume-Uni, deux univers distincts<\/h2>\n<p>Cette nouvelle extension vous offre deux nouvelles cartes : le Royaume-Uni et la Pennsylvanie.<\/p>\n<ul>\n<li>La carte du Royaume-Uni : Revivez la formidable aventure du chemin de fer dans cette nation riche et prosp\u00e8re du XIXe si\u00e8cle. Parcourez l&rsquo;ensemble du territoire de la Couronne, de sa grande capitale, Londres, aux confins de son royaume, dans les terres recul\u00e9es d&rsquo;\u00c9cosse et d&rsquo;Irlande. Ma\u00eetrisez la vapeur et d\u00e9veloppez vos technologies plus rapidement que vos adversaires.<\/li>\n<li>La carte de Pennsylvanie : Gr\u00e2ce \u00e0 cette nouvelle carte, plongez dans cet \u00e9tat des \u00c9tats-Unis qui a eu un r\u00f4le pr\u00e9pond\u00e9rant dans l&rsquo;essor industriel du nouveau monde. Revivez l&rsquo;histoire ferroviaire de la Pennsylvanie, marqu\u00e9e par les grandes compagnies. De Philadelphie \u00e0 Pittsburgh, le r\u00e9seau ferr\u00e9 de cet \u00c9tat n&rsquo;aura plus de secret pour vous. \u00c9tendez vos lignes de chemins de fer tout en gardant un \u0153il sur la strat\u00e9gie de vos concurrents.<\/li>\n<\/ul>\n<h2>Les Aventuriers du Rail Royaume-Uni, plus qu&rsquo;une extension<\/h2>\n<p>Cette extension apporte bien plus que deux cartes suppl\u00e9mentaires \u00e0 la s\u00e9rie. Chacun de ses plateaux, le Royaume-Uni et la Pennsylvanie, ajoute des r\u00e8gles suppl\u00e9mentaires qui modifient la mani\u00e8re d&rsquo;aborder le jeu.<\/p>\n<ul>\n<li>Les Aventuriers du Rail Royaume-Uni change consid\u00e9rablement le jeu. La carte fait entrer dans le jeu une nouvelle notion, les technologies. Chaque joueur, devra au cours de la partie, en d\u00e9velopper pour prendre l&rsquo;ascendance sur ses concurrents. La partie d\u00e9bute avec un acc\u00e8s aux technologies limit\u00e9, ce qui pousse les joueurs \u00e0 faire des choix strat\u00e9giques tr\u00e8s t\u00f4t. Au fil de la partie, le jeu s&rsquo;\u00e9toffe, d\u00e9voilant de nouvelles voies vers la victoire. Les choix strat\u00e9giques sont multiples rendant le jeu vivant et dynamique. Les joueurs peuvent d\u00e9cider de se concentrer sur les points de bonus de certaines technologies, ou au contraire se focaliser sur leur r\u00e9seau en visant les longues routes.<\/li>\n<li>Les Aventuriers du Rail Pennsylvanie n&rsquo;est pas d\u00e9nu\u00e9e de strat\u00e9gie. Bien au contraire ! Pour sortir victorieux de la partie, les joueurs devront bien choisir les routes \u00e0 construire, et surtout quand les construire.<\/li>\n<\/ul>\n<p>Cette extension du jeu Les Aventuriers du Rail ne peut \u00eatre utilis\u00e9e sans la bo\u00eete originale ou la version Europe.<\/p>\n","protected":false},"excerpt":{"rendered":"<p>Les Aventuriers du Rail Royaume-Uni, deux univers distincts Cette nouvelle extension vous offre deux nouvelles cartes : le Royaume-Uni et<\/p>\n","protected":false},"featured_media":549,"comment_status":"open","ping_status":"closed","template":"","meta":{"colormag_page_container_layout":"default_layout","colormag_page_sidebar_layout":"default_layout"},"product_brand":[],"product_cat":[69,91,92],"product_tag":[],"class_list":{"0":"post-527","1":"product","2":"type-product","3":"status-publish","4":"has-post-thumbnail","6":"product_cat-aventuriers-du-rail-jouez-a-deux","7":"product_cat-aventuriers-du-rail-jeux-strategie","8":"product_cat-aventuriers-du-rail-jeux-familliaux","10":"first","11":"instock","12":"taxable","13":"shipping-taxable","14":"purchasable","15":"product-type-simple"},"yoast_head":"<!-- This site is optimized with the Yoast SEO plugin v27.4 - https:\/\/yoast.com\/product\/yoast-seo-wordpress\/ -->\n<title>Les Aventuriers du Rail - Royaume-Uni - Croc Jeux<\/title>\n<meta name=\"robots\" content=\"index, follow, max-snippet:-1, max-image-preview:large, max-video-preview:-1\" \/>\n<link rel=\"canonical\" href=\"https:\/\/crocjeux.com\/index.php\/produit\/les-aventuriers-du-rail-royaume-uni\/\" \/>\n<meta property=\"og:locale\" content=\"fr_FR\" \/>\n<meta property=\"og:type\" content=\"article\" \/>\n<meta property=\"og:title\" content=\"Les Aventuriers du Rail - Royaume-Uni - Croc Jeux\" \/>\n<meta property=\"og:description\" content=\"Les Aventuriers du Rail Royaume-Uni, deux univers distincts Cette nouvelle extension vous offre deux nouvelles cartes : le Royaume-Uni et\" \/>\n<meta property=\"og:url\" content=\"https:\/\/crocjeux.com\/index.php\/produit\/les-aventuriers-du-rail-royaume-uni\/\" \/>\n<meta property=\"og:site_name\" content=\"Croc Jeux\" \/>\n<meta property=\"article:modified_time\" content=\"2023-01-31T09:44:49+00:00\" \/>\n<meta property=\"og:image\" content=\"https:\/\/crocjeux.com\/wp-content\/uploads\/2020\/11\/les-aventuriers-du-rail-royaume-uni.jpg\" \/>\n\t<meta property=\"og:image:width\" content=\"495\" \/>\n\t<meta property=\"og:image:height\" content=\"500\" \/>\n\t<meta property=\"og:image:type\" content=\"image\/jpeg\" \/>\n<meta name=\"twitter:card\" content=\"summary_large_image\" \/>\n<meta name=\"twitter:label1\" content=\"Dur\u00e9e de lecture estim\u00e9e\" \/>\n\t<meta name=\"twitter:data1\" content=\"2 minutes\" \/>\n<script type=\"application\/ld+json\" class=\"yoast-schema-graph\">{\"@context\":\"https:\\\/\\\/schema.org\",\"@graph\":[{\"@type\":\"WebPage\",\"@id\":\"https:\\\/\\\/crocjeux.com\\\/index.php\\\/produit\\\/les-aventuriers-du-rail-royaume-uni\\\/\",\"url\":\"https:\\\/\\\/crocjeux.com\\\/index.php\\\/produit\\\/les-aventuriers-du-rail-royaume-uni\\\/\",\"name\":\"Les Aventuriers du Rail - Royaume-Uni - Croc Jeux\",\"isPartOf\":{\"@id\":\"https:\\\/\\\/crocjeux.com\\\/#website\"},\"primaryImageOfPage\":{\"@id\":\"https:\\\/\\\/crocjeux.com\\\/index.php\\\/produit\\\/les-aventuriers-du-rail-royaume-uni\\\/#primaryimage\"},\"image\":{\"@id\":\"https:\\\/\\\/crocjeux.com\\\/index.php\\\/produit\\\/les-aventuriers-du-rail-royaume-uni\\\/#primaryimage\"},\"thumbnailUrl\":\"https:\\\/\\\/crocjeux.com\\\/wp-content\\\/uploads\\\/2020\\\/11\\\/les-aventuriers-du-rail-royaume-uni.jpg\",\"datePublished\":\"2020-11-06T14:48:15+00:00\",\"dateModified\":\"2023-01-31T09:44:49+00:00\",\"breadcrumb\":{\"@id\":\"https:\\\/\\\/crocjeux.com\\\/index.php\\\/produit\\\/les-aventuriers-du-rail-royaume-uni\\\/#breadcrumb\"},\"inLanguage\":\"fr-FR\",\"potentialAction\":[{\"@type\":\"ReadAction\",\"target\":[\"https:\\\/\\\/crocjeux.com\\\/index.php\\\/produit\\\/les-aventuriers-du-rail-royaume-uni\\\/\"]}]},{\"@type\":\"ImageObject\",\"inLanguage\":\"fr-FR\",\"@id\":\"https:\\\/\\\/crocjeux.com\\\/index.php\\\/produit\\\/les-aventuriers-du-rail-royaume-uni\\\/#primaryimage\",\"url\":\"https:\\\/\\\/crocjeux.com\\\/wp-content\\\/uploads\\\/2020\\\/11\\\/les-aventuriers-du-rail-royaume-uni.jpg\",\"contentUrl\":\"https:\\\/\\\/crocjeux.com\\\/wp-content\\\/uploads\\\/2020\\\/11\\\/les-aventuriers-du-rail-royaume-uni.jpg\",\"width\":495,\"height\":500},{\"@type\":\"BreadcrumbList\",\"@id\":\"https:\\\/\\\/crocjeux.com\\\/index.php\\\/produit\\\/les-aventuriers-du-rail-royaume-uni\\\/#breadcrumb\",\"itemListElement\":[{\"@type\":\"ListItem\",\"position\":1,\"name\":\"Accueil\",\"item\":\"https:\\\/\\\/crocjeux.com\\\/\"},{\"@type\":\"ListItem\",\"position\":2,\"name\":\"Boutique\",\"item\":\"https:\\\/\\\/crocjeux.com\\\/\"},{\"@type\":\"ListItem\",\"position\":3,\"name\":\"Les Aventuriers du Rail &#8211; Royaume-Uni\"}]},{\"@type\":\"WebSite\",\"@id\":\"https:\\\/\\\/crocjeux.com\\\/#website\",\"url\":\"https:\\\/\\\/crocjeux.com\\\/\",\"name\":\"Croc Jeux\",\"description\":\"Bienvenue chez Croc Jeux!\",\"publisher\":{\"@id\":\"https:\\\/\\\/crocjeux.com\\\/#organization\"},\"potentialAction\":[{\"@type\":\"SearchAction\",\"target\":{\"@type\":\"EntryPoint\",\"urlTemplate\":\"https:\\\/\\\/crocjeux.com\\\/?s={search_term_string}\"},\"query-input\":{\"@type\":\"PropertyValueSpecification\",\"valueRequired\":true,\"valueName\":\"search_term_string\"}}],\"inLanguage\":\"fr-FR\"},{\"@type\":\"Organization\",\"@id\":\"https:\\\/\\\/crocjeux.com\\\/#organization\",\"name\":\"Croc Jeux\",\"url\":\"https:\\\/\\\/crocjeux.com\\\/\",\"logo\":{\"@type\":\"ImageObject\",\"inLanguage\":\"fr-FR\",\"@id\":\"https:\\\/\\\/crocjeux.com\\\/#\\\/schema\\\/logo\\\/image\\\/\",\"url\":\"https:\\\/\\\/crocjeux.com\\\/wp-content\\\/uploads\\\/2022\\\/01\\\/cropped-logo-croc-etape-1-e1644574034239.jpg\",\"contentUrl\":\"https:\\\/\\\/crocjeux.com\\\/wp-content\\\/uploads\\\/2022\\\/01\\\/cropped-logo-croc-etape-1-e1644574034239.jpg\",\"width\":1224,\"height\":314,\"caption\":\"Croc Jeux\"},\"image\":{\"@id\":\"https:\\\/\\\/crocjeux.com\\\/#\\\/schema\\\/logo\\\/image\\\/\"}}]}<\/script>\n<!-- \/ Yoast SEO plugin. -->","yoast_head_json":{"title":"Les Aventuriers du Rail - Royaume-Uni - Croc Jeux","robots":{"index":"index","follow":"follow","max-snippet":"max-snippet:-1","max-image-preview":"max-image-preview:large","max-video-preview":"max-video-preview:-1"},"canonical":"https:\/\/crocjeux.com\/index.php\/produit\/les-aventuriers-du-rail-royaume-uni\/","og_locale":"fr_FR","og_type":"article","og_title":"Les Aventuriers du Rail - Royaume-Uni - Croc Jeux","og_description":"Les Aventuriers du Rail Royaume-Uni, deux univers distincts Cette nouvelle extension vous offre deux nouvelles cartes : le Royaume-Uni et","og_url":"https:\/\/crocjeux.com\/index.php\/produit\/les-aventuriers-du-rail-royaume-uni\/","og_site_name":"Croc Jeux","article_modified_time":"2023-01-31T09:44:49+00:00","og_image":[{"width":495,"height":500,"url":"https:\/\/crocjeux.com\/wp-content\/uploads\/2020\/11\/les-aventuriers-du-rail-royaume-uni.jpg","type":"image\/jpeg"}],"twitter_card":"summary_large_image","twitter_misc":{"Dur\u00e9e de lecture estim\u00e9e":"2 minutes"},"schema":{"@context":"https:\/\/schema.org","@graph":[{"@type":"WebPage","@id":"https:\/\/crocjeux.com\/index.php\/produit\/les-aventuriers-du-rail-royaume-uni\/","url":"https:\/\/crocjeux.com\/index.php\/produit\/les-aventuriers-du-rail-royaume-uni\/","name":"Les Aventuriers du Rail - Royaume-Uni - Croc Jeux","isPartOf":{"@id":"https:\/\/crocjeux.com\/#website"},"primaryImageOfPage":{"@id":"https:\/\/crocjeux.com\/index.php\/produit\/les-aventuriers-du-rail-royaume-uni\/#primaryimage"},"image":{"@id":"https:\/\/crocjeux.com\/index.php\/produit\/les-aventuriers-du-rail-royaume-uni\/#primaryimage"},"thumbnailUrl":"https:\/\/crocjeux.com\/wp-content\/uploads\/2020\/11\/les-aventuriers-du-rail-royaume-uni.jpg","datePublished":"2020-11-06T14:48:15+00:00","dateModified":"2023-01-31T09:44:49+00:00","breadcrumb":{"@id":"https:\/\/crocjeux.com\/index.php\/produit\/les-aventuriers-du-rail-royaume-uni\/#breadcrumb"},"inLanguage":"fr-FR","potentialAction":[{"@type":"ReadAction","target":["https:\/\/crocjeux.com\/index.php\/produit\/les-aventuriers-du-rail-royaume-uni\/"]}]},{"@type":"ImageObject","inLanguage":"fr-FR","@id":"https:\/\/crocjeux.com\/index.php\/produit\/les-aventuriers-du-rail-royaume-uni\/#primaryimage","url":"https:\/\/crocjeux.com\/wp-content\/uploads\/2020\/11\/les-aventuriers-du-rail-royaume-uni.jpg","contentUrl":"https:\/\/crocjeux.com\/wp-content\/uploads\/2020\/11\/les-aventuriers-du-rail-royaume-uni.jpg","width":495,"height":500},{"@type":"BreadcrumbList","@id":"https:\/\/crocjeux.com\/index.php\/produit\/les-aventuriers-du-rail-royaume-uni\/#breadcrumb","itemListElement":[{"@type":"ListItem","position":1,"name":"Accueil","item":"https:\/\/crocjeux.com\/"},{"@type":"ListItem","position":2,"name":"Boutique","item":"https:\/\/crocjeux.com\/"},{"@type":"ListItem","position":3,"name":"Les Aventuriers du Rail &#8211; Royaume-Uni"}]},{"@type":"WebSite","@id":"https:\/\/crocjeux.com\/#website","url":"https:\/\/crocjeux.com\/","name":"Croc Jeux","description":"Bienvenue chez Croc Jeux!","publisher":{"@id":"https:\/\/crocjeux.com\/#organization"},"potentialAction":[{"@type":"SearchAction","target":{"@type":"EntryPoint","urlTemplate":"https:\/\/crocjeux.com\/?s={search_term_string}"},"query-input":{"@type":"PropertyValueSpecification","valueRequired":true,"valueName":"search_term_string"}}],"inLanguage":"fr-FR"},{"@type":"Organization","@id":"https:\/\/crocjeux.com\/#organization","name":"Croc Jeux","url":"https:\/\/crocjeux.com\/","logo":{"@type":"ImageObject","inLanguage":"fr-FR","@id":"https:\/\/crocjeux.com\/#\/schema\/logo\/image\/","url":"https:\/\/crocjeux.com\/wp-content\/uploads\/2022\/01\/cropped-logo-croc-etape-1-e1644574034239.jpg","contentUrl":"https:\/\/crocjeux.com\/wp-content\/uploads\/2022\/01\/cropped-logo-croc-etape-1-e1644574034239.jpg","width":1224,"height":314,"caption":"Croc Jeux"},"image":{"@id":"https:\/\/crocjeux.com\/#\/schema\/logo\/image\/"}}]}},"_links":{"self":[{"href":"https:\/\/crocjeux.com\/index.php\/wp-json\/wp\/v2\/product\/527","targetHints":{"allow":["GET"]}}],"collection":[{"href":"https:\/\/crocjeux.com\/index.php\/wp-json\/wp\/v2\/product"}],"about":[{"href":"https:\/\/crocjeux.com\/index.php\/wp-json\/wp\/v2\/types\/product"}],"replies":[{"embeddable":true,"href":"https:\/\/crocjeux.com\/index.php\/wp-json\/wp\/v2\/comments?post=527"}],"wp:featuredmedia":[{"embeddable":true,"href":"https:\/\/crocjeux.com\/index.php\/wp-json\/wp\/v2\/media\/549"}],"wp:attachment":[{"href":"https:\/\/crocjeux.com\/index.php\/wp-json\/wp\/v2\/media?parent=527"}],"wp:term":[{"taxonomy":"product_brand","embeddable":true,"href":"https:\/\/crocjeux.com\/index.php\/wp-json\/wp\/v2\/product_brand?post=527"},{"taxonomy":"product_cat","embeddable":true,"href":"https:\/\/crocjeux.com\/index.php\/wp-json\/wp\/v2\/product_cat?post=527"},{"taxonomy":"product_tag","embeddable":true,"href":"https:\/\/crocjeux.com\/index.php\/wp-json\/wp\/v2\/product_tag?post=527"}],"curies":[{"name":"wp","href":"https:\/\/api.w.org\/{rel}","templated":true}]}}