{"id":5275,"date":"2023-05-02T16:33:17","date_gmt":"2023-05-02T15:33:17","guid":{"rendered":"https:\/\/crocjeux.com\/?post_type=product&#038;p=5275"},"modified":"2025-11-22T10:27:22","modified_gmt":"2025-11-22T09:27:22","slug":"culinario-mortale-3-un-corps-a-la-mer","status":"publish","type":"product","link":"https:\/\/crocjeux.com\/index.php\/produit\/culinario-mortale-3-un-corps-a-la-mer\/","title":{"rendered":"Culinario Mortale 3 : Un corps \u00e0 la mer"},"content":{"rendered":"<p><b>Culinario Mortale : Un Corps \u00e0 la mer<\/b><\/p>\n<p>Culinario Mortale est une gamme de diner enqu\u00eate. Le temps d&rsquo;un repas, les joueurs incarneront chacun un personnage. Un drame vient d&rsquo;avoir lieu, les joueurs devront mener l&rsquo;enqu\u00eate pour trouver le coupable qui se trouve parmi eux. Le rythme est soutenue et l&rsquo;intrigue est palpitante, pour une soir\u00e9e pleine de rebondissements !<\/p>\n<p>Culiniario Mortale est un jeu d&rsquo;enqu\u00eate qui se d\u00e9roule autour d&rsquo;une table. Les joueurs incarnent des personnages qui sont les t\u00e9moins et suspects d&rsquo;un crime. Parmis eux se trouve le coupable. Les joueurs doivent d\u00e9masquer le coupable et le coupable doit passer inaper\u00e7u. On remet \u00e0 tous les joueurs un livret qui indique qui ils sont et ce qu&rsquo;ils ont fait avant le crime. Toutes les personnes vont se rem\u00e9morer ce qu&rsquo;il s&rsquo;est pass\u00e9 avant le drame. Le jeu se d\u00e9roule en trois tours qui correspondent \u00e0 trois p\u00e9riodes avant le meurtre. Les joueurs vont \u00e9changer ensemble sur ce qu&rsquo;ils ont vu et fait. Pour cela ils se ref\u00e9rent au livret qui donne la chronologie des faits. Attention, personne ne peut mentir, sauf le meurtrier. A l&rsquo;issue des trois tours, un vote a lieu pour d\u00e9signer le coupable.<\/p>\n","protected":false},"excerpt":{"rendered":"<p><b>Culinario Mortale : Un Corps \u00e0 la mer<\/b> est un jeu d\u2019enqu\u00eate fa\u00e7on Murder Party dans lequel les joueurs incarnent des personnages, t\u00e9moins et suspects d\u2019un crime.<\/p>\n","protected":false},"featured_media":5276,"comment_status":"open","ping_status":"closed","template":"","meta":{"colormag_page_container_layout":"default_layout","colormag_page_sidebar_layout":"default_layout"},"product_brand":[],"product_cat":[45],"product_tag":[],"class_list":{"0":"post-5275","1":"product","2":"type-product","3":"status-publish","4":"has-post-thumbnail","6":"product_cat-escape-room-escape-enquete","8":"first","9":"outofstock","10":"taxable","11":"shipping-taxable","12":"purchasable","13":"product-type-simple"},"yoast_head":"<!-- This site is optimized with the Yoast SEO plugin v27.3 - https:\/\/yoast.com\/product\/yoast-seo-wordpress\/ -->\n<title>Culinario Mortale 3 : Un corps \u00e0 la mer - Croc Jeux<\/title>\n<meta name=\"description\" content=\"Culinario Mortale : Un Corps \u00e0 la mer est un jeu d\u2019enqu\u00eate fa\u00e7on Murder Party dans lequel les joueurs incarnent des personnages, t\u00e9moins et suspects d\u2019un crime.\" \/>\n<meta name=\"robots\" content=\"index, follow, max-snippet:-1, max-image-preview:large, max-video-preview:-1\" \/>\n<link rel=\"canonical\" href=\"https:\/\/crocjeux.com\/index.php\/produit\/culinario-mortale-3-un-corps-a-la-mer\/\" \/>\n<meta property=\"og:locale\" content=\"fr_FR\" \/>\n<meta property=\"og:type\" content=\"article\" \/>\n<meta property=\"og:title\" content=\"Culinario Mortale 3 : Un corps \u00e0 la mer - Croc Jeux\" \/>\n<meta property=\"og:description\" content=\"Culinario Mortale : Un Corps \u00e0 la mer est un jeu d\u2019enqu\u00eate fa\u00e7on Murder Party dans lequel les joueurs incarnent des personnages, t\u00e9moins et suspects d\u2019un crime.\" \/>\n<meta property=\"og:url\" content=\"https:\/\/crocjeux.com\/index.php\/produit\/culinario-mortale-3-un-corps-a-la-mer\/\" \/>\n<meta property=\"og:site_name\" content=\"Croc Jeux\" \/>\n<meta property=\"article:modified_time\" content=\"2025-11-22T09:27:22+00:00\" \/>\n<meta property=\"og:image\" content=\"https:\/\/crocjeux.com\/wp-content\/uploads\/2023\/05\/culinario-mortale-un-corps-a-la-mer.jpg\" \/>\n\t<meta property=\"og:image:width\" content=\"1024\" \/>\n\t<meta property=\"og:image:height\" content=\"1024\" \/>\n\t<meta property=\"og:image:type\" content=\"image\/jpeg\" \/>\n<meta name=\"twitter:card\" content=\"summary_large_image\" \/>\n<meta name=\"twitter:label1\" content=\"Dur\u00e9e de lecture estim\u00e9e\" \/>\n\t<meta name=\"twitter:data1\" content=\"2 minutes\" \/>\n<script type=\"application\/ld+json\" class=\"yoast-schema-graph\">{\"@context\":\"https:\\\/\\\/schema.org\",\"@graph\":[{\"@type\":\"WebPage\",\"@id\":\"https:\\\/\\\/crocjeux.com\\\/index.php\\\/produit\\\/culinario-mortale-3-un-corps-a-la-mer\\\/\",\"url\":\"https:\\\/\\\/crocjeux.com\\\/index.php\\\/produit\\\/culinario-mortale-3-un-corps-a-la-mer\\\/\",\"name\":\"Culinario Mortale 3 : Un corps \u00e0 la mer - Croc Jeux\",\"isPartOf\":{\"@id\":\"https:\\\/\\\/crocjeux.com\\\/#website\"},\"primaryImageOfPage\":{\"@id\":\"https:\\\/\\\/crocjeux.com\\\/index.php\\\/produit\\\/culinario-mortale-3-un-corps-a-la-mer\\\/#primaryimage\"},\"image\":{\"@id\":\"https:\\\/\\\/crocjeux.com\\\/index.php\\\/produit\\\/culinario-mortale-3-un-corps-a-la-mer\\\/#primaryimage\"},\"thumbnailUrl\":\"https:\\\/\\\/crocjeux.com\\\/wp-content\\\/uploads\\\/2023\\\/05\\\/culinario-mortale-un-corps-a-la-mer.jpg\",\"datePublished\":\"2023-05-02T15:33:17+00:00\",\"dateModified\":\"2025-11-22T09:27:22+00:00\",\"description\":\"Culinario Mortale : Un Corps \u00e0 la mer est un jeu d\u2019enqu\u00eate fa\u00e7on Murder Party dans lequel les joueurs incarnent des personnages, t\u00e9moins et suspects d\u2019un crime.\",\"breadcrumb\":{\"@id\":\"https:\\\/\\\/crocjeux.com\\\/index.php\\\/produit\\\/culinario-mortale-3-un-corps-a-la-mer\\\/#breadcrumb\"},\"inLanguage\":\"fr-FR\",\"potentialAction\":[{\"@type\":\"ReadAction\",\"target\":[\"https:\\\/\\\/crocjeux.com\\\/index.php\\\/produit\\\/culinario-mortale-3-un-corps-a-la-mer\\\/\"]}]},{\"@type\":\"ImageObject\",\"inLanguage\":\"fr-FR\",\"@id\":\"https:\\\/\\\/crocjeux.com\\\/index.php\\\/produit\\\/culinario-mortale-3-un-corps-a-la-mer\\\/#primaryimage\",\"url\":\"https:\\\/\\\/crocjeux.com\\\/wp-content\\\/uploads\\\/2023\\\/05\\\/culinario-mortale-un-corps-a-la-mer.jpg\",\"contentUrl\":\"https:\\\/\\\/crocjeux.com\\\/wp-content\\\/uploads\\\/2023\\\/05\\\/culinario-mortale-un-corps-a-la-mer.jpg\",\"width\":1024,\"height\":1024},{\"@type\":\"BreadcrumbList\",\"@id\":\"https:\\\/\\\/crocjeux.com\\\/index.php\\\/produit\\\/culinario-mortale-3-un-corps-a-la-mer\\\/#breadcrumb\",\"itemListElement\":[{\"@type\":\"ListItem\",\"position\":1,\"name\":\"Accueil\",\"item\":\"https:\\\/\\\/crocjeux.com\\\/\"},{\"@type\":\"ListItem\",\"position\":2,\"name\":\"Boutique\",\"item\":\"https:\\\/\\\/crocjeux.com\\\/\"},{\"@type\":\"ListItem\",\"position\":3,\"name\":\"Culinario Mortale 3 : Un corps \u00e0 la mer\"}]},{\"@type\":\"WebSite\",\"@id\":\"https:\\\/\\\/crocjeux.com\\\/#website\",\"url\":\"https:\\\/\\\/crocjeux.com\\\/\",\"name\":\"Croc Jeux\",\"description\":\"Bienvenue chez Croc Jeux!\",\"publisher\":{\"@id\":\"https:\\\/\\\/crocjeux.com\\\/#organization\"},\"potentialAction\":[{\"@type\":\"SearchAction\",\"target\":{\"@type\":\"EntryPoint\",\"urlTemplate\":\"https:\\\/\\\/crocjeux.com\\\/?s={search_term_string}\"},\"query-input\":{\"@type\":\"PropertyValueSpecification\",\"valueRequired\":true,\"valueName\":\"search_term_string\"}}],\"inLanguage\":\"fr-FR\"},{\"@type\":\"Organization\",\"@id\":\"https:\\\/\\\/crocjeux.com\\\/#organization\",\"name\":\"Croc Jeux\",\"url\":\"https:\\\/\\\/crocjeux.com\\\/\",\"logo\":{\"@type\":\"ImageObject\",\"inLanguage\":\"fr-FR\",\"@id\":\"https:\\\/\\\/crocjeux.com\\\/#\\\/schema\\\/logo\\\/image\\\/\",\"url\":\"https:\\\/\\\/crocjeux.com\\\/wp-content\\\/uploads\\\/2022\\\/01\\\/cropped-logo-croc-etape-1-e1644574034239.jpg\",\"contentUrl\":\"https:\\\/\\\/crocjeux.com\\\/wp-content\\\/uploads\\\/2022\\\/01\\\/cropped-logo-croc-etape-1-e1644574034239.jpg\",\"width\":1224,\"height\":314,\"caption\":\"Croc Jeux\"},\"image\":{\"@id\":\"https:\\\/\\\/crocjeux.com\\\/#\\\/schema\\\/logo\\\/image\\\/\"}}]}<\/script>\n<!-- \/ Yoast SEO plugin. -->","yoast_head_json":{"title":"Culinario Mortale 3 : Un corps \u00e0 la mer - Croc Jeux","description":"Culinario Mortale : Un Corps \u00e0 la mer est un jeu d\u2019enqu\u00eate fa\u00e7on Murder Party dans lequel les joueurs incarnent des personnages, t\u00e9moins et suspects d\u2019un crime.","robots":{"index":"index","follow":"follow","max-snippet":"max-snippet:-1","max-image-preview":"max-image-preview:large","max-video-preview":"max-video-preview:-1"},"canonical":"https:\/\/crocjeux.com\/index.php\/produit\/culinario-mortale-3-un-corps-a-la-mer\/","og_locale":"fr_FR","og_type":"article","og_title":"Culinario Mortale 3 : Un corps \u00e0 la mer - Croc Jeux","og_description":"Culinario Mortale : Un Corps \u00e0 la mer est un jeu d\u2019enqu\u00eate fa\u00e7on Murder Party dans lequel les joueurs incarnent des personnages, t\u00e9moins et suspects d\u2019un crime.","og_url":"https:\/\/crocjeux.com\/index.php\/produit\/culinario-mortale-3-un-corps-a-la-mer\/","og_site_name":"Croc Jeux","article_modified_time":"2025-11-22T09:27:22+00:00","og_image":[{"width":1024,"height":1024,"url":"https:\/\/crocjeux.com\/wp-content\/uploads\/2023\/05\/culinario-mortale-un-corps-a-la-mer.jpg","type":"image\/jpeg"}],"twitter_card":"summary_large_image","twitter_misc":{"Dur\u00e9e de lecture estim\u00e9e":"2 minutes"},"schema":{"@context":"https:\/\/schema.org","@graph":[{"@type":"WebPage","@id":"https:\/\/crocjeux.com\/index.php\/produit\/culinario-mortale-3-un-corps-a-la-mer\/","url":"https:\/\/crocjeux.com\/index.php\/produit\/culinario-mortale-3-un-corps-a-la-mer\/","name":"Culinario Mortale 3 : Un corps \u00e0 la mer - Croc Jeux","isPartOf":{"@id":"https:\/\/crocjeux.com\/#website"},"primaryImageOfPage":{"@id":"https:\/\/crocjeux.com\/index.php\/produit\/culinario-mortale-3-un-corps-a-la-mer\/#primaryimage"},"image":{"@id":"https:\/\/crocjeux.com\/index.php\/produit\/culinario-mortale-3-un-corps-a-la-mer\/#primaryimage"},"thumbnailUrl":"https:\/\/crocjeux.com\/wp-content\/uploads\/2023\/05\/culinario-mortale-un-corps-a-la-mer.jpg","datePublished":"2023-05-02T15:33:17+00:00","dateModified":"2025-11-22T09:27:22+00:00","description":"Culinario Mortale : Un Corps \u00e0 la mer est un jeu d\u2019enqu\u00eate fa\u00e7on Murder Party dans lequel les joueurs incarnent des personnages, t\u00e9moins et suspects d\u2019un crime.","breadcrumb":{"@id":"https:\/\/crocjeux.com\/index.php\/produit\/culinario-mortale-3-un-corps-a-la-mer\/#breadcrumb"},"inLanguage":"fr-FR","potentialAction":[{"@type":"ReadAction","target":["https:\/\/crocjeux.com\/index.php\/produit\/culinario-mortale-3-un-corps-a-la-mer\/"]}]},{"@type":"ImageObject","inLanguage":"fr-FR","@id":"https:\/\/crocjeux.com\/index.php\/produit\/culinario-mortale-3-un-corps-a-la-mer\/#primaryimage","url":"https:\/\/crocjeux.com\/wp-content\/uploads\/2023\/05\/culinario-mortale-un-corps-a-la-mer.jpg","contentUrl":"https:\/\/crocjeux.com\/wp-content\/uploads\/2023\/05\/culinario-mortale-un-corps-a-la-mer.jpg","width":1024,"height":1024},{"@type":"BreadcrumbList","@id":"https:\/\/crocjeux.com\/index.php\/produit\/culinario-mortale-3-un-corps-a-la-mer\/#breadcrumb","itemListElement":[{"@type":"ListItem","position":1,"name":"Accueil","item":"https:\/\/crocjeux.com\/"},{"@type":"ListItem","position":2,"name":"Boutique","item":"https:\/\/crocjeux.com\/"},{"@type":"ListItem","position":3,"name":"Culinario Mortale 3 : Un corps \u00e0 la mer"}]},{"@type":"WebSite","@id":"https:\/\/crocjeux.com\/#website","url":"https:\/\/crocjeux.com\/","name":"Croc Jeux","description":"Bienvenue chez Croc Jeux!","publisher":{"@id":"https:\/\/crocjeux.com\/#organization"},"potentialAction":[{"@type":"SearchAction","target":{"@type":"EntryPoint","urlTemplate":"https:\/\/crocjeux.com\/?s={search_term_string}"},"query-input":{"@type":"PropertyValueSpecification","valueRequired":true,"valueName":"search_term_string"}}],"inLanguage":"fr-FR"},{"@type":"Organization","@id":"https:\/\/crocjeux.com\/#organization","name":"Croc Jeux","url":"https:\/\/crocjeux.com\/","logo":{"@type":"ImageObject","inLanguage":"fr-FR","@id":"https:\/\/crocjeux.com\/#\/schema\/logo\/image\/","url":"https:\/\/crocjeux.com\/wp-content\/uploads\/2022\/01\/cropped-logo-croc-etape-1-e1644574034239.jpg","contentUrl":"https:\/\/crocjeux.com\/wp-content\/uploads\/2022\/01\/cropped-logo-croc-etape-1-e1644574034239.jpg","width":1224,"height":314,"caption":"Croc Jeux"},"image":{"@id":"https:\/\/crocjeux.com\/#\/schema\/logo\/image\/"}}]}},"_links":{"self":[{"href":"https:\/\/crocjeux.com\/index.php\/wp-json\/wp\/v2\/product\/5275","targetHints":{"allow":["GET"]}}],"collection":[{"href":"https:\/\/crocjeux.com\/index.php\/wp-json\/wp\/v2\/product"}],"about":[{"href":"https:\/\/crocjeux.com\/index.php\/wp-json\/wp\/v2\/types\/product"}],"replies":[{"embeddable":true,"href":"https:\/\/crocjeux.com\/index.php\/wp-json\/wp\/v2\/comments?post=5275"}],"wp:featuredmedia":[{"embeddable":true,"href":"https:\/\/crocjeux.com\/index.php\/wp-json\/wp\/v2\/media\/5276"}],"wp:attachment":[{"href":"https:\/\/crocjeux.com\/index.php\/wp-json\/wp\/v2\/media?parent=5275"}],"wp:term":[{"taxonomy":"product_brand","embeddable":true,"href":"https:\/\/crocjeux.com\/index.php\/wp-json\/wp\/v2\/product_brand?post=5275"},{"taxonomy":"product_cat","embeddable":true,"href":"https:\/\/crocjeux.com\/index.php\/wp-json\/wp\/v2\/product_cat?post=5275"},{"taxonomy":"product_tag","embeddable":true,"href":"https:\/\/crocjeux.com\/index.php\/wp-json\/wp\/v2\/product_tag?post=5275"}],"curies":[{"name":"wp","href":"https:\/\/api.w.org\/{rel}","templated":true}]}}